{"id":48596,"date":"2025-09-30T22:01:52","date_gmt":"2025-09-30T22:01:52","guid":{"rendered":"https:\/\/lovme.pt\/?post_type=product&#038;p=48596"},"modified":"2026-02-19T20:23:18","modified_gmt":"2026-02-19T20:23:18","slug":"satisfyer-vibrador-dew-gota-lay-on-branco","status":"publish","type":"product","link":"https:\/\/lovme.pt\/index.php\/produto\/satisfyer-vibrador-dew-gota-lay-on-branco\/","title":{"rendered":"SATISFYER &#8211; DEW DROP VIBRADOR LAY-ON BLANCO"},"content":{"rendered":"<p>Pronto para uma aventura sensual em formato mini? The Dew Drop: elegante, compacto e poderoso, com sua dupla camada de silicone espesso, mas supermacio. Experimente momentos intensos de prazer em um design \u00fanico, perfeito para iniciantes.<\/p>\n<ul>\n<li>Padr\u00f5es de vibra\u00e7\u00e3o poderosos proporcionam estimula\u00e7\u00e3o clitoriana intensa.<\/li>\n<li>Feito de silicone de grau m\u00e9dico supermacio e adequado para a pele, macio ao toque e extremamente higi\u00eanico.<\/li>\n<li>Gra\u00e7as ao seu exterior \u00e0 prova de \u00e1gua (IPX7), este dispositivo de bem-estar sexual pode ser utilizado com seguran\u00e7a na \u00e1gua e \u00e9 f\u00e1cil de limpar.<\/li>\n<\/ul>\n<p><strong>Satisfyer Dew Drop: a pausa perfeita!<\/strong><\/p>\n<p>Mergulhe num mar de \u00eaxtase sensual com Dew Drop. A sua dupla camada de silicone supermacio abra\u00e7a suavemente a sua pele, proporcionando-lhe uma sensa\u00e7\u00e3o de suavidade e prazer \u00fanico mas intenso. Este vibrador de suporte n\u00e3o s\u00f3 mima voc\u00ea com toques suaves, mas tamb\u00e9m oferece uma estimula\u00e7\u00e3o poderosa gra\u00e7as aos seus 2 motores potentes e 12 programas de vibra\u00e7\u00e3o diferentes. Suas tr\u00eas \u00e1reas distintas (ponta fina e c\u00f4nica, pesco\u00e7o curvo e base larga) fornecem estimula\u00e7\u00e3o vers\u00e1til adaptada \u00e0s suas prefer\u00eancias. O Dew Drop \u00e9 a escolha ideal para quem deseja momentos sensuais enquanto explora novos patamares de satisfa\u00e7\u00e3o. Com o seu design f\u00e1cil de usar, este brinquedo \u00e9 especialmente adequado para iniciantes que procuram descobrir-se no mundo do prazer e do \u00eaxtase.<\/p>\n<p><strong>O toque mais suave: Satisfyer Dew Drop<\/strong><\/p>\n<p>O Dew Drop \u00e9 excelente na estimula\u00e7\u00e3o do clit\u00f3ris e tamb\u00e9m \u00e9 f\u00e1cil de usar. A sua classifica\u00e7\u00e3o de resist\u00eancia \u00e0 \u00e1gua (IPX7) permite-lhe mergulhar nas profundezas do prazer, seja no duche ou na banheira. O cabo de carregamento USB inclu\u00eddo mant\u00e9m o seu dispositivo sempre pronto para novas aventuras. Depois do prazer, limpar seu produto de prazer com \u00e1gua morna, sab\u00e3o neutro e um pouco de limpador de brinquedos garantir\u00e1 que ele permane\u00e7a saud\u00e1vel. que sua Dew Drop permane\u00e7a em perfeitas condi\u00e7\u00f5es. Desfrute n\u00e3o s\u00f3 do prazer, mas tamb\u00e9m do cuidado sem esfor\u00e7o deste vibrador perfeito!<\/p>\n<p><u><strong>CARACTER\u00cdSTICAS<\/strong><\/u> :<\/p>\n<ul>\n<li>Garantia de 15 anos<\/li>\n<li>Silicone duplo extra macio<\/li>\n<li>Adequado para iniciantes e conhecedores<\/li>\n<li>2 motores de pot\u00eancia superpotentes<\/li>\n<li>12 programas de vibra\u00e7\u00e3o<\/li>\n<li>Resistente \u00e0 \u00e1gua IPX7<\/li>\n<li>F\u00e1cil de limpar<\/li>\n<\/ul>\n","protected":false},"excerpt":{"rendered":"<p>SATISFYER &#8211; VIBRADOR DEW GOTA LAY-ON BRANCO<\/p>\n","protected":false},"featured_media":73149,"template":"","meta":{"_acf_changed":false},"product_brand":[],"product_cat":[17,115,61,76],"product_tag":[],"class_list":{"0":"post-48596","1":"product","2":"type-product","3":"status-publish","4":"has-post-thumbnail","6":"product_cat-brinquedos-de-bem-estar-sexual","7":"product_cat-ofertas","8":"product_cat-para-elas","9":"product_cat-vibradores","10":"yith_product_brand-satisfyer","11":"yith_product_brand-satisfyer-satisfyer-layons","13":"first","14":"instock","15":"taxable","16":"shipping-taxable","17":"purchasable","18":"product-type-variable","19":"has-default-attributes"},"acf":[],"yoast_head":"<!-- This site is optimized with the Yoast SEO plugin v27.4 - https:\/\/yoast.com\/product\/yoast-seo-wordpress\/ -->\n<title>SATISFYER - DEW DROP VIBRADOR LAY-ON BLANCO - Lovme<\/title>\n<meta name=\"robots\" content=\"index, follow, max-snippet:-1, max-image-preview:large, max-video-preview:-1\" \/>\n<link rel=\"canonical\" href=\"https:\/\/lovme.pt\/index.php\/produto\/satisfyer-vibrador-dew-gota-lay-on-branco\/\" \/>\n<meta property=\"og:locale\" content=\"pt_PT\" \/>\n<meta property=\"og:type\" content=\"article\" \/>\n<meta property=\"og:title\" content=\"SATISFYER - DEW DROP VIBRADOR LAY-ON BLANCO - Lovme\" \/>\n<meta property=\"og:description\" content=\"SATISFYER - VIBRADOR DEW GOTA LAY-ON BRANCO\" \/>\n<meta property=\"og:url\" content=\"https:\/\/lovme.pt\/index.php\/produto\/satisfyer-vibrador-dew-gota-lay-on-branco\/\" \/>\n<meta property=\"og:site_name\" content=\"Lovme\" \/>\n<meta property=\"article:modified_time\" content=\"2026-02-19T20:23:18+00:00\" \/>\n<meta property=\"og:image\" content=\"https:\/\/erki24nd3ub.exactdn.com\/wp-content\/uploads\/dream\/img\/img_178392_977e9087030c0244185aa17986ffd840_1.jpg?strip=all\" \/>\n\t<meta property=\"og:image:width\" content=\"900\" \/>\n\t<meta property=\"og:image:height\" content=\"900\" \/>\n\t<meta property=\"og:image:type\" content=\"image\/jpeg\" \/>\n<meta name=\"twitter:card\" content=\"summary_large_image\" \/>\n<meta name=\"twitter:label1\" content=\"Tempo estimado de leitura\" \/>\n\t<meta name=\"twitter:data1\" content=\"2 minutos\" \/>\n<script type=\"application\/ld+json\" class=\"yoast-schema-graph\">{\"@context\":\"https:\\\/\\\/schema.org\",\"@graph\":[{\"@type\":\"WebPage\",\"@id\":\"https:\\\/\\\/lovme.pt\\\/index.php\\\/produto\\\/satisfyer-vibrador-dew-gota-lay-on-branco\\\/\",\"url\":\"https:\\\/\\\/lovme.pt\\\/index.php\\\/produto\\\/satisfyer-vibrador-dew-gota-lay-on-branco\\\/\",\"name\":\"SATISFYER - DEW DROP VIBRADOR LAY-ON BLANCO - Lovme\",\"isPartOf\":{\"@id\":\"https:\\\/\\\/lovme.pt\\\/#website\"},\"primaryImageOfPage\":{\"@id\":\"https:\\\/\\\/lovme.pt\\\/index.php\\\/produto\\\/satisfyer-vibrador-dew-gota-lay-on-branco\\\/#primaryimage\"},\"image\":{\"@id\":\"https:\\\/\\\/lovme.pt\\\/index.php\\\/produto\\\/satisfyer-vibrador-dew-gota-lay-on-branco\\\/#primaryimage\"},\"thumbnailUrl\":\"https:\\\/\\\/erki24nd3ub.exactdn.com\\\/wp-content\\\/uploads\\\/dream\\\/img\\\/img_178392_977e9087030c0244185aa17986ffd840_1.jpg?strip=all\",\"datePublished\":\"2025-09-30T22:01:52+00:00\",\"dateModified\":\"2026-02-19T20:23:18+00:00\",\"breadcrumb\":{\"@id\":\"https:\\\/\\\/lovme.pt\\\/index.php\\\/produto\\\/satisfyer-vibrador-dew-gota-lay-on-branco\\\/#breadcrumb\"},\"inLanguage\":\"pt-PT\",\"potentialAction\":[{\"@type\":\"ReadAction\",\"target\":[\"https:\\\/\\\/lovme.pt\\\/index.php\\\/produto\\\/satisfyer-vibrador-dew-gota-lay-on-branco\\\/\"]}]},{\"@type\":\"ImageObject\",\"inLanguage\":\"pt-PT\",\"@id\":\"https:\\\/\\\/lovme.pt\\\/index.php\\\/produto\\\/satisfyer-vibrador-dew-gota-lay-on-branco\\\/#primaryimage\",\"url\":\"https:\\\/\\\/erki24nd3ub.exactdn.com\\\/wp-content\\\/uploads\\\/dream\\\/img\\\/img_178392_977e9087030c0244185aa17986ffd840_1.jpg?strip=all\",\"contentUrl\":\"https:\\\/\\\/erki24nd3ub.exactdn.com\\\/wp-content\\\/uploads\\\/dream\\\/img\\\/img_178392_977e9087030c0244185aa17986ffd840_1.jpg?strip=all\",\"width\":900,\"height\":900},{\"@type\":\"BreadcrumbList\",\"@id\":\"https:\\\/\\\/lovme.pt\\\/index.php\\\/produto\\\/satisfyer-vibrador-dew-gota-lay-on-branco\\\/#breadcrumb\",\"itemListElement\":[{\"@type\":\"ListItem\",\"position\":1,\"name\":\"In\u00edcio\",\"item\":\"https:\\\/\\\/lovme.pt\\\/\"},{\"@type\":\"ListItem\",\"position\":2,\"name\":\"Loja\",\"item\":\"https:\\\/\\\/lovme.pt\\\/index.php\\\/loja\\\/\"},{\"@type\":\"ListItem\",\"position\":3,\"name\":\"SATISFYER &#8211; DEW DROP VIBRADOR LAY-ON BLANCO\"}]},{\"@type\":\"WebSite\",\"@id\":\"https:\\\/\\\/lovme.pt\\\/#website\",\"url\":\"https:\\\/\\\/lovme.pt\\\/\",\"name\":\"Lovme Loja Er\u00f3tica N\u00ba1 em Portugal\",\"description\":\"A melhor loja er\u00f3tica de Portugal.\",\"alternateName\":\"Loja Er\u00f3tica Lovme\",\"potentialAction\":[{\"@type\":\"SearchAction\",\"target\":{\"@type\":\"EntryPoint\",\"urlTemplate\":\"https:\\\/\\\/lovme.pt\\\/?s={search_term_string}\"},\"query-input\":{\"@type\":\"PropertyValueSpecification\",\"valueRequired\":true,\"valueName\":\"search_term_string\"}}],\"inLanguage\":\"pt-PT\"}]}<\/script>\n<!-- \/ Yoast SEO plugin. -->","yoast_head_json":{"title":"SATISFYER - DEW DROP VIBRADOR LAY-ON BLANCO - Lovme","robots":{"index":"index","follow":"follow","max-snippet":"max-snippet:-1","max-image-preview":"max-image-preview:large","max-video-preview":"max-video-preview:-1"},"canonical":"https:\/\/lovme.pt\/index.php\/produto\/satisfyer-vibrador-dew-gota-lay-on-branco\/","og_locale":"pt_PT","og_type":"article","og_title":"SATISFYER - DEW DROP VIBRADOR LAY-ON BLANCO - Lovme","og_description":"SATISFYER - VIBRADOR DEW GOTA LAY-ON BRANCO","og_url":"https:\/\/lovme.pt\/index.php\/produto\/satisfyer-vibrador-dew-gota-lay-on-branco\/","og_site_name":"Lovme","article_modified_time":"2026-02-19T20:23:18+00:00","og_image":[{"width":900,"height":900,"url":"https:\/\/erki24nd3ub.exactdn.com\/wp-content\/uploads\/dream\/img\/img_178392_977e9087030c0244185aa17986ffd840_1.jpg?strip=all","type":"image\/jpeg"}],"twitter_card":"summary_large_image","twitter_misc":{"Tempo estimado de leitura":"2 minutos"},"schema":{"@context":"https:\/\/schema.org","@graph":[{"@type":"WebPage","@id":"https:\/\/lovme.pt\/index.php\/produto\/satisfyer-vibrador-dew-gota-lay-on-branco\/","url":"https:\/\/lovme.pt\/index.php\/produto\/satisfyer-vibrador-dew-gota-lay-on-branco\/","name":"SATISFYER - DEW DROP VIBRADOR LAY-ON BLANCO - Lovme","isPartOf":{"@id":"https:\/\/lovme.pt\/#website"},"primaryImageOfPage":{"@id":"https:\/\/lovme.pt\/index.php\/produto\/satisfyer-vibrador-dew-gota-lay-on-branco\/#primaryimage"},"image":{"@id":"https:\/\/lovme.pt\/index.php\/produto\/satisfyer-vibrador-dew-gota-lay-on-branco\/#primaryimage"},"thumbnailUrl":"https:\/\/erki24nd3ub.exactdn.com\/wp-content\/uploads\/dream\/img\/img_178392_977e9087030c0244185aa17986ffd840_1.jpg?strip=all","datePublished":"2025-09-30T22:01:52+00:00","dateModified":"2026-02-19T20:23:18+00:00","breadcrumb":{"@id":"https:\/\/lovme.pt\/index.php\/produto\/satisfyer-vibrador-dew-gota-lay-on-branco\/#breadcrumb"},"inLanguage":"pt-PT","potentialAction":[{"@type":"ReadAction","target":["https:\/\/lovme.pt\/index.php\/produto\/satisfyer-vibrador-dew-gota-lay-on-branco\/"]}]},{"@type":"ImageObject","inLanguage":"pt-PT","@id":"https:\/\/lovme.pt\/index.php\/produto\/satisfyer-vibrador-dew-gota-lay-on-branco\/#primaryimage","url":"https:\/\/erki24nd3ub.exactdn.com\/wp-content\/uploads\/dream\/img\/img_178392_977e9087030c0244185aa17986ffd840_1.jpg?strip=all","contentUrl":"https:\/\/erki24nd3ub.exactdn.com\/wp-content\/uploads\/dream\/img\/img_178392_977e9087030c0244185aa17986ffd840_1.jpg?strip=all","width":900,"height":900},{"@type":"BreadcrumbList","@id":"https:\/\/lovme.pt\/index.php\/produto\/satisfyer-vibrador-dew-gota-lay-on-branco\/#breadcrumb","itemListElement":[{"@type":"ListItem","position":1,"name":"In\u00edcio","item":"https:\/\/lovme.pt\/"},{"@type":"ListItem","position":2,"name":"Loja","item":"https:\/\/lovme.pt\/index.php\/loja\/"},{"@type":"ListItem","position":3,"name":"SATISFYER &#8211; DEW DROP VIBRADOR LAY-ON BLANCO"}]},{"@type":"WebSite","@id":"https:\/\/lovme.pt\/#website","url":"https:\/\/lovme.pt\/","name":"Lovme Loja Er\u00f3tica N\u00ba1 em Portugal","description":"A melhor loja er\u00f3tica de Portugal.","alternateName":"Loja Er\u00f3tica Lovme","potentialAction":[{"@type":"SearchAction","target":{"@type":"EntryPoint","urlTemplate":"https:\/\/lovme.pt\/?s={search_term_string}"},"query-input":{"@type":"PropertyValueSpecification","valueRequired":true,"valueName":"search_term_string"}}],"inLanguage":"pt-PT"}]}},"_links":{"self":[{"href":"https:\/\/lovme.pt\/index.php\/wp-json\/wp\/v2\/product\/48596","targetHints":{"allow":["GET"]}}],"collection":[{"href":"https:\/\/lovme.pt\/index.php\/wp-json\/wp\/v2\/product"}],"about":[{"href":"https:\/\/lovme.pt\/index.php\/wp-json\/wp\/v2\/types\/product"}],"wp:featuredmedia":[{"embeddable":true,"href":"https:\/\/lovme.pt\/index.php\/wp-json\/wp\/v2\/media\/73149"}],"wp:attachment":[{"href":"https:\/\/lovme.pt\/index.php\/wp-json\/wp\/v2\/media?parent=48596"}],"wp:term":[{"taxonomy":"product_brand","embeddable":true,"href":"https:\/\/lovme.pt\/index.php\/wp-json\/wp\/v2\/product_brand?post=48596"},{"taxonomy":"product_cat","embeddable":true,"href":"https:\/\/lovme.pt\/index.php\/wp-json\/wp\/v2\/product_cat?post=48596"},{"taxonomy":"product_tag","embeddable":true,"href":"https:\/\/lovme.pt\/index.php\/wp-json\/wp\/v2\/product_tag?post=48596"}],"curies":[{"name":"wp","href":"https:\/\/api.w.org\/{rel}","templated":true}]}}