{"id":48586,"date":"2025-10-01T20:09:26","date_gmt":"2025-10-01T20:09:26","guid":{"rendered":"https:\/\/lovme.pt\/?post_type=product&#038;p=48586"},"modified":"2026-02-19T20:09:02","modified_gmt":"2026-02-19T20:09:02","slug":"bonito-amor-mini-brinquedos-divertidos-do-estimulador-magic-unicorn","status":"publish","type":"product","link":"https:\/\/lovme.pt\/index.php\/produto\/bonito-amor-mini-brinquedos-divertidos-do-estimulador-magic-unicorn\/","title":{"rendered":"BONITO AMOR &#8211; MINI BRINQUEDOS DIVERTIDOS DO ESTIMULADOR MAGIC UNICORN"},"content":{"rendered":"<p>Descubra um mundo de prazer \u00edntimo ao seu alcance com Pretty Love Magic Unicorn. Este vibrador de dedo compacto e discreto oferece 10 fun\u00e7\u00f5es de toque.<\/p>\n<p> Isso \u00e9; Idealmente projetado para lhe dar o m\u00e1ximo de estimula\u00e7\u00e3o. A boca do unic\u00f3rnio envolver\u00e1 perfeitamente sua p\u00e9rola preciosa. Com um carregador port\u00e1til, pode ser usado convenientemente em qualquer lugar.<\/p>\n<\/p>\n<p> <strong><u>CARACTER\u00cdSTICAS:<\/u><\/strong><\/p>\n<ul>\n<li> <strong>Fun\u00e7\u00e3o:<\/strong> 10 fun\u00e7\u00f5es de suc\u00e7\u00e3o<\/li>\n<li> <strong>Alimenta\u00e7\u00e3o:<\/strong> USB recarreg\u00e1vel<\/li>\n<li> <strong>Material<\/strong> : Silicone ABS<\/li>\n<li> <strong>\u00c0 prova d\u00e1gua<\/strong> : Sim<\/li>\n<li> <strong>Cor<\/strong> roxa<\/li>\n<li> <strong>Tamanho da embalagem (mm):<\/strong> 150*100*50<\/li>\n<\/ul>\n<p> A Pretty Love fabrica produtos de alta qualidade. T\u00eam garantia de 1 ano para defeitos t\u00e9cnicos.<\/p>\n","protected":false},"excerpt":{"rendered":"<p>BONITO AMOR &#8211; MINI BRINQUEDOS DIVERTIDOS DO ESTIMULADOR MAGIC UNICORN<\/p>\n","protected":false},"featured_media":103173,"template":"","meta":{"_acf_changed":false},"product_brand":[],"product_cat":[17,61,64],"product_tag":[],"class_list":{"0":"post-48586","1":"product","2":"type-product","3":"status-publish","4":"has-post-thumbnail","6":"product_cat-brinquedos-de-bem-estar-sexual","7":"product_cat-para-elas","8":"product_cat-sugadores","9":"yith_product_brand-pretty-love","10":"yith_product_brand-pretty-lovepretty-love-smart","12":"first","13":"instock","14":"taxable","15":"shipping-taxable","16":"purchasable","17":"product-type-simple"},"acf":[],"yoast_head":"<!-- This site is optimized with the Yoast SEO plugin v27.4 - https:\/\/yoast.com\/product\/yoast-seo-wordpress\/ -->\n<title>BONITO AMOR - MINI BRINQUEDOS DIVERTIDOS DO ESTIMULADOR MAGIC UNICORN - Lovme<\/title>\n<meta name=\"robots\" content=\"index, follow, max-snippet:-1, max-image-preview:large, max-video-preview:-1\" \/>\n<link rel=\"canonical\" href=\"https:\/\/lovme.pt\/index.php\/produto\/bonito-amor-mini-brinquedos-divertidos-do-estimulador-magic-unicorn\/\" \/>\n<meta property=\"og:locale\" content=\"pt_PT\" \/>\n<meta property=\"og:type\" content=\"article\" \/>\n<meta property=\"og:title\" content=\"BONITO AMOR - MINI BRINQUEDOS DIVERTIDOS DO ESTIMULADOR MAGIC UNICORN - Lovme\" \/>\n<meta property=\"og:description\" content=\"BONITO AMOR - MINI BRINQUEDOS DIVERTIDOS DO ESTIMULADOR MAGIC UNICORN\" \/>\n<meta property=\"og:url\" content=\"https:\/\/lovme.pt\/index.php\/produto\/bonito-amor-mini-brinquedos-divertidos-do-estimulador-magic-unicorn\/\" \/>\n<meta property=\"og:site_name\" content=\"Lovme\" \/>\n<meta property=\"article:modified_time\" content=\"2026-02-19T20:09:02+00:00\" \/>\n<meta property=\"og:image\" content=\"https:\/\/erki24nd3ub.exactdn.com\/wp-content\/uploads\/dream\/img\/img_178141_16e73d5090676defe39c1edd0dcc847d_1.jpg?strip=all\" \/>\n\t<meta property=\"og:image:width\" content=\"800\" \/>\n\t<meta property=\"og:image:height\" content=\"800\" \/>\n\t<meta property=\"og:image:type\" content=\"image\/jpeg\" \/>\n<meta name=\"twitter:card\" content=\"summary_large_image\" \/>\n<meta name=\"twitter:label1\" content=\"Tempo estimado de leitura\" \/>\n\t<meta name=\"twitter:data1\" content=\"1 minuto\" \/>\n<script type=\"application\/ld+json\" class=\"yoast-schema-graph\">{\"@context\":\"https:\\\/\\\/schema.org\",\"@graph\":[{\"@type\":\"WebPage\",\"@id\":\"https:\\\/\\\/lovme.pt\\\/index.php\\\/produto\\\/bonito-amor-mini-brinquedos-divertidos-do-estimulador-magic-unicorn\\\/\",\"url\":\"https:\\\/\\\/lovme.pt\\\/index.php\\\/produto\\\/bonito-amor-mini-brinquedos-divertidos-do-estimulador-magic-unicorn\\\/\",\"name\":\"BONITO AMOR - MINI BRINQUEDOS DIVERTIDOS DO ESTIMULADOR MAGIC UNICORN - Lovme\",\"isPartOf\":{\"@id\":\"https:\\\/\\\/lovme.pt\\\/#website\"},\"primaryImageOfPage\":{\"@id\":\"https:\\\/\\\/lovme.pt\\\/index.php\\\/produto\\\/bonito-amor-mini-brinquedos-divertidos-do-estimulador-magic-unicorn\\\/#primaryimage\"},\"image\":{\"@id\":\"https:\\\/\\\/lovme.pt\\\/index.php\\\/produto\\\/bonito-amor-mini-brinquedos-divertidos-do-estimulador-magic-unicorn\\\/#primaryimage\"},\"thumbnailUrl\":\"https:\\\/\\\/erki24nd3ub.exactdn.com\\\/wp-content\\\/uploads\\\/dream\\\/img\\\/img_178141_16e73d5090676defe39c1edd0dcc847d_1.jpg?strip=all\",\"datePublished\":\"2025-10-01T20:09:26+00:00\",\"dateModified\":\"2026-02-19T20:09:02+00:00\",\"breadcrumb\":{\"@id\":\"https:\\\/\\\/lovme.pt\\\/index.php\\\/produto\\\/bonito-amor-mini-brinquedos-divertidos-do-estimulador-magic-unicorn\\\/#breadcrumb\"},\"inLanguage\":\"pt-PT\",\"potentialAction\":[{\"@type\":\"ReadAction\",\"target\":[\"https:\\\/\\\/lovme.pt\\\/index.php\\\/produto\\\/bonito-amor-mini-brinquedos-divertidos-do-estimulador-magic-unicorn\\\/\"]}]},{\"@type\":\"ImageObject\",\"inLanguage\":\"pt-PT\",\"@id\":\"https:\\\/\\\/lovme.pt\\\/index.php\\\/produto\\\/bonito-amor-mini-brinquedos-divertidos-do-estimulador-magic-unicorn\\\/#primaryimage\",\"url\":\"https:\\\/\\\/erki24nd3ub.exactdn.com\\\/wp-content\\\/uploads\\\/dream\\\/img\\\/img_178141_16e73d5090676defe39c1edd0dcc847d_1.jpg?strip=all\",\"contentUrl\":\"https:\\\/\\\/erki24nd3ub.exactdn.com\\\/wp-content\\\/uploads\\\/dream\\\/img\\\/img_178141_16e73d5090676defe39c1edd0dcc847d_1.jpg?strip=all\",\"width\":800,\"height\":800},{\"@type\":\"BreadcrumbList\",\"@id\":\"https:\\\/\\\/lovme.pt\\\/index.php\\\/produto\\\/bonito-amor-mini-brinquedos-divertidos-do-estimulador-magic-unicorn\\\/#breadcrumb\",\"itemListElement\":[{\"@type\":\"ListItem\",\"position\":1,\"name\":\"In\u00edcio\",\"item\":\"https:\\\/\\\/lovme.pt\\\/\"},{\"@type\":\"ListItem\",\"position\":2,\"name\":\"Loja\",\"item\":\"https:\\\/\\\/lovme.pt\\\/index.php\\\/loja\\\/\"},{\"@type\":\"ListItem\",\"position\":3,\"name\":\"BONITO AMOR &#8211; MINI BRINQUEDOS DIVERTIDOS DO ESTIMULADOR MAGIC UNICORN\"}]},{\"@type\":\"WebSite\",\"@id\":\"https:\\\/\\\/lovme.pt\\\/#website\",\"url\":\"https:\\\/\\\/lovme.pt\\\/\",\"name\":\"Lovme Loja Er\u00f3tica N\u00ba1 em Portugal\",\"description\":\"A melhor loja er\u00f3tica de Portugal.\",\"alternateName\":\"Loja Er\u00f3tica Lovme\",\"potentialAction\":[{\"@type\":\"SearchAction\",\"target\":{\"@type\":\"EntryPoint\",\"urlTemplate\":\"https:\\\/\\\/lovme.pt\\\/?s={search_term_string}\"},\"query-input\":{\"@type\":\"PropertyValueSpecification\",\"valueRequired\":true,\"valueName\":\"search_term_string\"}}],\"inLanguage\":\"pt-PT\"}]}<\/script>\n<!-- \/ Yoast SEO plugin. -->","yoast_head_json":{"title":"BONITO AMOR - MINI BRINQUEDOS DIVERTIDOS DO ESTIMULADOR MAGIC UNICORN - Lovme","robots":{"index":"index","follow":"follow","max-snippet":"max-snippet:-1","max-image-preview":"max-image-preview:large","max-video-preview":"max-video-preview:-1"},"canonical":"https:\/\/lovme.pt\/index.php\/produto\/bonito-amor-mini-brinquedos-divertidos-do-estimulador-magic-unicorn\/","og_locale":"pt_PT","og_type":"article","og_title":"BONITO AMOR - MINI BRINQUEDOS DIVERTIDOS DO ESTIMULADOR MAGIC UNICORN - Lovme","og_description":"BONITO AMOR - MINI BRINQUEDOS DIVERTIDOS DO ESTIMULADOR MAGIC UNICORN","og_url":"https:\/\/lovme.pt\/index.php\/produto\/bonito-amor-mini-brinquedos-divertidos-do-estimulador-magic-unicorn\/","og_site_name":"Lovme","article_modified_time":"2026-02-19T20:09:02+00:00","og_image":[{"width":800,"height":800,"url":"https:\/\/erki24nd3ub.exactdn.com\/wp-content\/uploads\/dream\/img\/img_178141_16e73d5090676defe39c1edd0dcc847d_1.jpg?strip=all","type":"image\/jpeg"}],"twitter_card":"summary_large_image","twitter_misc":{"Tempo estimado de leitura":"1 minuto"},"schema":{"@context":"https:\/\/schema.org","@graph":[{"@type":"WebPage","@id":"https:\/\/lovme.pt\/index.php\/produto\/bonito-amor-mini-brinquedos-divertidos-do-estimulador-magic-unicorn\/","url":"https:\/\/lovme.pt\/index.php\/produto\/bonito-amor-mini-brinquedos-divertidos-do-estimulador-magic-unicorn\/","name":"BONITO AMOR - MINI BRINQUEDOS DIVERTIDOS DO ESTIMULADOR MAGIC UNICORN - Lovme","isPartOf":{"@id":"https:\/\/lovme.pt\/#website"},"primaryImageOfPage":{"@id":"https:\/\/lovme.pt\/index.php\/produto\/bonito-amor-mini-brinquedos-divertidos-do-estimulador-magic-unicorn\/#primaryimage"},"image":{"@id":"https:\/\/lovme.pt\/index.php\/produto\/bonito-amor-mini-brinquedos-divertidos-do-estimulador-magic-unicorn\/#primaryimage"},"thumbnailUrl":"https:\/\/erki24nd3ub.exactdn.com\/wp-content\/uploads\/dream\/img\/img_178141_16e73d5090676defe39c1edd0dcc847d_1.jpg?strip=all","datePublished":"2025-10-01T20:09:26+00:00","dateModified":"2026-02-19T20:09:02+00:00","breadcrumb":{"@id":"https:\/\/lovme.pt\/index.php\/produto\/bonito-amor-mini-brinquedos-divertidos-do-estimulador-magic-unicorn\/#breadcrumb"},"inLanguage":"pt-PT","potentialAction":[{"@type":"ReadAction","target":["https:\/\/lovme.pt\/index.php\/produto\/bonito-amor-mini-brinquedos-divertidos-do-estimulador-magic-unicorn\/"]}]},{"@type":"ImageObject","inLanguage":"pt-PT","@id":"https:\/\/lovme.pt\/index.php\/produto\/bonito-amor-mini-brinquedos-divertidos-do-estimulador-magic-unicorn\/#primaryimage","url":"https:\/\/erki24nd3ub.exactdn.com\/wp-content\/uploads\/dream\/img\/img_178141_16e73d5090676defe39c1edd0dcc847d_1.jpg?strip=all","contentUrl":"https:\/\/erki24nd3ub.exactdn.com\/wp-content\/uploads\/dream\/img\/img_178141_16e73d5090676defe39c1edd0dcc847d_1.jpg?strip=all","width":800,"height":800},{"@type":"BreadcrumbList","@id":"https:\/\/lovme.pt\/index.php\/produto\/bonito-amor-mini-brinquedos-divertidos-do-estimulador-magic-unicorn\/#breadcrumb","itemListElement":[{"@type":"ListItem","position":1,"name":"In\u00edcio","item":"https:\/\/lovme.pt\/"},{"@type":"ListItem","position":2,"name":"Loja","item":"https:\/\/lovme.pt\/index.php\/loja\/"},{"@type":"ListItem","position":3,"name":"BONITO AMOR &#8211; MINI BRINQUEDOS DIVERTIDOS DO ESTIMULADOR MAGIC UNICORN"}]},{"@type":"WebSite","@id":"https:\/\/lovme.pt\/#website","url":"https:\/\/lovme.pt\/","name":"Lovme Loja Er\u00f3tica N\u00ba1 em Portugal","description":"A melhor loja er\u00f3tica de Portugal.","alternateName":"Loja Er\u00f3tica Lovme","potentialAction":[{"@type":"SearchAction","target":{"@type":"EntryPoint","urlTemplate":"https:\/\/lovme.pt\/?s={search_term_string}"},"query-input":{"@type":"PropertyValueSpecification","valueRequired":true,"valueName":"search_term_string"}}],"inLanguage":"pt-PT"}]}},"_links":{"self":[{"href":"https:\/\/lovme.pt\/index.php\/wp-json\/wp\/v2\/product\/48586","targetHints":{"allow":["GET"]}}],"collection":[{"href":"https:\/\/lovme.pt\/index.php\/wp-json\/wp\/v2\/product"}],"about":[{"href":"https:\/\/lovme.pt\/index.php\/wp-json\/wp\/v2\/types\/product"}],"wp:featuredmedia":[{"embeddable":true,"href":"https:\/\/lovme.pt\/index.php\/wp-json\/wp\/v2\/media\/103173"}],"wp:attachment":[{"href":"https:\/\/lovme.pt\/index.php\/wp-json\/wp\/v2\/media?parent=48586"}],"wp:term":[{"taxonomy":"product_brand","embeddable":true,"href":"https:\/\/lovme.pt\/index.php\/wp-json\/wp\/v2\/product_brand?post=48586"},{"taxonomy":"product_cat","embeddable":true,"href":"https:\/\/lovme.pt\/index.php\/wp-json\/wp\/v2\/product_cat?post=48586"},{"taxonomy":"product_tag","embeddable":true,"href":"https:\/\/lovme.pt\/index.php\/wp-json\/wp\/v2\/product_tag?post=48586"}],"curies":[{"name":"wp","href":"https:\/\/api.w.org\/{rel}","templated":true}]}}