{"id":48568,"date":"2025-09-30T20:20:24","date_gmt":"2025-09-30T20:20:24","guid":{"rendered":"https:\/\/lovme.pt\/?post_type=product&p=48568"},"modified":"2026-02-19T20:07:46","modified_gmt":"2026-02-19T20:07:46","slug":"pretty-love-cayla-massageador-vibrador-anal-lila","status":"publish","type":"product","link":"https:\/\/lovme.pt\/index.php\/produto\/pretty-love-cayla-massageador-vibrador-anal-lila\/","title":{"rendered":"PRETTY LOVE &#8211; CAYLA MASSAGEADOR VIBRADOR ANAL LILA"},"content":{"rendered":"<p>Este magn\u00edfico massageador de pr\u00f3stata vibrat\u00f3rio \u00e9 um brinquedo sexual de luxo que oferece um formato e toque perfeitos para o prazer da pr\u00f3stata.<\/p>\n<p>Com um formato de al\u00e7a circular, uma haste mais curta para estimula\u00e7\u00e3o superior e uma haste principal suave e curva com uma ponta arredondada, este brinquedo \u00e9 seguro para uso durante o sexo e a masturba\u00e7\u00e3o.<\/p>\n<p>Este magn\u00edfico massageador oferece 12 configura\u00e7\u00f5es poderosas que mover\u00e3o a ponta em um movimento de car\u00edcia em diferentes velocidades para uma variedade de sensa\u00e7\u00f5es. Este \u00e9 um brinquedo de silicone \u00e0 prova d\u00e1gua, feito com silicone de alta qualidade com acabamento fosco e textura aveludada que desliza sobre a pele.<\/p>\n<p><u><strong>Caracter\u00edsticas:<\/strong><\/u><\/p>\n<ul>\n<li>USB recarreg\u00e1vel<\/li>\n<li>Material de silicone<\/li>\n<li>Resistente \u00e0 \u00e1gua<\/li>\n<li>Controle remoto sem fio<\/li>\n<li>Doze fun\u00e7\u00f5es de vibra\u00e7\u00e3o<\/li>\n<li>Fun\u00e7\u00e3o de mem\u00f3ria<\/li>\n<\/ul>\n<p>\u00a0<\/p>\n<p>A Pretty Love fabrica produtos com padr\u00f5es de qualidade exigentes, todos os seus produtos s\u00e3o projetados nos Estados Unidos e t\u00eam garantia de 1 ano para defeitos t\u00e9cnicos<\/p>\n","protected":false},"excerpt":{"rendered":"<p>PRETTY LOVE &#8211; CAYLA MASSAGEADOR VIBRADOR ANAL LILA<\/p>\n","protected":false},"featured_media":67588,"template":"","meta":{"_acf_changed":false},"product_brand":[],"product_cat":[17,63,76],"product_tag":[],"class_list":{"0":"post-48568","1":"product","2":"type-product","3":"status-publish","4":"has-post-thumbnail","6":"product_cat-brinquedos-de-bem-estar-sexual","7":"product_cat-sexo-anal","8":"product_cat-vibradores","9":"yith_product_brand-pretty-love","11":"first","12":"instock","13":"taxable","14":"shipping-taxable","15":"purchasable","16":"product-type-simple"},"acf":[],"yoast_head":"<!-- This site is optimized with the Yoast SEO plugin v27.4 - https:\/\/yoast.com\/product\/yoast-seo-wordpress\/ -->\n<title>PRETTY LOVE - CAYLA MASSAGEADOR VIBRADOR ANAL LILA - Lovme<\/title>\n<meta name=\"robots\" content=\"index, follow, max-snippet:-1, max-image-preview:large, max-video-preview:-1\" \/>\n<link rel=\"canonical\" href=\"https:\/\/lovme.pt\/index.php\/produto\/pretty-love-cayla-massageador-vibrador-anal-lila\/\" \/>\n<meta property=\"og:locale\" content=\"pt_PT\" \/>\n<meta property=\"og:type\" content=\"article\" \/>\n<meta property=\"og:title\" content=\"PRETTY LOVE - CAYLA MASSAGEADOR VIBRADOR ANAL LILA - Lovme\" \/>\n<meta property=\"og:description\" content=\"PRETTY LOVE - CAYLA MASSAGEADOR VIBRADOR ANAL LILA\" \/>\n<meta property=\"og:url\" content=\"https:\/\/lovme.pt\/index.php\/produto\/pretty-love-cayla-massageador-vibrador-anal-lila\/\" \/>\n<meta property=\"og:site_name\" content=\"Lovme\" \/>\n<meta property=\"article:modified_time\" content=\"2026-02-19T20:07:46+00:00\" \/>\n<meta property=\"og:image\" content=\"https:\/\/erki24nd3ub.exactdn.com\/wp-content\/uploads\/dream\/img\/img_177899_adbe95793365d7d275b1844100097b77_1.jpg?strip=all\" \/>\n\t<meta property=\"og:image:width\" content=\"800\" \/>\n\t<meta property=\"og:image:height\" content=\"800\" \/>\n\t<meta property=\"og:image:type\" content=\"image\/jpeg\" \/>\n<meta name=\"twitter:card\" content=\"summary_large_image\" \/>\n<meta name=\"twitter:label1\" content=\"Tempo estimado de leitura\" \/>\n\t<meta name=\"twitter:data1\" content=\"1 minuto\" \/>\n<script type=\"application\/ld+json\" class=\"yoast-schema-graph\">{\"@context\":\"https:\\\/\\\/schema.org\",\"@graph\":[{\"@type\":\"WebPage\",\"@id\":\"https:\\\/\\\/lovme.pt\\\/index.php\\\/produto\\\/pretty-love-cayla-massageador-vibrador-anal-lila\\\/\",\"url\":\"https:\\\/\\\/lovme.pt\\\/index.php\\\/produto\\\/pretty-love-cayla-massageador-vibrador-anal-lila\\\/\",\"name\":\"PRETTY LOVE - CAYLA MASSAGEADOR VIBRADOR ANAL LILA - Lovme\",\"isPartOf\":{\"@id\":\"https:\\\/\\\/lovme.pt\\\/#website\"},\"primaryImageOfPage\":{\"@id\":\"https:\\\/\\\/lovme.pt\\\/index.php\\\/produto\\\/pretty-love-cayla-massageador-vibrador-anal-lila\\\/#primaryimage\"},\"image\":{\"@id\":\"https:\\\/\\\/lovme.pt\\\/index.php\\\/produto\\\/pretty-love-cayla-massageador-vibrador-anal-lila\\\/#primaryimage\"},\"thumbnailUrl\":\"https:\\\/\\\/erki24nd3ub.exactdn.com\\\/wp-content\\\/uploads\\\/dream\\\/img\\\/img_177899_adbe95793365d7d275b1844100097b77_1.jpg?strip=all\",\"datePublished\":\"2025-09-30T20:20:24+00:00\",\"dateModified\":\"2026-02-19T20:07:46+00:00\",\"breadcrumb\":{\"@id\":\"https:\\\/\\\/lovme.pt\\\/index.php\\\/produto\\\/pretty-love-cayla-massageador-vibrador-anal-lila\\\/#breadcrumb\"},\"inLanguage\":\"pt-PT\",\"potentialAction\":[{\"@type\":\"ReadAction\",\"target\":[\"https:\\\/\\\/lovme.pt\\\/index.php\\\/produto\\\/pretty-love-cayla-massageador-vibrador-anal-lila\\\/\"]}]},{\"@type\":\"ImageObject\",\"inLanguage\":\"pt-PT\",\"@id\":\"https:\\\/\\\/lovme.pt\\\/index.php\\\/produto\\\/pretty-love-cayla-massageador-vibrador-anal-lila\\\/#primaryimage\",\"url\":\"https:\\\/\\\/erki24nd3ub.exactdn.com\\\/wp-content\\\/uploads\\\/dream\\\/img\\\/img_177899_adbe95793365d7d275b1844100097b77_1.jpg?strip=all\",\"contentUrl\":\"https:\\\/\\\/erki24nd3ub.exactdn.com\\\/wp-content\\\/uploads\\\/dream\\\/img\\\/img_177899_adbe95793365d7d275b1844100097b77_1.jpg?strip=all\",\"width\":800,\"height\":800},{\"@type\":\"BreadcrumbList\",\"@id\":\"https:\\\/\\\/lovme.pt\\\/index.php\\\/produto\\\/pretty-love-cayla-massageador-vibrador-anal-lila\\\/#breadcrumb\",\"itemListElement\":[{\"@type\":\"ListItem\",\"position\":1,\"name\":\"In\u00edcio\",\"item\":\"https:\\\/\\\/lovme.pt\\\/\"},{\"@type\":\"ListItem\",\"position\":2,\"name\":\"Loja\",\"item\":\"https:\\\/\\\/lovme.pt\\\/index.php\\\/loja\\\/\"},{\"@type\":\"ListItem\",\"position\":3,\"name\":\"PRETTY LOVE &#8211; CAYLA MASSAGEADOR VIBRADOR ANAL LILA\"}]},{\"@type\":\"WebSite\",\"@id\":\"https:\\\/\\\/lovme.pt\\\/#website\",\"url\":\"https:\\\/\\\/lovme.pt\\\/\",\"name\":\"Lovme Loja Er\u00f3tica N\u00ba1 em Portugal\",\"description\":\"A melhor loja er\u00f3tica de Portugal.\",\"alternateName\":\"Loja Er\u00f3tica Lovme\",\"potentialAction\":[{\"@type\":\"SearchAction\",\"target\":{\"@type\":\"EntryPoint\",\"urlTemplate\":\"https:\\\/\\\/lovme.pt\\\/?s={search_term_string}\"},\"query-input\":{\"@type\":\"PropertyValueSpecification\",\"valueRequired\":true,\"valueName\":\"search_term_string\"}}],\"inLanguage\":\"pt-PT\"}]}<\/script>\n<!-- \/ Yoast SEO plugin. -->","yoast_head_json":{"title":"PRETTY LOVE - CAYLA MASSAGEADOR VIBRADOR ANAL LILA - Lovme","robots":{"index":"index","follow":"follow","max-snippet":"max-snippet:-1","max-image-preview":"max-image-preview:large","max-video-preview":"max-video-preview:-1"},"canonical":"https:\/\/lovme.pt\/index.php\/produto\/pretty-love-cayla-massageador-vibrador-anal-lila\/","og_locale":"pt_PT","og_type":"article","og_title":"PRETTY LOVE - CAYLA MASSAGEADOR VIBRADOR ANAL LILA - Lovme","og_description":"PRETTY LOVE - CAYLA MASSAGEADOR VIBRADOR ANAL LILA","og_url":"https:\/\/lovme.pt\/index.php\/produto\/pretty-love-cayla-massageador-vibrador-anal-lila\/","og_site_name":"Lovme","article_modified_time":"2026-02-19T20:07:46+00:00","og_image":[{"width":800,"height":800,"url":"https:\/\/erki24nd3ub.exactdn.com\/wp-content\/uploads\/dream\/img\/img_177899_adbe95793365d7d275b1844100097b77_1.jpg?strip=all","type":"image\/jpeg"}],"twitter_card":"summary_large_image","twitter_misc":{"Tempo estimado de leitura":"1 minuto"},"schema":{"@context":"https:\/\/schema.org","@graph":[{"@type":"WebPage","@id":"https:\/\/lovme.pt\/index.php\/produto\/pretty-love-cayla-massageador-vibrador-anal-lila\/","url":"https:\/\/lovme.pt\/index.php\/produto\/pretty-love-cayla-massageador-vibrador-anal-lila\/","name":"PRETTY LOVE - CAYLA MASSAGEADOR VIBRADOR ANAL LILA - Lovme","isPartOf":{"@id":"https:\/\/lovme.pt\/#website"},"primaryImageOfPage":{"@id":"https:\/\/lovme.pt\/index.php\/produto\/pretty-love-cayla-massageador-vibrador-anal-lila\/#primaryimage"},"image":{"@id":"https:\/\/lovme.pt\/index.php\/produto\/pretty-love-cayla-massageador-vibrador-anal-lila\/#primaryimage"},"thumbnailUrl":"https:\/\/erki24nd3ub.exactdn.com\/wp-content\/uploads\/dream\/img\/img_177899_adbe95793365d7d275b1844100097b77_1.jpg?strip=all","datePublished":"2025-09-30T20:20:24+00:00","dateModified":"2026-02-19T20:07:46+00:00","breadcrumb":{"@id":"https:\/\/lovme.pt\/index.php\/produto\/pretty-love-cayla-massageador-vibrador-anal-lila\/#breadcrumb"},"inLanguage":"pt-PT","potentialAction":[{"@type":"ReadAction","target":["https:\/\/lovme.pt\/index.php\/produto\/pretty-love-cayla-massageador-vibrador-anal-lila\/"]}]},{"@type":"ImageObject","inLanguage":"pt-PT","@id":"https:\/\/lovme.pt\/index.php\/produto\/pretty-love-cayla-massageador-vibrador-anal-lila\/#primaryimage","url":"https:\/\/erki24nd3ub.exactdn.com\/wp-content\/uploads\/dream\/img\/img_177899_adbe95793365d7d275b1844100097b77_1.jpg?strip=all","contentUrl":"https:\/\/erki24nd3ub.exactdn.com\/wp-content\/uploads\/dream\/img\/img_177899_adbe95793365d7d275b1844100097b77_1.jpg?strip=all","width":800,"height":800},{"@type":"BreadcrumbList","@id":"https:\/\/lovme.pt\/index.php\/produto\/pretty-love-cayla-massageador-vibrador-anal-lila\/#breadcrumb","itemListElement":[{"@type":"ListItem","position":1,"name":"In\u00edcio","item":"https:\/\/lovme.pt\/"},{"@type":"ListItem","position":2,"name":"Loja","item":"https:\/\/lovme.pt\/index.php\/loja\/"},{"@type":"ListItem","position":3,"name":"PRETTY LOVE &#8211; CAYLA MASSAGEADOR VIBRADOR ANAL LILA"}]},{"@type":"WebSite","@id":"https:\/\/lovme.pt\/#website","url":"https:\/\/lovme.pt\/","name":"Lovme Loja Er\u00f3tica N\u00ba1 em Portugal","description":"A melhor loja er\u00f3tica de Portugal.","alternateName":"Loja Er\u00f3tica Lovme","potentialAction":[{"@type":"SearchAction","target":{"@type":"EntryPoint","urlTemplate":"https:\/\/lovme.pt\/?s={search_term_string}"},"query-input":{"@type":"PropertyValueSpecification","valueRequired":true,"valueName":"search_term_string"}}],"inLanguage":"pt-PT"}]}},"_links":{"self":[{"href":"https:\/\/lovme.pt\/index.php\/wp-json\/wp\/v2\/product\/48568","targetHints":{"allow":["GET"]}}],"collection":[{"href":"https:\/\/lovme.pt\/index.php\/wp-json\/wp\/v2\/product"}],"about":[{"href":"https:\/\/lovme.pt\/index.php\/wp-json\/wp\/v2\/types\/product"}],"wp:featuredmedia":[{"embeddable":true,"href":"https:\/\/lovme.pt\/index.php\/wp-json\/wp\/v2\/media\/67588"}],"wp:attachment":[{"href":"https:\/\/lovme.pt\/index.php\/wp-json\/wp\/v2\/media?parent=48568"}],"wp:term":[{"taxonomy":"product_brand","embeddable":true,"href":"https:\/\/lovme.pt\/index.php\/wp-json\/wp\/v2\/product_brand?post=48568"},{"taxonomy":"product_cat","embeddable":true,"href":"https:\/\/lovme.pt\/index.php\/wp-json\/wp\/v2\/product_cat?post=48568"},{"taxonomy":"product_tag","embeddable":true,"href":"https:\/\/lovme.pt\/index.php\/wp-json\/wp\/v2\/product_tag?post=48568"}],"curies":[{"name":"wp","href":"https:\/\/api.w.org\/{rel}","templated":true}]}}