{"id":48567,"date":"2025-10-01T03:17:48","date_gmt":"2025-10-01T03:17:48","guid":{"rendered":"https:\/\/lovme.pt\/?post_type=product&p=48567"},"modified":"2026-02-19T20:22:48","modified_gmt":"2026-02-19T20:22:48","slug":"silexd-daphne-realistica-masturbador-de-bunda-feminina","status":"publish","type":"product","link":"https:\/\/lovme.pt\/index.php\/produto\/silexd-daphne-realistica-masturbador-de-bunda-feminina\/","title":{"rendered":"SILEXD &#8211; DAPHNE REAL\u00cdSTICA MASTURBADOR DE BUNDA FEMININA"},"content":{"rendered":"<p><u><strong>DESCUBRA DAPHNE<\/strong><\/u><\/p>\n<p>Apresentando Daphne, o novo masturbador realista da SILEXD, projetado para oferecer a voc\u00ea uma experi\u00eancia de prazer incompar\u00e1vel. Daphne \u00e9 feita com o inovador SILEXPAN? tecnologia, que combina um n\u00facleo interno r\u00edgido com uma pele de SILICONE L\u00cdQUIDO extramacio e de alta qualidade. Este produto \u00e9 totalmente isento de ftalatos, l\u00e1tex e hipoalerg\u00eanico, garantindo uma experi\u00eancia segura e confort\u00e1vel.<\/p>\n<p>O patenteado SILEXPAN? O material oferece flexibilidade superior, criando uma sensa\u00e7\u00e3o extremamente realista que ir\u00e1 surpreend\u00ea-lo. Cada detalhe do Daphne foi meticulosamente projetado para replicar a sensa\u00e7\u00e3o do contato humano, oferecendo uma intera\u00e7\u00e3o aut\u00eantica e profundamente satisfat\u00f3ria. A combina\u00e7\u00e3o de um n\u00facleo firme e uma superf\u00edcie macia garante uma resposta natural a cada toque e movimento, elevando os seus momentos \u00edntimos a novos patamares.<\/p>\n<p>Al\u00e9m disso, Daphne \u00e9 termoativo, permitindo personalizar a experi\u00eancia de acordo com suas prefer\u00eancias. Aque\u00e7a para obter uma sensa\u00e7\u00e3o mais macia e suave ou esfrie para obter uma textura mais firme. Esta caracter\u00edstica \u00fanica acrescenta uma dimens\u00e3o adicional de realismo e versatilidade, adaptando-se aos seus desejos e proporcionando uma variedade de sensa\u00e7\u00f5es de prazer.<\/p>\n<p>Daphne n\u00e3o \u00e9 apenas um produto de alta qualidade, mas tamb\u00e9m uma ferramenta de prazer concebida para maximizar a sua satisfa\u00e7\u00e3o. Sua constru\u00e7\u00e3o com SILICONE L\u00cdQUIDO de alta qualidade garante durabilidade e conforto a cada uso, enquanto seu enchimento com SILEXPAN? oferece flexibilidade e realismo incompar\u00e1veis.<\/p>\n<p>Mergulhe em uma experi\u00eancia de prazer aut\u00eantico com Daphne, a bunda masturbadora realista da SILEXD. Descubra como a combina\u00e7\u00e3o de tecnologia avan\u00e7ada e design meticuloso pode transformar seus momentos \u00edntimos em aventuras inesquec\u00edveis. Ajuste a temperatura de acordo com o seu desejo e experimente a diferen\u00e7a com o Daphne, onde cada utiliza\u00e7\u00e3o \u00e9 uma oportunidade para atingir um novo n\u00edvel de satisfa\u00e7\u00e3o.<\/p>\n<div>\n<p><u><strong>CARACTER\u00cdSTICAS:<\/strong><\/u><\/p>\n<ul>\n<li>Bunda feminina<\/li>\n<li>Silicone l\u00edquido + Silexpan<\/li>\n<li><u>Dimens\u00f5es<\/u> : Comprimento 27 cm \/\/ Largura 32,5 cm \/\/ Inser\u00edvel 15 cm<\/li>\n<li>Ergon\u00f4mico<\/li>\n<li>Eco amig\u00e1vel<\/li>\n<li>\u00c0 prova d\u00e1gua<\/li>\n<\/ul>\n<p>\u00a0<\/p>\n<p><u><strong>PROPRIEDADES:<\/strong><\/u><\/p>\n<ul>\n<li><strong>LIMPEZA:<\/strong> Limpe bem o brinquedo antes e depois de cada uso com \u00e1gua morna e sab\u00e3o neutro.<\/li>\n<li><strong>ARMAZENAMENTO:<\/strong> Guarde seu brinquedo em local livre de poeira e mantenha-o longe de brinquedos feitos de outros materiais. Evite deix\u00e1-lo exposto \u00e0 luz solar direta e NUNCA exponha-o a calor extremo.<\/li>\n<li><strong>DICAS DE USO:<\/strong> Recomenda o uso de lubrificantes \u00e0 base de \u00e1gua para inser\u00e7\u00e3o f\u00e1cil e suave de todos os produtos de silicone. N\u00e3o utilize lubrificantes, \u00f3leos ou cremes de silicone com qualquer produto de silicone, pois podem degradar o material do produto e limitar o seu desempenho e vida \u00fatil.<\/li>\n<\/ul>\n<\/div>\n","protected":false},"excerpt":{"rendered":"<p>SILEXD &#8211; DAPHNE REAL\u00cdSTICA MASTURBADOR DE BUNDA FEMININA<\/p>\n","protected":false},"featured_media":102581,"template":"","meta":{"_acf_changed":false},"product_brand":[],"product_cat":[17,58,60,63],"product_tag":[],"class_list":{"0":"post-48567","1":"product","2":"type-product","3":"status-publish","4":"has-post-thumbnail","6":"product_cat-brinquedos-de-bem-estar-sexual","7":"product_cat-masturbadores-para-penis","8":"product_cat-para-eles","9":"product_cat-sexo-anal","10":"yith_product_brand-silexd","12":"first","13":"instock","14":"taxable","15":"shipping-taxable","16":"purchasable","17":"product-type-simple"},"acf":[],"yoast_head":"<!-- This site is optimized with the Yoast SEO plugin v27.4 - https:\/\/yoast.com\/product\/yoast-seo-wordpress\/ -->\n<title>SILEXD - DAPHNE REAL\u00cdSTICA MASTURBADOR DE BUNDA FEMININA - Lovme<\/title>\n<meta name=\"robots\" content=\"index, follow, max-snippet:-1, max-image-preview:large, max-video-preview:-1\" \/>\n<link rel=\"canonical\" href=\"https:\/\/lovme.pt\/index.php\/produto\/silexd-daphne-realistica-masturbador-de-bunda-feminina\/\" \/>\n<meta property=\"og:locale\" content=\"pt_PT\" \/>\n<meta property=\"og:type\" content=\"article\" \/>\n<meta property=\"og:title\" content=\"SILEXD - DAPHNE REAL\u00cdSTICA MASTURBADOR DE BUNDA FEMININA - Lovme\" \/>\n<meta property=\"og:description\" content=\"SILEXD - DAPHNE REAL\u00cdSTICA MASTURBADOR DE BUNDA FEMININA\" \/>\n<meta property=\"og:url\" content=\"https:\/\/lovme.pt\/index.php\/produto\/silexd-daphne-realistica-masturbador-de-bunda-feminina\/\" \/>\n<meta property=\"og:site_name\" content=\"Lovme\" \/>\n<meta property=\"article:modified_time\" content=\"2026-02-19T20:22:48+00:00\" \/>\n<meta property=\"og:image\" content=\"https:\/\/erki24nd3ub.exactdn.com\/wp-content\/uploads\/dream\/img\/img_177945_8d32f699b42185739094e06d9da3ef75_1.jpg?strip=all\" \/>\n\t<meta property=\"og:image:width\" content=\"800\" \/>\n\t<meta property=\"og:image:height\" content=\"800\" \/>\n\t<meta property=\"og:image:type\" content=\"image\/jpeg\" \/>\n<meta name=\"twitter:card\" content=\"summary_large_image\" \/>\n<meta name=\"twitter:label1\" content=\"Tempo estimado de leitura\" \/>\n\t<meta name=\"twitter:data1\" content=\"2 minutos\" \/>\n<script type=\"application\/ld+json\" class=\"yoast-schema-graph\">{\"@context\":\"https:\\\/\\\/schema.org\",\"@graph\":[{\"@type\":\"WebPage\",\"@id\":\"https:\\\/\\\/lovme.pt\\\/index.php\\\/produto\\\/silexd-daphne-realistica-masturbador-de-bunda-feminina\\\/\",\"url\":\"https:\\\/\\\/lovme.pt\\\/index.php\\\/produto\\\/silexd-daphne-realistica-masturbador-de-bunda-feminina\\\/\",\"name\":\"SILEXD - DAPHNE REAL\u00cdSTICA MASTURBADOR DE BUNDA FEMININA - Lovme\",\"isPartOf\":{\"@id\":\"https:\\\/\\\/lovme.pt\\\/#website\"},\"primaryImageOfPage\":{\"@id\":\"https:\\\/\\\/lovme.pt\\\/index.php\\\/produto\\\/silexd-daphne-realistica-masturbador-de-bunda-feminina\\\/#primaryimage\"},\"image\":{\"@id\":\"https:\\\/\\\/lovme.pt\\\/index.php\\\/produto\\\/silexd-daphne-realistica-masturbador-de-bunda-feminina\\\/#primaryimage\"},\"thumbnailUrl\":\"https:\\\/\\\/erki24nd3ub.exactdn.com\\\/wp-content\\\/uploads\\\/dream\\\/img\\\/img_177945_8d32f699b42185739094e06d9da3ef75_1.jpg?strip=all\",\"datePublished\":\"2025-10-01T03:17:48+00:00\",\"dateModified\":\"2026-02-19T20:22:48+00:00\",\"breadcrumb\":{\"@id\":\"https:\\\/\\\/lovme.pt\\\/index.php\\\/produto\\\/silexd-daphne-realistica-masturbador-de-bunda-feminina\\\/#breadcrumb\"},\"inLanguage\":\"pt-PT\",\"potentialAction\":[{\"@type\":\"ReadAction\",\"target\":[\"https:\\\/\\\/lovme.pt\\\/index.php\\\/produto\\\/silexd-daphne-realistica-masturbador-de-bunda-feminina\\\/\"]}]},{\"@type\":\"ImageObject\",\"inLanguage\":\"pt-PT\",\"@id\":\"https:\\\/\\\/lovme.pt\\\/index.php\\\/produto\\\/silexd-daphne-realistica-masturbador-de-bunda-feminina\\\/#primaryimage\",\"url\":\"https:\\\/\\\/erki24nd3ub.exactdn.com\\\/wp-content\\\/uploads\\\/dream\\\/img\\\/img_177945_8d32f699b42185739094e06d9da3ef75_1.jpg?strip=all\",\"contentUrl\":\"https:\\\/\\\/erki24nd3ub.exactdn.com\\\/wp-content\\\/uploads\\\/dream\\\/img\\\/img_177945_8d32f699b42185739094e06d9da3ef75_1.jpg?strip=all\",\"width\":800,\"height\":800},{\"@type\":\"BreadcrumbList\",\"@id\":\"https:\\\/\\\/lovme.pt\\\/index.php\\\/produto\\\/silexd-daphne-realistica-masturbador-de-bunda-feminina\\\/#breadcrumb\",\"itemListElement\":[{\"@type\":\"ListItem\",\"position\":1,\"name\":\"In\u00edcio\",\"item\":\"https:\\\/\\\/lovme.pt\\\/\"},{\"@type\":\"ListItem\",\"position\":2,\"name\":\"Loja\",\"item\":\"https:\\\/\\\/lovme.pt\\\/index.php\\\/loja\\\/\"},{\"@type\":\"ListItem\",\"position\":3,\"name\":\"SILEXD &#8211; DAPHNE REAL\u00cdSTICA MASTURBADOR DE BUNDA FEMININA\"}]},{\"@type\":\"WebSite\",\"@id\":\"https:\\\/\\\/lovme.pt\\\/#website\",\"url\":\"https:\\\/\\\/lovme.pt\\\/\",\"name\":\"Lovme Loja Er\u00f3tica N\u00ba1 em Portugal\",\"description\":\"A melhor loja er\u00f3tica de Portugal.\",\"alternateName\":\"Loja Er\u00f3tica Lovme\",\"potentialAction\":[{\"@type\":\"SearchAction\",\"target\":{\"@type\":\"EntryPoint\",\"urlTemplate\":\"https:\\\/\\\/lovme.pt\\\/?s={search_term_string}\"},\"query-input\":{\"@type\":\"PropertyValueSpecification\",\"valueRequired\":true,\"valueName\":\"search_term_string\"}}],\"inLanguage\":\"pt-PT\"}]}<\/script>\n<!-- \/ Yoast SEO plugin. -->","yoast_head_json":{"title":"SILEXD - DAPHNE REAL\u00cdSTICA MASTURBADOR DE BUNDA FEMININA - Lovme","robots":{"index":"index","follow":"follow","max-snippet":"max-snippet:-1","max-image-preview":"max-image-preview:large","max-video-preview":"max-video-preview:-1"},"canonical":"https:\/\/lovme.pt\/index.php\/produto\/silexd-daphne-realistica-masturbador-de-bunda-feminina\/","og_locale":"pt_PT","og_type":"article","og_title":"SILEXD - DAPHNE REAL\u00cdSTICA MASTURBADOR DE BUNDA FEMININA - Lovme","og_description":"SILEXD - DAPHNE REAL\u00cdSTICA MASTURBADOR DE BUNDA FEMININA","og_url":"https:\/\/lovme.pt\/index.php\/produto\/silexd-daphne-realistica-masturbador-de-bunda-feminina\/","og_site_name":"Lovme","article_modified_time":"2026-02-19T20:22:48+00:00","og_image":[{"width":800,"height":800,"url":"https:\/\/erki24nd3ub.exactdn.com\/wp-content\/uploads\/dream\/img\/img_177945_8d32f699b42185739094e06d9da3ef75_1.jpg?strip=all","type":"image\/jpeg"}],"twitter_card":"summary_large_image","twitter_misc":{"Tempo estimado de leitura":"2 minutos"},"schema":{"@context":"https:\/\/schema.org","@graph":[{"@type":"WebPage","@id":"https:\/\/lovme.pt\/index.php\/produto\/silexd-daphne-realistica-masturbador-de-bunda-feminina\/","url":"https:\/\/lovme.pt\/index.php\/produto\/silexd-daphne-realistica-masturbador-de-bunda-feminina\/","name":"SILEXD - DAPHNE REAL\u00cdSTICA MASTURBADOR DE BUNDA FEMININA - Lovme","isPartOf":{"@id":"https:\/\/lovme.pt\/#website"},"primaryImageOfPage":{"@id":"https:\/\/lovme.pt\/index.php\/produto\/silexd-daphne-realistica-masturbador-de-bunda-feminina\/#primaryimage"},"image":{"@id":"https:\/\/lovme.pt\/index.php\/produto\/silexd-daphne-realistica-masturbador-de-bunda-feminina\/#primaryimage"},"thumbnailUrl":"https:\/\/erki24nd3ub.exactdn.com\/wp-content\/uploads\/dream\/img\/img_177945_8d32f699b42185739094e06d9da3ef75_1.jpg?strip=all","datePublished":"2025-10-01T03:17:48+00:00","dateModified":"2026-02-19T20:22:48+00:00","breadcrumb":{"@id":"https:\/\/lovme.pt\/index.php\/produto\/silexd-daphne-realistica-masturbador-de-bunda-feminina\/#breadcrumb"},"inLanguage":"pt-PT","potentialAction":[{"@type":"ReadAction","target":["https:\/\/lovme.pt\/index.php\/produto\/silexd-daphne-realistica-masturbador-de-bunda-feminina\/"]}]},{"@type":"ImageObject","inLanguage":"pt-PT","@id":"https:\/\/lovme.pt\/index.php\/produto\/silexd-daphne-realistica-masturbador-de-bunda-feminina\/#primaryimage","url":"https:\/\/erki24nd3ub.exactdn.com\/wp-content\/uploads\/dream\/img\/img_177945_8d32f699b42185739094e06d9da3ef75_1.jpg?strip=all","contentUrl":"https:\/\/erki24nd3ub.exactdn.com\/wp-content\/uploads\/dream\/img\/img_177945_8d32f699b42185739094e06d9da3ef75_1.jpg?strip=all","width":800,"height":800},{"@type":"BreadcrumbList","@id":"https:\/\/lovme.pt\/index.php\/produto\/silexd-daphne-realistica-masturbador-de-bunda-feminina\/#breadcrumb","itemListElement":[{"@type":"ListItem","position":1,"name":"In\u00edcio","item":"https:\/\/lovme.pt\/"},{"@type":"ListItem","position":2,"name":"Loja","item":"https:\/\/lovme.pt\/index.php\/loja\/"},{"@type":"ListItem","position":3,"name":"SILEXD &#8211; DAPHNE REAL\u00cdSTICA MASTURBADOR DE BUNDA FEMININA"}]},{"@type":"WebSite","@id":"https:\/\/lovme.pt\/#website","url":"https:\/\/lovme.pt\/","name":"Lovme Loja Er\u00f3tica N\u00ba1 em Portugal","description":"A melhor loja er\u00f3tica de Portugal.","alternateName":"Loja Er\u00f3tica Lovme","potentialAction":[{"@type":"SearchAction","target":{"@type":"EntryPoint","urlTemplate":"https:\/\/lovme.pt\/?s={search_term_string}"},"query-input":{"@type":"PropertyValueSpecification","valueRequired":true,"valueName":"search_term_string"}}],"inLanguage":"pt-PT"}]}},"_links":{"self":[{"href":"https:\/\/lovme.pt\/index.php\/wp-json\/wp\/v2\/product\/48567","targetHints":{"allow":["GET"]}}],"collection":[{"href":"https:\/\/lovme.pt\/index.php\/wp-json\/wp\/v2\/product"}],"about":[{"href":"https:\/\/lovme.pt\/index.php\/wp-json\/wp\/v2\/types\/product"}],"wp:featuredmedia":[{"embeddable":true,"href":"https:\/\/lovme.pt\/index.php\/wp-json\/wp\/v2\/media\/102581"}],"wp:attachment":[{"href":"https:\/\/lovme.pt\/index.php\/wp-json\/wp\/v2\/media?parent=48567"}],"wp:term":[{"taxonomy":"product_brand","embeddable":true,"href":"https:\/\/lovme.pt\/index.php\/wp-json\/wp\/v2\/product_brand?post=48567"},{"taxonomy":"product_cat","embeddable":true,"href":"https:\/\/lovme.pt\/index.php\/wp-json\/wp\/v2\/product_cat?post=48567"},{"taxonomy":"product_tag","embeddable":true,"href":"https:\/\/lovme.pt\/index.php\/wp-json\/wp\/v2\/product_tag?post=48567"}],"curies":[{"name":"wp","href":"https:\/\/api.w.org\/{rel}","templated":true}]}}