{"id":48566,"date":"2025-10-01T02:47:05","date_gmt":"2025-10-01T02:47:05","guid":{"rendered":"https:\/\/lovme.pt\/?post_type=product&p=48566"},"modified":"2026-02-19T20:21:42","modified_gmt":"2026-02-19T20:21:42","slug":"silexd-apollo-s-torso-inferior-masculino-realista","status":"publish","type":"product","link":"https:\/\/lovme.pt\/index.php\/produto\/silexd-apollo-s-torso-inferior-masculino-realista\/","title":{"rendered":"SILEXD &#8211; APOLLO S TORSO INFERIOR MASCULINO REALISTA"},"content":{"rendered":"<p><u><strong>DESCUBRA APOLO S<\/strong><\/u><\/p>\n<p>Descubra uma experi\u00eancia de prazer incompar\u00e1vel com o Apollo S, um torso realista desenhado no formato do peito masculino para lhe oferecer uma verdadeira aventura sensorial. Este dispositivo foi meticulosamente criado para replicar a sensa\u00e7\u00e3o de um torso humano, proporcionando uma experi\u00eancia t\u00e3o pr\u00f3xima da realidade que ir\u00e1 surpreend\u00ea-lo.<\/p>\n<p>O Apollo S destaca-se pela flexibilidade e resist\u00eancia, caracter\u00edsticas que garantem durabilidade e conforto a cada utiliza\u00e7\u00e3o. Fabricada com materiais de alta qualidade, sua textura natural imita perfeitamente a pele humana, proporcionando uma sensa\u00e7\u00e3o aut\u00eantica que eleva cada momento \u00edntimo. A aten\u00e7\u00e3o aos detalhes no seu design garante uma experi\u00eancia envolvente e profundamente satisfat\u00f3ria.<\/p>\n<p>Este torso realista n\u00e3o \u00e9 apenas visualmente atraente, mas tamb\u00e9m elegante. Projetado para oferecer uma intera\u00e7\u00e3o ergon\u00f4mica e confort\u00e1vel. A flexibilidade do material permite-lhe adaptar-se a diversas posturas e prefer\u00eancias, garantindo que poder\u00e1 explorar diferentes \u00e2ngulos e t\u00e9cnicas com facilidade.<\/p>\n<p>Experimente e descubra como o Apollo S pode levar voc\u00ea a atingir o orgasmo mais intenso. Seu design realista e textura natural trabalham juntos para estimular seus sentidos e maximizar seu prazer. Cada encontro com o Apollo S torna-se uma experi\u00eancia profundamente gratificante, transformando os seus momentos \u00edntimos em aventuras inesquec\u00edveis.<\/p>\n<p>Com o Apollo S, voc\u00ea n\u00e3o s\u00f3 obt\u00e9m um produto de alta qualidade, mas tamb\u00e9m uma ferramenta de prazer que redefine suas expectativas. Mergulhe numa experi\u00eancia de prazer aut\u00eantico e descubra o potencial de satisfa\u00e7\u00e3o que este torso realista tem para lhe oferecer.<\/p>\n<div>\n<p><u><strong>CARACTER\u00cdSTICAS:<\/strong><\/u><\/p>\n<ul>\n<li>Torso masculino<\/li>\n<li>Silicone l\u00edquido + Silexpan + A\u00e7o<\/li>\n<li><u>Dimens\u00f5es<\/u> : Comprimento 23,5 cm \/\/ Altura 9 cm \/\/ Largura 33,5 cm<\/li>\n<li>Vibrador inclu\u00eddo e intercambi\u00e1vel &#8211; <u>Dimens\u00f5es<\/u> : Comprimento 17,7 cm \/\/ Di\u00e2metro 4,2 cm<\/li>\n<li>Eco amig\u00e1vel<\/li>\n<li>\u00c0 prova d\u00e1gua<\/li>\n<\/ul>\n<p>\u00a0<\/p>\n<p><u><strong>PROPRIEDADES:<\/strong><\/u><\/p>\n<ul>\n<li><strong>LIMPEZA:<\/strong> Limpe bem o brinquedo antes e depois de cada uso com \u00e1gua morna e sab\u00e3o neutro.<\/li>\n<li><strong>ARMAZENAMENTO:<\/strong> Guarde seu brinquedo em local livre de poeira e mantenha-o longe de brinquedos feitos de outros materiais. Evite deix\u00e1-lo exposto \u00e0 luz solar direta e NUNCA exponha-o a calor extremo.<\/li>\n<li><strong>DICAS DE USO:<\/strong> Recomenda o uso de lubrificantes \u00e0 base de \u00e1gua para inser\u00e7\u00e3o f\u00e1cil e suave de todos os produtos de silicone. N\u00e3o utilize lubrificantes, \u00f3leos ou cremes de silicone com qualquer produto de silicone, pois podem degradar o material do produto e limitar o seu desempenho e vida \u00fatil.<\/li>\n<\/ul>\n<\/div>\n","protected":false},"excerpt":{"rendered":"<p>SILEXD &#8211; APOLLO S TORSO INFERIOR MASCULINO REALISTA<\/p>\n","protected":false},"featured_media":98949,"template":"","meta":{"_acf_changed":false},"product_brand":[],"product_cat":[17,15],"product_tag":[],"class_list":{"0":"post-48566","1":"product","2":"type-product","3":"status-publish","4":"has-post-thumbnail","6":"product_cat-brinquedos-de-bem-estar-sexual","7":"product_cat-loja","8":"yith_product_brand-silexd","10":"first","11":"instock","12":"taxable","13":"shipping-taxable","14":"purchasable","15":"product-type-simple"},"acf":[],"yoast_head":"<!-- This site is optimized with the Yoast SEO plugin v27.4 - https:\/\/yoast.com\/product\/yoast-seo-wordpress\/ -->\n<title>SILEXD - APOLLO S TORSO INFERIOR MASCULINO REALISTA - Lovme<\/title>\n<meta name=\"robots\" content=\"index, follow, max-snippet:-1, max-image-preview:large, max-video-preview:-1\" \/>\n<link rel=\"canonical\" href=\"https:\/\/lovme.pt\/index.php\/produto\/silexd-apollo-s-torso-inferior-masculino-realista\/\" \/>\n<meta property=\"og:locale\" content=\"pt_PT\" \/>\n<meta property=\"og:type\" content=\"article\" \/>\n<meta property=\"og:title\" content=\"SILEXD - APOLLO S TORSO INFERIOR MASCULINO REALISTA - Lovme\" \/>\n<meta property=\"og:description\" content=\"SILEXD - APOLLO S TORSO INFERIOR MASCULINO REALISTA\" \/>\n<meta property=\"og:url\" content=\"https:\/\/lovme.pt\/index.php\/produto\/silexd-apollo-s-torso-inferior-masculino-realista\/\" \/>\n<meta property=\"og:site_name\" content=\"Lovme\" \/>\n<meta property=\"article:modified_time\" content=\"2026-02-19T20:21:42+00:00\" \/>\n<meta property=\"og:image\" content=\"https:\/\/erki24nd3ub.exactdn.com\/wp-content\/uploads\/dream\/img\/img_177940_1c0297a93496a4740cb1bfe1dc8fb0e4_1.jpg?strip=all\" \/>\n\t<meta property=\"og:image:width\" content=\"800\" \/>\n\t<meta property=\"og:image:height\" content=\"800\" \/>\n\t<meta property=\"og:image:type\" content=\"image\/jpeg\" \/>\n<meta name=\"twitter:card\" content=\"summary_large_image\" \/>\n<meta name=\"twitter:label1\" content=\"Tempo estimado de leitura\" \/>\n\t<meta name=\"twitter:data1\" content=\"2 minutos\" \/>\n<script type=\"application\/ld+json\" class=\"yoast-schema-graph\">{\"@context\":\"https:\\\/\\\/schema.org\",\"@graph\":[{\"@type\":\"WebPage\",\"@id\":\"https:\\\/\\\/lovme.pt\\\/index.php\\\/produto\\\/silexd-apollo-s-torso-inferior-masculino-realista\\\/\",\"url\":\"https:\\\/\\\/lovme.pt\\\/index.php\\\/produto\\\/silexd-apollo-s-torso-inferior-masculino-realista\\\/\",\"name\":\"SILEXD - APOLLO S TORSO INFERIOR MASCULINO REALISTA - Lovme\",\"isPartOf\":{\"@id\":\"https:\\\/\\\/lovme.pt\\\/#website\"},\"primaryImageOfPage\":{\"@id\":\"https:\\\/\\\/lovme.pt\\\/index.php\\\/produto\\\/silexd-apollo-s-torso-inferior-masculino-realista\\\/#primaryimage\"},\"image\":{\"@id\":\"https:\\\/\\\/lovme.pt\\\/index.php\\\/produto\\\/silexd-apollo-s-torso-inferior-masculino-realista\\\/#primaryimage\"},\"thumbnailUrl\":\"https:\\\/\\\/erki24nd3ub.exactdn.com\\\/wp-content\\\/uploads\\\/dream\\\/img\\\/img_177940_1c0297a93496a4740cb1bfe1dc8fb0e4_1.jpg?strip=all\",\"datePublished\":\"2025-10-01T02:47:05+00:00\",\"dateModified\":\"2026-02-19T20:21:42+00:00\",\"breadcrumb\":{\"@id\":\"https:\\\/\\\/lovme.pt\\\/index.php\\\/produto\\\/silexd-apollo-s-torso-inferior-masculino-realista\\\/#breadcrumb\"},\"inLanguage\":\"pt-PT\",\"potentialAction\":[{\"@type\":\"ReadAction\",\"target\":[\"https:\\\/\\\/lovme.pt\\\/index.php\\\/produto\\\/silexd-apollo-s-torso-inferior-masculino-realista\\\/\"]}]},{\"@type\":\"ImageObject\",\"inLanguage\":\"pt-PT\",\"@id\":\"https:\\\/\\\/lovme.pt\\\/index.php\\\/produto\\\/silexd-apollo-s-torso-inferior-masculino-realista\\\/#primaryimage\",\"url\":\"https:\\\/\\\/erki24nd3ub.exactdn.com\\\/wp-content\\\/uploads\\\/dream\\\/img\\\/img_177940_1c0297a93496a4740cb1bfe1dc8fb0e4_1.jpg?strip=all\",\"contentUrl\":\"https:\\\/\\\/erki24nd3ub.exactdn.com\\\/wp-content\\\/uploads\\\/dream\\\/img\\\/img_177940_1c0297a93496a4740cb1bfe1dc8fb0e4_1.jpg?strip=all\",\"width\":800,\"height\":800},{\"@type\":\"BreadcrumbList\",\"@id\":\"https:\\\/\\\/lovme.pt\\\/index.php\\\/produto\\\/silexd-apollo-s-torso-inferior-masculino-realista\\\/#breadcrumb\",\"itemListElement\":[{\"@type\":\"ListItem\",\"position\":1,\"name\":\"In\u00edcio\",\"item\":\"https:\\\/\\\/lovme.pt\\\/\"},{\"@type\":\"ListItem\",\"position\":2,\"name\":\"Loja\",\"item\":\"https:\\\/\\\/lovme.pt\\\/index.php\\\/loja\\\/\"},{\"@type\":\"ListItem\",\"position\":3,\"name\":\"SILEXD &#8211; APOLLO S TORSO INFERIOR MASCULINO REALISTA\"}]},{\"@type\":\"WebSite\",\"@id\":\"https:\\\/\\\/lovme.pt\\\/#website\",\"url\":\"https:\\\/\\\/lovme.pt\\\/\",\"name\":\"Lovme Loja Er\u00f3tica N\u00ba1 em Portugal\",\"description\":\"A melhor loja er\u00f3tica de Portugal.\",\"alternateName\":\"Loja Er\u00f3tica Lovme\",\"potentialAction\":[{\"@type\":\"SearchAction\",\"target\":{\"@type\":\"EntryPoint\",\"urlTemplate\":\"https:\\\/\\\/lovme.pt\\\/?s={search_term_string}\"},\"query-input\":{\"@type\":\"PropertyValueSpecification\",\"valueRequired\":true,\"valueName\":\"search_term_string\"}}],\"inLanguage\":\"pt-PT\"}]}<\/script>\n<!-- \/ Yoast SEO plugin. -->","yoast_head_json":{"title":"SILEXD - APOLLO S TORSO INFERIOR MASCULINO REALISTA - Lovme","robots":{"index":"index","follow":"follow","max-snippet":"max-snippet:-1","max-image-preview":"max-image-preview:large","max-video-preview":"max-video-preview:-1"},"canonical":"https:\/\/lovme.pt\/index.php\/produto\/silexd-apollo-s-torso-inferior-masculino-realista\/","og_locale":"pt_PT","og_type":"article","og_title":"SILEXD - APOLLO S TORSO INFERIOR MASCULINO REALISTA - Lovme","og_description":"SILEXD - APOLLO S TORSO INFERIOR MASCULINO REALISTA","og_url":"https:\/\/lovme.pt\/index.php\/produto\/silexd-apollo-s-torso-inferior-masculino-realista\/","og_site_name":"Lovme","article_modified_time":"2026-02-19T20:21:42+00:00","og_image":[{"width":800,"height":800,"url":"https:\/\/erki24nd3ub.exactdn.com\/wp-content\/uploads\/dream\/img\/img_177940_1c0297a93496a4740cb1bfe1dc8fb0e4_1.jpg?strip=all","type":"image\/jpeg"}],"twitter_card":"summary_large_image","twitter_misc":{"Tempo estimado de leitura":"2 minutos"},"schema":{"@context":"https:\/\/schema.org","@graph":[{"@type":"WebPage","@id":"https:\/\/lovme.pt\/index.php\/produto\/silexd-apollo-s-torso-inferior-masculino-realista\/","url":"https:\/\/lovme.pt\/index.php\/produto\/silexd-apollo-s-torso-inferior-masculino-realista\/","name":"SILEXD - APOLLO S TORSO INFERIOR MASCULINO REALISTA - Lovme","isPartOf":{"@id":"https:\/\/lovme.pt\/#website"},"primaryImageOfPage":{"@id":"https:\/\/lovme.pt\/index.php\/produto\/silexd-apollo-s-torso-inferior-masculino-realista\/#primaryimage"},"image":{"@id":"https:\/\/lovme.pt\/index.php\/produto\/silexd-apollo-s-torso-inferior-masculino-realista\/#primaryimage"},"thumbnailUrl":"https:\/\/erki24nd3ub.exactdn.com\/wp-content\/uploads\/dream\/img\/img_177940_1c0297a93496a4740cb1bfe1dc8fb0e4_1.jpg?strip=all","datePublished":"2025-10-01T02:47:05+00:00","dateModified":"2026-02-19T20:21:42+00:00","breadcrumb":{"@id":"https:\/\/lovme.pt\/index.php\/produto\/silexd-apollo-s-torso-inferior-masculino-realista\/#breadcrumb"},"inLanguage":"pt-PT","potentialAction":[{"@type":"ReadAction","target":["https:\/\/lovme.pt\/index.php\/produto\/silexd-apollo-s-torso-inferior-masculino-realista\/"]}]},{"@type":"ImageObject","inLanguage":"pt-PT","@id":"https:\/\/lovme.pt\/index.php\/produto\/silexd-apollo-s-torso-inferior-masculino-realista\/#primaryimage","url":"https:\/\/erki24nd3ub.exactdn.com\/wp-content\/uploads\/dream\/img\/img_177940_1c0297a93496a4740cb1bfe1dc8fb0e4_1.jpg?strip=all","contentUrl":"https:\/\/erki24nd3ub.exactdn.com\/wp-content\/uploads\/dream\/img\/img_177940_1c0297a93496a4740cb1bfe1dc8fb0e4_1.jpg?strip=all","width":800,"height":800},{"@type":"BreadcrumbList","@id":"https:\/\/lovme.pt\/index.php\/produto\/silexd-apollo-s-torso-inferior-masculino-realista\/#breadcrumb","itemListElement":[{"@type":"ListItem","position":1,"name":"In\u00edcio","item":"https:\/\/lovme.pt\/"},{"@type":"ListItem","position":2,"name":"Loja","item":"https:\/\/lovme.pt\/index.php\/loja\/"},{"@type":"ListItem","position":3,"name":"SILEXD &#8211; APOLLO S TORSO INFERIOR MASCULINO REALISTA"}]},{"@type":"WebSite","@id":"https:\/\/lovme.pt\/#website","url":"https:\/\/lovme.pt\/","name":"Lovme Loja Er\u00f3tica N\u00ba1 em Portugal","description":"A melhor loja er\u00f3tica de Portugal.","alternateName":"Loja Er\u00f3tica Lovme","potentialAction":[{"@type":"SearchAction","target":{"@type":"EntryPoint","urlTemplate":"https:\/\/lovme.pt\/?s={search_term_string}"},"query-input":{"@type":"PropertyValueSpecification","valueRequired":true,"valueName":"search_term_string"}}],"inLanguage":"pt-PT"}]}},"_links":{"self":[{"href":"https:\/\/lovme.pt\/index.php\/wp-json\/wp\/v2\/product\/48566","targetHints":{"allow":["GET"]}}],"collection":[{"href":"https:\/\/lovme.pt\/index.php\/wp-json\/wp\/v2\/product"}],"about":[{"href":"https:\/\/lovme.pt\/index.php\/wp-json\/wp\/v2\/types\/product"}],"wp:featuredmedia":[{"embeddable":true,"href":"https:\/\/lovme.pt\/index.php\/wp-json\/wp\/v2\/media\/98949"}],"wp:attachment":[{"href":"https:\/\/lovme.pt\/index.php\/wp-json\/wp\/v2\/media?parent=48566"}],"wp:term":[{"taxonomy":"product_brand","embeddable":true,"href":"https:\/\/lovme.pt\/index.php\/wp-json\/wp\/v2\/product_brand?post=48566"},{"taxonomy":"product_cat","embeddable":true,"href":"https:\/\/lovme.pt\/index.php\/wp-json\/wp\/v2\/product_cat?post=48566"},{"taxonomy":"product_tag","embeddable":true,"href":"https:\/\/lovme.pt\/index.php\/wp-json\/wp\/v2\/product_tag?post=48566"}],"curies":[{"name":"wp","href":"https:\/\/api.w.org\/{rel}","templated":true}]}}