{"id":48563,"date":"2025-10-01T02:57:57","date_gmt":"2025-10-01T02:57:57","guid":{"rendered":"https:\/\/lovme.pt\/?post_type=product&p=48563"},"modified":"2026-02-19T20:22:04","modified_gmt":"2026-02-19T20:22:04","slug":"alive-kit-tres-aneis-de-prazer-sensual","status":"publish","type":"product","link":"https:\/\/lovme.pt\/index.php\/produto\/alive-kit-tres-aneis-de-prazer-sensual\/","title":{"rendered":"ALIVE &#8211; KIT TR\u00caS AN\u00c9IS DE PRAZER SENSUAL"},"content":{"rendered":"<p><u><strong>DESCUBRA AN\u00c9IS DE PRAZER SENSUAL<\/strong><\/u><\/p>\n<p>Descubra uma nova dimens\u00e3o de prazer com Sensual Pleasure, um conjunto de an\u00e9is concebidos para real\u00e7ar e prolongar a experi\u00eancia sensual. Feitos de silicone de alta qualidade, esses an\u00e9is oferecem um ajuste suave \u00e0 pele, garantindo conforto e durabilidade. A escolha de materiais premium garante uma sensa\u00e7\u00e3o agrad\u00e1vel e segura, permitindo-lhe concentrar-se totalmente no momento \u00edntimo.<\/p>\n<p>O design ergon\u00f4mico Sensual Pleasures facilita a coloca\u00e7\u00e3o e o ajuste, adaptando-se perfeitamente \u00e0 sua anatomia para uma experi\u00eancia descomplicada. Estes an\u00e9is foram especialmente criados para ajudar a manter uma ere\u00e7\u00e3o firme e prolongar a sensa\u00e7\u00e3o de prazer durante a intimidade. A sua elasticidade e resist\u00eancia garantem um ajuste confort\u00e1vel e seguro, permitindo-lhe desfrutar sem preocupa\u00e7\u00f5es.<\/p>\n<p>Os an\u00e9is Sensual Pleasure n\u00e3o s\u00f3 melhoram o desempenho, mas tamb\u00e9m intensificam as sensa\u00e7\u00f5es, levando a sua experi\u00eancia \u00edntima a novos n\u00edveis de satisfa\u00e7\u00e3o. Seu design vers\u00e1til permite que seja utilizado em diversas combina\u00e7\u00f5es e situa\u00e7\u00f5es, agregando um toque de variedade e emo\u00e7\u00e3o aos seus encontros.<\/p>\n<p>Aproveite o momento \u00edntimo com Sensual Pleasure e transforme cada encontro numa aventura de prazer prolongado e profunda satisfa\u00e7\u00e3o. Com ajuste perfeito e toque macio, estes an\u00e9is s\u00e3o o complemento ideal para quem procura maximizar a sua experi\u00eancia sensual. Viva a diferen\u00e7a com o Prazer Sensual e descubra uma nova forma de desfrutar da sua intimidade.<\/p>\n<div>\n<p><u><strong>CARACTER\u00cdSTICAS:<\/strong><\/u><\/p>\n<ul>\n<li>Kit 3 an\u00e9is<\/li>\n<li>Silicone de alta qualidade<\/li>\n<li>Melhoria da ere\u00e7\u00e3o, estimula\u00e7\u00e3o do p\u00eanis<\/li>\n<li>Flex\u00edvel e el\u00e1stico<\/li>\n<li><u>Dimens\u00f5es<\/u> : Di\u00e2metro interno: 4,2 \/ 4,7 \/ 5,3 cm \/\/ Espessura: 1,7 cm<\/li>\n<li>Resistente \u00e0 \u00e1gua<\/li>\n<\/ul>\n<p>\u00a0<\/p>\n<p><u><strong>PROPRIEDADES:<\/strong><\/u><\/p>\n<ul>\n<li><strong>LIMPEZA:<\/strong> Limpe bem o brinquedo antes e depois de cada uso com \u00e1gua morna e sab\u00e3o neutro.<\/li>\n<li><strong>ARMAZENAMENTO:<\/strong> Guarde seu brinquedo em local livre de poeira e mantenha-o longe de brinquedos feitos de outros materiais. Evite deix\u00e1-lo exposto \u00e0 luz solar direta e NUNCA exponha-o a calor extremo.<\/li>\n<li><strong>DICAS DE USO:<\/strong> Recomenda o uso de lubrificantes \u00e0 base de \u00e1gua para inser\u00e7\u00e3o f\u00e1cil e suave de todos os produtos de silicone. N\u00e3o utilize lubrificantes, \u00f3leos ou cremes de silicone com qualquer produto de silicone, pois podem degradar o material do produto e limitar o seu desempenho e vida \u00fatil.<\/li>\n<\/ul>\n<\/div>\n","protected":false},"excerpt":{"rendered":"<p>ALIVE &#8211; KIT TR\u00caS AN\u00c9IS DE PRAZER SENSUAL<\/p>\n","protected":false},"featured_media":100467,"template":"","meta":{"_acf_changed":false},"product_brand":[],"product_cat":[17,60],"product_tag":[],"class_list":{"0":"post-48563","1":"product","2":"type-product","3":"status-publish","4":"has-post-thumbnail","6":"product_cat-brinquedos-de-bem-estar-sexual","7":"product_cat-para-eles","8":"yith_product_brand-alive","10":"first","11":"instock","12":"taxable","13":"shipping-taxable","14":"purchasable","15":"product-type-simple"},"acf":[],"yoast_head":"<!-- This site is optimized with the Yoast SEO plugin v27.4 - https:\/\/yoast.com\/product\/yoast-seo-wordpress\/ -->\n<title>ALIVE - KIT TR\u00caS AN\u00c9IS DE PRAZER SENSUAL - Lovme<\/title>\n<meta name=\"robots\" content=\"index, follow, max-snippet:-1, max-image-preview:large, max-video-preview:-1\" \/>\n<link rel=\"canonical\" href=\"https:\/\/lovme.pt\/index.php\/produto\/alive-kit-tres-aneis-de-prazer-sensual\/\" \/>\n<meta property=\"og:locale\" content=\"pt_PT\" \/>\n<meta property=\"og:type\" content=\"article\" \/>\n<meta property=\"og:title\" content=\"ALIVE - KIT TR\u00caS AN\u00c9IS DE PRAZER SENSUAL - Lovme\" \/>\n<meta property=\"og:description\" content=\"ALIVE - KIT TR\u00caS AN\u00c9IS DE PRAZER SENSUAL\" \/>\n<meta property=\"og:url\" content=\"https:\/\/lovme.pt\/index.php\/produto\/alive-kit-tres-aneis-de-prazer-sensual\/\" \/>\n<meta property=\"og:site_name\" content=\"Lovme\" \/>\n<meta property=\"article:modified_time\" content=\"2026-02-19T20:22:04+00:00\" \/>\n<meta property=\"og:image\" content=\"https:\/\/erki24nd3ub.exactdn.com\/wp-content\/uploads\/dream\/img\/img_177924_9ae6168f32f8af7d234c7e0d2819f6c9_1.jpg?strip=all\" \/>\n\t<meta property=\"og:image:width\" content=\"800\" \/>\n\t<meta property=\"og:image:height\" content=\"800\" \/>\n\t<meta property=\"og:image:type\" content=\"image\/jpeg\" \/>\n<meta name=\"twitter:card\" content=\"summary_large_image\" \/>\n<meta name=\"twitter:label1\" content=\"Tempo estimado de leitura\" \/>\n\t<meta name=\"twitter:data1\" content=\"2 minutos\" \/>\n<script type=\"application\/ld+json\" class=\"yoast-schema-graph\">{\"@context\":\"https:\\\/\\\/schema.org\",\"@graph\":[{\"@type\":\"WebPage\",\"@id\":\"https:\\\/\\\/lovme.pt\\\/index.php\\\/produto\\\/alive-kit-tres-aneis-de-prazer-sensual\\\/\",\"url\":\"https:\\\/\\\/lovme.pt\\\/index.php\\\/produto\\\/alive-kit-tres-aneis-de-prazer-sensual\\\/\",\"name\":\"ALIVE - KIT TR\u00caS AN\u00c9IS DE PRAZER SENSUAL - Lovme\",\"isPartOf\":{\"@id\":\"https:\\\/\\\/lovme.pt\\\/#website\"},\"primaryImageOfPage\":{\"@id\":\"https:\\\/\\\/lovme.pt\\\/index.php\\\/produto\\\/alive-kit-tres-aneis-de-prazer-sensual\\\/#primaryimage\"},\"image\":{\"@id\":\"https:\\\/\\\/lovme.pt\\\/index.php\\\/produto\\\/alive-kit-tres-aneis-de-prazer-sensual\\\/#primaryimage\"},\"thumbnailUrl\":\"https:\\\/\\\/erki24nd3ub.exactdn.com\\\/wp-content\\\/uploads\\\/dream\\\/img\\\/img_177924_9ae6168f32f8af7d234c7e0d2819f6c9_1.jpg?strip=all\",\"datePublished\":\"2025-10-01T02:57:57+00:00\",\"dateModified\":\"2026-02-19T20:22:04+00:00\",\"breadcrumb\":{\"@id\":\"https:\\\/\\\/lovme.pt\\\/index.php\\\/produto\\\/alive-kit-tres-aneis-de-prazer-sensual\\\/#breadcrumb\"},\"inLanguage\":\"pt-PT\",\"potentialAction\":[{\"@type\":\"ReadAction\",\"target\":[\"https:\\\/\\\/lovme.pt\\\/index.php\\\/produto\\\/alive-kit-tres-aneis-de-prazer-sensual\\\/\"]}]},{\"@type\":\"ImageObject\",\"inLanguage\":\"pt-PT\",\"@id\":\"https:\\\/\\\/lovme.pt\\\/index.php\\\/produto\\\/alive-kit-tres-aneis-de-prazer-sensual\\\/#primaryimage\",\"url\":\"https:\\\/\\\/erki24nd3ub.exactdn.com\\\/wp-content\\\/uploads\\\/dream\\\/img\\\/img_177924_9ae6168f32f8af7d234c7e0d2819f6c9_1.jpg?strip=all\",\"contentUrl\":\"https:\\\/\\\/erki24nd3ub.exactdn.com\\\/wp-content\\\/uploads\\\/dream\\\/img\\\/img_177924_9ae6168f32f8af7d234c7e0d2819f6c9_1.jpg?strip=all\",\"width\":800,\"height\":800},{\"@type\":\"BreadcrumbList\",\"@id\":\"https:\\\/\\\/lovme.pt\\\/index.php\\\/produto\\\/alive-kit-tres-aneis-de-prazer-sensual\\\/#breadcrumb\",\"itemListElement\":[{\"@type\":\"ListItem\",\"position\":1,\"name\":\"In\u00edcio\",\"item\":\"https:\\\/\\\/lovme.pt\\\/\"},{\"@type\":\"ListItem\",\"position\":2,\"name\":\"Loja\",\"item\":\"https:\\\/\\\/lovme.pt\\\/index.php\\\/loja\\\/\"},{\"@type\":\"ListItem\",\"position\":3,\"name\":\"ALIVE &#8211; KIT TR\u00caS AN\u00c9IS DE PRAZER SENSUAL\"}]},{\"@type\":\"WebSite\",\"@id\":\"https:\\\/\\\/lovme.pt\\\/#website\",\"url\":\"https:\\\/\\\/lovme.pt\\\/\",\"name\":\"Lovme Loja Er\u00f3tica N\u00ba1 em Portugal\",\"description\":\"A melhor loja er\u00f3tica de Portugal.\",\"alternateName\":\"Loja Er\u00f3tica Lovme\",\"potentialAction\":[{\"@type\":\"SearchAction\",\"target\":{\"@type\":\"EntryPoint\",\"urlTemplate\":\"https:\\\/\\\/lovme.pt\\\/?s={search_term_string}\"},\"query-input\":{\"@type\":\"PropertyValueSpecification\",\"valueRequired\":true,\"valueName\":\"search_term_string\"}}],\"inLanguage\":\"pt-PT\"}]}<\/script>\n<!-- \/ Yoast SEO plugin. -->","yoast_head_json":{"title":"ALIVE - KIT TR\u00caS AN\u00c9IS DE PRAZER SENSUAL - Lovme","robots":{"index":"index","follow":"follow","max-snippet":"max-snippet:-1","max-image-preview":"max-image-preview:large","max-video-preview":"max-video-preview:-1"},"canonical":"https:\/\/lovme.pt\/index.php\/produto\/alive-kit-tres-aneis-de-prazer-sensual\/","og_locale":"pt_PT","og_type":"article","og_title":"ALIVE - KIT TR\u00caS AN\u00c9IS DE PRAZER SENSUAL - Lovme","og_description":"ALIVE - KIT TR\u00caS AN\u00c9IS DE PRAZER SENSUAL","og_url":"https:\/\/lovme.pt\/index.php\/produto\/alive-kit-tres-aneis-de-prazer-sensual\/","og_site_name":"Lovme","article_modified_time":"2026-02-19T20:22:04+00:00","og_image":[{"width":800,"height":800,"url":"https:\/\/erki24nd3ub.exactdn.com\/wp-content\/uploads\/dream\/img\/img_177924_9ae6168f32f8af7d234c7e0d2819f6c9_1.jpg?strip=all","type":"image\/jpeg"}],"twitter_card":"summary_large_image","twitter_misc":{"Tempo estimado de leitura":"2 minutos"},"schema":{"@context":"https:\/\/schema.org","@graph":[{"@type":"WebPage","@id":"https:\/\/lovme.pt\/index.php\/produto\/alive-kit-tres-aneis-de-prazer-sensual\/","url":"https:\/\/lovme.pt\/index.php\/produto\/alive-kit-tres-aneis-de-prazer-sensual\/","name":"ALIVE - KIT TR\u00caS AN\u00c9IS DE PRAZER SENSUAL - Lovme","isPartOf":{"@id":"https:\/\/lovme.pt\/#website"},"primaryImageOfPage":{"@id":"https:\/\/lovme.pt\/index.php\/produto\/alive-kit-tres-aneis-de-prazer-sensual\/#primaryimage"},"image":{"@id":"https:\/\/lovme.pt\/index.php\/produto\/alive-kit-tres-aneis-de-prazer-sensual\/#primaryimage"},"thumbnailUrl":"https:\/\/erki24nd3ub.exactdn.com\/wp-content\/uploads\/dream\/img\/img_177924_9ae6168f32f8af7d234c7e0d2819f6c9_1.jpg?strip=all","datePublished":"2025-10-01T02:57:57+00:00","dateModified":"2026-02-19T20:22:04+00:00","breadcrumb":{"@id":"https:\/\/lovme.pt\/index.php\/produto\/alive-kit-tres-aneis-de-prazer-sensual\/#breadcrumb"},"inLanguage":"pt-PT","potentialAction":[{"@type":"ReadAction","target":["https:\/\/lovme.pt\/index.php\/produto\/alive-kit-tres-aneis-de-prazer-sensual\/"]}]},{"@type":"ImageObject","inLanguage":"pt-PT","@id":"https:\/\/lovme.pt\/index.php\/produto\/alive-kit-tres-aneis-de-prazer-sensual\/#primaryimage","url":"https:\/\/erki24nd3ub.exactdn.com\/wp-content\/uploads\/dream\/img\/img_177924_9ae6168f32f8af7d234c7e0d2819f6c9_1.jpg?strip=all","contentUrl":"https:\/\/erki24nd3ub.exactdn.com\/wp-content\/uploads\/dream\/img\/img_177924_9ae6168f32f8af7d234c7e0d2819f6c9_1.jpg?strip=all","width":800,"height":800},{"@type":"BreadcrumbList","@id":"https:\/\/lovme.pt\/index.php\/produto\/alive-kit-tres-aneis-de-prazer-sensual\/#breadcrumb","itemListElement":[{"@type":"ListItem","position":1,"name":"In\u00edcio","item":"https:\/\/lovme.pt\/"},{"@type":"ListItem","position":2,"name":"Loja","item":"https:\/\/lovme.pt\/index.php\/loja\/"},{"@type":"ListItem","position":3,"name":"ALIVE &#8211; KIT TR\u00caS AN\u00c9IS DE PRAZER SENSUAL"}]},{"@type":"WebSite","@id":"https:\/\/lovme.pt\/#website","url":"https:\/\/lovme.pt\/","name":"Lovme Loja Er\u00f3tica N\u00ba1 em Portugal","description":"A melhor loja er\u00f3tica de Portugal.","alternateName":"Loja Er\u00f3tica Lovme","potentialAction":[{"@type":"SearchAction","target":{"@type":"EntryPoint","urlTemplate":"https:\/\/lovme.pt\/?s={search_term_string}"},"query-input":{"@type":"PropertyValueSpecification","valueRequired":true,"valueName":"search_term_string"}}],"inLanguage":"pt-PT"}]}},"_links":{"self":[{"href":"https:\/\/lovme.pt\/index.php\/wp-json\/wp\/v2\/product\/48563","targetHints":{"allow":["GET"]}}],"collection":[{"href":"https:\/\/lovme.pt\/index.php\/wp-json\/wp\/v2\/product"}],"about":[{"href":"https:\/\/lovme.pt\/index.php\/wp-json\/wp\/v2\/types\/product"}],"wp:featuredmedia":[{"embeddable":true,"href":"https:\/\/lovme.pt\/index.php\/wp-json\/wp\/v2\/media\/100467"}],"wp:attachment":[{"href":"https:\/\/lovme.pt\/index.php\/wp-json\/wp\/v2\/media?parent=48563"}],"wp:term":[{"taxonomy":"product_brand","embeddable":true,"href":"https:\/\/lovme.pt\/index.php\/wp-json\/wp\/v2\/product_brand?post=48563"},{"taxonomy":"product_cat","embeddable":true,"href":"https:\/\/lovme.pt\/index.php\/wp-json\/wp\/v2\/product_cat?post=48563"},{"taxonomy":"product_tag","embeddable":true,"href":"https:\/\/lovme.pt\/index.php\/wp-json\/wp\/v2\/product_tag?post=48563"}],"curies":[{"name":"wp","href":"https:\/\/api.w.org\/{rel}","templated":true}]}}