{"id":48562,"date":"2025-10-01T02:49:01","date_gmt":"2025-10-01T02:49:01","guid":{"rendered":"https:\/\/lovme.pt\/?post_type=product&p=48562"},"modified":"2026-04-01T01:31:35","modified_gmt":"2026-04-01T01:31:35","slug":"alive-estimulador-anal-black-heart-teal","status":"publish","type":"product","link":"https:\/\/lovme.pt\/index.php\/produto\/alive-estimulador-anal-black-heart-teal\/","title":{"rendered":"ALIVE &#8211; ESTIMULADOR ANAL BLACK HEART TEAL"},"content":{"rendered":"<p><u><strong>DESCUBRA O CORA\u00c7\u00c3O NEGRO<\/strong><\/u><\/p>\n<p> Mergulhe em uma experi\u00eancia de prazer incompar\u00e1vel com o Black Heart, um estimulador primorosamente projetado para oferecer uma penetra\u00e7\u00e3o deliciosa. Este dispositivo inovador \u00e9 criado com silicone de toque aveludado, proporcionando uma sensa\u00e7\u00e3o suave e luxuosa que transforma cada uso em um momento de pura indulg\u00eancia.<\/p>\n<p> O Black Heart est\u00e1 equipado com diversas curvas estrat\u00e9gicas que massageiam eficazmente as partes \u00edntimas, proporcionando uma estimula\u00e7\u00e3o precisa e envolvente. Cada curva foi meticulosamente desenhada para maximizar o prazer, permitindo que o dispositivo deslize com facilidade e se adapte perfeitamente \u00e0 sua anatomia.<\/p>\n<p> A flexibilidade do material, aliada ao seu design ergon\u00f4mico, garantem que o Black Heart se adapte perfeitamente a cada contorno do corpo, oferecendo uma experi\u00eancia confort\u00e1vel e natural. A sua capacidade de adapta\u00e7\u00e3o ideal garante uma intera\u00e7\u00e3o suave e agrad\u00e1vel, permitindo-lhe desfrutar de longas sess\u00f5es sem desconforto.<\/p>\n<p> Experimente os prazeres infinitos que Black Heart oferece. Com seu design pensado para uma penetra\u00e7\u00e3o deliciosa e curvas sedutoras, este estimulador se torna seu aliado perfeito para descobrir um novo n\u00edvel de satisfa\u00e7\u00e3o. Desfrute de uma aventura \u00edntima inesquec\u00edvel com o Black Heart, onde cada uso se torna uma oportunidade de experimentar um prazer profundo e requintado.<\/p>\n<div>\n<p> <u><strong>CARACTER\u00cdSTICAS:<\/strong><\/u><\/p>\n<ul>\n<li> Estimulador anal<\/li>\n<li> 100% silicone<\/li>\n<li> Ergon\u00f4mico<\/li>\n<li> <u>Dimens\u00f5es<\/u> : Comprimento 17,7 cm \/\/ Di\u00e2metro 3,6 cm<\/li>\n<li> \u00c0 prova d\u00e1gua<\/li>\n<\/ul>\n<p> <u><strong>PROPRIEDADES:<\/strong><\/u><\/p>\n<ul>\n<li> <strong>LIMPEZA:<\/strong> Limpe bem o brinquedo antes e depois de cada uso com \u00e1gua morna e sab\u00e3o neutro.<\/li>\n<li> <strong>ARMAZENAMENTO:<\/strong> Guarde seu brinquedo em local livre de poeira e mantenha-o longe de brinquedos feitos de outros materiais. Evite deix\u00e1-lo exposto \u00e0 luz solar direta e NUNCA exponha-o a calor extremo.<\/li>\n<li> <strong>DICAS DE USO:<\/strong> Recomenda o uso de lubrificantes \u00e0 base de \u00e1gua para inser\u00e7\u00e3o f\u00e1cil e suave de todos os produtos de silicone. N\u00e3o utilize lubrificantes, \u00f3leos ou cremes de silicone com qualquer produto de silicone, pois podem degradar o material do produto e limitar o seu desempenho e vida \u00fatil.<\/li>\n<\/ul>\n<\/div>\n","protected":false},"excerpt":{"rendered":"<p>ALIVE &#8211; ESTIMULADOR ANAL BLACK HEART TEAL<\/p>\n","protected":false},"featured_media":99196,"template":"","meta":{"_acf_changed":false},"product_brand":[],"product_cat":[17,62,63],"product_tag":[],"class_list":{"0":"post-48562","1":"product","2":"type-product","3":"status-publish","4":"has-post-thumbnail","6":"product_cat-brinquedos-de-bem-estar-sexual","7":"product_cat-plugues-e-correntes-anais","8":"product_cat-sexo-anal","9":"yith_product_brand-alive","11":"first","12":"instock","13":"taxable","14":"shipping-taxable","15":"purchasable","16":"product-type-simple"},"acf":[],"yoast_head":"<!-- This site is optimized with the Yoast SEO plugin v27.4 - https:\/\/yoast.com\/product\/yoast-seo-wordpress\/ -->\n<title>ALIVE - ESTIMULADOR ANAL BLACK HEART TEAL - Lovme<\/title>\n<meta name=\"robots\" content=\"index, follow, max-snippet:-1, max-image-preview:large, max-video-preview:-1\" \/>\n<link rel=\"canonical\" href=\"https:\/\/lovme.pt\/index.php\/produto\/alive-estimulador-anal-black-heart-teal\/\" \/>\n<meta property=\"og:locale\" content=\"pt_PT\" \/>\n<meta property=\"og:type\" content=\"article\" \/>\n<meta property=\"og:title\" content=\"ALIVE - ESTIMULADOR ANAL BLACK HEART TEAL - Lovme\" \/>\n<meta property=\"og:description\" content=\"ALIVE - ESTIMULADOR ANAL BLACK HEART TEAL\" \/>\n<meta property=\"og:url\" content=\"https:\/\/lovme.pt\/index.php\/produto\/alive-estimulador-anal-black-heart-teal\/\" \/>\n<meta property=\"og:site_name\" content=\"Lovme\" \/>\n<meta property=\"article:modified_time\" content=\"2026-04-01T01:31:35+00:00\" \/>\n<meta property=\"og:image\" content=\"https:\/\/erki24nd3ub.exactdn.com\/wp-content\/uploads\/dream\/img\/img_177916_2cccce3ff4683b9fa2dd55540b156dba_1.jpg?strip=all\" \/>\n\t<meta property=\"og:image:width\" content=\"800\" \/>\n\t<meta property=\"og:image:height\" content=\"800\" \/>\n\t<meta property=\"og:image:type\" content=\"image\/jpeg\" \/>\n<meta name=\"twitter:card\" content=\"summary_large_image\" \/>\n<meta name=\"twitter:label1\" content=\"Tempo estimado de leitura\" \/>\n\t<meta name=\"twitter:data1\" content=\"2 minutos\" \/>\n<script type=\"application\/ld+json\" class=\"yoast-schema-graph\">{\"@context\":\"https:\\\/\\\/schema.org\",\"@graph\":[{\"@type\":\"WebPage\",\"@id\":\"https:\\\/\\\/lovme.pt\\\/index.php\\\/produto\\\/alive-estimulador-anal-black-heart-teal\\\/\",\"url\":\"https:\\\/\\\/lovme.pt\\\/index.php\\\/produto\\\/alive-estimulador-anal-black-heart-teal\\\/\",\"name\":\"ALIVE - ESTIMULADOR ANAL BLACK HEART TEAL - Lovme\",\"isPartOf\":{\"@id\":\"https:\\\/\\\/lovme.pt\\\/#website\"},\"primaryImageOfPage\":{\"@id\":\"https:\\\/\\\/lovme.pt\\\/index.php\\\/produto\\\/alive-estimulador-anal-black-heart-teal\\\/#primaryimage\"},\"image\":{\"@id\":\"https:\\\/\\\/lovme.pt\\\/index.php\\\/produto\\\/alive-estimulador-anal-black-heart-teal\\\/#primaryimage\"},\"thumbnailUrl\":\"https:\\\/\\\/erki24nd3ub.exactdn.com\\\/wp-content\\\/uploads\\\/dream\\\/img\\\/img_177916_2cccce3ff4683b9fa2dd55540b156dba_1.jpg?strip=all\",\"datePublished\":\"2025-10-01T02:49:01+00:00\",\"dateModified\":\"2026-04-01T01:31:35+00:00\",\"breadcrumb\":{\"@id\":\"https:\\\/\\\/lovme.pt\\\/index.php\\\/produto\\\/alive-estimulador-anal-black-heart-teal\\\/#breadcrumb\"},\"inLanguage\":\"pt-PT\",\"potentialAction\":[{\"@type\":\"ReadAction\",\"target\":[\"https:\\\/\\\/lovme.pt\\\/index.php\\\/produto\\\/alive-estimulador-anal-black-heart-teal\\\/\"]}]},{\"@type\":\"ImageObject\",\"inLanguage\":\"pt-PT\",\"@id\":\"https:\\\/\\\/lovme.pt\\\/index.php\\\/produto\\\/alive-estimulador-anal-black-heart-teal\\\/#primaryimage\",\"url\":\"https:\\\/\\\/erki24nd3ub.exactdn.com\\\/wp-content\\\/uploads\\\/dream\\\/img\\\/img_177916_2cccce3ff4683b9fa2dd55540b156dba_1.jpg?strip=all\",\"contentUrl\":\"https:\\\/\\\/erki24nd3ub.exactdn.com\\\/wp-content\\\/uploads\\\/dream\\\/img\\\/img_177916_2cccce3ff4683b9fa2dd55540b156dba_1.jpg?strip=all\",\"width\":800,\"height\":800},{\"@type\":\"BreadcrumbList\",\"@id\":\"https:\\\/\\\/lovme.pt\\\/index.php\\\/produto\\\/alive-estimulador-anal-black-heart-teal\\\/#breadcrumb\",\"itemListElement\":[{\"@type\":\"ListItem\",\"position\":1,\"name\":\"In\u00edcio\",\"item\":\"https:\\\/\\\/lovme.pt\\\/\"},{\"@type\":\"ListItem\",\"position\":2,\"name\":\"Loja\",\"item\":\"https:\\\/\\\/lovme.pt\\\/index.php\\\/loja\\\/\"},{\"@type\":\"ListItem\",\"position\":3,\"name\":\"ALIVE &#8211; ESTIMULADOR ANAL BLACK HEART TEAL\"}]},{\"@type\":\"WebSite\",\"@id\":\"https:\\\/\\\/lovme.pt\\\/#website\",\"url\":\"https:\\\/\\\/lovme.pt\\\/\",\"name\":\"Lovme Loja Er\u00f3tica N\u00ba1 em Portugal\",\"description\":\"A melhor loja er\u00f3tica de Portugal.\",\"alternateName\":\"Loja Er\u00f3tica Lovme\",\"potentialAction\":[{\"@type\":\"SearchAction\",\"target\":{\"@type\":\"EntryPoint\",\"urlTemplate\":\"https:\\\/\\\/lovme.pt\\\/?s={search_term_string}\"},\"query-input\":{\"@type\":\"PropertyValueSpecification\",\"valueRequired\":true,\"valueName\":\"search_term_string\"}}],\"inLanguage\":\"pt-PT\"}]}<\/script>\n<!-- \/ Yoast SEO plugin. -->","yoast_head_json":{"title":"ALIVE - ESTIMULADOR ANAL BLACK HEART TEAL - Lovme","robots":{"index":"index","follow":"follow","max-snippet":"max-snippet:-1","max-image-preview":"max-image-preview:large","max-video-preview":"max-video-preview:-1"},"canonical":"https:\/\/lovme.pt\/index.php\/produto\/alive-estimulador-anal-black-heart-teal\/","og_locale":"pt_PT","og_type":"article","og_title":"ALIVE - ESTIMULADOR ANAL BLACK HEART TEAL - Lovme","og_description":"ALIVE - ESTIMULADOR ANAL BLACK HEART TEAL","og_url":"https:\/\/lovme.pt\/index.php\/produto\/alive-estimulador-anal-black-heart-teal\/","og_site_name":"Lovme","article_modified_time":"2026-04-01T01:31:35+00:00","og_image":[{"width":800,"height":800,"url":"https:\/\/erki24nd3ub.exactdn.com\/wp-content\/uploads\/dream\/img\/img_177916_2cccce3ff4683b9fa2dd55540b156dba_1.jpg?strip=all","type":"image\/jpeg"}],"twitter_card":"summary_large_image","twitter_misc":{"Tempo estimado de leitura":"2 minutos"},"schema":{"@context":"https:\/\/schema.org","@graph":[{"@type":"WebPage","@id":"https:\/\/lovme.pt\/index.php\/produto\/alive-estimulador-anal-black-heart-teal\/","url":"https:\/\/lovme.pt\/index.php\/produto\/alive-estimulador-anal-black-heart-teal\/","name":"ALIVE - ESTIMULADOR ANAL BLACK HEART TEAL - Lovme","isPartOf":{"@id":"https:\/\/lovme.pt\/#website"},"primaryImageOfPage":{"@id":"https:\/\/lovme.pt\/index.php\/produto\/alive-estimulador-anal-black-heart-teal\/#primaryimage"},"image":{"@id":"https:\/\/lovme.pt\/index.php\/produto\/alive-estimulador-anal-black-heart-teal\/#primaryimage"},"thumbnailUrl":"https:\/\/erki24nd3ub.exactdn.com\/wp-content\/uploads\/dream\/img\/img_177916_2cccce3ff4683b9fa2dd55540b156dba_1.jpg?strip=all","datePublished":"2025-10-01T02:49:01+00:00","dateModified":"2026-04-01T01:31:35+00:00","breadcrumb":{"@id":"https:\/\/lovme.pt\/index.php\/produto\/alive-estimulador-anal-black-heart-teal\/#breadcrumb"},"inLanguage":"pt-PT","potentialAction":[{"@type":"ReadAction","target":["https:\/\/lovme.pt\/index.php\/produto\/alive-estimulador-anal-black-heart-teal\/"]}]},{"@type":"ImageObject","inLanguage":"pt-PT","@id":"https:\/\/lovme.pt\/index.php\/produto\/alive-estimulador-anal-black-heart-teal\/#primaryimage","url":"https:\/\/erki24nd3ub.exactdn.com\/wp-content\/uploads\/dream\/img\/img_177916_2cccce3ff4683b9fa2dd55540b156dba_1.jpg?strip=all","contentUrl":"https:\/\/erki24nd3ub.exactdn.com\/wp-content\/uploads\/dream\/img\/img_177916_2cccce3ff4683b9fa2dd55540b156dba_1.jpg?strip=all","width":800,"height":800},{"@type":"BreadcrumbList","@id":"https:\/\/lovme.pt\/index.php\/produto\/alive-estimulador-anal-black-heart-teal\/#breadcrumb","itemListElement":[{"@type":"ListItem","position":1,"name":"In\u00edcio","item":"https:\/\/lovme.pt\/"},{"@type":"ListItem","position":2,"name":"Loja","item":"https:\/\/lovme.pt\/index.php\/loja\/"},{"@type":"ListItem","position":3,"name":"ALIVE &#8211; ESTIMULADOR ANAL BLACK HEART TEAL"}]},{"@type":"WebSite","@id":"https:\/\/lovme.pt\/#website","url":"https:\/\/lovme.pt\/","name":"Lovme Loja Er\u00f3tica N\u00ba1 em Portugal","description":"A melhor loja er\u00f3tica de Portugal.","alternateName":"Loja Er\u00f3tica Lovme","potentialAction":[{"@type":"SearchAction","target":{"@type":"EntryPoint","urlTemplate":"https:\/\/lovme.pt\/?s={search_term_string}"},"query-input":{"@type":"PropertyValueSpecification","valueRequired":true,"valueName":"search_term_string"}}],"inLanguage":"pt-PT"}]}},"_links":{"self":[{"href":"https:\/\/lovme.pt\/index.php\/wp-json\/wp\/v2\/product\/48562","targetHints":{"allow":["GET"]}}],"collection":[{"href":"https:\/\/lovme.pt\/index.php\/wp-json\/wp\/v2\/product"}],"about":[{"href":"https:\/\/lovme.pt\/index.php\/wp-json\/wp\/v2\/types\/product"}],"wp:featuredmedia":[{"embeddable":true,"href":"https:\/\/lovme.pt\/index.php\/wp-json\/wp\/v2\/media\/99196"}],"wp:attachment":[{"href":"https:\/\/lovme.pt\/index.php\/wp-json\/wp\/v2\/media?parent=48562"}],"wp:term":[{"taxonomy":"product_brand","embeddable":true,"href":"https:\/\/lovme.pt\/index.php\/wp-json\/wp\/v2\/product_brand?post=48562"},{"taxonomy":"product_cat","embeddable":true,"href":"https:\/\/lovme.pt\/index.php\/wp-json\/wp\/v2\/product_cat?post=48562"},{"taxonomy":"product_tag","embeddable":true,"href":"https:\/\/lovme.pt\/index.php\/wp-json\/wp\/v2\/product_tag?post=48562"}],"curies":[{"name":"wp","href":"https:\/\/api.w.org\/{rel}","templated":true}]}}