{"id":48561,"date":"2025-10-01T02:59:20","date_gmt":"2025-10-01T02:59:20","guid":{"rendered":"https:\/\/lovme.pt\/?post_type=product&p=48561"},"modified":"2026-04-01T00:42:47","modified_gmt":"2026-04-01T00:42:47","slug":"alive-estimulador-anal-lance-pro-rosa","status":"publish","type":"product","link":"https:\/\/lovme.pt\/index.php\/produto\/alive-estimulador-anal-lance-pro-rosa\/","title":{"rendered":"ALIVE &#8211; ESTIMULADOR ANAL LANCE PRO ROSA"},"content":{"rendered":"<p><u><strong>DESCUBRA LANCE PRO<\/strong><\/u><\/p>\n<p>Descubra prazeres sem fim com o Lance Pro, o estimulador de silicone com toque aveludado projetado para proporcionar as experi\u00eancias mais intensas e satisfat\u00f3rias. Este dispositivo inovador foi meticulosamente criado para oferecer prazer supremo, adaptando-se de forma ideal e suave \u00e0 anatomia de cada usu\u00e1rio.<\/p>\n<p>Lance Pro est\u00e1 dispon\u00edvel Equipado com diversas curvas estrategicamente posicionadas para massagear eficazmente as partes \u00edntimas. Cada curva \u00e9 projetada para estimular com precis\u00e3o, proporcionando uma sensa\u00e7\u00e3o envolvente e profundamente satisfat\u00f3ria. A superf\u00edcie de silicone macia e de toque aveludado acrescenta um n\u00edvel extra de conforto e luxo, tornando cada utiliza\u00e7\u00e3o uma experi\u00eancia verdadeiramente prazerosa.<\/p>\n<p>Este estimulador n\u00e3o s\u00f3 se adapta perfeitamente \u00e0 forma do corpo, como tamb\u00e9m garante uma intera\u00e7\u00e3o suave e confort\u00e1vel, permitindo-lhe desfrutar de longas sess\u00f5es sem qualquer desconforto. A flexibilidade do material e o design ergon\u00f4mico garantem que cada movimento e cada curva se alinhem perfeitamente com as suas zonas er\u00f3genas, intensificando o prazer.<\/p>\n<p>Lance Pro \u00e9 mais do que apenas um estimulador; \u00c9 um convite para explorar novas dimens\u00f5es de prazer. O seu design sofisticado e a sua capacidade de oferecer sensa\u00e7\u00f5es variadas e profundas fazem dele o companheiro ideal para quem procura elevar o seu bem-estar \u00edntimo a n\u00edveis insuspeitados.<\/p>\n<p>Quer prefira clit\u00f3ris externo, mamilos ou vagina interna, estimula\u00e7\u00e3o do \u00e2nus, o Lance Pro \u00e9 adequado para todos os utilizadores, mesmo iniciantes, gra\u00e7as ao seu pequeno tamanho. ou perfeitamente adaptado.<\/p>\n<div>\n<p><u><strong>CARACTER\u00cdSTICAS:<\/strong><\/u><\/p>\n<ul>\n<li>Estimulador de silicone com toque aveludado<\/li>\n<li>Adapta-se de forma ideal e suave \u00e0 anatomia<\/li>\n<li><u>Dimens\u00f5es<\/u> : Comprimento 13,8 cm \/\/ Di\u00e2metro 3,9 cm<\/li>\n<li>N\u00famero de fun\u00e7\u00f5es: 10<\/li>\n<li>N\u00famero de motores: 1<\/li>\n<li>Impermeabiliza\u00e7\u00e3o: IPX5 resistente \u00e0 \u00e1gua<\/li>\n<li>USB recarreg\u00e1vel<\/li>\n<\/ul>\n<p>\u00a0<\/p>\n<p><u><strong>PROPRIEDADES:<\/strong><\/u><\/p>\n<ul>\n<li><strong>LIMPEZA:<\/strong> Limpe bem o brinquedo antes e depois de cada uso com \u00e1gua morna e sab\u00e3o neutro.<\/li>\n<li><strong>ARMAZENAMENTO:<\/strong> Guarde seu brinquedo em local livre de poeira e mantenha-o longe de brinquedos feitos de outros materiais. Evite deix\u00e1-lo exposto \u00e0 luz solar direta e NUNCA exponha-o a calor extremo.<\/li>\n<li><strong>DICAS DE USO:<\/strong> Recomenda o uso de lubrificantes \u00e0 base de \u00e1gua para inser\u00e7\u00e3o f\u00e1cil e suave de todos os produtos de silicone. N\u00e3o utilize lubrificantes, \u00f3leos ou cremes de silicone com qualquer produto de silicone, pois podem degradar o material do produto e limitar o seu desempenho e vida \u00fatil.<\/li>\n<\/ul>\n<\/div>\n","protected":false},"excerpt":{"rendered":"<p>ALIVE &#8211; ESTIMULADOR ANAL LANCE PRO ROSA<\/p>\n","protected":false},"featured_media":100665,"template":"","meta":{"_acf_changed":false},"product_brand":[],"product_cat":[17,63],"product_tag":[],"class_list":{"0":"post-48561","1":"product","2":"type-product","3":"status-publish","4":"has-post-thumbnail","6":"product_cat-brinquedos-de-bem-estar-sexual","7":"product_cat-sexo-anal","8":"yith_product_brand-alive","10":"first","11":"instock","12":"taxable","13":"shipping-taxable","14":"purchasable","15":"product-type-simple"},"acf":[],"yoast_head":"<!-- This site is optimized with the Yoast SEO plugin v27.4 - https:\/\/yoast.com\/product\/yoast-seo-wordpress\/ -->\n<title>ALIVE - ESTIMULADOR ANAL LANCE PRO ROSA - Lovme<\/title>\n<meta name=\"robots\" content=\"index, follow, max-snippet:-1, max-image-preview:large, max-video-preview:-1\" \/>\n<link rel=\"canonical\" href=\"https:\/\/lovme.pt\/index.php\/produto\/alive-estimulador-anal-lance-pro-rosa\/\" \/>\n<meta property=\"og:locale\" content=\"pt_PT\" \/>\n<meta property=\"og:type\" content=\"article\" \/>\n<meta property=\"og:title\" content=\"ALIVE - ESTIMULADOR ANAL LANCE PRO ROSA - Lovme\" \/>\n<meta property=\"og:description\" content=\"ALIVE - ESTIMULADOR ANAL LANCE PRO ROSA\" \/>\n<meta property=\"og:url\" content=\"https:\/\/lovme.pt\/index.php\/produto\/alive-estimulador-anal-lance-pro-rosa\/\" \/>\n<meta property=\"og:site_name\" content=\"Lovme\" \/>\n<meta property=\"article:modified_time\" content=\"2026-04-01T00:42:47+00:00\" \/>\n<meta property=\"og:image\" content=\"https:\/\/erki24nd3ub.exactdn.com\/wp-content\/uploads\/dream\/img\/img_177911_6a7fcaa7bbc4b6353a65e6a3462dc2ac_1.jpg?strip=all\" \/>\n\t<meta property=\"og:image:width\" content=\"800\" \/>\n\t<meta property=\"og:image:height\" content=\"800\" \/>\n\t<meta property=\"og:image:type\" content=\"image\/jpeg\" \/>\n<meta name=\"twitter:card\" content=\"summary_large_image\" \/>\n<meta name=\"twitter:label1\" content=\"Tempo estimado de leitura\" \/>\n\t<meta name=\"twitter:data1\" content=\"2 minutos\" \/>\n<script type=\"application\/ld+json\" class=\"yoast-schema-graph\">{\"@context\":\"https:\\\/\\\/schema.org\",\"@graph\":[{\"@type\":\"WebPage\",\"@id\":\"https:\\\/\\\/lovme.pt\\\/index.php\\\/produto\\\/alive-estimulador-anal-lance-pro-rosa\\\/\",\"url\":\"https:\\\/\\\/lovme.pt\\\/index.php\\\/produto\\\/alive-estimulador-anal-lance-pro-rosa\\\/\",\"name\":\"ALIVE - ESTIMULADOR ANAL LANCE PRO ROSA - Lovme\",\"isPartOf\":{\"@id\":\"https:\\\/\\\/lovme.pt\\\/#website\"},\"primaryImageOfPage\":{\"@id\":\"https:\\\/\\\/lovme.pt\\\/index.php\\\/produto\\\/alive-estimulador-anal-lance-pro-rosa\\\/#primaryimage\"},\"image\":{\"@id\":\"https:\\\/\\\/lovme.pt\\\/index.php\\\/produto\\\/alive-estimulador-anal-lance-pro-rosa\\\/#primaryimage\"},\"thumbnailUrl\":\"https:\\\/\\\/erki24nd3ub.exactdn.com\\\/wp-content\\\/uploads\\\/dream\\\/img\\\/img_177911_6a7fcaa7bbc4b6353a65e6a3462dc2ac_1.jpg?strip=all\",\"datePublished\":\"2025-10-01T02:59:20+00:00\",\"dateModified\":\"2026-04-01T00:42:47+00:00\",\"breadcrumb\":{\"@id\":\"https:\\\/\\\/lovme.pt\\\/index.php\\\/produto\\\/alive-estimulador-anal-lance-pro-rosa\\\/#breadcrumb\"},\"inLanguage\":\"pt-PT\",\"potentialAction\":[{\"@type\":\"ReadAction\",\"target\":[\"https:\\\/\\\/lovme.pt\\\/index.php\\\/produto\\\/alive-estimulador-anal-lance-pro-rosa\\\/\"]}]},{\"@type\":\"ImageObject\",\"inLanguage\":\"pt-PT\",\"@id\":\"https:\\\/\\\/lovme.pt\\\/index.php\\\/produto\\\/alive-estimulador-anal-lance-pro-rosa\\\/#primaryimage\",\"url\":\"https:\\\/\\\/erki24nd3ub.exactdn.com\\\/wp-content\\\/uploads\\\/dream\\\/img\\\/img_177911_6a7fcaa7bbc4b6353a65e6a3462dc2ac_1.jpg?strip=all\",\"contentUrl\":\"https:\\\/\\\/erki24nd3ub.exactdn.com\\\/wp-content\\\/uploads\\\/dream\\\/img\\\/img_177911_6a7fcaa7bbc4b6353a65e6a3462dc2ac_1.jpg?strip=all\",\"width\":800,\"height\":800},{\"@type\":\"BreadcrumbList\",\"@id\":\"https:\\\/\\\/lovme.pt\\\/index.php\\\/produto\\\/alive-estimulador-anal-lance-pro-rosa\\\/#breadcrumb\",\"itemListElement\":[{\"@type\":\"ListItem\",\"position\":1,\"name\":\"In\u00edcio\",\"item\":\"https:\\\/\\\/lovme.pt\\\/\"},{\"@type\":\"ListItem\",\"position\":2,\"name\":\"Loja\",\"item\":\"https:\\\/\\\/lovme.pt\\\/index.php\\\/loja\\\/\"},{\"@type\":\"ListItem\",\"position\":3,\"name\":\"ALIVE &#8211; ESTIMULADOR ANAL LANCE PRO ROSA\"}]},{\"@type\":\"WebSite\",\"@id\":\"https:\\\/\\\/lovme.pt\\\/#website\",\"url\":\"https:\\\/\\\/lovme.pt\\\/\",\"name\":\"Lovme Loja Er\u00f3tica N\u00ba1 em Portugal\",\"description\":\"A melhor loja er\u00f3tica de Portugal.\",\"alternateName\":\"Loja Er\u00f3tica Lovme\",\"potentialAction\":[{\"@type\":\"SearchAction\",\"target\":{\"@type\":\"EntryPoint\",\"urlTemplate\":\"https:\\\/\\\/lovme.pt\\\/?s={search_term_string}\"},\"query-input\":{\"@type\":\"PropertyValueSpecification\",\"valueRequired\":true,\"valueName\":\"search_term_string\"}}],\"inLanguage\":\"pt-PT\"}]}<\/script>\n<!-- \/ Yoast SEO plugin. -->","yoast_head_json":{"title":"ALIVE - ESTIMULADOR ANAL LANCE PRO ROSA - Lovme","robots":{"index":"index","follow":"follow","max-snippet":"max-snippet:-1","max-image-preview":"max-image-preview:large","max-video-preview":"max-video-preview:-1"},"canonical":"https:\/\/lovme.pt\/index.php\/produto\/alive-estimulador-anal-lance-pro-rosa\/","og_locale":"pt_PT","og_type":"article","og_title":"ALIVE - ESTIMULADOR ANAL LANCE PRO ROSA - Lovme","og_description":"ALIVE - ESTIMULADOR ANAL LANCE PRO ROSA","og_url":"https:\/\/lovme.pt\/index.php\/produto\/alive-estimulador-anal-lance-pro-rosa\/","og_site_name":"Lovme","article_modified_time":"2026-04-01T00:42:47+00:00","og_image":[{"width":800,"height":800,"url":"https:\/\/erki24nd3ub.exactdn.com\/wp-content\/uploads\/dream\/img\/img_177911_6a7fcaa7bbc4b6353a65e6a3462dc2ac_1.jpg?strip=all","type":"image\/jpeg"}],"twitter_card":"summary_large_image","twitter_misc":{"Tempo estimado de leitura":"2 minutos"},"schema":{"@context":"https:\/\/schema.org","@graph":[{"@type":"WebPage","@id":"https:\/\/lovme.pt\/index.php\/produto\/alive-estimulador-anal-lance-pro-rosa\/","url":"https:\/\/lovme.pt\/index.php\/produto\/alive-estimulador-anal-lance-pro-rosa\/","name":"ALIVE - ESTIMULADOR ANAL LANCE PRO ROSA - Lovme","isPartOf":{"@id":"https:\/\/lovme.pt\/#website"},"primaryImageOfPage":{"@id":"https:\/\/lovme.pt\/index.php\/produto\/alive-estimulador-anal-lance-pro-rosa\/#primaryimage"},"image":{"@id":"https:\/\/lovme.pt\/index.php\/produto\/alive-estimulador-anal-lance-pro-rosa\/#primaryimage"},"thumbnailUrl":"https:\/\/erki24nd3ub.exactdn.com\/wp-content\/uploads\/dream\/img\/img_177911_6a7fcaa7bbc4b6353a65e6a3462dc2ac_1.jpg?strip=all","datePublished":"2025-10-01T02:59:20+00:00","dateModified":"2026-04-01T00:42:47+00:00","breadcrumb":{"@id":"https:\/\/lovme.pt\/index.php\/produto\/alive-estimulador-anal-lance-pro-rosa\/#breadcrumb"},"inLanguage":"pt-PT","potentialAction":[{"@type":"ReadAction","target":["https:\/\/lovme.pt\/index.php\/produto\/alive-estimulador-anal-lance-pro-rosa\/"]}]},{"@type":"ImageObject","inLanguage":"pt-PT","@id":"https:\/\/lovme.pt\/index.php\/produto\/alive-estimulador-anal-lance-pro-rosa\/#primaryimage","url":"https:\/\/erki24nd3ub.exactdn.com\/wp-content\/uploads\/dream\/img\/img_177911_6a7fcaa7bbc4b6353a65e6a3462dc2ac_1.jpg?strip=all","contentUrl":"https:\/\/erki24nd3ub.exactdn.com\/wp-content\/uploads\/dream\/img\/img_177911_6a7fcaa7bbc4b6353a65e6a3462dc2ac_1.jpg?strip=all","width":800,"height":800},{"@type":"BreadcrumbList","@id":"https:\/\/lovme.pt\/index.php\/produto\/alive-estimulador-anal-lance-pro-rosa\/#breadcrumb","itemListElement":[{"@type":"ListItem","position":1,"name":"In\u00edcio","item":"https:\/\/lovme.pt\/"},{"@type":"ListItem","position":2,"name":"Loja","item":"https:\/\/lovme.pt\/index.php\/loja\/"},{"@type":"ListItem","position":3,"name":"ALIVE &#8211; ESTIMULADOR ANAL LANCE PRO ROSA"}]},{"@type":"WebSite","@id":"https:\/\/lovme.pt\/#website","url":"https:\/\/lovme.pt\/","name":"Lovme Loja Er\u00f3tica N\u00ba1 em Portugal","description":"A melhor loja er\u00f3tica de Portugal.","alternateName":"Loja Er\u00f3tica Lovme","potentialAction":[{"@type":"SearchAction","target":{"@type":"EntryPoint","urlTemplate":"https:\/\/lovme.pt\/?s={search_term_string}"},"query-input":{"@type":"PropertyValueSpecification","valueRequired":true,"valueName":"search_term_string"}}],"inLanguage":"pt-PT"}]}},"_links":{"self":[{"href":"https:\/\/lovme.pt\/index.php\/wp-json\/wp\/v2\/product\/48561","targetHints":{"allow":["GET"]}}],"collection":[{"href":"https:\/\/lovme.pt\/index.php\/wp-json\/wp\/v2\/product"}],"about":[{"href":"https:\/\/lovme.pt\/index.php\/wp-json\/wp\/v2\/types\/product"}],"wp:featuredmedia":[{"embeddable":true,"href":"https:\/\/lovme.pt\/index.php\/wp-json\/wp\/v2\/media\/100665"}],"wp:attachment":[{"href":"https:\/\/lovme.pt\/index.php\/wp-json\/wp\/v2\/media?parent=48561"}],"wp:term":[{"taxonomy":"product_brand","embeddable":true,"href":"https:\/\/lovme.pt\/index.php\/wp-json\/wp\/v2\/product_brand?post=48561"},{"taxonomy":"product_cat","embeddable":true,"href":"https:\/\/lovme.pt\/index.php\/wp-json\/wp\/v2\/product_cat?post=48561"},{"taxonomy":"product_tag","embeddable":true,"href":"https:\/\/lovme.pt\/index.php\/wp-json\/wp\/v2\/product_tag?post=48561"}],"curies":[{"name":"wp","href":"https:\/\/api.w.org\/{rel}","templated":true}]}}