{"id":48560,"date":"2025-10-01T03:17:46","date_gmt":"2025-10-01T03:17:46","guid":{"rendered":"https:\/\/lovme.pt\/?post_type=product&p=48560"},"modified":"2026-02-19T20:22:48","modified_gmt":"2026-02-19T20:22:48","slug":"adrien-lastic-silex-ultra-vagina-masturbador","status":"publish","type":"product","link":"https:\/\/lovme.pt\/index.php\/produto\/adrien-lastic-silex-ultra-vagina-masturbador\/","title":{"rendered":"ADRIEN LASTIC &#8211; SILEX ULTRA VAGINA MASTURBADOR"},"content":{"rendered":"<p><u><strong>DESCUBRA O SILEX ULTRA<\/strong><\/u><\/p>\n<p> Descubra uma experi\u00eancia incompar\u00e1vel com o Super Masturbador Masculino, pensado para lhe proporcionar uma verdadeira aventura tanto dentro como fora de casa. Este dispositivo n\u00e3o s\u00f3 tem um formato discreto, permitindo lev\u00e1-lo para qualquer lugar sem levantar suspeitas, mas tamb\u00e9m foi projetado para ser usado em qualquer lugar. Constru\u00eddo com materiais de alta qualidade que garantem durabilidade e flexibilidade excepcionais.<\/p>\n<p> Sua textura natural \u00e9 meticulosamente projetada para oferecer uma sensa\u00e7\u00e3o surpreendentemente realista, imitando fielmente a sensa\u00e7\u00e3o do contato humano. Esse detalhe garante que cada uso mergulhe voc\u00ea em uma experi\u00eancia sensorial envolvente e satisfat\u00f3ria.<\/p>\n<p> O Masturbador Super Masculino foi projetado para se ajustar confortavelmente a qualquer tamanho e formato, proporcionando uma press\u00e3o forte que aprimora cada movimento. Gra\u00e7as ao seu design ergon\u00f4mico, voc\u00ea poder\u00e1 desfrutar de sess\u00f5es prolongadas sem desconforto, levando o seu prazer a novos n\u00edveis.<\/p>\n<p> Ao experimentar este masturbador inovador, voc\u00ea mergulhar\u00e1 em uma experi\u00eancia t\u00e3o intensa que o far\u00e1 dormir. para alcan\u00e7ar orgasmos mais profundos e gratificantes. Cada detalhe foi cuidado para maximizar a sua satisfa\u00e7\u00e3o, tornando cada utiliza\u00e7\u00e3o uma aventura inesquec\u00edvel. Seja na privacidade da sua casa ou na emo\u00e7\u00e3o de um local ao ar livre, este masturbador \u00e9 o seu companheiro ideal para uma experi\u00eancia de prazer incompar\u00e1vel.<\/p>\n<p> N\u00e3o espere mais e sinta a diferen\u00e7a com o Super Masturbador Masculino. A combina\u00e7\u00e3o perfeita de discri\u00e7\u00e3o, realismo e conforto est\u00e1 aqui. ao seu alcance para transformar seus momentos \u00edntimos em experi\u00eancias extraordin\u00e1rias.<\/p>\n<div>\n<p> <u><strong>CARACTER\u00cdSTICAS:<\/strong><\/u><\/p>\n<ul>\n<li> Masturbador super masculino<\/li>\n<li> Flex\u00edvel e resistente, sua textura natural ir\u00e1 surpreend\u00ea-lo<\/li>\n<li> <u>Dimens\u00f5es<\/u> : Comprimento 19 cm \/\/ Di\u00e2metro 3,5 cm<\/li>\n<li> \u00c0 prova d\u00e1gua<\/li>\n<\/ul>\n<p> <u><strong>PROPRIEDADES:<\/strong><\/u><\/p>\n<ul>\n<li> <strong>LIMPEZA:<\/strong> Limpe bem o brinquedo antes e depois de cada uso com \u00e1gua morna e sab\u00e3o neutro.<\/li>\n<li> <strong>ARMAZENAMENTO:<\/strong> Guarde o seu brinquedo Adrien Lastic em local livre de poeira e mantenha-o longe de brinquedos de outros materiais. Evite deix\u00e1-lo exposto \u00e0 luz solar direta e NUNCA exponha-o a calor extremo.<\/li>\n<li> <strong>DICAS DE USO:<\/strong> Adrien Lastic recomenda o uso de lubrificantes \u00e0 base de \u00e1gua para uma inser\u00e7\u00e3o f\u00e1cil e suave de todos os produtos de silicone. N\u00e3o utilize lubrificantes, \u00f3leos ou cremes de silicone com qualquer produto de silicone, pois podem degradar o material do produto e limitar o seu desempenho e vida \u00fatil.<\/li>\n<\/ul>\n<\/div>\n","protected":false},"excerpt":{"rendered":"<p>ADRIEN LASTIC &#8211; SILEX ULTRA VAGINA MASTURBADOR<\/p>\n","protected":false},"featured_media":102576,"template":"","meta":{"_acf_changed":false},"product_brand":[],"product_cat":[17,58,60],"product_tag":[],"class_list":{"0":"post-48560","1":"product","2":"type-product","3":"status-publish","4":"has-post-thumbnail","6":"product_cat-brinquedos-de-bem-estar-sexual","7":"product_cat-masturbadores-para-penis","8":"product_cat-para-eles","9":"yith_product_brand-adrien-lastic","11":"first","12":"instock","13":"taxable","14":"shipping-taxable","15":"purchasable","16":"product-type-simple"},"acf":[],"yoast_head":"<!-- This site is optimized with the Yoast SEO plugin v27.4 - https:\/\/yoast.com\/product\/yoast-seo-wordpress\/ -->\n<title>ADRIEN LASTIC - SILEX ULTRA VAGINA MASTURBADOR - Lovme<\/title>\n<meta name=\"robots\" content=\"index, follow, max-snippet:-1, max-image-preview:large, max-video-preview:-1\" \/>\n<link rel=\"canonical\" href=\"https:\/\/lovme.pt\/index.php\/produto\/adrien-lastic-silex-ultra-vagina-masturbador\/\" \/>\n<meta property=\"og:locale\" content=\"pt_PT\" \/>\n<meta property=\"og:type\" content=\"article\" \/>\n<meta property=\"og:title\" content=\"ADRIEN LASTIC - SILEX ULTRA VAGINA MASTURBADOR - Lovme\" \/>\n<meta property=\"og:description\" content=\"ADRIEN LASTIC - SILEX ULTRA VAGINA MASTURBADOR\" \/>\n<meta property=\"og:url\" content=\"https:\/\/lovme.pt\/index.php\/produto\/adrien-lastic-silex-ultra-vagina-masturbador\/\" \/>\n<meta property=\"og:site_name\" content=\"Lovme\" \/>\n<meta property=\"article:modified_time\" content=\"2026-02-19T20:22:48+00:00\" \/>\n<meta property=\"og:image\" content=\"https:\/\/erki24nd3ub.exactdn.com\/wp-content\/uploads\/dream\/img\/img_177909_434f8f80ad38c848af6aa7feddc996d1_1.jpg?strip=all\" \/>\n\t<meta property=\"og:image:width\" content=\"800\" \/>\n\t<meta property=\"og:image:height\" content=\"800\" \/>\n\t<meta property=\"og:image:type\" content=\"image\/jpeg\" \/>\n<meta name=\"twitter:card\" content=\"summary_large_image\" \/>\n<meta name=\"twitter:label1\" content=\"Tempo estimado de leitura\" \/>\n\t<meta name=\"twitter:data1\" content=\"2 minutos\" \/>\n<script type=\"application\/ld+json\" class=\"yoast-schema-graph\">{\"@context\":\"https:\\\/\\\/schema.org\",\"@graph\":[{\"@type\":\"WebPage\",\"@id\":\"https:\\\/\\\/lovme.pt\\\/index.php\\\/produto\\\/adrien-lastic-silex-ultra-vagina-masturbador\\\/\",\"url\":\"https:\\\/\\\/lovme.pt\\\/index.php\\\/produto\\\/adrien-lastic-silex-ultra-vagina-masturbador\\\/\",\"name\":\"ADRIEN LASTIC - SILEX ULTRA VAGINA MASTURBADOR - Lovme\",\"isPartOf\":{\"@id\":\"https:\\\/\\\/lovme.pt\\\/#website\"},\"primaryImageOfPage\":{\"@id\":\"https:\\\/\\\/lovme.pt\\\/index.php\\\/produto\\\/adrien-lastic-silex-ultra-vagina-masturbador\\\/#primaryimage\"},\"image\":{\"@id\":\"https:\\\/\\\/lovme.pt\\\/index.php\\\/produto\\\/adrien-lastic-silex-ultra-vagina-masturbador\\\/#primaryimage\"},\"thumbnailUrl\":\"https:\\\/\\\/erki24nd3ub.exactdn.com\\\/wp-content\\\/uploads\\\/dream\\\/img\\\/img_177909_434f8f80ad38c848af6aa7feddc996d1_1.jpg?strip=all\",\"datePublished\":\"2025-10-01T03:17:46+00:00\",\"dateModified\":\"2026-02-19T20:22:48+00:00\",\"breadcrumb\":{\"@id\":\"https:\\\/\\\/lovme.pt\\\/index.php\\\/produto\\\/adrien-lastic-silex-ultra-vagina-masturbador\\\/#breadcrumb\"},\"inLanguage\":\"pt-PT\",\"potentialAction\":[{\"@type\":\"ReadAction\",\"target\":[\"https:\\\/\\\/lovme.pt\\\/index.php\\\/produto\\\/adrien-lastic-silex-ultra-vagina-masturbador\\\/\"]}]},{\"@type\":\"ImageObject\",\"inLanguage\":\"pt-PT\",\"@id\":\"https:\\\/\\\/lovme.pt\\\/index.php\\\/produto\\\/adrien-lastic-silex-ultra-vagina-masturbador\\\/#primaryimage\",\"url\":\"https:\\\/\\\/erki24nd3ub.exactdn.com\\\/wp-content\\\/uploads\\\/dream\\\/img\\\/img_177909_434f8f80ad38c848af6aa7feddc996d1_1.jpg?strip=all\",\"contentUrl\":\"https:\\\/\\\/erki24nd3ub.exactdn.com\\\/wp-content\\\/uploads\\\/dream\\\/img\\\/img_177909_434f8f80ad38c848af6aa7feddc996d1_1.jpg?strip=all\",\"width\":800,\"height\":800},{\"@type\":\"BreadcrumbList\",\"@id\":\"https:\\\/\\\/lovme.pt\\\/index.php\\\/produto\\\/adrien-lastic-silex-ultra-vagina-masturbador\\\/#breadcrumb\",\"itemListElement\":[{\"@type\":\"ListItem\",\"position\":1,\"name\":\"In\u00edcio\",\"item\":\"https:\\\/\\\/lovme.pt\\\/\"},{\"@type\":\"ListItem\",\"position\":2,\"name\":\"Loja\",\"item\":\"https:\\\/\\\/lovme.pt\\\/index.php\\\/loja\\\/\"},{\"@type\":\"ListItem\",\"position\":3,\"name\":\"ADRIEN LASTIC &#8211; SILEX ULTRA VAGINA MASTURBADOR\"}]},{\"@type\":\"WebSite\",\"@id\":\"https:\\\/\\\/lovme.pt\\\/#website\",\"url\":\"https:\\\/\\\/lovme.pt\\\/\",\"name\":\"Lovme Loja Er\u00f3tica N\u00ba1 em Portugal\",\"description\":\"A melhor loja er\u00f3tica de Portugal.\",\"alternateName\":\"Loja Er\u00f3tica Lovme\",\"potentialAction\":[{\"@type\":\"SearchAction\",\"target\":{\"@type\":\"EntryPoint\",\"urlTemplate\":\"https:\\\/\\\/lovme.pt\\\/?s={search_term_string}\"},\"query-input\":{\"@type\":\"PropertyValueSpecification\",\"valueRequired\":true,\"valueName\":\"search_term_string\"}}],\"inLanguage\":\"pt-PT\"}]}<\/script>\n<!-- \/ Yoast SEO plugin. -->","yoast_head_json":{"title":"ADRIEN LASTIC - SILEX ULTRA VAGINA MASTURBADOR - Lovme","robots":{"index":"index","follow":"follow","max-snippet":"max-snippet:-1","max-image-preview":"max-image-preview:large","max-video-preview":"max-video-preview:-1"},"canonical":"https:\/\/lovme.pt\/index.php\/produto\/adrien-lastic-silex-ultra-vagina-masturbador\/","og_locale":"pt_PT","og_type":"article","og_title":"ADRIEN LASTIC - SILEX ULTRA VAGINA MASTURBADOR - Lovme","og_description":"ADRIEN LASTIC - SILEX ULTRA VAGINA MASTURBADOR","og_url":"https:\/\/lovme.pt\/index.php\/produto\/adrien-lastic-silex-ultra-vagina-masturbador\/","og_site_name":"Lovme","article_modified_time":"2026-02-19T20:22:48+00:00","og_image":[{"width":800,"height":800,"url":"https:\/\/erki24nd3ub.exactdn.com\/wp-content\/uploads\/dream\/img\/img_177909_434f8f80ad38c848af6aa7feddc996d1_1.jpg?strip=all","type":"image\/jpeg"}],"twitter_card":"summary_large_image","twitter_misc":{"Tempo estimado de leitura":"2 minutos"},"schema":{"@context":"https:\/\/schema.org","@graph":[{"@type":"WebPage","@id":"https:\/\/lovme.pt\/index.php\/produto\/adrien-lastic-silex-ultra-vagina-masturbador\/","url":"https:\/\/lovme.pt\/index.php\/produto\/adrien-lastic-silex-ultra-vagina-masturbador\/","name":"ADRIEN LASTIC - SILEX ULTRA VAGINA MASTURBADOR - Lovme","isPartOf":{"@id":"https:\/\/lovme.pt\/#website"},"primaryImageOfPage":{"@id":"https:\/\/lovme.pt\/index.php\/produto\/adrien-lastic-silex-ultra-vagina-masturbador\/#primaryimage"},"image":{"@id":"https:\/\/lovme.pt\/index.php\/produto\/adrien-lastic-silex-ultra-vagina-masturbador\/#primaryimage"},"thumbnailUrl":"https:\/\/erki24nd3ub.exactdn.com\/wp-content\/uploads\/dream\/img\/img_177909_434f8f80ad38c848af6aa7feddc996d1_1.jpg?strip=all","datePublished":"2025-10-01T03:17:46+00:00","dateModified":"2026-02-19T20:22:48+00:00","breadcrumb":{"@id":"https:\/\/lovme.pt\/index.php\/produto\/adrien-lastic-silex-ultra-vagina-masturbador\/#breadcrumb"},"inLanguage":"pt-PT","potentialAction":[{"@type":"ReadAction","target":["https:\/\/lovme.pt\/index.php\/produto\/adrien-lastic-silex-ultra-vagina-masturbador\/"]}]},{"@type":"ImageObject","inLanguage":"pt-PT","@id":"https:\/\/lovme.pt\/index.php\/produto\/adrien-lastic-silex-ultra-vagina-masturbador\/#primaryimage","url":"https:\/\/erki24nd3ub.exactdn.com\/wp-content\/uploads\/dream\/img\/img_177909_434f8f80ad38c848af6aa7feddc996d1_1.jpg?strip=all","contentUrl":"https:\/\/erki24nd3ub.exactdn.com\/wp-content\/uploads\/dream\/img\/img_177909_434f8f80ad38c848af6aa7feddc996d1_1.jpg?strip=all","width":800,"height":800},{"@type":"BreadcrumbList","@id":"https:\/\/lovme.pt\/index.php\/produto\/adrien-lastic-silex-ultra-vagina-masturbador\/#breadcrumb","itemListElement":[{"@type":"ListItem","position":1,"name":"In\u00edcio","item":"https:\/\/lovme.pt\/"},{"@type":"ListItem","position":2,"name":"Loja","item":"https:\/\/lovme.pt\/index.php\/loja\/"},{"@type":"ListItem","position":3,"name":"ADRIEN LASTIC &#8211; SILEX ULTRA VAGINA MASTURBADOR"}]},{"@type":"WebSite","@id":"https:\/\/lovme.pt\/#website","url":"https:\/\/lovme.pt\/","name":"Lovme Loja Er\u00f3tica N\u00ba1 em Portugal","description":"A melhor loja er\u00f3tica de Portugal.","alternateName":"Loja Er\u00f3tica Lovme","potentialAction":[{"@type":"SearchAction","target":{"@type":"EntryPoint","urlTemplate":"https:\/\/lovme.pt\/?s={search_term_string}"},"query-input":{"@type":"PropertyValueSpecification","valueRequired":true,"valueName":"search_term_string"}}],"inLanguage":"pt-PT"}]}},"_links":{"self":[{"href":"https:\/\/lovme.pt\/index.php\/wp-json\/wp\/v2\/product\/48560","targetHints":{"allow":["GET"]}}],"collection":[{"href":"https:\/\/lovme.pt\/index.php\/wp-json\/wp\/v2\/product"}],"about":[{"href":"https:\/\/lovme.pt\/index.php\/wp-json\/wp\/v2\/types\/product"}],"wp:featuredmedia":[{"embeddable":true,"href":"https:\/\/lovme.pt\/index.php\/wp-json\/wp\/v2\/media\/102576"}],"wp:attachment":[{"href":"https:\/\/lovme.pt\/index.php\/wp-json\/wp\/v2\/media?parent=48560"}],"wp:term":[{"taxonomy":"product_brand","embeddable":true,"href":"https:\/\/lovme.pt\/index.php\/wp-json\/wp\/v2\/product_brand?post=48560"},{"taxonomy":"product_cat","embeddable":true,"href":"https:\/\/lovme.pt\/index.php\/wp-json\/wp\/v2\/product_cat?post=48560"},{"taxonomy":"product_tag","embeddable":true,"href":"https:\/\/lovme.pt\/index.php\/wp-json\/wp\/v2\/product_tag?post=48560"}],"curies":[{"name":"wp","href":"https:\/\/api.w.org\/{rel}","templated":true}]}}