{"id":48529,"date":"2025-10-01T03:17:05","date_gmt":"2025-10-01T03:17:05","guid":{"rendered":"https:\/\/lovme.pt\/?post_type=product&p=48529"},"modified":"2026-02-19T20:22:47","modified_gmt":"2026-02-19T20:22:47","slug":"fleshlight-quickshot-duplo-masturbador-stoya","status":"publish","type":"product","link":"https:\/\/lovme.pt\/index.php\/produto\/fleshlight-quickshot-duplo-masturbador-stoya\/","title":{"rendered":"FLESHLIGHT &#8211; QUICKSHOT DUPLO MASTURBADOR STOYA"},"content":{"rendered":"<p>O <strong>Stoya<\/strong> <strong>Quickshot<\/strong> apresenta pontos de sa\u00edda desobstru\u00eddos moldados na vagina e na bunda de Stoya. O <em>Stoya<\/em> <em>Quickshot<\/em> pode ser usado como estimula\u00e7\u00e3o complementar durante brincadeiras orais com um parceiro ou para masturba\u00e7\u00e3o.<\/p>\n<p> Com o claro e compacto <strong>Stoya<\/strong> <strong>Falls Quickshot\u2122\ufe0f<\/strong> da <strong>Fleshlight\u00ae\ufe0f<\/strong> , voc\u00ea poder\u00e1 observar cada momento satisfat\u00f3rio de prazer pr\u00f3prio. Equipado com a vagina e a bunda de Stoya, Quickshot oferece duas maneiras de aproveitar seu tempo com esta deusa do sexo. Ou convide um parceiro para uma a\u00e7\u00e3o oral a tr\u00eas com Stoya. Com tantas maneiras de aproveitar Stoya, talvez voc\u00ea nunca mais saia de casa!<\/p>\n<p> <u><strong>CARACTER\u00cdSTICAS<\/strong><\/u> :<\/p>\n<ul>\n<li> Estojo de couro sint\u00e9tico patenteado e aberto.<\/li>\n<li> Ideal para casais ou uso individual<\/li>\n<li> F\u00e1cil de limpar<\/li>\n<li> Caixa transparente compacta e textura creme compacta.<\/li>\n<li> Excelente pre\u00e7o<\/li>\n<li> Tampas em cada extremidade para armazenamento \u00fatil<\/li>\n<li> Comprimento total: 11,2 <\/li>\n<li> Comprimento inser\u00edvel: 8,9 <\/li>\n<\/ul>\n<p> <u><strong>O QUE INCLUI<\/strong><\/u> : Isto \u00e9 o que voc\u00ea receber\u00e1. no seu <strong>Stoya<\/strong> <strong>Quickshot<\/strong><\/p>\n<p> pacote<\/p>\n<ul>\n<li> Estojo patenteado Clear Open End SuperSkin\u2122\ufe0f<\/li>\n<li> Estojo transparente compacto<\/li>\n<li> Stoya mini buraco na bunda<\/li>\n<li> Mini orif\u00edcio feminino de Stoya<\/li>\n<li> Textura Creme Compacta<\/li>\n<li> Tampas em cada extremidade para armazenamento conveniente<\/li>\n<\/ul>\n","protected":false},"excerpt":{"rendered":"<p>FLESHLIGHT &#8211; QUICKSHOT DUPLO MASTURBADOR STOYA<\/p>\n","protected":false},"featured_media":102490,"template":"","meta":{"_acf_changed":false},"product_brand":[],"product_cat":[17,58,60,63],"product_tag":[],"class_list":{"0":"post-48529","1":"product","2":"type-product","3":"status-publish","4":"has-post-thumbnail","6":"product_cat-brinquedos-de-bem-estar-sexual","7":"product_cat-masturbadores-para-penis","8":"product_cat-para-eles","9":"product_cat-sexo-anal","10":"yith_product_brand-fleshlight","11":"yith_product_brand-fleshlightfleshlight-origin","13":"first","14":"instock","15":"taxable","16":"shipping-taxable","17":"purchasable","18":"product-type-simple"},"acf":[],"yoast_head":"<!-- This site is optimized with the Yoast SEO plugin v27.4 - https:\/\/yoast.com\/product\/yoast-seo-wordpress\/ -->\n<title>FLESHLIGHT - QUICKSHOT DUPLO MASTURBADOR STOYA - Lovme<\/title>\n<meta name=\"robots\" content=\"index, follow, max-snippet:-1, max-image-preview:large, max-video-preview:-1\" \/>\n<link rel=\"canonical\" href=\"https:\/\/lovme.pt\/index.php\/produto\/fleshlight-quickshot-duplo-masturbador-stoya\/\" \/>\n<meta property=\"og:locale\" content=\"pt_PT\" \/>\n<meta property=\"og:type\" content=\"article\" \/>\n<meta property=\"og:title\" content=\"FLESHLIGHT - QUICKSHOT DUPLO MASTURBADOR STOYA - Lovme\" \/>\n<meta property=\"og:description\" content=\"FLESHLIGHT - QUICKSHOT DUPLO MASTURBADOR STOYA\" \/>\n<meta property=\"og:url\" content=\"https:\/\/lovme.pt\/index.php\/produto\/fleshlight-quickshot-duplo-masturbador-stoya\/\" \/>\n<meta property=\"og:site_name\" content=\"Lovme\" \/>\n<meta property=\"article:modified_time\" content=\"2026-02-19T20:22:47+00:00\" \/>\n<meta property=\"og:image\" content=\"https:\/\/erki24nd3ub.exactdn.com\/wp-content\/uploads\/dream\/img\/img_177789_8bf44ef5704ca8a7b8d046fbdb2bb066_1.jpg?strip=all\" \/>\n\t<meta property=\"og:image:width\" content=\"800\" \/>\n\t<meta property=\"og:image:height\" content=\"800\" \/>\n\t<meta property=\"og:image:type\" content=\"image\/jpeg\" \/>\n<meta name=\"twitter:card\" content=\"summary_large_image\" \/>\n<meta name=\"twitter:label1\" content=\"Tempo estimado de leitura\" \/>\n\t<meta name=\"twitter:data1\" content=\"1 minuto\" \/>\n<script type=\"application\/ld+json\" class=\"yoast-schema-graph\">{\"@context\":\"https:\\\/\\\/schema.org\",\"@graph\":[{\"@type\":\"WebPage\",\"@id\":\"https:\\\/\\\/lovme.pt\\\/index.php\\\/produto\\\/fleshlight-quickshot-duplo-masturbador-stoya\\\/\",\"url\":\"https:\\\/\\\/lovme.pt\\\/index.php\\\/produto\\\/fleshlight-quickshot-duplo-masturbador-stoya\\\/\",\"name\":\"FLESHLIGHT - QUICKSHOT DUPLO MASTURBADOR STOYA - Lovme\",\"isPartOf\":{\"@id\":\"https:\\\/\\\/lovme.pt\\\/#website\"},\"primaryImageOfPage\":{\"@id\":\"https:\\\/\\\/lovme.pt\\\/index.php\\\/produto\\\/fleshlight-quickshot-duplo-masturbador-stoya\\\/#primaryimage\"},\"image\":{\"@id\":\"https:\\\/\\\/lovme.pt\\\/index.php\\\/produto\\\/fleshlight-quickshot-duplo-masturbador-stoya\\\/#primaryimage\"},\"thumbnailUrl\":\"https:\\\/\\\/erki24nd3ub.exactdn.com\\\/wp-content\\\/uploads\\\/dream\\\/img\\\/img_177789_8bf44ef5704ca8a7b8d046fbdb2bb066_1.jpg?strip=all\",\"datePublished\":\"2025-10-01T03:17:05+00:00\",\"dateModified\":\"2026-02-19T20:22:47+00:00\",\"breadcrumb\":{\"@id\":\"https:\\\/\\\/lovme.pt\\\/index.php\\\/produto\\\/fleshlight-quickshot-duplo-masturbador-stoya\\\/#breadcrumb\"},\"inLanguage\":\"pt-PT\",\"potentialAction\":[{\"@type\":\"ReadAction\",\"target\":[\"https:\\\/\\\/lovme.pt\\\/index.php\\\/produto\\\/fleshlight-quickshot-duplo-masturbador-stoya\\\/\"]}]},{\"@type\":\"ImageObject\",\"inLanguage\":\"pt-PT\",\"@id\":\"https:\\\/\\\/lovme.pt\\\/index.php\\\/produto\\\/fleshlight-quickshot-duplo-masturbador-stoya\\\/#primaryimage\",\"url\":\"https:\\\/\\\/erki24nd3ub.exactdn.com\\\/wp-content\\\/uploads\\\/dream\\\/img\\\/img_177789_8bf44ef5704ca8a7b8d046fbdb2bb066_1.jpg?strip=all\",\"contentUrl\":\"https:\\\/\\\/erki24nd3ub.exactdn.com\\\/wp-content\\\/uploads\\\/dream\\\/img\\\/img_177789_8bf44ef5704ca8a7b8d046fbdb2bb066_1.jpg?strip=all\",\"width\":800,\"height\":800},{\"@type\":\"BreadcrumbList\",\"@id\":\"https:\\\/\\\/lovme.pt\\\/index.php\\\/produto\\\/fleshlight-quickshot-duplo-masturbador-stoya\\\/#breadcrumb\",\"itemListElement\":[{\"@type\":\"ListItem\",\"position\":1,\"name\":\"In\u00edcio\",\"item\":\"https:\\\/\\\/lovme.pt\\\/\"},{\"@type\":\"ListItem\",\"position\":2,\"name\":\"Loja\",\"item\":\"https:\\\/\\\/lovme.pt\\\/index.php\\\/loja\\\/\"},{\"@type\":\"ListItem\",\"position\":3,\"name\":\"FLESHLIGHT &#8211; QUICKSHOT DUPLO MASTURBADOR STOYA\"}]},{\"@type\":\"WebSite\",\"@id\":\"https:\\\/\\\/lovme.pt\\\/#website\",\"url\":\"https:\\\/\\\/lovme.pt\\\/\",\"name\":\"Lovme Loja Er\u00f3tica N\u00ba1 em Portugal\",\"description\":\"A melhor loja er\u00f3tica de Portugal.\",\"alternateName\":\"Loja Er\u00f3tica Lovme\",\"potentialAction\":[{\"@type\":\"SearchAction\",\"target\":{\"@type\":\"EntryPoint\",\"urlTemplate\":\"https:\\\/\\\/lovme.pt\\\/?s={search_term_string}\"},\"query-input\":{\"@type\":\"PropertyValueSpecification\",\"valueRequired\":true,\"valueName\":\"search_term_string\"}}],\"inLanguage\":\"pt-PT\"}]}<\/script>\n<!-- \/ Yoast SEO plugin. -->","yoast_head_json":{"title":"FLESHLIGHT - QUICKSHOT DUPLO MASTURBADOR STOYA - Lovme","robots":{"index":"index","follow":"follow","max-snippet":"max-snippet:-1","max-image-preview":"max-image-preview:large","max-video-preview":"max-video-preview:-1"},"canonical":"https:\/\/lovme.pt\/index.php\/produto\/fleshlight-quickshot-duplo-masturbador-stoya\/","og_locale":"pt_PT","og_type":"article","og_title":"FLESHLIGHT - QUICKSHOT DUPLO MASTURBADOR STOYA - Lovme","og_description":"FLESHLIGHT - QUICKSHOT DUPLO MASTURBADOR STOYA","og_url":"https:\/\/lovme.pt\/index.php\/produto\/fleshlight-quickshot-duplo-masturbador-stoya\/","og_site_name":"Lovme","article_modified_time":"2026-02-19T20:22:47+00:00","og_image":[{"width":800,"height":800,"url":"https:\/\/erki24nd3ub.exactdn.com\/wp-content\/uploads\/dream\/img\/img_177789_8bf44ef5704ca8a7b8d046fbdb2bb066_1.jpg?strip=all","type":"image\/jpeg"}],"twitter_card":"summary_large_image","twitter_misc":{"Tempo estimado de leitura":"1 minuto"},"schema":{"@context":"https:\/\/schema.org","@graph":[{"@type":"WebPage","@id":"https:\/\/lovme.pt\/index.php\/produto\/fleshlight-quickshot-duplo-masturbador-stoya\/","url":"https:\/\/lovme.pt\/index.php\/produto\/fleshlight-quickshot-duplo-masturbador-stoya\/","name":"FLESHLIGHT - QUICKSHOT DUPLO MASTURBADOR STOYA - Lovme","isPartOf":{"@id":"https:\/\/lovme.pt\/#website"},"primaryImageOfPage":{"@id":"https:\/\/lovme.pt\/index.php\/produto\/fleshlight-quickshot-duplo-masturbador-stoya\/#primaryimage"},"image":{"@id":"https:\/\/lovme.pt\/index.php\/produto\/fleshlight-quickshot-duplo-masturbador-stoya\/#primaryimage"},"thumbnailUrl":"https:\/\/erki24nd3ub.exactdn.com\/wp-content\/uploads\/dream\/img\/img_177789_8bf44ef5704ca8a7b8d046fbdb2bb066_1.jpg?strip=all","datePublished":"2025-10-01T03:17:05+00:00","dateModified":"2026-02-19T20:22:47+00:00","breadcrumb":{"@id":"https:\/\/lovme.pt\/index.php\/produto\/fleshlight-quickshot-duplo-masturbador-stoya\/#breadcrumb"},"inLanguage":"pt-PT","potentialAction":[{"@type":"ReadAction","target":["https:\/\/lovme.pt\/index.php\/produto\/fleshlight-quickshot-duplo-masturbador-stoya\/"]}]},{"@type":"ImageObject","inLanguage":"pt-PT","@id":"https:\/\/lovme.pt\/index.php\/produto\/fleshlight-quickshot-duplo-masturbador-stoya\/#primaryimage","url":"https:\/\/erki24nd3ub.exactdn.com\/wp-content\/uploads\/dream\/img\/img_177789_8bf44ef5704ca8a7b8d046fbdb2bb066_1.jpg?strip=all","contentUrl":"https:\/\/erki24nd3ub.exactdn.com\/wp-content\/uploads\/dream\/img\/img_177789_8bf44ef5704ca8a7b8d046fbdb2bb066_1.jpg?strip=all","width":800,"height":800},{"@type":"BreadcrumbList","@id":"https:\/\/lovme.pt\/index.php\/produto\/fleshlight-quickshot-duplo-masturbador-stoya\/#breadcrumb","itemListElement":[{"@type":"ListItem","position":1,"name":"In\u00edcio","item":"https:\/\/lovme.pt\/"},{"@type":"ListItem","position":2,"name":"Loja","item":"https:\/\/lovme.pt\/index.php\/loja\/"},{"@type":"ListItem","position":3,"name":"FLESHLIGHT &#8211; QUICKSHOT DUPLO MASTURBADOR STOYA"}]},{"@type":"WebSite","@id":"https:\/\/lovme.pt\/#website","url":"https:\/\/lovme.pt\/","name":"Lovme Loja Er\u00f3tica N\u00ba1 em Portugal","description":"A melhor loja er\u00f3tica de Portugal.","alternateName":"Loja Er\u00f3tica Lovme","potentialAction":[{"@type":"SearchAction","target":{"@type":"EntryPoint","urlTemplate":"https:\/\/lovme.pt\/?s={search_term_string}"},"query-input":{"@type":"PropertyValueSpecification","valueRequired":true,"valueName":"search_term_string"}}],"inLanguage":"pt-PT"}]}},"_links":{"self":[{"href":"https:\/\/lovme.pt\/index.php\/wp-json\/wp\/v2\/product\/48529","targetHints":{"allow":["GET"]}}],"collection":[{"href":"https:\/\/lovme.pt\/index.php\/wp-json\/wp\/v2\/product"}],"about":[{"href":"https:\/\/lovme.pt\/index.php\/wp-json\/wp\/v2\/types\/product"}],"wp:featuredmedia":[{"embeddable":true,"href":"https:\/\/lovme.pt\/index.php\/wp-json\/wp\/v2\/media\/102490"}],"wp:attachment":[{"href":"https:\/\/lovme.pt\/index.php\/wp-json\/wp\/v2\/media?parent=48529"}],"wp:term":[{"taxonomy":"product_brand","embeddable":true,"href":"https:\/\/lovme.pt\/index.php\/wp-json\/wp\/v2\/product_brand?post=48529"},{"taxonomy":"product_cat","embeddable":true,"href":"https:\/\/lovme.pt\/index.php\/wp-json\/wp\/v2\/product_cat?post=48529"},{"taxonomy":"product_tag","embeddable":true,"href":"https:\/\/lovme.pt\/index.php\/wp-json\/wp\/v2\/product_tag?post=48529"}],"curies":[{"name":"wp","href":"https:\/\/api.w.org\/{rel}","templated":true}]}}