{"id":48528,"date":"2025-10-01T02:49:00","date_gmt":"2025-10-01T02:49:00","guid":{"rendered":"https:\/\/lovme.pt\/?post_type=product&p=48528"},"modified":"2026-04-01T05:51:29","modified_gmt":"2026-04-01T05:51:29","slug":"adrien-lastic-estimulador-anal-arrow-preto","status":"publish","type":"product","link":"https:\/\/lovme.pt\/index.php\/produto\/adrien-lastic-estimulador-anal-arrow-preto\/","title":{"rendered":"ADRIEN LASTIC &#8211; ESTIMULADOR ANAL ARROW PRETO"},"content":{"rendered":"<p><u><strong>DESCUBRA A SETA PRETA<\/strong><\/u><\/p>\n<p> Mergulhe no prazer com nosso estimulador de silicone. Projetado com v\u00e1rias curvas para massagear suas partes \u00edntimas de forma eficaz, este brinquedo oferece uma experi\u00eancia de estimula\u00e7\u00e3o \u00fanica e satisfat\u00f3ria.<\/p>\n<p> Seu design ergon\u00f4mico adapta-se perfeitamente \u00e0 anatomia, proporcionando um ajuste ideal e sem problemas. Feito de silicone vulcanizado e metal de alta qualidade, este estimulador garante durabilidade e conforto. Com uma elegante cor preta, \u00e9 discreto e elegante. Al\u00e9m disso, \u00e9 \u00e0 prova d\u00e1gua, permitindo que voc\u00ea aproveite a qualquer hora e em qualquer lugar.<\/p>\n<p> <u><strong>COMO US\u00c1-LO?<\/strong><\/u><\/p>\n<div>\n<p> Usar este estimulador \u00e9 f\u00e1cil e simples. Basta aplicar lubrificante \u00e0 base de \u00e1gua no estimulador e nas \u00e1reas a serem estimuladas. Em seguida, coloque suavemente o estimulador na \u00e1rea desejada e ajuste a intensidade de acordo com suas prefer\u00eancias. Explore diferentes ritmos e movimentos para descobrir o que \u00e9 mais agrad\u00e1vel para voc\u00ea.<\/p>\n<\/p>\n<p> <u><strong>CARACTER\u00cdSTICAS:<\/strong><\/u><\/p>\n<ul>\n<li> Silicone e metal vulcanizados<\/li>\n<li> <u>Dimens\u00f5es<\/u> : Comprimento 20,1 cm \/\/ Di\u00e2metro 3,2 cm<\/li>\n<li> 170 gr<\/li>\n<li> Design ergon\u00f4mico com diversas curvas para uma estimula\u00e7\u00e3o eficaz.<\/li>\n<li> \u00c0 prova d\u00e1gua<\/li>\n<\/ul>\n<p> <u><strong>PROPRIEDADES:<\/strong><\/u><\/p>\n<ul>\n<li> <strong>LIMPEZA:<\/strong> Limpe bem o brinquedo antes e depois de cada uso com \u00e1gua morna e sab\u00e3o neutro.<\/li>\n<li> <strong>ARMAZENAMENTO:<\/strong> Guarde o seu brinquedo Adrien Lastic em local livre de poeira e mantenha-o longe de brinquedos de outros materiais. Evite deix\u00e1-lo exposto \u00e0 luz solar direta e NUNCA exponha-o a calor extremo.<\/li>\n<li> <strong>DICAS DE USO:<\/strong> Adrien Lastic recomenda o uso de lubrificantes \u00e0 base de \u00e1gua para uma inser\u00e7\u00e3o f\u00e1cil e suave de todos os produtos de silicone. N\u00e3o utilize lubrificantes, \u00f3leos ou cremes de silicone com qualquer produto de silicone, pois podem degradar o material do produto e limitar o seu desempenho e vida \u00fatil.<\/li>\n<\/ul>\n<\/div>\n","protected":false},"excerpt":{"rendered":"<p>ADRIEN LASTIC &#8211; ESTIMULADOR ANAL ARROW PRETO<\/p>\n","protected":false},"featured_media":99192,"template":"","meta":{"_acf_changed":false},"product_brand":[],"product_cat":[17,62,63],"product_tag":[],"class_list":{"0":"post-48528","1":"product","2":"type-product","3":"status-publish","4":"has-post-thumbnail","6":"product_cat-brinquedos-de-bem-estar-sexual","7":"product_cat-plugues-e-correntes-anais","8":"product_cat-sexo-anal","9":"yith_product_brand-adrien-lastic","11":"first","12":"instock","13":"taxable","14":"shipping-taxable","15":"purchasable","16":"product-type-simple"},"acf":[],"yoast_head":"<!-- This site is optimized with the Yoast SEO plugin v27.3 - https:\/\/yoast.com\/product\/yoast-seo-wordpress\/ -->\n<title>ADRIEN LASTIC - ESTIMULADOR ANAL ARROW PRETO - Lovme<\/title>\n<meta name=\"robots\" content=\"index, follow, max-snippet:-1, max-image-preview:large, max-video-preview:-1\" \/>\n<link rel=\"canonical\" href=\"https:\/\/lovme.pt\/index.php\/produto\/adrien-lastic-estimulador-anal-arrow-preto\/\" \/>\n<meta property=\"og:locale\" content=\"pt_PT\" \/>\n<meta property=\"og:type\" content=\"article\" \/>\n<meta property=\"og:title\" content=\"ADRIEN LASTIC - ESTIMULADOR ANAL ARROW PRETO - Lovme\" \/>\n<meta property=\"og:description\" content=\"ADRIEN LASTIC - ESTIMULADOR ANAL ARROW PRETO\" \/>\n<meta property=\"og:url\" content=\"https:\/\/lovme.pt\/index.php\/produto\/adrien-lastic-estimulador-anal-arrow-preto\/\" \/>\n<meta property=\"og:site_name\" content=\"Lovme\" \/>\n<meta property=\"article:modified_time\" content=\"2026-04-01T05:51:29+00:00\" \/>\n<meta property=\"og:image\" content=\"https:\/\/erki24nd3ub.exactdn.com\/wp-content\/uploads\/dream\/img\/img_177750_acb21d7c0cc6cb7ad05a4587c0594585_1.jpg?strip=all\" \/>\n\t<meta property=\"og:image:width\" content=\"800\" \/>\n\t<meta property=\"og:image:height\" content=\"800\" \/>\n\t<meta property=\"og:image:type\" content=\"image\/jpeg\" \/>\n<meta name=\"twitter:card\" content=\"summary_large_image\" \/>\n<meta name=\"twitter:label1\" content=\"Tempo estimado de leitura\" \/>\n\t<meta name=\"twitter:data1\" content=\"1 minuto\" \/>\n<script type=\"application\/ld+json\" class=\"yoast-schema-graph\">{\"@context\":\"https:\\\/\\\/schema.org\",\"@graph\":[{\"@type\":\"WebPage\",\"@id\":\"https:\\\/\\\/lovme.pt\\\/index.php\\\/produto\\\/adrien-lastic-estimulador-anal-arrow-preto\\\/\",\"url\":\"https:\\\/\\\/lovme.pt\\\/index.php\\\/produto\\\/adrien-lastic-estimulador-anal-arrow-preto\\\/\",\"name\":\"ADRIEN LASTIC - ESTIMULADOR ANAL ARROW PRETO - Lovme\",\"isPartOf\":{\"@id\":\"https:\\\/\\\/lovme.pt\\\/#website\"},\"primaryImageOfPage\":{\"@id\":\"https:\\\/\\\/lovme.pt\\\/index.php\\\/produto\\\/adrien-lastic-estimulador-anal-arrow-preto\\\/#primaryimage\"},\"image\":{\"@id\":\"https:\\\/\\\/lovme.pt\\\/index.php\\\/produto\\\/adrien-lastic-estimulador-anal-arrow-preto\\\/#primaryimage\"},\"thumbnailUrl\":\"https:\\\/\\\/erki24nd3ub.exactdn.com\\\/wp-content\\\/uploads\\\/dream\\\/img\\\/img_177750_acb21d7c0cc6cb7ad05a4587c0594585_1.jpg?strip=all\",\"datePublished\":\"2025-10-01T02:49:00+00:00\",\"dateModified\":\"2026-04-01T05:51:29+00:00\",\"breadcrumb\":{\"@id\":\"https:\\\/\\\/lovme.pt\\\/index.php\\\/produto\\\/adrien-lastic-estimulador-anal-arrow-preto\\\/#breadcrumb\"},\"inLanguage\":\"pt-PT\",\"potentialAction\":[{\"@type\":\"ReadAction\",\"target\":[\"https:\\\/\\\/lovme.pt\\\/index.php\\\/produto\\\/adrien-lastic-estimulador-anal-arrow-preto\\\/\"]}]},{\"@type\":\"ImageObject\",\"inLanguage\":\"pt-PT\",\"@id\":\"https:\\\/\\\/lovme.pt\\\/index.php\\\/produto\\\/adrien-lastic-estimulador-anal-arrow-preto\\\/#primaryimage\",\"url\":\"https:\\\/\\\/erki24nd3ub.exactdn.com\\\/wp-content\\\/uploads\\\/dream\\\/img\\\/img_177750_acb21d7c0cc6cb7ad05a4587c0594585_1.jpg?strip=all\",\"contentUrl\":\"https:\\\/\\\/erki24nd3ub.exactdn.com\\\/wp-content\\\/uploads\\\/dream\\\/img\\\/img_177750_acb21d7c0cc6cb7ad05a4587c0594585_1.jpg?strip=all\",\"width\":800,\"height\":800},{\"@type\":\"BreadcrumbList\",\"@id\":\"https:\\\/\\\/lovme.pt\\\/index.php\\\/produto\\\/adrien-lastic-estimulador-anal-arrow-preto\\\/#breadcrumb\",\"itemListElement\":[{\"@type\":\"ListItem\",\"position\":1,\"name\":\"In\u00edcio\",\"item\":\"https:\\\/\\\/lovme.pt\\\/\"},{\"@type\":\"ListItem\",\"position\":2,\"name\":\"Loja\",\"item\":\"https:\\\/\\\/lovme.pt\\\/index.php\\\/loja\\\/\"},{\"@type\":\"ListItem\",\"position\":3,\"name\":\"ADRIEN LASTIC &#8211; ESTIMULADOR ANAL ARROW PRETO\"}]},{\"@type\":\"WebSite\",\"@id\":\"https:\\\/\\\/lovme.pt\\\/#website\",\"url\":\"https:\\\/\\\/lovme.pt\\\/\",\"name\":\"Lovme Loja Er\u00f3tica N\u00ba1 em Portugal\",\"description\":\"A melhor loja er\u00f3tica de Portugal.\",\"alternateName\":\"Loja Er\u00f3tica Lovme\",\"potentialAction\":[{\"@type\":\"SearchAction\",\"target\":{\"@type\":\"EntryPoint\",\"urlTemplate\":\"https:\\\/\\\/lovme.pt\\\/?s={search_term_string}\"},\"query-input\":{\"@type\":\"PropertyValueSpecification\",\"valueRequired\":true,\"valueName\":\"search_term_string\"}}],\"inLanguage\":\"pt-PT\"}]}<\/script>\n<!-- \/ Yoast SEO plugin. -->","yoast_head_json":{"title":"ADRIEN LASTIC - ESTIMULADOR ANAL ARROW PRETO - Lovme","robots":{"index":"index","follow":"follow","max-snippet":"max-snippet:-1","max-image-preview":"max-image-preview:large","max-video-preview":"max-video-preview:-1"},"canonical":"https:\/\/lovme.pt\/index.php\/produto\/adrien-lastic-estimulador-anal-arrow-preto\/","og_locale":"pt_PT","og_type":"article","og_title":"ADRIEN LASTIC - ESTIMULADOR ANAL ARROW PRETO - Lovme","og_description":"ADRIEN LASTIC - ESTIMULADOR ANAL ARROW PRETO","og_url":"https:\/\/lovme.pt\/index.php\/produto\/adrien-lastic-estimulador-anal-arrow-preto\/","og_site_name":"Lovme","article_modified_time":"2026-04-01T05:51:29+00:00","og_image":[{"width":800,"height":800,"url":"https:\/\/erki24nd3ub.exactdn.com\/wp-content\/uploads\/dream\/img\/img_177750_acb21d7c0cc6cb7ad05a4587c0594585_1.jpg?strip=all","type":"image\/jpeg"}],"twitter_card":"summary_large_image","twitter_misc":{"Tempo estimado de leitura":"1 minuto"},"schema":{"@context":"https:\/\/schema.org","@graph":[{"@type":"WebPage","@id":"https:\/\/lovme.pt\/index.php\/produto\/adrien-lastic-estimulador-anal-arrow-preto\/","url":"https:\/\/lovme.pt\/index.php\/produto\/adrien-lastic-estimulador-anal-arrow-preto\/","name":"ADRIEN LASTIC - ESTIMULADOR ANAL ARROW PRETO - Lovme","isPartOf":{"@id":"https:\/\/lovme.pt\/#website"},"primaryImageOfPage":{"@id":"https:\/\/lovme.pt\/index.php\/produto\/adrien-lastic-estimulador-anal-arrow-preto\/#primaryimage"},"image":{"@id":"https:\/\/lovme.pt\/index.php\/produto\/adrien-lastic-estimulador-anal-arrow-preto\/#primaryimage"},"thumbnailUrl":"https:\/\/erki24nd3ub.exactdn.com\/wp-content\/uploads\/dream\/img\/img_177750_acb21d7c0cc6cb7ad05a4587c0594585_1.jpg?strip=all","datePublished":"2025-10-01T02:49:00+00:00","dateModified":"2026-04-01T05:51:29+00:00","breadcrumb":{"@id":"https:\/\/lovme.pt\/index.php\/produto\/adrien-lastic-estimulador-anal-arrow-preto\/#breadcrumb"},"inLanguage":"pt-PT","potentialAction":[{"@type":"ReadAction","target":["https:\/\/lovme.pt\/index.php\/produto\/adrien-lastic-estimulador-anal-arrow-preto\/"]}]},{"@type":"ImageObject","inLanguage":"pt-PT","@id":"https:\/\/lovme.pt\/index.php\/produto\/adrien-lastic-estimulador-anal-arrow-preto\/#primaryimage","url":"https:\/\/erki24nd3ub.exactdn.com\/wp-content\/uploads\/dream\/img\/img_177750_acb21d7c0cc6cb7ad05a4587c0594585_1.jpg?strip=all","contentUrl":"https:\/\/erki24nd3ub.exactdn.com\/wp-content\/uploads\/dream\/img\/img_177750_acb21d7c0cc6cb7ad05a4587c0594585_1.jpg?strip=all","width":800,"height":800},{"@type":"BreadcrumbList","@id":"https:\/\/lovme.pt\/index.php\/produto\/adrien-lastic-estimulador-anal-arrow-preto\/#breadcrumb","itemListElement":[{"@type":"ListItem","position":1,"name":"In\u00edcio","item":"https:\/\/lovme.pt\/"},{"@type":"ListItem","position":2,"name":"Loja","item":"https:\/\/lovme.pt\/index.php\/loja\/"},{"@type":"ListItem","position":3,"name":"ADRIEN LASTIC &#8211; ESTIMULADOR ANAL ARROW PRETO"}]},{"@type":"WebSite","@id":"https:\/\/lovme.pt\/#website","url":"https:\/\/lovme.pt\/","name":"Lovme Loja Er\u00f3tica N\u00ba1 em Portugal","description":"A melhor loja er\u00f3tica de Portugal.","alternateName":"Loja Er\u00f3tica Lovme","potentialAction":[{"@type":"SearchAction","target":{"@type":"EntryPoint","urlTemplate":"https:\/\/lovme.pt\/?s={search_term_string}"},"query-input":{"@type":"PropertyValueSpecification","valueRequired":true,"valueName":"search_term_string"}}],"inLanguage":"pt-PT"}]}},"_links":{"self":[{"href":"https:\/\/lovme.pt\/index.php\/wp-json\/wp\/v2\/product\/48528","targetHints":{"allow":["GET"]}}],"collection":[{"href":"https:\/\/lovme.pt\/index.php\/wp-json\/wp\/v2\/product"}],"about":[{"href":"https:\/\/lovme.pt\/index.php\/wp-json\/wp\/v2\/types\/product"}],"wp:featuredmedia":[{"embeddable":true,"href":"https:\/\/lovme.pt\/index.php\/wp-json\/wp\/v2\/media\/99192"}],"wp:attachment":[{"href":"https:\/\/lovme.pt\/index.php\/wp-json\/wp\/v2\/media?parent=48528"}],"wp:term":[{"taxonomy":"product_brand","embeddable":true,"href":"https:\/\/lovme.pt\/index.php\/wp-json\/wp\/v2\/product_brand?post=48528"},{"taxonomy":"product_cat","embeddable":true,"href":"https:\/\/lovme.pt\/index.php\/wp-json\/wp\/v2\/product_cat?post=48528"},{"taxonomy":"product_tag","embeddable":true,"href":"https:\/\/lovme.pt\/index.php\/wp-json\/wp\/v2\/product_tag?post=48528"}],"curies":[{"name":"wp","href":"https:\/\/api.w.org\/{rel}","templated":true}]}}