{"id":48527,"date":"2025-10-01T03:03:56","date_gmt":"2025-10-01T03:03:56","guid":{"rendered":"https:\/\/lovme.pt\/?post_type=product&p=48527"},"modified":"2026-03-31T23:21:46","modified_gmt":"2026-03-31T23:21:46","slug":"adrien-lastic-estimulador-de-clitoris-caress-azul","status":"publish","type":"product","link":"https:\/\/lovme.pt\/index.php\/produto\/adrien-lastic-estimulador-de-clitoris-caress-azul\/","title":{"rendered":"ADRIEN LASTIC &#8211; ESTIMULADOR DE CLIT\u00d3RIS CARESS AZUL"},"content":{"rendered":"<p><u><strong>DESCUBRA O CARESS AZUL<\/strong><\/u><\/p>\n<p><strong>Caress<\/strong> de Adrien Lastic \u00e9 um massageador muito original que, al\u00e9m de vibrar, inclui um movimento de rota\u00e7\u00e3o, para permitir acariciar suavemente as \u00e1reas do corpo que deseja estimular.<\/p>\n<p>O estimulador de clit\u00f3ris Caress possui 10 modos de vibra\u00e7\u00e3o\/rota\u00e7\u00e3o, 5 nos quais gira em uma dire\u00e7\u00e3o constantemente e 5 nos quais gira de um lado para o outro continuamente. irregular. O brinquedo possui dois motores e \u00e9 \u00e0 prova d\u00e1gua, o que o torna muito f\u00e1cil de limpar.<\/p>\n<p>A carga do estimulador \u00e9 magn\u00e9tica e est\u00e1 localizada na extremidade oposta de onde a cabe\u00e7a est\u00e1 localizada. Ao carregar, a luz permanecer\u00e1 acesa. vermelho e mudar\u00e1. Ficar\u00e1 laranja quando o carregamento for conclu\u00eddo, o que significa 120 minutos de carregamento para 60 minutos de divers\u00e3o e prazer.<\/p>\n<p>Claro, temos que mencionar a parte mais especial do <strong>Caress<\/strong> . Inclui 5 cabe\u00e7as de diferentes formatos destinadas a diferentes tipos de estimula\u00e7\u00e3o e gostos. Uma caracter\u00edstica que na Adrien Lastic desenvolvemos porque nem todas as pessoas t\u00eam a mesma sensibilidade, nem gostam de fric\u00e7\u00e3o com a mesma intensidade e press\u00e3o. Entre as cabe\u00e7as existem formas que s\u00e3o aut\u00eanticas car\u00edcias, e outras que podem ser menos agrad\u00e1veis para os clit\u00f3ris mais sens\u00edveis. Por\u00e9m, \u00e9 por isso que existem 5 cabe\u00e7as, trata-se de experimentar e descobrir qual ou quais se adaptam melhor ao est\u00edmulo que voc\u00ea gosta.<\/p>\n<p>Al\u00e9m disso, n\u00e3o usar cabe\u00e7a para estimular o clit\u00f3ris n\u00e3o significa que voc\u00ea n\u00e3o vai us\u00e1-la, use cada uma das cabe\u00e7as para estimular as diferentes zonas er\u00f3genas do seu corpo e descubra quais s\u00e3o as melhores. \u00e9 agrad\u00e1vel em todos os lugares para voc\u00ea. Sabe, \u00e9 como avaliar 5 brinquedos\u2026 As cabe\u00e7as s\u00e3o pe\u00e7as intercambi\u00e1veis, mas cada uma estimula e voc\u00ea tem que ser informado adequadamente, lembre-se, Teste e orgasmo!<\/p>\n<p>Relacionado aos pelos pubianos e ao uso de Caress. Se n\u00e3o tiverem cabelo, tudo vai embora. bom; Se voc\u00ea cortar, est\u00e1 tudo perfeito; e se a selva conquistou a Amaz\u00f4nia, tamb\u00e9m n\u00e3o dever\u00e1 haver problema, embora possa ocorrer algum pux\u00e3o<\/p>\n<p><u><strong>COMO US\u00c1-LO?<\/strong><\/u><\/p>\n<div>\n<p>Se o que procura \u00e9 uma estimula\u00e7\u00e3o externa, direta, divertida e variada, deixe Caress acariciar-lhe de forma agrad\u00e1vel todo o seu corpo. E embora seja um brinquedo pensado para a estimula\u00e7\u00e3o do clit\u00f3ris, tamb\u00e9m \u00e9 muito interessante em outras zonas er\u00f3genas, por exemplo, nos mamilos, assim como nos test\u00edculos. \u00c9 tudo uma quest\u00e3o de tentar.<\/p>\n<p>Na Adrien Lastic recomendamos utiliz\u00e1-lo com lubrificante \u00e0 base de \u00e1gua para conservar o brinquedo sexual em bom estado e ter cuidado com a pele. Ap\u00f3s o uso, lave bem o brinquedo com \u00e1gua morna e sab\u00e3o neutro antes e depois, seque-o muito bem antes de guard\u00e1-lo, tomando cuidado para que o pano n\u00e3o deixe fiapos. O melhor local para guard\u00e1-lo \u00e9 no estojo de armazenamento que acompanha o Caress.<\/p>\n<p>\u00a0<\/p>\n<p><u><strong>CARACTER\u00cdSTICAS:<\/strong><\/u><\/p>\n<ul>\n<li>100% Silicone Premium Supermacio<\/li>\n<li><u>Dimens\u00f5es<\/u> : Comprimento 5,34 cm \/\/ Di\u00e2metro 3,23 cm<\/li>\n<li>2 motores potentes para estimular o clit\u00f3ris e todas as zonas er\u00f3genas.<\/li>\n<li>Resistente \u00e0 \u00e1gua.<\/li>\n<li>5 cabe\u00e7as intercambi\u00e1veis para diferentes tipos de estimula\u00e7\u00e3o.<\/li>\n<li>10 modos de rota\u00e7\u00e3o\/vibra\u00e7\u00e3o.<\/li>\n<li>Recarreg\u00e1vel com carga magn\u00e9tica.<\/li>\n<li>Ergon\u00f4mico.<\/li>\n<li>Uma experi\u00eancia sexual completa<\/li>\n<li>Bateria de \u00edon de l\u00edtio integrada<\/li>\n<li>86,6 gr<\/li>\n<\/ul>\n<p><u><strong>PROPRIEDADES:<\/strong><\/u><\/p>\n<ul>\n<li><strong>LIMPEZA:<\/strong> Limpe bem o brinquedo antes e depois de cada uso com \u00e1gua morna e sab\u00e3o neutro.<\/li>\n<li><strong>ARMAZENAMENTO:<\/strong> Guarde o seu brinquedo Adrien Lastic em local livre de poeira e mantenha-o longe de brinquedos de outros materiais. Evite deix\u00e1-lo exposto \u00e0 luz solar direta e NUNCA exponha-o a calor extremo.<\/li>\n<li><strong>DICAS DE USO:<\/strong> Adrien Lastic recomenda o uso de lubrificantes \u00e0 base de \u00e1gua para uma inser\u00e7\u00e3o f\u00e1cil e suave de todos os produtos de silicone. N\u00e3o utilize lubrificantes, \u00f3leos ou cremes de silicone com qualquer produto de silicone, pois podem degradar o material do produto e limitar o seu desempenho e vida \u00fatil.<\/li>\n<\/ul>\n<\/div>\n","protected":false},"excerpt":{"rendered":"<p>ADRIEN LASTIC &#8211; ESTIMULADOR DE CLIT\u00d3RIS CARESS AZUL<\/p>\n","protected":false},"featured_media":101193,"template":"","meta":{"_acf_changed":false},"product_brand":[],"product_cat":[17,61],"product_tag":[],"class_list":{"0":"post-48527","1":"product","2":"type-product","3":"status-publish","4":"has-post-thumbnail","6":"product_cat-brinquedos-de-bem-estar-sexual","7":"product_cat-para-elas","8":"yith_product_brand-adrien-lastic","10":"first","11":"instock","12":"taxable","13":"shipping-taxable","14":"purchasable","15":"product-type-simple"},"acf":[],"yoast_head":"<!-- This site is optimized with the Yoast SEO plugin v27.4 - https:\/\/yoast.com\/product\/yoast-seo-wordpress\/ -->\n<title>ADRIEN LASTIC - ESTIMULADOR DE CLIT\u00d3RIS CARESS AZUL - Lovme<\/title>\n<meta name=\"robots\" content=\"index, follow, max-snippet:-1, max-image-preview:large, max-video-preview:-1\" \/>\n<link rel=\"canonical\" href=\"https:\/\/lovme.pt\/index.php\/produto\/adrien-lastic-estimulador-de-clitoris-caress-azul\/\" \/>\n<meta property=\"og:locale\" content=\"pt_PT\" \/>\n<meta property=\"og:type\" content=\"article\" \/>\n<meta property=\"og:title\" content=\"ADRIEN LASTIC - ESTIMULADOR DE CLIT\u00d3RIS CARESS AZUL - Lovme\" \/>\n<meta property=\"og:description\" content=\"ADRIEN LASTIC - ESTIMULADOR DE CLIT\u00d3RIS CARESS AZUL\" \/>\n<meta property=\"og:url\" content=\"https:\/\/lovme.pt\/index.php\/produto\/adrien-lastic-estimulador-de-clitoris-caress-azul\/\" \/>\n<meta property=\"og:site_name\" content=\"Lovme\" \/>\n<meta property=\"article:modified_time\" content=\"2026-03-31T23:21:46+00:00\" \/>\n<meta property=\"og:image\" content=\"https:\/\/erki24nd3ub.exactdn.com\/wp-content\/uploads\/dream\/img\/img_177741_af1ec4d2422e895a541b7560d7e46744_1.jpg?strip=all\" \/>\n\t<meta property=\"og:image:width\" content=\"800\" \/>\n\t<meta property=\"og:image:height\" content=\"800\" \/>\n\t<meta property=\"og:image:type\" content=\"image\/jpeg\" \/>\n<meta name=\"twitter:card\" content=\"summary_large_image\" \/>\n<meta name=\"twitter:label1\" content=\"Tempo estimado de leitura\" \/>\n\t<meta name=\"twitter:data1\" content=\"3 minutos\" \/>\n<script type=\"application\/ld+json\" class=\"yoast-schema-graph\">{\"@context\":\"https:\\\/\\\/schema.org\",\"@graph\":[{\"@type\":\"WebPage\",\"@id\":\"https:\\\/\\\/lovme.pt\\\/index.php\\\/produto\\\/adrien-lastic-estimulador-de-clitoris-caress-azul\\\/\",\"url\":\"https:\\\/\\\/lovme.pt\\\/index.php\\\/produto\\\/adrien-lastic-estimulador-de-clitoris-caress-azul\\\/\",\"name\":\"ADRIEN LASTIC - ESTIMULADOR DE CLIT\u00d3RIS CARESS AZUL - Lovme\",\"isPartOf\":{\"@id\":\"https:\\\/\\\/lovme.pt\\\/#website\"},\"primaryImageOfPage\":{\"@id\":\"https:\\\/\\\/lovme.pt\\\/index.php\\\/produto\\\/adrien-lastic-estimulador-de-clitoris-caress-azul\\\/#primaryimage\"},\"image\":{\"@id\":\"https:\\\/\\\/lovme.pt\\\/index.php\\\/produto\\\/adrien-lastic-estimulador-de-clitoris-caress-azul\\\/#primaryimage\"},\"thumbnailUrl\":\"https:\\\/\\\/erki24nd3ub.exactdn.com\\\/wp-content\\\/uploads\\\/dream\\\/img\\\/img_177741_af1ec4d2422e895a541b7560d7e46744_1.jpg?strip=all\",\"datePublished\":\"2025-10-01T03:03:56+00:00\",\"dateModified\":\"2026-03-31T23:21:46+00:00\",\"breadcrumb\":{\"@id\":\"https:\\\/\\\/lovme.pt\\\/index.php\\\/produto\\\/adrien-lastic-estimulador-de-clitoris-caress-azul\\\/#breadcrumb\"},\"inLanguage\":\"pt-PT\",\"potentialAction\":[{\"@type\":\"ReadAction\",\"target\":[\"https:\\\/\\\/lovme.pt\\\/index.php\\\/produto\\\/adrien-lastic-estimulador-de-clitoris-caress-azul\\\/\"]}]},{\"@type\":\"ImageObject\",\"inLanguage\":\"pt-PT\",\"@id\":\"https:\\\/\\\/lovme.pt\\\/index.php\\\/produto\\\/adrien-lastic-estimulador-de-clitoris-caress-azul\\\/#primaryimage\",\"url\":\"https:\\\/\\\/erki24nd3ub.exactdn.com\\\/wp-content\\\/uploads\\\/dream\\\/img\\\/img_177741_af1ec4d2422e895a541b7560d7e46744_1.jpg?strip=all\",\"contentUrl\":\"https:\\\/\\\/erki24nd3ub.exactdn.com\\\/wp-content\\\/uploads\\\/dream\\\/img\\\/img_177741_af1ec4d2422e895a541b7560d7e46744_1.jpg?strip=all\",\"width\":800,\"height\":800},{\"@type\":\"BreadcrumbList\",\"@id\":\"https:\\\/\\\/lovme.pt\\\/index.php\\\/produto\\\/adrien-lastic-estimulador-de-clitoris-caress-azul\\\/#breadcrumb\",\"itemListElement\":[{\"@type\":\"ListItem\",\"position\":1,\"name\":\"In\u00edcio\",\"item\":\"https:\\\/\\\/lovme.pt\\\/\"},{\"@type\":\"ListItem\",\"position\":2,\"name\":\"Loja\",\"item\":\"https:\\\/\\\/lovme.pt\\\/index.php\\\/loja\\\/\"},{\"@type\":\"ListItem\",\"position\":3,\"name\":\"ADRIEN LASTIC &#8211; ESTIMULADOR DE CLIT\u00d3RIS CARESS AZUL\"}]},{\"@type\":\"WebSite\",\"@id\":\"https:\\\/\\\/lovme.pt\\\/#website\",\"url\":\"https:\\\/\\\/lovme.pt\\\/\",\"name\":\"Lovme Loja Er\u00f3tica N\u00ba1 em Portugal\",\"description\":\"A melhor loja er\u00f3tica de Portugal.\",\"alternateName\":\"Loja Er\u00f3tica Lovme\",\"potentialAction\":[{\"@type\":\"SearchAction\",\"target\":{\"@type\":\"EntryPoint\",\"urlTemplate\":\"https:\\\/\\\/lovme.pt\\\/?s={search_term_string}\"},\"query-input\":{\"@type\":\"PropertyValueSpecification\",\"valueRequired\":true,\"valueName\":\"search_term_string\"}}],\"inLanguage\":\"pt-PT\"}]}<\/script>\n<!-- \/ Yoast SEO plugin. -->","yoast_head_json":{"title":"ADRIEN LASTIC - ESTIMULADOR DE CLIT\u00d3RIS CARESS AZUL - Lovme","robots":{"index":"index","follow":"follow","max-snippet":"max-snippet:-1","max-image-preview":"max-image-preview:large","max-video-preview":"max-video-preview:-1"},"canonical":"https:\/\/lovme.pt\/index.php\/produto\/adrien-lastic-estimulador-de-clitoris-caress-azul\/","og_locale":"pt_PT","og_type":"article","og_title":"ADRIEN LASTIC - ESTIMULADOR DE CLIT\u00d3RIS CARESS AZUL - Lovme","og_description":"ADRIEN LASTIC - ESTIMULADOR DE CLIT\u00d3RIS CARESS AZUL","og_url":"https:\/\/lovme.pt\/index.php\/produto\/adrien-lastic-estimulador-de-clitoris-caress-azul\/","og_site_name":"Lovme","article_modified_time":"2026-03-31T23:21:46+00:00","og_image":[{"width":800,"height":800,"url":"https:\/\/erki24nd3ub.exactdn.com\/wp-content\/uploads\/dream\/img\/img_177741_af1ec4d2422e895a541b7560d7e46744_1.jpg?strip=all","type":"image\/jpeg"}],"twitter_card":"summary_large_image","twitter_misc":{"Tempo estimado de leitura":"3 minutos"},"schema":{"@context":"https:\/\/schema.org","@graph":[{"@type":"WebPage","@id":"https:\/\/lovme.pt\/index.php\/produto\/adrien-lastic-estimulador-de-clitoris-caress-azul\/","url":"https:\/\/lovme.pt\/index.php\/produto\/adrien-lastic-estimulador-de-clitoris-caress-azul\/","name":"ADRIEN LASTIC - ESTIMULADOR DE CLIT\u00d3RIS CARESS AZUL - Lovme","isPartOf":{"@id":"https:\/\/lovme.pt\/#website"},"primaryImageOfPage":{"@id":"https:\/\/lovme.pt\/index.php\/produto\/adrien-lastic-estimulador-de-clitoris-caress-azul\/#primaryimage"},"image":{"@id":"https:\/\/lovme.pt\/index.php\/produto\/adrien-lastic-estimulador-de-clitoris-caress-azul\/#primaryimage"},"thumbnailUrl":"https:\/\/erki24nd3ub.exactdn.com\/wp-content\/uploads\/dream\/img\/img_177741_af1ec4d2422e895a541b7560d7e46744_1.jpg?strip=all","datePublished":"2025-10-01T03:03:56+00:00","dateModified":"2026-03-31T23:21:46+00:00","breadcrumb":{"@id":"https:\/\/lovme.pt\/index.php\/produto\/adrien-lastic-estimulador-de-clitoris-caress-azul\/#breadcrumb"},"inLanguage":"pt-PT","potentialAction":[{"@type":"ReadAction","target":["https:\/\/lovme.pt\/index.php\/produto\/adrien-lastic-estimulador-de-clitoris-caress-azul\/"]}]},{"@type":"ImageObject","inLanguage":"pt-PT","@id":"https:\/\/lovme.pt\/index.php\/produto\/adrien-lastic-estimulador-de-clitoris-caress-azul\/#primaryimage","url":"https:\/\/erki24nd3ub.exactdn.com\/wp-content\/uploads\/dream\/img\/img_177741_af1ec4d2422e895a541b7560d7e46744_1.jpg?strip=all","contentUrl":"https:\/\/erki24nd3ub.exactdn.com\/wp-content\/uploads\/dream\/img\/img_177741_af1ec4d2422e895a541b7560d7e46744_1.jpg?strip=all","width":800,"height":800},{"@type":"BreadcrumbList","@id":"https:\/\/lovme.pt\/index.php\/produto\/adrien-lastic-estimulador-de-clitoris-caress-azul\/#breadcrumb","itemListElement":[{"@type":"ListItem","position":1,"name":"In\u00edcio","item":"https:\/\/lovme.pt\/"},{"@type":"ListItem","position":2,"name":"Loja","item":"https:\/\/lovme.pt\/index.php\/loja\/"},{"@type":"ListItem","position":3,"name":"ADRIEN LASTIC &#8211; ESTIMULADOR DE CLIT\u00d3RIS CARESS AZUL"}]},{"@type":"WebSite","@id":"https:\/\/lovme.pt\/#website","url":"https:\/\/lovme.pt\/","name":"Lovme Loja Er\u00f3tica N\u00ba1 em Portugal","description":"A melhor loja er\u00f3tica de Portugal.","alternateName":"Loja Er\u00f3tica Lovme","potentialAction":[{"@type":"SearchAction","target":{"@type":"EntryPoint","urlTemplate":"https:\/\/lovme.pt\/?s={search_term_string}"},"query-input":{"@type":"PropertyValueSpecification","valueRequired":true,"valueName":"search_term_string"}}],"inLanguage":"pt-PT"}]}},"_links":{"self":[{"href":"https:\/\/lovme.pt\/index.php\/wp-json\/wp\/v2\/product\/48527","targetHints":{"allow":["GET"]}}],"collection":[{"href":"https:\/\/lovme.pt\/index.php\/wp-json\/wp\/v2\/product"}],"about":[{"href":"https:\/\/lovme.pt\/index.php\/wp-json\/wp\/v2\/types\/product"}],"wp:featuredmedia":[{"embeddable":true,"href":"https:\/\/lovme.pt\/index.php\/wp-json\/wp\/v2\/media\/101193"}],"wp:attachment":[{"href":"https:\/\/lovme.pt\/index.php\/wp-json\/wp\/v2\/media?parent=48527"}],"wp:term":[{"taxonomy":"product_brand","embeddable":true,"href":"https:\/\/lovme.pt\/index.php\/wp-json\/wp\/v2\/product_brand?post=48527"},{"taxonomy":"product_cat","embeddable":true,"href":"https:\/\/lovme.pt\/index.php\/wp-json\/wp\/v2\/product_cat?post=48527"},{"taxonomy":"product_tag","embeddable":true,"href":"https:\/\/lovme.pt\/index.php\/wp-json\/wp\/v2\/product_tag?post=48527"}],"curies":[{"name":"wp","href":"https:\/\/api.w.org\/{rel}","templated":true}]}}