{"id":48523,"date":"2025-10-01T03:18:44","date_gmt":"2025-10-01T03:18:44","guid":{"rendered":"https:\/\/lovme.pt\/?post_type=product&p=48523"},"modified":"2026-02-19T20:22:55","modified_gmt":"2026-02-19T20:22:55","slug":"fleshlight-masturbador-automatico-de-lancamento-quickshot","status":"publish","type":"product","link":"https:\/\/lovme.pt\/index.php\/produto\/fleshlight-masturbador-automatico-de-lancamento-quickshot\/","title":{"rendered":"FLESHLIGHT &#8211; MASTURBADOR AUTOM\u00c1TICO DE LAN\u00c7AMENTO QUICKSHOT"},"content":{"rendered":"<p>O <strong>QUICKSHOT LAUNCH<\/strong> oferece uma experi\u00eancia <strong>Fleshlight<\/strong> totalmente automatizada para uso com seus brinquedos <strong>Quickshot<\/strong> . O <strong>QUICKSHOT LAUNCH<\/strong> controla a dura\u00e7\u00e3o dos seus golpes, assim como a velocidade. Com seu inovador sistema de controle por toque, basta definir os controles, sentar e aproveitar<\/p>\n<p> <strong>COMO USAR<\/strong><\/p>\n<p> Os interruptores basculantes iluminados e f\u00e1ceis de usar do <strong>lan\u00e7amento r\u00e1pido<\/strong> permitem que voc\u00ea ajuste entre quatro comprimentos e velocidades de golpe vari\u00e1veis, movendo-se at\u00e9 250 golpes por minuto. Se voc\u00ea quiser uma experi\u00eancia mais focada, reduza o comprimento do tra\u00e7o e alterne entre os tr\u00eas. Dispon\u00edvel com base em zonas de prazer, eixo ou ponta. O suporte universal para smartphone na parte superior oferece a op\u00e7\u00e3o de assistir ao seu conte\u00fado favorito enquanto ambas as m\u00e3os est\u00e3o nos controles. Com carga total, suas sess\u00f5es podem durar at\u00e9 60 minutos, mas tamb\u00e9m podem ser experimentadas em tr\u00e2nsito. conectado \u00e0 parede usando o modo de inicializa\u00e7\u00e3o ativo <strong>Fleshlight.<\/strong><\/p>\n<p> <strong>O QUE EST\u00c1 INCLU\u00cdDO<\/strong><\/p>\n<ul>\n<li> Lan\u00e7amento Quickshot\u2122<\/li>\n<li> Suporte universal para smartphone<\/li>\n<li> Cabo de energia<\/li>\n<li> Guia r\u00e1pido<\/li>\n<li> Manual de instru\u00e7\u00f5es<\/li>\n<\/ul>\n<p> *Quickshot n\u00e3o inclu\u00eddo.<\/p>\n","protected":false},"excerpt":{"rendered":"<p>FLESHLIGHT &#8211; MASTURBADOR AUTOM\u00c1TICO DE LAN\u00c7AMENTO QUICKSHOT<\/p>\n","protected":false},"featured_media":102692,"template":"","meta":{"_acf_changed":false},"product_brand":[],"product_cat":[17,58,60],"product_tag":[],"class_list":{"0":"post-48523","1":"product","2":"type-product","3":"status-publish","4":"has-post-thumbnail","6":"product_cat-brinquedos-de-bem-estar-sexual","7":"product_cat-masturbadores-para-penis","8":"product_cat-para-eles","9":"yith_product_brand-fleshlight","11":"first","12":"instock","13":"taxable","14":"shipping-taxable","15":"purchasable","16":"product-type-simple"},"acf":[],"yoast_head":"<!-- This site is optimized with the Yoast SEO plugin v27.4 - https:\/\/yoast.com\/product\/yoast-seo-wordpress\/ -->\n<title>FLESHLIGHT - MASTURBADOR AUTOM\u00c1TICO DE LAN\u00c7AMENTO QUICKSHOT - Lovme<\/title>\n<meta name=\"robots\" content=\"index, follow, max-snippet:-1, max-image-preview:large, max-video-preview:-1\" \/>\n<link rel=\"canonical\" href=\"https:\/\/lovme.pt\/index.php\/produto\/fleshlight-masturbador-automatico-de-lancamento-quickshot\/\" \/>\n<meta property=\"og:locale\" content=\"pt_PT\" \/>\n<meta property=\"og:type\" content=\"article\" \/>\n<meta property=\"og:title\" content=\"FLESHLIGHT - MASTURBADOR AUTOM\u00c1TICO DE LAN\u00c7AMENTO QUICKSHOT - Lovme\" \/>\n<meta property=\"og:description\" content=\"FLESHLIGHT - MASTURBADOR AUTOM\u00c1TICO DE LAN\u00c7AMENTO QUICKSHOT\" \/>\n<meta property=\"og:url\" content=\"https:\/\/lovme.pt\/index.php\/produto\/fleshlight-masturbador-automatico-de-lancamento-quickshot\/\" \/>\n<meta property=\"og:site_name\" content=\"Lovme\" \/>\n<meta property=\"article:modified_time\" content=\"2026-02-19T20:22:55+00:00\" \/>\n<meta property=\"og:image\" content=\"https:\/\/erki24nd3ub.exactdn.com\/wp-content\/uploads\/dream\/img\/img_177703_1745bcc6b57c3e6b18ad6296f2f4c638_1.jpg?strip=all\" \/>\n\t<meta property=\"og:image:width\" content=\"800\" \/>\n\t<meta property=\"og:image:height\" content=\"800\" \/>\n\t<meta property=\"og:image:type\" content=\"image\/jpeg\" \/>\n<meta name=\"twitter:card\" content=\"summary_large_image\" \/>\n<meta name=\"twitter:label1\" content=\"Tempo estimado de leitura\" \/>\n\t<meta name=\"twitter:data1\" content=\"1 minuto\" \/>\n<script type=\"application\/ld+json\" class=\"yoast-schema-graph\">{\"@context\":\"https:\\\/\\\/schema.org\",\"@graph\":[{\"@type\":\"WebPage\",\"@id\":\"https:\\\/\\\/lovme.pt\\\/index.php\\\/produto\\\/fleshlight-masturbador-automatico-de-lancamento-quickshot\\\/\",\"url\":\"https:\\\/\\\/lovme.pt\\\/index.php\\\/produto\\\/fleshlight-masturbador-automatico-de-lancamento-quickshot\\\/\",\"name\":\"FLESHLIGHT - MASTURBADOR AUTOM\u00c1TICO DE LAN\u00c7AMENTO QUICKSHOT - Lovme\",\"isPartOf\":{\"@id\":\"https:\\\/\\\/lovme.pt\\\/#website\"},\"primaryImageOfPage\":{\"@id\":\"https:\\\/\\\/lovme.pt\\\/index.php\\\/produto\\\/fleshlight-masturbador-automatico-de-lancamento-quickshot\\\/#primaryimage\"},\"image\":{\"@id\":\"https:\\\/\\\/lovme.pt\\\/index.php\\\/produto\\\/fleshlight-masturbador-automatico-de-lancamento-quickshot\\\/#primaryimage\"},\"thumbnailUrl\":\"https:\\\/\\\/erki24nd3ub.exactdn.com\\\/wp-content\\\/uploads\\\/dream\\\/img\\\/img_177703_1745bcc6b57c3e6b18ad6296f2f4c638_1.jpg?strip=all\",\"datePublished\":\"2025-10-01T03:18:44+00:00\",\"dateModified\":\"2026-02-19T20:22:55+00:00\",\"breadcrumb\":{\"@id\":\"https:\\\/\\\/lovme.pt\\\/index.php\\\/produto\\\/fleshlight-masturbador-automatico-de-lancamento-quickshot\\\/#breadcrumb\"},\"inLanguage\":\"pt-PT\",\"potentialAction\":[{\"@type\":\"ReadAction\",\"target\":[\"https:\\\/\\\/lovme.pt\\\/index.php\\\/produto\\\/fleshlight-masturbador-automatico-de-lancamento-quickshot\\\/\"]}]},{\"@type\":\"ImageObject\",\"inLanguage\":\"pt-PT\",\"@id\":\"https:\\\/\\\/lovme.pt\\\/index.php\\\/produto\\\/fleshlight-masturbador-automatico-de-lancamento-quickshot\\\/#primaryimage\",\"url\":\"https:\\\/\\\/erki24nd3ub.exactdn.com\\\/wp-content\\\/uploads\\\/dream\\\/img\\\/img_177703_1745bcc6b57c3e6b18ad6296f2f4c638_1.jpg?strip=all\",\"contentUrl\":\"https:\\\/\\\/erki24nd3ub.exactdn.com\\\/wp-content\\\/uploads\\\/dream\\\/img\\\/img_177703_1745bcc6b57c3e6b18ad6296f2f4c638_1.jpg?strip=all\",\"width\":800,\"height\":800},{\"@type\":\"BreadcrumbList\",\"@id\":\"https:\\\/\\\/lovme.pt\\\/index.php\\\/produto\\\/fleshlight-masturbador-automatico-de-lancamento-quickshot\\\/#breadcrumb\",\"itemListElement\":[{\"@type\":\"ListItem\",\"position\":1,\"name\":\"In\u00edcio\",\"item\":\"https:\\\/\\\/lovme.pt\\\/\"},{\"@type\":\"ListItem\",\"position\":2,\"name\":\"Loja\",\"item\":\"https:\\\/\\\/lovme.pt\\\/index.php\\\/loja\\\/\"},{\"@type\":\"ListItem\",\"position\":3,\"name\":\"FLESHLIGHT &#8211; MASTURBADOR AUTOM\u00c1TICO DE LAN\u00c7AMENTO QUICKSHOT\"}]},{\"@type\":\"WebSite\",\"@id\":\"https:\\\/\\\/lovme.pt\\\/#website\",\"url\":\"https:\\\/\\\/lovme.pt\\\/\",\"name\":\"Lovme Loja Er\u00f3tica N\u00ba1 em Portugal\",\"description\":\"A melhor loja er\u00f3tica de Portugal.\",\"alternateName\":\"Loja Er\u00f3tica Lovme\",\"potentialAction\":[{\"@type\":\"SearchAction\",\"target\":{\"@type\":\"EntryPoint\",\"urlTemplate\":\"https:\\\/\\\/lovme.pt\\\/?s={search_term_string}\"},\"query-input\":{\"@type\":\"PropertyValueSpecification\",\"valueRequired\":true,\"valueName\":\"search_term_string\"}}],\"inLanguage\":\"pt-PT\"}]}<\/script>\n<!-- \/ Yoast SEO plugin. -->","yoast_head_json":{"title":"FLESHLIGHT - MASTURBADOR AUTOM\u00c1TICO DE LAN\u00c7AMENTO QUICKSHOT - Lovme","robots":{"index":"index","follow":"follow","max-snippet":"max-snippet:-1","max-image-preview":"max-image-preview:large","max-video-preview":"max-video-preview:-1"},"canonical":"https:\/\/lovme.pt\/index.php\/produto\/fleshlight-masturbador-automatico-de-lancamento-quickshot\/","og_locale":"pt_PT","og_type":"article","og_title":"FLESHLIGHT - MASTURBADOR AUTOM\u00c1TICO DE LAN\u00c7AMENTO QUICKSHOT - Lovme","og_description":"FLESHLIGHT - MASTURBADOR AUTOM\u00c1TICO DE LAN\u00c7AMENTO QUICKSHOT","og_url":"https:\/\/lovme.pt\/index.php\/produto\/fleshlight-masturbador-automatico-de-lancamento-quickshot\/","og_site_name":"Lovme","article_modified_time":"2026-02-19T20:22:55+00:00","og_image":[{"width":800,"height":800,"url":"https:\/\/erki24nd3ub.exactdn.com\/wp-content\/uploads\/dream\/img\/img_177703_1745bcc6b57c3e6b18ad6296f2f4c638_1.jpg?strip=all","type":"image\/jpeg"}],"twitter_card":"summary_large_image","twitter_misc":{"Tempo estimado de leitura":"1 minuto"},"schema":{"@context":"https:\/\/schema.org","@graph":[{"@type":"WebPage","@id":"https:\/\/lovme.pt\/index.php\/produto\/fleshlight-masturbador-automatico-de-lancamento-quickshot\/","url":"https:\/\/lovme.pt\/index.php\/produto\/fleshlight-masturbador-automatico-de-lancamento-quickshot\/","name":"FLESHLIGHT - MASTURBADOR AUTOM\u00c1TICO DE LAN\u00c7AMENTO QUICKSHOT - Lovme","isPartOf":{"@id":"https:\/\/lovme.pt\/#website"},"primaryImageOfPage":{"@id":"https:\/\/lovme.pt\/index.php\/produto\/fleshlight-masturbador-automatico-de-lancamento-quickshot\/#primaryimage"},"image":{"@id":"https:\/\/lovme.pt\/index.php\/produto\/fleshlight-masturbador-automatico-de-lancamento-quickshot\/#primaryimage"},"thumbnailUrl":"https:\/\/erki24nd3ub.exactdn.com\/wp-content\/uploads\/dream\/img\/img_177703_1745bcc6b57c3e6b18ad6296f2f4c638_1.jpg?strip=all","datePublished":"2025-10-01T03:18:44+00:00","dateModified":"2026-02-19T20:22:55+00:00","breadcrumb":{"@id":"https:\/\/lovme.pt\/index.php\/produto\/fleshlight-masturbador-automatico-de-lancamento-quickshot\/#breadcrumb"},"inLanguage":"pt-PT","potentialAction":[{"@type":"ReadAction","target":["https:\/\/lovme.pt\/index.php\/produto\/fleshlight-masturbador-automatico-de-lancamento-quickshot\/"]}]},{"@type":"ImageObject","inLanguage":"pt-PT","@id":"https:\/\/lovme.pt\/index.php\/produto\/fleshlight-masturbador-automatico-de-lancamento-quickshot\/#primaryimage","url":"https:\/\/erki24nd3ub.exactdn.com\/wp-content\/uploads\/dream\/img\/img_177703_1745bcc6b57c3e6b18ad6296f2f4c638_1.jpg?strip=all","contentUrl":"https:\/\/erki24nd3ub.exactdn.com\/wp-content\/uploads\/dream\/img\/img_177703_1745bcc6b57c3e6b18ad6296f2f4c638_1.jpg?strip=all","width":800,"height":800},{"@type":"BreadcrumbList","@id":"https:\/\/lovme.pt\/index.php\/produto\/fleshlight-masturbador-automatico-de-lancamento-quickshot\/#breadcrumb","itemListElement":[{"@type":"ListItem","position":1,"name":"In\u00edcio","item":"https:\/\/lovme.pt\/"},{"@type":"ListItem","position":2,"name":"Loja","item":"https:\/\/lovme.pt\/index.php\/loja\/"},{"@type":"ListItem","position":3,"name":"FLESHLIGHT &#8211; MASTURBADOR AUTOM\u00c1TICO DE LAN\u00c7AMENTO QUICKSHOT"}]},{"@type":"WebSite","@id":"https:\/\/lovme.pt\/#website","url":"https:\/\/lovme.pt\/","name":"Lovme Loja Er\u00f3tica N\u00ba1 em Portugal","description":"A melhor loja er\u00f3tica de Portugal.","alternateName":"Loja Er\u00f3tica Lovme","potentialAction":[{"@type":"SearchAction","target":{"@type":"EntryPoint","urlTemplate":"https:\/\/lovme.pt\/?s={search_term_string}"},"query-input":{"@type":"PropertyValueSpecification","valueRequired":true,"valueName":"search_term_string"}}],"inLanguage":"pt-PT"}]}},"_links":{"self":[{"href":"https:\/\/lovme.pt\/index.php\/wp-json\/wp\/v2\/product\/48523","targetHints":{"allow":["GET"]}}],"collection":[{"href":"https:\/\/lovme.pt\/index.php\/wp-json\/wp\/v2\/product"}],"about":[{"href":"https:\/\/lovme.pt\/index.php\/wp-json\/wp\/v2\/types\/product"}],"wp:featuredmedia":[{"embeddable":true,"href":"https:\/\/lovme.pt\/index.php\/wp-json\/wp\/v2\/media\/102692"}],"wp:attachment":[{"href":"https:\/\/lovme.pt\/index.php\/wp-json\/wp\/v2\/media?parent=48523"}],"wp:term":[{"taxonomy":"product_brand","embeddable":true,"href":"https:\/\/lovme.pt\/index.php\/wp-json\/wp\/v2\/product_brand?post=48523"},{"taxonomy":"product_cat","embeddable":true,"href":"https:\/\/lovme.pt\/index.php\/wp-json\/wp\/v2\/product_cat?post=48523"},{"taxonomy":"product_tag","embeddable":true,"href":"https:\/\/lovme.pt\/index.php\/wp-json\/wp\/v2\/product_tag?post=48523"}],"curies":[{"name":"wp","href":"https:\/\/api.w.org\/{rel}","templated":true}]}}