{"id":48513,"date":"2025-10-01T00:05:34","date_gmt":"2025-10-01T00:05:34","guid":{"rendered":"https:\/\/lovme.pt\/?post_type=product&p=48513"},"modified":"2026-02-19T20:14:19","modified_gmt":"2026-02-19T20:14:19","slug":"electrastim-plug-anal-tartarus-quadripolar-silicone-preto","status":"publish","type":"product","link":"https:\/\/lovme.pt\/index.php\/produto\/electrastim-plug-anal-tartarus-quadripolar-silicone-preto\/","title":{"rendered":"ELECTRASTIM &#8211; PLUG ANAL TARTARUS QUADRIPOLAR SILICONE PRETO"},"content":{"rendered":"<p>Voc\u00ea est\u00e1 desejando um plug anal el\u00e9trico que tenha um pouco mais de pot\u00eancia? Que voc\u00ea poderia mudar as sensa\u00e7\u00f5es de maneiras novas e criativas. Por que usar um padr\u00e3o diferente?<\/p>\n<p>Juntando-se \u00e0 linha Silicone Noir, o <strong>Tartarus Quadripolar Butt Plug<\/strong> \u00e9 baseado em um plug cl\u00e1ssico em forma de bala com um toque distinto que aumenta ainda mais a sensa\u00e7\u00e3o. ; do alcance de qualquer outro acess\u00f3rio.<\/p>\n<p><strong>O Tartarus<\/strong> possui um design quadrupolo no qual o corpo do plugue \u00e9 dividido em quatro \u00e1reas condutoras distintas que s\u00e3o controladas de forma independente. Compar\u00e1vel em tamanho ao plug anal Medium Rocker mais vendido, a configura\u00e7\u00e3o exclusiva de quatro zonas condutoras estimula 360 graus ao redor da passagem anal. Esta ampla gama de sensa\u00e7\u00f5es cria uma intensa ilus\u00e3o de \u201cplenitude\u201d adicional durante o uso, sem exceder os limites f\u00edsicos dos jogadores menos experientes.<\/p>\n<p>Alimentadas por um estimulador de sa\u00edda dupla*, as quatro se\u00e7\u00f5es do <strong>T\u00e1rtaro<\/strong> podem ser conectadas de tal forma que o eletro passa de um ponto condutor a outro em um movimento circular. Isso cria um tipo totalmente novo de sensa\u00e7\u00e3o el\u00e9trica que chamamos de \u201crota\u00e7\u00e3o virtual\u201d, onde o plugue parece estar girando e girando enquanto permanece completamente im\u00f3vel.<\/p>\n<p>Cada plug da base <strong>Tartarus<\/strong> corresponde a uma sec\u00e7\u00e3o do plug**, dando-lhe total liberdade para experimentar qualquer configura\u00e7\u00e3o desejada e as diferen\u00e7as que provocam nas sensa\u00e7\u00f5es. Usar uma onda cont\u00ednua ou padr\u00e3o de pulso resultar\u00e1 em uma sensa\u00e7\u00e3o prazerosa e poderosa e uma sensa\u00e7\u00e3o aprimorada de &#8220;plenitude&#8221;, mas recomendamos tentar uma onda alternada ou padr\u00e3o de pulso que ir\u00e1 desencadear a sensa\u00e7\u00e3o de plenitude. diferentes setores do plugue em momentos diferentes. O jogo quadripolar requer um estimulador de 2 canais, como Flick Duo, Flux, SensaVox ou AXIS* e ambos os cabos padr\u00e3o para ter quatro plugues conectados ao mesmo tempo.<\/p>\n<p>Assim como nossos Rocker Plugs, <strong>o Tartarus<\/strong> apresenta uma base arredondada para jogo sentado, onde os conectores de conex\u00e3o s\u00e3o embutidos para evitar danos aos cabos. Observe que todos os cabos <strong>ElectraStim<\/strong> s\u00e3o tecnicamente compat\u00edveis com <strong>o Tartarus<\/strong> , mas a base foi projetada especificamente com nossos cabos de 90 graus em mente (eles ficar\u00e3o nivelados durante o uso).<\/p>\n<p>A configura\u00e7\u00e3o dos plugues na parte inferior do plugue corresponde a se\u00e7\u00f5es espec\u00edficas do brinquedo (conforme diagrama abaixo). N\u00e3o existe \u201ccorreto\u201d ou \u201cincorreto\u201d para organiz\u00e1-los; Na verdade, \u00e9 altamente recomend\u00e1vel experimentar mov\u00ea-los para criar sensa\u00e7\u00f5es diferentes. Cada plugue na parte inferior corresponde a um determinado quadrante do brinquedo, ent\u00e3o voc\u00ea pode variar a forma de conectar os cabos conforme explicado abaixo.<\/p>\n<p>Da mesma forma, usar um padr\u00e3o de Onda Cont\u00ednua ou Pulso proporcionar\u00e1 uma sensa\u00e7\u00e3o prazerosa e poderosa e uma sensa\u00e7\u00e3o aprimorada de circunfer\u00eancia interna, mas recomendamos tentar um padr\u00e3o de Onda Alternada ou Pulso que acionar\u00e1 a circunfer\u00eancia interna. diferentes setores do plugue em momentos diferentes.<\/p>\n","protected":false},"excerpt":{"rendered":"<p>ELECTRASTIM &#8211; PLUG ANAL TARTARUS QUADRIPOLAR SILICONE PRETO<\/p>\n","protected":false},"featured_media":84417,"template":"","meta":{"_acf_changed":false},"product_brand":[],"product_cat":[48],"product_tag":[],"class_list":{"0":"post-48513","1":"product","2":"type-product","3":"status-publish","4":"has-post-thumbnail","6":"product_cat-bdsm","7":"yith_product_brand-electrastim","9":"first","10":"instock","11":"taxable","12":"shipping-taxable","13":"purchasable","14":"product-type-simple"},"acf":[],"yoast_head":"<!-- This site is optimized with the Yoast SEO plugin v27.4 - https:\/\/yoast.com\/product\/yoast-seo-wordpress\/ -->\n<title>ELECTRASTIM - PLUG ANAL TARTARUS QUADRIPOLAR SILICONE PRETO - Lovme<\/title>\n<meta name=\"robots\" content=\"index, follow, max-snippet:-1, max-image-preview:large, max-video-preview:-1\" \/>\n<link rel=\"canonical\" href=\"https:\/\/lovme.pt\/index.php\/produto\/electrastim-plug-anal-tartarus-quadripolar-silicone-preto\/\" \/>\n<meta property=\"og:locale\" content=\"pt_PT\" \/>\n<meta property=\"og:type\" content=\"article\" \/>\n<meta property=\"og:title\" content=\"ELECTRASTIM - PLUG ANAL TARTARUS QUADRIPOLAR SILICONE PRETO - Lovme\" \/>\n<meta property=\"og:description\" content=\"ELECTRASTIM - PLUG ANAL TARTARUS QUADRIPOLAR SILICONE PRETO\" \/>\n<meta property=\"og:url\" content=\"https:\/\/lovme.pt\/index.php\/produto\/electrastim-plug-anal-tartarus-quadripolar-silicone-preto\/\" \/>\n<meta property=\"og:site_name\" content=\"Lovme\" \/>\n<meta property=\"article:modified_time\" content=\"2026-02-19T20:14:19+00:00\" \/>\n<meta property=\"og:image\" content=\"https:\/\/erki24nd3ub.exactdn.com\/wp-content\/uploads\/dream\/img\/img_177554_113e8c66bdc6657e65307ef03d97c7a0_1.jpg?strip=all\" \/>\n\t<meta property=\"og:image:width\" content=\"800\" \/>\n\t<meta property=\"og:image:height\" content=\"800\" \/>\n\t<meta property=\"og:image:type\" content=\"image\/jpeg\" \/>\n<meta name=\"twitter:card\" content=\"summary_large_image\" \/>\n<meta name=\"twitter:label1\" content=\"Tempo estimado de leitura\" \/>\n\t<meta name=\"twitter:data1\" content=\"3 minutos\" \/>\n<script type=\"application\/ld+json\" class=\"yoast-schema-graph\">{\"@context\":\"https:\\\/\\\/schema.org\",\"@graph\":[{\"@type\":\"WebPage\",\"@id\":\"https:\\\/\\\/lovme.pt\\\/index.php\\\/produto\\\/electrastim-plug-anal-tartarus-quadripolar-silicone-preto\\\/\",\"url\":\"https:\\\/\\\/lovme.pt\\\/index.php\\\/produto\\\/electrastim-plug-anal-tartarus-quadripolar-silicone-preto\\\/\",\"name\":\"ELECTRASTIM - PLUG ANAL TARTARUS QUADRIPOLAR SILICONE PRETO - Lovme\",\"isPartOf\":{\"@id\":\"https:\\\/\\\/lovme.pt\\\/#website\"},\"primaryImageOfPage\":{\"@id\":\"https:\\\/\\\/lovme.pt\\\/index.php\\\/produto\\\/electrastim-plug-anal-tartarus-quadripolar-silicone-preto\\\/#primaryimage\"},\"image\":{\"@id\":\"https:\\\/\\\/lovme.pt\\\/index.php\\\/produto\\\/electrastim-plug-anal-tartarus-quadripolar-silicone-preto\\\/#primaryimage\"},\"thumbnailUrl\":\"https:\\\/\\\/erki24nd3ub.exactdn.com\\\/wp-content\\\/uploads\\\/dream\\\/img\\\/img_177554_113e8c66bdc6657e65307ef03d97c7a0_1.jpg?strip=all\",\"datePublished\":\"2025-10-01T00:05:34+00:00\",\"dateModified\":\"2026-02-19T20:14:19+00:00\",\"breadcrumb\":{\"@id\":\"https:\\\/\\\/lovme.pt\\\/index.php\\\/produto\\\/electrastim-plug-anal-tartarus-quadripolar-silicone-preto\\\/#breadcrumb\"},\"inLanguage\":\"pt-PT\",\"potentialAction\":[{\"@type\":\"ReadAction\",\"target\":[\"https:\\\/\\\/lovme.pt\\\/index.php\\\/produto\\\/electrastim-plug-anal-tartarus-quadripolar-silicone-preto\\\/\"]}]},{\"@type\":\"ImageObject\",\"inLanguage\":\"pt-PT\",\"@id\":\"https:\\\/\\\/lovme.pt\\\/index.php\\\/produto\\\/electrastim-plug-anal-tartarus-quadripolar-silicone-preto\\\/#primaryimage\",\"url\":\"https:\\\/\\\/erki24nd3ub.exactdn.com\\\/wp-content\\\/uploads\\\/dream\\\/img\\\/img_177554_113e8c66bdc6657e65307ef03d97c7a0_1.jpg?strip=all\",\"contentUrl\":\"https:\\\/\\\/erki24nd3ub.exactdn.com\\\/wp-content\\\/uploads\\\/dream\\\/img\\\/img_177554_113e8c66bdc6657e65307ef03d97c7a0_1.jpg?strip=all\",\"width\":800,\"height\":800},{\"@type\":\"BreadcrumbList\",\"@id\":\"https:\\\/\\\/lovme.pt\\\/index.php\\\/produto\\\/electrastim-plug-anal-tartarus-quadripolar-silicone-preto\\\/#breadcrumb\",\"itemListElement\":[{\"@type\":\"ListItem\",\"position\":1,\"name\":\"In\u00edcio\",\"item\":\"https:\\\/\\\/lovme.pt\\\/\"},{\"@type\":\"ListItem\",\"position\":2,\"name\":\"Loja\",\"item\":\"https:\\\/\\\/lovme.pt\\\/index.php\\\/loja\\\/\"},{\"@type\":\"ListItem\",\"position\":3,\"name\":\"ELECTRASTIM &#8211; PLUG ANAL TARTARUS QUADRIPOLAR SILICONE PRETO\"}]},{\"@type\":\"WebSite\",\"@id\":\"https:\\\/\\\/lovme.pt\\\/#website\",\"url\":\"https:\\\/\\\/lovme.pt\\\/\",\"name\":\"Lovme Loja Er\u00f3tica N\u00ba1 em Portugal\",\"description\":\"A melhor loja er\u00f3tica de Portugal.\",\"alternateName\":\"Loja Er\u00f3tica Lovme\",\"potentialAction\":[{\"@type\":\"SearchAction\",\"target\":{\"@type\":\"EntryPoint\",\"urlTemplate\":\"https:\\\/\\\/lovme.pt\\\/?s={search_term_string}\"},\"query-input\":{\"@type\":\"PropertyValueSpecification\",\"valueRequired\":true,\"valueName\":\"search_term_string\"}}],\"inLanguage\":\"pt-PT\"}]}<\/script>\n<!-- \/ Yoast SEO plugin. -->","yoast_head_json":{"title":"ELECTRASTIM - PLUG ANAL TARTARUS QUADRIPOLAR SILICONE PRETO - Lovme","robots":{"index":"index","follow":"follow","max-snippet":"max-snippet:-1","max-image-preview":"max-image-preview:large","max-video-preview":"max-video-preview:-1"},"canonical":"https:\/\/lovme.pt\/index.php\/produto\/electrastim-plug-anal-tartarus-quadripolar-silicone-preto\/","og_locale":"pt_PT","og_type":"article","og_title":"ELECTRASTIM - PLUG ANAL TARTARUS QUADRIPOLAR SILICONE PRETO - Lovme","og_description":"ELECTRASTIM - PLUG ANAL TARTARUS QUADRIPOLAR SILICONE PRETO","og_url":"https:\/\/lovme.pt\/index.php\/produto\/electrastim-plug-anal-tartarus-quadripolar-silicone-preto\/","og_site_name":"Lovme","article_modified_time":"2026-02-19T20:14:19+00:00","og_image":[{"width":800,"height":800,"url":"https:\/\/erki24nd3ub.exactdn.com\/wp-content\/uploads\/dream\/img\/img_177554_113e8c66bdc6657e65307ef03d97c7a0_1.jpg?strip=all","type":"image\/jpeg"}],"twitter_card":"summary_large_image","twitter_misc":{"Tempo estimado de leitura":"3 minutos"},"schema":{"@context":"https:\/\/schema.org","@graph":[{"@type":"WebPage","@id":"https:\/\/lovme.pt\/index.php\/produto\/electrastim-plug-anal-tartarus-quadripolar-silicone-preto\/","url":"https:\/\/lovme.pt\/index.php\/produto\/electrastim-plug-anal-tartarus-quadripolar-silicone-preto\/","name":"ELECTRASTIM - PLUG ANAL TARTARUS QUADRIPOLAR SILICONE PRETO - Lovme","isPartOf":{"@id":"https:\/\/lovme.pt\/#website"},"primaryImageOfPage":{"@id":"https:\/\/lovme.pt\/index.php\/produto\/electrastim-plug-anal-tartarus-quadripolar-silicone-preto\/#primaryimage"},"image":{"@id":"https:\/\/lovme.pt\/index.php\/produto\/electrastim-plug-anal-tartarus-quadripolar-silicone-preto\/#primaryimage"},"thumbnailUrl":"https:\/\/erki24nd3ub.exactdn.com\/wp-content\/uploads\/dream\/img\/img_177554_113e8c66bdc6657e65307ef03d97c7a0_1.jpg?strip=all","datePublished":"2025-10-01T00:05:34+00:00","dateModified":"2026-02-19T20:14:19+00:00","breadcrumb":{"@id":"https:\/\/lovme.pt\/index.php\/produto\/electrastim-plug-anal-tartarus-quadripolar-silicone-preto\/#breadcrumb"},"inLanguage":"pt-PT","potentialAction":[{"@type":"ReadAction","target":["https:\/\/lovme.pt\/index.php\/produto\/electrastim-plug-anal-tartarus-quadripolar-silicone-preto\/"]}]},{"@type":"ImageObject","inLanguage":"pt-PT","@id":"https:\/\/lovme.pt\/index.php\/produto\/electrastim-plug-anal-tartarus-quadripolar-silicone-preto\/#primaryimage","url":"https:\/\/erki24nd3ub.exactdn.com\/wp-content\/uploads\/dream\/img\/img_177554_113e8c66bdc6657e65307ef03d97c7a0_1.jpg?strip=all","contentUrl":"https:\/\/erki24nd3ub.exactdn.com\/wp-content\/uploads\/dream\/img\/img_177554_113e8c66bdc6657e65307ef03d97c7a0_1.jpg?strip=all","width":800,"height":800},{"@type":"BreadcrumbList","@id":"https:\/\/lovme.pt\/index.php\/produto\/electrastim-plug-anal-tartarus-quadripolar-silicone-preto\/#breadcrumb","itemListElement":[{"@type":"ListItem","position":1,"name":"In\u00edcio","item":"https:\/\/lovme.pt\/"},{"@type":"ListItem","position":2,"name":"Loja","item":"https:\/\/lovme.pt\/index.php\/loja\/"},{"@type":"ListItem","position":3,"name":"ELECTRASTIM &#8211; PLUG ANAL TARTARUS QUADRIPOLAR SILICONE PRETO"}]},{"@type":"WebSite","@id":"https:\/\/lovme.pt\/#website","url":"https:\/\/lovme.pt\/","name":"Lovme Loja Er\u00f3tica N\u00ba1 em Portugal","description":"A melhor loja er\u00f3tica de Portugal.","alternateName":"Loja Er\u00f3tica Lovme","potentialAction":[{"@type":"SearchAction","target":{"@type":"EntryPoint","urlTemplate":"https:\/\/lovme.pt\/?s={search_term_string}"},"query-input":{"@type":"PropertyValueSpecification","valueRequired":true,"valueName":"search_term_string"}}],"inLanguage":"pt-PT"}]}},"_links":{"self":[{"href":"https:\/\/lovme.pt\/index.php\/wp-json\/wp\/v2\/product\/48513","targetHints":{"allow":["GET"]}}],"collection":[{"href":"https:\/\/lovme.pt\/index.php\/wp-json\/wp\/v2\/product"}],"about":[{"href":"https:\/\/lovme.pt\/index.php\/wp-json\/wp\/v2\/types\/product"}],"wp:featuredmedia":[{"embeddable":true,"href":"https:\/\/lovme.pt\/index.php\/wp-json\/wp\/v2\/media\/84417"}],"wp:attachment":[{"href":"https:\/\/lovme.pt\/index.php\/wp-json\/wp\/v2\/media?parent=48513"}],"wp:term":[{"taxonomy":"product_brand","embeddable":true,"href":"https:\/\/lovme.pt\/index.php\/wp-json\/wp\/v2\/product_brand?post=48513"},{"taxonomy":"product_cat","embeddable":true,"href":"https:\/\/lovme.pt\/index.php\/wp-json\/wp\/v2\/product_cat?post=48513"},{"taxonomy":"product_tag","embeddable":true,"href":"https:\/\/lovme.pt\/index.php\/wp-json\/wp\/v2\/product_tag?post=48513"}],"curies":[{"name":"wp","href":"https:\/\/api.w.org\/{rel}","templated":true}]}}