{"id":48450,"date":"2025-10-01T00:27:22","date_gmt":"2025-10-01T00:27:22","guid":{"rendered":"https:\/\/lovme.pt\/?post_type=product&p=48450"},"modified":"2026-02-19T20:15:26","modified_gmt":"2026-02-19T20:15:26","slug":"chilirose-cr-4654-calcas-com-strass-preto-s-m","status":"publish","type":"product","link":"https:\/\/lovme.pt\/index.php\/produto\/chilirose-cr-4654-calcas-com-strass-preto-s-m\/","title":{"rendered":"CHILIROSE &#8211; CR 4654 CAL\u00c7AS COM strass PRETO S\/M"},"content":{"rendered":"<p>A meia arrast\u00e3o preta <strong>CR 4654<\/strong> com strass \u00e9 uma pe\u00e7a de lingerie que combina eleg\u00e2ncia e sensualidade de forma excepcional. Confeccionadas em malha preta fina e el\u00e1stica, essas meias oferecem um look sedutor e provocante que real\u00e7a a feminilidade.<\/p>\n<p> O que diferencia essas meias \u00e9 a adi\u00e7\u00e3o de strass, que d\u00e1 um toque de luxo e sofistica\u00e7\u00e3o. Cuidadosamente dispostos ao longo da malha, os detalhes de strass capturam a luz de maneira deslumbrante, criando brilhos que real\u00e7am a beleza de suas pernas e adicionam um brilho \u00fanico a qualquer roupa.<\/p>\n<\/p>\n<p> Estas meias s\u00e3o vers\u00e1teis e podem complementar uma vasta gama de looks, desde um conjunto de lingerie sensual at\u00e9 um elegante conjunto de noite. Seja para uma ocasi\u00e3o especial ou para dar um toque de glamour ao seu dia a dia, estas meias arrast\u00e3o pretas com strass s\u00e3o a escolha perfeita para quem quer se sentir confiante e deslumbrante a qualquer momento.<\/p>\n<\/p>\n<p> <strong><u>CARACTER\u00cdSTICAS:<\/u><\/strong><\/p>\n<ul>\n<li> Meias arrast\u00e3o pretas com strass<\/li>\n<li> Dispon\u00edvel em P\/M <\/li>\n<\/ul>\n<p><span display:=\"id=\" style=\"\">\u00a0<\/span><\/p>\n<p> A marca <strong>CHILIROSE<\/strong> foi criada em 2008 e a nossa miss\u00e3o \u00e9 oferecer lingerie sensual e excitante aos nossos clientes a um pre\u00e7o competitivo. Agora em 2022, ap\u00f3s 14 anos, somos uma das principais empresas de lingerie ex\u00f3tica e temos uma grande cole\u00e7\u00e3o de pijamas, vestidos, roup\u00f5es, espartilhos, vestidos, roupas para baladas e muito mais. Nosso rigoroso controle de qualidade garante total satisfa\u00e7\u00e3o aos nossos clientes e torna a venda um prazer. Tomamos especial cuidado na sele\u00e7\u00e3o de nossos materiais e m\u00e3o de obra. Oferecemos regularmente novos estilos fant\u00e1sticos e esperamos surpreend\u00ea-lo positivamente sempre. <\/p>\n<p>\u00a0<\/p>\n<table border=\"1\" cellpadding=\"0\" cellspacing=\"0\" width=\"832\">\n<tbody>\n<tr height=\"23\" style=\"border: 1px solid black;\">\n<td class=\"xl72\" colspan=\"8\" height=\"23\" style=\"text-align: center; border: 1px solid black;\" width=\"832\"><b>TABELA DE TAMANHOS<\/b><\/td>\n<\/tr>\n<tr height=\"23\" style=\"border: 1px solid black;\">\n<td class=\"xl73\" colspan=\"2\" height=\"23\" style=\"text-align: center; border: 1px solid black;\"><strong>TAMANHO<\/strong><\/td>\n<td class=\"xl71\" style=\"text-align: center; border: 1px solid black;\" width=\"104\"><strong>S<\/strong><\/td>\n<td class=\"xl71\" style=\"text-align: center; border: 1px solid black;\" width=\"104\"><strong>M<\/strong><\/td>\n<td class=\"xl71\" style=\"text-align: center; border: 1px solid black;\" width=\"104\"><strong>L<\/strong><\/td>\n<td class=\"xl71\" style=\"text-align: center; border: 1px solid black;\" width=\"104\"><strong>XL<\/strong><\/td>\n<td class=\"xl71\" style=\"text-align: center; border: 1px solid black;\" width=\"104\"><strong>XXL<\/strong><\/td>\n<td class=\"xl71\" style=\"text-align: center; border: 1px solid black;\" width=\"104\"><strong>S\/M\u00a0 \u00a0 L\/XL<\/strong><\/td>\n<\/tr>\n<tr>\n<td class=\"xl74\" colspan=\"2\" height=\"23\" style=\"text-align: center; border: 1px solid black;\" width=\"208\"><strong>Busto (cm)<\/strong><\/td>\n<td class=\"xl72\" style=\"text-align: center; border: 1px solid black;\" width=\"104\">85-89<\/td>\n<td class=\"xl72\" style=\"text-align: center; border: 1px solid black;\" width=\"104\">90-94<\/td>\n<td class=\"xl71\" style=\"text-align: center; border: 1px solid black;\" width=\"104\">95-99<\/td>\n<td class=\"xl71\" style=\"text-align: center; border: 1px solid black;\" width=\"104\">100-104<\/td>\n<td class=\"xl71\" style=\"text-align: center; border: 1px solid black;\" width=\"104\">105-109<\/td>\n<td class=\"xl71\" style=\"text-align: center; border: 1px solid black;\" width=\"104\">85-94  95-104<\/td>\n<\/tr>\n<tr>\n<td class=\"xl74\" colspan=\"2\" height=\"23\" style=\"text-align: center; border: 1px solid black;\" width=\"208\"><strong>Busto baixo (cm)<\/strong><\/td>\n<td class=\"xl72\" style=\"text-align: center; border: 1px solid black;\" width=\"104\"><span style=\"color: rgb(51, 51, 51); font-family: sans-serif, Arial, Verdana, \">69-72<\/span><\/td>\n<td class=\"xl72\" style=\"text-align: center; border: 1px solid black;\" width=\"104\"><span style=\"color: rgb(51, 51, 51); font-family: sans-serif, Arial, Verdana, \">73-77<\/span><\/td>\n<td class=\"xl71\" style=\"text-align: center; border: 1px solid black;\" width=\"104\"><span style=\"color: rgb(51, 51, 51); font-family: sans-serif, Arial, Verdana, \">78-81<\/span><\/td>\n<td class=\"xl71\" style=\"text-align: center; border: 1px solid black;\" width=\"104\"><span style=\"color: rgb(51, 51, 51); font-family: sans-serif, Arial, Verdana, \">82-86<\/span><\/td>\n<td class=\"xl71\" style=\"text-align: center; border: 1px solid black;\" width=\"104\"><span style=\"color: rgb(51, 51, 51); font-family: sans-serif, Arial, Verdana, \">87-90<\/span><\/td>\n<td class=\"xl71\" style=\"text-align: center; border: 1px solid black;\" width=\"104\"><span style=\"color: rgb(51, 51, 51); font-family: sans-serif, Arial, Verdana, \">69-77\u00a0 \u00a0 78-86<\/span><\/td>\n<\/tr>\n<tr height=\"23\" style=\"border: 1px solid black;\">\n<td class=\"xl74\" colspan=\"2\" height=\"23\" style=\"text-align: center; border: 1px solid black;\" width=\"208\"><strong>Cintura (cm)<\/strong><\/td>\n<td class=\"xl72\" style=\"text-align: center; border: 1px solid black;\" width=\"104\">68-72<\/td>\n<td class=\"xl72\" style=\"text-align: center; border: 1px solid black;\" width=\"104\">73-77<\/td>\n<td class=\"xl71\" style=\"text-align: center; border: 1px solid black;\" width=\"104\">78-82<\/td>\n<td class=\"xl71\" style=\"text-align: center; border: 1px solid black;\" width=\"104\">83-87<\/td>\n<td class=\"xl71\" style=\"text-align: center; border: 1px solid black;\" width=\"104\">88-93<\/td>\n<td class=\"xl71\" style=\"text-align: center; border: 1px solid black;\" width=\"104\">68-77\u00a0 \u00a0 78-87<\/td>\n<\/tr>\n<tr height=\"23\" style=\"border: 1px solid black;\">\n<td class=\"xl74\" colspan=\"2\" height=\"23\" style=\"text-align: center; border: 1px solid black;\" width=\"208\"><strong>Quadril (cm)<\/strong><\/td>\n<td class=\"xl72\" style=\"text-align: center; border: 1px solid black;\" width=\"104\">90-94<\/td>\n<td class=\"xl72\" style=\"text-align: center; border: 1px solid black;\" width=\"104\">95-100<\/td>\n<td class=\"xl71\" style=\"text-align: center; border: 1px solid black;\" width=\"104\">101-105<\/td>\n<td class=\"xl71\" style=\"text-align: center; border: 1px solid black;\" width=\"104\">106-111<\/td>\n<td class=\"xl71\" style=\"text-align: center; border: 1px solid black;\" width=\"104\">112-116<\/td>\n<td class=\"xl71\" style=\"text-align: center; border: 1px solid black;\" width=\"104\">90-100  101-111<\/td>\n<\/tr>\n<\/tbody>\n<\/table>\n","protected":false},"excerpt":{"rendered":"<p>CHILIROSE &#8211; CR 4654 CAL\u00c7AS COM strass PRETO S\/M<\/p>\n","protected":false},"featured_media":87959,"template":"","meta":{"_acf_changed":false},"product_brand":[],"product_cat":[47,66],"product_tag":[],"class_list":{"0":"post-48450","1":"product","2":"type-product","3":"status-publish","4":"has-post-thumbnail","6":"product_cat-lingerie","7":"product_cat-lingerie-feminina","8":"yith_product_brand-chilirose","9":"yith_product_brand-chilirosechilirose-accesories","11":"first","12":"instock","13":"taxable","14":"shipping-taxable","15":"purchasable","16":"product-type-simple"},"acf":[],"yoast_head":"<!-- This site is optimized with the Yoast SEO plugin v27.4 - https:\/\/yoast.com\/product\/yoast-seo-wordpress\/ -->\n<title>CHILIROSE - CR 4654 CAL\u00c7AS COM strass PRETO S\/M - Lovme<\/title>\n<meta name=\"robots\" content=\"index, follow, max-snippet:-1, max-image-preview:large, max-video-preview:-1\" \/>\n<link rel=\"canonical\" href=\"https:\/\/lovme.pt\/index.php\/produto\/chilirose-cr-4654-calcas-com-strass-preto-s-m\/\" \/>\n<meta property=\"og:locale\" content=\"pt_PT\" \/>\n<meta property=\"og:type\" content=\"article\" \/>\n<meta property=\"og:title\" content=\"CHILIROSE - CR 4654 CAL\u00c7AS COM strass PRETO S\/M - Lovme\" \/>\n<meta property=\"og:description\" content=\"CHILIROSE - CR 4654 CAL\u00c7AS COM strass PRETO S\/M\" \/>\n<meta property=\"og:url\" content=\"https:\/\/lovme.pt\/index.php\/produto\/chilirose-cr-4654-calcas-com-strass-preto-s-m\/\" \/>\n<meta property=\"og:site_name\" content=\"Lovme\" \/>\n<meta property=\"article:modified_time\" content=\"2026-02-19T20:15:26+00:00\" \/>\n<meta property=\"og:image\" content=\"https:\/\/erki24nd3ub.exactdn.com\/wp-content\/uploads\/dream\/img\/img_177224_ff8cbc657119907106981767a1b50c64_1.jpg?strip=all\" \/>\n\t<meta property=\"og:image:width\" content=\"800\" \/>\n\t<meta property=\"og:image:height\" content=\"800\" \/>\n\t<meta property=\"og:image:type\" content=\"image\/jpeg\" \/>\n<meta name=\"twitter:card\" content=\"summary_large_image\" \/>\n<meta name=\"twitter:label1\" content=\"Tempo estimado de leitura\" \/>\n\t<meta name=\"twitter:data1\" content=\"2 minutos\" \/>\n<script type=\"application\/ld+json\" class=\"yoast-schema-graph\">{\"@context\":\"https:\\\/\\\/schema.org\",\"@graph\":[{\"@type\":\"WebPage\",\"@id\":\"https:\\\/\\\/lovme.pt\\\/index.php\\\/produto\\\/chilirose-cr-4654-calcas-com-strass-preto-s-m\\\/\",\"url\":\"https:\\\/\\\/lovme.pt\\\/index.php\\\/produto\\\/chilirose-cr-4654-calcas-com-strass-preto-s-m\\\/\",\"name\":\"CHILIROSE - CR 4654 CAL\u00c7AS COM strass PRETO S\\\/M - Lovme\",\"isPartOf\":{\"@id\":\"https:\\\/\\\/lovme.pt\\\/#website\"},\"primaryImageOfPage\":{\"@id\":\"https:\\\/\\\/lovme.pt\\\/index.php\\\/produto\\\/chilirose-cr-4654-calcas-com-strass-preto-s-m\\\/#primaryimage\"},\"image\":{\"@id\":\"https:\\\/\\\/lovme.pt\\\/index.php\\\/produto\\\/chilirose-cr-4654-calcas-com-strass-preto-s-m\\\/#primaryimage\"},\"thumbnailUrl\":\"https:\\\/\\\/erki24nd3ub.exactdn.com\\\/wp-content\\\/uploads\\\/dream\\\/img\\\/img_177224_ff8cbc657119907106981767a1b50c64_1.jpg?strip=all\",\"datePublished\":\"2025-10-01T00:27:22+00:00\",\"dateModified\":\"2026-02-19T20:15:26+00:00\",\"breadcrumb\":{\"@id\":\"https:\\\/\\\/lovme.pt\\\/index.php\\\/produto\\\/chilirose-cr-4654-calcas-com-strass-preto-s-m\\\/#breadcrumb\"},\"inLanguage\":\"pt-PT\",\"potentialAction\":[{\"@type\":\"ReadAction\",\"target\":[\"https:\\\/\\\/lovme.pt\\\/index.php\\\/produto\\\/chilirose-cr-4654-calcas-com-strass-preto-s-m\\\/\"]}]},{\"@type\":\"ImageObject\",\"inLanguage\":\"pt-PT\",\"@id\":\"https:\\\/\\\/lovme.pt\\\/index.php\\\/produto\\\/chilirose-cr-4654-calcas-com-strass-preto-s-m\\\/#primaryimage\",\"url\":\"https:\\\/\\\/erki24nd3ub.exactdn.com\\\/wp-content\\\/uploads\\\/dream\\\/img\\\/img_177224_ff8cbc657119907106981767a1b50c64_1.jpg?strip=all\",\"contentUrl\":\"https:\\\/\\\/erki24nd3ub.exactdn.com\\\/wp-content\\\/uploads\\\/dream\\\/img\\\/img_177224_ff8cbc657119907106981767a1b50c64_1.jpg?strip=all\",\"width\":800,\"height\":800},{\"@type\":\"BreadcrumbList\",\"@id\":\"https:\\\/\\\/lovme.pt\\\/index.php\\\/produto\\\/chilirose-cr-4654-calcas-com-strass-preto-s-m\\\/#breadcrumb\",\"itemListElement\":[{\"@type\":\"ListItem\",\"position\":1,\"name\":\"In\u00edcio\",\"item\":\"https:\\\/\\\/lovme.pt\\\/\"},{\"@type\":\"ListItem\",\"position\":2,\"name\":\"Loja\",\"item\":\"https:\\\/\\\/lovme.pt\\\/index.php\\\/loja\\\/\"},{\"@type\":\"ListItem\",\"position\":3,\"name\":\"CHILIROSE &#8211; CR 4654 CAL\u00c7AS COM strass PRETO S\\\/M\"}]},{\"@type\":\"WebSite\",\"@id\":\"https:\\\/\\\/lovme.pt\\\/#website\",\"url\":\"https:\\\/\\\/lovme.pt\\\/\",\"name\":\"Lovme Loja Er\u00f3tica N\u00ba1 em Portugal\",\"description\":\"A melhor loja er\u00f3tica de Portugal.\",\"alternateName\":\"Loja Er\u00f3tica Lovme\",\"potentialAction\":[{\"@type\":\"SearchAction\",\"target\":{\"@type\":\"EntryPoint\",\"urlTemplate\":\"https:\\\/\\\/lovme.pt\\\/?s={search_term_string}\"},\"query-input\":{\"@type\":\"PropertyValueSpecification\",\"valueRequired\":true,\"valueName\":\"search_term_string\"}}],\"inLanguage\":\"pt-PT\"}]}<\/script>\n<!-- \/ Yoast SEO plugin. -->","yoast_head_json":{"title":"CHILIROSE - CR 4654 CAL\u00c7AS COM strass PRETO S\/M - Lovme","robots":{"index":"index","follow":"follow","max-snippet":"max-snippet:-1","max-image-preview":"max-image-preview:large","max-video-preview":"max-video-preview:-1"},"canonical":"https:\/\/lovme.pt\/index.php\/produto\/chilirose-cr-4654-calcas-com-strass-preto-s-m\/","og_locale":"pt_PT","og_type":"article","og_title":"CHILIROSE - CR 4654 CAL\u00c7AS COM strass PRETO S\/M - Lovme","og_description":"CHILIROSE - CR 4654 CAL\u00c7AS COM strass PRETO S\/M","og_url":"https:\/\/lovme.pt\/index.php\/produto\/chilirose-cr-4654-calcas-com-strass-preto-s-m\/","og_site_name":"Lovme","article_modified_time":"2026-02-19T20:15:26+00:00","og_image":[{"width":800,"height":800,"url":"https:\/\/erki24nd3ub.exactdn.com\/wp-content\/uploads\/dream\/img\/img_177224_ff8cbc657119907106981767a1b50c64_1.jpg?strip=all","type":"image\/jpeg"}],"twitter_card":"summary_large_image","twitter_misc":{"Tempo estimado de leitura":"2 minutos"},"schema":{"@context":"https:\/\/schema.org","@graph":[{"@type":"WebPage","@id":"https:\/\/lovme.pt\/index.php\/produto\/chilirose-cr-4654-calcas-com-strass-preto-s-m\/","url":"https:\/\/lovme.pt\/index.php\/produto\/chilirose-cr-4654-calcas-com-strass-preto-s-m\/","name":"CHILIROSE - CR 4654 CAL\u00c7AS COM strass PRETO S\/M - Lovme","isPartOf":{"@id":"https:\/\/lovme.pt\/#website"},"primaryImageOfPage":{"@id":"https:\/\/lovme.pt\/index.php\/produto\/chilirose-cr-4654-calcas-com-strass-preto-s-m\/#primaryimage"},"image":{"@id":"https:\/\/lovme.pt\/index.php\/produto\/chilirose-cr-4654-calcas-com-strass-preto-s-m\/#primaryimage"},"thumbnailUrl":"https:\/\/erki24nd3ub.exactdn.com\/wp-content\/uploads\/dream\/img\/img_177224_ff8cbc657119907106981767a1b50c64_1.jpg?strip=all","datePublished":"2025-10-01T00:27:22+00:00","dateModified":"2026-02-19T20:15:26+00:00","breadcrumb":{"@id":"https:\/\/lovme.pt\/index.php\/produto\/chilirose-cr-4654-calcas-com-strass-preto-s-m\/#breadcrumb"},"inLanguage":"pt-PT","potentialAction":[{"@type":"ReadAction","target":["https:\/\/lovme.pt\/index.php\/produto\/chilirose-cr-4654-calcas-com-strass-preto-s-m\/"]}]},{"@type":"ImageObject","inLanguage":"pt-PT","@id":"https:\/\/lovme.pt\/index.php\/produto\/chilirose-cr-4654-calcas-com-strass-preto-s-m\/#primaryimage","url":"https:\/\/erki24nd3ub.exactdn.com\/wp-content\/uploads\/dream\/img\/img_177224_ff8cbc657119907106981767a1b50c64_1.jpg?strip=all","contentUrl":"https:\/\/erki24nd3ub.exactdn.com\/wp-content\/uploads\/dream\/img\/img_177224_ff8cbc657119907106981767a1b50c64_1.jpg?strip=all","width":800,"height":800},{"@type":"BreadcrumbList","@id":"https:\/\/lovme.pt\/index.php\/produto\/chilirose-cr-4654-calcas-com-strass-preto-s-m\/#breadcrumb","itemListElement":[{"@type":"ListItem","position":1,"name":"In\u00edcio","item":"https:\/\/lovme.pt\/"},{"@type":"ListItem","position":2,"name":"Loja","item":"https:\/\/lovme.pt\/index.php\/loja\/"},{"@type":"ListItem","position":3,"name":"CHILIROSE &#8211; CR 4654 CAL\u00c7AS COM strass PRETO S\/M"}]},{"@type":"WebSite","@id":"https:\/\/lovme.pt\/#website","url":"https:\/\/lovme.pt\/","name":"Lovme Loja Er\u00f3tica N\u00ba1 em Portugal","description":"A melhor loja er\u00f3tica de Portugal.","alternateName":"Loja Er\u00f3tica Lovme","potentialAction":[{"@type":"SearchAction","target":{"@type":"EntryPoint","urlTemplate":"https:\/\/lovme.pt\/?s={search_term_string}"},"query-input":{"@type":"PropertyValueSpecification","valueRequired":true,"valueName":"search_term_string"}}],"inLanguage":"pt-PT"}]}},"_links":{"self":[{"href":"https:\/\/lovme.pt\/index.php\/wp-json\/wp\/v2\/product\/48450","targetHints":{"allow":["GET"]}}],"collection":[{"href":"https:\/\/lovme.pt\/index.php\/wp-json\/wp\/v2\/product"}],"about":[{"href":"https:\/\/lovme.pt\/index.php\/wp-json\/wp\/v2\/types\/product"}],"wp:featuredmedia":[{"embeddable":true,"href":"https:\/\/lovme.pt\/index.php\/wp-json\/wp\/v2\/media\/87959"}],"wp:attachment":[{"href":"https:\/\/lovme.pt\/index.php\/wp-json\/wp\/v2\/media?parent=48450"}],"wp:term":[{"taxonomy":"product_brand","embeddable":true,"href":"https:\/\/lovme.pt\/index.php\/wp-json\/wp\/v2\/product_brand?post=48450"},{"taxonomy":"product_cat","embeddable":true,"href":"https:\/\/lovme.pt\/index.php\/wp-json\/wp\/v2\/product_cat?post=48450"},{"taxonomy":"product_tag","embeddable":true,"href":"https:\/\/lovme.pt\/index.php\/wp-json\/wp\/v2\/product_tag?post=48450"}],"curies":[{"name":"wp","href":"https:\/\/api.w.org\/{rel}","templated":true}]}}