{"id":48298,"date":"2025-09-30T22:34:33","date_gmt":"2025-09-30T22:34:33","guid":{"rendered":"https:\/\/lovme.pt\/index.php\/produto\/chilirose-mascara-preta-cr-3755\/"},"modified":"2026-02-19T20:12:44","modified_gmt":"2026-02-19T20:12:44","slug":"chilirose-mascara-preta-cr-3755","status":"publish","type":"product","link":"https:\/\/lovme.pt\/index.php\/produto\/chilirose-mascara-preta-cr-3755\/","title":{"rendered":"CHILIROSE &#8211; M\u00c1SCARA PRETA CR 3755"},"content":{"rendered":"<p><strong>CR 3755<\/strong> estas m\u00e1scaras de lat\u00e3o s\u00e3o um acess\u00f3rio essencial para qualquer sedutora que procura adicionar um toque de mist\u00e9rio e sofistica\u00e7\u00e3o ao seu look. Feitas com materiais de alta qualidade, essas m\u00e1scaras n\u00e3o s\u00e3o apenas elegantes, mas tamb\u00e9m dur\u00e1veis.<\/p>\n<p> O lat\u00e3o confere um visual luxuoso e refinado \u00e0s m\u00e1scaras, enquanto os cristais cintilantes d\u00e3o um toque de glamour e sofistica\u00e7\u00e3o. A combina\u00e7\u00e3o destes elementos cria um efeito deslumbrante que capta a luz e atrai a aten\u00e7\u00e3o de todos. As fitas de cetim fixadas nas laterais n\u00e3o s\u00e3o apenas funcionais, permitindo ajustar perfeitamente a m\u00e1scara ao formato do rosto, mas tamb\u00e9m d\u00e3o um toque de delicadeza e feminilidade ao design. Al\u00e9m disso, garantem um ajuste confort\u00e1vel e seguro, para que possa mover-se com confian\u00e7a enquanto mant\u00e9m a sua aura de mist\u00e9rio.<\/p>\n<p> Seja para uma festa de m\u00e1scaras, uma noite rom\u00e2ntica ou simplesmente para adicionar um toque de intriga ao seu visual, estas m\u00e1scaras de lat\u00e3o com cristais brilhantes s\u00e3o o acess\u00f3rio perfeito. Prepare-se para cativar e seduzir com estilo com estes acess\u00f3rios deslumbrantes.<\/p>\n<p> <u><strong>CARACTER\u00cdSTICAS:<\/strong><\/u><\/p>\n<ul>\n<li> Um acess\u00f3rio essencial para toda sedutora.<\/li>\n<li> As m\u00e1scaras s\u00e3o feitas de lat\u00e3o e decoradas com cristais brilhantes.<\/li>\n<li> Fitas de cetim presas nas laterais fazem com que a m\u00e1scara se encaixe perfeitamente.<\/li>\n<li> Tamanho: SO\/S<\/li>\n<li> Cor preta<\/li>\n<\/ul>\n<p> A marca <strong>CHILIROSE<\/strong> foi criada em 2008 e a nossa miss\u00e3o \u00e9 oferecer lingerie sensual e excitante aos nossos clientes a um pre\u00e7o competitivo. Agora em 2022, ap\u00f3s 14 anos, somos uma das principais empresas de lingerie ex\u00f3tica e temos uma grande cole\u00e7\u00e3o de pijamas, vestidos, roup\u00f5es, espartilhos, vestidos, roupas para baladas e muito mais. Nosso rigoroso controle de qualidade garante total satisfa\u00e7\u00e3o aos nossos clientes e torna a venda um prazer. Tomamos especial cuidado na sele\u00e7\u00e3o de nossos materiais e m\u00e3o de obra. Oferecemos regularmente novos estilos fant\u00e1sticos e esperamos surpreend\u00ea-lo positivamente sempre.<\/p>\n","protected":false},"excerpt":{"rendered":"<p>CHILIROSE &#8211; M\u00c1SCARA PRETA CR 3755<\/p>\n","protected":false},"featured_media":78975,"template":"","meta":{"_acf_changed":false},"product_brand":[],"product_cat":[48],"product_tag":[],"class_list":{"0":"post-48298","1":"product","2":"type-product","3":"status-publish","4":"has-post-thumbnail","6":"product_cat-bdsm","7":"yith_product_brand-chilirose","8":"yith_product_brand-chilirosechilirose-accesories","10":"first","11":"instock","12":"taxable","13":"shipping-taxable","14":"purchasable","15":"product-type-simple"},"acf":[],"yoast_head":"<!-- This site is optimized with the Yoast SEO plugin v27.4 - https:\/\/yoast.com\/product\/yoast-seo-wordpress\/ -->\n<title>CHILIROSE - M\u00c1SCARA PRETA CR 3755 - Lovme<\/title>\n<meta name=\"robots\" content=\"index, follow, max-snippet:-1, max-image-preview:large, max-video-preview:-1\" \/>\n<link rel=\"canonical\" href=\"https:\/\/lovme.pt\/index.php\/produto\/chilirose-mascara-preta-cr-3755\/\" \/>\n<meta property=\"og:locale\" content=\"pt_PT\" \/>\n<meta property=\"og:type\" content=\"article\" \/>\n<meta property=\"og:title\" content=\"CHILIROSE - M\u00c1SCARA PRETA CR 3755 - Lovme\" \/>\n<meta property=\"og:description\" content=\"CHILIROSE - M\u00c1SCARA PRETA CR 3755\" \/>\n<meta property=\"og:url\" content=\"https:\/\/lovme.pt\/index.php\/produto\/chilirose-mascara-preta-cr-3755\/\" \/>\n<meta property=\"og:site_name\" content=\"Lovme\" \/>\n<meta property=\"article:modified_time\" content=\"2026-02-19T20:12:44+00:00\" \/>\n<meta property=\"og:image\" content=\"https:\/\/erki24nd3ub.exactdn.com\/wp-content\/uploads\/dream\/img\/img_178158_3409c96bc0dcf18836cf22b556feb811_1.jpg?strip=all\" \/>\n\t<meta property=\"og:image:width\" content=\"800\" \/>\n\t<meta property=\"og:image:height\" content=\"800\" \/>\n\t<meta property=\"og:image:type\" content=\"image\/jpeg\" \/>\n<meta name=\"twitter:card\" content=\"summary_large_image\" \/>\n<meta name=\"twitter:label1\" content=\"Tempo estimado de leitura\" \/>\n\t<meta name=\"twitter:data1\" content=\"2 minutos\" \/>\n<script type=\"application\/ld+json\" class=\"yoast-schema-graph\">{\"@context\":\"https:\\\/\\\/schema.org\",\"@graph\":[{\"@type\":\"WebPage\",\"@id\":\"https:\\\/\\\/lovme.pt\\\/index.php\\\/produto\\\/chilirose-mascara-preta-cr-3755\\\/\",\"url\":\"https:\\\/\\\/lovme.pt\\\/index.php\\\/produto\\\/chilirose-mascara-preta-cr-3755\\\/\",\"name\":\"CHILIROSE - M\u00c1SCARA PRETA CR 3755 - Lovme\",\"isPartOf\":{\"@id\":\"https:\\\/\\\/lovme.pt\\\/#website\"},\"primaryImageOfPage\":{\"@id\":\"https:\\\/\\\/lovme.pt\\\/index.php\\\/produto\\\/chilirose-mascara-preta-cr-3755\\\/#primaryimage\"},\"image\":{\"@id\":\"https:\\\/\\\/lovme.pt\\\/index.php\\\/produto\\\/chilirose-mascara-preta-cr-3755\\\/#primaryimage\"},\"thumbnailUrl\":\"https:\\\/\\\/erki24nd3ub.exactdn.com\\\/wp-content\\\/uploads\\\/dream\\\/img\\\/img_178158_3409c96bc0dcf18836cf22b556feb811_1.jpg?strip=all\",\"datePublished\":\"2025-09-30T22:34:33+00:00\",\"dateModified\":\"2026-02-19T20:12:44+00:00\",\"breadcrumb\":{\"@id\":\"https:\\\/\\\/lovme.pt\\\/index.php\\\/produto\\\/chilirose-mascara-preta-cr-3755\\\/#breadcrumb\"},\"inLanguage\":\"pt-PT\",\"potentialAction\":[{\"@type\":\"ReadAction\",\"target\":[\"https:\\\/\\\/lovme.pt\\\/index.php\\\/produto\\\/chilirose-mascara-preta-cr-3755\\\/\"]}]},{\"@type\":\"ImageObject\",\"inLanguage\":\"pt-PT\",\"@id\":\"https:\\\/\\\/lovme.pt\\\/index.php\\\/produto\\\/chilirose-mascara-preta-cr-3755\\\/#primaryimage\",\"url\":\"https:\\\/\\\/erki24nd3ub.exactdn.com\\\/wp-content\\\/uploads\\\/dream\\\/img\\\/img_178158_3409c96bc0dcf18836cf22b556feb811_1.jpg?strip=all\",\"contentUrl\":\"https:\\\/\\\/erki24nd3ub.exactdn.com\\\/wp-content\\\/uploads\\\/dream\\\/img\\\/img_178158_3409c96bc0dcf18836cf22b556feb811_1.jpg?strip=all\",\"width\":800,\"height\":800},{\"@type\":\"BreadcrumbList\",\"@id\":\"https:\\\/\\\/lovme.pt\\\/index.php\\\/produto\\\/chilirose-mascara-preta-cr-3755\\\/#breadcrumb\",\"itemListElement\":[{\"@type\":\"ListItem\",\"position\":1,\"name\":\"In\u00edcio\",\"item\":\"https:\\\/\\\/lovme.pt\\\/\"},{\"@type\":\"ListItem\",\"position\":2,\"name\":\"Loja\",\"item\":\"https:\\\/\\\/lovme.pt\\\/index.php\\\/loja\\\/\"},{\"@type\":\"ListItem\",\"position\":3,\"name\":\"CHILIROSE &#8211; M\u00c1SCARA PRETA CR 3755\"}]},{\"@type\":\"WebSite\",\"@id\":\"https:\\\/\\\/lovme.pt\\\/#website\",\"url\":\"https:\\\/\\\/lovme.pt\\\/\",\"name\":\"Lovme Loja Er\u00f3tica N\u00ba1 em Portugal\",\"description\":\"A melhor loja er\u00f3tica de Portugal.\",\"alternateName\":\"Loja Er\u00f3tica Lovme\",\"potentialAction\":[{\"@type\":\"SearchAction\",\"target\":{\"@type\":\"EntryPoint\",\"urlTemplate\":\"https:\\\/\\\/lovme.pt\\\/?s={search_term_string}\"},\"query-input\":{\"@type\":\"PropertyValueSpecification\",\"valueRequired\":true,\"valueName\":\"search_term_string\"}}],\"inLanguage\":\"pt-PT\"}]}<\/script>\n<!-- \/ Yoast SEO plugin. -->","yoast_head_json":{"title":"CHILIROSE - M\u00c1SCARA PRETA CR 3755 - Lovme","robots":{"index":"index","follow":"follow","max-snippet":"max-snippet:-1","max-image-preview":"max-image-preview:large","max-video-preview":"max-video-preview:-1"},"canonical":"https:\/\/lovme.pt\/index.php\/produto\/chilirose-mascara-preta-cr-3755\/","og_locale":"pt_PT","og_type":"article","og_title":"CHILIROSE - M\u00c1SCARA PRETA CR 3755 - Lovme","og_description":"CHILIROSE - M\u00c1SCARA PRETA CR 3755","og_url":"https:\/\/lovme.pt\/index.php\/produto\/chilirose-mascara-preta-cr-3755\/","og_site_name":"Lovme","article_modified_time":"2026-02-19T20:12:44+00:00","og_image":[{"width":800,"height":800,"url":"https:\/\/erki24nd3ub.exactdn.com\/wp-content\/uploads\/dream\/img\/img_178158_3409c96bc0dcf18836cf22b556feb811_1.jpg?strip=all","type":"image\/jpeg"}],"twitter_card":"summary_large_image","twitter_misc":{"Tempo estimado de leitura":"2 minutos"},"schema":{"@context":"https:\/\/schema.org","@graph":[{"@type":"WebPage","@id":"https:\/\/lovme.pt\/index.php\/produto\/chilirose-mascara-preta-cr-3755\/","url":"https:\/\/lovme.pt\/index.php\/produto\/chilirose-mascara-preta-cr-3755\/","name":"CHILIROSE - M\u00c1SCARA PRETA CR 3755 - Lovme","isPartOf":{"@id":"https:\/\/lovme.pt\/#website"},"primaryImageOfPage":{"@id":"https:\/\/lovme.pt\/index.php\/produto\/chilirose-mascara-preta-cr-3755\/#primaryimage"},"image":{"@id":"https:\/\/lovme.pt\/index.php\/produto\/chilirose-mascara-preta-cr-3755\/#primaryimage"},"thumbnailUrl":"https:\/\/erki24nd3ub.exactdn.com\/wp-content\/uploads\/dream\/img\/img_178158_3409c96bc0dcf18836cf22b556feb811_1.jpg?strip=all","datePublished":"2025-09-30T22:34:33+00:00","dateModified":"2026-02-19T20:12:44+00:00","breadcrumb":{"@id":"https:\/\/lovme.pt\/index.php\/produto\/chilirose-mascara-preta-cr-3755\/#breadcrumb"},"inLanguage":"pt-PT","potentialAction":[{"@type":"ReadAction","target":["https:\/\/lovme.pt\/index.php\/produto\/chilirose-mascara-preta-cr-3755\/"]}]},{"@type":"ImageObject","inLanguage":"pt-PT","@id":"https:\/\/lovme.pt\/index.php\/produto\/chilirose-mascara-preta-cr-3755\/#primaryimage","url":"https:\/\/erki24nd3ub.exactdn.com\/wp-content\/uploads\/dream\/img\/img_178158_3409c96bc0dcf18836cf22b556feb811_1.jpg?strip=all","contentUrl":"https:\/\/erki24nd3ub.exactdn.com\/wp-content\/uploads\/dream\/img\/img_178158_3409c96bc0dcf18836cf22b556feb811_1.jpg?strip=all","width":800,"height":800},{"@type":"BreadcrumbList","@id":"https:\/\/lovme.pt\/index.php\/produto\/chilirose-mascara-preta-cr-3755\/#breadcrumb","itemListElement":[{"@type":"ListItem","position":1,"name":"In\u00edcio","item":"https:\/\/lovme.pt\/"},{"@type":"ListItem","position":2,"name":"Loja","item":"https:\/\/lovme.pt\/index.php\/loja\/"},{"@type":"ListItem","position":3,"name":"CHILIROSE &#8211; M\u00c1SCARA PRETA CR 3755"}]},{"@type":"WebSite","@id":"https:\/\/lovme.pt\/#website","url":"https:\/\/lovme.pt\/","name":"Lovme Loja Er\u00f3tica N\u00ba1 em Portugal","description":"A melhor loja er\u00f3tica de Portugal.","alternateName":"Loja Er\u00f3tica Lovme","potentialAction":[{"@type":"SearchAction","target":{"@type":"EntryPoint","urlTemplate":"https:\/\/lovme.pt\/?s={search_term_string}"},"query-input":{"@type":"PropertyValueSpecification","valueRequired":true,"valueName":"search_term_string"}}],"inLanguage":"pt-PT"}]}},"_links":{"self":[{"href":"https:\/\/lovme.pt\/index.php\/wp-json\/wp\/v2\/product\/48298","targetHints":{"allow":["GET"]}}],"collection":[{"href":"https:\/\/lovme.pt\/index.php\/wp-json\/wp\/v2\/product"}],"about":[{"href":"https:\/\/lovme.pt\/index.php\/wp-json\/wp\/v2\/types\/product"}],"wp:featuredmedia":[{"embeddable":true,"href":"https:\/\/lovme.pt\/index.php\/wp-json\/wp\/v2\/media\/78975"}],"wp:attachment":[{"href":"https:\/\/lovme.pt\/index.php\/wp-json\/wp\/v2\/media?parent=48298"}],"wp:term":[{"taxonomy":"product_brand","embeddable":true,"href":"https:\/\/lovme.pt\/index.php\/wp-json\/wp\/v2\/product_brand?post=48298"},{"taxonomy":"product_cat","embeddable":true,"href":"https:\/\/lovme.pt\/index.php\/wp-json\/wp\/v2\/product_cat?post=48298"},{"taxonomy":"product_tag","embeddable":true,"href":"https:\/\/lovme.pt\/index.php\/wp-json\/wp\/v2\/product_tag?post=48298"}],"curies":[{"name":"wp","href":"https:\/\/api.w.org\/{rel}","templated":true}]}}