{"id":48252,"date":"2025-09-30T10:13:45","date_gmt":"2025-09-30T10:13:45","guid":{"rendered":"https:\/\/lovme.pt\/?post_type=product&p=48252"},"modified":"2026-02-19T20:06:59","modified_gmt":"2026-02-19T20:06:59","slug":"oninder-anel-vibrador-ajustavel-recarregavel-pampa-com-estimulador-de-clitoris-10-velocidades-aplicativo-gratuito","status":"publish","type":"product","link":"https:\/\/lovme.pt\/index.php\/produto\/oninder-anel-vibrador-ajustavel-recarregavel-pampa-com-estimulador-de-clitoris-10-velocidades-aplicativo-gratuito\/","title":{"rendered":"ONINDER &#8211; ANEL VIBRADOR AJUST\u00c1VEL RECARREG\u00c1VEL PAMPA COM ESTIMULADOR DE CLIT\u00d3RIS 10 VELOCIDADES &#8211; APLICATIVO GRATUITO"},"content":{"rendered":"<p>Aumente o seu prazer com o &#8221; <strong>PAMPA<\/strong> &#8221; da <strong>ONINDER<\/strong> !<\/p>\n<p>Este anel inovador oferece estimula\u00e7\u00e3o intensa e vers\u00e1til para voc\u00ea e seu parceiro. Com 10 velocidades ajust\u00e1veis control\u00e1veis atrav\u00e9s de uma aplica\u00e7\u00e3o m\u00f3vel, o <strong>PAMPA<\/strong> permite-lhe personalizar a sua experi\u00eancia de acordo com os seus desejos.<\/p>\n<p>O seu design elegante e discreto em preto adapta-se perfeitamente a qualquer situa\u00e7\u00e3o, enquanto o seu tamanho ajust\u00e1vel e o estimulador clitoriano proporcionam prazer adicional para ambos.<\/p>\n<p>Equipado com um motor potente e recarreg\u00e1vel magn\u00e9tico por USB, este anel est\u00e1 pronto para satisfazer todas as suas necessidades de prazer.<\/p>\n<p><u><em><strong>Caracter\u00edsticas:<\/strong><\/em><\/u><\/p>\n<ul>\n<li><strong>Estimula\u00e7\u00e3o poderosa:<\/strong> Projetado com um motor potente que oferece 10 velocidades de vibra\u00e7\u00e3o ajust\u00e1veis para estimula\u00e7\u00e3o intensa e personalizada.<\/li>\n<li><strong>Controle APP:<\/strong> Todas as fun\u00e7\u00f5es s\u00e3o gerenci\u00e1veis atrav\u00e9s de um aplicativo m\u00f3vel, permitindo controlar com facilidade a intensidade e o ritmo das vibra\u00e7\u00f5es.<!-- li--><\/li>\n<li><strong>Design ajust\u00e1vel:<\/strong> O anel \u00e9 ajust\u00e1vel para caber confortavelmente em diferentes tamanhos de p\u00eanis, garantindo um ajuste seguro e confort\u00e1vel.<\/li>\n<li><strong>Estimulador de Clit\u00f3ris:<\/strong> Equipado com estimulador de clit\u00f3ris para proporcionar prazer adicional ao seu parceiro durante a penetra\u00e7\u00e3o.<\/li>\n<li><strong>Cor Preta Elegante:<\/strong> Seu design preto elegante e discreto se adapta a qualquer situa\u00e7\u00e3o e adiciona um toque de estilo aos seus encontros \u00edntimos.<\/li>\n<li><strong>Recarreg\u00e1vel USB magn\u00e9tico:<\/strong> Com uma porta de carregamento USB magn\u00e9tica, o <strong>PAMPA<\/strong> recarrega r\u00e1pida e facilmente para que voc\u00ea esteja pronto para come\u00e7ar. pronto quando voc\u00ea precisar.<\/li>\n<li><strong>Fabricado em Silicone Super Macio:<\/strong> Fabricado com silicone macio e de alta qualidade, garante uma sensa\u00e7\u00e3o confort\u00e1vel e segura durante o uso.<\/li>\n<li><strong>F\u00e1cil de Limpar:<\/strong> Resistente \u00e0 \u00e1gua e f\u00e1cil de limpar com \u00e1gua morna e sab\u00e3o neutro, para uma higiene ideal ap\u00f3s cada utiliza\u00e7\u00e3o.<\/li>\n<\/ul>\n<p>\u00a0<\/p>\n<p align=\"center\"><strong>Por que escolher ONINDER\u2122?<\/strong><\/p>\n<p align=\"center\">Encontre o amor com a pessoa que \u00e9 realmente certa para voc\u00ea ou aumente a confian\u00e7a em casal Jogando no controle remoto com os brinquedos ONINDER\u2122<\/p>\n<p align=\"center\">ONINDER\u2122, o que \u00e9 e como funciona<\/p>\n<p>Em poucas palavras, ONINDER\u2122 \u00e9 um APP que permite ao usu\u00e1rio se conectar com outros perfis online para fazer amigos, ampliar a lista de contatos ao redor do mundo e at\u00e9 conseguir parceiros tempor\u00e1rios ou permanentes.<\/p>\n<p>ONINDER\u2122 \u00e9 uma aplica\u00e7\u00e3o que permite brincar sexualmente com pessoas em diferentes partes do mundo ou aumentar a confian\u00e7a a dois, bem como um servi\u00e7o de encontros online que foi inicialmente desenvolvido na Europa para o mercado europeu. No entanto, estamos confiantes na sua popularidade e expans\u00e3o para outros pa\u00edses do continente europeu. Este servi\u00e7o online est\u00e1 atualmente dispon\u00edvel em diferentes partes do mundo, incluindo a Am\u00e9rica Latina e em breve a \u00c1sia.<\/p>\n<p align=\"center\"><strong>Como funciona<\/strong><\/p>\n<p>Voc\u00ea cria um perfil no ONINDER\u2122 e entra em um clube privado gratuito.<\/p>\n<p>O cadastro gratuito \u00e9 um procedimento comum em aplicativos de namoro, pois \u00e9 algo que beneficia ambas as partes, tanto a empresa quanto o potencial usu\u00e1rio.<\/p>\n<p>Depois que sua conta gratuita for criada, voc\u00ea poder\u00e1 acessar a busca por perfis de outros usu\u00e1rios. Perfis que foram selecionados levando em considera\u00e7\u00e3o os filtros que voc\u00ea ativou anteriormente no momento do cadastro.<\/p>\n<p>Da mesma forma, quanto mais espec\u00edficas forem suas prioridades em rela\u00e7\u00e3o \u00e0s pessoas que voc\u00ea tem interesse em conhecer, mais oportunidades voc\u00ea ter\u00e1 para ter sucesso em sua busca. Por outro lado, se a sua estrat\u00e9gia for mais quantitativa do que qualitativa porque voc\u00ea deseja ter um espectro mais amplo para escolher.<\/p>\n<p>N\u00e3o \u00e9 obrigat\u00f3rio fazer upload de foto, ent\u00e3o voc\u00ea pode navegar com certa privacidade e se quiser continuar experimentando ONINDER\u2122 gratuitamente.Conecte um n\u00edvel mais profundo com o novo aplicativo ONINDER\u2122<\/p>\n<p>Projetado para explorar e fortalecer relacionamentos entre casais, o aplicativo ONINDER\u2122 oferece um espa\u00e7o para brincar, onde voc\u00ea estiver.<\/p>\n<p align=\"center\"><u><em><strong>Conhe\u00e7a o aplicativo<\/strong><\/em><\/u><\/p>\n<p><u><strong>Controle e jogue.<\/strong><\/u><\/p>\n<p>ONINDER\u2122 permite aumentar ou diminuir a intensidade das vibra\u00e7\u00f5es. Com a multivibra\u00e7\u00e3o voc\u00ea pode fazer mais: escolher entre diferentes padr\u00f5es de vibra\u00e7\u00e3o ou trocar de motor ao usar um brinquedo com motor duplo.<\/p>\n<p><u><strong>Inicie a conversa<\/strong><\/u><\/p>\n<p>ONINDER\u2122 \u00e9 uma plataforma que torna mais f\u00e1cil para voc\u00ea se expressar aberta e livremente sobre seus desejos. Diga ao seu parceiro o que voc\u00ea gosta e pe\u00e7a o que quiser, mesmo no calor do momento.<\/p>\n<p><u><strong>Cria\u00e7\u00e3o de vibra\u00e7\u00f5es<\/strong><\/u><\/p>\n<p>Utilize os diferentes n\u00edveis e curvas de prazer que aumentam ou diminuem a intensidade da vibra\u00e7\u00e3o, d\u00ea asas \u00e0 imagina\u00e7\u00e3o enquanto a aplica\u00e7\u00e3o o surpreende com ritmos irresist\u00edveis.<\/p>\n<p><u><strong>Amor para verdadeiros AMANTES<\/strong><\/u><\/p>\n<p>Esteja voc\u00ea do outro lado da sala ou do outro lado do oceano, voc\u00ea pode compartilhar o prazer com seu parceiro. Combine seus brinquedos com os aplicativos de ambos os telefones para controlar os diferentes modos de vibra\u00e7\u00e3o e sinta sexualmente a magia da tecnologia.<\/p>\n<p align=\"center\" style=\"margin-left: 36pt;\"><strong>Conecte-se com seu parceiro de longa dist\u00e2ncia<\/strong><\/p>\n<p align=\"center\" style=\"margin-left: 36pt;\"><strong>Combine diferentes formas de comunica\u00e7\u00e3o com controle de brinquedos de qualquer local.<\/strong><\/p>\n<ol>\n<li><strong>Bate-papo\/chamada de voz\/chamada de v\u00eddeo<\/strong><\/li>\n<li><strong>Link de controle<\/strong><\/li>\n<li><strong>Controle ao vivo<\/strong><\/li>\n<li><strong>Sexo \u00e0 dist\u00e2ncia<\/strong><\/li>\n<\/ol>\n<p style=\"margin-left: 36pt;\">\u00a0<\/p>\n<p style=\"margin-left: 141.6pt;\"><strong>Tempo de resposta r\u00e1pido<\/strong><\/p>\n<p style=\"margin-left: 36pt;\">\u2022 Sinta os movimentos do seu parceiro quase em tempo real. Constru\u00eddo com sensores avan\u00e7ados, voc\u00ea sentir\u00e1 todas as a\u00e7\u00f5es do seu parceiro durante a sess\u00e3o.<\/p>\n<p style=\"margin-left: 36pt;\"><strong>Plataforma Segura<\/strong><\/p>\n<p style=\"margin-left: 36pt;\">\u2022 Seu bate-papo por v\u00eddeo \u00e9 criptografado e vai diretamente para o dispositivo do seu parceiro. Nenhuma das suas mensagens de texto ou sess\u00f5es de v\u00eddeo passa pelos nossos servidores. Respeitamos sua privacidade e seguran\u00e7a!<\/p>\n<p style=\"margin-left: 36pt;\"><strong>M\u00faltiplas op\u00e7\u00f5es de conex\u00e3o<\/strong><\/p>\n<p style=\"margin-left: 36pt;\">\u2022 N\u00e3o quer usar nosso software de bate-papo por v\u00eddeo? Voc\u00ea pode conectar os brinquedos ao nosso aplicativo e usar um aplicativo de bate-papo por v\u00eddeo de terceiros &#8211; Skype-. O sexo no Skype nunca mais ser\u00e1 o mesmo.<\/p>\n<p align=\"center\"><em><u><strong>\u2022 Quais modos de jogo o Oninder\u2122 possui?<\/strong><\/u><\/em><\/p>\n<ul>\n<li><strong>Longa dist\u00e2ncia<\/strong><\/li>\n<\/ul>\n<p><strong>Controle o prazer do seu parceiro atrav\u00e9s do aplicativo ONINDER\u2122 ou deixe que ele controle voc\u00ea, independentemente da dist\u00e2ncia f\u00edsica. Com a op\u00e7\u00e3o de sincronizar seus brinquedos para sentir as mesmas sensa\u00e7\u00f5es, prometemos que o sexo por v\u00eddeo ou por telefone nunca mais ser\u00e1 o mesmo.<\/strong><\/p>\n<ul>\n<li><strong>Jogo P\u00fablico<\/strong><\/li>\n<\/ul>\n<p><strong>Use um brinquedo com um parceiro em diferentes locais p\u00fablicos e veja se consegue conter os gemidos.<\/strong><\/p>\n<ul>\n<li><strong>Jogo solo<\/strong><\/li>\n<\/ul>\n<p><strong>Os brinquedos sexuais permitem aumentar sua autoestima e felicidade pessoal. Com nosso aplicativo, um brinquedo ONINDER\u2122 e um pouco de imagina\u00e7\u00e3o, a vida estar\u00e1 aos seus p\u00e9s pelo tempo que voc\u00ea precisar.<\/strong><\/p>\n<ul>\n<li><strong>Conhe\u00e7a os jogadores sexuais ONINDER\u2122<\/strong><\/li>\n<\/ul>\n<p align=\"center\">\u00a0<\/p>\n<p align=\"center\"><strong>A dist\u00e2ncia n\u00e3o \u00e9 um problema. Envie um link de controle para um amigo ou fa\u00e7a com que estranhos sensuais controlem seu brinquedo para um sexo virtual atrevido.<\/strong><\/p>\n<p align=\"center\"><strong>Mas posso conhecer novas pessoas que usam brinquedos ONINDER\u2122?<\/strong><\/p>\n<p>ONINDER\u2122 n\u00e3o \u00e9 apenas um aplicativo de jogos para casais, \u00e9 uma &#8220;Rede Social para Jogadores Sexuais&#8221; que conectar\u00e1 voc\u00ea com pessoas de qualquer lugar do mundo.<\/p>\n<p>Antigamente, se voc\u00ea quisesse brincar com seu parceiro ou com algu\u00e9m que n\u00e3o conhecia, era necess\u00e1rio ter um ponto de encontro f\u00edsico. Hoje em dia existem tantas op\u00e7\u00f5es que \u00e9 muito f\u00e1cil se perder, e os Sex Gamers de quem voc\u00ea est\u00e1 pr\u00f3ximo podem n\u00e3o ter os mesmos gostos que voc\u00ea.<\/p>\n<p>\u00c9 aqui que entra ONINDER\u2122, uma plataforma que busca conectar gamers sexuais de todo o mundo, gra\u00e7as a algoritmos respons\u00e1veis por analisar os gostos pessoais de cada usu\u00e1rio.<\/p>\n<p>Os criadores desta \u201crede social para jogadores sexuais\u201d garantem que gra\u00e7as ao seu servi\u00e7o \u201ca actividade sexual entre os utilizadores de brinquedos sexuais aumentar\u00e1 consideravelmente\u201d. Para isso teremos que inserir alguns dados e assim criar um perfil ONINDER\u2122.<\/p>\n<p>J\u00e1 sabemos que ONINDER\u2122 \u00e9 um aplicativo para brincar sexualmente com seu parceiro ou estranhos e tamb\u00e9m uma rede social. Agora vamos falar sobre os recursos;\u00a1Controlado remotamente por meio do seu iPhone ou Android!<\/p>\n<p>\u00a0<\/p>\n<p align=\"center\"><strong>Nossos brinquedos sexuais Bluetooth se conectam sem fio aos nossos aplicativos.<\/strong><\/p>\n<p><strong>Voc\u00ea tem o controle<\/strong><\/p>\n<p><strong>Controle remotamente a linha de brinquedos ONINDER\u2122 de perto ou de longe, onde quer que voc\u00ea esteja.<\/strong><\/p>\n<p><strong>Fun\u00e7\u00f5es principais:<\/strong><\/p>\n<ul>\n<li><strong>Controle local<\/strong><\/li>\n<li><strong>Texto\/\u00e1udio\/chat de v\u00eddeo<\/strong><\/li>\n<li><strong>Controle de longa dist\u00e2ncia<\/strong><\/li>\n<li><strong>Sincronize com sua m\u00fasica<\/strong><\/li>\n<li><strong>Sexo \u00e0 dist\u00e2ncia<\/strong><\/li>\n<\/ul>\n<p align=\"center\"><strong>Compat\u00edvel com:<\/strong><\/p>\n<p align=\"center\"><strong>iPhone\/iPad Air\/iPad Mini\/iPod Touch iOS 11.0 e superior<\/strong><\/p>\n<p align=\"center\"><strong>Android 4.3 e superior com Bluetooth 4.0 habilitado<\/strong><\/p>\n<p align=\"center\"><strong>Vamos falar sobre algumas perguntas frequentes sobre o aplicativo.<\/strong><\/p>\n<p align=\"center\"><strong>Como posso alterar minhas prefer\u00eancias de idioma no Oninder?<\/strong><\/p>\n<p>\u2022 No menu, se\u00e7\u00e3o &#8220;Configura\u00e7\u00f5es&#8221; voc\u00ea pode alterar o idioma do App. Dispon\u00edvel em espanhol, ingl\u00eas, italiano, alem\u00e3o, franc\u00eas e portugu\u00eas.<\/p>\n<p align=\"center\"><strong>E se eu tiver sido restringido do ONINDER\u2122 devido \u00e0 idade?<\/strong><\/p>\n<p align=\"center\"><strong>\u2022<\/strong> Para acessar o ONINDER\u2122 \u00e9 obrigat\u00f3rio ter mais de 18 anos, o App restringe seu uso a menores.<\/p>\n<p align=\"center\">\u2022 Em caso de erro, entre em contato com um dos moderadores do ONINDER\u2122 e ele solicitar\u00e1 a documenta\u00e7\u00e3o necess\u00e1ria para atestar que voc\u00ea \u00e9 maior de idade.<\/p>\n<p align=\"center\"><strong>Posso excluir uma mensagem de bate-papo?<\/strong><\/p>\n<p align=\"center\"><strong>\u2022<\/strong> Sim, voc\u00ea pode excluir mensagens do chat para que a outra pessoa n\u00e3o veja.<\/p>\n<p align=\"center\"><strong>Como posso bloquear um usu\u00e1rio?<\/strong><\/p>\n<p align=\"center\">\u2022 Para bloquear um usu\u00e1rio, voc\u00ea precisa inserir o perfil que deseja bloquear e bloque\u00e1-lo a partir da\u00ed. Voc\u00ea ver\u00e1 uma janela na qual dever\u00e1 especificar o motivo, para que os moderadores do ONINDER\u2122 possam tomar as medidas cab\u00edveis.<\/p>\n<p align=\"center\"><strong>Posso enviar mensagens para qualquer usu\u00e1rio que fa\u00e7a parte do ONINDER\u2122?<\/strong><\/p>\n<p align=\"center\">Na verdade, a resposta \u00e9 SIM, voc\u00ea pode enviar mensagens a qualquer usu\u00e1rio que fa\u00e7a parte da comunidade ONINDER\u2122.<\/p>\n<p align=\"center\"><strong>Como posso excluir minha conta?<\/strong><\/p>\n<p align=\"center\">Voc\u00ea pode excluir sua conta ONINDER\u2122 no menu, se\u00e7\u00e3o \u201cConfigura\u00e7\u00f5es\u201d.<\/p>\n<p align=\"center\"><strong>O ONINDER\u2122 \u00e9 gratuito?<\/strong><\/p>\n<p align=\"center\">ONINDER\u2122 \u00e9 totalmente gratuito, basta baixar o App dispon\u00edvel para ANDROID E IOS.<\/p>\n<p align=\"center\"><strong>Quem pode usar ONINDER\u2122?<\/strong><\/p>\n<p align=\"center\">ONINDER\u2122 \u00e9 um aplicativo para todos os p\u00fablicos maiores de 18 anos.<\/p>\n<p align=\"center\"><strong>Posso usar o ONINDER\u2122 sem me registrar?<\/strong><\/p>\n<p align=\"center\">Sim, voc\u00ea poder\u00e1 usar o ONINDER\u2122 localmente, mas n\u00e3o poder\u00e1 acessar a busca de pessoas, conversar, fazer videochamadas ou controlar o brinquedo de outra pessoa.<\/p>\n<p align=\"center\"><strong>Descubra mais informa\u00e7\u00f5es sobre ONINDER\u2122 e todos os produtos em www.oninder.com<\/strong><\/p>\n","protected":false},"excerpt":{"rendered":"<p>ONINDER &#8211; ANEL VIBRADOR AJUST\u00c1VEL RECARREG\u00c1VEL PAMPA COM ESTIMULADOR DE CLIT\u00d3RIS 10 VELOCIDADES &#8211; APLICATIVO GRATUITO<\/p>\n","protected":false},"featured_media":64365,"template":"","meta":{"_acf_changed":false},"product_brand":[],"product_cat":[17,59,60],"product_tag":[],"class_list":{"0":"post-48252","1":"product","2":"type-product","3":"status-publish","4":"has-post-thumbnail","6":"product_cat-brinquedos-de-bem-estar-sexual","7":"product_cat-para-casais","8":"product_cat-para-eles","9":"yith_product_brand-oninder","11":"first","12":"instock","13":"taxable","14":"shipping-taxable","15":"purchasable","16":"product-type-simple"},"acf":[],"yoast_head":"<!-- This site is optimized with the Yoast SEO plugin v27.4 - https:\/\/yoast.com\/product\/yoast-seo-wordpress\/ -->\n<title>ONINDER - ANEL VIBRADOR AJUST\u00c1VEL RECARREG\u00c1VEL PAMPA COM ESTIMULADOR DE CLIT\u00d3RIS 10 VELOCIDADES - APLICATIVO GRATUITO - Lovme<\/title>\n<meta name=\"robots\" content=\"index, follow, max-snippet:-1, max-image-preview:large, max-video-preview:-1\" \/>\n<link rel=\"canonical\" href=\"https:\/\/lovme.pt\/index.php\/produto\/oninder-anel-vibrador-ajustavel-recarregavel-pampa-com-estimulador-de-clitoris-10-velocidades-aplicativo-gratuito\/\" \/>\n<meta property=\"og:locale\" content=\"pt_PT\" \/>\n<meta property=\"og:type\" content=\"article\" \/>\n<meta property=\"og:title\" content=\"ONINDER - ANEL VIBRADOR AJUST\u00c1VEL RECARREG\u00c1VEL PAMPA COM ESTIMULADOR DE CLIT\u00d3RIS 10 VELOCIDADES - APLICATIVO GRATUITO - Lovme\" \/>\n<meta property=\"og:description\" content=\"ONINDER - ANEL VIBRADOR AJUST\u00c1VEL RECARREG\u00c1VEL PAMPA COM ESTIMULADOR DE CLIT\u00d3RIS 10 VELOCIDADES - APLICATIVO GRATUITO\" \/>\n<meta property=\"og:url\" content=\"https:\/\/lovme.pt\/index.php\/produto\/oninder-anel-vibrador-ajustavel-recarregavel-pampa-com-estimulador-de-clitoris-10-velocidades-aplicativo-gratuito\/\" \/>\n<meta property=\"og:site_name\" content=\"Lovme\" \/>\n<meta property=\"article:modified_time\" content=\"2026-02-19T20:06:59+00:00\" \/>\n<meta property=\"og:image\" content=\"https:\/\/erki24nd3ub.exactdn.com\/wp-content\/uploads\/dream\/img\/img_177087_5210cc5a2f41f0b2aaf24c9b2ef12ddd_1.jpg?strip=all\" \/>\n\t<meta property=\"og:image:width\" content=\"800\" \/>\n\t<meta property=\"og:image:height\" content=\"800\" \/>\n\t<meta property=\"og:image:type\" content=\"image\/jpeg\" \/>\n<meta name=\"twitter:card\" content=\"summary_large_image\" \/>\n<meta name=\"twitter:label1\" content=\"Tempo estimado de leitura\" \/>\n\t<meta name=\"twitter:data1\" content=\"8 minutos\" \/>\n<script type=\"application\/ld+json\" class=\"yoast-schema-graph\">{\"@context\":\"https:\\\/\\\/schema.org\",\"@graph\":[{\"@type\":\"WebPage\",\"@id\":\"https:\\\/\\\/lovme.pt\\\/index.php\\\/produto\\\/oninder-anel-vibrador-ajustavel-recarregavel-pampa-com-estimulador-de-clitoris-10-velocidades-aplicativo-gratuito\\\/\",\"url\":\"https:\\\/\\\/lovme.pt\\\/index.php\\\/produto\\\/oninder-anel-vibrador-ajustavel-recarregavel-pampa-com-estimulador-de-clitoris-10-velocidades-aplicativo-gratuito\\\/\",\"name\":\"ONINDER - ANEL VIBRADOR AJUST\u00c1VEL RECARREG\u00c1VEL PAMPA COM ESTIMULADOR DE CLIT\u00d3RIS 10 VELOCIDADES - APLICATIVO GRATUITO - Lovme\",\"isPartOf\":{\"@id\":\"https:\\\/\\\/lovme.pt\\\/#website\"},\"primaryImageOfPage\":{\"@id\":\"https:\\\/\\\/lovme.pt\\\/index.php\\\/produto\\\/oninder-anel-vibrador-ajustavel-recarregavel-pampa-com-estimulador-de-clitoris-10-velocidades-aplicativo-gratuito\\\/#primaryimage\"},\"image\":{\"@id\":\"https:\\\/\\\/lovme.pt\\\/index.php\\\/produto\\\/oninder-anel-vibrador-ajustavel-recarregavel-pampa-com-estimulador-de-clitoris-10-velocidades-aplicativo-gratuito\\\/#primaryimage\"},\"thumbnailUrl\":\"https:\\\/\\\/erki24nd3ub.exactdn.com\\\/wp-content\\\/uploads\\\/dream\\\/img\\\/img_177087_5210cc5a2f41f0b2aaf24c9b2ef12ddd_1.jpg?strip=all\",\"datePublished\":\"2025-09-30T10:13:45+00:00\",\"dateModified\":\"2026-02-19T20:06:59+00:00\",\"breadcrumb\":{\"@id\":\"https:\\\/\\\/lovme.pt\\\/index.php\\\/produto\\\/oninder-anel-vibrador-ajustavel-recarregavel-pampa-com-estimulador-de-clitoris-10-velocidades-aplicativo-gratuito\\\/#breadcrumb\"},\"inLanguage\":\"pt-PT\",\"potentialAction\":[{\"@type\":\"ReadAction\",\"target\":[\"https:\\\/\\\/lovme.pt\\\/index.php\\\/produto\\\/oninder-anel-vibrador-ajustavel-recarregavel-pampa-com-estimulador-de-clitoris-10-velocidades-aplicativo-gratuito\\\/\"]}]},{\"@type\":\"ImageObject\",\"inLanguage\":\"pt-PT\",\"@id\":\"https:\\\/\\\/lovme.pt\\\/index.php\\\/produto\\\/oninder-anel-vibrador-ajustavel-recarregavel-pampa-com-estimulador-de-clitoris-10-velocidades-aplicativo-gratuito\\\/#primaryimage\",\"url\":\"https:\\\/\\\/erki24nd3ub.exactdn.com\\\/wp-content\\\/uploads\\\/dream\\\/img\\\/img_177087_5210cc5a2f41f0b2aaf24c9b2ef12ddd_1.jpg?strip=all\",\"contentUrl\":\"https:\\\/\\\/erki24nd3ub.exactdn.com\\\/wp-content\\\/uploads\\\/dream\\\/img\\\/img_177087_5210cc5a2f41f0b2aaf24c9b2ef12ddd_1.jpg?strip=all\",\"width\":800,\"height\":800},{\"@type\":\"BreadcrumbList\",\"@id\":\"https:\\\/\\\/lovme.pt\\\/index.php\\\/produto\\\/oninder-anel-vibrador-ajustavel-recarregavel-pampa-com-estimulador-de-clitoris-10-velocidades-aplicativo-gratuito\\\/#breadcrumb\",\"itemListElement\":[{\"@type\":\"ListItem\",\"position\":1,\"name\":\"In\u00edcio\",\"item\":\"https:\\\/\\\/lovme.pt\\\/\"},{\"@type\":\"ListItem\",\"position\":2,\"name\":\"Loja\",\"item\":\"https:\\\/\\\/lovme.pt\\\/index.php\\\/loja\\\/\"},{\"@type\":\"ListItem\",\"position\":3,\"name\":\"ONINDER &#8211; ANEL VIBRADOR AJUST\u00c1VEL RECARREG\u00c1VEL PAMPA COM ESTIMULADOR DE CLIT\u00d3RIS 10 VELOCIDADES &#8211; APLICATIVO GRATUITO\"}]},{\"@type\":\"WebSite\",\"@id\":\"https:\\\/\\\/lovme.pt\\\/#website\",\"url\":\"https:\\\/\\\/lovme.pt\\\/\",\"name\":\"Lovme Loja Er\u00f3tica N\u00ba1 em Portugal\",\"description\":\"A melhor loja er\u00f3tica de Portugal.\",\"alternateName\":\"Loja Er\u00f3tica Lovme\",\"potentialAction\":[{\"@type\":\"SearchAction\",\"target\":{\"@type\":\"EntryPoint\",\"urlTemplate\":\"https:\\\/\\\/lovme.pt\\\/?s={search_term_string}\"},\"query-input\":{\"@type\":\"PropertyValueSpecification\",\"valueRequired\":true,\"valueName\":\"search_term_string\"}}],\"inLanguage\":\"pt-PT\"}]}<\/script>\n<!-- \/ Yoast SEO plugin. -->","yoast_head_json":{"title":"ONINDER - ANEL VIBRADOR AJUST\u00c1VEL RECARREG\u00c1VEL PAMPA COM ESTIMULADOR DE CLIT\u00d3RIS 10 VELOCIDADES - APLICATIVO GRATUITO - Lovme","robots":{"index":"index","follow":"follow","max-snippet":"max-snippet:-1","max-image-preview":"max-image-preview:large","max-video-preview":"max-video-preview:-1"},"canonical":"https:\/\/lovme.pt\/index.php\/produto\/oninder-anel-vibrador-ajustavel-recarregavel-pampa-com-estimulador-de-clitoris-10-velocidades-aplicativo-gratuito\/","og_locale":"pt_PT","og_type":"article","og_title":"ONINDER - ANEL VIBRADOR AJUST\u00c1VEL RECARREG\u00c1VEL PAMPA COM ESTIMULADOR DE CLIT\u00d3RIS 10 VELOCIDADES - APLICATIVO GRATUITO - Lovme","og_description":"ONINDER - ANEL VIBRADOR AJUST\u00c1VEL RECARREG\u00c1VEL PAMPA COM ESTIMULADOR DE CLIT\u00d3RIS 10 VELOCIDADES - APLICATIVO GRATUITO","og_url":"https:\/\/lovme.pt\/index.php\/produto\/oninder-anel-vibrador-ajustavel-recarregavel-pampa-com-estimulador-de-clitoris-10-velocidades-aplicativo-gratuito\/","og_site_name":"Lovme","article_modified_time":"2026-02-19T20:06:59+00:00","og_image":[{"width":800,"height":800,"url":"https:\/\/erki24nd3ub.exactdn.com\/wp-content\/uploads\/dream\/img\/img_177087_5210cc5a2f41f0b2aaf24c9b2ef12ddd_1.jpg?strip=all","type":"image\/jpeg"}],"twitter_card":"summary_large_image","twitter_misc":{"Tempo estimado de leitura":"8 minutos"},"schema":{"@context":"https:\/\/schema.org","@graph":[{"@type":"WebPage","@id":"https:\/\/lovme.pt\/index.php\/produto\/oninder-anel-vibrador-ajustavel-recarregavel-pampa-com-estimulador-de-clitoris-10-velocidades-aplicativo-gratuito\/","url":"https:\/\/lovme.pt\/index.php\/produto\/oninder-anel-vibrador-ajustavel-recarregavel-pampa-com-estimulador-de-clitoris-10-velocidades-aplicativo-gratuito\/","name":"ONINDER - ANEL VIBRADOR AJUST\u00c1VEL RECARREG\u00c1VEL PAMPA COM ESTIMULADOR DE CLIT\u00d3RIS 10 VELOCIDADES - APLICATIVO GRATUITO - Lovme","isPartOf":{"@id":"https:\/\/lovme.pt\/#website"},"primaryImageOfPage":{"@id":"https:\/\/lovme.pt\/index.php\/produto\/oninder-anel-vibrador-ajustavel-recarregavel-pampa-com-estimulador-de-clitoris-10-velocidades-aplicativo-gratuito\/#primaryimage"},"image":{"@id":"https:\/\/lovme.pt\/index.php\/produto\/oninder-anel-vibrador-ajustavel-recarregavel-pampa-com-estimulador-de-clitoris-10-velocidades-aplicativo-gratuito\/#primaryimage"},"thumbnailUrl":"https:\/\/erki24nd3ub.exactdn.com\/wp-content\/uploads\/dream\/img\/img_177087_5210cc5a2f41f0b2aaf24c9b2ef12ddd_1.jpg?strip=all","datePublished":"2025-09-30T10:13:45+00:00","dateModified":"2026-02-19T20:06:59+00:00","breadcrumb":{"@id":"https:\/\/lovme.pt\/index.php\/produto\/oninder-anel-vibrador-ajustavel-recarregavel-pampa-com-estimulador-de-clitoris-10-velocidades-aplicativo-gratuito\/#breadcrumb"},"inLanguage":"pt-PT","potentialAction":[{"@type":"ReadAction","target":["https:\/\/lovme.pt\/index.php\/produto\/oninder-anel-vibrador-ajustavel-recarregavel-pampa-com-estimulador-de-clitoris-10-velocidades-aplicativo-gratuito\/"]}]},{"@type":"ImageObject","inLanguage":"pt-PT","@id":"https:\/\/lovme.pt\/index.php\/produto\/oninder-anel-vibrador-ajustavel-recarregavel-pampa-com-estimulador-de-clitoris-10-velocidades-aplicativo-gratuito\/#primaryimage","url":"https:\/\/erki24nd3ub.exactdn.com\/wp-content\/uploads\/dream\/img\/img_177087_5210cc5a2f41f0b2aaf24c9b2ef12ddd_1.jpg?strip=all","contentUrl":"https:\/\/erki24nd3ub.exactdn.com\/wp-content\/uploads\/dream\/img\/img_177087_5210cc5a2f41f0b2aaf24c9b2ef12ddd_1.jpg?strip=all","width":800,"height":800},{"@type":"BreadcrumbList","@id":"https:\/\/lovme.pt\/index.php\/produto\/oninder-anel-vibrador-ajustavel-recarregavel-pampa-com-estimulador-de-clitoris-10-velocidades-aplicativo-gratuito\/#breadcrumb","itemListElement":[{"@type":"ListItem","position":1,"name":"In\u00edcio","item":"https:\/\/lovme.pt\/"},{"@type":"ListItem","position":2,"name":"Loja","item":"https:\/\/lovme.pt\/index.php\/loja\/"},{"@type":"ListItem","position":3,"name":"ONINDER &#8211; ANEL VIBRADOR AJUST\u00c1VEL RECARREG\u00c1VEL PAMPA COM ESTIMULADOR DE CLIT\u00d3RIS 10 VELOCIDADES &#8211; APLICATIVO GRATUITO"}]},{"@type":"WebSite","@id":"https:\/\/lovme.pt\/#website","url":"https:\/\/lovme.pt\/","name":"Lovme Loja Er\u00f3tica N\u00ba1 em Portugal","description":"A melhor loja er\u00f3tica de Portugal.","alternateName":"Loja Er\u00f3tica Lovme","potentialAction":[{"@type":"SearchAction","target":{"@type":"EntryPoint","urlTemplate":"https:\/\/lovme.pt\/?s={search_term_string}"},"query-input":{"@type":"PropertyValueSpecification","valueRequired":true,"valueName":"search_term_string"}}],"inLanguage":"pt-PT"}]}},"_links":{"self":[{"href":"https:\/\/lovme.pt\/index.php\/wp-json\/wp\/v2\/product\/48252","targetHints":{"allow":["GET"]}}],"collection":[{"href":"https:\/\/lovme.pt\/index.php\/wp-json\/wp\/v2\/product"}],"about":[{"href":"https:\/\/lovme.pt\/index.php\/wp-json\/wp\/v2\/types\/product"}],"wp:featuredmedia":[{"embeddable":true,"href":"https:\/\/lovme.pt\/index.php\/wp-json\/wp\/v2\/media\/64365"}],"wp:attachment":[{"href":"https:\/\/lovme.pt\/index.php\/wp-json\/wp\/v2\/media?parent=48252"}],"wp:term":[{"taxonomy":"product_brand","embeddable":true,"href":"https:\/\/lovme.pt\/index.php\/wp-json\/wp\/v2\/product_brand?post=48252"},{"taxonomy":"product_cat","embeddable":true,"href":"https:\/\/lovme.pt\/index.php\/wp-json\/wp\/v2\/product_cat?post=48252"},{"taxonomy":"product_tag","embeddable":true,"href":"https:\/\/lovme.pt\/index.php\/wp-json\/wp\/v2\/product_tag?post=48252"}],"curies":[{"name":"wp","href":"https:\/\/api.w.org\/{rel}","templated":true}]}}