{"id":48251,"date":"2025-09-30T10:13:44","date_gmt":"2025-09-30T10:13:44","guid":{"rendered":"https:\/\/lovme.pt\/?post_type=product&p=48251"},"modified":"2026-02-20T04:01:05","modified_gmt":"2026-02-20T04:01:05","slug":"oninder-seul-masturbador-masculino-recarregavel-10-velocidades-aplicativo-gratuito","status":"publish","type":"product","link":"https:\/\/lovme.pt\/index.php\/produto\/oninder-seul-masturbador-masculino-recarregavel-10-velocidades-aplicativo-gratuito\/","title":{"rendered":"ONINDER &#8211; SEUL MASTURBADOR MASCULINO RECARREG\u00c1VEL 10 VELOCIDADES &#8211; APLICATIVO GRATUITO"},"content":{"rendered":"<p>Descubra uma experi\u00eancia de prazer incompar\u00e1vel com o masturbador masculino vibrat\u00f3rio &#8220;SEOUL&#8221; da ONINDER!<\/p>\n<p> Este elegante dispositivo oferece uma combina\u00e7\u00e3o perfeita de tecnologia avan\u00e7ada e design sofisticado para lhe proporcionar momentos de prazer inigual\u00e1veis.<\/p>\n<p> Com 10 velocidades de vibra\u00e7\u00e3o control\u00e1veis por meio de um aplicativo m\u00f3vel (press\u00e3o control\u00e1vel apenas manualmente), o SEOUL permite que voc\u00ea personalize sua experi\u00eancia de acordo com sua prefer\u00eancia.<\/p>\n<p> Seu design preto com serigrafia vermelha acrescenta um toque de eleg\u00e2ncia, enquanto seu tamanho compacto e sua al\u00e7a magn\u00e9tica de seguran\u00e7a o tornam f\u00e1cil e discreto para levar com voc\u00ea aonde quer que voc\u00ea v\u00e1.<\/p>\n<p> Equipado com um motor potente e feito de silicone supermacio, este masturbador foi projetado para lhe proporcionar sensa\u00e7\u00f5es intensas e satisfat\u00f3rias. Al\u00e9m disso, seu carregamento USB magn\u00e9tico garante que ele esteja sempre pronto. Pronto para satisfazer suas necessidades de prazer.<\/p>\n<p> <u><em><strong>Caracter\u00edsticas:<\/strong><\/em><\/u><\/p>\n<ul>\n<li> <strong>Tecnologia avan\u00e7ada:<\/strong> equipado com 10 velocidades e 10 fun\u00e7\u00f5es de press\u00e3o para uma experi\u00eancia de prazer personalizada e vers\u00e1til.<\/li>\n<li> <strong>Controle por APP:<\/strong> Todas as fun\u00e7\u00f5es s\u00e3o gerenci\u00e1veis por meio de um aplicativo m\u00f3vel, permitindo que voc\u00ea ajuste a intensidade e o ritmo de acordo com suas prefer\u00eancias. (press\u00e3o control\u00e1vel apenas por controle manual)<\/li>\n<li> <strong>Design elegante:<\/strong> sua cor preta com serigrafia vermelha lhe confere um visual elegante e sofisticado, adicionando um toque de estilo \u00e0 sua experi\u00eancia de prazer.<\/li>\n<li> <strong>Tamanho compacto:<\/strong> Com dimens\u00f5es de 25 cm de comprimento e 9 cm de largura.<\/li>\n<li> <strong>Recarreg\u00e1vel USB magn\u00e9tico:<\/strong> Com um sistema de carregamento USB magn\u00e9tico, garante uma carga r\u00e1pida e conveniente para que voc\u00ea esteja sempre pronto quando precisar.<\/li>\n<li> <strong>Motor potente:<\/strong> equipado com um motor potente que proporciona vibra\u00e7\u00f5es intensas e estimulantes para uma experi\u00eancia de prazer inigual\u00e1vel.<\/li>\n<li> <strong>Feito de silicone supermacio:<\/strong> feito com silicone macio de alta qualidade, proporciona uma sensa\u00e7\u00e3o confort\u00e1vel e segura durante o uso.<\/li>\n<\/ul>\n<p> <u><strong>Por que escolher ONINDER\u2122?<\/strong><\/u><\/p>\n<p> Encontre o amor com a pessoa que \u00e9 realmente certa para voc\u00ea ou aumente a confian\u00e7a como um casal brincando de controle remoto com os brinquedos ONINDER\u2122<\/p>\n<p> <strong>ONINDER\u2122, o que \u00e9 e como funciona<\/strong><\/p>\n<p> Em poucas palavras, <strong>ONINDER\u2122<\/strong> \u00e9 um APP que permite ao usu\u00e1rio se conectar com outros perfis online para fazer amigos, expandir sua lista de contatos ao redor do mundo e at\u00e9 mesmo encontrar parceiros tempor\u00e1rios ou permanentes.<\/p>\n<p> <strong>ONINDER\u2122<\/strong> \u00e9 um aplicativo que permite que voc\u00ea brinque sexualmente com pessoas em diferentes partes do mundo ou aumente a confian\u00e7a em um casal, al\u00e9m de um servi\u00e7o de namoro online que foi desenvolvido inicialmente na Europa para o mercado europeu. No entanto, confiamos em sua popularidade e expans\u00e3o para outros pa\u00edses do continente europeu. Atualmente, este servi\u00e7o online est\u00e1 dispon\u00edvel em diferentes partes do mundo, incluindo Am\u00e9rica Latina e em breve \u00c1sia.<\/p>\n<p> <u><strong>Como funciona<\/strong><\/u><\/p>\n<p> <strong>Voc\u00ea cria um perfil no ONINDER\u2122 e entra em um clube privado gratuito.<\/strong><\/p>\n<p> O registro gratuito \u00e9 um procedimento comum em aplicativos de namoro porque beneficia tanto a empresa quanto o poss\u00edvel usu\u00e1rio.<\/p>\n<p> Ap\u00f3s criar sua conta gratuita, voc\u00ea pode acessar a busca por outros perfis de usu\u00e1rios. Perfis que foram selecionados levando em conta os filtros que voc\u00ea ativou ao se registrar.<\/p>\n<p> Da mesma forma, quanto mais espec\u00edficas forem suas prioridades em rela\u00e7\u00e3o \u00e0s pessoas que voc\u00ea est\u00e1 interessado em conhecer, maiores ser\u00e3o suas chances de encontrar a combina\u00e7\u00e3o certa. Por outro lado, se sua estrat\u00e9gia for mais quantitativa do que qualitativa, porque voc\u00ea quer ter um espectro mais amplo para escolher.<\/p>\n<p> N\u00e3o \u00e9 necess\u00e1rio enviar uma foto, ent\u00e3o voc\u00ea pode navegar com um certo grau de privacidade e, se quiser continuar experimentando <strong>o ONINDER\u2122,<\/strong> \u00e9 gr\u00e1tis.<\/p>\n<p align=\"center\"> <strong>Conecte-se em um n\u00edvel mais profundo com o novo aplicativo ONINDER\u2122<\/strong><\/p>\n<p> Projetado para explorar e fortalecer<\/p>\n","protected":false},"excerpt":{"rendered":"<p>ONINDER &#8211; SEUL MASTURBADOR MASCULINO RECARREG\u00c1VEL 10 VELOCIDADES &#8211; APLICATIVO GRATUITO<\/p>\n","protected":false},"featured_media":64360,"template":"","meta":{"_acf_changed":false},"product_brand":[],"product_cat":[17,58,60,76],"product_tag":[],"class_list":{"0":"post-48251","1":"product","2":"type-product","3":"status-publish","4":"has-post-thumbnail","6":"product_cat-brinquedos-de-bem-estar-sexual","7":"product_cat-masturbadores-para-penis","8":"product_cat-para-eles","9":"product_cat-vibradores","10":"yith_product_brand-oninder","12":"first","13":"instock","14":"taxable","15":"shipping-taxable","16":"purchasable","17":"product-type-simple"},"acf":[],"yoast_head":"<!-- This site is optimized with the Yoast SEO plugin v27.4 - https:\/\/yoast.com\/product\/yoast-seo-wordpress\/ -->\n<title>ONINDER - SEUL MASTURBADOR MASCULINO RECARREG\u00c1VEL 10 VELOCIDADES - APLICATIVO GRATUITO - Lovme<\/title>\n<meta name=\"robots\" content=\"index, follow, max-snippet:-1, max-image-preview:large, max-video-preview:-1\" \/>\n<link rel=\"canonical\" href=\"https:\/\/lovme.pt\/index.php\/produto\/oninder-seul-masturbador-masculino-recarregavel-10-velocidades-aplicativo-gratuito\/\" \/>\n<meta property=\"og:locale\" content=\"pt_PT\" \/>\n<meta property=\"og:type\" content=\"article\" \/>\n<meta property=\"og:title\" content=\"ONINDER - SEUL MASTURBADOR MASCULINO RECARREG\u00c1VEL 10 VELOCIDADES - APLICATIVO GRATUITO - Lovme\" \/>\n<meta property=\"og:description\" content=\"ONINDER - SEUL MASTURBADOR MASCULINO RECARREG\u00c1VEL 10 VELOCIDADES - APLICATIVO GRATUITO\" \/>\n<meta property=\"og:url\" content=\"https:\/\/lovme.pt\/index.php\/produto\/oninder-seul-masturbador-masculino-recarregavel-10-velocidades-aplicativo-gratuito\/\" \/>\n<meta property=\"og:site_name\" content=\"Lovme\" \/>\n<meta property=\"article:modified_time\" content=\"2026-02-20T04:01:05+00:00\" \/>\n<meta property=\"og:image\" content=\"https:\/\/erki24nd3ub.exactdn.com\/wp-content\/uploads\/dream\/img\/img_177081_76da630e9a778de44aade48a44391d20_1.jpg?strip=all\" \/>\n\t<meta property=\"og:image:width\" content=\"800\" \/>\n\t<meta property=\"og:image:height\" content=\"800\" \/>\n\t<meta property=\"og:image:type\" content=\"image\/jpeg\" \/>\n<meta name=\"twitter:card\" content=\"summary_large_image\" \/>\n<meta name=\"twitter:label1\" content=\"Tempo estimado de leitura\" \/>\n\t<meta name=\"twitter:data1\" content=\"3 minutos\" \/>\n<script type=\"application\/ld+json\" class=\"yoast-schema-graph\">{\"@context\":\"https:\\\/\\\/schema.org\",\"@graph\":[{\"@type\":\"WebPage\",\"@id\":\"https:\\\/\\\/lovme.pt\\\/index.php\\\/produto\\\/oninder-seul-masturbador-masculino-recarregavel-10-velocidades-aplicativo-gratuito\\\/\",\"url\":\"https:\\\/\\\/lovme.pt\\\/index.php\\\/produto\\\/oninder-seul-masturbador-masculino-recarregavel-10-velocidades-aplicativo-gratuito\\\/\",\"name\":\"ONINDER - SEUL MASTURBADOR MASCULINO RECARREG\u00c1VEL 10 VELOCIDADES - APLICATIVO GRATUITO - Lovme\",\"isPartOf\":{\"@id\":\"https:\\\/\\\/lovme.pt\\\/#website\"},\"primaryImageOfPage\":{\"@id\":\"https:\\\/\\\/lovme.pt\\\/index.php\\\/produto\\\/oninder-seul-masturbador-masculino-recarregavel-10-velocidades-aplicativo-gratuito\\\/#primaryimage\"},\"image\":{\"@id\":\"https:\\\/\\\/lovme.pt\\\/index.php\\\/produto\\\/oninder-seul-masturbador-masculino-recarregavel-10-velocidades-aplicativo-gratuito\\\/#primaryimage\"},\"thumbnailUrl\":\"https:\\\/\\\/erki24nd3ub.exactdn.com\\\/wp-content\\\/uploads\\\/dream\\\/img\\\/img_177081_76da630e9a778de44aade48a44391d20_1.jpg?strip=all\",\"datePublished\":\"2025-09-30T10:13:44+00:00\",\"dateModified\":\"2026-02-20T04:01:05+00:00\",\"breadcrumb\":{\"@id\":\"https:\\\/\\\/lovme.pt\\\/index.php\\\/produto\\\/oninder-seul-masturbador-masculino-recarregavel-10-velocidades-aplicativo-gratuito\\\/#breadcrumb\"},\"inLanguage\":\"pt-PT\",\"potentialAction\":[{\"@type\":\"ReadAction\",\"target\":[\"https:\\\/\\\/lovme.pt\\\/index.php\\\/produto\\\/oninder-seul-masturbador-masculino-recarregavel-10-velocidades-aplicativo-gratuito\\\/\"]}]},{\"@type\":\"ImageObject\",\"inLanguage\":\"pt-PT\",\"@id\":\"https:\\\/\\\/lovme.pt\\\/index.php\\\/produto\\\/oninder-seul-masturbador-masculino-recarregavel-10-velocidades-aplicativo-gratuito\\\/#primaryimage\",\"url\":\"https:\\\/\\\/erki24nd3ub.exactdn.com\\\/wp-content\\\/uploads\\\/dream\\\/img\\\/img_177081_76da630e9a778de44aade48a44391d20_1.jpg?strip=all\",\"contentUrl\":\"https:\\\/\\\/erki24nd3ub.exactdn.com\\\/wp-content\\\/uploads\\\/dream\\\/img\\\/img_177081_76da630e9a778de44aade48a44391d20_1.jpg?strip=all\",\"width\":800,\"height\":800},{\"@type\":\"BreadcrumbList\",\"@id\":\"https:\\\/\\\/lovme.pt\\\/index.php\\\/produto\\\/oninder-seul-masturbador-masculino-recarregavel-10-velocidades-aplicativo-gratuito\\\/#breadcrumb\",\"itemListElement\":[{\"@type\":\"ListItem\",\"position\":1,\"name\":\"In\u00edcio\",\"item\":\"https:\\\/\\\/lovme.pt\\\/\"},{\"@type\":\"ListItem\",\"position\":2,\"name\":\"Loja\",\"item\":\"https:\\\/\\\/lovme.pt\\\/index.php\\\/loja\\\/\"},{\"@type\":\"ListItem\",\"position\":3,\"name\":\"ONINDER &#8211; SEUL MASTURBADOR MASCULINO RECARREG\u00c1VEL 10 VELOCIDADES &#8211; APLICATIVO GRATUITO\"}]},{\"@type\":\"WebSite\",\"@id\":\"https:\\\/\\\/lovme.pt\\\/#website\",\"url\":\"https:\\\/\\\/lovme.pt\\\/\",\"name\":\"Lovme Loja Er\u00f3tica N\u00ba1 em Portugal\",\"description\":\"A melhor loja er\u00f3tica de Portugal.\",\"alternateName\":\"Loja Er\u00f3tica Lovme\",\"potentialAction\":[{\"@type\":\"SearchAction\",\"target\":{\"@type\":\"EntryPoint\",\"urlTemplate\":\"https:\\\/\\\/lovme.pt\\\/?s={search_term_string}\"},\"query-input\":{\"@type\":\"PropertyValueSpecification\",\"valueRequired\":true,\"valueName\":\"search_term_string\"}}],\"inLanguage\":\"pt-PT\"}]}<\/script>\n<!-- \/ Yoast SEO plugin. -->","yoast_head_json":{"title":"ONINDER - SEUL MASTURBADOR MASCULINO RECARREG\u00c1VEL 10 VELOCIDADES - APLICATIVO GRATUITO - Lovme","robots":{"index":"index","follow":"follow","max-snippet":"max-snippet:-1","max-image-preview":"max-image-preview:large","max-video-preview":"max-video-preview:-1"},"canonical":"https:\/\/lovme.pt\/index.php\/produto\/oninder-seul-masturbador-masculino-recarregavel-10-velocidades-aplicativo-gratuito\/","og_locale":"pt_PT","og_type":"article","og_title":"ONINDER - SEUL MASTURBADOR MASCULINO RECARREG\u00c1VEL 10 VELOCIDADES - APLICATIVO GRATUITO - Lovme","og_description":"ONINDER - SEUL MASTURBADOR MASCULINO RECARREG\u00c1VEL 10 VELOCIDADES - APLICATIVO GRATUITO","og_url":"https:\/\/lovme.pt\/index.php\/produto\/oninder-seul-masturbador-masculino-recarregavel-10-velocidades-aplicativo-gratuito\/","og_site_name":"Lovme","article_modified_time":"2026-02-20T04:01:05+00:00","og_image":[{"width":800,"height":800,"url":"https:\/\/erki24nd3ub.exactdn.com\/wp-content\/uploads\/dream\/img\/img_177081_76da630e9a778de44aade48a44391d20_1.jpg?strip=all","type":"image\/jpeg"}],"twitter_card":"summary_large_image","twitter_misc":{"Tempo estimado de leitura":"3 minutos"},"schema":{"@context":"https:\/\/schema.org","@graph":[{"@type":"WebPage","@id":"https:\/\/lovme.pt\/index.php\/produto\/oninder-seul-masturbador-masculino-recarregavel-10-velocidades-aplicativo-gratuito\/","url":"https:\/\/lovme.pt\/index.php\/produto\/oninder-seul-masturbador-masculino-recarregavel-10-velocidades-aplicativo-gratuito\/","name":"ONINDER - SEUL MASTURBADOR MASCULINO RECARREG\u00c1VEL 10 VELOCIDADES - APLICATIVO GRATUITO - Lovme","isPartOf":{"@id":"https:\/\/lovme.pt\/#website"},"primaryImageOfPage":{"@id":"https:\/\/lovme.pt\/index.php\/produto\/oninder-seul-masturbador-masculino-recarregavel-10-velocidades-aplicativo-gratuito\/#primaryimage"},"image":{"@id":"https:\/\/lovme.pt\/index.php\/produto\/oninder-seul-masturbador-masculino-recarregavel-10-velocidades-aplicativo-gratuito\/#primaryimage"},"thumbnailUrl":"https:\/\/erki24nd3ub.exactdn.com\/wp-content\/uploads\/dream\/img\/img_177081_76da630e9a778de44aade48a44391d20_1.jpg?strip=all","datePublished":"2025-09-30T10:13:44+00:00","dateModified":"2026-02-20T04:01:05+00:00","breadcrumb":{"@id":"https:\/\/lovme.pt\/index.php\/produto\/oninder-seul-masturbador-masculino-recarregavel-10-velocidades-aplicativo-gratuito\/#breadcrumb"},"inLanguage":"pt-PT","potentialAction":[{"@type":"ReadAction","target":["https:\/\/lovme.pt\/index.php\/produto\/oninder-seul-masturbador-masculino-recarregavel-10-velocidades-aplicativo-gratuito\/"]}]},{"@type":"ImageObject","inLanguage":"pt-PT","@id":"https:\/\/lovme.pt\/index.php\/produto\/oninder-seul-masturbador-masculino-recarregavel-10-velocidades-aplicativo-gratuito\/#primaryimage","url":"https:\/\/erki24nd3ub.exactdn.com\/wp-content\/uploads\/dream\/img\/img_177081_76da630e9a778de44aade48a44391d20_1.jpg?strip=all","contentUrl":"https:\/\/erki24nd3ub.exactdn.com\/wp-content\/uploads\/dream\/img\/img_177081_76da630e9a778de44aade48a44391d20_1.jpg?strip=all","width":800,"height":800},{"@type":"BreadcrumbList","@id":"https:\/\/lovme.pt\/index.php\/produto\/oninder-seul-masturbador-masculino-recarregavel-10-velocidades-aplicativo-gratuito\/#breadcrumb","itemListElement":[{"@type":"ListItem","position":1,"name":"In\u00edcio","item":"https:\/\/lovme.pt\/"},{"@type":"ListItem","position":2,"name":"Loja","item":"https:\/\/lovme.pt\/index.php\/loja\/"},{"@type":"ListItem","position":3,"name":"ONINDER &#8211; SEUL MASTURBADOR MASCULINO RECARREG\u00c1VEL 10 VELOCIDADES &#8211; APLICATIVO GRATUITO"}]},{"@type":"WebSite","@id":"https:\/\/lovme.pt\/#website","url":"https:\/\/lovme.pt\/","name":"Lovme Loja Er\u00f3tica N\u00ba1 em Portugal","description":"A melhor loja er\u00f3tica de Portugal.","alternateName":"Loja Er\u00f3tica Lovme","potentialAction":[{"@type":"SearchAction","target":{"@type":"EntryPoint","urlTemplate":"https:\/\/lovme.pt\/?s={search_term_string}"},"query-input":{"@type":"PropertyValueSpecification","valueRequired":true,"valueName":"search_term_string"}}],"inLanguage":"pt-PT"}]}},"_links":{"self":[{"href":"https:\/\/lovme.pt\/index.php\/wp-json\/wp\/v2\/product\/48251","targetHints":{"allow":["GET"]}}],"collection":[{"href":"https:\/\/lovme.pt\/index.php\/wp-json\/wp\/v2\/product"}],"about":[{"href":"https:\/\/lovme.pt\/index.php\/wp-json\/wp\/v2\/types\/product"}],"wp:featuredmedia":[{"embeddable":true,"href":"https:\/\/lovme.pt\/index.php\/wp-json\/wp\/v2\/media\/64360"}],"wp:attachment":[{"href":"https:\/\/lovme.pt\/index.php\/wp-json\/wp\/v2\/media?parent=48251"}],"wp:term":[{"taxonomy":"product_brand","embeddable":true,"href":"https:\/\/lovme.pt\/index.php\/wp-json\/wp\/v2\/product_brand?post=48251"},{"taxonomy":"product_cat","embeddable":true,"href":"https:\/\/lovme.pt\/index.php\/wp-json\/wp\/v2\/product_cat?post=48251"},{"taxonomy":"product_tag","embeddable":true,"href":"https:\/\/lovme.pt\/index.php\/wp-json\/wp\/v2\/product_tag?post=48251"}],"curies":[{"name":"wp","href":"https:\/\/api.w.org\/{rel}","templated":true}]}}