{"id":48189,"date":"2025-09-30T09:39:45","date_gmt":"2025-09-30T09:39:45","guid":{"rendered":"https:\/\/lovme.pt\/?post_type=product&p=48189"},"modified":"2026-02-19T20:01:19","modified_gmt":"2026-02-19T20:01:19","slug":"epic-arion-dildo-symphony-of-pleasure-controle-remoto-recarregavel","status":"publish","type":"product","link":"https:\/\/lovme.pt\/index.php\/produto\/epic-arion-dildo-symphony-of-pleasure-controle-remoto-recarregavel\/","title":{"rendered":"EPIC &#8211; ARION DILDO SYMPHONY OF PLEASURE CONTROLE REMOTO RECARREG\u00c1VEL"},"content":{"rendered":"<p>Descubra o prazer m\u00edtico com <strong>Arion,<\/strong> o vibrador vibrat\u00f3rio de silicone com controle remoto da marca <strong>EPIC CYBERSILICOCK<\/strong> , inspirado na mitologia grega! Com cores ousadas que evocam a majestade das lendas antigas, este brinquedo ir\u00e1 transport\u00e1-lo para o mundo. para um reino de \u00eaxtase sensual.<\/p>\n<p>\u00a0<\/p>\n<p><strong>Caracter\u00edsticas:<\/strong><\/p>\n<ul>\n<li>Ponta de 40 mm para estimula\u00e7\u00e3o precisa e delicada.<\/li>\n<li>Espessamento superior de 50 mm para uma sensa\u00e7\u00e3o satisfat\u00f3ria de plenitude.<\/li>\n<li>Espessamento inferior de 70 mm para uma experi\u00eancia intensa e satisfat\u00f3ria.<\/li>\n<li>Sec\u00e7\u00e3o anterior de 45 mm \u00e0 base para uma penetra\u00e7\u00e3o confort\u00e1vel.<\/li>\n<li>Base de 80 mm para um manuseamento seguro e est\u00e1vel.<\/li>\n<li>Comprimento introdut\u00f3rio de 235 mm e comprimento total de 250 mm.<\/li>\n<li>Peso de 605g para uma sensa\u00e7\u00e3o luxuosa e leve.<\/li>\n<li><span style=\"font-size: 13px;\">Controle remoto: 1 bateria 23A (inclu\u00edda)<\/span><\/li>\n<li><span style=\"font-size: 13px;\">Vibrador recarreg\u00e1vel &#8211; carregador USB<\/span><\/li>\n<\/ul>\n<p>Aproveite a emo\u00e7\u00e3o vibrante com <strong>Arion da EPIC CYBERSILICOCK.<\/strong><\/p>\n<p>\u00a0<\/p>\n<p>\u00a0<\/p>\n<p><strong><em><u>CIBERSILICOCK \u00c9PICO<\/u><\/em><\/strong><\/p>\n<p>Bem-vindo ao universo EPIC CYBERSILICOCK, onde a paix\u00e3o encontra a inova\u00e7\u00e3o e a mitologia grega ganha vida de uma forma nunca vista antes. Somos mais do que apenas uma marca de brinquedos sexuais; Somos o ep\u00edtome do prazer moderno, fundindo artesanato excepcional com imagina\u00e7\u00e3o desenfreada.<\/p>\n<p>Mergulhe num mundo de desejo divino com os nossos masturbadores e vibradores de silicone que o transportar\u00e3o \u00e0s hist\u00f3rias \u00e9picas da Gr\u00e9cia antiga. Cada produto EPIC CYBERSILICOCK \u00e9 meticulosamente projetado para oferecer uma experi\u00eancia sensorial \u00fanica, utilizando a mais avan\u00e7ada tecnologia de silicone para garantir uma sensa\u00e7\u00e3o incompar\u00e1vel de suavidade e realismo.<\/p>\n<p>A nossa cole\u00e7\u00e3o \u00e9 inspirada nos mitos e lendas da mitologia grega, onde deuses e criaturas m\u00edticas ganham vida em formas estranhas e chocantes. Nossos designs desafiam as conven\u00e7\u00f5es do prazer convencional e convidam voc\u00ea a explorar novos horizontes de \u00eaxtase.<\/p>\n<p>Mas a inova\u00e7\u00e3o n\u00e3o para por a\u00ed. Alguns de nossos produtos possuem recursos avan\u00e7ados, como controle remoto, que permitem personalizar sua experi\u00eancia de prazer com a facilidade de um toque. Imagine controlar a intensidade e o ritmo das suas sensa\u00e7\u00f5es apertando um bot\u00e3o, entregando-se ao prazer com a habilidade de um deus.<\/p>\n<p>E, claro, a est\u00e9tica \u00e9 igualmente importante para n\u00f3s. Nossos produtos est\u00e3o dispon\u00edveis em uma variedade de cores ousadas que despertam os seus sentidos, desde o brilho dourado do sol at\u00e9 o azul misterioso do Mar Egeu. E nossas formas s\u00e3o t\u00e3o marcantes quanto as hist\u00f3rias da mitologia grega, com curvas sensuais e contornos ousados que convidam voc\u00ea a explorar suas fantasias mais loucas.<\/p>\n<p>Prepare-se para uma experi\u00eancia \u00e9pica como nenhuma outra. Junte-se a n\u00f3s na jornada ao m\u00e1ximo prazer com EPIC CYBERSILICOCK, onde a mitologia grega encontra a tecnologia moderna para criar um mundo de desejo infinito. Voc\u00ea est\u00e1 pronto para entrar no reino dos deuses do prazer?<\/p>\n","protected":false},"excerpt":{"rendered":"<p>EPIC &#8211; ARION DILDO SYMPHONY OF PLEASURE CONTROLE REMOTO RECARREG\u00c1VEL<\/p>\n","protected":false},"featured_media":55458,"template":"","meta":{"_acf_changed":false},"product_brand":[],"product_cat":[17,76],"product_tag":[],"class_list":{"0":"post-48189","1":"product","2":"type-product","3":"status-publish","4":"has-post-thumbnail","6":"product_cat-brinquedos-de-bem-estar-sexual","7":"product_cat-vibradores","8":"yith_product_brand-epic","10":"first","11":"instock","12":"taxable","13":"shipping-taxable","14":"purchasable","15":"product-type-simple"},"acf":[],"yoast_head":"<!-- This site is optimized with the Yoast SEO plugin v27.4 - https:\/\/yoast.com\/product\/yoast-seo-wordpress\/ -->\n<title>EPIC - ARION DILDO SYMPHONY OF PLEASURE CONTROLE REMOTO RECARREG\u00c1VEL - Lovme<\/title>\n<meta name=\"robots\" content=\"index, follow, max-snippet:-1, max-image-preview:large, max-video-preview:-1\" \/>\n<link rel=\"canonical\" href=\"https:\/\/lovme.pt\/index.php\/produto\/epic-arion-dildo-symphony-of-pleasure-controle-remoto-recarregavel\/\" \/>\n<meta property=\"og:locale\" content=\"pt_PT\" \/>\n<meta property=\"og:type\" content=\"article\" \/>\n<meta property=\"og:title\" content=\"EPIC - ARION DILDO SYMPHONY OF PLEASURE CONTROLE REMOTO RECARREG\u00c1VEL - Lovme\" \/>\n<meta property=\"og:description\" content=\"EPIC - ARION DILDO SYMPHONY OF PLEASURE CONTROLE REMOTO RECARREG\u00c1VEL\" \/>\n<meta property=\"og:url\" content=\"https:\/\/lovme.pt\/index.php\/produto\/epic-arion-dildo-symphony-of-pleasure-controle-remoto-recarregavel\/\" \/>\n<meta property=\"og:site_name\" content=\"Lovme\" \/>\n<meta property=\"article:modified_time\" content=\"2026-02-19T20:01:19+00:00\" \/>\n<meta property=\"og:image\" content=\"https:\/\/erki24nd3ub.exactdn.com\/wp-content\/uploads\/dream\/img\/img_176641_fde99dc44af51f83086bede8fc137407_1.png?strip=all\" \/>\n\t<meta property=\"og:image:width\" content=\"800\" \/>\n\t<meta property=\"og:image:height\" content=\"800\" \/>\n\t<meta property=\"og:image:type\" content=\"image\/png\" \/>\n<meta name=\"twitter:card\" content=\"summary_large_image\" \/>\n<meta name=\"twitter:label1\" content=\"Tempo estimado de leitura\" \/>\n\t<meta name=\"twitter:data1\" content=\"2 minutos\" \/>\n<script type=\"application\/ld+json\" class=\"yoast-schema-graph\">{\"@context\":\"https:\\\/\\\/schema.org\",\"@graph\":[{\"@type\":\"WebPage\",\"@id\":\"https:\\\/\\\/lovme.pt\\\/index.php\\\/produto\\\/epic-arion-dildo-symphony-of-pleasure-controle-remoto-recarregavel\\\/\",\"url\":\"https:\\\/\\\/lovme.pt\\\/index.php\\\/produto\\\/epic-arion-dildo-symphony-of-pleasure-controle-remoto-recarregavel\\\/\",\"name\":\"EPIC - ARION DILDO SYMPHONY OF PLEASURE CONTROLE REMOTO RECARREG\u00c1VEL - Lovme\",\"isPartOf\":{\"@id\":\"https:\\\/\\\/lovme.pt\\\/#website\"},\"primaryImageOfPage\":{\"@id\":\"https:\\\/\\\/lovme.pt\\\/index.php\\\/produto\\\/epic-arion-dildo-symphony-of-pleasure-controle-remoto-recarregavel\\\/#primaryimage\"},\"image\":{\"@id\":\"https:\\\/\\\/lovme.pt\\\/index.php\\\/produto\\\/epic-arion-dildo-symphony-of-pleasure-controle-remoto-recarregavel\\\/#primaryimage\"},\"thumbnailUrl\":\"https:\\\/\\\/erki24nd3ub.exactdn.com\\\/wp-content\\\/uploads\\\/dream\\\/img\\\/img_176641_fde99dc44af51f83086bede8fc137407_1.png?strip=all\",\"datePublished\":\"2025-09-30T09:39:45+00:00\",\"dateModified\":\"2026-02-19T20:01:19+00:00\",\"breadcrumb\":{\"@id\":\"https:\\\/\\\/lovme.pt\\\/index.php\\\/produto\\\/epic-arion-dildo-symphony-of-pleasure-controle-remoto-recarregavel\\\/#breadcrumb\"},\"inLanguage\":\"pt-PT\",\"potentialAction\":[{\"@type\":\"ReadAction\",\"target\":[\"https:\\\/\\\/lovme.pt\\\/index.php\\\/produto\\\/epic-arion-dildo-symphony-of-pleasure-controle-remoto-recarregavel\\\/\"]}]},{\"@type\":\"ImageObject\",\"inLanguage\":\"pt-PT\",\"@id\":\"https:\\\/\\\/lovme.pt\\\/index.php\\\/produto\\\/epic-arion-dildo-symphony-of-pleasure-controle-remoto-recarregavel\\\/#primaryimage\",\"url\":\"https:\\\/\\\/erki24nd3ub.exactdn.com\\\/wp-content\\\/uploads\\\/dream\\\/img\\\/img_176641_fde99dc44af51f83086bede8fc137407_1.png?strip=all\",\"contentUrl\":\"https:\\\/\\\/erki24nd3ub.exactdn.com\\\/wp-content\\\/uploads\\\/dream\\\/img\\\/img_176641_fde99dc44af51f83086bede8fc137407_1.png?strip=all\",\"width\":800,\"height\":800},{\"@type\":\"BreadcrumbList\",\"@id\":\"https:\\\/\\\/lovme.pt\\\/index.php\\\/produto\\\/epic-arion-dildo-symphony-of-pleasure-controle-remoto-recarregavel\\\/#breadcrumb\",\"itemListElement\":[{\"@type\":\"ListItem\",\"position\":1,\"name\":\"In\u00edcio\",\"item\":\"https:\\\/\\\/lovme.pt\\\/\"},{\"@type\":\"ListItem\",\"position\":2,\"name\":\"Loja\",\"item\":\"https:\\\/\\\/lovme.pt\\\/index.php\\\/loja\\\/\"},{\"@type\":\"ListItem\",\"position\":3,\"name\":\"EPIC &#8211; ARION DILDO SYMPHONY OF PLEASURE CONTROLE REMOTO RECARREG\u00c1VEL\"}]},{\"@type\":\"WebSite\",\"@id\":\"https:\\\/\\\/lovme.pt\\\/#website\",\"url\":\"https:\\\/\\\/lovme.pt\\\/\",\"name\":\"Lovme Loja Er\u00f3tica N\u00ba1 em Portugal\",\"description\":\"A melhor loja er\u00f3tica de Portugal.\",\"alternateName\":\"Loja Er\u00f3tica Lovme\",\"potentialAction\":[{\"@type\":\"SearchAction\",\"target\":{\"@type\":\"EntryPoint\",\"urlTemplate\":\"https:\\\/\\\/lovme.pt\\\/?s={search_term_string}\"},\"query-input\":{\"@type\":\"PropertyValueSpecification\",\"valueRequired\":true,\"valueName\":\"search_term_string\"}}],\"inLanguage\":\"pt-PT\"}]}<\/script>\n<!-- \/ Yoast SEO plugin. -->","yoast_head_json":{"title":"EPIC - ARION DILDO SYMPHONY OF PLEASURE CONTROLE REMOTO RECARREG\u00c1VEL - Lovme","robots":{"index":"index","follow":"follow","max-snippet":"max-snippet:-1","max-image-preview":"max-image-preview:large","max-video-preview":"max-video-preview:-1"},"canonical":"https:\/\/lovme.pt\/index.php\/produto\/epic-arion-dildo-symphony-of-pleasure-controle-remoto-recarregavel\/","og_locale":"pt_PT","og_type":"article","og_title":"EPIC - ARION DILDO SYMPHONY OF PLEASURE CONTROLE REMOTO RECARREG\u00c1VEL - Lovme","og_description":"EPIC - ARION DILDO SYMPHONY OF PLEASURE CONTROLE REMOTO RECARREG\u00c1VEL","og_url":"https:\/\/lovme.pt\/index.php\/produto\/epic-arion-dildo-symphony-of-pleasure-controle-remoto-recarregavel\/","og_site_name":"Lovme","article_modified_time":"2026-02-19T20:01:19+00:00","og_image":[{"width":800,"height":800,"url":"https:\/\/erki24nd3ub.exactdn.com\/wp-content\/uploads\/dream\/img\/img_176641_fde99dc44af51f83086bede8fc137407_1.png?strip=all","type":"image\/png"}],"twitter_card":"summary_large_image","twitter_misc":{"Tempo estimado de leitura":"2 minutos"},"schema":{"@context":"https:\/\/schema.org","@graph":[{"@type":"WebPage","@id":"https:\/\/lovme.pt\/index.php\/produto\/epic-arion-dildo-symphony-of-pleasure-controle-remoto-recarregavel\/","url":"https:\/\/lovme.pt\/index.php\/produto\/epic-arion-dildo-symphony-of-pleasure-controle-remoto-recarregavel\/","name":"EPIC - ARION DILDO SYMPHONY OF PLEASURE CONTROLE REMOTO RECARREG\u00c1VEL - Lovme","isPartOf":{"@id":"https:\/\/lovme.pt\/#website"},"primaryImageOfPage":{"@id":"https:\/\/lovme.pt\/index.php\/produto\/epic-arion-dildo-symphony-of-pleasure-controle-remoto-recarregavel\/#primaryimage"},"image":{"@id":"https:\/\/lovme.pt\/index.php\/produto\/epic-arion-dildo-symphony-of-pleasure-controle-remoto-recarregavel\/#primaryimage"},"thumbnailUrl":"https:\/\/erki24nd3ub.exactdn.com\/wp-content\/uploads\/dream\/img\/img_176641_fde99dc44af51f83086bede8fc137407_1.png?strip=all","datePublished":"2025-09-30T09:39:45+00:00","dateModified":"2026-02-19T20:01:19+00:00","breadcrumb":{"@id":"https:\/\/lovme.pt\/index.php\/produto\/epic-arion-dildo-symphony-of-pleasure-controle-remoto-recarregavel\/#breadcrumb"},"inLanguage":"pt-PT","potentialAction":[{"@type":"ReadAction","target":["https:\/\/lovme.pt\/index.php\/produto\/epic-arion-dildo-symphony-of-pleasure-controle-remoto-recarregavel\/"]}]},{"@type":"ImageObject","inLanguage":"pt-PT","@id":"https:\/\/lovme.pt\/index.php\/produto\/epic-arion-dildo-symphony-of-pleasure-controle-remoto-recarregavel\/#primaryimage","url":"https:\/\/erki24nd3ub.exactdn.com\/wp-content\/uploads\/dream\/img\/img_176641_fde99dc44af51f83086bede8fc137407_1.png?strip=all","contentUrl":"https:\/\/erki24nd3ub.exactdn.com\/wp-content\/uploads\/dream\/img\/img_176641_fde99dc44af51f83086bede8fc137407_1.png?strip=all","width":800,"height":800},{"@type":"BreadcrumbList","@id":"https:\/\/lovme.pt\/index.php\/produto\/epic-arion-dildo-symphony-of-pleasure-controle-remoto-recarregavel\/#breadcrumb","itemListElement":[{"@type":"ListItem","position":1,"name":"In\u00edcio","item":"https:\/\/lovme.pt\/"},{"@type":"ListItem","position":2,"name":"Loja","item":"https:\/\/lovme.pt\/index.php\/loja\/"},{"@type":"ListItem","position":3,"name":"EPIC &#8211; ARION DILDO SYMPHONY OF PLEASURE CONTROLE REMOTO RECARREG\u00c1VEL"}]},{"@type":"WebSite","@id":"https:\/\/lovme.pt\/#website","url":"https:\/\/lovme.pt\/","name":"Lovme Loja Er\u00f3tica N\u00ba1 em Portugal","description":"A melhor loja er\u00f3tica de Portugal.","alternateName":"Loja Er\u00f3tica Lovme","potentialAction":[{"@type":"SearchAction","target":{"@type":"EntryPoint","urlTemplate":"https:\/\/lovme.pt\/?s={search_term_string}"},"query-input":{"@type":"PropertyValueSpecification","valueRequired":true,"valueName":"search_term_string"}}],"inLanguage":"pt-PT"}]}},"_links":{"self":[{"href":"https:\/\/lovme.pt\/index.php\/wp-json\/wp\/v2\/product\/48189","targetHints":{"allow":["GET"]}}],"collection":[{"href":"https:\/\/lovme.pt\/index.php\/wp-json\/wp\/v2\/product"}],"about":[{"href":"https:\/\/lovme.pt\/index.php\/wp-json\/wp\/v2\/types\/product"}],"wp:featuredmedia":[{"embeddable":true,"href":"https:\/\/lovme.pt\/index.php\/wp-json\/wp\/v2\/media\/55458"}],"wp:attachment":[{"href":"https:\/\/lovme.pt\/index.php\/wp-json\/wp\/v2\/media?parent=48189"}],"wp:term":[{"taxonomy":"product_brand","embeddable":true,"href":"https:\/\/lovme.pt\/index.php\/wp-json\/wp\/v2\/product_brand?post=48189"},{"taxonomy":"product_cat","embeddable":true,"href":"https:\/\/lovme.pt\/index.php\/wp-json\/wp\/v2\/product_cat?post=48189"},{"taxonomy":"product_tag","embeddable":true,"href":"https:\/\/lovme.pt\/index.php\/wp-json\/wp\/v2\/product_tag?post=48189"}],"curies":[{"name":"wp","href":"https:\/\/api.w.org\/{rel}","templated":true}]}}