{"id":48158,"date":"2025-09-30T09:47:47","date_gmt":"2025-09-30T09:47:47","guid":{"rendered":"https:\/\/lovme.pt\/?post_type=product&p=48158"},"modified":"2026-02-19T20:05:20","modified_gmt":"2026-02-19T20:05:20","slug":"secret-play-jogo-2-dados-preliminares-fanticos","status":"publish","type":"product","link":"https:\/\/lovme.pt\/index.php\/produto\/secret-play-jogo-2-dados-preliminares-fanticos\/","title":{"rendered":"SECRET PLAY &#8211; JOGO 2 DADOS PRELIMINARES FANTICOS"},"content":{"rendered":"<p>Qu\u00e3o importantes s\u00e3o os jogos sexuais para voc\u00ea?<br \/>Muito para n\u00f3s, e n\u00e3o podemos conceber sexo sem jogos sexuais.<br \/>Neste divertido jogo de dados, voc\u00ea e seu parceiro t\u00eam a oportunidade perfeita para come\u00e7ar nos jogos, se ainda n\u00e3o o fizeram, pode ser um bom come\u00e7o.<br \/>Mas se voc\u00ea j\u00e1 \u00e9 especialista nesta \u00e1rea, este jogo de dados tamb\u00e9m \u00e9 para voc\u00ea, e muitas vezes com pressa ou por monotonia, sem perceber n\u00e3o damos import\u00e2ncia ao qu\u00e3o importante \u00e9 jogar com seu parceiro e ativar o fa\u00edsca para n\u00e3o cair na rotina.<\/p>\n<p><u><strong>Este jogo inclui 2 dados:<\/strong><\/u><\/p>\n<ul>\n<li>1 dado de 20 mm com seis posi\u00e7\u00f5es diferentes (matriz adequada para qualquer orienta\u00e7\u00e3o sexual)<\/li>\n<li>1 dado de 20 mm com seis op\u00e7\u00f5es diferentes (striptease, masturba\u00e7\u00e3o, sexo oral, beijo franc\u00eas, conversa suja e massagem)<\/li>\n<li>Qual combina\u00e7\u00e3o sair\u00e1? Aproveite a chance dos dados.<\/li>\n<\/ul>\n","protected":false},"excerpt":{"rendered":"<p>SECRET PLAY &#8211; JOGO 2 DADOS PRELIMINARES FANTICOS<\/p>\n","protected":false},"featured_media":57171,"template":"","meta":{"_acf_changed":false},"product_brand":[],"product_cat":[69],"product_tag":[],"class_list":{"0":"post-48158","1":"product","2":"type-product","3":"status-publish","4":"has-post-thumbnail","6":"product_cat-jogos-eroticos","7":"yith_product_brand-secretplay","8":"yith_product_brand-secretplaysecretplay-100-games","10":"first","11":"instock","12":"taxable","13":"shipping-taxable","14":"purchasable","15":"product-type-simple"},"acf":[],"yoast_head":"<!-- This site is optimized with the Yoast SEO plugin v27.4 - https:\/\/yoast.com\/product\/yoast-seo-wordpress\/ -->\n<title>SECRET PLAY - JOGO 2 DADOS PRELIMINARES FANTICOS - Lovme<\/title>\n<meta name=\"robots\" content=\"index, follow, max-snippet:-1, max-image-preview:large, max-video-preview:-1\" \/>\n<link rel=\"canonical\" href=\"https:\/\/lovme.pt\/index.php\/produto\/secret-play-jogo-2-dados-preliminares-fanticos\/\" \/>\n<meta property=\"og:locale\" content=\"pt_PT\" \/>\n<meta property=\"og:type\" content=\"article\" \/>\n<meta property=\"og:title\" content=\"SECRET PLAY - JOGO 2 DADOS PRELIMINARES FANTICOS - Lovme\" \/>\n<meta property=\"og:description\" content=\"SECRET PLAY - JOGO 2 DADOS PRELIMINARES FANTICOS\" \/>\n<meta property=\"og:url\" content=\"https:\/\/lovme.pt\/index.php\/produto\/secret-play-jogo-2-dados-preliminares-fanticos\/\" \/>\n<meta property=\"og:site_name\" content=\"Lovme\" \/>\n<meta property=\"article:modified_time\" content=\"2026-02-19T20:05:20+00:00\" \/>\n<meta property=\"og:image\" content=\"https:\/\/erki24nd3ub.exactdn.com\/wp-content\/uploads\/dream\/img\/img_176929_6ba52a082fd4c7c1441470534e7a3ee1_1.jpg?strip=all\" \/>\n\t<meta property=\"og:image:width\" content=\"800\" \/>\n\t<meta property=\"og:image:height\" content=\"800\" \/>\n\t<meta property=\"og:image:type\" content=\"image\/jpeg\" \/>\n<meta name=\"twitter:card\" content=\"summary_large_image\" \/>\n<meta name=\"twitter:label1\" content=\"Tempo estimado de leitura\" \/>\n\t<meta name=\"twitter:data1\" content=\"1 minuto\" \/>\n<script type=\"application\/ld+json\" class=\"yoast-schema-graph\">{\"@context\":\"https:\\\/\\\/schema.org\",\"@graph\":[{\"@type\":\"WebPage\",\"@id\":\"https:\\\/\\\/lovme.pt\\\/index.php\\\/produto\\\/secret-play-jogo-2-dados-preliminares-fanticos\\\/\",\"url\":\"https:\\\/\\\/lovme.pt\\\/index.php\\\/produto\\\/secret-play-jogo-2-dados-preliminares-fanticos\\\/\",\"name\":\"SECRET PLAY - JOGO 2 DADOS PRELIMINARES FANTICOS - Lovme\",\"isPartOf\":{\"@id\":\"https:\\\/\\\/lovme.pt\\\/#website\"},\"primaryImageOfPage\":{\"@id\":\"https:\\\/\\\/lovme.pt\\\/index.php\\\/produto\\\/secret-play-jogo-2-dados-preliminares-fanticos\\\/#primaryimage\"},\"image\":{\"@id\":\"https:\\\/\\\/lovme.pt\\\/index.php\\\/produto\\\/secret-play-jogo-2-dados-preliminares-fanticos\\\/#primaryimage\"},\"thumbnailUrl\":\"https:\\\/\\\/erki24nd3ub.exactdn.com\\\/wp-content\\\/uploads\\\/dream\\\/img\\\/img_176929_6ba52a082fd4c7c1441470534e7a3ee1_1.jpg?strip=all\",\"datePublished\":\"2025-09-30T09:47:47+00:00\",\"dateModified\":\"2026-02-19T20:05:20+00:00\",\"breadcrumb\":{\"@id\":\"https:\\\/\\\/lovme.pt\\\/index.php\\\/produto\\\/secret-play-jogo-2-dados-preliminares-fanticos\\\/#breadcrumb\"},\"inLanguage\":\"pt-PT\",\"potentialAction\":[{\"@type\":\"ReadAction\",\"target\":[\"https:\\\/\\\/lovme.pt\\\/index.php\\\/produto\\\/secret-play-jogo-2-dados-preliminares-fanticos\\\/\"]}]},{\"@type\":\"ImageObject\",\"inLanguage\":\"pt-PT\",\"@id\":\"https:\\\/\\\/lovme.pt\\\/index.php\\\/produto\\\/secret-play-jogo-2-dados-preliminares-fanticos\\\/#primaryimage\",\"url\":\"https:\\\/\\\/erki24nd3ub.exactdn.com\\\/wp-content\\\/uploads\\\/dream\\\/img\\\/img_176929_6ba52a082fd4c7c1441470534e7a3ee1_1.jpg?strip=all\",\"contentUrl\":\"https:\\\/\\\/erki24nd3ub.exactdn.com\\\/wp-content\\\/uploads\\\/dream\\\/img\\\/img_176929_6ba52a082fd4c7c1441470534e7a3ee1_1.jpg?strip=all\",\"width\":800,\"height\":800},{\"@type\":\"BreadcrumbList\",\"@id\":\"https:\\\/\\\/lovme.pt\\\/index.php\\\/produto\\\/secret-play-jogo-2-dados-preliminares-fanticos\\\/#breadcrumb\",\"itemListElement\":[{\"@type\":\"ListItem\",\"position\":1,\"name\":\"In\u00edcio\",\"item\":\"https:\\\/\\\/lovme.pt\\\/\"},{\"@type\":\"ListItem\",\"position\":2,\"name\":\"Loja\",\"item\":\"https:\\\/\\\/lovme.pt\\\/index.php\\\/loja\\\/\"},{\"@type\":\"ListItem\",\"position\":3,\"name\":\"SECRET PLAY &#8211; JOGO 2 DADOS PRELIMINARES FANTICOS\"}]},{\"@type\":\"WebSite\",\"@id\":\"https:\\\/\\\/lovme.pt\\\/#website\",\"url\":\"https:\\\/\\\/lovme.pt\\\/\",\"name\":\"Lovme Loja Er\u00f3tica N\u00ba1 em Portugal\",\"description\":\"A melhor loja er\u00f3tica de Portugal.\",\"alternateName\":\"Loja Er\u00f3tica Lovme\",\"potentialAction\":[{\"@type\":\"SearchAction\",\"target\":{\"@type\":\"EntryPoint\",\"urlTemplate\":\"https:\\\/\\\/lovme.pt\\\/?s={search_term_string}\"},\"query-input\":{\"@type\":\"PropertyValueSpecification\",\"valueRequired\":true,\"valueName\":\"search_term_string\"}}],\"inLanguage\":\"pt-PT\"}]}<\/script>\n<!-- \/ Yoast SEO plugin. -->","yoast_head_json":{"title":"SECRET PLAY - JOGO 2 DADOS PRELIMINARES FANTICOS - Lovme","robots":{"index":"index","follow":"follow","max-snippet":"max-snippet:-1","max-image-preview":"max-image-preview:large","max-video-preview":"max-video-preview:-1"},"canonical":"https:\/\/lovme.pt\/index.php\/produto\/secret-play-jogo-2-dados-preliminares-fanticos\/","og_locale":"pt_PT","og_type":"article","og_title":"SECRET PLAY - JOGO 2 DADOS PRELIMINARES FANTICOS - Lovme","og_description":"SECRET PLAY - JOGO 2 DADOS PRELIMINARES FANTICOS","og_url":"https:\/\/lovme.pt\/index.php\/produto\/secret-play-jogo-2-dados-preliminares-fanticos\/","og_site_name":"Lovme","article_modified_time":"2026-02-19T20:05:20+00:00","og_image":[{"width":800,"height":800,"url":"https:\/\/erki24nd3ub.exactdn.com\/wp-content\/uploads\/dream\/img\/img_176929_6ba52a082fd4c7c1441470534e7a3ee1_1.jpg?strip=all","type":"image\/jpeg"}],"twitter_card":"summary_large_image","twitter_misc":{"Tempo estimado de leitura":"1 minuto"},"schema":{"@context":"https:\/\/schema.org","@graph":[{"@type":"WebPage","@id":"https:\/\/lovme.pt\/index.php\/produto\/secret-play-jogo-2-dados-preliminares-fanticos\/","url":"https:\/\/lovme.pt\/index.php\/produto\/secret-play-jogo-2-dados-preliminares-fanticos\/","name":"SECRET PLAY - JOGO 2 DADOS PRELIMINARES FANTICOS - Lovme","isPartOf":{"@id":"https:\/\/lovme.pt\/#website"},"primaryImageOfPage":{"@id":"https:\/\/lovme.pt\/index.php\/produto\/secret-play-jogo-2-dados-preliminares-fanticos\/#primaryimage"},"image":{"@id":"https:\/\/lovme.pt\/index.php\/produto\/secret-play-jogo-2-dados-preliminares-fanticos\/#primaryimage"},"thumbnailUrl":"https:\/\/erki24nd3ub.exactdn.com\/wp-content\/uploads\/dream\/img\/img_176929_6ba52a082fd4c7c1441470534e7a3ee1_1.jpg?strip=all","datePublished":"2025-09-30T09:47:47+00:00","dateModified":"2026-02-19T20:05:20+00:00","breadcrumb":{"@id":"https:\/\/lovme.pt\/index.php\/produto\/secret-play-jogo-2-dados-preliminares-fanticos\/#breadcrumb"},"inLanguage":"pt-PT","potentialAction":[{"@type":"ReadAction","target":["https:\/\/lovme.pt\/index.php\/produto\/secret-play-jogo-2-dados-preliminares-fanticos\/"]}]},{"@type":"ImageObject","inLanguage":"pt-PT","@id":"https:\/\/lovme.pt\/index.php\/produto\/secret-play-jogo-2-dados-preliminares-fanticos\/#primaryimage","url":"https:\/\/erki24nd3ub.exactdn.com\/wp-content\/uploads\/dream\/img\/img_176929_6ba52a082fd4c7c1441470534e7a3ee1_1.jpg?strip=all","contentUrl":"https:\/\/erki24nd3ub.exactdn.com\/wp-content\/uploads\/dream\/img\/img_176929_6ba52a082fd4c7c1441470534e7a3ee1_1.jpg?strip=all","width":800,"height":800},{"@type":"BreadcrumbList","@id":"https:\/\/lovme.pt\/index.php\/produto\/secret-play-jogo-2-dados-preliminares-fanticos\/#breadcrumb","itemListElement":[{"@type":"ListItem","position":1,"name":"In\u00edcio","item":"https:\/\/lovme.pt\/"},{"@type":"ListItem","position":2,"name":"Loja","item":"https:\/\/lovme.pt\/index.php\/loja\/"},{"@type":"ListItem","position":3,"name":"SECRET PLAY &#8211; JOGO 2 DADOS PRELIMINARES FANTICOS"}]},{"@type":"WebSite","@id":"https:\/\/lovme.pt\/#website","url":"https:\/\/lovme.pt\/","name":"Lovme Loja Er\u00f3tica N\u00ba1 em Portugal","description":"A melhor loja er\u00f3tica de Portugal.","alternateName":"Loja Er\u00f3tica Lovme","potentialAction":[{"@type":"SearchAction","target":{"@type":"EntryPoint","urlTemplate":"https:\/\/lovme.pt\/?s={search_term_string}"},"query-input":{"@type":"PropertyValueSpecification","valueRequired":true,"valueName":"search_term_string"}}],"inLanguage":"pt-PT"}]}},"_links":{"self":[{"href":"https:\/\/lovme.pt\/index.php\/wp-json\/wp\/v2\/product\/48158","targetHints":{"allow":["GET"]}}],"collection":[{"href":"https:\/\/lovme.pt\/index.php\/wp-json\/wp\/v2\/product"}],"about":[{"href":"https:\/\/lovme.pt\/index.php\/wp-json\/wp\/v2\/types\/product"}],"wp:featuredmedia":[{"embeddable":true,"href":"https:\/\/lovme.pt\/index.php\/wp-json\/wp\/v2\/media\/57171"}],"wp:attachment":[{"href":"https:\/\/lovme.pt\/index.php\/wp-json\/wp\/v2\/media?parent=48158"}],"wp:term":[{"taxonomy":"product_brand","embeddable":true,"href":"https:\/\/lovme.pt\/index.php\/wp-json\/wp\/v2\/product_brand?post=48158"},{"taxonomy":"product_cat","embeddable":true,"href":"https:\/\/lovme.pt\/index.php\/wp-json\/wp\/v2\/product_cat?post=48158"},{"taxonomy":"product_tag","embeddable":true,"href":"https:\/\/lovme.pt\/index.php\/wp-json\/wp\/v2\/product_tag?post=48158"}],"curies":[{"name":"wp","href":"https:\/\/api.w.org\/{rel}","templated":true}]}}