{"id":48144,"date":"2025-09-30T22:22:50","date_gmt":"2025-09-30T22:22:50","guid":{"rendered":"https:\/\/lovme.pt\/?post_type=product&p=48144"},"modified":"2026-02-19T20:11:28","modified_gmt":"2026-02-19T20:11:28","slug":"secret-play-blsamo-clit-pwr-mango-clitoris","status":"publish","type":"product","link":"https:\/\/lovme.pt\/index.php\/produto\/secret-play-blsamo-clit-pwr-mango-clitoris\/","title":{"rendered":"SECRET PLAY &#8211; BLSAMO CLIT PWR MANGO CLITORIS"},"content":{"rendered":"<p>O que \u00e9 um b\u00e1lsamo concebido apenas para n\u00f3s e para o nosso prazer?<br \/> Prepare-se porque veio para ficar e proporcionar-lhe uma experi\u00eancia definitiva de prazer.<\/p>\n<p> Clit Pwr \u00e9 um b\u00e1lsamo estimulante para o clit\u00f3ris que proporciona uma intensa sensa\u00e7\u00e3o de vibra\u00e7\u00e3o e calor, provocando maior sensibilidade e orgasmos mais potentes.<br \/> Voc\u00ea pode ter experimentado g\u00e9is unissex, mas este gel foi desenvolvido especialmente para o seu clit\u00f3ris e vai fazer voc\u00ea sentir Que voc\u00ea ter\u00e1 uma experi\u00eancia inesquec\u00edvel levando-o ao cl\u00edmax, fazendo com que voc\u00ea desfrute de uma sensa\u00e7\u00e3o muito agrad\u00e1vel gra\u00e7as \u00e0 r\u00e1pida absor\u00e7\u00e3o deste gel que far\u00e1 voc\u00ea se sente mais confort\u00e1vel. Notar\u00e1 imediatamente o seu efeito de aquecimento, juntamente com uma vibra\u00e7\u00e3o muito agrad\u00e1vel.<br \/> Pode ser aplicado tanto no clit\u00f3ris como nos l\u00e1bios internos da vulva, e aplicando apenas 1 ou 2 gotas, este gel, com seus princ\u00edpios ativos naturais, aumenta o fluxo sangu\u00edneo de uma forma que produz maior sensibilidade e, portanto, maior excita\u00e7\u00e3o. .<\/p>\n<p> <u><strong>Como usar:<\/strong><\/u><\/p>\n<ul>\n<li> Aplicar uma pequena quantidade no clit\u00f3ris com uma massagem suave. Deixe agir por alguns minutos.<\/li>\n<li> Embalagem com sistema &#8220;Airless&#8221;.<\/li>\n<li> Capacidade: 15ml<\/li>\n<li> manga<\/li>\n<\/ul>\n","protected":false},"excerpt":{"rendered":"<p>SECRET PLAY &#8211; BLSAMO CLIT PWR MANGO CLITORIS<\/p>\n","protected":false},"featured_media":77295,"template":"","meta":{"_acf_changed":false},"product_brand":[],"product_cat":[49,52],"product_tag":[],"class_list":{"0":"post-48144","1":"product","2":"type-product","3":"status-publish","4":"has-post-thumbnail","6":"product_cat-cosmeticos","7":"product_cat-estimulantes","8":"yith_product_brand-secretplay","9":"yith_product_brand-secretplaysecretplay-cosmetic","11":"first","12":"instock","13":"taxable","14":"shipping-taxable","15":"purchasable","16":"product-type-simple"},"acf":[],"yoast_head":"<!-- This site is optimized with the Yoast SEO plugin v27.4 - https:\/\/yoast.com\/product\/yoast-seo-wordpress\/ -->\n<title>SECRET PLAY - BLSAMO CLIT PWR MANGO CLITORIS - Lovme<\/title>\n<meta name=\"robots\" content=\"index, follow, max-snippet:-1, max-image-preview:large, max-video-preview:-1\" \/>\n<link rel=\"canonical\" href=\"https:\/\/lovme.pt\/index.php\/produto\/secret-play-blsamo-clit-pwr-mango-clitoris\/\" \/>\n<meta property=\"og:locale\" content=\"pt_PT\" \/>\n<meta property=\"og:type\" content=\"article\" \/>\n<meta property=\"og:title\" content=\"SECRET PLAY - BLSAMO CLIT PWR MANGO CLITORIS - Lovme\" \/>\n<meta property=\"og:description\" content=\"SECRET PLAY - BLSAMO CLIT PWR MANGO CLITORIS\" \/>\n<meta property=\"og:url\" content=\"https:\/\/lovme.pt\/index.php\/produto\/secret-play-blsamo-clit-pwr-mango-clitoris\/\" \/>\n<meta property=\"og:site_name\" content=\"Lovme\" \/>\n<meta property=\"article:modified_time\" content=\"2026-02-19T20:11:28+00:00\" \/>\n<meta property=\"og:image\" content=\"https:\/\/erki24nd3ub.exactdn.com\/wp-content\/uploads\/dream\/img\/img_176419_29204f5127b5febbdbc2fe6a9664bbf9_1.jpg?strip=all\" \/>\n\t<meta property=\"og:image:width\" content=\"800\" \/>\n\t<meta property=\"og:image:height\" content=\"800\" \/>\n\t<meta property=\"og:image:type\" content=\"image\/jpeg\" \/>\n<meta name=\"twitter:card\" content=\"summary_large_image\" \/>\n<meta name=\"twitter:label1\" content=\"Tempo estimado de leitura\" \/>\n\t<meta name=\"twitter:data1\" content=\"1 minuto\" \/>\n<script type=\"application\/ld+json\" class=\"yoast-schema-graph\">{\"@context\":\"https:\\\/\\\/schema.org\",\"@graph\":[{\"@type\":\"WebPage\",\"@id\":\"https:\\\/\\\/lovme.pt\\\/index.php\\\/produto\\\/secret-play-blsamo-clit-pwr-mango-clitoris\\\/\",\"url\":\"https:\\\/\\\/lovme.pt\\\/index.php\\\/produto\\\/secret-play-blsamo-clit-pwr-mango-clitoris\\\/\",\"name\":\"SECRET PLAY - BLSAMO CLIT PWR MANGO CLITORIS - Lovme\",\"isPartOf\":{\"@id\":\"https:\\\/\\\/lovme.pt\\\/#website\"},\"primaryImageOfPage\":{\"@id\":\"https:\\\/\\\/lovme.pt\\\/index.php\\\/produto\\\/secret-play-blsamo-clit-pwr-mango-clitoris\\\/#primaryimage\"},\"image\":{\"@id\":\"https:\\\/\\\/lovme.pt\\\/index.php\\\/produto\\\/secret-play-blsamo-clit-pwr-mango-clitoris\\\/#primaryimage\"},\"thumbnailUrl\":\"https:\\\/\\\/erki24nd3ub.exactdn.com\\\/wp-content\\\/uploads\\\/dream\\\/img\\\/img_176419_29204f5127b5febbdbc2fe6a9664bbf9_1.jpg?strip=all\",\"datePublished\":\"2025-09-30T22:22:50+00:00\",\"dateModified\":\"2026-02-19T20:11:28+00:00\",\"breadcrumb\":{\"@id\":\"https:\\\/\\\/lovme.pt\\\/index.php\\\/produto\\\/secret-play-blsamo-clit-pwr-mango-clitoris\\\/#breadcrumb\"},\"inLanguage\":\"pt-PT\",\"potentialAction\":[{\"@type\":\"ReadAction\",\"target\":[\"https:\\\/\\\/lovme.pt\\\/index.php\\\/produto\\\/secret-play-blsamo-clit-pwr-mango-clitoris\\\/\"]}]},{\"@type\":\"ImageObject\",\"inLanguage\":\"pt-PT\",\"@id\":\"https:\\\/\\\/lovme.pt\\\/index.php\\\/produto\\\/secret-play-blsamo-clit-pwr-mango-clitoris\\\/#primaryimage\",\"url\":\"https:\\\/\\\/erki24nd3ub.exactdn.com\\\/wp-content\\\/uploads\\\/dream\\\/img\\\/img_176419_29204f5127b5febbdbc2fe6a9664bbf9_1.jpg?strip=all\",\"contentUrl\":\"https:\\\/\\\/erki24nd3ub.exactdn.com\\\/wp-content\\\/uploads\\\/dream\\\/img\\\/img_176419_29204f5127b5febbdbc2fe6a9664bbf9_1.jpg?strip=all\",\"width\":800,\"height\":800},{\"@type\":\"BreadcrumbList\",\"@id\":\"https:\\\/\\\/lovme.pt\\\/index.php\\\/produto\\\/secret-play-blsamo-clit-pwr-mango-clitoris\\\/#breadcrumb\",\"itemListElement\":[{\"@type\":\"ListItem\",\"position\":1,\"name\":\"In\u00edcio\",\"item\":\"https:\\\/\\\/lovme.pt\\\/\"},{\"@type\":\"ListItem\",\"position\":2,\"name\":\"Loja\",\"item\":\"https:\\\/\\\/lovme.pt\\\/index.php\\\/loja\\\/\"},{\"@type\":\"ListItem\",\"position\":3,\"name\":\"SECRET PLAY &#8211; BLSAMO CLIT PWR MANGO CLITORIS\"}]},{\"@type\":\"WebSite\",\"@id\":\"https:\\\/\\\/lovme.pt\\\/#website\",\"url\":\"https:\\\/\\\/lovme.pt\\\/\",\"name\":\"Lovme Loja Er\u00f3tica N\u00ba1 em Portugal\",\"description\":\"A melhor loja er\u00f3tica de Portugal.\",\"alternateName\":\"Loja Er\u00f3tica Lovme\",\"potentialAction\":[{\"@type\":\"SearchAction\",\"target\":{\"@type\":\"EntryPoint\",\"urlTemplate\":\"https:\\\/\\\/lovme.pt\\\/?s={search_term_string}\"},\"query-input\":{\"@type\":\"PropertyValueSpecification\",\"valueRequired\":true,\"valueName\":\"search_term_string\"}}],\"inLanguage\":\"pt-PT\"}]}<\/script>\n<!-- \/ Yoast SEO plugin. -->","yoast_head_json":{"title":"SECRET PLAY - BLSAMO CLIT PWR MANGO CLITORIS - Lovme","robots":{"index":"index","follow":"follow","max-snippet":"max-snippet:-1","max-image-preview":"max-image-preview:large","max-video-preview":"max-video-preview:-1"},"canonical":"https:\/\/lovme.pt\/index.php\/produto\/secret-play-blsamo-clit-pwr-mango-clitoris\/","og_locale":"pt_PT","og_type":"article","og_title":"SECRET PLAY - BLSAMO CLIT PWR MANGO CLITORIS - Lovme","og_description":"SECRET PLAY - BLSAMO CLIT PWR MANGO CLITORIS","og_url":"https:\/\/lovme.pt\/index.php\/produto\/secret-play-blsamo-clit-pwr-mango-clitoris\/","og_site_name":"Lovme","article_modified_time":"2026-02-19T20:11:28+00:00","og_image":[{"width":800,"height":800,"url":"https:\/\/erki24nd3ub.exactdn.com\/wp-content\/uploads\/dream\/img\/img_176419_29204f5127b5febbdbc2fe6a9664bbf9_1.jpg?strip=all","type":"image\/jpeg"}],"twitter_card":"summary_large_image","twitter_misc":{"Tempo estimado de leitura":"1 minuto"},"schema":{"@context":"https:\/\/schema.org","@graph":[{"@type":"WebPage","@id":"https:\/\/lovme.pt\/index.php\/produto\/secret-play-blsamo-clit-pwr-mango-clitoris\/","url":"https:\/\/lovme.pt\/index.php\/produto\/secret-play-blsamo-clit-pwr-mango-clitoris\/","name":"SECRET PLAY - BLSAMO CLIT PWR MANGO CLITORIS - Lovme","isPartOf":{"@id":"https:\/\/lovme.pt\/#website"},"primaryImageOfPage":{"@id":"https:\/\/lovme.pt\/index.php\/produto\/secret-play-blsamo-clit-pwr-mango-clitoris\/#primaryimage"},"image":{"@id":"https:\/\/lovme.pt\/index.php\/produto\/secret-play-blsamo-clit-pwr-mango-clitoris\/#primaryimage"},"thumbnailUrl":"https:\/\/erki24nd3ub.exactdn.com\/wp-content\/uploads\/dream\/img\/img_176419_29204f5127b5febbdbc2fe6a9664bbf9_1.jpg?strip=all","datePublished":"2025-09-30T22:22:50+00:00","dateModified":"2026-02-19T20:11:28+00:00","breadcrumb":{"@id":"https:\/\/lovme.pt\/index.php\/produto\/secret-play-blsamo-clit-pwr-mango-clitoris\/#breadcrumb"},"inLanguage":"pt-PT","potentialAction":[{"@type":"ReadAction","target":["https:\/\/lovme.pt\/index.php\/produto\/secret-play-blsamo-clit-pwr-mango-clitoris\/"]}]},{"@type":"ImageObject","inLanguage":"pt-PT","@id":"https:\/\/lovme.pt\/index.php\/produto\/secret-play-blsamo-clit-pwr-mango-clitoris\/#primaryimage","url":"https:\/\/erki24nd3ub.exactdn.com\/wp-content\/uploads\/dream\/img\/img_176419_29204f5127b5febbdbc2fe6a9664bbf9_1.jpg?strip=all","contentUrl":"https:\/\/erki24nd3ub.exactdn.com\/wp-content\/uploads\/dream\/img\/img_176419_29204f5127b5febbdbc2fe6a9664bbf9_1.jpg?strip=all","width":800,"height":800},{"@type":"BreadcrumbList","@id":"https:\/\/lovme.pt\/index.php\/produto\/secret-play-blsamo-clit-pwr-mango-clitoris\/#breadcrumb","itemListElement":[{"@type":"ListItem","position":1,"name":"In\u00edcio","item":"https:\/\/lovme.pt\/"},{"@type":"ListItem","position":2,"name":"Loja","item":"https:\/\/lovme.pt\/index.php\/loja\/"},{"@type":"ListItem","position":3,"name":"SECRET PLAY &#8211; BLSAMO CLIT PWR MANGO CLITORIS"}]},{"@type":"WebSite","@id":"https:\/\/lovme.pt\/#website","url":"https:\/\/lovme.pt\/","name":"Lovme Loja Er\u00f3tica N\u00ba1 em Portugal","description":"A melhor loja er\u00f3tica de Portugal.","alternateName":"Loja Er\u00f3tica Lovme","potentialAction":[{"@type":"SearchAction","target":{"@type":"EntryPoint","urlTemplate":"https:\/\/lovme.pt\/?s={search_term_string}"},"query-input":{"@type":"PropertyValueSpecification","valueRequired":true,"valueName":"search_term_string"}}],"inLanguage":"pt-PT"}]}},"_links":{"self":[{"href":"https:\/\/lovme.pt\/index.php\/wp-json\/wp\/v2\/product\/48144","targetHints":{"allow":["GET"]}}],"collection":[{"href":"https:\/\/lovme.pt\/index.php\/wp-json\/wp\/v2\/product"}],"about":[{"href":"https:\/\/lovme.pt\/index.php\/wp-json\/wp\/v2\/types\/product"}],"wp:featuredmedia":[{"embeddable":true,"href":"https:\/\/lovme.pt\/index.php\/wp-json\/wp\/v2\/media\/77295"}],"wp:attachment":[{"href":"https:\/\/lovme.pt\/index.php\/wp-json\/wp\/v2\/media?parent=48144"}],"wp:term":[{"taxonomy":"product_brand","embeddable":true,"href":"https:\/\/lovme.pt\/index.php\/wp-json\/wp\/v2\/product_brand?post=48144"},{"taxonomy":"product_cat","embeddable":true,"href":"https:\/\/lovme.pt\/index.php\/wp-json\/wp\/v2\/product_cat?post=48144"},{"taxonomy":"product_tag","embeddable":true,"href":"https:\/\/lovme.pt\/index.php\/wp-json\/wp\/v2\/product_tag?post=48144"}],"curies":[{"name":"wp","href":"https:\/\/api.w.org\/{rel}","templated":true}]}}