{"id":48104,"date":"2025-09-30T09:41:29","date_gmt":"2025-09-30T09:41:29","guid":{"rendered":"https:\/\/lovme.pt\/?post_type=product&p=48104"},"modified":"2026-02-19T20:01:41","modified_gmt":"2026-02-19T20:01:41","slug":"eros-xxl-light-love-a-base-de-agua-150-ml","status":"publish","type":"product","link":"https:\/\/lovme.pt\/index.php\/produto\/eros-xxl-light-love-a-base-de-agua-150-ml\/","title":{"rendered":"EROS &#8211; XXL LIGHT LOVE \u00c0 BASE DE \u00c1GUA 150 ML"},"content":{"rendered":"<p>A Experi\u00eancia <strong>Eros<\/strong> \u00e9 algo simplesmente perfeito. A fabrica\u00e7\u00e3o alem\u00e3 com anos de experi\u00eancia alcan\u00e7a resultados de alt\u00edssimo n\u00edvel.<\/p>\n<p> Deslize facilmente, ame intensamente. As mat\u00e9rias-primas inovadoras conferem \u00e0 f\u00f3rmula propriedades deslizantes sem precedentes.<\/p>\n<p> <u><strong>APLICA\u00c7\u00c3O<\/strong><\/u> : Aplique o produto na parte do corpo ou brinquedo desejado e deixe come\u00e7ar<br \/> a divers\u00e3o.<\/p>\n<p> <u><strong>ATEN\u00c7\u00c3O:<\/strong><\/u> N\u00e3o \u00e9 adequado para consumo. N\u00e3o \u00e9 um contraceptivo. Se voc\u00ea precisar de conselhos<br \/> Para orienta\u00e7\u00e3o m\u00e9dica, tenha o recipiente ou o r\u00f3tulo \u00e0 m\u00e3o. Mantenha o produto fora do alcance das crian\u00e7as. N\u00e3o \u00e9 adequado para uso m\u00e9dico.<\/p>\n<\/p>\n<p> <strong><u>INGREDIENTES:<\/u><\/strong> \u00c1gua, glicerina, hidroxietilcelulose, fenoxietanol, etilhexilglicerina, PEG-90M, s\u00edlica, c\u00e1lcio como sais mistos<\/p>\n","protected":false},"excerpt":{"rendered":"<p>EROS &#8211; XXL LIGHT LOVE \u00c0 BASE DE \u00c1GUA 150 ML<\/p>\n","protected":false},"featured_media":55821,"template":"","meta":{"_acf_changed":false},"product_brand":[],"product_cat":[49,53],"product_tag":[],"class_list":{"0":"post-48104","1":"product","2":"type-product","3":"status-publish","4":"has-post-thumbnail","6":"product_cat-cosmeticos","7":"product_cat-lubrificantes-intimos","8":"yith_product_brand-eros","9":"yith_product_brand-eroseros-classic-line","11":"first","12":"instock","13":"taxable","14":"shipping-taxable","15":"purchasable","16":"product-type-simple"},"acf":[],"yoast_head":"<!-- This site is optimized with the Yoast SEO plugin v27.4 - https:\/\/yoast.com\/product\/yoast-seo-wordpress\/ -->\n<title>EROS - XXL LIGHT LOVE \u00c0 BASE DE \u00c1GUA 150 ML - Lovme<\/title>\n<meta name=\"robots\" content=\"index, follow, max-snippet:-1, max-image-preview:large, max-video-preview:-1\" \/>\n<link rel=\"canonical\" href=\"https:\/\/lovme.pt\/index.php\/produto\/eros-xxl-light-love-a-base-de-agua-150-ml\/\" \/>\n<meta property=\"og:locale\" content=\"pt_PT\" \/>\n<meta property=\"og:type\" content=\"article\" \/>\n<meta property=\"og:title\" content=\"EROS - XXL LIGHT LOVE \u00c0 BASE DE \u00c1GUA 150 ML - Lovme\" \/>\n<meta property=\"og:description\" content=\"EROS - XXL LIGHT LOVE \u00c0 BASE DE \u00c1GUA 150 ML\" \/>\n<meta property=\"og:url\" content=\"https:\/\/lovme.pt\/index.php\/produto\/eros-xxl-light-love-a-base-de-agua-150-ml\/\" \/>\n<meta property=\"og:site_name\" content=\"Lovme\" \/>\n<meta property=\"article:modified_time\" content=\"2026-02-19T20:01:41+00:00\" \/>\n<meta property=\"og:image\" content=\"https:\/\/erki24nd3ub.exactdn.com\/wp-content\/uploads\/dream\/img\/img_176204_d86465ad7eda0cb8c592bf99c5d624c7_1.jpg?strip=all\" \/>\n\t<meta property=\"og:image:width\" content=\"800\" \/>\n\t<meta property=\"og:image:height\" content=\"800\" \/>\n\t<meta property=\"og:image:type\" content=\"image\/jpeg\" \/>\n<meta name=\"twitter:card\" content=\"summary_large_image\" \/>\n<meta name=\"twitter:label1\" content=\"Tempo estimado de leitura\" \/>\n\t<meta name=\"twitter:data1\" content=\"1 minuto\" \/>\n<script type=\"application\/ld+json\" class=\"yoast-schema-graph\">{\"@context\":\"https:\\\/\\\/schema.org\",\"@graph\":[{\"@type\":\"WebPage\",\"@id\":\"https:\\\/\\\/lovme.pt\\\/index.php\\\/produto\\\/eros-xxl-light-love-a-base-de-agua-150-ml\\\/\",\"url\":\"https:\\\/\\\/lovme.pt\\\/index.php\\\/produto\\\/eros-xxl-light-love-a-base-de-agua-150-ml\\\/\",\"name\":\"EROS - XXL LIGHT LOVE \u00c0 BASE DE \u00c1GUA 150 ML - Lovme\",\"isPartOf\":{\"@id\":\"https:\\\/\\\/lovme.pt\\\/#website\"},\"primaryImageOfPage\":{\"@id\":\"https:\\\/\\\/lovme.pt\\\/index.php\\\/produto\\\/eros-xxl-light-love-a-base-de-agua-150-ml\\\/#primaryimage\"},\"image\":{\"@id\":\"https:\\\/\\\/lovme.pt\\\/index.php\\\/produto\\\/eros-xxl-light-love-a-base-de-agua-150-ml\\\/#primaryimage\"},\"thumbnailUrl\":\"https:\\\/\\\/erki24nd3ub.exactdn.com\\\/wp-content\\\/uploads\\\/dream\\\/img\\\/img_176204_d86465ad7eda0cb8c592bf99c5d624c7_1.jpg?strip=all\",\"datePublished\":\"2025-09-30T09:41:29+00:00\",\"dateModified\":\"2026-02-19T20:01:41+00:00\",\"breadcrumb\":{\"@id\":\"https:\\\/\\\/lovme.pt\\\/index.php\\\/produto\\\/eros-xxl-light-love-a-base-de-agua-150-ml\\\/#breadcrumb\"},\"inLanguage\":\"pt-PT\",\"potentialAction\":[{\"@type\":\"ReadAction\",\"target\":[\"https:\\\/\\\/lovme.pt\\\/index.php\\\/produto\\\/eros-xxl-light-love-a-base-de-agua-150-ml\\\/\"]}]},{\"@type\":\"ImageObject\",\"inLanguage\":\"pt-PT\",\"@id\":\"https:\\\/\\\/lovme.pt\\\/index.php\\\/produto\\\/eros-xxl-light-love-a-base-de-agua-150-ml\\\/#primaryimage\",\"url\":\"https:\\\/\\\/erki24nd3ub.exactdn.com\\\/wp-content\\\/uploads\\\/dream\\\/img\\\/img_176204_d86465ad7eda0cb8c592bf99c5d624c7_1.jpg?strip=all\",\"contentUrl\":\"https:\\\/\\\/erki24nd3ub.exactdn.com\\\/wp-content\\\/uploads\\\/dream\\\/img\\\/img_176204_d86465ad7eda0cb8c592bf99c5d624c7_1.jpg?strip=all\",\"width\":800,\"height\":800},{\"@type\":\"BreadcrumbList\",\"@id\":\"https:\\\/\\\/lovme.pt\\\/index.php\\\/produto\\\/eros-xxl-light-love-a-base-de-agua-150-ml\\\/#breadcrumb\",\"itemListElement\":[{\"@type\":\"ListItem\",\"position\":1,\"name\":\"In\u00edcio\",\"item\":\"https:\\\/\\\/lovme.pt\\\/\"},{\"@type\":\"ListItem\",\"position\":2,\"name\":\"Loja\",\"item\":\"https:\\\/\\\/lovme.pt\\\/index.php\\\/loja\\\/\"},{\"@type\":\"ListItem\",\"position\":3,\"name\":\"EROS &#8211; XXL LIGHT LOVE \u00c0 BASE DE \u00c1GUA 150 ML\"}]},{\"@type\":\"WebSite\",\"@id\":\"https:\\\/\\\/lovme.pt\\\/#website\",\"url\":\"https:\\\/\\\/lovme.pt\\\/\",\"name\":\"Lovme Loja Er\u00f3tica N\u00ba1 em Portugal\",\"description\":\"A melhor loja er\u00f3tica de Portugal.\",\"alternateName\":\"Loja Er\u00f3tica Lovme\",\"potentialAction\":[{\"@type\":\"SearchAction\",\"target\":{\"@type\":\"EntryPoint\",\"urlTemplate\":\"https:\\\/\\\/lovme.pt\\\/?s={search_term_string}\"},\"query-input\":{\"@type\":\"PropertyValueSpecification\",\"valueRequired\":true,\"valueName\":\"search_term_string\"}}],\"inLanguage\":\"pt-PT\"}]}<\/script>\n<!-- \/ Yoast SEO plugin. -->","yoast_head_json":{"title":"EROS - XXL LIGHT LOVE \u00c0 BASE DE \u00c1GUA 150 ML - Lovme","robots":{"index":"index","follow":"follow","max-snippet":"max-snippet:-1","max-image-preview":"max-image-preview:large","max-video-preview":"max-video-preview:-1"},"canonical":"https:\/\/lovme.pt\/index.php\/produto\/eros-xxl-light-love-a-base-de-agua-150-ml\/","og_locale":"pt_PT","og_type":"article","og_title":"EROS - XXL LIGHT LOVE \u00c0 BASE DE \u00c1GUA 150 ML - Lovme","og_description":"EROS - XXL LIGHT LOVE \u00c0 BASE DE \u00c1GUA 150 ML","og_url":"https:\/\/lovme.pt\/index.php\/produto\/eros-xxl-light-love-a-base-de-agua-150-ml\/","og_site_name":"Lovme","article_modified_time":"2026-02-19T20:01:41+00:00","og_image":[{"width":800,"height":800,"url":"https:\/\/erki24nd3ub.exactdn.com\/wp-content\/uploads\/dream\/img\/img_176204_d86465ad7eda0cb8c592bf99c5d624c7_1.jpg?strip=all","type":"image\/jpeg"}],"twitter_card":"summary_large_image","twitter_misc":{"Tempo estimado de leitura":"1 minuto"},"schema":{"@context":"https:\/\/schema.org","@graph":[{"@type":"WebPage","@id":"https:\/\/lovme.pt\/index.php\/produto\/eros-xxl-light-love-a-base-de-agua-150-ml\/","url":"https:\/\/lovme.pt\/index.php\/produto\/eros-xxl-light-love-a-base-de-agua-150-ml\/","name":"EROS - XXL LIGHT LOVE \u00c0 BASE DE \u00c1GUA 150 ML - Lovme","isPartOf":{"@id":"https:\/\/lovme.pt\/#website"},"primaryImageOfPage":{"@id":"https:\/\/lovme.pt\/index.php\/produto\/eros-xxl-light-love-a-base-de-agua-150-ml\/#primaryimage"},"image":{"@id":"https:\/\/lovme.pt\/index.php\/produto\/eros-xxl-light-love-a-base-de-agua-150-ml\/#primaryimage"},"thumbnailUrl":"https:\/\/erki24nd3ub.exactdn.com\/wp-content\/uploads\/dream\/img\/img_176204_d86465ad7eda0cb8c592bf99c5d624c7_1.jpg?strip=all","datePublished":"2025-09-30T09:41:29+00:00","dateModified":"2026-02-19T20:01:41+00:00","breadcrumb":{"@id":"https:\/\/lovme.pt\/index.php\/produto\/eros-xxl-light-love-a-base-de-agua-150-ml\/#breadcrumb"},"inLanguage":"pt-PT","potentialAction":[{"@type":"ReadAction","target":["https:\/\/lovme.pt\/index.php\/produto\/eros-xxl-light-love-a-base-de-agua-150-ml\/"]}]},{"@type":"ImageObject","inLanguage":"pt-PT","@id":"https:\/\/lovme.pt\/index.php\/produto\/eros-xxl-light-love-a-base-de-agua-150-ml\/#primaryimage","url":"https:\/\/erki24nd3ub.exactdn.com\/wp-content\/uploads\/dream\/img\/img_176204_d86465ad7eda0cb8c592bf99c5d624c7_1.jpg?strip=all","contentUrl":"https:\/\/erki24nd3ub.exactdn.com\/wp-content\/uploads\/dream\/img\/img_176204_d86465ad7eda0cb8c592bf99c5d624c7_1.jpg?strip=all","width":800,"height":800},{"@type":"BreadcrumbList","@id":"https:\/\/lovme.pt\/index.php\/produto\/eros-xxl-light-love-a-base-de-agua-150-ml\/#breadcrumb","itemListElement":[{"@type":"ListItem","position":1,"name":"In\u00edcio","item":"https:\/\/lovme.pt\/"},{"@type":"ListItem","position":2,"name":"Loja","item":"https:\/\/lovme.pt\/index.php\/loja\/"},{"@type":"ListItem","position":3,"name":"EROS &#8211; XXL LIGHT LOVE \u00c0 BASE DE \u00c1GUA 150 ML"}]},{"@type":"WebSite","@id":"https:\/\/lovme.pt\/#website","url":"https:\/\/lovme.pt\/","name":"Lovme Loja Er\u00f3tica N\u00ba1 em Portugal","description":"A melhor loja er\u00f3tica de Portugal.","alternateName":"Loja Er\u00f3tica Lovme","potentialAction":[{"@type":"SearchAction","target":{"@type":"EntryPoint","urlTemplate":"https:\/\/lovme.pt\/?s={search_term_string}"},"query-input":{"@type":"PropertyValueSpecification","valueRequired":true,"valueName":"search_term_string"}}],"inLanguage":"pt-PT"}]}},"_links":{"self":[{"href":"https:\/\/lovme.pt\/index.php\/wp-json\/wp\/v2\/product\/48104","targetHints":{"allow":["GET"]}}],"collection":[{"href":"https:\/\/lovme.pt\/index.php\/wp-json\/wp\/v2\/product"}],"about":[{"href":"https:\/\/lovme.pt\/index.php\/wp-json\/wp\/v2\/types\/product"}],"wp:featuredmedia":[{"embeddable":true,"href":"https:\/\/lovme.pt\/index.php\/wp-json\/wp\/v2\/media\/55821"}],"wp:attachment":[{"href":"https:\/\/lovme.pt\/index.php\/wp-json\/wp\/v2\/media?parent=48104"}],"wp:term":[{"taxonomy":"product_brand","embeddable":true,"href":"https:\/\/lovme.pt\/index.php\/wp-json\/wp\/v2\/product_brand?post=48104"},{"taxonomy":"product_cat","embeddable":true,"href":"https:\/\/lovme.pt\/index.php\/wp-json\/wp\/v2\/product_cat?post=48104"},{"taxonomy":"product_tag","embeddable":true,"href":"https:\/\/lovme.pt\/index.php\/wp-json\/wp\/v2\/product_tag?post=48104"}],"curies":[{"name":"wp","href":"https:\/\/api.w.org\/{rel}","templated":true}]}}