{"id":48100,"date":"2025-09-30T22:21:00","date_gmt":"2025-09-30T22:21:00","guid":{"rendered":"https:\/\/lovme.pt\/?post_type=product&p=48100"},"modified":"2026-02-19T20:11:04","modified_gmt":"2026-02-19T20:11:04","slug":"maral-gel-gel-especial-xxl-gold-homem-50-ml","status":"publish","type":"product","link":"https:\/\/lovme.pt\/index.php\/produto\/maral-gel-gel-especial-xxl-gold-homem-50-ml\/","title":{"rendered":"MARAL GEL &#8211; GEL ESPECIAL XXL GOLD HOMEM 50 ML"},"content":{"rendered":"<p>O tamanho \u00e9 importante, n\u00e3o a decepcione! \u00c9 hora de parar de se preocupar com seu tamanho. Este produto ajudou milhares de homens a finalmente agradar suas parceiras. Formulado com ingredientes totalmente naturais que podem ajud\u00e1-lo a crescer, alongar e engrossar e emocionar seu parceiro no quarto. Clientes satisfeitos e seus parceiros satisfeitos relataram altera\u00e7\u00f5es ap\u00f3s apenas 3 meses de uso regular, com aumentos no comprimento e na circunfer\u00eancia.<\/p>\n<p><u><strong>CARACTER\u00cdSTICAS<\/strong><\/u> :<\/p>\n<ul>\n<li>Gel especial para homens<\/li>\n<li>Cont\u00e9m extrato natural de raiz de Maral. Possui capacidades hidratantes. N\u00e3o mancha a roupa e \u00e9 facilmente lavado com \u00e1gua, sem acumular. Proporciona um bom deslizamento.<\/li>\n<li><strong>Modo de usar<\/strong> : Produto para uso externo. Aplique o gel na \u00e1rea desejada. Se necess\u00e1rio, o produto \u00e9 facilmente removido com \u00e1gua morna. Lave as m\u00e3os com \u00e1gua ap\u00f3s a aplica\u00e7\u00e3o.<\/li>\n<li><strong>Armazenamento<\/strong> : Armazenar em local escuro a uma temperatura de +5\u00b0C a +25\u00b0C<\/li>\n<li>Utilizar antes do final do\/N N\u00famero do lote: ver na embalagem.<\/li>\n<\/ul>\n<p><u><strong>Este produto pode ajud\u00e1-lo?<\/strong><\/u><br \/>Ajudamos milhares de crian\u00e7as como voc\u00ea. Em todo o mundo para ficar maior, mais forte e mais longo. Sendo um dos melhores ampliadores do mercado, esta \u00e9 uma solu\u00e7\u00e3o de a\u00e7\u00e3o r\u00e1pida que pode ajud\u00e1-lo a conseguir o que deseja.<\/p>\n<p><u><strong>\u00c9 seguro, certo?<\/strong><\/u><br \/>Sim! Este produto \u00e9 100% seguro de usar, sendo um suplemento natural desenvolvido para uso e efeitos de longo prazo. \u00c9 feito a partir de uma f\u00f3rmula totalmente natural que n\u00e3o cont\u00e9m medicamentos ou ingredientes prescritos.<\/p>\n<p><u><strong>\u00c9 f\u00e1cil, basta seguir estes 4 passos simples:<\/strong><\/u><\/p>\n<ul>\n<li>Limpe seu p\u00eanis antes de usar, com sab\u00e3o neutro e \u00e1gua morna (embora voc\u00ea deva fazer isso de qualquer maneira!)<\/li>\n<li>Seque bem<\/li>\n<li>Aplique uma camada deste produto ao longo do seu p\u00eanis.<\/li>\n<li>Massageie suavemente o produto com a ponta dos dedos, por cerca de 5 minutos ou at\u00e9 completa absor\u00e7\u00e3o.<\/li>\n<\/ul>\n<p><u><strong>Como funciona?<\/strong><\/u><br \/>Este produto cont\u00e9m uma f\u00f3rmula fitoter\u00e1pica exclusiva que pode aumentar seu tamanho e for\u00e7a, para que voc\u00ea obtenha maiores ganhos! Pode ajudar a aumentar o refluxo das c\u00e2maras sangu\u00edneas do p\u00eanis. Isso ativa horm\u00f4nios naturais no corpo e \u00e9 uma forma natural de melhorar a resist\u00eancia e o desempenho sexual nos homens. Atrav\u00e9s do uso regular, este produto pode ajud\u00e1-lo a obter melhores ganhos, que o seu parceiro vai adorar. fa\u00e7a com que ele volte para mais!<\/p>\n<p><u><strong>Al\u00e9m disso, este produto pode:<\/strong><\/u><\/p>\n<ul>\n<li>Ajuda a aumentar o comprimento e a circunfer\u00eancia do seu p\u00eanis.<\/li>\n<li>Aumenta o fluxo sangu\u00edneo para o seu p\u00eanis, promovendo o crescimento.<\/li>\n<li>Alcance orgasmos mais intensos<\/li>\n<li>Reduz o tempo de recupera\u00e7\u00e3o, para que voc\u00ea possa come\u00e7ar de novo mais cedo<\/li>\n<li>Aumentar o desempenho sexual geral e controlar melhor a ejacula\u00e7\u00e3o.<\/li>\n<\/ul>\n","protected":false},"excerpt":{"rendered":"<p>EMBALAGEM DISPON\u00cdVEL EM: \/en\/ru\/<\/p>\n","protected":false},"featured_media":77040,"template":"","meta":{"_acf_changed":false},"product_brand":[],"product_cat":[49,52],"product_tag":[],"class_list":{"0":"post-48100","1":"product","2":"type-product","3":"status-publish","4":"has-post-thumbnail","6":"product_cat-cosmeticos","7":"product_cat-estimulantes","8":"yith_product_brand-maral-gel","10":"first","11":"instock","12":"taxable","13":"shipping-taxable","14":"purchasable","15":"product-type-simple"},"acf":[],"yoast_head":"<!-- This site is optimized with the Yoast SEO plugin v27.4 - https:\/\/yoast.com\/product\/yoast-seo-wordpress\/ -->\n<title>MARAL GEL - GEL ESPECIAL XXL GOLD HOMEM 50 ML - Lovme<\/title>\n<meta name=\"robots\" content=\"index, follow, max-snippet:-1, max-image-preview:large, max-video-preview:-1\" \/>\n<link rel=\"canonical\" href=\"https:\/\/lovme.pt\/index.php\/produto\/maral-gel-gel-especial-xxl-gold-homem-50-ml\/\" \/>\n<meta property=\"og:locale\" content=\"pt_PT\" \/>\n<meta property=\"og:type\" content=\"article\" \/>\n<meta property=\"og:title\" content=\"MARAL GEL - GEL ESPECIAL XXL GOLD HOMEM 50 ML - Lovme\" \/>\n<meta property=\"og:description\" content=\"EMBALAGEM DISPON\u00cdVEL EM: \/en\/ru\/\" \/>\n<meta property=\"og:url\" content=\"https:\/\/lovme.pt\/index.php\/produto\/maral-gel-gel-especial-xxl-gold-homem-50-ml\/\" \/>\n<meta property=\"og:site_name\" content=\"Lovme\" \/>\n<meta property=\"article:modified_time\" content=\"2026-02-19T20:11:04+00:00\" \/>\n<meta property=\"og:image\" content=\"https:\/\/erki24nd3ub.exactdn.com\/wp-content\/uploads\/dream\/img\/img_175435_6dd9f86bb76b74ba054194fb03f6da82_1.jpg?strip=all\" \/>\n\t<meta property=\"og:image:width\" content=\"800\" \/>\n\t<meta property=\"og:image:height\" content=\"800\" \/>\n\t<meta property=\"og:image:type\" content=\"image\/jpeg\" \/>\n<meta name=\"twitter:card\" content=\"summary_large_image\" \/>\n<meta name=\"twitter:label1\" content=\"Tempo estimado de leitura\" \/>\n\t<meta name=\"twitter:data1\" content=\"2 minutos\" \/>\n<script type=\"application\/ld+json\" class=\"yoast-schema-graph\">{\"@context\":\"https:\\\/\\\/schema.org\",\"@graph\":[{\"@type\":\"WebPage\",\"@id\":\"https:\\\/\\\/lovme.pt\\\/index.php\\\/produto\\\/maral-gel-gel-especial-xxl-gold-homem-50-ml\\\/\",\"url\":\"https:\\\/\\\/lovme.pt\\\/index.php\\\/produto\\\/maral-gel-gel-especial-xxl-gold-homem-50-ml\\\/\",\"name\":\"MARAL GEL - GEL ESPECIAL XXL GOLD HOMEM 50 ML - Lovme\",\"isPartOf\":{\"@id\":\"https:\\\/\\\/lovme.pt\\\/#website\"},\"primaryImageOfPage\":{\"@id\":\"https:\\\/\\\/lovme.pt\\\/index.php\\\/produto\\\/maral-gel-gel-especial-xxl-gold-homem-50-ml\\\/#primaryimage\"},\"image\":{\"@id\":\"https:\\\/\\\/lovme.pt\\\/index.php\\\/produto\\\/maral-gel-gel-especial-xxl-gold-homem-50-ml\\\/#primaryimage\"},\"thumbnailUrl\":\"https:\\\/\\\/erki24nd3ub.exactdn.com\\\/wp-content\\\/uploads\\\/dream\\\/img\\\/img_175435_6dd9f86bb76b74ba054194fb03f6da82_1.jpg?strip=all\",\"datePublished\":\"2025-09-30T22:21:00+00:00\",\"dateModified\":\"2026-02-19T20:11:04+00:00\",\"breadcrumb\":{\"@id\":\"https:\\\/\\\/lovme.pt\\\/index.php\\\/produto\\\/maral-gel-gel-especial-xxl-gold-homem-50-ml\\\/#breadcrumb\"},\"inLanguage\":\"pt-PT\",\"potentialAction\":[{\"@type\":\"ReadAction\",\"target\":[\"https:\\\/\\\/lovme.pt\\\/index.php\\\/produto\\\/maral-gel-gel-especial-xxl-gold-homem-50-ml\\\/\"]}]},{\"@type\":\"ImageObject\",\"inLanguage\":\"pt-PT\",\"@id\":\"https:\\\/\\\/lovme.pt\\\/index.php\\\/produto\\\/maral-gel-gel-especial-xxl-gold-homem-50-ml\\\/#primaryimage\",\"url\":\"https:\\\/\\\/erki24nd3ub.exactdn.com\\\/wp-content\\\/uploads\\\/dream\\\/img\\\/img_175435_6dd9f86bb76b74ba054194fb03f6da82_1.jpg?strip=all\",\"contentUrl\":\"https:\\\/\\\/erki24nd3ub.exactdn.com\\\/wp-content\\\/uploads\\\/dream\\\/img\\\/img_175435_6dd9f86bb76b74ba054194fb03f6da82_1.jpg?strip=all\",\"width\":800,\"height\":800},{\"@type\":\"BreadcrumbList\",\"@id\":\"https:\\\/\\\/lovme.pt\\\/index.php\\\/produto\\\/maral-gel-gel-especial-xxl-gold-homem-50-ml\\\/#breadcrumb\",\"itemListElement\":[{\"@type\":\"ListItem\",\"position\":1,\"name\":\"In\u00edcio\",\"item\":\"https:\\\/\\\/lovme.pt\\\/\"},{\"@type\":\"ListItem\",\"position\":2,\"name\":\"Loja\",\"item\":\"https:\\\/\\\/lovme.pt\\\/index.php\\\/loja\\\/\"},{\"@type\":\"ListItem\",\"position\":3,\"name\":\"MARAL GEL &#8211; GEL ESPECIAL XXL GOLD HOMEM 50 ML\"}]},{\"@type\":\"WebSite\",\"@id\":\"https:\\\/\\\/lovme.pt\\\/#website\",\"url\":\"https:\\\/\\\/lovme.pt\\\/\",\"name\":\"Lovme Loja Er\u00f3tica N\u00ba1 em Portugal\",\"description\":\"A melhor loja er\u00f3tica de Portugal.\",\"alternateName\":\"Loja Er\u00f3tica Lovme\",\"potentialAction\":[{\"@type\":\"SearchAction\",\"target\":{\"@type\":\"EntryPoint\",\"urlTemplate\":\"https:\\\/\\\/lovme.pt\\\/?s={search_term_string}\"},\"query-input\":{\"@type\":\"PropertyValueSpecification\",\"valueRequired\":true,\"valueName\":\"search_term_string\"}}],\"inLanguage\":\"pt-PT\"}]}<\/script>\n<!-- \/ Yoast SEO plugin. -->","yoast_head_json":{"title":"MARAL GEL - GEL ESPECIAL XXL GOLD HOMEM 50 ML - Lovme","robots":{"index":"index","follow":"follow","max-snippet":"max-snippet:-1","max-image-preview":"max-image-preview:large","max-video-preview":"max-video-preview:-1"},"canonical":"https:\/\/lovme.pt\/index.php\/produto\/maral-gel-gel-especial-xxl-gold-homem-50-ml\/","og_locale":"pt_PT","og_type":"article","og_title":"MARAL GEL - GEL ESPECIAL XXL GOLD HOMEM 50 ML - Lovme","og_description":"EMBALAGEM DISPON\u00cdVEL EM: \/en\/ru\/","og_url":"https:\/\/lovme.pt\/index.php\/produto\/maral-gel-gel-especial-xxl-gold-homem-50-ml\/","og_site_name":"Lovme","article_modified_time":"2026-02-19T20:11:04+00:00","og_image":[{"width":800,"height":800,"url":"https:\/\/erki24nd3ub.exactdn.com\/wp-content\/uploads\/dream\/img\/img_175435_6dd9f86bb76b74ba054194fb03f6da82_1.jpg?strip=all","type":"image\/jpeg"}],"twitter_card":"summary_large_image","twitter_misc":{"Tempo estimado de leitura":"2 minutos"},"schema":{"@context":"https:\/\/schema.org","@graph":[{"@type":"WebPage","@id":"https:\/\/lovme.pt\/index.php\/produto\/maral-gel-gel-especial-xxl-gold-homem-50-ml\/","url":"https:\/\/lovme.pt\/index.php\/produto\/maral-gel-gel-especial-xxl-gold-homem-50-ml\/","name":"MARAL GEL - GEL ESPECIAL XXL GOLD HOMEM 50 ML - Lovme","isPartOf":{"@id":"https:\/\/lovme.pt\/#website"},"primaryImageOfPage":{"@id":"https:\/\/lovme.pt\/index.php\/produto\/maral-gel-gel-especial-xxl-gold-homem-50-ml\/#primaryimage"},"image":{"@id":"https:\/\/lovme.pt\/index.php\/produto\/maral-gel-gel-especial-xxl-gold-homem-50-ml\/#primaryimage"},"thumbnailUrl":"https:\/\/erki24nd3ub.exactdn.com\/wp-content\/uploads\/dream\/img\/img_175435_6dd9f86bb76b74ba054194fb03f6da82_1.jpg?strip=all","datePublished":"2025-09-30T22:21:00+00:00","dateModified":"2026-02-19T20:11:04+00:00","breadcrumb":{"@id":"https:\/\/lovme.pt\/index.php\/produto\/maral-gel-gel-especial-xxl-gold-homem-50-ml\/#breadcrumb"},"inLanguage":"pt-PT","potentialAction":[{"@type":"ReadAction","target":["https:\/\/lovme.pt\/index.php\/produto\/maral-gel-gel-especial-xxl-gold-homem-50-ml\/"]}]},{"@type":"ImageObject","inLanguage":"pt-PT","@id":"https:\/\/lovme.pt\/index.php\/produto\/maral-gel-gel-especial-xxl-gold-homem-50-ml\/#primaryimage","url":"https:\/\/erki24nd3ub.exactdn.com\/wp-content\/uploads\/dream\/img\/img_175435_6dd9f86bb76b74ba054194fb03f6da82_1.jpg?strip=all","contentUrl":"https:\/\/erki24nd3ub.exactdn.com\/wp-content\/uploads\/dream\/img\/img_175435_6dd9f86bb76b74ba054194fb03f6da82_1.jpg?strip=all","width":800,"height":800},{"@type":"BreadcrumbList","@id":"https:\/\/lovme.pt\/index.php\/produto\/maral-gel-gel-especial-xxl-gold-homem-50-ml\/#breadcrumb","itemListElement":[{"@type":"ListItem","position":1,"name":"In\u00edcio","item":"https:\/\/lovme.pt\/"},{"@type":"ListItem","position":2,"name":"Loja","item":"https:\/\/lovme.pt\/index.php\/loja\/"},{"@type":"ListItem","position":3,"name":"MARAL GEL &#8211; GEL ESPECIAL XXL GOLD HOMEM 50 ML"}]},{"@type":"WebSite","@id":"https:\/\/lovme.pt\/#website","url":"https:\/\/lovme.pt\/","name":"Lovme Loja Er\u00f3tica N\u00ba1 em Portugal","description":"A melhor loja er\u00f3tica de Portugal.","alternateName":"Loja Er\u00f3tica Lovme","potentialAction":[{"@type":"SearchAction","target":{"@type":"EntryPoint","urlTemplate":"https:\/\/lovme.pt\/?s={search_term_string}"},"query-input":{"@type":"PropertyValueSpecification","valueRequired":true,"valueName":"search_term_string"}}],"inLanguage":"pt-PT"}]}},"_links":{"self":[{"href":"https:\/\/lovme.pt\/index.php\/wp-json\/wp\/v2\/product\/48100","targetHints":{"allow":["GET"]}}],"collection":[{"href":"https:\/\/lovme.pt\/index.php\/wp-json\/wp\/v2\/product"}],"about":[{"href":"https:\/\/lovme.pt\/index.php\/wp-json\/wp\/v2\/types\/product"}],"wp:featuredmedia":[{"embeddable":true,"href":"https:\/\/lovme.pt\/index.php\/wp-json\/wp\/v2\/media\/77040"}],"wp:attachment":[{"href":"https:\/\/lovme.pt\/index.php\/wp-json\/wp\/v2\/media?parent=48100"}],"wp:term":[{"taxonomy":"product_brand","embeddable":true,"href":"https:\/\/lovme.pt\/index.php\/wp-json\/wp\/v2\/product_brand?post=48100"},{"taxonomy":"product_cat","embeddable":true,"href":"https:\/\/lovme.pt\/index.php\/wp-json\/wp\/v2\/product_cat?post=48100"},{"taxonomy":"product_tag","embeddable":true,"href":"https:\/\/lovme.pt\/index.php\/wp-json\/wp\/v2\/product_tag?post=48100"}],"curies":[{"name":"wp","href":"https:\/\/api.w.org\/{rel}","templated":true}]}}