{"id":47979,"date":"2025-10-01T00:26:42","date_gmt":"2025-10-01T00:26:42","guid":{"rendered":"https:\/\/lovme.pt\/?post_type=product&#038;p=47979"},"modified":"2026-02-19T20:23:23","modified_gmt":"2026-02-19T20:23:23","slug":"leg-avenue-conjunto-sutia-e-calca-preto","status":"publish","type":"product","link":"https:\/\/lovme.pt\/index.php\/produto\/leg-avenue-conjunto-sutia-e-calca-preto\/","title":{"rendered":"LEG AVENUE &#8211; SET SUJETADOR  PANTALON NEGRO"},"content":{"rendered":"<p>O conjunto Mary Jane de 2 pe\u00e7as, com suti\u00e3 envolvente e shorts, oferece uma combina\u00e7\u00e3o de estilo e conforto. Este conjunto \u00e9 perfeito para qualquer ocasi\u00e3o, atividades ao ar livre ou simplesmente relaxar com conforto.<\/p>\n<p> O suti\u00e3 Mary Jane Wrap oferece um ajuste confort\u00e1vel e de suporte. Com seu design envolvente, oferece cobertura extra e suporte suave para conforto durante todo o dia. Al\u00e9m disso, os detalhes Mary Jane adicionam um toque de estilo l\u00fadico e feminino ao conjunto.<\/p>\n<p> Os shorts complementam perfeitamente o suti\u00e3 com seu design vers\u00e1til e pr\u00e1tico. Confeccionados em tecido macio e el\u00e1stico, oferecem liberdade de movimentos para atividades ativas e jogos divertidos. A cintura el\u00e1stica garante um ajuste confort\u00e1vel e seguro, enquanto o estilo cl\u00e1ssico dos shorts facilita a combina\u00e7\u00e3o com outras roupas. Este conjunto Mary Jane de 2 pe\u00e7as \u00e9 uma escolha charmosa para quem procura conforto e estilo no guarda-roupa do dia a dia.<\/p>\n<\/p>\n<p> <u><strong>CARACTER\u00cdSTICAS:<\/strong><\/u><\/p>\n<ul>\n<li> Um tamanho<\/li>\n<li> Composi\u00e7\u00e3o: 92% n\u00e1ilon, 8% elastano<\/li>\n<li> O pacote inclui: 2 pe\u00e7as  suti\u00e3 e shorts<\/li>\n<li> Cores vibrantes que n\u00e3o desbotam<\/li>\n<\/ul>\n<p> <strong>A Leg Avenue<\/strong> tem os produtos que voc\u00ea procurava, comprometendo-se a oferecer aos clientes produtos inovadores, pre\u00e7os competitivos e muita satisfa\u00e7\u00e3o, frescos do bairro mais badalado de Los Angeles.<\/p>\n<p> Aqui \u00e9 tudo sobre voc\u00ea! Entendemos que cada corpo \u00e9 \u00fanico e acreditamos que todas as mulheres devem ter uma apar\u00eancia e sentir-se fant\u00e1sticas, independentemente do seu tamanho ou forma. Portanto, fique tranquilo, pois nossos designs est\u00e3o sempre focados em destacar suas melhores caracter\u00edsticas. E, falando s\u00e9rio, estamos falando s\u00e9rio quando dizemos que valorizamos tecidos supermacios e elasticidade de pr\u00f3ximo n\u00edvel. Conforto e estilo? Dupla verifica\u00e7\u00e3o!<\/p>\n<p> A variedade \u00e9 a chave do nosso sucesso e voc\u00ea pode ver isso em nossos estilos. Nossos designers misturam e combinam materiais como profissionais, dando \u00e0s nossas cria\u00e7\u00f5es aquele ar de luxo inconfund\u00edvel para que voc\u00ea se sinta absolutamente de primeira classe. Quer se trate de uma renda que faz vibrar os seus sentidos ou de um cetim supermacio ao qual as suas m\u00e3os n\u00e3o resistem, fazemos de tudo para lhe oferecer algo especial.<\/p>\n<p> <strong>Leg Avenue<\/strong> \u00e9 cheia de paix\u00e3o, divers\u00e3o e autoexpress\u00e3o. Queremos que voc\u00ea seja completamente voc\u00ea. ele mesmo, com um toque de travessura e montanhas de confian\u00e7a. Descubra como nossas lingeries, meias e fantasias levam seu visual para o pr\u00f3ximo n\u00edvel. Juntos aspiramos ao fant\u00e1stico e provamos que estilo n\u00e3o tem tamanho!<\/p>\n","protected":false},"excerpt":{"rendered":"<p>LEG AVENUE &#8211; CONJUNTO SUTI\u00c3 E CAL\u00c7A PRETO<\/p>\n","protected":false},"featured_media":87849,"template":"","meta":{"_acf_changed":false},"product_brand":[],"product_cat":[47,66,115],"product_tag":[],"class_list":{"0":"post-47979","1":"product","2":"type-product","3":"status-publish","4":"has-post-thumbnail","6":"product_cat-lingerie","7":"product_cat-lingerie-feminina","8":"product_cat-ofertas","9":"yith_product_brand-leg-avenue","10":"yith_product_brand-leg-avenueleg-avenue-sets","12":"first","13":"instock","14":"taxable","15":"shipping-taxable","16":"purchasable","17":"product-type-variable","18":"has-default-attributes"},"acf":[],"yoast_head":"<!-- This site is optimized with the Yoast SEO plugin v27.4 - https:\/\/yoast.com\/product\/yoast-seo-wordpress\/ -->\n<title>LEG AVENUE - SET SUJETADOR PANTALON NEGRO - Lovme<\/title>\n<meta name=\"robots\" content=\"index, follow, max-snippet:-1, max-image-preview:large, max-video-preview:-1\" \/>\n<link rel=\"canonical\" href=\"https:\/\/lovme.pt\/index.php\/produto\/leg-avenue-conjunto-sutia-e-calca-preto\/\" \/>\n<meta property=\"og:locale\" content=\"pt_PT\" \/>\n<meta property=\"og:type\" content=\"article\" \/>\n<meta property=\"og:title\" content=\"LEG AVENUE - SET SUJETADOR PANTALON NEGRO - Lovme\" \/>\n<meta property=\"og:description\" content=\"LEG AVENUE - CONJUNTO SUTI\u00c3 E CAL\u00c7A PRETO\" \/>\n<meta property=\"og:url\" content=\"https:\/\/lovme.pt\/index.php\/produto\/leg-avenue-conjunto-sutia-e-calca-preto\/\" \/>\n<meta property=\"og:site_name\" content=\"Lovme\" \/>\n<meta property=\"article:modified_time\" content=\"2026-02-19T20:23:23+00:00\" \/>\n<meta property=\"og:image\" content=\"https:\/\/erki24nd3ub.exactdn.com\/wp-content\/uploads\/dream\/img\/img_174643_ca58c02adeb15214a9a45fc7ceb85a77_1.jpg?strip=all\" \/>\n\t<meta property=\"og:image:width\" content=\"800\" \/>\n\t<meta property=\"og:image:height\" content=\"800\" \/>\n\t<meta property=\"og:image:type\" content=\"image\/jpeg\" \/>\n<meta name=\"twitter:card\" content=\"summary_large_image\" \/>\n<meta name=\"twitter:label1\" content=\"Tempo estimado de leitura\" \/>\n\t<meta name=\"twitter:data1\" content=\"2 minutos\" \/>\n<script type=\"application\/ld+json\" class=\"yoast-schema-graph\">{\"@context\":\"https:\\\/\\\/schema.org\",\"@graph\":[{\"@type\":\"WebPage\",\"@id\":\"https:\\\/\\\/lovme.pt\\\/index.php\\\/produto\\\/leg-avenue-conjunto-sutia-e-calca-preto\\\/\",\"url\":\"https:\\\/\\\/lovme.pt\\\/index.php\\\/produto\\\/leg-avenue-conjunto-sutia-e-calca-preto\\\/\",\"name\":\"LEG AVENUE - SET SUJETADOR PANTALON NEGRO - Lovme\",\"isPartOf\":{\"@id\":\"https:\\\/\\\/lovme.pt\\\/#website\"},\"primaryImageOfPage\":{\"@id\":\"https:\\\/\\\/lovme.pt\\\/index.php\\\/produto\\\/leg-avenue-conjunto-sutia-e-calca-preto\\\/#primaryimage\"},\"image\":{\"@id\":\"https:\\\/\\\/lovme.pt\\\/index.php\\\/produto\\\/leg-avenue-conjunto-sutia-e-calca-preto\\\/#primaryimage\"},\"thumbnailUrl\":\"https:\\\/\\\/erki24nd3ub.exactdn.com\\\/wp-content\\\/uploads\\\/dream\\\/img\\\/img_174643_ca58c02adeb15214a9a45fc7ceb85a77_1.jpg?strip=all\",\"datePublished\":\"2025-10-01T00:26:42+00:00\",\"dateModified\":\"2026-02-19T20:23:23+00:00\",\"breadcrumb\":{\"@id\":\"https:\\\/\\\/lovme.pt\\\/index.php\\\/produto\\\/leg-avenue-conjunto-sutia-e-calca-preto\\\/#breadcrumb\"},\"inLanguage\":\"pt-PT\",\"potentialAction\":[{\"@type\":\"ReadAction\",\"target\":[\"https:\\\/\\\/lovme.pt\\\/index.php\\\/produto\\\/leg-avenue-conjunto-sutia-e-calca-preto\\\/\"]}]},{\"@type\":\"ImageObject\",\"inLanguage\":\"pt-PT\",\"@id\":\"https:\\\/\\\/lovme.pt\\\/index.php\\\/produto\\\/leg-avenue-conjunto-sutia-e-calca-preto\\\/#primaryimage\",\"url\":\"https:\\\/\\\/erki24nd3ub.exactdn.com\\\/wp-content\\\/uploads\\\/dream\\\/img\\\/img_174643_ca58c02adeb15214a9a45fc7ceb85a77_1.jpg?strip=all\",\"contentUrl\":\"https:\\\/\\\/erki24nd3ub.exactdn.com\\\/wp-content\\\/uploads\\\/dream\\\/img\\\/img_174643_ca58c02adeb15214a9a45fc7ceb85a77_1.jpg?strip=all\",\"width\":800,\"height\":800},{\"@type\":\"BreadcrumbList\",\"@id\":\"https:\\\/\\\/lovme.pt\\\/index.php\\\/produto\\\/leg-avenue-conjunto-sutia-e-calca-preto\\\/#breadcrumb\",\"itemListElement\":[{\"@type\":\"ListItem\",\"position\":1,\"name\":\"In\u00edcio\",\"item\":\"https:\\\/\\\/lovme.pt\\\/\"},{\"@type\":\"ListItem\",\"position\":2,\"name\":\"Loja\",\"item\":\"https:\\\/\\\/lovme.pt\\\/index.php\\\/loja\\\/\"},{\"@type\":\"ListItem\",\"position\":3,\"name\":\"LEG AVENUE &#8211; SET SUJETADOR PANTALON NEGRO\"}]},{\"@type\":\"WebSite\",\"@id\":\"https:\\\/\\\/lovme.pt\\\/#website\",\"url\":\"https:\\\/\\\/lovme.pt\\\/\",\"name\":\"Lovme Loja Er\u00f3tica N\u00ba1 em Portugal\",\"description\":\"A melhor loja er\u00f3tica de Portugal.\",\"alternateName\":\"Loja Er\u00f3tica Lovme\",\"potentialAction\":[{\"@type\":\"SearchAction\",\"target\":{\"@type\":\"EntryPoint\",\"urlTemplate\":\"https:\\\/\\\/lovme.pt\\\/?s={search_term_string}\"},\"query-input\":{\"@type\":\"PropertyValueSpecification\",\"valueRequired\":true,\"valueName\":\"search_term_string\"}}],\"inLanguage\":\"pt-PT\"}]}<\/script>\n<!-- \/ Yoast SEO plugin. -->","yoast_head_json":{"title":"LEG AVENUE - SET SUJETADOR PANTALON NEGRO - Lovme","robots":{"index":"index","follow":"follow","max-snippet":"max-snippet:-1","max-image-preview":"max-image-preview:large","max-video-preview":"max-video-preview:-1"},"canonical":"https:\/\/lovme.pt\/index.php\/produto\/leg-avenue-conjunto-sutia-e-calca-preto\/","og_locale":"pt_PT","og_type":"article","og_title":"LEG AVENUE - SET SUJETADOR PANTALON NEGRO - Lovme","og_description":"LEG AVENUE - CONJUNTO SUTI\u00c3 E CAL\u00c7A PRETO","og_url":"https:\/\/lovme.pt\/index.php\/produto\/leg-avenue-conjunto-sutia-e-calca-preto\/","og_site_name":"Lovme","article_modified_time":"2026-02-19T20:23:23+00:00","og_image":[{"width":800,"height":800,"url":"https:\/\/erki24nd3ub.exactdn.com\/wp-content\/uploads\/dream\/img\/img_174643_ca58c02adeb15214a9a45fc7ceb85a77_1.jpg?strip=all","type":"image\/jpeg"}],"twitter_card":"summary_large_image","twitter_misc":{"Tempo estimado de leitura":"2 minutos"},"schema":{"@context":"https:\/\/schema.org","@graph":[{"@type":"WebPage","@id":"https:\/\/lovme.pt\/index.php\/produto\/leg-avenue-conjunto-sutia-e-calca-preto\/","url":"https:\/\/lovme.pt\/index.php\/produto\/leg-avenue-conjunto-sutia-e-calca-preto\/","name":"LEG AVENUE - SET SUJETADOR PANTALON NEGRO - Lovme","isPartOf":{"@id":"https:\/\/lovme.pt\/#website"},"primaryImageOfPage":{"@id":"https:\/\/lovme.pt\/index.php\/produto\/leg-avenue-conjunto-sutia-e-calca-preto\/#primaryimage"},"image":{"@id":"https:\/\/lovme.pt\/index.php\/produto\/leg-avenue-conjunto-sutia-e-calca-preto\/#primaryimage"},"thumbnailUrl":"https:\/\/erki24nd3ub.exactdn.com\/wp-content\/uploads\/dream\/img\/img_174643_ca58c02adeb15214a9a45fc7ceb85a77_1.jpg?strip=all","datePublished":"2025-10-01T00:26:42+00:00","dateModified":"2026-02-19T20:23:23+00:00","breadcrumb":{"@id":"https:\/\/lovme.pt\/index.php\/produto\/leg-avenue-conjunto-sutia-e-calca-preto\/#breadcrumb"},"inLanguage":"pt-PT","potentialAction":[{"@type":"ReadAction","target":["https:\/\/lovme.pt\/index.php\/produto\/leg-avenue-conjunto-sutia-e-calca-preto\/"]}]},{"@type":"ImageObject","inLanguage":"pt-PT","@id":"https:\/\/lovme.pt\/index.php\/produto\/leg-avenue-conjunto-sutia-e-calca-preto\/#primaryimage","url":"https:\/\/erki24nd3ub.exactdn.com\/wp-content\/uploads\/dream\/img\/img_174643_ca58c02adeb15214a9a45fc7ceb85a77_1.jpg?strip=all","contentUrl":"https:\/\/erki24nd3ub.exactdn.com\/wp-content\/uploads\/dream\/img\/img_174643_ca58c02adeb15214a9a45fc7ceb85a77_1.jpg?strip=all","width":800,"height":800},{"@type":"BreadcrumbList","@id":"https:\/\/lovme.pt\/index.php\/produto\/leg-avenue-conjunto-sutia-e-calca-preto\/#breadcrumb","itemListElement":[{"@type":"ListItem","position":1,"name":"In\u00edcio","item":"https:\/\/lovme.pt\/"},{"@type":"ListItem","position":2,"name":"Loja","item":"https:\/\/lovme.pt\/index.php\/loja\/"},{"@type":"ListItem","position":3,"name":"LEG AVENUE &#8211; SET SUJETADOR PANTALON NEGRO"}]},{"@type":"WebSite","@id":"https:\/\/lovme.pt\/#website","url":"https:\/\/lovme.pt\/","name":"Lovme Loja Er\u00f3tica N\u00ba1 em Portugal","description":"A melhor loja er\u00f3tica de Portugal.","alternateName":"Loja Er\u00f3tica Lovme","potentialAction":[{"@type":"SearchAction","target":{"@type":"EntryPoint","urlTemplate":"https:\/\/lovme.pt\/?s={search_term_string}"},"query-input":{"@type":"PropertyValueSpecification","valueRequired":true,"valueName":"search_term_string"}}],"inLanguage":"pt-PT"}]}},"_links":{"self":[{"href":"https:\/\/lovme.pt\/index.php\/wp-json\/wp\/v2\/product\/47979","targetHints":{"allow":["GET"]}}],"collection":[{"href":"https:\/\/lovme.pt\/index.php\/wp-json\/wp\/v2\/product"}],"about":[{"href":"https:\/\/lovme.pt\/index.php\/wp-json\/wp\/v2\/types\/product"}],"wp:featuredmedia":[{"embeddable":true,"href":"https:\/\/lovme.pt\/index.php\/wp-json\/wp\/v2\/media\/87849"}],"wp:attachment":[{"href":"https:\/\/lovme.pt\/index.php\/wp-json\/wp\/v2\/media?parent=47979"}],"wp:term":[{"taxonomy":"product_brand","embeddable":true,"href":"https:\/\/lovme.pt\/index.php\/wp-json\/wp\/v2\/product_brand?post=47979"},{"taxonomy":"product_cat","embeddable":true,"href":"https:\/\/lovme.pt\/index.php\/wp-json\/wp\/v2\/product_cat?post=47979"},{"taxonomy":"product_tag","embeddable":true,"href":"https:\/\/lovme.pt\/index.php\/wp-json\/wp\/v2\/product_tag?post=47979"}],"curies":[{"name":"wp","href":"https:\/\/api.w.org\/{rel}","templated":true}]}}