{"id":47967,"date":"2025-10-01T02:14:43","date_gmt":"2025-10-01T02:14:43","guid":{"rendered":"https:\/\/lovme.pt\/?post_type=product&p=47967"},"modified":"2026-02-19T20:18:55","modified_gmt":"2026-02-19T20:18:55","slug":"calexotics-performance-maxx-recarregvel-duplo-penetrador-pele-marrom","status":"publish","type":"product","link":"https:\/\/lovme.pt\/index.php\/produto\/calexotics-performance-maxx-recarregvel-duplo-penetrador-pele-marrom\/","title":{"rendered":"CALEXOTICS &#8211; PERFORMANCE MAXX RECARREGVEL DUPLO PENETRADOR PELE MARROM"},"content":{"rendered":"<p>Desfrute do prazer er\u00f3tico da dupla penetra\u00e7\u00e3o com o duplo penetrador recarreg\u00e1vel Performance Maxx. O intensificador de sonda de contorno sensual foi projetado para o \u00eaxtase anal com uma sonda vibrat\u00f3ria de sensa\u00e7\u00e3o real, an\u00e9is de suporte integrados e 10 fun\u00e7\u00f5es de vibra\u00e7\u00e3o que fazem os joelhos tremer. O confort\u00e1vel design de anel duplo fornece suporte adicional para o escroto e o eixo para uma divers\u00e3o prolongada de dupla penetra\u00e7\u00e3o. O eixo vibra com 10 fun\u00e7\u00f5es de vibra\u00e7\u00e3o para mergulhar profundamente no emocionante prazer da porta traseira. Para maior sensibilidade e m\u00e1ximo prazer org\u00e1stico, utilize sempre um lubrificante de qualidade com este brinquedo. Realize suas fantasias secretas de trio com a emocionante sonda curva com textura e cabe\u00e7a realistas. A sonda com formato er\u00f3tico maximiza o prazer da penetra\u00e7\u00e3o e tamb\u00e9m ajuda a manter uma ere\u00e7\u00e3o dura como pedra para maior satisfa\u00e7\u00e3o no desempenho. Recarregue seu prazer rapidamente com um tempo de carregamento de 1,5 horas e desfrute de um tempo de reprodu\u00e7\u00e3o de at\u00e9 90 minutos.<\/p>\n<p>\u00a0<\/p>\n<p><u><strong>CARACTER\u00cdSTICAS:<\/strong><\/u><\/p>\n<ul>\n<li>O companheiro perfeito para acomodar dupla penetra\u00e7\u00e3o.<\/li>\n<li>10 fun\u00e7\u00f5es intensas de vibra\u00e7\u00e3o, pulsa\u00e7\u00e3o e escalada<\/li>\n<li>Silicone l\u00edquido: mais macio, mais suave, mais dur\u00e1vel e \u00e0 prova d\u00e1gua<\/li>\n<li>Silicone l\u00edquido: mais macio, mais suave, mais dur\u00e1vel e \u00e0 prova d\u00e1gua<\/li>\n<li>Anel escrotal integrado para suporte adicional.<\/li>\n<li>Chip de mem\u00f3ria de \u00faltima gera\u00e7\u00e3o \u00e9 retomado com a \u00faltima fun\u00e7\u00e3o usada<\/li>\n<li>Recurso de bloqueio de seguran\u00e7a de viagem: pressione e segure por 3 segundos para ligar ou desligar<\/li>\n<li>USB recarreg\u00e1vel: cabo de carregamento inclu\u00eddo<\/li>\n<li>Carga completa em 1,5 horas<\/li>\n<li>Funciona por 60 minutos em alta velocidade e 90 minutos em baixa velocidade.<\/li>\n<li>Dimens\u00f5es: Sonda 14 x 3,25 cm  3,25 cm de di\u00e2metro &#8211; anel do eixo  3,75 cm de di\u00e2metro &#8211; anel escrotal<\/li>\n<\/ul>\n<p>\u00a0<\/p>\n<p><strong>A CalExotics<\/strong> tem transformado constantemente \u201cfantasia em realidade\u201d h\u00e1 mais de uma d\u00e9cada. Com aten\u00e7\u00e3o incompar\u00e1vel aos detalhes, a fundadora e propriet\u00e1ria da CalExotics, Susan Colvin, tornou a marca California Exotic Novelty sin\u00f4nimo de brinquedos para adultos de qualidade. O fato de a CalExotics ser uma empresa pertencente e operada por mulheres desempenha um papel importante em sua ascens\u00e3o mete\u00f3rica ao topo da ind\u00fastria de brinquedos e novidades para adultos. .<\/p>\n","protected":false},"excerpt":{"rendered":"<p>CALEXOTICS &#8211; PERFORMANCE MAXX RECARREGVEL DUPLO PENETRADOR PELE MARROM<\/p>\n","protected":false},"featured_media":95684,"template":"","meta":{"_acf_changed":false},"product_brand":[],"product_cat":[17,60],"product_tag":[],"class_list":{"0":"post-47967","1":"product","2":"type-product","3":"status-publish","4":"has-post-thumbnail","6":"product_cat-brinquedos-de-bem-estar-sexual","7":"product_cat-para-eles","8":"yith_product_brand-calexotics","10":"first","11":"instock","12":"taxable","13":"shipping-taxable","14":"purchasable","15":"product-type-simple"},"acf":[],"yoast_head":"<!-- This site is optimized with the Yoast SEO plugin v27.3 - https:\/\/yoast.com\/product\/yoast-seo-wordpress\/ -->\n<title>CALEXOTICS - PERFORMANCE MAXX RECARREGVEL DUPLO PENETRADOR PELE MARROM - Lovme<\/title>\n<meta name=\"robots\" content=\"index, follow, max-snippet:-1, max-image-preview:large, max-video-preview:-1\" \/>\n<link rel=\"canonical\" href=\"https:\/\/lovme.pt\/index.php\/produto\/calexotics-performance-maxx-recarregvel-duplo-penetrador-pele-marrom\/\" \/>\n<meta property=\"og:locale\" content=\"pt_PT\" \/>\n<meta property=\"og:type\" content=\"article\" \/>\n<meta property=\"og:title\" content=\"CALEXOTICS - PERFORMANCE MAXX RECARREGVEL DUPLO PENETRADOR PELE MARROM - Lovme\" \/>\n<meta property=\"og:description\" content=\"CALEXOTICS - PERFORMANCE MAXX RECARREGVEL DUPLO PENETRADOR PELE MARROM\" \/>\n<meta property=\"og:url\" content=\"https:\/\/lovme.pt\/index.php\/produto\/calexotics-performance-maxx-recarregvel-duplo-penetrador-pele-marrom\/\" \/>\n<meta property=\"og:site_name\" content=\"Lovme\" \/>\n<meta property=\"article:modified_time\" content=\"2026-02-19T20:18:55+00:00\" \/>\n<meta property=\"og:image\" content=\"https:\/\/erki24nd3ub.exactdn.com\/wp-content\/uploads\/dream\/img\/img_174515_48e6c72e7c1397730c42abfb50a1fc5a_1.jpg?strip=all\" \/>\n\t<meta property=\"og:image:width\" content=\"800\" \/>\n\t<meta property=\"og:image:height\" content=\"800\" \/>\n\t<meta property=\"og:image:type\" content=\"image\/jpeg\" \/>\n<meta name=\"twitter:card\" content=\"summary_large_image\" \/>\n<meta name=\"twitter:label1\" content=\"Tempo estimado de leitura\" \/>\n\t<meta name=\"twitter:data1\" content=\"2 minutos\" \/>\n<script type=\"application\/ld+json\" class=\"yoast-schema-graph\">{\"@context\":\"https:\\\/\\\/schema.org\",\"@graph\":[{\"@type\":\"WebPage\",\"@id\":\"https:\\\/\\\/lovme.pt\\\/index.php\\\/produto\\\/calexotics-performance-maxx-recarregvel-duplo-penetrador-pele-marrom\\\/\",\"url\":\"https:\\\/\\\/lovme.pt\\\/index.php\\\/produto\\\/calexotics-performance-maxx-recarregvel-duplo-penetrador-pele-marrom\\\/\",\"name\":\"CALEXOTICS - PERFORMANCE MAXX RECARREGVEL DUPLO PENETRADOR PELE MARROM - Lovme\",\"isPartOf\":{\"@id\":\"https:\\\/\\\/lovme.pt\\\/#website\"},\"primaryImageOfPage\":{\"@id\":\"https:\\\/\\\/lovme.pt\\\/index.php\\\/produto\\\/calexotics-performance-maxx-recarregvel-duplo-penetrador-pele-marrom\\\/#primaryimage\"},\"image\":{\"@id\":\"https:\\\/\\\/lovme.pt\\\/index.php\\\/produto\\\/calexotics-performance-maxx-recarregvel-duplo-penetrador-pele-marrom\\\/#primaryimage\"},\"thumbnailUrl\":\"https:\\\/\\\/erki24nd3ub.exactdn.com\\\/wp-content\\\/uploads\\\/dream\\\/img\\\/img_174515_48e6c72e7c1397730c42abfb50a1fc5a_1.jpg?strip=all\",\"datePublished\":\"2025-10-01T02:14:43+00:00\",\"dateModified\":\"2026-02-19T20:18:55+00:00\",\"breadcrumb\":{\"@id\":\"https:\\\/\\\/lovme.pt\\\/index.php\\\/produto\\\/calexotics-performance-maxx-recarregvel-duplo-penetrador-pele-marrom\\\/#breadcrumb\"},\"inLanguage\":\"pt-PT\",\"potentialAction\":[{\"@type\":\"ReadAction\",\"target\":[\"https:\\\/\\\/lovme.pt\\\/index.php\\\/produto\\\/calexotics-performance-maxx-recarregvel-duplo-penetrador-pele-marrom\\\/\"]}]},{\"@type\":\"ImageObject\",\"inLanguage\":\"pt-PT\",\"@id\":\"https:\\\/\\\/lovme.pt\\\/index.php\\\/produto\\\/calexotics-performance-maxx-recarregvel-duplo-penetrador-pele-marrom\\\/#primaryimage\",\"url\":\"https:\\\/\\\/erki24nd3ub.exactdn.com\\\/wp-content\\\/uploads\\\/dream\\\/img\\\/img_174515_48e6c72e7c1397730c42abfb50a1fc5a_1.jpg?strip=all\",\"contentUrl\":\"https:\\\/\\\/erki24nd3ub.exactdn.com\\\/wp-content\\\/uploads\\\/dream\\\/img\\\/img_174515_48e6c72e7c1397730c42abfb50a1fc5a_1.jpg?strip=all\",\"width\":800,\"height\":800},{\"@type\":\"BreadcrumbList\",\"@id\":\"https:\\\/\\\/lovme.pt\\\/index.php\\\/produto\\\/calexotics-performance-maxx-recarregvel-duplo-penetrador-pele-marrom\\\/#breadcrumb\",\"itemListElement\":[{\"@type\":\"ListItem\",\"position\":1,\"name\":\"In\u00edcio\",\"item\":\"https:\\\/\\\/lovme.pt\\\/\"},{\"@type\":\"ListItem\",\"position\":2,\"name\":\"Loja\",\"item\":\"https:\\\/\\\/lovme.pt\\\/index.php\\\/loja\\\/\"},{\"@type\":\"ListItem\",\"position\":3,\"name\":\"CALEXOTICS &#8211; PERFORMANCE MAXX RECARREGVEL DUPLO PENETRADOR PELE MARROM\"}]},{\"@type\":\"WebSite\",\"@id\":\"https:\\\/\\\/lovme.pt\\\/#website\",\"url\":\"https:\\\/\\\/lovme.pt\\\/\",\"name\":\"Lovme Loja Er\u00f3tica N\u00ba1 em Portugal\",\"description\":\"A melhor loja er\u00f3tica de Portugal.\",\"alternateName\":\"Loja Er\u00f3tica Lovme\",\"potentialAction\":[{\"@type\":\"SearchAction\",\"target\":{\"@type\":\"EntryPoint\",\"urlTemplate\":\"https:\\\/\\\/lovme.pt\\\/?s={search_term_string}\"},\"query-input\":{\"@type\":\"PropertyValueSpecification\",\"valueRequired\":true,\"valueName\":\"search_term_string\"}}],\"inLanguage\":\"pt-PT\"}]}<\/script>\n<!-- \/ Yoast SEO plugin. -->","yoast_head_json":{"title":"CALEXOTICS - PERFORMANCE MAXX RECARREGVEL DUPLO PENETRADOR PELE MARROM - Lovme","robots":{"index":"index","follow":"follow","max-snippet":"max-snippet:-1","max-image-preview":"max-image-preview:large","max-video-preview":"max-video-preview:-1"},"canonical":"https:\/\/lovme.pt\/index.php\/produto\/calexotics-performance-maxx-recarregvel-duplo-penetrador-pele-marrom\/","og_locale":"pt_PT","og_type":"article","og_title":"CALEXOTICS - PERFORMANCE MAXX RECARREGVEL DUPLO PENETRADOR PELE MARROM - Lovme","og_description":"CALEXOTICS - PERFORMANCE MAXX RECARREGVEL DUPLO PENETRADOR PELE MARROM","og_url":"https:\/\/lovme.pt\/index.php\/produto\/calexotics-performance-maxx-recarregvel-duplo-penetrador-pele-marrom\/","og_site_name":"Lovme","article_modified_time":"2026-02-19T20:18:55+00:00","og_image":[{"width":800,"height":800,"url":"https:\/\/erki24nd3ub.exactdn.com\/wp-content\/uploads\/dream\/img\/img_174515_48e6c72e7c1397730c42abfb50a1fc5a_1.jpg?strip=all","type":"image\/jpeg"}],"twitter_card":"summary_large_image","twitter_misc":{"Tempo estimado de leitura":"2 minutos"},"schema":{"@context":"https:\/\/schema.org","@graph":[{"@type":"WebPage","@id":"https:\/\/lovme.pt\/index.php\/produto\/calexotics-performance-maxx-recarregvel-duplo-penetrador-pele-marrom\/","url":"https:\/\/lovme.pt\/index.php\/produto\/calexotics-performance-maxx-recarregvel-duplo-penetrador-pele-marrom\/","name":"CALEXOTICS - PERFORMANCE MAXX RECARREGVEL DUPLO PENETRADOR PELE MARROM - Lovme","isPartOf":{"@id":"https:\/\/lovme.pt\/#website"},"primaryImageOfPage":{"@id":"https:\/\/lovme.pt\/index.php\/produto\/calexotics-performance-maxx-recarregvel-duplo-penetrador-pele-marrom\/#primaryimage"},"image":{"@id":"https:\/\/lovme.pt\/index.php\/produto\/calexotics-performance-maxx-recarregvel-duplo-penetrador-pele-marrom\/#primaryimage"},"thumbnailUrl":"https:\/\/erki24nd3ub.exactdn.com\/wp-content\/uploads\/dream\/img\/img_174515_48e6c72e7c1397730c42abfb50a1fc5a_1.jpg?strip=all","datePublished":"2025-10-01T02:14:43+00:00","dateModified":"2026-02-19T20:18:55+00:00","breadcrumb":{"@id":"https:\/\/lovme.pt\/index.php\/produto\/calexotics-performance-maxx-recarregvel-duplo-penetrador-pele-marrom\/#breadcrumb"},"inLanguage":"pt-PT","potentialAction":[{"@type":"ReadAction","target":["https:\/\/lovme.pt\/index.php\/produto\/calexotics-performance-maxx-recarregvel-duplo-penetrador-pele-marrom\/"]}]},{"@type":"ImageObject","inLanguage":"pt-PT","@id":"https:\/\/lovme.pt\/index.php\/produto\/calexotics-performance-maxx-recarregvel-duplo-penetrador-pele-marrom\/#primaryimage","url":"https:\/\/erki24nd3ub.exactdn.com\/wp-content\/uploads\/dream\/img\/img_174515_48e6c72e7c1397730c42abfb50a1fc5a_1.jpg?strip=all","contentUrl":"https:\/\/erki24nd3ub.exactdn.com\/wp-content\/uploads\/dream\/img\/img_174515_48e6c72e7c1397730c42abfb50a1fc5a_1.jpg?strip=all","width":800,"height":800},{"@type":"BreadcrumbList","@id":"https:\/\/lovme.pt\/index.php\/produto\/calexotics-performance-maxx-recarregvel-duplo-penetrador-pele-marrom\/#breadcrumb","itemListElement":[{"@type":"ListItem","position":1,"name":"In\u00edcio","item":"https:\/\/lovme.pt\/"},{"@type":"ListItem","position":2,"name":"Loja","item":"https:\/\/lovme.pt\/index.php\/loja\/"},{"@type":"ListItem","position":3,"name":"CALEXOTICS &#8211; PERFORMANCE MAXX RECARREGVEL DUPLO PENETRADOR PELE MARROM"}]},{"@type":"WebSite","@id":"https:\/\/lovme.pt\/#website","url":"https:\/\/lovme.pt\/","name":"Lovme Loja Er\u00f3tica N\u00ba1 em Portugal","description":"A melhor loja er\u00f3tica de Portugal.","alternateName":"Loja Er\u00f3tica Lovme","potentialAction":[{"@type":"SearchAction","target":{"@type":"EntryPoint","urlTemplate":"https:\/\/lovme.pt\/?s={search_term_string}"},"query-input":{"@type":"PropertyValueSpecification","valueRequired":true,"valueName":"search_term_string"}}],"inLanguage":"pt-PT"}]}},"_links":{"self":[{"href":"https:\/\/lovme.pt\/index.php\/wp-json\/wp\/v2\/product\/47967","targetHints":{"allow":["GET"]}}],"collection":[{"href":"https:\/\/lovme.pt\/index.php\/wp-json\/wp\/v2\/product"}],"about":[{"href":"https:\/\/lovme.pt\/index.php\/wp-json\/wp\/v2\/types\/product"}],"wp:featuredmedia":[{"embeddable":true,"href":"https:\/\/lovme.pt\/index.php\/wp-json\/wp\/v2\/media\/95684"}],"wp:attachment":[{"href":"https:\/\/lovme.pt\/index.php\/wp-json\/wp\/v2\/media?parent=47967"}],"wp:term":[{"taxonomy":"product_brand","embeddable":true,"href":"https:\/\/lovme.pt\/index.php\/wp-json\/wp\/v2\/product_brand?post=47967"},{"taxonomy":"product_cat","embeddable":true,"href":"https:\/\/lovme.pt\/index.php\/wp-json\/wp\/v2\/product_cat?post=47967"},{"taxonomy":"product_tag","embeddable":true,"href":"https:\/\/lovme.pt\/index.php\/wp-json\/wp\/v2\/product_tag?post=47967"}],"curies":[{"name":"wp","href":"https:\/\/api.w.org\/{rel}","templated":true}]}}