{"id":47955,"date":"2025-10-01T20:16:34","date_gmt":"2025-10-01T20:16:34","guid":{"rendered":"https:\/\/lovme.pt\/?post_type=product&#038;p=47955"},"modified":"2026-02-19T20:23:04","modified_gmt":"2026-02-19T20:23:04","slug":"calexotics-estimulador-huntington-beach-heartbreaker-e-estimulador-purple-wave-da-california-dreaming","status":"publish","type":"product","link":"https:\/\/lovme.pt\/index.php\/produto\/calexotics-estimulador-huntington-beach-heartbreaker-e-estimulador-purple-wave-da-california-dreaming\/","title":{"rendered":"CALEXOTICS &#8211; ESTIMULADOR E SUCCIONADOR HUNTINGTON BEACH HEARTBREAKER ROXO DA CALIFORNIA DREAMING"},"content":{"rendered":"<p>A divertida cole\u00e7\u00e3o California Dreaming d\u00e1 vida \u00e0s suas fantasias de viagem com o popular Huntington Beach Heartbreaker. Este massageador com design exclusivo est\u00e1 pronto para reviver suas fantasias favoritas de aventura de ver\u00e3o com 10 poderosas fun\u00e7\u00f5es de suc\u00e7\u00e3o clitoriana e 3 velocidades de vibra\u00e7\u00e3o que fazem os joelhos tremerem. Enquanto as vibra\u00e7\u00f5es estrondosas fazem sua m\u00e1gica, a ponta de suc\u00e7\u00e3o de cobertura total proporciona uma estimula\u00e7\u00e3o de suc\u00e7\u00e3o que faz os joelhos tremerem. O inv\u00f3lucro estimulante possui 10 fun\u00e7\u00f5es de suc\u00e7\u00e3o para onda ap\u00f3s onda de estimula\u00e7\u00e3o externa org\u00e1stica. O eixo vibrante deste coelho deslumbrante usa um motor de vibra\u00e7\u00e3o intenso para uma estimula\u00e7\u00e3o interna profundamente satisfat\u00f3ria. As vibra\u00e7\u00f5es do eixo flex\u00edvel podem ser usadas independentemente das fun\u00e7\u00f5es de suc\u00e7\u00e3o para um prazer verdadeiramente personaliz\u00e1vel. Os giros que fazem os joelhos tremerem nesta vibra\u00e7\u00e3o l\u00fadica n\u00e3o s\u00e3o para os fracos! Motores de dupla pot\u00eancia proporcionam vibra\u00e7\u00f5es profundas e suc\u00e7\u00e3o potente. Conecte o cabo USB fornecido \u00e0 porta de carregamento autovedante para recarregar sua paix\u00e3o em 2,5 horas. Desfrute de at\u00e9 90 minutos de prazer intenso. Para controlar a estimula\u00e7\u00e3o sem esfor\u00e7o, o elegante painel de controle de 3 bot\u00f5es permite que voc\u00ea opere as op\u00e7\u00f5es de vibra\u00e7\u00e3o e suc\u00e7\u00e3o de forma independente. O chip de mem\u00f3ria de alta tecnologia lembra exatamente como voc\u00ea gosta e retoma a reprodu\u00e7\u00e3o com a \u00faltima fun\u00e7\u00e3o usada.<\/p>\n<\/p>\n<p> <u><strong>CARACTER\u00cdSTICAS:<\/strong><\/u><\/p>\n<ul>\n<li> Estimulador duplo potente, compacto e vibrat\u00f3rio com suc\u00e7\u00e3o clitoriana.<\/li>\n<li> 3 velocidades de vibra\u00e7\u00e3o independentes no eixo.<\/li>\n<li> 10 fun\u00e7\u00f5es independentes de suc\u00e7\u00e3o \u00edntima no estimulador<\/li>\n<li> Motores duplos<\/li>\n<li> Silicone seguro para o corpo<\/li>\n<li> O chip de mem\u00f3ria de \u00faltima gera\u00e7\u00e3o retoma a \u00faltima fun\u00e7\u00e3o utilizada<\/li>\n<li> Recurso de bloqueio de seguran\u00e7a para viagens: pressione e segure por 3 segundos para ligar ou desligar<\/li>\n<li> Recarreg\u00e1vel USB: Cabo de carregamento inclu\u00eddo<\/li>\n<li> Carga completa em 2,5 horas<\/li>\n<li> Ele funciona por 40 minutos em alta velocidade e 90 minutos em baixa velocidade.<\/li>\n<li> Dimens\u00f5es: haste de 9 x 4,5 cm  estimulador de 2,5 x 3,25 cm<\/li>\n<\/ul>\n<p> <strong>A CalExotics<\/strong> vem transformando &#8220;fantasia em realidade&#8221; h\u00e1 mais de uma d\u00e9cada. Com uma aten\u00e7\u00e3o incompar\u00e1vel aos detalhes, a fundadora e propriet\u00e1ria <strong>da CalExotics<\/strong> , Susan Colvin, tornou a marca California Exotic Novelty sin\u00f4nimo de brinquedos adultos de qualidade. O fato de <strong>a CalExotics<\/strong> ser uma empresa de propriedade e administra\u00e7\u00e3o feminina desempenha um papel significativo em sua ascens\u00e3o mete\u00f3rica ao topo da ind\u00fastria de brinquedos e novidades para adultos.<\/p>\n","protected":false},"excerpt":{"rendered":"<p>CALEXOTICS &#8211; ESTIMULADOR E SUCCIONADOR HUNTINGTON BEACH HEARTBREAKER ROXO DA CALIFORNIA DREAMING<\/p>\n","protected":false},"featured_media":103402,"template":"","meta":{"_acf_changed":false},"product_brand":[],"product_cat":[17,61,64,76],"product_tag":[],"class_list":{"0":"post-47955","1":"product","2":"type-product","3":"status-publish","4":"has-post-thumbnail","6":"product_cat-brinquedos-de-bem-estar-sexual","7":"product_cat-para-elas","8":"product_cat-sugadores","9":"product_cat-vibradores","10":"yith_product_brand-calexotics","12":"first","13":"instock","14":"taxable","15":"shipping-taxable","16":"purchasable","17":"product-type-simple"},"acf":[],"yoast_head":"<!-- This site is optimized with the Yoast SEO plugin v27.3 - https:\/\/yoast.com\/product\/yoast-seo-wordpress\/ -->\n<title>CALEXOTICS - ESTIMULADOR E SUCCIONADOR HUNTINGTON BEACH HEARTBREAKER ROXO DA CALIFORNIA DREAMING - Lovme<\/title>\n<meta name=\"robots\" content=\"index, follow, max-snippet:-1, max-image-preview:large, max-video-preview:-1\" \/>\n<link rel=\"canonical\" href=\"https:\/\/lovme.pt\/index.php\/produto\/calexotics-estimulador-huntington-beach-heartbreaker-e-estimulador-purple-wave-da-california-dreaming\/\" \/>\n<meta property=\"og:locale\" content=\"pt_PT\" \/>\n<meta property=\"og:type\" content=\"article\" \/>\n<meta property=\"og:title\" content=\"CALEXOTICS - ESTIMULADOR E SUCCIONADOR HUNTINGTON BEACH HEARTBREAKER ROXO DA CALIFORNIA DREAMING - Lovme\" \/>\n<meta property=\"og:description\" content=\"CALEXOTICS - ESTIMULADOR E SUCCIONADOR HUNTINGTON BEACH HEARTBREAKER ROXO DA CALIFORNIA DREAMING\" \/>\n<meta property=\"og:url\" content=\"https:\/\/lovme.pt\/index.php\/produto\/calexotics-estimulador-huntington-beach-heartbreaker-e-estimulador-purple-wave-da-california-dreaming\/\" \/>\n<meta property=\"og:site_name\" content=\"Lovme\" \/>\n<meta property=\"article:modified_time\" content=\"2026-02-19T20:23:04+00:00\" \/>\n<meta property=\"og:image\" content=\"https:\/\/erki24nd3ub.exactdn.com\/wp-content\/uploads\/dream\/img\/img_174333_9202477134be4b2192f0a3a36349af3f_1.jpg?strip=all\" \/>\n\t<meta property=\"og:image:width\" content=\"800\" \/>\n\t<meta property=\"og:image:height\" content=\"800\" \/>\n\t<meta property=\"og:image:type\" content=\"image\/jpeg\" \/>\n<meta name=\"twitter:card\" content=\"summary_large_image\" \/>\n<meta name=\"twitter:label1\" content=\"Tempo estimado de leitura\" \/>\n\t<meta name=\"twitter:data1\" content=\"2 minutos\" \/>\n<script type=\"application\/ld+json\" class=\"yoast-schema-graph\">{\"@context\":\"https:\\\/\\\/schema.org\",\"@graph\":[{\"@type\":\"WebPage\",\"@id\":\"https:\\\/\\\/lovme.pt\\\/index.php\\\/produto\\\/calexotics-estimulador-huntington-beach-heartbreaker-e-estimulador-purple-wave-da-california-dreaming\\\/\",\"url\":\"https:\\\/\\\/lovme.pt\\\/index.php\\\/produto\\\/calexotics-estimulador-huntington-beach-heartbreaker-e-estimulador-purple-wave-da-california-dreaming\\\/\",\"name\":\"CALEXOTICS - ESTIMULADOR E SUCCIONADOR HUNTINGTON BEACH HEARTBREAKER ROXO DA CALIFORNIA DREAMING - Lovme\",\"isPartOf\":{\"@id\":\"https:\\\/\\\/lovme.pt\\\/#website\"},\"primaryImageOfPage\":{\"@id\":\"https:\\\/\\\/lovme.pt\\\/index.php\\\/produto\\\/calexotics-estimulador-huntington-beach-heartbreaker-e-estimulador-purple-wave-da-california-dreaming\\\/#primaryimage\"},\"image\":{\"@id\":\"https:\\\/\\\/lovme.pt\\\/index.php\\\/produto\\\/calexotics-estimulador-huntington-beach-heartbreaker-e-estimulador-purple-wave-da-california-dreaming\\\/#primaryimage\"},\"thumbnailUrl\":\"https:\\\/\\\/erki24nd3ub.exactdn.com\\\/wp-content\\\/uploads\\\/dream\\\/img\\\/img_174333_9202477134be4b2192f0a3a36349af3f_1.jpg?strip=all\",\"datePublished\":\"2025-10-01T20:16:34+00:00\",\"dateModified\":\"2026-02-19T20:23:04+00:00\",\"breadcrumb\":{\"@id\":\"https:\\\/\\\/lovme.pt\\\/index.php\\\/produto\\\/calexotics-estimulador-huntington-beach-heartbreaker-e-estimulador-purple-wave-da-california-dreaming\\\/#breadcrumb\"},\"inLanguage\":\"pt-PT\",\"potentialAction\":[{\"@type\":\"ReadAction\",\"target\":[\"https:\\\/\\\/lovme.pt\\\/index.php\\\/produto\\\/calexotics-estimulador-huntington-beach-heartbreaker-e-estimulador-purple-wave-da-california-dreaming\\\/\"]}]},{\"@type\":\"ImageObject\",\"inLanguage\":\"pt-PT\",\"@id\":\"https:\\\/\\\/lovme.pt\\\/index.php\\\/produto\\\/calexotics-estimulador-huntington-beach-heartbreaker-e-estimulador-purple-wave-da-california-dreaming\\\/#primaryimage\",\"url\":\"https:\\\/\\\/erki24nd3ub.exactdn.com\\\/wp-content\\\/uploads\\\/dream\\\/img\\\/img_174333_9202477134be4b2192f0a3a36349af3f_1.jpg?strip=all\",\"contentUrl\":\"https:\\\/\\\/erki24nd3ub.exactdn.com\\\/wp-content\\\/uploads\\\/dream\\\/img\\\/img_174333_9202477134be4b2192f0a3a36349af3f_1.jpg?strip=all\",\"width\":800,\"height\":800},{\"@type\":\"BreadcrumbList\",\"@id\":\"https:\\\/\\\/lovme.pt\\\/index.php\\\/produto\\\/calexotics-estimulador-huntington-beach-heartbreaker-e-estimulador-purple-wave-da-california-dreaming\\\/#breadcrumb\",\"itemListElement\":[{\"@type\":\"ListItem\",\"position\":1,\"name\":\"In\u00edcio\",\"item\":\"https:\\\/\\\/lovme.pt\\\/\"},{\"@type\":\"ListItem\",\"position\":2,\"name\":\"Loja\",\"item\":\"https:\\\/\\\/lovme.pt\\\/index.php\\\/loja\\\/\"},{\"@type\":\"ListItem\",\"position\":3,\"name\":\"CALEXOTICS &#8211; ESTIMULADOR E SUCCIONADOR HUNTINGTON BEACH HEARTBREAKER ROXO DA CALIFORNIA DREAMING\"}]},{\"@type\":\"WebSite\",\"@id\":\"https:\\\/\\\/lovme.pt\\\/#website\",\"url\":\"https:\\\/\\\/lovme.pt\\\/\",\"name\":\"Lovme Loja Er\u00f3tica N\u00ba1 em Portugal\",\"description\":\"A melhor loja er\u00f3tica de Portugal.\",\"alternateName\":\"Loja Er\u00f3tica Lovme\",\"potentialAction\":[{\"@type\":\"SearchAction\",\"target\":{\"@type\":\"EntryPoint\",\"urlTemplate\":\"https:\\\/\\\/lovme.pt\\\/?s={search_term_string}\"},\"query-input\":{\"@type\":\"PropertyValueSpecification\",\"valueRequired\":true,\"valueName\":\"search_term_string\"}}],\"inLanguage\":\"pt-PT\"}]}<\/script>\n<!-- \/ Yoast SEO plugin. -->","yoast_head_json":{"title":"CALEXOTICS - ESTIMULADOR E SUCCIONADOR HUNTINGTON BEACH HEARTBREAKER ROXO DA CALIFORNIA DREAMING - Lovme","robots":{"index":"index","follow":"follow","max-snippet":"max-snippet:-1","max-image-preview":"max-image-preview:large","max-video-preview":"max-video-preview:-1"},"canonical":"https:\/\/lovme.pt\/index.php\/produto\/calexotics-estimulador-huntington-beach-heartbreaker-e-estimulador-purple-wave-da-california-dreaming\/","og_locale":"pt_PT","og_type":"article","og_title":"CALEXOTICS - ESTIMULADOR E SUCCIONADOR HUNTINGTON BEACH HEARTBREAKER ROXO DA CALIFORNIA DREAMING - Lovme","og_description":"CALEXOTICS - ESTIMULADOR E SUCCIONADOR HUNTINGTON BEACH HEARTBREAKER ROXO DA CALIFORNIA DREAMING","og_url":"https:\/\/lovme.pt\/index.php\/produto\/calexotics-estimulador-huntington-beach-heartbreaker-e-estimulador-purple-wave-da-california-dreaming\/","og_site_name":"Lovme","article_modified_time":"2026-02-19T20:23:04+00:00","og_image":[{"width":800,"height":800,"url":"https:\/\/erki24nd3ub.exactdn.com\/wp-content\/uploads\/dream\/img\/img_174333_9202477134be4b2192f0a3a36349af3f_1.jpg?strip=all","type":"image\/jpeg"}],"twitter_card":"summary_large_image","twitter_misc":{"Tempo estimado de leitura":"2 minutos"},"schema":{"@context":"https:\/\/schema.org","@graph":[{"@type":"WebPage","@id":"https:\/\/lovme.pt\/index.php\/produto\/calexotics-estimulador-huntington-beach-heartbreaker-e-estimulador-purple-wave-da-california-dreaming\/","url":"https:\/\/lovme.pt\/index.php\/produto\/calexotics-estimulador-huntington-beach-heartbreaker-e-estimulador-purple-wave-da-california-dreaming\/","name":"CALEXOTICS - ESTIMULADOR E SUCCIONADOR HUNTINGTON BEACH HEARTBREAKER ROXO DA CALIFORNIA DREAMING - Lovme","isPartOf":{"@id":"https:\/\/lovme.pt\/#website"},"primaryImageOfPage":{"@id":"https:\/\/lovme.pt\/index.php\/produto\/calexotics-estimulador-huntington-beach-heartbreaker-e-estimulador-purple-wave-da-california-dreaming\/#primaryimage"},"image":{"@id":"https:\/\/lovme.pt\/index.php\/produto\/calexotics-estimulador-huntington-beach-heartbreaker-e-estimulador-purple-wave-da-california-dreaming\/#primaryimage"},"thumbnailUrl":"https:\/\/erki24nd3ub.exactdn.com\/wp-content\/uploads\/dream\/img\/img_174333_9202477134be4b2192f0a3a36349af3f_1.jpg?strip=all","datePublished":"2025-10-01T20:16:34+00:00","dateModified":"2026-02-19T20:23:04+00:00","breadcrumb":{"@id":"https:\/\/lovme.pt\/index.php\/produto\/calexotics-estimulador-huntington-beach-heartbreaker-e-estimulador-purple-wave-da-california-dreaming\/#breadcrumb"},"inLanguage":"pt-PT","potentialAction":[{"@type":"ReadAction","target":["https:\/\/lovme.pt\/index.php\/produto\/calexotics-estimulador-huntington-beach-heartbreaker-e-estimulador-purple-wave-da-california-dreaming\/"]}]},{"@type":"ImageObject","inLanguage":"pt-PT","@id":"https:\/\/lovme.pt\/index.php\/produto\/calexotics-estimulador-huntington-beach-heartbreaker-e-estimulador-purple-wave-da-california-dreaming\/#primaryimage","url":"https:\/\/erki24nd3ub.exactdn.com\/wp-content\/uploads\/dream\/img\/img_174333_9202477134be4b2192f0a3a36349af3f_1.jpg?strip=all","contentUrl":"https:\/\/erki24nd3ub.exactdn.com\/wp-content\/uploads\/dream\/img\/img_174333_9202477134be4b2192f0a3a36349af3f_1.jpg?strip=all","width":800,"height":800},{"@type":"BreadcrumbList","@id":"https:\/\/lovme.pt\/index.php\/produto\/calexotics-estimulador-huntington-beach-heartbreaker-e-estimulador-purple-wave-da-california-dreaming\/#breadcrumb","itemListElement":[{"@type":"ListItem","position":1,"name":"In\u00edcio","item":"https:\/\/lovme.pt\/"},{"@type":"ListItem","position":2,"name":"Loja","item":"https:\/\/lovme.pt\/index.php\/loja\/"},{"@type":"ListItem","position":3,"name":"CALEXOTICS &#8211; ESTIMULADOR E SUCCIONADOR HUNTINGTON BEACH HEARTBREAKER ROXO DA CALIFORNIA DREAMING"}]},{"@type":"WebSite","@id":"https:\/\/lovme.pt\/#website","url":"https:\/\/lovme.pt\/","name":"Lovme Loja Er\u00f3tica N\u00ba1 em Portugal","description":"A melhor loja er\u00f3tica de Portugal.","alternateName":"Loja Er\u00f3tica Lovme","potentialAction":[{"@type":"SearchAction","target":{"@type":"EntryPoint","urlTemplate":"https:\/\/lovme.pt\/?s={search_term_string}"},"query-input":{"@type":"PropertyValueSpecification","valueRequired":true,"valueName":"search_term_string"}}],"inLanguage":"pt-PT"}]}},"_links":{"self":[{"href":"https:\/\/lovme.pt\/index.php\/wp-json\/wp\/v2\/product\/47955","targetHints":{"allow":["GET"]}}],"collection":[{"href":"https:\/\/lovme.pt\/index.php\/wp-json\/wp\/v2\/product"}],"about":[{"href":"https:\/\/lovme.pt\/index.php\/wp-json\/wp\/v2\/types\/product"}],"wp:featuredmedia":[{"embeddable":true,"href":"https:\/\/lovme.pt\/index.php\/wp-json\/wp\/v2\/media\/103402"}],"wp:attachment":[{"href":"https:\/\/lovme.pt\/index.php\/wp-json\/wp\/v2\/media?parent=47955"}],"wp:term":[{"taxonomy":"product_brand","embeddable":true,"href":"https:\/\/lovme.pt\/index.php\/wp-json\/wp\/v2\/product_brand?post=47955"},{"taxonomy":"product_cat","embeddable":true,"href":"https:\/\/lovme.pt\/index.php\/wp-json\/wp\/v2\/product_cat?post=47955"},{"taxonomy":"product_tag","embeddable":true,"href":"https:\/\/lovme.pt\/index.php\/wp-json\/wp\/v2\/product_tag?post=47955"}],"curies":[{"name":"wp","href":"https:\/\/api.w.org\/{rel}","templated":true}]}}