{"id":47954,"date":"2025-09-30T22:01:39","date_gmt":"2025-09-30T22:01:39","guid":{"rendered":"https:\/\/lovme.pt\/?post_type=product&p=47954"},"modified":"2026-02-19T20:09:02","modified_gmt":"2026-02-19T20:09:02","slug":"calexotics-assim-cal-sunshine-vibrador-coelho-fucsia-por-california-dreaming","status":"publish","type":"product","link":"https:\/\/lovme.pt\/index.php\/produto\/calexotics-assim-cal-sunshine-vibrador-coelho-fucsia-por-california-dreaming\/","title":{"rendered":"CALEXOTICS &#8211; ASSIM. CAL SUNSHINE VIBRADOR COELHO F\u00daCSIA POR CALIFORNIA DREAMING"},"content":{"rendered":"<p>Desfrute onda ap\u00f3s onda de prazer com este California Dreaming So compacto. Cal Sunshine vibra contra seus pontos doces mais sensuais. As 10 fun\u00e7\u00f5es de vibra\u00e7\u00e3o intensa do provocador de c\u00f3cegas, as 3 velocidades do pequeno eixo e os potentes motores duplos ir\u00e3o transport\u00e1-lo para um para\u00edso de prazer. O teaser de coelho com contornos sensuais e a haste curva s\u00e3o excelentes para acariciar pontos de prazer internos e externos. Para uma superf\u00edcie ultralisa, este vibrador e estimulador de formato curvo foi projetado para voc\u00ea. Silicone premium coberto com elegantes bot\u00f5es de perfil. Desfrute do prazer personalizado com as 3 velocidades de vibra\u00e7\u00e3o do eixo agitador e as 10 poderosas fun\u00e7\u00f5es de vibra\u00e7\u00e3o, pulsa\u00e7\u00e3o e escalada do estimulador. Desfrute de um prazer superalimentado com os ousados motores duplos para vibra\u00e7\u00f5es intensas. O controle f\u00e1cil de tocar com tr\u00eas bot\u00f5es permite alternar entre as configura\u00e7\u00f5es de vibra\u00e7\u00e3o ou usar o recurso de bloqueio de viagem seguro para deixar sua paix\u00e3o lev\u00e1-lo aonde voc\u00ea quiser. Recarregue o vibrador de silicone premium em 2,5 horas com o cabo de carregamento USB inclu\u00eddo para desfrutar de 40 minutos de estimula\u00e7\u00e3o em alta velocidade ou 90 minutos de vibra\u00e7\u00f5es em baixa velocidade. Enquanto o bot\u00e3o de f\u00e1cil toque controla a intensidade e a vibra\u00e7\u00e3o proporciona a estimula\u00e7\u00e3o que voc\u00ea deseja, o corpo flex\u00edvel proporciona prazer exatamente onde voc\u00ea deseja. A porta de carregamento autovedante e o corpo praticamente perfeito permitem que voc\u00ea se mantenha aquecido com este dispositivo \u00e0 prova d\u00e1gua. O silicone premium \u00e9 seguro para o corpo, sem fragr\u00e2ncia e sem ftalatos para manter os pontos mais sens\u00edveis felizes e saud\u00e1veis.<\/p>\n<\/p>\n<p> <u><strong>CARACTER\u00cdSTICAS:<\/strong><\/u><\/p>\n<ul>\n<li> Estimulador duplo potente, compacto e vibrat\u00f3rio com orelhas de coelho piscantes.<\/li>\n<li> 3 velocidades de vibra\u00e7\u00e3o independente no eixo.<\/li>\n<li> 10 fun\u00e7\u00f5es intensas de vibra\u00e7\u00e3o, pulsa\u00e7\u00e3o e escalada independentes no estimulador<\/li>\n<li> Motores duplos<\/li>\n<li> Silicone seguro para o corpo<\/li>\n<li> Chip de mem\u00f3ria de \u00faltima gera\u00e7\u00e3o \u00e9 retomado com a \u00faltima fun\u00e7\u00e3o usada<\/li>\n<li> Recurso de bloqueio de seguran\u00e7a de viagem: pressione e segure por 3 segundos para ligar ou desligar<\/li>\n<li> USB recarreg\u00e1vel: cabo de carregamento inclu\u00eddo<\/li>\n<li> Carga completa em 2,5 horas<\/li>\n<li> Funciona por 40 minutos em alta velocidade e 90 minutos em baixa velocidade.<\/li>\n<li> Dimens\u00f5es: eixo 9,5 x 3,75 cm  Estimulador de 4,5 x 2 cm<\/li>\n<\/ul>\n<\/p>\n<p> <strong>A CalExotics<\/strong> tem transformado constantemente \u201cfantasia em realidade\u201d h\u00e1 mais de uma d\u00e9cada. Com aten\u00e7\u00e3o incompar\u00e1vel aos detalhes, a fundadora e propriet\u00e1ria da CalExotics, Susan Colvin, tornou a marca California Exotic Novelty sin\u00f4nimo de brinquedos para adultos de qualidade. O fato de a CalExotics ser uma empresa pertencente e operada por mulheres desempenha um papel importante em sua ascens\u00e3o mete\u00f3rica ao topo da ind\u00fastria de brinquedos e novidades para adultos. .<\/p>\n","protected":false},"excerpt":{"rendered":"<p>CALEXOTICS &#8211; ASSIM. CAL SUNSHINE VIBRADOR COELHO F\u00daCSIA POR CALIFORNIA DREAMING<\/p>\n","protected":false},"featured_media":73102,"template":"","meta":{"_acf_changed":false},"product_brand":[],"product_cat":[17,61,76],"product_tag":[],"class_list":{"0":"post-47954","1":"product","2":"type-product","3":"status-publish","4":"has-post-thumbnail","6":"product_cat-brinquedos-de-bem-estar-sexual","7":"product_cat-para-elas","8":"product_cat-vibradores","9":"yith_product_brand-calexotics","11":"first","12":"instock","13":"taxable","14":"shipping-taxable","15":"purchasable","16":"product-type-simple"},"acf":[],"yoast_head":"<!-- This site is optimized with the Yoast SEO plugin v27.3 - https:\/\/yoast.com\/product\/yoast-seo-wordpress\/ -->\n<title>CALEXOTICS - ASSIM. CAL SUNSHINE VIBRADOR COELHO F\u00daCSIA POR CALIFORNIA DREAMING - Lovme<\/title>\n<meta name=\"robots\" content=\"index, follow, max-snippet:-1, max-image-preview:large, max-video-preview:-1\" \/>\n<link rel=\"canonical\" href=\"https:\/\/lovme.pt\/index.php\/produto\/calexotics-assim-cal-sunshine-vibrador-coelho-fucsia-por-california-dreaming\/\" \/>\n<meta property=\"og:locale\" content=\"pt_PT\" \/>\n<meta property=\"og:type\" content=\"article\" \/>\n<meta property=\"og:title\" content=\"CALEXOTICS - ASSIM. CAL SUNSHINE VIBRADOR COELHO F\u00daCSIA POR CALIFORNIA DREAMING - Lovme\" \/>\n<meta property=\"og:description\" content=\"CALEXOTICS - ASSIM. CAL SUNSHINE VIBRADOR COELHO F\u00daCSIA POR CALIFORNIA DREAMING\" \/>\n<meta property=\"og:url\" content=\"https:\/\/lovme.pt\/index.php\/produto\/calexotics-assim-cal-sunshine-vibrador-coelho-fucsia-por-california-dreaming\/\" \/>\n<meta property=\"og:site_name\" content=\"Lovme\" \/>\n<meta property=\"article:modified_time\" content=\"2026-02-19T20:09:02+00:00\" \/>\n<meta property=\"og:image\" content=\"https:\/\/erki24nd3ub.exactdn.com\/wp-content\/uploads\/dream\/img\/img_174323_8c92f6098a736350787129147fe37dbe_1.jpg?strip=all\" \/>\n\t<meta property=\"og:image:width\" content=\"800\" \/>\n\t<meta property=\"og:image:height\" content=\"800\" \/>\n\t<meta property=\"og:image:type\" content=\"image\/jpeg\" \/>\n<meta name=\"twitter:card\" content=\"summary_large_image\" \/>\n<meta name=\"twitter:label1\" content=\"Tempo estimado de leitura\" \/>\n\t<meta name=\"twitter:data1\" content=\"2 minutos\" \/>\n<script type=\"application\/ld+json\" class=\"yoast-schema-graph\">{\"@context\":\"https:\\\/\\\/schema.org\",\"@graph\":[{\"@type\":\"WebPage\",\"@id\":\"https:\\\/\\\/lovme.pt\\\/index.php\\\/produto\\\/calexotics-assim-cal-sunshine-vibrador-coelho-fucsia-por-california-dreaming\\\/\",\"url\":\"https:\\\/\\\/lovme.pt\\\/index.php\\\/produto\\\/calexotics-assim-cal-sunshine-vibrador-coelho-fucsia-por-california-dreaming\\\/\",\"name\":\"CALEXOTICS - ASSIM. CAL SUNSHINE VIBRADOR COELHO F\u00daCSIA POR CALIFORNIA DREAMING - Lovme\",\"isPartOf\":{\"@id\":\"https:\\\/\\\/lovme.pt\\\/#website\"},\"primaryImageOfPage\":{\"@id\":\"https:\\\/\\\/lovme.pt\\\/index.php\\\/produto\\\/calexotics-assim-cal-sunshine-vibrador-coelho-fucsia-por-california-dreaming\\\/#primaryimage\"},\"image\":{\"@id\":\"https:\\\/\\\/lovme.pt\\\/index.php\\\/produto\\\/calexotics-assim-cal-sunshine-vibrador-coelho-fucsia-por-california-dreaming\\\/#primaryimage\"},\"thumbnailUrl\":\"https:\\\/\\\/erki24nd3ub.exactdn.com\\\/wp-content\\\/uploads\\\/dream\\\/img\\\/img_174323_8c92f6098a736350787129147fe37dbe_1.jpg?strip=all\",\"datePublished\":\"2025-09-30T22:01:39+00:00\",\"dateModified\":\"2026-02-19T20:09:02+00:00\",\"breadcrumb\":{\"@id\":\"https:\\\/\\\/lovme.pt\\\/index.php\\\/produto\\\/calexotics-assim-cal-sunshine-vibrador-coelho-fucsia-por-california-dreaming\\\/#breadcrumb\"},\"inLanguage\":\"pt-PT\",\"potentialAction\":[{\"@type\":\"ReadAction\",\"target\":[\"https:\\\/\\\/lovme.pt\\\/index.php\\\/produto\\\/calexotics-assim-cal-sunshine-vibrador-coelho-fucsia-por-california-dreaming\\\/\"]}]},{\"@type\":\"ImageObject\",\"inLanguage\":\"pt-PT\",\"@id\":\"https:\\\/\\\/lovme.pt\\\/index.php\\\/produto\\\/calexotics-assim-cal-sunshine-vibrador-coelho-fucsia-por-california-dreaming\\\/#primaryimage\",\"url\":\"https:\\\/\\\/erki24nd3ub.exactdn.com\\\/wp-content\\\/uploads\\\/dream\\\/img\\\/img_174323_8c92f6098a736350787129147fe37dbe_1.jpg?strip=all\",\"contentUrl\":\"https:\\\/\\\/erki24nd3ub.exactdn.com\\\/wp-content\\\/uploads\\\/dream\\\/img\\\/img_174323_8c92f6098a736350787129147fe37dbe_1.jpg?strip=all\",\"width\":800,\"height\":800},{\"@type\":\"BreadcrumbList\",\"@id\":\"https:\\\/\\\/lovme.pt\\\/index.php\\\/produto\\\/calexotics-assim-cal-sunshine-vibrador-coelho-fucsia-por-california-dreaming\\\/#breadcrumb\",\"itemListElement\":[{\"@type\":\"ListItem\",\"position\":1,\"name\":\"In\u00edcio\",\"item\":\"https:\\\/\\\/lovme.pt\\\/\"},{\"@type\":\"ListItem\",\"position\":2,\"name\":\"Loja\",\"item\":\"https:\\\/\\\/lovme.pt\\\/index.php\\\/loja\\\/\"},{\"@type\":\"ListItem\",\"position\":3,\"name\":\"CALEXOTICS &#8211; ASSIM. CAL SUNSHINE VIBRADOR COELHO F\u00daCSIA POR CALIFORNIA DREAMING\"}]},{\"@type\":\"WebSite\",\"@id\":\"https:\\\/\\\/lovme.pt\\\/#website\",\"url\":\"https:\\\/\\\/lovme.pt\\\/\",\"name\":\"Lovme Loja Er\u00f3tica N\u00ba1 em Portugal\",\"description\":\"A melhor loja er\u00f3tica de Portugal.\",\"alternateName\":\"Loja Er\u00f3tica Lovme\",\"potentialAction\":[{\"@type\":\"SearchAction\",\"target\":{\"@type\":\"EntryPoint\",\"urlTemplate\":\"https:\\\/\\\/lovme.pt\\\/?s={search_term_string}\"},\"query-input\":{\"@type\":\"PropertyValueSpecification\",\"valueRequired\":true,\"valueName\":\"search_term_string\"}}],\"inLanguage\":\"pt-PT\"}]}<\/script>\n<!-- \/ Yoast SEO plugin. -->","yoast_head_json":{"title":"CALEXOTICS - ASSIM. CAL SUNSHINE VIBRADOR COELHO F\u00daCSIA POR CALIFORNIA DREAMING - Lovme","robots":{"index":"index","follow":"follow","max-snippet":"max-snippet:-1","max-image-preview":"max-image-preview:large","max-video-preview":"max-video-preview:-1"},"canonical":"https:\/\/lovme.pt\/index.php\/produto\/calexotics-assim-cal-sunshine-vibrador-coelho-fucsia-por-california-dreaming\/","og_locale":"pt_PT","og_type":"article","og_title":"CALEXOTICS - ASSIM. CAL SUNSHINE VIBRADOR COELHO F\u00daCSIA POR CALIFORNIA DREAMING - Lovme","og_description":"CALEXOTICS - ASSIM. CAL SUNSHINE VIBRADOR COELHO F\u00daCSIA POR CALIFORNIA DREAMING","og_url":"https:\/\/lovme.pt\/index.php\/produto\/calexotics-assim-cal-sunshine-vibrador-coelho-fucsia-por-california-dreaming\/","og_site_name":"Lovme","article_modified_time":"2026-02-19T20:09:02+00:00","og_image":[{"width":800,"height":800,"url":"https:\/\/erki24nd3ub.exactdn.com\/wp-content\/uploads\/dream\/img\/img_174323_8c92f6098a736350787129147fe37dbe_1.jpg?strip=all","type":"image\/jpeg"}],"twitter_card":"summary_large_image","twitter_misc":{"Tempo estimado de leitura":"2 minutos"},"schema":{"@context":"https:\/\/schema.org","@graph":[{"@type":"WebPage","@id":"https:\/\/lovme.pt\/index.php\/produto\/calexotics-assim-cal-sunshine-vibrador-coelho-fucsia-por-california-dreaming\/","url":"https:\/\/lovme.pt\/index.php\/produto\/calexotics-assim-cal-sunshine-vibrador-coelho-fucsia-por-california-dreaming\/","name":"CALEXOTICS - ASSIM. CAL SUNSHINE VIBRADOR COELHO F\u00daCSIA POR CALIFORNIA DREAMING - Lovme","isPartOf":{"@id":"https:\/\/lovme.pt\/#website"},"primaryImageOfPage":{"@id":"https:\/\/lovme.pt\/index.php\/produto\/calexotics-assim-cal-sunshine-vibrador-coelho-fucsia-por-california-dreaming\/#primaryimage"},"image":{"@id":"https:\/\/lovme.pt\/index.php\/produto\/calexotics-assim-cal-sunshine-vibrador-coelho-fucsia-por-california-dreaming\/#primaryimage"},"thumbnailUrl":"https:\/\/erki24nd3ub.exactdn.com\/wp-content\/uploads\/dream\/img\/img_174323_8c92f6098a736350787129147fe37dbe_1.jpg?strip=all","datePublished":"2025-09-30T22:01:39+00:00","dateModified":"2026-02-19T20:09:02+00:00","breadcrumb":{"@id":"https:\/\/lovme.pt\/index.php\/produto\/calexotics-assim-cal-sunshine-vibrador-coelho-fucsia-por-california-dreaming\/#breadcrumb"},"inLanguage":"pt-PT","potentialAction":[{"@type":"ReadAction","target":["https:\/\/lovme.pt\/index.php\/produto\/calexotics-assim-cal-sunshine-vibrador-coelho-fucsia-por-california-dreaming\/"]}]},{"@type":"ImageObject","inLanguage":"pt-PT","@id":"https:\/\/lovme.pt\/index.php\/produto\/calexotics-assim-cal-sunshine-vibrador-coelho-fucsia-por-california-dreaming\/#primaryimage","url":"https:\/\/erki24nd3ub.exactdn.com\/wp-content\/uploads\/dream\/img\/img_174323_8c92f6098a736350787129147fe37dbe_1.jpg?strip=all","contentUrl":"https:\/\/erki24nd3ub.exactdn.com\/wp-content\/uploads\/dream\/img\/img_174323_8c92f6098a736350787129147fe37dbe_1.jpg?strip=all","width":800,"height":800},{"@type":"BreadcrumbList","@id":"https:\/\/lovme.pt\/index.php\/produto\/calexotics-assim-cal-sunshine-vibrador-coelho-fucsia-por-california-dreaming\/#breadcrumb","itemListElement":[{"@type":"ListItem","position":1,"name":"In\u00edcio","item":"https:\/\/lovme.pt\/"},{"@type":"ListItem","position":2,"name":"Loja","item":"https:\/\/lovme.pt\/index.php\/loja\/"},{"@type":"ListItem","position":3,"name":"CALEXOTICS &#8211; ASSIM. CAL SUNSHINE VIBRADOR COELHO F\u00daCSIA POR CALIFORNIA DREAMING"}]},{"@type":"WebSite","@id":"https:\/\/lovme.pt\/#website","url":"https:\/\/lovme.pt\/","name":"Lovme Loja Er\u00f3tica N\u00ba1 em Portugal","description":"A melhor loja er\u00f3tica de Portugal.","alternateName":"Loja Er\u00f3tica Lovme","potentialAction":[{"@type":"SearchAction","target":{"@type":"EntryPoint","urlTemplate":"https:\/\/lovme.pt\/?s={search_term_string}"},"query-input":{"@type":"PropertyValueSpecification","valueRequired":true,"valueName":"search_term_string"}}],"inLanguage":"pt-PT"}]}},"_links":{"self":[{"href":"https:\/\/lovme.pt\/index.php\/wp-json\/wp\/v2\/product\/47954","targetHints":{"allow":["GET"]}}],"collection":[{"href":"https:\/\/lovme.pt\/index.php\/wp-json\/wp\/v2\/product"}],"about":[{"href":"https:\/\/lovme.pt\/index.php\/wp-json\/wp\/v2\/types\/product"}],"wp:featuredmedia":[{"embeddable":true,"href":"https:\/\/lovme.pt\/index.php\/wp-json\/wp\/v2\/media\/73102"}],"wp:attachment":[{"href":"https:\/\/lovme.pt\/index.php\/wp-json\/wp\/v2\/media?parent=47954"}],"wp:term":[{"taxonomy":"product_brand","embeddable":true,"href":"https:\/\/lovme.pt\/index.php\/wp-json\/wp\/v2\/product_brand?post=47954"},{"taxonomy":"product_cat","embeddable":true,"href":"https:\/\/lovme.pt\/index.php\/wp-json\/wp\/v2\/product_cat?post=47954"},{"taxonomy":"product_tag","embeddable":true,"href":"https:\/\/lovme.pt\/index.php\/wp-json\/wp\/v2\/product_tag?post=47954"}],"curies":[{"name":"wp","href":"https:\/\/api.w.org\/{rel}","templated":true}]}}