{"id":47953,"date":"2025-09-30T22:01:37","date_gmt":"2025-09-30T22:01:37","guid":{"rendered":"https:\/\/lovme.pt\/?post_type=product&p=47953"},"modified":"2026-02-19T20:09:02","modified_gmt":"2026-02-19T20:09:02","slug":"calexotics-mod-estimulador-de-inclinao-vermelho","status":"publish","type":"product","link":"https:\/\/lovme.pt\/index.php\/produto\/calexotics-mod-estimulador-de-inclinao-vermelho\/","title":{"rendered":"CALEXOTICS &#8211; MOD ESTIMULADOR DE INCLINAO VERMELHO"},"content":{"rendered":"<p>Embarque em uma jornada sensorial com Mod Tilt, inclinado para estimula\u00e7\u00e3o completa. Com 10 velocidades de vibra\u00e7\u00e3o intensas, personalize sua experi\u00eancia, desde ronronados suaves at\u00e9 rugidos poderosos. Feito com silicone l\u00edquido, \u00e9 macio, dur\u00e1vel e \u00e0 prova d\u00e1gua para brincadeiras vers\u00e1teis. O chip de mem\u00f3ria retoma a \u00faltima configura\u00e7\u00e3o, enquanto o bloqueio de viagem garante discri\u00e7\u00e3o em movimento. Recarreg\u00e1vel por USB, oferece 60 minutos de alta velocidade ou 100 minutos de baixa velocidade ap\u00f3s apenas 2 horas de carregamento. Explore o puro prazer com o Mod Tilt, onde o luxo encontra a precis\u00e3o para uma satisfa\u00e7\u00e3o duradoura.<\/p>\n<\/p>\n<p> <u><strong>CARACTER\u00cdSTICAS:<\/strong><\/u><\/p>\n<ul>\n<li> Angulado para estimula\u00e7\u00e3o de contato total<\/li>\n<li> 10 velocidades de vibra\u00e7\u00e3o intensa<\/li>\n<li> Silicone l\u00edquido: mais macio, dur\u00e1vel e \u00e0 prova d\u00e1gua<\/li>\n<li> Estado de O chip de mem\u00f3ria de \u00faltima gera\u00e7\u00e3o \u00e9 retomado na \u00faltima velocidade usada<\/li>\n<li> Recurso de bloqueio de seguran\u00e7a de viagem: pressione e segure por 3 segundos para ligar ou desligar<\/li>\n<li> USB recarreg\u00e1vel: cabo de carregamento inclu\u00eddo<\/li>\n<li> Carga completa em 2 horas<\/li>\n<li> Funciona por 60 minutos em alta velocidade e 100 minutos em baixa velocidade<\/li>\n<\/ul>\n<p> <strong>A CalExotics<\/strong> tem transformado constantemente \u201cfantasia em realidade\u201d h\u00e1 mais de uma d\u00e9cada. Com aten\u00e7\u00e3o incompar\u00e1vel aos detalhes, a fundadora e propriet\u00e1ria da CalExotics, Susan Colvin, tornou a marca California Exotic Novelty sin\u00f4nimo de brinquedos para adultos de qualidade. O fato de a CalExotics ser uma empresa pertencente e operada por mulheres desempenha um papel importante em sua ascens\u00e3o mete\u00f3rica ao topo da ind\u00fastria de brinquedos e novidades para adultos. .<\/p>\n","protected":false},"excerpt":{"rendered":"<p>CALEXOTICS &#8211; MOD ESTIMULADOR DE INCLINAO VERMELHO<\/p>\n","protected":false},"featured_media":73097,"template":"","meta":{"_acf_changed":false},"product_brand":[],"product_cat":[17,61],"product_tag":[],"class_list":{"0":"post-47953","1":"product","2":"type-product","3":"status-publish","4":"has-post-thumbnail","6":"product_cat-brinquedos-de-bem-estar-sexual","7":"product_cat-para-elas","8":"yith_product_brand-calexotics","10":"first","11":"instock","12":"taxable","13":"shipping-taxable","14":"purchasable","15":"product-type-simple"},"acf":[],"yoast_head":"<!-- This site is optimized with the Yoast SEO plugin v27.3 - https:\/\/yoast.com\/product\/yoast-seo-wordpress\/ -->\n<title>CALEXOTICS - MOD ESTIMULADOR DE INCLINAO VERMELHO - Lovme<\/title>\n<meta name=\"robots\" content=\"index, follow, max-snippet:-1, max-image-preview:large, max-video-preview:-1\" \/>\n<link rel=\"canonical\" href=\"https:\/\/lovme.pt\/index.php\/produto\/calexotics-mod-estimulador-de-inclinao-vermelho\/\" \/>\n<meta property=\"og:locale\" content=\"pt_PT\" \/>\n<meta property=\"og:type\" content=\"article\" \/>\n<meta property=\"og:title\" content=\"CALEXOTICS - MOD ESTIMULADOR DE INCLINAO VERMELHO - Lovme\" \/>\n<meta property=\"og:description\" content=\"CALEXOTICS - MOD ESTIMULADOR DE INCLINAO VERMELHO\" \/>\n<meta property=\"og:url\" content=\"https:\/\/lovme.pt\/index.php\/produto\/calexotics-mod-estimulador-de-inclinao-vermelho\/\" \/>\n<meta property=\"og:site_name\" content=\"Lovme\" \/>\n<meta property=\"article:modified_time\" content=\"2026-02-19T20:09:02+00:00\" \/>\n<meta property=\"og:image\" content=\"https:\/\/erki24nd3ub.exactdn.com\/wp-content\/uploads\/dream\/img\/img_174306_c7f44f476bb6b264bf40b5d8e0b5ba64_1.jpg?strip=all\" \/>\n\t<meta property=\"og:image:width\" content=\"800\" \/>\n\t<meta property=\"og:image:height\" content=\"800\" \/>\n\t<meta property=\"og:image:type\" content=\"image\/jpeg\" \/>\n<meta name=\"twitter:card\" content=\"summary_large_image\" \/>\n<meta name=\"twitter:label1\" content=\"Tempo estimado de leitura\" \/>\n\t<meta name=\"twitter:data1\" content=\"1 minuto\" \/>\n<script type=\"application\/ld+json\" class=\"yoast-schema-graph\">{\"@context\":\"https:\\\/\\\/schema.org\",\"@graph\":[{\"@type\":\"WebPage\",\"@id\":\"https:\\\/\\\/lovme.pt\\\/index.php\\\/produto\\\/calexotics-mod-estimulador-de-inclinao-vermelho\\\/\",\"url\":\"https:\\\/\\\/lovme.pt\\\/index.php\\\/produto\\\/calexotics-mod-estimulador-de-inclinao-vermelho\\\/\",\"name\":\"CALEXOTICS - MOD ESTIMULADOR DE INCLINAO VERMELHO - Lovme\",\"isPartOf\":{\"@id\":\"https:\\\/\\\/lovme.pt\\\/#website\"},\"primaryImageOfPage\":{\"@id\":\"https:\\\/\\\/lovme.pt\\\/index.php\\\/produto\\\/calexotics-mod-estimulador-de-inclinao-vermelho\\\/#primaryimage\"},\"image\":{\"@id\":\"https:\\\/\\\/lovme.pt\\\/index.php\\\/produto\\\/calexotics-mod-estimulador-de-inclinao-vermelho\\\/#primaryimage\"},\"thumbnailUrl\":\"https:\\\/\\\/erki24nd3ub.exactdn.com\\\/wp-content\\\/uploads\\\/dream\\\/img\\\/img_174306_c7f44f476bb6b264bf40b5d8e0b5ba64_1.jpg?strip=all\",\"datePublished\":\"2025-09-30T22:01:37+00:00\",\"dateModified\":\"2026-02-19T20:09:02+00:00\",\"breadcrumb\":{\"@id\":\"https:\\\/\\\/lovme.pt\\\/index.php\\\/produto\\\/calexotics-mod-estimulador-de-inclinao-vermelho\\\/#breadcrumb\"},\"inLanguage\":\"pt-PT\",\"potentialAction\":[{\"@type\":\"ReadAction\",\"target\":[\"https:\\\/\\\/lovme.pt\\\/index.php\\\/produto\\\/calexotics-mod-estimulador-de-inclinao-vermelho\\\/\"]}]},{\"@type\":\"ImageObject\",\"inLanguage\":\"pt-PT\",\"@id\":\"https:\\\/\\\/lovme.pt\\\/index.php\\\/produto\\\/calexotics-mod-estimulador-de-inclinao-vermelho\\\/#primaryimage\",\"url\":\"https:\\\/\\\/erki24nd3ub.exactdn.com\\\/wp-content\\\/uploads\\\/dream\\\/img\\\/img_174306_c7f44f476bb6b264bf40b5d8e0b5ba64_1.jpg?strip=all\",\"contentUrl\":\"https:\\\/\\\/erki24nd3ub.exactdn.com\\\/wp-content\\\/uploads\\\/dream\\\/img\\\/img_174306_c7f44f476bb6b264bf40b5d8e0b5ba64_1.jpg?strip=all\",\"width\":800,\"height\":800},{\"@type\":\"BreadcrumbList\",\"@id\":\"https:\\\/\\\/lovme.pt\\\/index.php\\\/produto\\\/calexotics-mod-estimulador-de-inclinao-vermelho\\\/#breadcrumb\",\"itemListElement\":[{\"@type\":\"ListItem\",\"position\":1,\"name\":\"In\u00edcio\",\"item\":\"https:\\\/\\\/lovme.pt\\\/\"},{\"@type\":\"ListItem\",\"position\":2,\"name\":\"Loja\",\"item\":\"https:\\\/\\\/lovme.pt\\\/index.php\\\/loja\\\/\"},{\"@type\":\"ListItem\",\"position\":3,\"name\":\"CALEXOTICS &#8211; MOD ESTIMULADOR DE INCLINAO VERMELHO\"}]},{\"@type\":\"WebSite\",\"@id\":\"https:\\\/\\\/lovme.pt\\\/#website\",\"url\":\"https:\\\/\\\/lovme.pt\\\/\",\"name\":\"Lovme Loja Er\u00f3tica N\u00ba1 em Portugal\",\"description\":\"A melhor loja er\u00f3tica de Portugal.\",\"alternateName\":\"Loja Er\u00f3tica Lovme\",\"potentialAction\":[{\"@type\":\"SearchAction\",\"target\":{\"@type\":\"EntryPoint\",\"urlTemplate\":\"https:\\\/\\\/lovme.pt\\\/?s={search_term_string}\"},\"query-input\":{\"@type\":\"PropertyValueSpecification\",\"valueRequired\":true,\"valueName\":\"search_term_string\"}}],\"inLanguage\":\"pt-PT\"}]}<\/script>\n<!-- \/ Yoast SEO plugin. -->","yoast_head_json":{"title":"CALEXOTICS - MOD ESTIMULADOR DE INCLINAO VERMELHO - Lovme","robots":{"index":"index","follow":"follow","max-snippet":"max-snippet:-1","max-image-preview":"max-image-preview:large","max-video-preview":"max-video-preview:-1"},"canonical":"https:\/\/lovme.pt\/index.php\/produto\/calexotics-mod-estimulador-de-inclinao-vermelho\/","og_locale":"pt_PT","og_type":"article","og_title":"CALEXOTICS - MOD ESTIMULADOR DE INCLINAO VERMELHO - Lovme","og_description":"CALEXOTICS - MOD ESTIMULADOR DE INCLINAO VERMELHO","og_url":"https:\/\/lovme.pt\/index.php\/produto\/calexotics-mod-estimulador-de-inclinao-vermelho\/","og_site_name":"Lovme","article_modified_time":"2026-02-19T20:09:02+00:00","og_image":[{"width":800,"height":800,"url":"https:\/\/erki24nd3ub.exactdn.com\/wp-content\/uploads\/dream\/img\/img_174306_c7f44f476bb6b264bf40b5d8e0b5ba64_1.jpg?strip=all","type":"image\/jpeg"}],"twitter_card":"summary_large_image","twitter_misc":{"Tempo estimado de leitura":"1 minuto"},"schema":{"@context":"https:\/\/schema.org","@graph":[{"@type":"WebPage","@id":"https:\/\/lovme.pt\/index.php\/produto\/calexotics-mod-estimulador-de-inclinao-vermelho\/","url":"https:\/\/lovme.pt\/index.php\/produto\/calexotics-mod-estimulador-de-inclinao-vermelho\/","name":"CALEXOTICS - MOD ESTIMULADOR DE INCLINAO VERMELHO - Lovme","isPartOf":{"@id":"https:\/\/lovme.pt\/#website"},"primaryImageOfPage":{"@id":"https:\/\/lovme.pt\/index.php\/produto\/calexotics-mod-estimulador-de-inclinao-vermelho\/#primaryimage"},"image":{"@id":"https:\/\/lovme.pt\/index.php\/produto\/calexotics-mod-estimulador-de-inclinao-vermelho\/#primaryimage"},"thumbnailUrl":"https:\/\/erki24nd3ub.exactdn.com\/wp-content\/uploads\/dream\/img\/img_174306_c7f44f476bb6b264bf40b5d8e0b5ba64_1.jpg?strip=all","datePublished":"2025-09-30T22:01:37+00:00","dateModified":"2026-02-19T20:09:02+00:00","breadcrumb":{"@id":"https:\/\/lovme.pt\/index.php\/produto\/calexotics-mod-estimulador-de-inclinao-vermelho\/#breadcrumb"},"inLanguage":"pt-PT","potentialAction":[{"@type":"ReadAction","target":["https:\/\/lovme.pt\/index.php\/produto\/calexotics-mod-estimulador-de-inclinao-vermelho\/"]}]},{"@type":"ImageObject","inLanguage":"pt-PT","@id":"https:\/\/lovme.pt\/index.php\/produto\/calexotics-mod-estimulador-de-inclinao-vermelho\/#primaryimage","url":"https:\/\/erki24nd3ub.exactdn.com\/wp-content\/uploads\/dream\/img\/img_174306_c7f44f476bb6b264bf40b5d8e0b5ba64_1.jpg?strip=all","contentUrl":"https:\/\/erki24nd3ub.exactdn.com\/wp-content\/uploads\/dream\/img\/img_174306_c7f44f476bb6b264bf40b5d8e0b5ba64_1.jpg?strip=all","width":800,"height":800},{"@type":"BreadcrumbList","@id":"https:\/\/lovme.pt\/index.php\/produto\/calexotics-mod-estimulador-de-inclinao-vermelho\/#breadcrumb","itemListElement":[{"@type":"ListItem","position":1,"name":"In\u00edcio","item":"https:\/\/lovme.pt\/"},{"@type":"ListItem","position":2,"name":"Loja","item":"https:\/\/lovme.pt\/index.php\/loja\/"},{"@type":"ListItem","position":3,"name":"CALEXOTICS &#8211; MOD ESTIMULADOR DE INCLINAO VERMELHO"}]},{"@type":"WebSite","@id":"https:\/\/lovme.pt\/#website","url":"https:\/\/lovme.pt\/","name":"Lovme Loja Er\u00f3tica N\u00ba1 em Portugal","description":"A melhor loja er\u00f3tica de Portugal.","alternateName":"Loja Er\u00f3tica Lovme","potentialAction":[{"@type":"SearchAction","target":{"@type":"EntryPoint","urlTemplate":"https:\/\/lovme.pt\/?s={search_term_string}"},"query-input":{"@type":"PropertyValueSpecification","valueRequired":true,"valueName":"search_term_string"}}],"inLanguage":"pt-PT"}]}},"_links":{"self":[{"href":"https:\/\/lovme.pt\/index.php\/wp-json\/wp\/v2\/product\/47953","targetHints":{"allow":["GET"]}}],"collection":[{"href":"https:\/\/lovme.pt\/index.php\/wp-json\/wp\/v2\/product"}],"about":[{"href":"https:\/\/lovme.pt\/index.php\/wp-json\/wp\/v2\/types\/product"}],"wp:featuredmedia":[{"embeddable":true,"href":"https:\/\/lovme.pt\/index.php\/wp-json\/wp\/v2\/media\/73097"}],"wp:attachment":[{"href":"https:\/\/lovme.pt\/index.php\/wp-json\/wp\/v2\/media?parent=47953"}],"wp:term":[{"taxonomy":"product_brand","embeddable":true,"href":"https:\/\/lovme.pt\/index.php\/wp-json\/wp\/v2\/product_brand?post=47953"},{"taxonomy":"product_cat","embeddable":true,"href":"https:\/\/lovme.pt\/index.php\/wp-json\/wp\/v2\/product_cat?post=47953"},{"taxonomy":"product_tag","embeddable":true,"href":"https:\/\/lovme.pt\/index.php\/wp-json\/wp\/v2\/product_tag?post=47953"}],"curies":[{"name":"wp","href":"https:\/\/api.w.org\/{rel}","templated":true}]}}