{"id":47948,"date":"2025-09-30T22:01:31","date_gmt":"2025-09-30T22:01:31","guid":{"rendered":"https:\/\/lovme.pt\/?post_type=product&p=47948"},"modified":"2026-02-19T20:09:02","modified_gmt":"2026-02-19T20:09:02","slug":"calexotics-vibrador-triplo-euphoria-preto","status":"publish","type":"product","link":"https:\/\/lovme.pt\/index.php\/produto\/calexotics-vibrador-triplo-euphoria-preto\/","title":{"rendered":"CALEXOTICS &#8211; VIBRADOR TRIPLO EUPHORIA PRETO"},"content":{"rendered":"<p>Satisfa\u00e7a as suas fantasias mais loucas com o incrivelmente poderoso III Triple Euphoria. Experimente o prazer como nunca antes com o poderoso massageador recarreg\u00e1vel de tripla a\u00e7\u00e3o com um poderoso eixo de impulso, estimulador vibrat\u00f3rio na porta traseira e estimulador de suc\u00e7\u00e3o do clit\u00f3ris. O poderoso massageador triplo usa 3 velocidades de impulso atrav\u00e9s do eixo excitante para provocar o ponto G e a penetra\u00e7\u00e3o tr\u00eamula. Enquanto uma cauda fina pisca ao ritmo de 10 fun\u00e7\u00f5es de vibra\u00e7\u00e3o estrondosa. Delicie-se com uma suc\u00e7\u00e3o sensacional com o teaser ousado e 10 fun\u00e7\u00f5es de suc\u00e7\u00e3o \u00edntima. O ousado penetrador triplo oferece estimula\u00e7\u00e3o espetacular de suc\u00e7\u00e3o do clit\u00f3ris, enquanto a haste de impulso penetra e a cauda vibrante provoca com vibra\u00e7\u00e3o profunda e estrondosa. Controle e personalize seu jogo de prazer com fun\u00e7\u00f5es controladas de forma independente. Recarregue o massageador em 2,5 horas com o cabo de carregamento USB inclu\u00eddo para desfrutar de 30 minutos de a\u00e7\u00e3o em alta velocidade ou 90 minutos de estimula\u00e7\u00e3o em baixa velocidade. Desfrute de um controle sem frustra\u00e7\u00f5es com o painel de controle de 3 bot\u00f5es f\u00e1cil de tocar e o recurso de trava de seguran\u00e7a para prazer em movimento. O corpo praticamente perfeito e a porta de carregamento autovedante significam que voc\u00ea pode levar este vers\u00e1til dispositivo \u00e0 prova d\u2019\u00e1gua para dar um mergulho. O silicone premium \u00e9 seguro para o corpo, sem fragr\u00e2ncia e sem ftalatos para manter os pontos mais sens\u00edveis felizes e saud\u00e1veis.<\/p>\n<\/p>\n<p> <u><strong>CARACTER\u00cdSTICAS:<\/strong><\/u><\/p>\n<ul>\n<li> Potente massageador de tripla a\u00e7\u00e3o com motores localizados no eixo, estimulador e cauda<\/li>\n<li> 3 velocidades de a\u00e7\u00e3o de impulso no eixo.<\/li>\n<li> 10 fun\u00e7\u00f5es de suc\u00e7\u00e3o \u00edntima no estimulador<\/li>\n<li> 10 fun\u00e7\u00f5es de vibra\u00e7\u00e3o, pulsa\u00e7\u00e3o e subida de cauda<\/li>\n<li> Silicone seguro para o corpo e 100% \u00e0 prova d\u00e1gua.<\/li>\n<li> Eixo e estimuladores operados de forma independente<\/li>\n<li> Chip de mem\u00f3ria de \u00faltima gera\u00e7\u00e3o \u00e9 retomado com a \u00faltima fun\u00e7\u00e3o usada<\/li>\n<li> Recurso de bloqueio de seguran\u00e7a de viagem: pressione e segure por 3 segundos para ligar ou desligar<\/li>\n<li> USB recarreg\u00e1vel: cabo de carregamento inclu\u00eddo<\/li>\n<li> Carga completa em 2,5 horas<\/li>\n<li> Funciona por 30 minutos em alta velocidade e 90 minutos em baixa velocidade.<\/li>\n<li> Dimens\u00f5es: eixo 14 x 3,75 cm  Estimulador 4,5 x 2,5 cm  Cauda de 7,5 x 0,75 cm<\/li>\n<\/ul>\n<\/p>\n<p> <strong>A CalExotics<\/strong> tem transformado constantemente \u201cfantasia em realidade\u201d h\u00e1 mais de uma d\u00e9cada. Com aten\u00e7\u00e3o incompar\u00e1vel aos detalhes, a fundadora e propriet\u00e1ria da CalExotics, Susan Colvin, tornou a marca California Exotic Novelty sin\u00f4nimo de brinquedos para adultos de qualidade. O fato de a CalExotics ser uma empresa pertencente e operada por mulheres desempenha um papel importante em sua ascens\u00e3o mete\u00f3rica ao topo da ind\u00fastria de brinquedos e novidades para adultos. .<\/p>\n","protected":false},"excerpt":{"rendered":"<p>CALEXOTICS &#8211; VIBRADOR TRIPLO EUPHORIA PRETO<\/p>\n","protected":false},"featured_media":73077,"template":"","meta":{"_acf_changed":false},"product_brand":[],"product_cat":[17,61,76],"product_tag":[],"class_list":{"0":"post-47948","1":"product","2":"type-product","3":"status-publish","4":"has-post-thumbnail","6":"product_cat-brinquedos-de-bem-estar-sexual","7":"product_cat-para-elas","8":"product_cat-vibradores","9":"yith_product_brand-calexotics","11":"first","12":"instock","13":"taxable","14":"shipping-taxable","15":"purchasable","16":"product-type-simple"},"acf":[],"yoast_head":"<!-- This site is optimized with the Yoast SEO plugin v27.3 - https:\/\/yoast.com\/product\/yoast-seo-wordpress\/ -->\n<title>CALEXOTICS - VIBRADOR TRIPLO EUPHORIA PRETO - Lovme<\/title>\n<meta name=\"robots\" content=\"index, follow, max-snippet:-1, max-image-preview:large, max-video-preview:-1\" \/>\n<link rel=\"canonical\" href=\"https:\/\/lovme.pt\/index.php\/produto\/calexotics-vibrador-triplo-euphoria-preto\/\" \/>\n<meta property=\"og:locale\" content=\"pt_PT\" \/>\n<meta property=\"og:type\" content=\"article\" \/>\n<meta property=\"og:title\" content=\"CALEXOTICS - VIBRADOR TRIPLO EUPHORIA PRETO - Lovme\" \/>\n<meta property=\"og:description\" content=\"CALEXOTICS - VIBRADOR TRIPLO EUPHORIA PRETO\" \/>\n<meta property=\"og:url\" content=\"https:\/\/lovme.pt\/index.php\/produto\/calexotics-vibrador-triplo-euphoria-preto\/\" \/>\n<meta property=\"og:site_name\" content=\"Lovme\" \/>\n<meta property=\"article:modified_time\" content=\"2026-02-19T20:09:02+00:00\" \/>\n<meta property=\"og:image\" content=\"https:\/\/erki24nd3ub.exactdn.com\/wp-content\/uploads\/dream\/img\/img_174256_8563931b178ce7f7cc2c4074a6e448e0_1.jpg?strip=all\" \/>\n\t<meta property=\"og:image:width\" content=\"800\" \/>\n\t<meta property=\"og:image:height\" content=\"800\" \/>\n\t<meta property=\"og:image:type\" content=\"image\/jpeg\" \/>\n<meta name=\"twitter:card\" content=\"summary_large_image\" \/>\n<meta name=\"twitter:label1\" content=\"Tempo estimado de leitura\" \/>\n\t<meta name=\"twitter:data1\" content=\"2 minutos\" \/>\n<script type=\"application\/ld+json\" class=\"yoast-schema-graph\">{\"@context\":\"https:\\\/\\\/schema.org\",\"@graph\":[{\"@type\":\"WebPage\",\"@id\":\"https:\\\/\\\/lovme.pt\\\/index.php\\\/produto\\\/calexotics-vibrador-triplo-euphoria-preto\\\/\",\"url\":\"https:\\\/\\\/lovme.pt\\\/index.php\\\/produto\\\/calexotics-vibrador-triplo-euphoria-preto\\\/\",\"name\":\"CALEXOTICS - VIBRADOR TRIPLO EUPHORIA PRETO - Lovme\",\"isPartOf\":{\"@id\":\"https:\\\/\\\/lovme.pt\\\/#website\"},\"primaryImageOfPage\":{\"@id\":\"https:\\\/\\\/lovme.pt\\\/index.php\\\/produto\\\/calexotics-vibrador-triplo-euphoria-preto\\\/#primaryimage\"},\"image\":{\"@id\":\"https:\\\/\\\/lovme.pt\\\/index.php\\\/produto\\\/calexotics-vibrador-triplo-euphoria-preto\\\/#primaryimage\"},\"thumbnailUrl\":\"https:\\\/\\\/erki24nd3ub.exactdn.com\\\/wp-content\\\/uploads\\\/dream\\\/img\\\/img_174256_8563931b178ce7f7cc2c4074a6e448e0_1.jpg?strip=all\",\"datePublished\":\"2025-09-30T22:01:31+00:00\",\"dateModified\":\"2026-02-19T20:09:02+00:00\",\"breadcrumb\":{\"@id\":\"https:\\\/\\\/lovme.pt\\\/index.php\\\/produto\\\/calexotics-vibrador-triplo-euphoria-preto\\\/#breadcrumb\"},\"inLanguage\":\"pt-PT\",\"potentialAction\":[{\"@type\":\"ReadAction\",\"target\":[\"https:\\\/\\\/lovme.pt\\\/index.php\\\/produto\\\/calexotics-vibrador-triplo-euphoria-preto\\\/\"]}]},{\"@type\":\"ImageObject\",\"inLanguage\":\"pt-PT\",\"@id\":\"https:\\\/\\\/lovme.pt\\\/index.php\\\/produto\\\/calexotics-vibrador-triplo-euphoria-preto\\\/#primaryimage\",\"url\":\"https:\\\/\\\/erki24nd3ub.exactdn.com\\\/wp-content\\\/uploads\\\/dream\\\/img\\\/img_174256_8563931b178ce7f7cc2c4074a6e448e0_1.jpg?strip=all\",\"contentUrl\":\"https:\\\/\\\/erki24nd3ub.exactdn.com\\\/wp-content\\\/uploads\\\/dream\\\/img\\\/img_174256_8563931b178ce7f7cc2c4074a6e448e0_1.jpg?strip=all\",\"width\":800,\"height\":800},{\"@type\":\"BreadcrumbList\",\"@id\":\"https:\\\/\\\/lovme.pt\\\/index.php\\\/produto\\\/calexotics-vibrador-triplo-euphoria-preto\\\/#breadcrumb\",\"itemListElement\":[{\"@type\":\"ListItem\",\"position\":1,\"name\":\"In\u00edcio\",\"item\":\"https:\\\/\\\/lovme.pt\\\/\"},{\"@type\":\"ListItem\",\"position\":2,\"name\":\"Loja\",\"item\":\"https:\\\/\\\/lovme.pt\\\/index.php\\\/loja\\\/\"},{\"@type\":\"ListItem\",\"position\":3,\"name\":\"CALEXOTICS &#8211; VIBRADOR TRIPLO EUPHORIA PRETO\"}]},{\"@type\":\"WebSite\",\"@id\":\"https:\\\/\\\/lovme.pt\\\/#website\",\"url\":\"https:\\\/\\\/lovme.pt\\\/\",\"name\":\"Lovme Loja Er\u00f3tica N\u00ba1 em Portugal\",\"description\":\"A melhor loja er\u00f3tica de Portugal.\",\"alternateName\":\"Loja Er\u00f3tica Lovme\",\"potentialAction\":[{\"@type\":\"SearchAction\",\"target\":{\"@type\":\"EntryPoint\",\"urlTemplate\":\"https:\\\/\\\/lovme.pt\\\/?s={search_term_string}\"},\"query-input\":{\"@type\":\"PropertyValueSpecification\",\"valueRequired\":true,\"valueName\":\"search_term_string\"}}],\"inLanguage\":\"pt-PT\"}]}<\/script>\n<!-- \/ Yoast SEO plugin. -->","yoast_head_json":{"title":"CALEXOTICS - VIBRADOR TRIPLO EUPHORIA PRETO - Lovme","robots":{"index":"index","follow":"follow","max-snippet":"max-snippet:-1","max-image-preview":"max-image-preview:large","max-video-preview":"max-video-preview:-1"},"canonical":"https:\/\/lovme.pt\/index.php\/produto\/calexotics-vibrador-triplo-euphoria-preto\/","og_locale":"pt_PT","og_type":"article","og_title":"CALEXOTICS - VIBRADOR TRIPLO EUPHORIA PRETO - Lovme","og_description":"CALEXOTICS - VIBRADOR TRIPLO EUPHORIA PRETO","og_url":"https:\/\/lovme.pt\/index.php\/produto\/calexotics-vibrador-triplo-euphoria-preto\/","og_site_name":"Lovme","article_modified_time":"2026-02-19T20:09:02+00:00","og_image":[{"width":800,"height":800,"url":"https:\/\/erki24nd3ub.exactdn.com\/wp-content\/uploads\/dream\/img\/img_174256_8563931b178ce7f7cc2c4074a6e448e0_1.jpg?strip=all","type":"image\/jpeg"}],"twitter_card":"summary_large_image","twitter_misc":{"Tempo estimado de leitura":"2 minutos"},"schema":{"@context":"https:\/\/schema.org","@graph":[{"@type":"WebPage","@id":"https:\/\/lovme.pt\/index.php\/produto\/calexotics-vibrador-triplo-euphoria-preto\/","url":"https:\/\/lovme.pt\/index.php\/produto\/calexotics-vibrador-triplo-euphoria-preto\/","name":"CALEXOTICS - VIBRADOR TRIPLO EUPHORIA PRETO - Lovme","isPartOf":{"@id":"https:\/\/lovme.pt\/#website"},"primaryImageOfPage":{"@id":"https:\/\/lovme.pt\/index.php\/produto\/calexotics-vibrador-triplo-euphoria-preto\/#primaryimage"},"image":{"@id":"https:\/\/lovme.pt\/index.php\/produto\/calexotics-vibrador-triplo-euphoria-preto\/#primaryimage"},"thumbnailUrl":"https:\/\/erki24nd3ub.exactdn.com\/wp-content\/uploads\/dream\/img\/img_174256_8563931b178ce7f7cc2c4074a6e448e0_1.jpg?strip=all","datePublished":"2025-09-30T22:01:31+00:00","dateModified":"2026-02-19T20:09:02+00:00","breadcrumb":{"@id":"https:\/\/lovme.pt\/index.php\/produto\/calexotics-vibrador-triplo-euphoria-preto\/#breadcrumb"},"inLanguage":"pt-PT","potentialAction":[{"@type":"ReadAction","target":["https:\/\/lovme.pt\/index.php\/produto\/calexotics-vibrador-triplo-euphoria-preto\/"]}]},{"@type":"ImageObject","inLanguage":"pt-PT","@id":"https:\/\/lovme.pt\/index.php\/produto\/calexotics-vibrador-triplo-euphoria-preto\/#primaryimage","url":"https:\/\/erki24nd3ub.exactdn.com\/wp-content\/uploads\/dream\/img\/img_174256_8563931b178ce7f7cc2c4074a6e448e0_1.jpg?strip=all","contentUrl":"https:\/\/erki24nd3ub.exactdn.com\/wp-content\/uploads\/dream\/img\/img_174256_8563931b178ce7f7cc2c4074a6e448e0_1.jpg?strip=all","width":800,"height":800},{"@type":"BreadcrumbList","@id":"https:\/\/lovme.pt\/index.php\/produto\/calexotics-vibrador-triplo-euphoria-preto\/#breadcrumb","itemListElement":[{"@type":"ListItem","position":1,"name":"In\u00edcio","item":"https:\/\/lovme.pt\/"},{"@type":"ListItem","position":2,"name":"Loja","item":"https:\/\/lovme.pt\/index.php\/loja\/"},{"@type":"ListItem","position":3,"name":"CALEXOTICS &#8211; VIBRADOR TRIPLO EUPHORIA PRETO"}]},{"@type":"WebSite","@id":"https:\/\/lovme.pt\/#website","url":"https:\/\/lovme.pt\/","name":"Lovme Loja Er\u00f3tica N\u00ba1 em Portugal","description":"A melhor loja er\u00f3tica de Portugal.","alternateName":"Loja Er\u00f3tica Lovme","potentialAction":[{"@type":"SearchAction","target":{"@type":"EntryPoint","urlTemplate":"https:\/\/lovme.pt\/?s={search_term_string}"},"query-input":{"@type":"PropertyValueSpecification","valueRequired":true,"valueName":"search_term_string"}}],"inLanguage":"pt-PT"}]}},"_links":{"self":[{"href":"https:\/\/lovme.pt\/index.php\/wp-json\/wp\/v2\/product\/47948","targetHints":{"allow":["GET"]}}],"collection":[{"href":"https:\/\/lovme.pt\/index.php\/wp-json\/wp\/v2\/product"}],"about":[{"href":"https:\/\/lovme.pt\/index.php\/wp-json\/wp\/v2\/types\/product"}],"wp:featuredmedia":[{"embeddable":true,"href":"https:\/\/lovme.pt\/index.php\/wp-json\/wp\/v2\/media\/73077"}],"wp:attachment":[{"href":"https:\/\/lovme.pt\/index.php\/wp-json\/wp\/v2\/media?parent=47948"}],"wp:term":[{"taxonomy":"product_brand","embeddable":true,"href":"https:\/\/lovme.pt\/index.php\/wp-json\/wp\/v2\/product_brand?post=47948"},{"taxonomy":"product_cat","embeddable":true,"href":"https:\/\/lovme.pt\/index.php\/wp-json\/wp\/v2\/product_cat?post=47948"},{"taxonomy":"product_tag","embeddable":true,"href":"https:\/\/lovme.pt\/index.php\/wp-json\/wp\/v2\/product_tag?post=47948"}],"curies":[{"name":"wp","href":"https:\/\/api.w.org\/{rel}","templated":true}]}}