{"id":47945,"date":"2025-09-30T22:01:26","date_gmt":"2025-09-30T22:01:26","guid":{"rendered":"https:\/\/lovme.pt\/?post_type=product&p=47945"},"modified":"2026-02-19T20:09:01","modified_gmt":"2026-02-19T20:09:01","slug":"calexotics-rider-massager-duplo-motor-controle-remoto-vermelho","status":"publish","type":"product","link":"https:\/\/lovme.pt\/index.php\/produto\/calexotics-rider-massager-duplo-motor-controle-remoto-vermelho\/","title":{"rendered":"CALEXOTICS &#8211; RIDER MASSAGER DUPLO MOTOR CONTROLE REMOTO VERMELHO"},"content":{"rendered":"<p>Assuma o seu prazer com o Dual Rider Remote Control Thrust  Grind, um massageador de motor duplo com controle remoto projetado para amor pr\u00f3prio e explora\u00e7\u00e3o. Delicie seus sentidos com 12 fun\u00e7\u00f5es de vibra\u00e7\u00e3o intensa, um poderoso eixo de impulso de 3 velocidades e um design com nervuras \u00edntimas digno de moagem. O massageador de contorno sensual \u00e9 forrado com uma textura provocante e uma haste de impulso para estimula\u00e7\u00e3o profunda e estrondosa. Use o controle remoto ou bot\u00f5es f\u00e1ceis de tocar para percorrer as 12 fun\u00e7\u00f5es de vibra\u00e7\u00e3o e 3 velocidades de impulso controladas independentemente. Fa\u00e7a o passeio da sua vida e desfrute do prazer do jeito que voc\u00ea gosta, com motores el\u00e9tricos controlados de forma independente. Um controle remoto de f\u00e1cil toque torna muito f\u00e1cil percorrer as op\u00e7\u00f5es org\u00e1sticas. Leve este massageador \u00e0 prova d\u00e1gua para um mergulho e desfrute de vibra\u00e7\u00f5es poderosas em qualquer lugar onde quiser se molhar ou use o divertido controle remoto para desfrutar de um alcance de at\u00e9 32,75 p\u00e9s e 10 metros de dist\u00e2ncia. O silicone premium \u00e9 seguro para o corpo, sem perfume e sem ftalatos para manter os pontos mais sens\u00edveis felizes e saud\u00e1veis. Recarregue o massageador de silicone premium em 3 horas com o cabo de carregamento USB inclu\u00eddo para desfrutar de 55 minutos de estimula\u00e7\u00e3o em alta velocidade ou 100 minutos de vibra\u00e7\u00f5es em baixa velocidade.<\/p>\n<\/p>\n<p> <u><strong>CARACTER\u00cdSTICAS:<\/strong><\/u><\/p>\n<ul>\n<li> Massageador de motor duplo com controle remoto ideal para amor pr\u00f3prio e explora\u00e7\u00e3o<\/li>\n<li> Design robusto, est\u00e1vel e leve, perfeito para retifica\u00e7\u00e3o<\/li>\n<li> 3 velocidades independentes de intensa a\u00e7\u00e3o de empurrar.<\/li>\n<li> 12 fun\u00e7\u00f5es independentes de vibra\u00e7\u00e3o poderosa<\/li>\n<li> Motores duplos potentes e operados de forma independente com controle remoto de 2 bot\u00f5es<\/li>\n<li> O massageador de silicone \u00e0 prova d\u00e1gua pode ser usado independentemente do controle remoto.<\/li>\n<li> Contornado anatomicamente com textura sensual.<\/li>\n<li> Chip de mem\u00f3ria de \u00faltima gera\u00e7\u00e3o \u00e9 retomado com a \u00faltima fun\u00e7\u00e3o usada<\/li>\n<li> Recurso de bloqueio de seguran\u00e7a de viagem: pressione e segure por 3 segundos para ligar ou desligar<\/li>\n<li> Alcance estendido de 32,75\/10 m<\/li>\n<li> Certificado VERMELHO inclu\u00eddo<\/li>\n<li> Massageador recarreg\u00e1vel USB e controle remoto: inclui cabo de carregamento duplo<\/li>\n<li> Carga completa em 3 horas<\/li>\n<\/ul>\n<p> <strong>A CalExotics<\/strong> tem transformado constantemente \u201cfantasia em realidade\u201d h\u00e1 mais de uma d\u00e9cada. Com aten\u00e7\u00e3o incompar\u00e1vel aos detalhes, a fundadora e propriet\u00e1ria da CalExotics, Susan Colvin, tornou a marca California Exotic Novelty sin\u00f4nimo de brinquedos para adultos de qualidade. O fato de a CalExotics ser uma empresa pertencente e operada por mulheres desempenha um papel importante em sua ascens\u00e3o mete\u00f3rica ao topo da ind\u00fastria de brinquedos e novidades para adultos. .<\/p>\n","protected":false},"excerpt":{"rendered":"<p>CALEXOTICS &#8211; RIDER MASSAGER DUPLO MOTOR CONTROLE REMOTO VERMELHO<\/p>\n","protected":false},"featured_media":73062,"template":"","meta":{"_acf_changed":false},"product_brand":[],"product_cat":[17,61],"product_tag":[],"class_list":{"0":"post-47945","1":"product","2":"type-product","3":"status-publish","4":"has-post-thumbnail","6":"product_cat-brinquedos-de-bem-estar-sexual","7":"product_cat-para-elas","8":"yith_product_brand-calexotics","10":"first","11":"instock","12":"taxable","13":"shipping-taxable","14":"purchasable","15":"product-type-simple"},"acf":[],"yoast_head":"<!-- This site is optimized with the Yoast SEO plugin v27.3 - https:\/\/yoast.com\/product\/yoast-seo-wordpress\/ -->\n<title>CALEXOTICS - RIDER MASSAGER DUPLO MOTOR CONTROLE REMOTO VERMELHO - Lovme<\/title>\n<meta name=\"robots\" content=\"index, follow, max-snippet:-1, max-image-preview:large, max-video-preview:-1\" \/>\n<link rel=\"canonical\" href=\"https:\/\/lovme.pt\/index.php\/produto\/calexotics-rider-massager-duplo-motor-controle-remoto-vermelho\/\" \/>\n<meta property=\"og:locale\" content=\"pt_PT\" \/>\n<meta property=\"og:type\" content=\"article\" \/>\n<meta property=\"og:title\" content=\"CALEXOTICS - RIDER MASSAGER DUPLO MOTOR CONTROLE REMOTO VERMELHO - Lovme\" \/>\n<meta property=\"og:description\" content=\"CALEXOTICS - RIDER MASSAGER DUPLO MOTOR CONTROLE REMOTO VERMELHO\" \/>\n<meta property=\"og:url\" content=\"https:\/\/lovme.pt\/index.php\/produto\/calexotics-rider-massager-duplo-motor-controle-remoto-vermelho\/\" \/>\n<meta property=\"og:site_name\" content=\"Lovme\" \/>\n<meta property=\"article:modified_time\" content=\"2026-02-19T20:09:01+00:00\" \/>\n<meta property=\"og:image\" content=\"https:\/\/erki24nd3ub.exactdn.com\/wp-content\/uploads\/dream\/img\/img_174214_732e845a544350529cf53a258b7d9d3b_1.jpg?strip=all\" \/>\n\t<meta property=\"og:image:width\" content=\"800\" \/>\n\t<meta property=\"og:image:height\" content=\"800\" \/>\n\t<meta property=\"og:image:type\" content=\"image\/jpeg\" \/>\n<meta name=\"twitter:card\" content=\"summary_large_image\" \/>\n<meta name=\"twitter:label1\" content=\"Tempo estimado de leitura\" \/>\n\t<meta name=\"twitter:data1\" content=\"2 minutos\" \/>\n<script type=\"application\/ld+json\" class=\"yoast-schema-graph\">{\"@context\":\"https:\\\/\\\/schema.org\",\"@graph\":[{\"@type\":\"WebPage\",\"@id\":\"https:\\\/\\\/lovme.pt\\\/index.php\\\/produto\\\/calexotics-rider-massager-duplo-motor-controle-remoto-vermelho\\\/\",\"url\":\"https:\\\/\\\/lovme.pt\\\/index.php\\\/produto\\\/calexotics-rider-massager-duplo-motor-controle-remoto-vermelho\\\/\",\"name\":\"CALEXOTICS - RIDER MASSAGER DUPLO MOTOR CONTROLE REMOTO VERMELHO - Lovme\",\"isPartOf\":{\"@id\":\"https:\\\/\\\/lovme.pt\\\/#website\"},\"primaryImageOfPage\":{\"@id\":\"https:\\\/\\\/lovme.pt\\\/index.php\\\/produto\\\/calexotics-rider-massager-duplo-motor-controle-remoto-vermelho\\\/#primaryimage\"},\"image\":{\"@id\":\"https:\\\/\\\/lovme.pt\\\/index.php\\\/produto\\\/calexotics-rider-massager-duplo-motor-controle-remoto-vermelho\\\/#primaryimage\"},\"thumbnailUrl\":\"https:\\\/\\\/erki24nd3ub.exactdn.com\\\/wp-content\\\/uploads\\\/dream\\\/img\\\/img_174214_732e845a544350529cf53a258b7d9d3b_1.jpg?strip=all\",\"datePublished\":\"2025-09-30T22:01:26+00:00\",\"dateModified\":\"2026-02-19T20:09:01+00:00\",\"breadcrumb\":{\"@id\":\"https:\\\/\\\/lovme.pt\\\/index.php\\\/produto\\\/calexotics-rider-massager-duplo-motor-controle-remoto-vermelho\\\/#breadcrumb\"},\"inLanguage\":\"pt-PT\",\"potentialAction\":[{\"@type\":\"ReadAction\",\"target\":[\"https:\\\/\\\/lovme.pt\\\/index.php\\\/produto\\\/calexotics-rider-massager-duplo-motor-controle-remoto-vermelho\\\/\"]}]},{\"@type\":\"ImageObject\",\"inLanguage\":\"pt-PT\",\"@id\":\"https:\\\/\\\/lovme.pt\\\/index.php\\\/produto\\\/calexotics-rider-massager-duplo-motor-controle-remoto-vermelho\\\/#primaryimage\",\"url\":\"https:\\\/\\\/erki24nd3ub.exactdn.com\\\/wp-content\\\/uploads\\\/dream\\\/img\\\/img_174214_732e845a544350529cf53a258b7d9d3b_1.jpg?strip=all\",\"contentUrl\":\"https:\\\/\\\/erki24nd3ub.exactdn.com\\\/wp-content\\\/uploads\\\/dream\\\/img\\\/img_174214_732e845a544350529cf53a258b7d9d3b_1.jpg?strip=all\",\"width\":800,\"height\":800},{\"@type\":\"BreadcrumbList\",\"@id\":\"https:\\\/\\\/lovme.pt\\\/index.php\\\/produto\\\/calexotics-rider-massager-duplo-motor-controle-remoto-vermelho\\\/#breadcrumb\",\"itemListElement\":[{\"@type\":\"ListItem\",\"position\":1,\"name\":\"In\u00edcio\",\"item\":\"https:\\\/\\\/lovme.pt\\\/\"},{\"@type\":\"ListItem\",\"position\":2,\"name\":\"Loja\",\"item\":\"https:\\\/\\\/lovme.pt\\\/index.php\\\/loja\\\/\"},{\"@type\":\"ListItem\",\"position\":3,\"name\":\"CALEXOTICS &#8211; RIDER MASSAGER DUPLO MOTOR CONTROLE REMOTO VERMELHO\"}]},{\"@type\":\"WebSite\",\"@id\":\"https:\\\/\\\/lovme.pt\\\/#website\",\"url\":\"https:\\\/\\\/lovme.pt\\\/\",\"name\":\"Lovme Loja Er\u00f3tica N\u00ba1 em Portugal\",\"description\":\"A melhor loja er\u00f3tica de Portugal.\",\"alternateName\":\"Loja Er\u00f3tica Lovme\",\"potentialAction\":[{\"@type\":\"SearchAction\",\"target\":{\"@type\":\"EntryPoint\",\"urlTemplate\":\"https:\\\/\\\/lovme.pt\\\/?s={search_term_string}\"},\"query-input\":{\"@type\":\"PropertyValueSpecification\",\"valueRequired\":true,\"valueName\":\"search_term_string\"}}],\"inLanguage\":\"pt-PT\"}]}<\/script>\n<!-- \/ Yoast SEO plugin. -->","yoast_head_json":{"title":"CALEXOTICS - RIDER MASSAGER DUPLO MOTOR CONTROLE REMOTO VERMELHO - Lovme","robots":{"index":"index","follow":"follow","max-snippet":"max-snippet:-1","max-image-preview":"max-image-preview:large","max-video-preview":"max-video-preview:-1"},"canonical":"https:\/\/lovme.pt\/index.php\/produto\/calexotics-rider-massager-duplo-motor-controle-remoto-vermelho\/","og_locale":"pt_PT","og_type":"article","og_title":"CALEXOTICS - RIDER MASSAGER DUPLO MOTOR CONTROLE REMOTO VERMELHO - Lovme","og_description":"CALEXOTICS - RIDER MASSAGER DUPLO MOTOR CONTROLE REMOTO VERMELHO","og_url":"https:\/\/lovme.pt\/index.php\/produto\/calexotics-rider-massager-duplo-motor-controle-remoto-vermelho\/","og_site_name":"Lovme","article_modified_time":"2026-02-19T20:09:01+00:00","og_image":[{"width":800,"height":800,"url":"https:\/\/erki24nd3ub.exactdn.com\/wp-content\/uploads\/dream\/img\/img_174214_732e845a544350529cf53a258b7d9d3b_1.jpg?strip=all","type":"image\/jpeg"}],"twitter_card":"summary_large_image","twitter_misc":{"Tempo estimado de leitura":"2 minutos"},"schema":{"@context":"https:\/\/schema.org","@graph":[{"@type":"WebPage","@id":"https:\/\/lovme.pt\/index.php\/produto\/calexotics-rider-massager-duplo-motor-controle-remoto-vermelho\/","url":"https:\/\/lovme.pt\/index.php\/produto\/calexotics-rider-massager-duplo-motor-controle-remoto-vermelho\/","name":"CALEXOTICS - RIDER MASSAGER DUPLO MOTOR CONTROLE REMOTO VERMELHO - Lovme","isPartOf":{"@id":"https:\/\/lovme.pt\/#website"},"primaryImageOfPage":{"@id":"https:\/\/lovme.pt\/index.php\/produto\/calexotics-rider-massager-duplo-motor-controle-remoto-vermelho\/#primaryimage"},"image":{"@id":"https:\/\/lovme.pt\/index.php\/produto\/calexotics-rider-massager-duplo-motor-controle-remoto-vermelho\/#primaryimage"},"thumbnailUrl":"https:\/\/erki24nd3ub.exactdn.com\/wp-content\/uploads\/dream\/img\/img_174214_732e845a544350529cf53a258b7d9d3b_1.jpg?strip=all","datePublished":"2025-09-30T22:01:26+00:00","dateModified":"2026-02-19T20:09:01+00:00","breadcrumb":{"@id":"https:\/\/lovme.pt\/index.php\/produto\/calexotics-rider-massager-duplo-motor-controle-remoto-vermelho\/#breadcrumb"},"inLanguage":"pt-PT","potentialAction":[{"@type":"ReadAction","target":["https:\/\/lovme.pt\/index.php\/produto\/calexotics-rider-massager-duplo-motor-controle-remoto-vermelho\/"]}]},{"@type":"ImageObject","inLanguage":"pt-PT","@id":"https:\/\/lovme.pt\/index.php\/produto\/calexotics-rider-massager-duplo-motor-controle-remoto-vermelho\/#primaryimage","url":"https:\/\/erki24nd3ub.exactdn.com\/wp-content\/uploads\/dream\/img\/img_174214_732e845a544350529cf53a258b7d9d3b_1.jpg?strip=all","contentUrl":"https:\/\/erki24nd3ub.exactdn.com\/wp-content\/uploads\/dream\/img\/img_174214_732e845a544350529cf53a258b7d9d3b_1.jpg?strip=all","width":800,"height":800},{"@type":"BreadcrumbList","@id":"https:\/\/lovme.pt\/index.php\/produto\/calexotics-rider-massager-duplo-motor-controle-remoto-vermelho\/#breadcrumb","itemListElement":[{"@type":"ListItem","position":1,"name":"In\u00edcio","item":"https:\/\/lovme.pt\/"},{"@type":"ListItem","position":2,"name":"Loja","item":"https:\/\/lovme.pt\/index.php\/loja\/"},{"@type":"ListItem","position":3,"name":"CALEXOTICS &#8211; RIDER MASSAGER DUPLO MOTOR CONTROLE REMOTO VERMELHO"}]},{"@type":"WebSite","@id":"https:\/\/lovme.pt\/#website","url":"https:\/\/lovme.pt\/","name":"Lovme Loja Er\u00f3tica N\u00ba1 em Portugal","description":"A melhor loja er\u00f3tica de Portugal.","alternateName":"Loja Er\u00f3tica Lovme","potentialAction":[{"@type":"SearchAction","target":{"@type":"EntryPoint","urlTemplate":"https:\/\/lovme.pt\/?s={search_term_string}"},"query-input":{"@type":"PropertyValueSpecification","valueRequired":true,"valueName":"search_term_string"}}],"inLanguage":"pt-PT"}]}},"_links":{"self":[{"href":"https:\/\/lovme.pt\/index.php\/wp-json\/wp\/v2\/product\/47945","targetHints":{"allow":["GET"]}}],"collection":[{"href":"https:\/\/lovme.pt\/index.php\/wp-json\/wp\/v2\/product"}],"about":[{"href":"https:\/\/lovme.pt\/index.php\/wp-json\/wp\/v2\/types\/product"}],"wp:featuredmedia":[{"embeddable":true,"href":"https:\/\/lovme.pt\/index.php\/wp-json\/wp\/v2\/media\/73062"}],"wp:attachment":[{"href":"https:\/\/lovme.pt\/index.php\/wp-json\/wp\/v2\/media?parent=47945"}],"wp:term":[{"taxonomy":"product_brand","embeddable":true,"href":"https:\/\/lovme.pt\/index.php\/wp-json\/wp\/v2\/product_brand?post=47945"},{"taxonomy":"product_cat","embeddable":true,"href":"https:\/\/lovme.pt\/index.php\/wp-json\/wp\/v2\/product_cat?post=47945"},{"taxonomy":"product_tag","embeddable":true,"href":"https:\/\/lovme.pt\/index.php\/wp-json\/wp\/v2\/product_tag?post=47945"}],"curies":[{"name":"wp","href":"https:\/\/api.w.org\/{rel}","templated":true}]}}