{"id":47933,"date":"2025-09-30T20:19:17","date_gmt":"2025-09-30T20:19:17","guid":{"rendered":"https:\/\/lovme.pt\/?post_type=product&p=47933"},"modified":"2026-02-19T20:07:43","modified_gmt":"2026-02-19T20:07:43","slug":"mr-play-plugue-anal-de-controle-remoto-vibrador-poderoso-preto-2","status":"publish","type":"product","link":"https:\/\/lovme.pt\/index.php\/produto\/mr-play-plugue-anal-de-controle-remoto-vibrador-poderoso-preto-2\/","title":{"rendered":"MR PLAY &#8211; PLUGUE ANAL DE CONTROLE REMOTO VIBRADOR PODEROSO PRETO"},"content":{"rendered":"<p>Este massageador de pr\u00f3stata foi projetado feito de material macio e seguro para a pele. O formato exclusivo deste massageador de pr\u00f3stata \u00e9 feito de metal. Projetado para deslizar confortavelmente no \u00e2nus para estimular a pr\u00f3stata enquanto a extremidade arredondada esfrega deliciosamente contra o per\u00edneo.<\/p>\n<p>Redesenhado para melhorar a brincadeira da pr\u00f3stata com um novo \u00e2ngulo de entrada, este massageador aproveita o melhor de seus brinquedos masculinos de alta qualidade e os combina para uma nova vis\u00e3o de estimula\u00e7\u00e3o da pr\u00f3stata.<\/p>\n<p>Este massageador permite uma estimula\u00e7\u00e3o mais f\u00e1cil da pr\u00f3stata e desliza perfeitamente no \u00e2nus enquanto a ponta massageia o per\u00edneo. Uma al\u00e7a f\u00e1cil de segurar permite controle completo e a experi\u00eancia de penetra\u00e7\u00e3o exata que voc\u00ea deseja.<\/p>\n<p><u><strong>Caracter\u00edsticas<\/strong><\/u><\/p>\n<ul>\n<li>Fun\u00e7\u00e3o: 12 fun\u00e7\u00f5es de vibra\u00e7\u00e3o de controle remoto<\/li>\n<li>Alimenta\u00e7\u00e3o: USB recarreg\u00e1vel<\/li>\n<li>Material: silicone ABS<\/li>\n<li>Cor preta<\/li>\n<\/ul>\n<p>\u00a0<\/p>\n","protected":false},"excerpt":{"rendered":"<p>MR PLAY &#8211; PLUGUE ANAL DE CONTROLE REMOTO VIBRADOR PODEROSO PRETO<\/p>\n","protected":false},"featured_media":67382,"template":"","meta":{"_acf_changed":false},"product_brand":[],"product_cat":[17,72,63],"product_tag":[],"class_list":{"0":"post-47933","1":"product","2":"type-product","3":"status-publish","4":"has-post-thumbnail","6":"product_cat-brinquedos-de-bem-estar-sexual","7":"product_cat-higiene-intima","8":"product_cat-sexo-anal","9":"yith_product_brand-mr-play","11":"first","12":"instock","13":"taxable","14":"shipping-taxable","15":"purchasable","16":"product-type-simple"},"acf":[],"yoast_head":"<!-- This site is optimized with the Yoast SEO plugin v27.4 - https:\/\/yoast.com\/product\/yoast-seo-wordpress\/ -->\n<title>MR PLAY - PLUGUE ANAL DE CONTROLE REMOTO VIBRADOR PODEROSO PRETO - Lovme<\/title>\n<meta name=\"robots\" content=\"index, follow, max-snippet:-1, max-image-preview:large, max-video-preview:-1\" \/>\n<link rel=\"canonical\" href=\"https:\/\/lovme.pt\/index.php\/produto\/mr-play-plugue-anal-de-controle-remoto-vibrador-poderoso-preto-2\/\" \/>\n<meta property=\"og:locale\" content=\"pt_PT\" \/>\n<meta property=\"og:type\" content=\"article\" \/>\n<meta property=\"og:title\" content=\"MR PLAY - PLUGUE ANAL DE CONTROLE REMOTO VIBRADOR PODEROSO PRETO - Lovme\" \/>\n<meta property=\"og:description\" content=\"MR PLAY - PLUGUE ANAL DE CONTROLE REMOTO VIBRADOR PODEROSO PRETO\" \/>\n<meta property=\"og:url\" content=\"https:\/\/lovme.pt\/index.php\/produto\/mr-play-plugue-anal-de-controle-remoto-vibrador-poderoso-preto-2\/\" \/>\n<meta property=\"og:site_name\" content=\"Lovme\" \/>\n<meta property=\"article:modified_time\" content=\"2026-02-19T20:07:43+00:00\" \/>\n<meta property=\"og:image\" content=\"https:\/\/erki24nd3ub.exactdn.com\/wp-content\/uploads\/dream\/img\/img_174110_7ac458ca978c870638e69167c79d0b5b_1.jpg?strip=all\" \/>\n\t<meta property=\"og:image:width\" content=\"800\" \/>\n\t<meta property=\"og:image:height\" content=\"800\" \/>\n\t<meta property=\"og:image:type\" content=\"image\/jpeg\" \/>\n<meta name=\"twitter:card\" content=\"summary_large_image\" \/>\n<meta name=\"twitter:label1\" content=\"Tempo estimado de leitura\" \/>\n\t<meta name=\"twitter:data1\" content=\"1 minuto\" \/>\n<script type=\"application\/ld+json\" class=\"yoast-schema-graph\">{\"@context\":\"https:\\\/\\\/schema.org\",\"@graph\":[{\"@type\":\"WebPage\",\"@id\":\"https:\\\/\\\/lovme.pt\\\/index.php\\\/produto\\\/mr-play-plugue-anal-de-controle-remoto-vibrador-poderoso-preto-2\\\/\",\"url\":\"https:\\\/\\\/lovme.pt\\\/index.php\\\/produto\\\/mr-play-plugue-anal-de-controle-remoto-vibrador-poderoso-preto-2\\\/\",\"name\":\"MR PLAY - PLUGUE ANAL DE CONTROLE REMOTO VIBRADOR PODEROSO PRETO - Lovme\",\"isPartOf\":{\"@id\":\"https:\\\/\\\/lovme.pt\\\/#website\"},\"primaryImageOfPage\":{\"@id\":\"https:\\\/\\\/lovme.pt\\\/index.php\\\/produto\\\/mr-play-plugue-anal-de-controle-remoto-vibrador-poderoso-preto-2\\\/#primaryimage\"},\"image\":{\"@id\":\"https:\\\/\\\/lovme.pt\\\/index.php\\\/produto\\\/mr-play-plugue-anal-de-controle-remoto-vibrador-poderoso-preto-2\\\/#primaryimage\"},\"thumbnailUrl\":\"https:\\\/\\\/erki24nd3ub.exactdn.com\\\/wp-content\\\/uploads\\\/dream\\\/img\\\/img_174110_7ac458ca978c870638e69167c79d0b5b_1.jpg?strip=all\",\"datePublished\":\"2025-09-30T20:19:17+00:00\",\"dateModified\":\"2026-02-19T20:07:43+00:00\",\"breadcrumb\":{\"@id\":\"https:\\\/\\\/lovme.pt\\\/index.php\\\/produto\\\/mr-play-plugue-anal-de-controle-remoto-vibrador-poderoso-preto-2\\\/#breadcrumb\"},\"inLanguage\":\"pt-PT\",\"potentialAction\":[{\"@type\":\"ReadAction\",\"target\":[\"https:\\\/\\\/lovme.pt\\\/index.php\\\/produto\\\/mr-play-plugue-anal-de-controle-remoto-vibrador-poderoso-preto-2\\\/\"]}]},{\"@type\":\"ImageObject\",\"inLanguage\":\"pt-PT\",\"@id\":\"https:\\\/\\\/lovme.pt\\\/index.php\\\/produto\\\/mr-play-plugue-anal-de-controle-remoto-vibrador-poderoso-preto-2\\\/#primaryimage\",\"url\":\"https:\\\/\\\/erki24nd3ub.exactdn.com\\\/wp-content\\\/uploads\\\/dream\\\/img\\\/img_174110_7ac458ca978c870638e69167c79d0b5b_1.jpg?strip=all\",\"contentUrl\":\"https:\\\/\\\/erki24nd3ub.exactdn.com\\\/wp-content\\\/uploads\\\/dream\\\/img\\\/img_174110_7ac458ca978c870638e69167c79d0b5b_1.jpg?strip=all\",\"width\":800,\"height\":800},{\"@type\":\"BreadcrumbList\",\"@id\":\"https:\\\/\\\/lovme.pt\\\/index.php\\\/produto\\\/mr-play-plugue-anal-de-controle-remoto-vibrador-poderoso-preto-2\\\/#breadcrumb\",\"itemListElement\":[{\"@type\":\"ListItem\",\"position\":1,\"name\":\"In\u00edcio\",\"item\":\"https:\\\/\\\/lovme.pt\\\/\"},{\"@type\":\"ListItem\",\"position\":2,\"name\":\"Loja\",\"item\":\"https:\\\/\\\/lovme.pt\\\/index.php\\\/loja\\\/\"},{\"@type\":\"ListItem\",\"position\":3,\"name\":\"MR PLAY &#8211; PLUGUE ANAL DE CONTROLE REMOTO VIBRADOR PODEROSO PRETO\"}]},{\"@type\":\"WebSite\",\"@id\":\"https:\\\/\\\/lovme.pt\\\/#website\",\"url\":\"https:\\\/\\\/lovme.pt\\\/\",\"name\":\"Lovme Loja Er\u00f3tica N\u00ba1 em Portugal\",\"description\":\"A melhor loja er\u00f3tica de Portugal.\",\"alternateName\":\"Loja Er\u00f3tica Lovme\",\"potentialAction\":[{\"@type\":\"SearchAction\",\"target\":{\"@type\":\"EntryPoint\",\"urlTemplate\":\"https:\\\/\\\/lovme.pt\\\/?s={search_term_string}\"},\"query-input\":{\"@type\":\"PropertyValueSpecification\",\"valueRequired\":true,\"valueName\":\"search_term_string\"}}],\"inLanguage\":\"pt-PT\"}]}<\/script>\n<!-- \/ Yoast SEO plugin. -->","yoast_head_json":{"title":"MR PLAY - PLUGUE ANAL DE CONTROLE REMOTO VIBRADOR PODEROSO PRETO - Lovme","robots":{"index":"index","follow":"follow","max-snippet":"max-snippet:-1","max-image-preview":"max-image-preview:large","max-video-preview":"max-video-preview:-1"},"canonical":"https:\/\/lovme.pt\/index.php\/produto\/mr-play-plugue-anal-de-controle-remoto-vibrador-poderoso-preto-2\/","og_locale":"pt_PT","og_type":"article","og_title":"MR PLAY - PLUGUE ANAL DE CONTROLE REMOTO VIBRADOR PODEROSO PRETO - Lovme","og_description":"MR PLAY - PLUGUE ANAL DE CONTROLE REMOTO VIBRADOR PODEROSO PRETO","og_url":"https:\/\/lovme.pt\/index.php\/produto\/mr-play-plugue-anal-de-controle-remoto-vibrador-poderoso-preto-2\/","og_site_name":"Lovme","article_modified_time":"2026-02-19T20:07:43+00:00","og_image":[{"width":800,"height":800,"url":"https:\/\/erki24nd3ub.exactdn.com\/wp-content\/uploads\/dream\/img\/img_174110_7ac458ca978c870638e69167c79d0b5b_1.jpg?strip=all","type":"image\/jpeg"}],"twitter_card":"summary_large_image","twitter_misc":{"Tempo estimado de leitura":"1 minuto"},"schema":{"@context":"https:\/\/schema.org","@graph":[{"@type":"WebPage","@id":"https:\/\/lovme.pt\/index.php\/produto\/mr-play-plugue-anal-de-controle-remoto-vibrador-poderoso-preto-2\/","url":"https:\/\/lovme.pt\/index.php\/produto\/mr-play-plugue-anal-de-controle-remoto-vibrador-poderoso-preto-2\/","name":"MR PLAY - PLUGUE ANAL DE CONTROLE REMOTO VIBRADOR PODEROSO PRETO - Lovme","isPartOf":{"@id":"https:\/\/lovme.pt\/#website"},"primaryImageOfPage":{"@id":"https:\/\/lovme.pt\/index.php\/produto\/mr-play-plugue-anal-de-controle-remoto-vibrador-poderoso-preto-2\/#primaryimage"},"image":{"@id":"https:\/\/lovme.pt\/index.php\/produto\/mr-play-plugue-anal-de-controle-remoto-vibrador-poderoso-preto-2\/#primaryimage"},"thumbnailUrl":"https:\/\/erki24nd3ub.exactdn.com\/wp-content\/uploads\/dream\/img\/img_174110_7ac458ca978c870638e69167c79d0b5b_1.jpg?strip=all","datePublished":"2025-09-30T20:19:17+00:00","dateModified":"2026-02-19T20:07:43+00:00","breadcrumb":{"@id":"https:\/\/lovme.pt\/index.php\/produto\/mr-play-plugue-anal-de-controle-remoto-vibrador-poderoso-preto-2\/#breadcrumb"},"inLanguage":"pt-PT","potentialAction":[{"@type":"ReadAction","target":["https:\/\/lovme.pt\/index.php\/produto\/mr-play-plugue-anal-de-controle-remoto-vibrador-poderoso-preto-2\/"]}]},{"@type":"ImageObject","inLanguage":"pt-PT","@id":"https:\/\/lovme.pt\/index.php\/produto\/mr-play-plugue-anal-de-controle-remoto-vibrador-poderoso-preto-2\/#primaryimage","url":"https:\/\/erki24nd3ub.exactdn.com\/wp-content\/uploads\/dream\/img\/img_174110_7ac458ca978c870638e69167c79d0b5b_1.jpg?strip=all","contentUrl":"https:\/\/erki24nd3ub.exactdn.com\/wp-content\/uploads\/dream\/img\/img_174110_7ac458ca978c870638e69167c79d0b5b_1.jpg?strip=all","width":800,"height":800},{"@type":"BreadcrumbList","@id":"https:\/\/lovme.pt\/index.php\/produto\/mr-play-plugue-anal-de-controle-remoto-vibrador-poderoso-preto-2\/#breadcrumb","itemListElement":[{"@type":"ListItem","position":1,"name":"In\u00edcio","item":"https:\/\/lovme.pt\/"},{"@type":"ListItem","position":2,"name":"Loja","item":"https:\/\/lovme.pt\/index.php\/loja\/"},{"@type":"ListItem","position":3,"name":"MR PLAY &#8211; PLUGUE ANAL DE CONTROLE REMOTO VIBRADOR PODEROSO PRETO"}]},{"@type":"WebSite","@id":"https:\/\/lovme.pt\/#website","url":"https:\/\/lovme.pt\/","name":"Lovme Loja Er\u00f3tica N\u00ba1 em Portugal","description":"A melhor loja er\u00f3tica de Portugal.","alternateName":"Loja Er\u00f3tica Lovme","potentialAction":[{"@type":"SearchAction","target":{"@type":"EntryPoint","urlTemplate":"https:\/\/lovme.pt\/?s={search_term_string}"},"query-input":{"@type":"PropertyValueSpecification","valueRequired":true,"valueName":"search_term_string"}}],"inLanguage":"pt-PT"}]}},"_links":{"self":[{"href":"https:\/\/lovme.pt\/index.php\/wp-json\/wp\/v2\/product\/47933","targetHints":{"allow":["GET"]}}],"collection":[{"href":"https:\/\/lovme.pt\/index.php\/wp-json\/wp\/v2\/product"}],"about":[{"href":"https:\/\/lovme.pt\/index.php\/wp-json\/wp\/v2\/types\/product"}],"wp:featuredmedia":[{"embeddable":true,"href":"https:\/\/lovme.pt\/index.php\/wp-json\/wp\/v2\/media\/67382"}],"wp:attachment":[{"href":"https:\/\/lovme.pt\/index.php\/wp-json\/wp\/v2\/media?parent=47933"}],"wp:term":[{"taxonomy":"product_brand","embeddable":true,"href":"https:\/\/lovme.pt\/index.php\/wp-json\/wp\/v2\/product_brand?post=47933"},{"taxonomy":"product_cat","embeddable":true,"href":"https:\/\/lovme.pt\/index.php\/wp-json\/wp\/v2\/product_cat?post=47933"},{"taxonomy":"product_tag","embeddable":true,"href":"https:\/\/lovme.pt\/index.php\/wp-json\/wp\/v2\/product_tag?post=47933"}],"curies":[{"name":"wp","href":"https:\/\/api.w.org\/{rel}","templated":true}]}}