{"id":47876,"date":"2025-09-30T09:36:14","date_gmt":"2025-09-30T09:36:14","guid":{"rendered":"https:\/\/lovme.pt\/?post_type=product&p=47876"},"modified":"2026-02-19T20:01:08","modified_gmt":"2026-02-19T20:01:08","slug":"pretty-love-serie-sliding-skin-dildo-realistico-com-ventosa-deslizante-de-pele-marrom-206-cm","status":"publish","type":"product","link":"https:\/\/lovme.pt\/index.php\/produto\/pretty-love-serie-sliding-skin-dildo-realistico-com-ventosa-deslizante-de-pele-marrom-206-cm\/","title":{"rendered":"PRETTY LOVE &#8211; S\u00c9RIE SLIDING SKIN DILDO REAL\u00cdSTICO COM VENTOSA DESLIZANTE DE PELE MARROM 20,6 CM"},"content":{"rendered":"<p>Este novo vibrador de suc\u00e7\u00e3o \u00e9 firme o suficiente para proporcionar prazer multiorgasm\u00e1tico e real o suficiente para seduzir!<\/p>\n<p>Nossos clientes elogiam a apar\u00eancia er\u00f3tica deste popular p\u00eanis s\u00f3lido com pele deslizante e design central de v\u00e9rtebras. Este fant\u00e1stico vibrador realista apresenta uma haste coberta de veias com orgasmo. Um vibrador s\u00f3lido completamente irresist\u00edvel que responde ao calor da sua pele para proporcionar sensa\u00e7\u00f5es realistas.<\/p>\n<p>Delicie-se com fantasias de paix\u00e3o e prazer sem fim com o incr\u00edvel vibrador de pele deslizante TPR! Possui uma ventosa forte na base que mant\u00e9m as m\u00e3os livres para que voc\u00ea possa realizar todo tipo de truques travessos.<\/p>\n<p>\u00a0<\/p>\n<p><b><u>CARACTER\u00cdSTICAS:<\/u><\/b><\/p>\n<ul>\n<li><b>Fun\u00e7\u00e3o:<\/b> base de suc\u00e7\u00e3o com ventosa<\/li>\n<li><b>\u00c0 prova d\u00e1gua:<\/b> Sim<\/li>\n<li><b>Material:<\/b> TPR<\/li>\n<li><b>Cor:<\/b> Carne<\/li>\n<\/ul>\n<p>\u00a0<\/p>\n<p>A Pretty Love fabrica produtos de alta qualidade. T\u00eam garantia de 1 ano para defeitos t\u00e9cnicos.<\/p>\n","protected":false},"excerpt":{"rendered":"<p>PRETTY LOVE &#8211; S\u00c9RIE SLIDING SKIN DILDO REAL\u00cdSTICO COM VENTOSA DESLIZANTE DE PELE MARROM 20,6 CM<\/p>\n","protected":false},"featured_media":54433,"template":"","meta":{"_acf_changed":false},"product_brand":[],"product_cat":[17,56],"product_tag":[],"class_list":{"0":"post-47876","1":"product","2":"type-product","3":"status-publish","4":"has-post-thumbnail","6":"product_cat-brinquedos-de-bem-estar-sexual","7":"product_cat-dildos-e-arneses","8":"yith_product_brand-pretty-love","9":"yith_product_brand-pretty-lovepretty-love-high-grade","11":"first","12":"instock","13":"taxable","14":"shipping-taxable","15":"purchasable","16":"product-type-simple"},"acf":[],"yoast_head":"<!-- This site is optimized with the Yoast SEO plugin v27.4 - https:\/\/yoast.com\/product\/yoast-seo-wordpress\/ -->\n<title>PRETTY LOVE - S\u00c9RIE SLIDING SKIN DILDO REAL\u00cdSTICO COM VENTOSA DESLIZANTE DE PELE MARROM 20,6 CM - Lovme<\/title>\n<meta name=\"robots\" content=\"index, follow, max-snippet:-1, max-image-preview:large, max-video-preview:-1\" \/>\n<link rel=\"canonical\" href=\"https:\/\/lovme.pt\/index.php\/produto\/pretty-love-serie-sliding-skin-dildo-realistico-com-ventosa-deslizante-de-pele-marrom-206-cm\/\" \/>\n<meta property=\"og:locale\" content=\"pt_PT\" \/>\n<meta property=\"og:type\" content=\"article\" \/>\n<meta property=\"og:title\" content=\"PRETTY LOVE - S\u00c9RIE SLIDING SKIN DILDO REAL\u00cdSTICO COM VENTOSA DESLIZANTE DE PELE MARROM 20,6 CM - Lovme\" \/>\n<meta property=\"og:description\" content=\"PRETTY LOVE - S\u00c9RIE SLIDING SKIN DILDO REAL\u00cdSTICO COM VENTOSA DESLIZANTE DE PELE MARROM 20,6 CM\" \/>\n<meta property=\"og:url\" content=\"https:\/\/lovme.pt\/index.php\/produto\/pretty-love-serie-sliding-skin-dildo-realistico-com-ventosa-deslizante-de-pele-marrom-206-cm\/\" \/>\n<meta property=\"og:site_name\" content=\"Lovme\" \/>\n<meta property=\"article:modified_time\" content=\"2026-02-19T20:01:08+00:00\" \/>\n<meta property=\"og:image\" content=\"https:\/\/erki24nd3ub.exactdn.com\/wp-content\/uploads\/dream\/img\/img_173530_7bf1da6dab334e30dc7fad37a0a72908_1.jpg?strip=all\" \/>\n\t<meta property=\"og:image:width\" content=\"800\" \/>\n\t<meta property=\"og:image:height\" content=\"800\" \/>\n\t<meta property=\"og:image:type\" content=\"image\/jpeg\" \/>\n<meta name=\"twitter:card\" content=\"summary_large_image\" \/>\n<meta name=\"twitter:label1\" content=\"Tempo estimado de leitura\" \/>\n\t<meta name=\"twitter:data1\" content=\"1 minuto\" \/>\n<script type=\"application\/ld+json\" class=\"yoast-schema-graph\">{\"@context\":\"https:\\\/\\\/schema.org\",\"@graph\":[{\"@type\":\"WebPage\",\"@id\":\"https:\\\/\\\/lovme.pt\\\/index.php\\\/produto\\\/pretty-love-serie-sliding-skin-dildo-realistico-com-ventosa-deslizante-de-pele-marrom-206-cm\\\/\",\"url\":\"https:\\\/\\\/lovme.pt\\\/index.php\\\/produto\\\/pretty-love-serie-sliding-skin-dildo-realistico-com-ventosa-deslizante-de-pele-marrom-206-cm\\\/\",\"name\":\"PRETTY LOVE - S\u00c9RIE SLIDING SKIN DILDO REAL\u00cdSTICO COM VENTOSA DESLIZANTE DE PELE MARROM 20,6 CM - Lovme\",\"isPartOf\":{\"@id\":\"https:\\\/\\\/lovme.pt\\\/#website\"},\"primaryImageOfPage\":{\"@id\":\"https:\\\/\\\/lovme.pt\\\/index.php\\\/produto\\\/pretty-love-serie-sliding-skin-dildo-realistico-com-ventosa-deslizante-de-pele-marrom-206-cm\\\/#primaryimage\"},\"image\":{\"@id\":\"https:\\\/\\\/lovme.pt\\\/index.php\\\/produto\\\/pretty-love-serie-sliding-skin-dildo-realistico-com-ventosa-deslizante-de-pele-marrom-206-cm\\\/#primaryimage\"},\"thumbnailUrl\":\"https:\\\/\\\/erki24nd3ub.exactdn.com\\\/wp-content\\\/uploads\\\/dream\\\/img\\\/img_173530_7bf1da6dab334e30dc7fad37a0a72908_1.jpg?strip=all\",\"datePublished\":\"2025-09-30T09:36:14+00:00\",\"dateModified\":\"2026-02-19T20:01:08+00:00\",\"breadcrumb\":{\"@id\":\"https:\\\/\\\/lovme.pt\\\/index.php\\\/produto\\\/pretty-love-serie-sliding-skin-dildo-realistico-com-ventosa-deslizante-de-pele-marrom-206-cm\\\/#breadcrumb\"},\"inLanguage\":\"pt-PT\",\"potentialAction\":[{\"@type\":\"ReadAction\",\"target\":[\"https:\\\/\\\/lovme.pt\\\/index.php\\\/produto\\\/pretty-love-serie-sliding-skin-dildo-realistico-com-ventosa-deslizante-de-pele-marrom-206-cm\\\/\"]}]},{\"@type\":\"ImageObject\",\"inLanguage\":\"pt-PT\",\"@id\":\"https:\\\/\\\/lovme.pt\\\/index.php\\\/produto\\\/pretty-love-serie-sliding-skin-dildo-realistico-com-ventosa-deslizante-de-pele-marrom-206-cm\\\/#primaryimage\",\"url\":\"https:\\\/\\\/erki24nd3ub.exactdn.com\\\/wp-content\\\/uploads\\\/dream\\\/img\\\/img_173530_7bf1da6dab334e30dc7fad37a0a72908_1.jpg?strip=all\",\"contentUrl\":\"https:\\\/\\\/erki24nd3ub.exactdn.com\\\/wp-content\\\/uploads\\\/dream\\\/img\\\/img_173530_7bf1da6dab334e30dc7fad37a0a72908_1.jpg?strip=all\",\"width\":800,\"height\":800},{\"@type\":\"BreadcrumbList\",\"@id\":\"https:\\\/\\\/lovme.pt\\\/index.php\\\/produto\\\/pretty-love-serie-sliding-skin-dildo-realistico-com-ventosa-deslizante-de-pele-marrom-206-cm\\\/#breadcrumb\",\"itemListElement\":[{\"@type\":\"ListItem\",\"position\":1,\"name\":\"In\u00edcio\",\"item\":\"https:\\\/\\\/lovme.pt\\\/\"},{\"@type\":\"ListItem\",\"position\":2,\"name\":\"Loja\",\"item\":\"https:\\\/\\\/lovme.pt\\\/index.php\\\/loja\\\/\"},{\"@type\":\"ListItem\",\"position\":3,\"name\":\"PRETTY LOVE &#8211; S\u00c9RIE SLIDING SKIN DILDO REAL\u00cdSTICO COM VENTOSA DESLIZANTE DE PELE MARROM 20,6 CM\"}]},{\"@type\":\"WebSite\",\"@id\":\"https:\\\/\\\/lovme.pt\\\/#website\",\"url\":\"https:\\\/\\\/lovme.pt\\\/\",\"name\":\"Lovme Loja Er\u00f3tica N\u00ba1 em Portugal\",\"description\":\"A melhor loja er\u00f3tica de Portugal.\",\"alternateName\":\"Loja Er\u00f3tica Lovme\",\"potentialAction\":[{\"@type\":\"SearchAction\",\"target\":{\"@type\":\"EntryPoint\",\"urlTemplate\":\"https:\\\/\\\/lovme.pt\\\/?s={search_term_string}\"},\"query-input\":{\"@type\":\"PropertyValueSpecification\",\"valueRequired\":true,\"valueName\":\"search_term_string\"}}],\"inLanguage\":\"pt-PT\"}]}<\/script>\n<!-- \/ Yoast SEO plugin. -->","yoast_head_json":{"title":"PRETTY LOVE - S\u00c9RIE SLIDING SKIN DILDO REAL\u00cdSTICO COM VENTOSA DESLIZANTE DE PELE MARROM 20,6 CM - Lovme","robots":{"index":"index","follow":"follow","max-snippet":"max-snippet:-1","max-image-preview":"max-image-preview:large","max-video-preview":"max-video-preview:-1"},"canonical":"https:\/\/lovme.pt\/index.php\/produto\/pretty-love-serie-sliding-skin-dildo-realistico-com-ventosa-deslizante-de-pele-marrom-206-cm\/","og_locale":"pt_PT","og_type":"article","og_title":"PRETTY LOVE - S\u00c9RIE SLIDING SKIN DILDO REAL\u00cdSTICO COM VENTOSA DESLIZANTE DE PELE MARROM 20,6 CM - Lovme","og_description":"PRETTY LOVE - S\u00c9RIE SLIDING SKIN DILDO REAL\u00cdSTICO COM VENTOSA DESLIZANTE DE PELE MARROM 20,6 CM","og_url":"https:\/\/lovme.pt\/index.php\/produto\/pretty-love-serie-sliding-skin-dildo-realistico-com-ventosa-deslizante-de-pele-marrom-206-cm\/","og_site_name":"Lovme","article_modified_time":"2026-02-19T20:01:08+00:00","og_image":[{"width":800,"height":800,"url":"https:\/\/erki24nd3ub.exactdn.com\/wp-content\/uploads\/dream\/img\/img_173530_7bf1da6dab334e30dc7fad37a0a72908_1.jpg?strip=all","type":"image\/jpeg"}],"twitter_card":"summary_large_image","twitter_misc":{"Tempo estimado de leitura":"1 minuto"},"schema":{"@context":"https:\/\/schema.org","@graph":[{"@type":"WebPage","@id":"https:\/\/lovme.pt\/index.php\/produto\/pretty-love-serie-sliding-skin-dildo-realistico-com-ventosa-deslizante-de-pele-marrom-206-cm\/","url":"https:\/\/lovme.pt\/index.php\/produto\/pretty-love-serie-sliding-skin-dildo-realistico-com-ventosa-deslizante-de-pele-marrom-206-cm\/","name":"PRETTY LOVE - S\u00c9RIE SLIDING SKIN DILDO REAL\u00cdSTICO COM VENTOSA DESLIZANTE DE PELE MARROM 20,6 CM - Lovme","isPartOf":{"@id":"https:\/\/lovme.pt\/#website"},"primaryImageOfPage":{"@id":"https:\/\/lovme.pt\/index.php\/produto\/pretty-love-serie-sliding-skin-dildo-realistico-com-ventosa-deslizante-de-pele-marrom-206-cm\/#primaryimage"},"image":{"@id":"https:\/\/lovme.pt\/index.php\/produto\/pretty-love-serie-sliding-skin-dildo-realistico-com-ventosa-deslizante-de-pele-marrom-206-cm\/#primaryimage"},"thumbnailUrl":"https:\/\/erki24nd3ub.exactdn.com\/wp-content\/uploads\/dream\/img\/img_173530_7bf1da6dab334e30dc7fad37a0a72908_1.jpg?strip=all","datePublished":"2025-09-30T09:36:14+00:00","dateModified":"2026-02-19T20:01:08+00:00","breadcrumb":{"@id":"https:\/\/lovme.pt\/index.php\/produto\/pretty-love-serie-sliding-skin-dildo-realistico-com-ventosa-deslizante-de-pele-marrom-206-cm\/#breadcrumb"},"inLanguage":"pt-PT","potentialAction":[{"@type":"ReadAction","target":["https:\/\/lovme.pt\/index.php\/produto\/pretty-love-serie-sliding-skin-dildo-realistico-com-ventosa-deslizante-de-pele-marrom-206-cm\/"]}]},{"@type":"ImageObject","inLanguage":"pt-PT","@id":"https:\/\/lovme.pt\/index.php\/produto\/pretty-love-serie-sliding-skin-dildo-realistico-com-ventosa-deslizante-de-pele-marrom-206-cm\/#primaryimage","url":"https:\/\/erki24nd3ub.exactdn.com\/wp-content\/uploads\/dream\/img\/img_173530_7bf1da6dab334e30dc7fad37a0a72908_1.jpg?strip=all","contentUrl":"https:\/\/erki24nd3ub.exactdn.com\/wp-content\/uploads\/dream\/img\/img_173530_7bf1da6dab334e30dc7fad37a0a72908_1.jpg?strip=all","width":800,"height":800},{"@type":"BreadcrumbList","@id":"https:\/\/lovme.pt\/index.php\/produto\/pretty-love-serie-sliding-skin-dildo-realistico-com-ventosa-deslizante-de-pele-marrom-206-cm\/#breadcrumb","itemListElement":[{"@type":"ListItem","position":1,"name":"In\u00edcio","item":"https:\/\/lovme.pt\/"},{"@type":"ListItem","position":2,"name":"Loja","item":"https:\/\/lovme.pt\/index.php\/loja\/"},{"@type":"ListItem","position":3,"name":"PRETTY LOVE &#8211; S\u00c9RIE SLIDING SKIN DILDO REAL\u00cdSTICO COM VENTOSA DESLIZANTE DE PELE MARROM 20,6 CM"}]},{"@type":"WebSite","@id":"https:\/\/lovme.pt\/#website","url":"https:\/\/lovme.pt\/","name":"Lovme Loja Er\u00f3tica N\u00ba1 em Portugal","description":"A melhor loja er\u00f3tica de Portugal.","alternateName":"Loja Er\u00f3tica Lovme","potentialAction":[{"@type":"SearchAction","target":{"@type":"EntryPoint","urlTemplate":"https:\/\/lovme.pt\/?s={search_term_string}"},"query-input":{"@type":"PropertyValueSpecification","valueRequired":true,"valueName":"search_term_string"}}],"inLanguage":"pt-PT"}]}},"_links":{"self":[{"href":"https:\/\/lovme.pt\/index.php\/wp-json\/wp\/v2\/product\/47876","targetHints":{"allow":["GET"]}}],"collection":[{"href":"https:\/\/lovme.pt\/index.php\/wp-json\/wp\/v2\/product"}],"about":[{"href":"https:\/\/lovme.pt\/index.php\/wp-json\/wp\/v2\/types\/product"}],"wp:featuredmedia":[{"embeddable":true,"href":"https:\/\/lovme.pt\/index.php\/wp-json\/wp\/v2\/media\/54433"}],"wp:attachment":[{"href":"https:\/\/lovme.pt\/index.php\/wp-json\/wp\/v2\/media?parent=47876"}],"wp:term":[{"taxonomy":"product_brand","embeddable":true,"href":"https:\/\/lovme.pt\/index.php\/wp-json\/wp\/v2\/product_brand?post=47876"},{"taxonomy":"product_cat","embeddable":true,"href":"https:\/\/lovme.pt\/index.php\/wp-json\/wp\/v2\/product_cat?post=47876"},{"taxonomy":"product_tag","embeddable":true,"href":"https:\/\/lovme.pt\/index.php\/wp-json\/wp\/v2\/product_tag?post=47876"}],"curies":[{"name":"wp","href":"https:\/\/api.w.org\/{rel}","templated":true}]}}