{"id":47868,"date":"2025-09-30T22:01:20","date_gmt":"2025-09-30T22:01:20","guid":{"rendered":"https:\/\/lovme.pt\/?post_type=product&p=47868"},"modified":"2026-02-19T20:09:01","modified_gmt":"2026-02-19T20:09:01","slug":"calexotics-ovation-estimulador-rave-aqua-green","status":"publish","type":"product","link":"https:\/\/lovme.pt\/index.php\/produto\/calexotics-ovation-estimulador-rave-aqua-green\/","title":{"rendered":"CALEXOTICS &#8211; OVATION ESTIMULADOR RAVE AQUA GREEN"},"content":{"rendered":"<p>Experimente um prazer requintado com o Ovation Rave, um estimulador cintilante criado com curvas ergon\u00f4micas para estimula\u00e7\u00e3o precisa. Desfrute de 10 velocidades revigorantes para ondas de prazer. Seu discreto estojo magn\u00e9tico garante um armazenamento seguro. Feito de silicone seguro para o corpo, oferece uma textura macia aveludada. Submers\u00edvel com classifica\u00e7\u00e3o IPX7 para aventuras seguras. Equipado com um chip de mem\u00f3ria e um recurso de trava de viagem para maior comodidade. Mantenha-se alimentado com recarga USB, proporcionando 45 minutos de excita\u00e7\u00e3o intensa em alta velocidade ou 70 minutos em baixa velocidade. Abrace o prazer incompar\u00e1vel com o Ovation Rave, rendendo-se ao deleite e \u00e0 satisfa\u00e7\u00e3o sensual.<\/p>\n<\/p>\n<p> <u><strong>CARACTER\u00cdSTICAS:<\/strong><\/u><\/p>\n<ul>\n<li> Estimulador intermitente com curvas ergon\u00f4micas para estimular todos os lugares certos<\/li>\n<li> 10 velocidades de a\u00e7\u00e3o sensual e piscante<\/li>\n<li> Estojo magn\u00e9tico discreto e protetor<\/li>\n<li> Silicone seguro para o corpo e 100% \u00e0 prova d\u00e1gua<\/li>\n<li> Chip de mem\u00f3ria de \u00faltima gera\u00e7\u00e3o que retoma a \u00faltima fun\u00e7\u00e3o utilizada<\/li>\n<li> Recurso de bloqueio de viagem de seguran\u00e7a: pressione e segure por 3 segundos para ligar ou desligar<\/li>\n<li> USB recarreg\u00e1vel com contatos magn\u00e9ticos: cabo de carregamento inclu\u00eddo<\/li>\n<li> Carga completa em 1,5 horas<\/li>\n<li> Funciona por 45 minutos em alta velocidade e 70 minutos em baixa velocidade<\/li>\n<\/ul>\n<p> <strong>A CalExotics<\/strong> tem transformado constantemente \u201cfantasia em realidade\u201d h\u00e1 mais de uma d\u00e9cada. Com aten\u00e7\u00e3o incompar\u00e1vel aos detalhes, a fundadora e propriet\u00e1ria da CalExotics, Susan Colvin, tornou a marca California Exotic Novelty sin\u00f4nimo de brinquedos para adultos de qualidade. O fato de a CalExotics ser uma empresa pertencente e operada por mulheres desempenha um papel importante em sua ascens\u00e3o mete\u00f3rica ao topo da ind\u00fastria de brinquedos e novidades para adultos. .<\/p>\n","protected":false},"excerpt":{"rendered":"<p>CALEXOTICS &#8211; OVATION ESTIMULADOR RAVE AQUA GREEN<\/p>\n","protected":false},"featured_media":73042,"template":"","meta":{"_acf_changed":false},"product_brand":[],"product_cat":[17,61,76],"product_tag":[],"class_list":{"0":"post-47868","1":"product","2":"type-product","3":"status-publish","4":"has-post-thumbnail","6":"product_cat-brinquedos-de-bem-estar-sexual","7":"product_cat-para-elas","8":"product_cat-vibradores","9":"yith_product_brand-calexotics","11":"first","12":"instock","13":"taxable","14":"shipping-taxable","15":"purchasable","16":"product-type-simple"},"acf":[],"yoast_head":"<!-- This site is optimized with the Yoast SEO plugin v27.3 - https:\/\/yoast.com\/product\/yoast-seo-wordpress\/ -->\n<title>CALEXOTICS - OVATION ESTIMULADOR RAVE AQUA GREEN - Lovme<\/title>\n<meta name=\"robots\" content=\"index, follow, max-snippet:-1, max-image-preview:large, max-video-preview:-1\" \/>\n<link rel=\"canonical\" href=\"https:\/\/lovme.pt\/index.php\/produto\/calexotics-ovation-estimulador-rave-aqua-green\/\" \/>\n<meta property=\"og:locale\" content=\"pt_PT\" \/>\n<meta property=\"og:type\" content=\"article\" \/>\n<meta property=\"og:title\" content=\"CALEXOTICS - OVATION ESTIMULADOR RAVE AQUA GREEN - Lovme\" \/>\n<meta property=\"og:description\" content=\"CALEXOTICS - OVATION ESTIMULADOR RAVE AQUA GREEN\" \/>\n<meta property=\"og:url\" content=\"https:\/\/lovme.pt\/index.php\/produto\/calexotics-ovation-estimulador-rave-aqua-green\/\" \/>\n<meta property=\"og:site_name\" content=\"Lovme\" \/>\n<meta property=\"article:modified_time\" content=\"2026-02-19T20:09:01+00:00\" \/>\n<meta property=\"og:image\" content=\"https:\/\/erki24nd3ub.exactdn.com\/wp-content\/uploads\/dream\/img\/img_173417_9427ad6aa41302c11385bd13ba5fbf8c_1.jpg?strip=all\" \/>\n\t<meta property=\"og:image:width\" content=\"800\" \/>\n\t<meta property=\"og:image:height\" content=\"800\" \/>\n\t<meta property=\"og:image:type\" content=\"image\/jpeg\" \/>\n<meta name=\"twitter:card\" content=\"summary_large_image\" \/>\n<meta name=\"twitter:label1\" content=\"Tempo estimado de leitura\" \/>\n\t<meta name=\"twitter:data1\" content=\"1 minuto\" \/>\n<script type=\"application\/ld+json\" class=\"yoast-schema-graph\">{\"@context\":\"https:\\\/\\\/schema.org\",\"@graph\":[{\"@type\":\"WebPage\",\"@id\":\"https:\\\/\\\/lovme.pt\\\/index.php\\\/produto\\\/calexotics-ovation-estimulador-rave-aqua-green\\\/\",\"url\":\"https:\\\/\\\/lovme.pt\\\/index.php\\\/produto\\\/calexotics-ovation-estimulador-rave-aqua-green\\\/\",\"name\":\"CALEXOTICS - OVATION ESTIMULADOR RAVE AQUA GREEN - Lovme\",\"isPartOf\":{\"@id\":\"https:\\\/\\\/lovme.pt\\\/#website\"},\"primaryImageOfPage\":{\"@id\":\"https:\\\/\\\/lovme.pt\\\/index.php\\\/produto\\\/calexotics-ovation-estimulador-rave-aqua-green\\\/#primaryimage\"},\"image\":{\"@id\":\"https:\\\/\\\/lovme.pt\\\/index.php\\\/produto\\\/calexotics-ovation-estimulador-rave-aqua-green\\\/#primaryimage\"},\"thumbnailUrl\":\"https:\\\/\\\/erki24nd3ub.exactdn.com\\\/wp-content\\\/uploads\\\/dream\\\/img\\\/img_173417_9427ad6aa41302c11385bd13ba5fbf8c_1.jpg?strip=all\",\"datePublished\":\"2025-09-30T22:01:20+00:00\",\"dateModified\":\"2026-02-19T20:09:01+00:00\",\"breadcrumb\":{\"@id\":\"https:\\\/\\\/lovme.pt\\\/index.php\\\/produto\\\/calexotics-ovation-estimulador-rave-aqua-green\\\/#breadcrumb\"},\"inLanguage\":\"pt-PT\",\"potentialAction\":[{\"@type\":\"ReadAction\",\"target\":[\"https:\\\/\\\/lovme.pt\\\/index.php\\\/produto\\\/calexotics-ovation-estimulador-rave-aqua-green\\\/\"]}]},{\"@type\":\"ImageObject\",\"inLanguage\":\"pt-PT\",\"@id\":\"https:\\\/\\\/lovme.pt\\\/index.php\\\/produto\\\/calexotics-ovation-estimulador-rave-aqua-green\\\/#primaryimage\",\"url\":\"https:\\\/\\\/erki24nd3ub.exactdn.com\\\/wp-content\\\/uploads\\\/dream\\\/img\\\/img_173417_9427ad6aa41302c11385bd13ba5fbf8c_1.jpg?strip=all\",\"contentUrl\":\"https:\\\/\\\/erki24nd3ub.exactdn.com\\\/wp-content\\\/uploads\\\/dream\\\/img\\\/img_173417_9427ad6aa41302c11385bd13ba5fbf8c_1.jpg?strip=all\",\"width\":800,\"height\":800},{\"@type\":\"BreadcrumbList\",\"@id\":\"https:\\\/\\\/lovme.pt\\\/index.php\\\/produto\\\/calexotics-ovation-estimulador-rave-aqua-green\\\/#breadcrumb\",\"itemListElement\":[{\"@type\":\"ListItem\",\"position\":1,\"name\":\"In\u00edcio\",\"item\":\"https:\\\/\\\/lovme.pt\\\/\"},{\"@type\":\"ListItem\",\"position\":2,\"name\":\"Loja\",\"item\":\"https:\\\/\\\/lovme.pt\\\/index.php\\\/loja\\\/\"},{\"@type\":\"ListItem\",\"position\":3,\"name\":\"CALEXOTICS &#8211; OVATION ESTIMULADOR RAVE AQUA GREEN\"}]},{\"@type\":\"WebSite\",\"@id\":\"https:\\\/\\\/lovme.pt\\\/#website\",\"url\":\"https:\\\/\\\/lovme.pt\\\/\",\"name\":\"Lovme Loja Er\u00f3tica N\u00ba1 em Portugal\",\"description\":\"A melhor loja er\u00f3tica de Portugal.\",\"alternateName\":\"Loja Er\u00f3tica Lovme\",\"potentialAction\":[{\"@type\":\"SearchAction\",\"target\":{\"@type\":\"EntryPoint\",\"urlTemplate\":\"https:\\\/\\\/lovme.pt\\\/?s={search_term_string}\"},\"query-input\":{\"@type\":\"PropertyValueSpecification\",\"valueRequired\":true,\"valueName\":\"search_term_string\"}}],\"inLanguage\":\"pt-PT\"}]}<\/script>\n<!-- \/ Yoast SEO plugin. -->","yoast_head_json":{"title":"CALEXOTICS - OVATION ESTIMULADOR RAVE AQUA GREEN - Lovme","robots":{"index":"index","follow":"follow","max-snippet":"max-snippet:-1","max-image-preview":"max-image-preview:large","max-video-preview":"max-video-preview:-1"},"canonical":"https:\/\/lovme.pt\/index.php\/produto\/calexotics-ovation-estimulador-rave-aqua-green\/","og_locale":"pt_PT","og_type":"article","og_title":"CALEXOTICS - OVATION ESTIMULADOR RAVE AQUA GREEN - Lovme","og_description":"CALEXOTICS - OVATION ESTIMULADOR RAVE AQUA GREEN","og_url":"https:\/\/lovme.pt\/index.php\/produto\/calexotics-ovation-estimulador-rave-aqua-green\/","og_site_name":"Lovme","article_modified_time":"2026-02-19T20:09:01+00:00","og_image":[{"width":800,"height":800,"url":"https:\/\/erki24nd3ub.exactdn.com\/wp-content\/uploads\/dream\/img\/img_173417_9427ad6aa41302c11385bd13ba5fbf8c_1.jpg?strip=all","type":"image\/jpeg"}],"twitter_card":"summary_large_image","twitter_misc":{"Tempo estimado de leitura":"1 minuto"},"schema":{"@context":"https:\/\/schema.org","@graph":[{"@type":"WebPage","@id":"https:\/\/lovme.pt\/index.php\/produto\/calexotics-ovation-estimulador-rave-aqua-green\/","url":"https:\/\/lovme.pt\/index.php\/produto\/calexotics-ovation-estimulador-rave-aqua-green\/","name":"CALEXOTICS - OVATION ESTIMULADOR RAVE AQUA GREEN - Lovme","isPartOf":{"@id":"https:\/\/lovme.pt\/#website"},"primaryImageOfPage":{"@id":"https:\/\/lovme.pt\/index.php\/produto\/calexotics-ovation-estimulador-rave-aqua-green\/#primaryimage"},"image":{"@id":"https:\/\/lovme.pt\/index.php\/produto\/calexotics-ovation-estimulador-rave-aqua-green\/#primaryimage"},"thumbnailUrl":"https:\/\/erki24nd3ub.exactdn.com\/wp-content\/uploads\/dream\/img\/img_173417_9427ad6aa41302c11385bd13ba5fbf8c_1.jpg?strip=all","datePublished":"2025-09-30T22:01:20+00:00","dateModified":"2026-02-19T20:09:01+00:00","breadcrumb":{"@id":"https:\/\/lovme.pt\/index.php\/produto\/calexotics-ovation-estimulador-rave-aqua-green\/#breadcrumb"},"inLanguage":"pt-PT","potentialAction":[{"@type":"ReadAction","target":["https:\/\/lovme.pt\/index.php\/produto\/calexotics-ovation-estimulador-rave-aqua-green\/"]}]},{"@type":"ImageObject","inLanguage":"pt-PT","@id":"https:\/\/lovme.pt\/index.php\/produto\/calexotics-ovation-estimulador-rave-aqua-green\/#primaryimage","url":"https:\/\/erki24nd3ub.exactdn.com\/wp-content\/uploads\/dream\/img\/img_173417_9427ad6aa41302c11385bd13ba5fbf8c_1.jpg?strip=all","contentUrl":"https:\/\/erki24nd3ub.exactdn.com\/wp-content\/uploads\/dream\/img\/img_173417_9427ad6aa41302c11385bd13ba5fbf8c_1.jpg?strip=all","width":800,"height":800},{"@type":"BreadcrumbList","@id":"https:\/\/lovme.pt\/index.php\/produto\/calexotics-ovation-estimulador-rave-aqua-green\/#breadcrumb","itemListElement":[{"@type":"ListItem","position":1,"name":"In\u00edcio","item":"https:\/\/lovme.pt\/"},{"@type":"ListItem","position":2,"name":"Loja","item":"https:\/\/lovme.pt\/index.php\/loja\/"},{"@type":"ListItem","position":3,"name":"CALEXOTICS &#8211; OVATION ESTIMULADOR RAVE AQUA GREEN"}]},{"@type":"WebSite","@id":"https:\/\/lovme.pt\/#website","url":"https:\/\/lovme.pt\/","name":"Lovme Loja Er\u00f3tica N\u00ba1 em Portugal","description":"A melhor loja er\u00f3tica de Portugal.","alternateName":"Loja Er\u00f3tica Lovme","potentialAction":[{"@type":"SearchAction","target":{"@type":"EntryPoint","urlTemplate":"https:\/\/lovme.pt\/?s={search_term_string}"},"query-input":{"@type":"PropertyValueSpecification","valueRequired":true,"valueName":"search_term_string"}}],"inLanguage":"pt-PT"}]}},"_links":{"self":[{"href":"https:\/\/lovme.pt\/index.php\/wp-json\/wp\/v2\/product\/47868","targetHints":{"allow":["GET"]}}],"collection":[{"href":"https:\/\/lovme.pt\/index.php\/wp-json\/wp\/v2\/product"}],"about":[{"href":"https:\/\/lovme.pt\/index.php\/wp-json\/wp\/v2\/types\/product"}],"wp:featuredmedia":[{"embeddable":true,"href":"https:\/\/lovme.pt\/index.php\/wp-json\/wp\/v2\/media\/73042"}],"wp:attachment":[{"href":"https:\/\/lovme.pt\/index.php\/wp-json\/wp\/v2\/media?parent=47868"}],"wp:term":[{"taxonomy":"product_brand","embeddable":true,"href":"https:\/\/lovme.pt\/index.php\/wp-json\/wp\/v2\/product_brand?post=47868"},{"taxonomy":"product_cat","embeddable":true,"href":"https:\/\/lovme.pt\/index.php\/wp-json\/wp\/v2\/product_cat?post=47868"},{"taxonomy":"product_tag","embeddable":true,"href":"https:\/\/lovme.pt\/index.php\/wp-json\/wp\/v2\/product_tag?post=47868"}],"curies":[{"name":"wp","href":"https:\/\/api.w.org\/{rel}","templated":true}]}}