{"id":47844,"date":"2025-09-30T22:34:27","date_gmt":"2025-09-30T22:34:27","guid":{"rendered":"https:\/\/lovme.pt\/?post_type=product&p=47844"},"modified":"2026-02-19T20:12:43","modified_gmt":"2026-02-19T20:12:43","slug":"calexotics-euphoria-punhos-de-tornozelo","status":"publish","type":"product","link":"https:\/\/lovme.pt\/index.php\/produto\/calexotics-euphoria-punhos-de-tornozelo\/","title":{"rendered":"CALEXOTICS &#8211; EUPHORIA PUNHOS DE TORNOZELO"},"content":{"rendered":"<p>Mergulhe no charme cativante dos tornozelos da cole\u00e7\u00e3o Euphoria. Este conjunto possui duas restri\u00e7\u00f5es de tornozelo com design moderno e funcional. Totalmente ajust\u00e1veis com fechos de fivela seguros, oferecem um ajuste personalizado e controle completo sobre suas aventuras de bondage. Delicie-se com o interior em veludo macio e o elegante exterior em couro vegano, criando uma experi\u00eancia sensorial luxuosa. Os fechos universais e os an\u00e9is em D girat\u00f3rios garantem versatilidade para explorar v\u00e1rias posi\u00e7\u00f5es. Feitas para oferecer conforto e durabilidade com acolchoamento e costura duplos, essas algemas prometem confiabilidade durante jogos intensos. Eleve a sua jornada de bondage com detalhes de metal elegantes e sem manchas, combinando estilo com satisfa\u00e7\u00e3o nos tornozelos da Cole\u00e7\u00e3o Euphoria.<\/p>\n<\/p>\n<p> <u><strong>CARACTER\u00cdSTICAS:<\/strong><\/u><\/p>\n<ul>\n<li> Conjunto de 2 algemas de tornozelo totalmente ajust\u00e1veis com fecho de fivela seguro<\/li>\n<li> Design funcional, dur\u00e1vel e contempor\u00e2neo<\/li>\n<li> Interior de veludo macio e fofo com exterior de couro vegano<\/li>\n<li> Encaixes universais e an\u00e9is em D com design girat\u00f3rio para m\u00e1xima destreza<\/li>\n<li> Resistente, duplo acolchoado e costura dupla<\/li>\n<li> Acentos de metal n\u00e3o manchados<\/li>\n<li> Dimens\u00f5es do produto: circunfer\u00eancia m\u00e1xima de 25,5 cm em cada punho<\/li>\n<\/ul>\n<p> <strong>A CalExotics<\/strong> tem transformado constantemente \u201cfantasia em realidade\u201d h\u00e1 mais de uma d\u00e9cada. Com aten\u00e7\u00e3o incompar\u00e1vel aos detalhes, a fundadora e propriet\u00e1ria da CalExotics, Susan Colvin, tornou a marca California Exotic Novelty sin\u00f4nimo de brinquedos para adultos de qualidade. O fato de a CalExotics ser uma empresa pertencente e operada por mulheres desempenha um papel importante em sua ascens\u00e3o mete\u00f3rica ao topo da ind\u00fastria de brinquedos e novidades para adultos. .<\/p>\n","protected":false},"excerpt":{"rendered":"<p>CALEXOTICS &#8211; EUPHORIA PUNHOS DE TORNOZELO<\/p>\n","protected":false},"featured_media":78959,"template":"","meta":{"_acf_changed":false},"product_brand":[],"product_cat":[48],"product_tag":[],"class_list":{"0":"post-47844","1":"product","2":"type-product","3":"status-publish","4":"has-post-thumbnail","6":"product_cat-bdsm","7":"yith_product_brand-calexotics","9":"first","10":"instock","11":"taxable","12":"shipping-taxable","13":"purchasable","14":"product-type-simple"},"acf":[],"yoast_head":"<!-- This site is optimized with the Yoast SEO plugin v27.3 - https:\/\/yoast.com\/product\/yoast-seo-wordpress\/ -->\n<title>CALEXOTICS - EUPHORIA PUNHOS DE TORNOZELO - Lovme<\/title>\n<meta name=\"robots\" content=\"index, follow, max-snippet:-1, max-image-preview:large, max-video-preview:-1\" \/>\n<link rel=\"canonical\" href=\"https:\/\/lovme.pt\/index.php\/produto\/calexotics-euphoria-punhos-de-tornozelo\/\" \/>\n<meta property=\"og:locale\" content=\"pt_PT\" \/>\n<meta property=\"og:type\" content=\"article\" \/>\n<meta property=\"og:title\" content=\"CALEXOTICS - EUPHORIA PUNHOS DE TORNOZELO - Lovme\" \/>\n<meta property=\"og:description\" content=\"CALEXOTICS - EUPHORIA PUNHOS DE TORNOZELO\" \/>\n<meta property=\"og:url\" content=\"https:\/\/lovme.pt\/index.php\/produto\/calexotics-euphoria-punhos-de-tornozelo\/\" \/>\n<meta property=\"og:site_name\" content=\"Lovme\" \/>\n<meta property=\"article:modified_time\" content=\"2026-02-19T20:12:43+00:00\" \/>\n<meta property=\"og:image\" content=\"https:\/\/erki24nd3ub.exactdn.com\/wp-content\/uploads\/dream\/img\/img_173196_0cb06b58bfe4d995f62b70a3a8d2fda4_1.jpg?strip=all\" \/>\n\t<meta property=\"og:image:width\" content=\"800\" \/>\n\t<meta property=\"og:image:height\" content=\"800\" \/>\n\t<meta property=\"og:image:type\" content=\"image\/jpeg\" \/>\n<meta name=\"twitter:card\" content=\"summary_large_image\" \/>\n<meta name=\"twitter:label1\" content=\"Tempo estimado de leitura\" \/>\n\t<meta name=\"twitter:data1\" content=\"1 minuto\" \/>\n<script type=\"application\/ld+json\" class=\"yoast-schema-graph\">{\"@context\":\"https:\\\/\\\/schema.org\",\"@graph\":[{\"@type\":\"WebPage\",\"@id\":\"https:\\\/\\\/lovme.pt\\\/index.php\\\/produto\\\/calexotics-euphoria-punhos-de-tornozelo\\\/\",\"url\":\"https:\\\/\\\/lovme.pt\\\/index.php\\\/produto\\\/calexotics-euphoria-punhos-de-tornozelo\\\/\",\"name\":\"CALEXOTICS - EUPHORIA PUNHOS DE TORNOZELO - Lovme\",\"isPartOf\":{\"@id\":\"https:\\\/\\\/lovme.pt\\\/#website\"},\"primaryImageOfPage\":{\"@id\":\"https:\\\/\\\/lovme.pt\\\/index.php\\\/produto\\\/calexotics-euphoria-punhos-de-tornozelo\\\/#primaryimage\"},\"image\":{\"@id\":\"https:\\\/\\\/lovme.pt\\\/index.php\\\/produto\\\/calexotics-euphoria-punhos-de-tornozelo\\\/#primaryimage\"},\"thumbnailUrl\":\"https:\\\/\\\/erki24nd3ub.exactdn.com\\\/wp-content\\\/uploads\\\/dream\\\/img\\\/img_173196_0cb06b58bfe4d995f62b70a3a8d2fda4_1.jpg?strip=all\",\"datePublished\":\"2025-09-30T22:34:27+00:00\",\"dateModified\":\"2026-02-19T20:12:43+00:00\",\"breadcrumb\":{\"@id\":\"https:\\\/\\\/lovme.pt\\\/index.php\\\/produto\\\/calexotics-euphoria-punhos-de-tornozelo\\\/#breadcrumb\"},\"inLanguage\":\"pt-PT\",\"potentialAction\":[{\"@type\":\"ReadAction\",\"target\":[\"https:\\\/\\\/lovme.pt\\\/index.php\\\/produto\\\/calexotics-euphoria-punhos-de-tornozelo\\\/\"]}]},{\"@type\":\"ImageObject\",\"inLanguage\":\"pt-PT\",\"@id\":\"https:\\\/\\\/lovme.pt\\\/index.php\\\/produto\\\/calexotics-euphoria-punhos-de-tornozelo\\\/#primaryimage\",\"url\":\"https:\\\/\\\/erki24nd3ub.exactdn.com\\\/wp-content\\\/uploads\\\/dream\\\/img\\\/img_173196_0cb06b58bfe4d995f62b70a3a8d2fda4_1.jpg?strip=all\",\"contentUrl\":\"https:\\\/\\\/erki24nd3ub.exactdn.com\\\/wp-content\\\/uploads\\\/dream\\\/img\\\/img_173196_0cb06b58bfe4d995f62b70a3a8d2fda4_1.jpg?strip=all\",\"width\":800,\"height\":800},{\"@type\":\"BreadcrumbList\",\"@id\":\"https:\\\/\\\/lovme.pt\\\/index.php\\\/produto\\\/calexotics-euphoria-punhos-de-tornozelo\\\/#breadcrumb\",\"itemListElement\":[{\"@type\":\"ListItem\",\"position\":1,\"name\":\"In\u00edcio\",\"item\":\"https:\\\/\\\/lovme.pt\\\/\"},{\"@type\":\"ListItem\",\"position\":2,\"name\":\"Loja\",\"item\":\"https:\\\/\\\/lovme.pt\\\/index.php\\\/loja\\\/\"},{\"@type\":\"ListItem\",\"position\":3,\"name\":\"CALEXOTICS &#8211; EUPHORIA PUNHOS DE TORNOZELO\"}]},{\"@type\":\"WebSite\",\"@id\":\"https:\\\/\\\/lovme.pt\\\/#website\",\"url\":\"https:\\\/\\\/lovme.pt\\\/\",\"name\":\"Lovme Loja Er\u00f3tica N\u00ba1 em Portugal\",\"description\":\"A melhor loja er\u00f3tica de Portugal.\",\"alternateName\":\"Loja Er\u00f3tica Lovme\",\"potentialAction\":[{\"@type\":\"SearchAction\",\"target\":{\"@type\":\"EntryPoint\",\"urlTemplate\":\"https:\\\/\\\/lovme.pt\\\/?s={search_term_string}\"},\"query-input\":{\"@type\":\"PropertyValueSpecification\",\"valueRequired\":true,\"valueName\":\"search_term_string\"}}],\"inLanguage\":\"pt-PT\"}]}<\/script>\n<!-- \/ Yoast SEO plugin. -->","yoast_head_json":{"title":"CALEXOTICS - EUPHORIA PUNHOS DE TORNOZELO - Lovme","robots":{"index":"index","follow":"follow","max-snippet":"max-snippet:-1","max-image-preview":"max-image-preview:large","max-video-preview":"max-video-preview:-1"},"canonical":"https:\/\/lovme.pt\/index.php\/produto\/calexotics-euphoria-punhos-de-tornozelo\/","og_locale":"pt_PT","og_type":"article","og_title":"CALEXOTICS - EUPHORIA PUNHOS DE TORNOZELO - Lovme","og_description":"CALEXOTICS - EUPHORIA PUNHOS DE TORNOZELO","og_url":"https:\/\/lovme.pt\/index.php\/produto\/calexotics-euphoria-punhos-de-tornozelo\/","og_site_name":"Lovme","article_modified_time":"2026-02-19T20:12:43+00:00","og_image":[{"width":800,"height":800,"url":"https:\/\/erki24nd3ub.exactdn.com\/wp-content\/uploads\/dream\/img\/img_173196_0cb06b58bfe4d995f62b70a3a8d2fda4_1.jpg?strip=all","type":"image\/jpeg"}],"twitter_card":"summary_large_image","twitter_misc":{"Tempo estimado de leitura":"1 minuto"},"schema":{"@context":"https:\/\/schema.org","@graph":[{"@type":"WebPage","@id":"https:\/\/lovme.pt\/index.php\/produto\/calexotics-euphoria-punhos-de-tornozelo\/","url":"https:\/\/lovme.pt\/index.php\/produto\/calexotics-euphoria-punhos-de-tornozelo\/","name":"CALEXOTICS - EUPHORIA PUNHOS DE TORNOZELO - Lovme","isPartOf":{"@id":"https:\/\/lovme.pt\/#website"},"primaryImageOfPage":{"@id":"https:\/\/lovme.pt\/index.php\/produto\/calexotics-euphoria-punhos-de-tornozelo\/#primaryimage"},"image":{"@id":"https:\/\/lovme.pt\/index.php\/produto\/calexotics-euphoria-punhos-de-tornozelo\/#primaryimage"},"thumbnailUrl":"https:\/\/erki24nd3ub.exactdn.com\/wp-content\/uploads\/dream\/img\/img_173196_0cb06b58bfe4d995f62b70a3a8d2fda4_1.jpg?strip=all","datePublished":"2025-09-30T22:34:27+00:00","dateModified":"2026-02-19T20:12:43+00:00","breadcrumb":{"@id":"https:\/\/lovme.pt\/index.php\/produto\/calexotics-euphoria-punhos-de-tornozelo\/#breadcrumb"},"inLanguage":"pt-PT","potentialAction":[{"@type":"ReadAction","target":["https:\/\/lovme.pt\/index.php\/produto\/calexotics-euphoria-punhos-de-tornozelo\/"]}]},{"@type":"ImageObject","inLanguage":"pt-PT","@id":"https:\/\/lovme.pt\/index.php\/produto\/calexotics-euphoria-punhos-de-tornozelo\/#primaryimage","url":"https:\/\/erki24nd3ub.exactdn.com\/wp-content\/uploads\/dream\/img\/img_173196_0cb06b58bfe4d995f62b70a3a8d2fda4_1.jpg?strip=all","contentUrl":"https:\/\/erki24nd3ub.exactdn.com\/wp-content\/uploads\/dream\/img\/img_173196_0cb06b58bfe4d995f62b70a3a8d2fda4_1.jpg?strip=all","width":800,"height":800},{"@type":"BreadcrumbList","@id":"https:\/\/lovme.pt\/index.php\/produto\/calexotics-euphoria-punhos-de-tornozelo\/#breadcrumb","itemListElement":[{"@type":"ListItem","position":1,"name":"In\u00edcio","item":"https:\/\/lovme.pt\/"},{"@type":"ListItem","position":2,"name":"Loja","item":"https:\/\/lovme.pt\/index.php\/loja\/"},{"@type":"ListItem","position":3,"name":"CALEXOTICS &#8211; EUPHORIA PUNHOS DE TORNOZELO"}]},{"@type":"WebSite","@id":"https:\/\/lovme.pt\/#website","url":"https:\/\/lovme.pt\/","name":"Lovme Loja Er\u00f3tica N\u00ba1 em Portugal","description":"A melhor loja er\u00f3tica de Portugal.","alternateName":"Loja Er\u00f3tica Lovme","potentialAction":[{"@type":"SearchAction","target":{"@type":"EntryPoint","urlTemplate":"https:\/\/lovme.pt\/?s={search_term_string}"},"query-input":{"@type":"PropertyValueSpecification","valueRequired":true,"valueName":"search_term_string"}}],"inLanguage":"pt-PT"}]}},"_links":{"self":[{"href":"https:\/\/lovme.pt\/index.php\/wp-json\/wp\/v2\/product\/47844","targetHints":{"allow":["GET"]}}],"collection":[{"href":"https:\/\/lovme.pt\/index.php\/wp-json\/wp\/v2\/product"}],"about":[{"href":"https:\/\/lovme.pt\/index.php\/wp-json\/wp\/v2\/types\/product"}],"wp:featuredmedia":[{"embeddable":true,"href":"https:\/\/lovme.pt\/index.php\/wp-json\/wp\/v2\/media\/78959"}],"wp:attachment":[{"href":"https:\/\/lovme.pt\/index.php\/wp-json\/wp\/v2\/media?parent=47844"}],"wp:term":[{"taxonomy":"product_brand","embeddable":true,"href":"https:\/\/lovme.pt\/index.php\/wp-json\/wp\/v2\/product_brand?post=47844"},{"taxonomy":"product_cat","embeddable":true,"href":"https:\/\/lovme.pt\/index.php\/wp-json\/wp\/v2\/product_cat?post=47844"},{"taxonomy":"product_tag","embeddable":true,"href":"https:\/\/lovme.pt\/index.php\/wp-json\/wp\/v2\/product_tag?post=47844"}],"curies":[{"name":"wp","href":"https:\/\/api.w.org\/{rel}","templated":true}]}}