{"id":47840,"date":"2025-09-30T22:59:13","date_gmt":"2025-09-30T22:59:13","guid":{"rendered":"https:\/\/lovme.pt\/?post_type=product&p=47840"},"modified":"2026-02-19T20:13:49","modified_gmt":"2026-02-19T20:13:49","slug":"calexotics-euphoria-arnes-de-coxa-multi-cadeia","status":"publish","type":"product","link":"https:\/\/lovme.pt\/index.php\/produto\/calexotics-euphoria-arnes-de-coxa-multi-cadeia\/","title":{"rendered":"CALEXOTICS &#8211; EUPHORIA ARN\u00caS DE COXA MULTI CADEIA"},"content":{"rendered":"<p>Eleve o prazer com o arn\u00eas para coxas Multi Chain da cole\u00e7\u00e3o Euphoria: um acess\u00f3rio premium para desejos intensificados. Ideal para momentos \u00edntimos ou para adicionar estilo festivo, este arn\u00eas para coxas \u00e9 uma afirma\u00e7\u00e3o ousada. As al\u00e7as ajust\u00e1veis na cintura e nas coxas garantem um ajuste confort\u00e1vel com fecho de fivela. O design contempor\u00e2neo melhora a durabilidade e a satisfa\u00e7\u00e3o geral. Aproveite a sensa\u00e7\u00e3o luxuosa do interior em veludo macio e a sofistica\u00e7\u00e3o do exterior em couro vegano. A constru\u00e7\u00e3o robusta, com duplo acolchoamento e costura, garante conforto em encontros apaixonantes. Os detalhes met\u00e1licos que n\u00e3o mancham adicionam glamour, criando um apelo visualmente deslumbrante. O design vers\u00e1til cabe na maioria dos tamanhos. Liberte os seus desejos com o arn\u00eas para coxas Multi Chain da cole\u00e7\u00e3o Euphoria.<\/p>\n<p>\u00a0<\/p>\n<p><u><strong>CARACTER\u00cdSTICAS:<\/strong><\/u><\/p>\n<ul>\n<li>Arn\u00eas de coxa multi-cadeia premium<\/li>\n<li>Al\u00e7as de cintura e coxa facilmente ajust\u00e1veis com fecho de fivela seguro<\/li>\n<li>Design funcional, dur\u00e1vel e contempor\u00e2neo.<\/li>\n<li>Interior de veludo macio e luxuoso com exterior de couro vegano.<\/li>\n<li>Robusto, duplo acolchoado e com costura dupla.<\/li>\n<li>Detalhes de metal n\u00e3o manchados<\/li>\n<li>Tamanho grande<\/li>\n<li>Dimens\u00f5es do produto: circunfer\u00eancia m\u00e1xima da cintura de 105 cm e circunfer\u00eancia m\u00e1xima da coxa de 73 cm<\/li>\n<\/ul>\n<p>\u00a0<\/p>\n<p><strong>A CalExotics<\/strong> tem transformado constantemente \u201cfantasia em realidade\u201d h\u00e1 mais de uma d\u00e9cada. Com aten\u00e7\u00e3o incompar\u00e1vel aos detalhes, a fundadora e propriet\u00e1ria da CalExotics, Susan Colvin, tornou a marca California Exotic Novelty sin\u00f4nimo de brinquedos para adultos de qualidade. O fato de a CalExotics ser uma empresa pertencente e operada por mulheres desempenha um papel importante em sua ascens\u00e3o mete\u00f3rica ao topo da ind\u00fastria de brinquedos e novidades para adultos. .<\/p>\n","protected":false},"excerpt":{"rendered":"<p>CALEXOTICS &#8211; EUPHORIA ARN\u00caS DE COXA MULTI CADEIA<\/p>\n","protected":false},"featured_media":82678,"template":"","meta":{"_acf_changed":false},"product_brand":[],"product_cat":[48],"product_tag":[],"class_list":{"0":"post-47840","1":"product","2":"type-product","3":"status-publish","4":"has-post-thumbnail","6":"product_cat-bdsm","7":"yith_product_brand-calexotics","9":"first","10":"instock","11":"taxable","12":"shipping-taxable","13":"purchasable","14":"product-type-simple"},"acf":[],"yoast_head":"<!-- This site is optimized with the Yoast SEO plugin v27.3 - https:\/\/yoast.com\/product\/yoast-seo-wordpress\/ -->\n<title>CALEXOTICS - EUPHORIA ARN\u00caS DE COXA MULTI CADEIA - Lovme<\/title>\n<meta name=\"robots\" content=\"index, follow, max-snippet:-1, max-image-preview:large, max-video-preview:-1\" \/>\n<link rel=\"canonical\" href=\"https:\/\/lovme.pt\/index.php\/produto\/calexotics-euphoria-arnes-de-coxa-multi-cadeia\/\" \/>\n<meta property=\"og:locale\" content=\"pt_PT\" \/>\n<meta property=\"og:type\" content=\"article\" \/>\n<meta property=\"og:title\" content=\"CALEXOTICS - EUPHORIA ARN\u00caS DE COXA MULTI CADEIA - Lovme\" \/>\n<meta property=\"og:description\" content=\"CALEXOTICS - EUPHORIA ARN\u00caS DE COXA MULTI CADEIA\" \/>\n<meta property=\"og:url\" content=\"https:\/\/lovme.pt\/index.php\/produto\/calexotics-euphoria-arnes-de-coxa-multi-cadeia\/\" \/>\n<meta property=\"og:site_name\" content=\"Lovme\" \/>\n<meta property=\"article:modified_time\" content=\"2026-02-19T20:13:49+00:00\" \/>\n<meta property=\"og:image\" content=\"https:\/\/erki24nd3ub.exactdn.com\/wp-content\/uploads\/dream\/img\/img_173129_e720400fe3d772c92944bb1f32ace3ac_1.jpg?strip=all\" \/>\n\t<meta property=\"og:image:width\" content=\"800\" \/>\n\t<meta property=\"og:image:height\" content=\"800\" \/>\n\t<meta property=\"og:image:type\" content=\"image\/jpeg\" \/>\n<meta name=\"twitter:card\" content=\"summary_large_image\" \/>\n<meta name=\"twitter:label1\" content=\"Tempo estimado de leitura\" \/>\n\t<meta name=\"twitter:data1\" content=\"1 minuto\" \/>\n<script type=\"application\/ld+json\" class=\"yoast-schema-graph\">{\"@context\":\"https:\\\/\\\/schema.org\",\"@graph\":[{\"@type\":\"WebPage\",\"@id\":\"https:\\\/\\\/lovme.pt\\\/index.php\\\/produto\\\/calexotics-euphoria-arnes-de-coxa-multi-cadeia\\\/\",\"url\":\"https:\\\/\\\/lovme.pt\\\/index.php\\\/produto\\\/calexotics-euphoria-arnes-de-coxa-multi-cadeia\\\/\",\"name\":\"CALEXOTICS - EUPHORIA ARN\u00caS DE COXA MULTI CADEIA - Lovme\",\"isPartOf\":{\"@id\":\"https:\\\/\\\/lovme.pt\\\/#website\"},\"primaryImageOfPage\":{\"@id\":\"https:\\\/\\\/lovme.pt\\\/index.php\\\/produto\\\/calexotics-euphoria-arnes-de-coxa-multi-cadeia\\\/#primaryimage\"},\"image\":{\"@id\":\"https:\\\/\\\/lovme.pt\\\/index.php\\\/produto\\\/calexotics-euphoria-arnes-de-coxa-multi-cadeia\\\/#primaryimage\"},\"thumbnailUrl\":\"https:\\\/\\\/erki24nd3ub.exactdn.com\\\/wp-content\\\/uploads\\\/dream\\\/img\\\/img_173129_e720400fe3d772c92944bb1f32ace3ac_1.jpg?strip=all\",\"datePublished\":\"2025-09-30T22:59:13+00:00\",\"dateModified\":\"2026-02-19T20:13:49+00:00\",\"breadcrumb\":{\"@id\":\"https:\\\/\\\/lovme.pt\\\/index.php\\\/produto\\\/calexotics-euphoria-arnes-de-coxa-multi-cadeia\\\/#breadcrumb\"},\"inLanguage\":\"pt-PT\",\"potentialAction\":[{\"@type\":\"ReadAction\",\"target\":[\"https:\\\/\\\/lovme.pt\\\/index.php\\\/produto\\\/calexotics-euphoria-arnes-de-coxa-multi-cadeia\\\/\"]}]},{\"@type\":\"ImageObject\",\"inLanguage\":\"pt-PT\",\"@id\":\"https:\\\/\\\/lovme.pt\\\/index.php\\\/produto\\\/calexotics-euphoria-arnes-de-coxa-multi-cadeia\\\/#primaryimage\",\"url\":\"https:\\\/\\\/erki24nd3ub.exactdn.com\\\/wp-content\\\/uploads\\\/dream\\\/img\\\/img_173129_e720400fe3d772c92944bb1f32ace3ac_1.jpg?strip=all\",\"contentUrl\":\"https:\\\/\\\/erki24nd3ub.exactdn.com\\\/wp-content\\\/uploads\\\/dream\\\/img\\\/img_173129_e720400fe3d772c92944bb1f32ace3ac_1.jpg?strip=all\",\"width\":800,\"height\":800},{\"@type\":\"BreadcrumbList\",\"@id\":\"https:\\\/\\\/lovme.pt\\\/index.php\\\/produto\\\/calexotics-euphoria-arnes-de-coxa-multi-cadeia\\\/#breadcrumb\",\"itemListElement\":[{\"@type\":\"ListItem\",\"position\":1,\"name\":\"In\u00edcio\",\"item\":\"https:\\\/\\\/lovme.pt\\\/\"},{\"@type\":\"ListItem\",\"position\":2,\"name\":\"Loja\",\"item\":\"https:\\\/\\\/lovme.pt\\\/index.php\\\/loja\\\/\"},{\"@type\":\"ListItem\",\"position\":3,\"name\":\"CALEXOTICS &#8211; EUPHORIA ARN\u00caS DE COXA MULTI CADEIA\"}]},{\"@type\":\"WebSite\",\"@id\":\"https:\\\/\\\/lovme.pt\\\/#website\",\"url\":\"https:\\\/\\\/lovme.pt\\\/\",\"name\":\"Lovme Loja Er\u00f3tica N\u00ba1 em Portugal\",\"description\":\"A melhor loja er\u00f3tica de Portugal.\",\"alternateName\":\"Loja Er\u00f3tica Lovme\",\"potentialAction\":[{\"@type\":\"SearchAction\",\"target\":{\"@type\":\"EntryPoint\",\"urlTemplate\":\"https:\\\/\\\/lovme.pt\\\/?s={search_term_string}\"},\"query-input\":{\"@type\":\"PropertyValueSpecification\",\"valueRequired\":true,\"valueName\":\"search_term_string\"}}],\"inLanguage\":\"pt-PT\"}]}<\/script>\n<!-- \/ Yoast SEO plugin. -->","yoast_head_json":{"title":"CALEXOTICS - EUPHORIA ARN\u00caS DE COXA MULTI CADEIA - Lovme","robots":{"index":"index","follow":"follow","max-snippet":"max-snippet:-1","max-image-preview":"max-image-preview:large","max-video-preview":"max-video-preview:-1"},"canonical":"https:\/\/lovme.pt\/index.php\/produto\/calexotics-euphoria-arnes-de-coxa-multi-cadeia\/","og_locale":"pt_PT","og_type":"article","og_title":"CALEXOTICS - EUPHORIA ARN\u00caS DE COXA MULTI CADEIA - Lovme","og_description":"CALEXOTICS - EUPHORIA ARN\u00caS DE COXA MULTI CADEIA","og_url":"https:\/\/lovme.pt\/index.php\/produto\/calexotics-euphoria-arnes-de-coxa-multi-cadeia\/","og_site_name":"Lovme","article_modified_time":"2026-02-19T20:13:49+00:00","og_image":[{"width":800,"height":800,"url":"https:\/\/erki24nd3ub.exactdn.com\/wp-content\/uploads\/dream\/img\/img_173129_e720400fe3d772c92944bb1f32ace3ac_1.jpg?strip=all","type":"image\/jpeg"}],"twitter_card":"summary_large_image","twitter_misc":{"Tempo estimado de leitura":"1 minuto"},"schema":{"@context":"https:\/\/schema.org","@graph":[{"@type":"WebPage","@id":"https:\/\/lovme.pt\/index.php\/produto\/calexotics-euphoria-arnes-de-coxa-multi-cadeia\/","url":"https:\/\/lovme.pt\/index.php\/produto\/calexotics-euphoria-arnes-de-coxa-multi-cadeia\/","name":"CALEXOTICS - EUPHORIA ARN\u00caS DE COXA MULTI CADEIA - Lovme","isPartOf":{"@id":"https:\/\/lovme.pt\/#website"},"primaryImageOfPage":{"@id":"https:\/\/lovme.pt\/index.php\/produto\/calexotics-euphoria-arnes-de-coxa-multi-cadeia\/#primaryimage"},"image":{"@id":"https:\/\/lovme.pt\/index.php\/produto\/calexotics-euphoria-arnes-de-coxa-multi-cadeia\/#primaryimage"},"thumbnailUrl":"https:\/\/erki24nd3ub.exactdn.com\/wp-content\/uploads\/dream\/img\/img_173129_e720400fe3d772c92944bb1f32ace3ac_1.jpg?strip=all","datePublished":"2025-09-30T22:59:13+00:00","dateModified":"2026-02-19T20:13:49+00:00","breadcrumb":{"@id":"https:\/\/lovme.pt\/index.php\/produto\/calexotics-euphoria-arnes-de-coxa-multi-cadeia\/#breadcrumb"},"inLanguage":"pt-PT","potentialAction":[{"@type":"ReadAction","target":["https:\/\/lovme.pt\/index.php\/produto\/calexotics-euphoria-arnes-de-coxa-multi-cadeia\/"]}]},{"@type":"ImageObject","inLanguage":"pt-PT","@id":"https:\/\/lovme.pt\/index.php\/produto\/calexotics-euphoria-arnes-de-coxa-multi-cadeia\/#primaryimage","url":"https:\/\/erki24nd3ub.exactdn.com\/wp-content\/uploads\/dream\/img\/img_173129_e720400fe3d772c92944bb1f32ace3ac_1.jpg?strip=all","contentUrl":"https:\/\/erki24nd3ub.exactdn.com\/wp-content\/uploads\/dream\/img\/img_173129_e720400fe3d772c92944bb1f32ace3ac_1.jpg?strip=all","width":800,"height":800},{"@type":"BreadcrumbList","@id":"https:\/\/lovme.pt\/index.php\/produto\/calexotics-euphoria-arnes-de-coxa-multi-cadeia\/#breadcrumb","itemListElement":[{"@type":"ListItem","position":1,"name":"In\u00edcio","item":"https:\/\/lovme.pt\/"},{"@type":"ListItem","position":2,"name":"Loja","item":"https:\/\/lovme.pt\/index.php\/loja\/"},{"@type":"ListItem","position":3,"name":"CALEXOTICS &#8211; EUPHORIA ARN\u00caS DE COXA MULTI CADEIA"}]},{"@type":"WebSite","@id":"https:\/\/lovme.pt\/#website","url":"https:\/\/lovme.pt\/","name":"Lovme Loja Er\u00f3tica N\u00ba1 em Portugal","description":"A melhor loja er\u00f3tica de Portugal.","alternateName":"Loja Er\u00f3tica Lovme","potentialAction":[{"@type":"SearchAction","target":{"@type":"EntryPoint","urlTemplate":"https:\/\/lovme.pt\/?s={search_term_string}"},"query-input":{"@type":"PropertyValueSpecification","valueRequired":true,"valueName":"search_term_string"}}],"inLanguage":"pt-PT"}]}},"_links":{"self":[{"href":"https:\/\/lovme.pt\/index.php\/wp-json\/wp\/v2\/product\/47840","targetHints":{"allow":["GET"]}}],"collection":[{"href":"https:\/\/lovme.pt\/index.php\/wp-json\/wp\/v2\/product"}],"about":[{"href":"https:\/\/lovme.pt\/index.php\/wp-json\/wp\/v2\/types\/product"}],"wp:featuredmedia":[{"embeddable":true,"href":"https:\/\/lovme.pt\/index.php\/wp-json\/wp\/v2\/media\/82678"}],"wp:attachment":[{"href":"https:\/\/lovme.pt\/index.php\/wp-json\/wp\/v2\/media?parent=47840"}],"wp:term":[{"taxonomy":"product_brand","embeddable":true,"href":"https:\/\/lovme.pt\/index.php\/wp-json\/wp\/v2\/product_brand?post=47840"},{"taxonomy":"product_cat","embeddable":true,"href":"https:\/\/lovme.pt\/index.php\/wp-json\/wp\/v2\/product_cat?post=47840"},{"taxonomy":"product_tag","embeddable":true,"href":"https:\/\/lovme.pt\/index.php\/wp-json\/wp\/v2\/product_tag?post=47840"}],"curies":[{"name":"wp","href":"https:\/\/api.w.org\/{rel}","templated":true}]}}