{"id":47835,"date":"2025-09-30T22:59:03","date_gmt":"2025-09-30T22:59:03","guid":{"rendered":"https:\/\/lovme.pt\/?post_type=product&p=47835"},"modified":"2026-02-19T20:13:49","modified_gmt":"2026-02-19T20:13:49","slug":"calexotics-euphoria-plus-size-halter-fivela-arnes-preto","status":"publish","type":"product","link":"https:\/\/lovme.pt\/index.php\/produto\/calexotics-euphoria-plus-size-halter-fivela-arnes-preto\/","title":{"rendered":"CALEXOTICS &#8211; EUPHORIA PLUS SIZE HALTER FIVELA ARN\u00caS PRETO"},"content":{"rendered":"<p>Apresentando o arn\u00eas com fivela halter da cole\u00e7\u00e3o Euphoria em tamanho grande: um acess\u00f3rio luxuoso e poderoso projetado para celebrar suas curvas e aumentar seu prazer. Este arn\u00eas estilo halter premium foi projetado para mulheres. Projetado para declara\u00e7\u00f5es ousadas, seja para apimentar momentos \u00edntimos ou adicionar um toque \u00fanico ao estilo do seu festival. O fecho seguro com fivela de f\u00e1cil ajuste garante um ajuste confort\u00e1vel, permitindo que voc\u00ea mergulhe totalmente nas fantasias. Aproveite o luxuoso interior em veludo e o exterior em couro vegano, complementados por detalhes met\u00e1licos que n\u00e3o mancham. Projetado especificamente para indiv\u00edduos de tamanho grande, este arn\u00eas oferece suporte, estilo e confian\u00e7a excepcionais em sua sensualidade. Desbloqueie novos reinos de prazer e autoexpress\u00e3o com este acess\u00f3rio vers\u00e1til e elegante.<\/p>\n<p>\u00a0<\/p>\n<p><u><strong>CARACTER\u00cdSTICAS:<\/strong><\/u><\/p>\n<ul>\n<li>Arn\u00eas estilo halter premium<\/li>\n<li>F\u00e1cil de ajustar com fecho de fivela seguro<\/li>\n<li>Design funcional, dur\u00e1vel e contempor\u00e2neo<\/li>\n<li>Interior de veludo macio e fofo com exterior de couro vegano<\/li>\n<li>Resistente, duplo acolchoado e costura dupla<\/li>\n<li>Detalhes de metal n\u00e3o manchados<\/li>\n<li>Tamanho grande<\/li>\n<li>Dimens\u00f5es do produto: comprimento m\u00e1ximo da al\u00e7a do cabresto de 71 cm e circunfer\u00eancia m\u00e1xima sob o busto de 120 cm<\/li>\n<\/ul>\n<p>\u00a0<\/p>\n<p><strong>A CalExotics<\/strong> tem transformado constantemente \u201cfantasia em realidade\u201d h\u00e1 mais de uma d\u00e9cada. Com aten\u00e7\u00e3o incompar\u00e1vel aos detalhes, a fundadora e propriet\u00e1ria da CalExotics, Susan Colvin, tornou a marca California Exotic Novelty sin\u00f4nimo de brinquedos para adultos de qualidade. O fato de a CalExotics ser uma empresa pertencente e operada por mulheres desempenha um papel importante em sua ascens\u00e3o mete\u00f3rica ao topo da ind\u00fastria de brinquedos e novidades para adultos. .<\/p>\n","protected":false},"excerpt":{"rendered":"<p>CALEXOTICS &#8211; EUPHORIA PLUS SIZE HALTER FIVELA ARN\u00caS PRETO<\/p>\n","protected":false},"featured_media":82653,"template":"","meta":{"_acf_changed":false},"product_brand":[],"product_cat":[48],"product_tag":[],"class_list":{"0":"post-47835","1":"product","2":"type-product","3":"status-publish","4":"has-post-thumbnail","6":"product_cat-bdsm","7":"yith_product_brand-calexotics","9":"first","10":"instock","11":"taxable","12":"shipping-taxable","13":"purchasable","14":"product-type-simple"},"acf":[],"yoast_head":"<!-- This site is optimized with the Yoast SEO plugin v27.3 - https:\/\/yoast.com\/product\/yoast-seo-wordpress\/ -->\n<title>CALEXOTICS - EUPHORIA PLUS SIZE HALTER FIVELA ARN\u00caS PRETO - Lovme<\/title>\n<meta name=\"robots\" content=\"index, follow, max-snippet:-1, max-image-preview:large, max-video-preview:-1\" \/>\n<link rel=\"canonical\" href=\"https:\/\/lovme.pt\/index.php\/produto\/calexotics-euphoria-plus-size-halter-fivela-arnes-preto\/\" \/>\n<meta property=\"og:locale\" content=\"pt_PT\" \/>\n<meta property=\"og:type\" content=\"article\" \/>\n<meta property=\"og:title\" content=\"CALEXOTICS - EUPHORIA PLUS SIZE HALTER FIVELA ARN\u00caS PRETO - Lovme\" \/>\n<meta property=\"og:description\" content=\"CALEXOTICS - EUPHORIA PLUS SIZE HALTER FIVELA ARN\u00caS PRETO\" \/>\n<meta property=\"og:url\" content=\"https:\/\/lovme.pt\/index.php\/produto\/calexotics-euphoria-plus-size-halter-fivela-arnes-preto\/\" \/>\n<meta property=\"og:site_name\" content=\"Lovme\" \/>\n<meta property=\"article:modified_time\" content=\"2026-02-19T20:13:49+00:00\" \/>\n<meta property=\"og:image\" content=\"https:\/\/erki24nd3ub.exactdn.com\/wp-content\/uploads\/dream\/img\/img_173057_a1f8171a12bc37a86911d440f22dca72_1.jpg?strip=all\" \/>\n\t<meta property=\"og:image:width\" content=\"800\" \/>\n\t<meta property=\"og:image:height\" content=\"800\" \/>\n\t<meta property=\"og:image:type\" content=\"image\/jpeg\" \/>\n<meta name=\"twitter:card\" content=\"summary_large_image\" \/>\n<meta name=\"twitter:label1\" content=\"Tempo estimado de leitura\" \/>\n\t<meta name=\"twitter:data1\" content=\"1 minuto\" \/>\n<script type=\"application\/ld+json\" class=\"yoast-schema-graph\">{\"@context\":\"https:\\\/\\\/schema.org\",\"@graph\":[{\"@type\":\"WebPage\",\"@id\":\"https:\\\/\\\/lovme.pt\\\/index.php\\\/produto\\\/calexotics-euphoria-plus-size-halter-fivela-arnes-preto\\\/\",\"url\":\"https:\\\/\\\/lovme.pt\\\/index.php\\\/produto\\\/calexotics-euphoria-plus-size-halter-fivela-arnes-preto\\\/\",\"name\":\"CALEXOTICS - EUPHORIA PLUS SIZE HALTER FIVELA ARN\u00caS PRETO - Lovme\",\"isPartOf\":{\"@id\":\"https:\\\/\\\/lovme.pt\\\/#website\"},\"primaryImageOfPage\":{\"@id\":\"https:\\\/\\\/lovme.pt\\\/index.php\\\/produto\\\/calexotics-euphoria-plus-size-halter-fivela-arnes-preto\\\/#primaryimage\"},\"image\":{\"@id\":\"https:\\\/\\\/lovme.pt\\\/index.php\\\/produto\\\/calexotics-euphoria-plus-size-halter-fivela-arnes-preto\\\/#primaryimage\"},\"thumbnailUrl\":\"https:\\\/\\\/erki24nd3ub.exactdn.com\\\/wp-content\\\/uploads\\\/dream\\\/img\\\/img_173057_a1f8171a12bc37a86911d440f22dca72_1.jpg?strip=all\",\"datePublished\":\"2025-09-30T22:59:03+00:00\",\"dateModified\":\"2026-02-19T20:13:49+00:00\",\"breadcrumb\":{\"@id\":\"https:\\\/\\\/lovme.pt\\\/index.php\\\/produto\\\/calexotics-euphoria-plus-size-halter-fivela-arnes-preto\\\/#breadcrumb\"},\"inLanguage\":\"pt-PT\",\"potentialAction\":[{\"@type\":\"ReadAction\",\"target\":[\"https:\\\/\\\/lovme.pt\\\/index.php\\\/produto\\\/calexotics-euphoria-plus-size-halter-fivela-arnes-preto\\\/\"]}]},{\"@type\":\"ImageObject\",\"inLanguage\":\"pt-PT\",\"@id\":\"https:\\\/\\\/lovme.pt\\\/index.php\\\/produto\\\/calexotics-euphoria-plus-size-halter-fivela-arnes-preto\\\/#primaryimage\",\"url\":\"https:\\\/\\\/erki24nd3ub.exactdn.com\\\/wp-content\\\/uploads\\\/dream\\\/img\\\/img_173057_a1f8171a12bc37a86911d440f22dca72_1.jpg?strip=all\",\"contentUrl\":\"https:\\\/\\\/erki24nd3ub.exactdn.com\\\/wp-content\\\/uploads\\\/dream\\\/img\\\/img_173057_a1f8171a12bc37a86911d440f22dca72_1.jpg?strip=all\",\"width\":800,\"height\":800},{\"@type\":\"BreadcrumbList\",\"@id\":\"https:\\\/\\\/lovme.pt\\\/index.php\\\/produto\\\/calexotics-euphoria-plus-size-halter-fivela-arnes-preto\\\/#breadcrumb\",\"itemListElement\":[{\"@type\":\"ListItem\",\"position\":1,\"name\":\"In\u00edcio\",\"item\":\"https:\\\/\\\/lovme.pt\\\/\"},{\"@type\":\"ListItem\",\"position\":2,\"name\":\"Loja\",\"item\":\"https:\\\/\\\/lovme.pt\\\/index.php\\\/loja\\\/\"},{\"@type\":\"ListItem\",\"position\":3,\"name\":\"CALEXOTICS &#8211; EUPHORIA PLUS SIZE HALTER FIVELA ARN\u00caS PRETO\"}]},{\"@type\":\"WebSite\",\"@id\":\"https:\\\/\\\/lovme.pt\\\/#website\",\"url\":\"https:\\\/\\\/lovme.pt\\\/\",\"name\":\"Lovme Loja Er\u00f3tica N\u00ba1 em Portugal\",\"description\":\"A melhor loja er\u00f3tica de Portugal.\",\"alternateName\":\"Loja Er\u00f3tica Lovme\",\"potentialAction\":[{\"@type\":\"SearchAction\",\"target\":{\"@type\":\"EntryPoint\",\"urlTemplate\":\"https:\\\/\\\/lovme.pt\\\/?s={search_term_string}\"},\"query-input\":{\"@type\":\"PropertyValueSpecification\",\"valueRequired\":true,\"valueName\":\"search_term_string\"}}],\"inLanguage\":\"pt-PT\"}]}<\/script>\n<!-- \/ Yoast SEO plugin. -->","yoast_head_json":{"title":"CALEXOTICS - EUPHORIA PLUS SIZE HALTER FIVELA ARN\u00caS PRETO - Lovme","robots":{"index":"index","follow":"follow","max-snippet":"max-snippet:-1","max-image-preview":"max-image-preview:large","max-video-preview":"max-video-preview:-1"},"canonical":"https:\/\/lovme.pt\/index.php\/produto\/calexotics-euphoria-plus-size-halter-fivela-arnes-preto\/","og_locale":"pt_PT","og_type":"article","og_title":"CALEXOTICS - EUPHORIA PLUS SIZE HALTER FIVELA ARN\u00caS PRETO - Lovme","og_description":"CALEXOTICS - EUPHORIA PLUS SIZE HALTER FIVELA ARN\u00caS PRETO","og_url":"https:\/\/lovme.pt\/index.php\/produto\/calexotics-euphoria-plus-size-halter-fivela-arnes-preto\/","og_site_name":"Lovme","article_modified_time":"2026-02-19T20:13:49+00:00","og_image":[{"width":800,"height":800,"url":"https:\/\/erki24nd3ub.exactdn.com\/wp-content\/uploads\/dream\/img\/img_173057_a1f8171a12bc37a86911d440f22dca72_1.jpg?strip=all","type":"image\/jpeg"}],"twitter_card":"summary_large_image","twitter_misc":{"Tempo estimado de leitura":"1 minuto"},"schema":{"@context":"https:\/\/schema.org","@graph":[{"@type":"WebPage","@id":"https:\/\/lovme.pt\/index.php\/produto\/calexotics-euphoria-plus-size-halter-fivela-arnes-preto\/","url":"https:\/\/lovme.pt\/index.php\/produto\/calexotics-euphoria-plus-size-halter-fivela-arnes-preto\/","name":"CALEXOTICS - EUPHORIA PLUS SIZE HALTER FIVELA ARN\u00caS PRETO - Lovme","isPartOf":{"@id":"https:\/\/lovme.pt\/#website"},"primaryImageOfPage":{"@id":"https:\/\/lovme.pt\/index.php\/produto\/calexotics-euphoria-plus-size-halter-fivela-arnes-preto\/#primaryimage"},"image":{"@id":"https:\/\/lovme.pt\/index.php\/produto\/calexotics-euphoria-plus-size-halter-fivela-arnes-preto\/#primaryimage"},"thumbnailUrl":"https:\/\/erki24nd3ub.exactdn.com\/wp-content\/uploads\/dream\/img\/img_173057_a1f8171a12bc37a86911d440f22dca72_1.jpg?strip=all","datePublished":"2025-09-30T22:59:03+00:00","dateModified":"2026-02-19T20:13:49+00:00","breadcrumb":{"@id":"https:\/\/lovme.pt\/index.php\/produto\/calexotics-euphoria-plus-size-halter-fivela-arnes-preto\/#breadcrumb"},"inLanguage":"pt-PT","potentialAction":[{"@type":"ReadAction","target":["https:\/\/lovme.pt\/index.php\/produto\/calexotics-euphoria-plus-size-halter-fivela-arnes-preto\/"]}]},{"@type":"ImageObject","inLanguage":"pt-PT","@id":"https:\/\/lovme.pt\/index.php\/produto\/calexotics-euphoria-plus-size-halter-fivela-arnes-preto\/#primaryimage","url":"https:\/\/erki24nd3ub.exactdn.com\/wp-content\/uploads\/dream\/img\/img_173057_a1f8171a12bc37a86911d440f22dca72_1.jpg?strip=all","contentUrl":"https:\/\/erki24nd3ub.exactdn.com\/wp-content\/uploads\/dream\/img\/img_173057_a1f8171a12bc37a86911d440f22dca72_1.jpg?strip=all","width":800,"height":800},{"@type":"BreadcrumbList","@id":"https:\/\/lovme.pt\/index.php\/produto\/calexotics-euphoria-plus-size-halter-fivela-arnes-preto\/#breadcrumb","itemListElement":[{"@type":"ListItem","position":1,"name":"In\u00edcio","item":"https:\/\/lovme.pt\/"},{"@type":"ListItem","position":2,"name":"Loja","item":"https:\/\/lovme.pt\/index.php\/loja\/"},{"@type":"ListItem","position":3,"name":"CALEXOTICS &#8211; EUPHORIA PLUS SIZE HALTER FIVELA ARN\u00caS PRETO"}]},{"@type":"WebSite","@id":"https:\/\/lovme.pt\/#website","url":"https:\/\/lovme.pt\/","name":"Lovme Loja Er\u00f3tica N\u00ba1 em Portugal","description":"A melhor loja er\u00f3tica de Portugal.","alternateName":"Loja Er\u00f3tica Lovme","potentialAction":[{"@type":"SearchAction","target":{"@type":"EntryPoint","urlTemplate":"https:\/\/lovme.pt\/?s={search_term_string}"},"query-input":{"@type":"PropertyValueSpecification","valueRequired":true,"valueName":"search_term_string"}}],"inLanguage":"pt-PT"}]}},"_links":{"self":[{"href":"https:\/\/lovme.pt\/index.php\/wp-json\/wp\/v2\/product\/47835","targetHints":{"allow":["GET"]}}],"collection":[{"href":"https:\/\/lovme.pt\/index.php\/wp-json\/wp\/v2\/product"}],"about":[{"href":"https:\/\/lovme.pt\/index.php\/wp-json\/wp\/v2\/types\/product"}],"wp:featuredmedia":[{"embeddable":true,"href":"https:\/\/lovme.pt\/index.php\/wp-json\/wp\/v2\/media\/82653"}],"wp:attachment":[{"href":"https:\/\/lovme.pt\/index.php\/wp-json\/wp\/v2\/media?parent=47835"}],"wp:term":[{"taxonomy":"product_brand","embeddable":true,"href":"https:\/\/lovme.pt\/index.php\/wp-json\/wp\/v2\/product_brand?post=47835"},{"taxonomy":"product_cat","embeddable":true,"href":"https:\/\/lovme.pt\/index.php\/wp-json\/wp\/v2\/product_cat?post=47835"},{"taxonomy":"product_tag","embeddable":true,"href":"https:\/\/lovme.pt\/index.php\/wp-json\/wp\/v2\/product_tag?post=47835"}],"curies":[{"name":"wp","href":"https:\/\/api.w.org\/{rel}","templated":true}]}}