{"id":47829,"date":"2025-09-30T10:13:14","date_gmt":"2025-09-30T10:13:14","guid":{"rendered":"https:\/\/lovme.pt\/?post_type=product&p=47829"},"modified":"2026-02-19T20:06:57","modified_gmt":"2026-02-19T20:06:57","slug":"crazy-bull-vibrador-realista-de-vagina-e-nus-mila","status":"publish","type":"product","link":"https:\/\/lovme.pt\/index.php\/produto\/crazy-bull-vibrador-realista-de-vagina-e-nus-mila\/","title":{"rendered":"CRAZY BULL &#8211; VIBRADOR REALISTA DE VAGINA E NUS MILA"},"content":{"rendered":"<p>Escolha entre a vagina ou o \u00e2nus realistas deste masturbador de dupla entrada. Projetado para parecer e sentir exatamente como o real, ser\u00e1 dif\u00edcil distinguir entre esses lindos buracos e os buracos de penetra\u00e7\u00f5es reais.<\/p>\n<p>Depois de entrar em qualquer um dos buracos tentadoramente apertados, voc\u00ea encontrar\u00e1 texturas gloriosas que seduzem e estimulam da ponta \u00e0 base. Insira o vibrador de bala que o acompanha para explodir completamente sua mente e seu p\u00eanis enquanto voc\u00ea empurra profundamente para dentro.<\/p>\n<p><u><strong>Caracter\u00edsticas:<\/strong><\/u><\/p>\n<ul>\n<li>Vagina e \u00e2nus realistas.<\/li>\n<li>Vibra\u00e7\u00e3o integrada ajust\u00e1vel com controle remoto<\/li>\n<li>Baterias de controle: 2xAA<\/li>\n<li>Canais interiores texturizados<\/li>\n<li>Medidas: Ver imagem<\/li>\n<li>Recomenda-se o uso de lubrificante.<\/li>\n<li>Limpe ap\u00f3s o uso.<\/li>\n<\/ul>\n<p>Agora com Crazy Bull&#8230; <strong>\u00a1\u00a1\u00a1prazer louco!!!<\/strong><\/p>\n","protected":false},"excerpt":{"rendered":"<p>CRAZY BULL &#8211; VIBRADOR REALISTA DE VAGINA E NUS MILA<\/p>\n","protected":false},"featured_media":64230,"template":"","meta":{"_acf_changed":false},"product_brand":[],"product_cat":[17,58,60],"product_tag":[],"class_list":{"0":"post-47829","1":"product","2":"type-product","3":"status-publish","4":"has-post-thumbnail","6":"product_cat-brinquedos-de-bem-estar-sexual","7":"product_cat-masturbadores-para-penis","8":"product_cat-para-eles","9":"yith_product_brand-crazy-bull","11":"first","12":"instock","13":"taxable","14":"shipping-taxable","15":"purchasable","16":"product-type-simple"},"acf":[],"yoast_head":"<!-- This site is optimized with the Yoast SEO plugin v27.4 - https:\/\/yoast.com\/product\/yoast-seo-wordpress\/ -->\n<title>CRAZY BULL - VIBRADOR REALISTA DE VAGINA E NUS MILA - Lovme<\/title>\n<meta name=\"robots\" content=\"index, follow, max-snippet:-1, max-image-preview:large, max-video-preview:-1\" \/>\n<link rel=\"canonical\" href=\"https:\/\/lovme.pt\/index.php\/produto\/crazy-bull-vibrador-realista-de-vagina-e-nus-mila\/\" \/>\n<meta property=\"og:locale\" content=\"pt_PT\" \/>\n<meta property=\"og:type\" content=\"article\" \/>\n<meta property=\"og:title\" content=\"CRAZY BULL - VIBRADOR REALISTA DE VAGINA E NUS MILA - Lovme\" \/>\n<meta property=\"og:description\" content=\"CRAZY BULL - VIBRADOR REALISTA DE VAGINA E NUS MILA\" \/>\n<meta property=\"og:url\" content=\"https:\/\/lovme.pt\/index.php\/produto\/crazy-bull-vibrador-realista-de-vagina-e-nus-mila\/\" \/>\n<meta property=\"og:site_name\" content=\"Lovme\" \/>\n<meta property=\"article:modified_time\" content=\"2026-02-19T20:06:57+00:00\" \/>\n<meta property=\"og:image\" content=\"https:\/\/erki24nd3ub.exactdn.com\/wp-content\/uploads\/dream\/img\/img_172952_966cdf0462549196b8dfea13c96645c5_1.jpg?strip=all\" \/>\n\t<meta property=\"og:image:width\" content=\"800\" \/>\n\t<meta property=\"og:image:height\" content=\"800\" \/>\n\t<meta property=\"og:image:type\" content=\"image\/jpeg\" \/>\n<meta name=\"twitter:card\" content=\"summary_large_image\" \/>\n<meta name=\"twitter:label1\" content=\"Tempo estimado de leitura\" \/>\n\t<meta name=\"twitter:data1\" content=\"1 minuto\" \/>\n<script type=\"application\/ld+json\" class=\"yoast-schema-graph\">{\"@context\":\"https:\\\/\\\/schema.org\",\"@graph\":[{\"@type\":\"WebPage\",\"@id\":\"https:\\\/\\\/lovme.pt\\\/index.php\\\/produto\\\/crazy-bull-vibrador-realista-de-vagina-e-nus-mila\\\/\",\"url\":\"https:\\\/\\\/lovme.pt\\\/index.php\\\/produto\\\/crazy-bull-vibrador-realista-de-vagina-e-nus-mila\\\/\",\"name\":\"CRAZY BULL - VIBRADOR REALISTA DE VAGINA E NUS MILA - Lovme\",\"isPartOf\":{\"@id\":\"https:\\\/\\\/lovme.pt\\\/#website\"},\"primaryImageOfPage\":{\"@id\":\"https:\\\/\\\/lovme.pt\\\/index.php\\\/produto\\\/crazy-bull-vibrador-realista-de-vagina-e-nus-mila\\\/#primaryimage\"},\"image\":{\"@id\":\"https:\\\/\\\/lovme.pt\\\/index.php\\\/produto\\\/crazy-bull-vibrador-realista-de-vagina-e-nus-mila\\\/#primaryimage\"},\"thumbnailUrl\":\"https:\\\/\\\/erki24nd3ub.exactdn.com\\\/wp-content\\\/uploads\\\/dream\\\/img\\\/img_172952_966cdf0462549196b8dfea13c96645c5_1.jpg?strip=all\",\"datePublished\":\"2025-09-30T10:13:14+00:00\",\"dateModified\":\"2026-02-19T20:06:57+00:00\",\"breadcrumb\":{\"@id\":\"https:\\\/\\\/lovme.pt\\\/index.php\\\/produto\\\/crazy-bull-vibrador-realista-de-vagina-e-nus-mila\\\/#breadcrumb\"},\"inLanguage\":\"pt-PT\",\"potentialAction\":[{\"@type\":\"ReadAction\",\"target\":[\"https:\\\/\\\/lovme.pt\\\/index.php\\\/produto\\\/crazy-bull-vibrador-realista-de-vagina-e-nus-mila\\\/\"]}]},{\"@type\":\"ImageObject\",\"inLanguage\":\"pt-PT\",\"@id\":\"https:\\\/\\\/lovme.pt\\\/index.php\\\/produto\\\/crazy-bull-vibrador-realista-de-vagina-e-nus-mila\\\/#primaryimage\",\"url\":\"https:\\\/\\\/erki24nd3ub.exactdn.com\\\/wp-content\\\/uploads\\\/dream\\\/img\\\/img_172952_966cdf0462549196b8dfea13c96645c5_1.jpg?strip=all\",\"contentUrl\":\"https:\\\/\\\/erki24nd3ub.exactdn.com\\\/wp-content\\\/uploads\\\/dream\\\/img\\\/img_172952_966cdf0462549196b8dfea13c96645c5_1.jpg?strip=all\",\"width\":800,\"height\":800},{\"@type\":\"BreadcrumbList\",\"@id\":\"https:\\\/\\\/lovme.pt\\\/index.php\\\/produto\\\/crazy-bull-vibrador-realista-de-vagina-e-nus-mila\\\/#breadcrumb\",\"itemListElement\":[{\"@type\":\"ListItem\",\"position\":1,\"name\":\"In\u00edcio\",\"item\":\"https:\\\/\\\/lovme.pt\\\/\"},{\"@type\":\"ListItem\",\"position\":2,\"name\":\"Loja\",\"item\":\"https:\\\/\\\/lovme.pt\\\/index.php\\\/loja\\\/\"},{\"@type\":\"ListItem\",\"position\":3,\"name\":\"CRAZY BULL &#8211; VIBRADOR REALISTA DE VAGINA E NUS MILA\"}]},{\"@type\":\"WebSite\",\"@id\":\"https:\\\/\\\/lovme.pt\\\/#website\",\"url\":\"https:\\\/\\\/lovme.pt\\\/\",\"name\":\"Lovme Loja Er\u00f3tica N\u00ba1 em Portugal\",\"description\":\"A melhor loja er\u00f3tica de Portugal.\",\"alternateName\":\"Loja Er\u00f3tica Lovme\",\"potentialAction\":[{\"@type\":\"SearchAction\",\"target\":{\"@type\":\"EntryPoint\",\"urlTemplate\":\"https:\\\/\\\/lovme.pt\\\/?s={search_term_string}\"},\"query-input\":{\"@type\":\"PropertyValueSpecification\",\"valueRequired\":true,\"valueName\":\"search_term_string\"}}],\"inLanguage\":\"pt-PT\"}]}<\/script>\n<!-- \/ Yoast SEO plugin. -->","yoast_head_json":{"title":"CRAZY BULL - VIBRADOR REALISTA DE VAGINA E NUS MILA - Lovme","robots":{"index":"index","follow":"follow","max-snippet":"max-snippet:-1","max-image-preview":"max-image-preview:large","max-video-preview":"max-video-preview:-1"},"canonical":"https:\/\/lovme.pt\/index.php\/produto\/crazy-bull-vibrador-realista-de-vagina-e-nus-mila\/","og_locale":"pt_PT","og_type":"article","og_title":"CRAZY BULL - VIBRADOR REALISTA DE VAGINA E NUS MILA - Lovme","og_description":"CRAZY BULL - VIBRADOR REALISTA DE VAGINA E NUS MILA","og_url":"https:\/\/lovme.pt\/index.php\/produto\/crazy-bull-vibrador-realista-de-vagina-e-nus-mila\/","og_site_name":"Lovme","article_modified_time":"2026-02-19T20:06:57+00:00","og_image":[{"width":800,"height":800,"url":"https:\/\/erki24nd3ub.exactdn.com\/wp-content\/uploads\/dream\/img\/img_172952_966cdf0462549196b8dfea13c96645c5_1.jpg?strip=all","type":"image\/jpeg"}],"twitter_card":"summary_large_image","twitter_misc":{"Tempo estimado de leitura":"1 minuto"},"schema":{"@context":"https:\/\/schema.org","@graph":[{"@type":"WebPage","@id":"https:\/\/lovme.pt\/index.php\/produto\/crazy-bull-vibrador-realista-de-vagina-e-nus-mila\/","url":"https:\/\/lovme.pt\/index.php\/produto\/crazy-bull-vibrador-realista-de-vagina-e-nus-mila\/","name":"CRAZY BULL - VIBRADOR REALISTA DE VAGINA E NUS MILA - Lovme","isPartOf":{"@id":"https:\/\/lovme.pt\/#website"},"primaryImageOfPage":{"@id":"https:\/\/lovme.pt\/index.php\/produto\/crazy-bull-vibrador-realista-de-vagina-e-nus-mila\/#primaryimage"},"image":{"@id":"https:\/\/lovme.pt\/index.php\/produto\/crazy-bull-vibrador-realista-de-vagina-e-nus-mila\/#primaryimage"},"thumbnailUrl":"https:\/\/erki24nd3ub.exactdn.com\/wp-content\/uploads\/dream\/img\/img_172952_966cdf0462549196b8dfea13c96645c5_1.jpg?strip=all","datePublished":"2025-09-30T10:13:14+00:00","dateModified":"2026-02-19T20:06:57+00:00","breadcrumb":{"@id":"https:\/\/lovme.pt\/index.php\/produto\/crazy-bull-vibrador-realista-de-vagina-e-nus-mila\/#breadcrumb"},"inLanguage":"pt-PT","potentialAction":[{"@type":"ReadAction","target":["https:\/\/lovme.pt\/index.php\/produto\/crazy-bull-vibrador-realista-de-vagina-e-nus-mila\/"]}]},{"@type":"ImageObject","inLanguage":"pt-PT","@id":"https:\/\/lovme.pt\/index.php\/produto\/crazy-bull-vibrador-realista-de-vagina-e-nus-mila\/#primaryimage","url":"https:\/\/erki24nd3ub.exactdn.com\/wp-content\/uploads\/dream\/img\/img_172952_966cdf0462549196b8dfea13c96645c5_1.jpg?strip=all","contentUrl":"https:\/\/erki24nd3ub.exactdn.com\/wp-content\/uploads\/dream\/img\/img_172952_966cdf0462549196b8dfea13c96645c5_1.jpg?strip=all","width":800,"height":800},{"@type":"BreadcrumbList","@id":"https:\/\/lovme.pt\/index.php\/produto\/crazy-bull-vibrador-realista-de-vagina-e-nus-mila\/#breadcrumb","itemListElement":[{"@type":"ListItem","position":1,"name":"In\u00edcio","item":"https:\/\/lovme.pt\/"},{"@type":"ListItem","position":2,"name":"Loja","item":"https:\/\/lovme.pt\/index.php\/loja\/"},{"@type":"ListItem","position":3,"name":"CRAZY BULL &#8211; VIBRADOR REALISTA DE VAGINA E NUS MILA"}]},{"@type":"WebSite","@id":"https:\/\/lovme.pt\/#website","url":"https:\/\/lovme.pt\/","name":"Lovme Loja Er\u00f3tica N\u00ba1 em Portugal","description":"A melhor loja er\u00f3tica de Portugal.","alternateName":"Loja Er\u00f3tica Lovme","potentialAction":[{"@type":"SearchAction","target":{"@type":"EntryPoint","urlTemplate":"https:\/\/lovme.pt\/?s={search_term_string}"},"query-input":{"@type":"PropertyValueSpecification","valueRequired":true,"valueName":"search_term_string"}}],"inLanguage":"pt-PT"}]}},"_links":{"self":[{"href":"https:\/\/lovme.pt\/index.php\/wp-json\/wp\/v2\/product\/47829","targetHints":{"allow":["GET"]}}],"collection":[{"href":"https:\/\/lovme.pt\/index.php\/wp-json\/wp\/v2\/product"}],"about":[{"href":"https:\/\/lovme.pt\/index.php\/wp-json\/wp\/v2\/types\/product"}],"wp:featuredmedia":[{"embeddable":true,"href":"https:\/\/lovme.pt\/index.php\/wp-json\/wp\/v2\/media\/64230"}],"wp:attachment":[{"href":"https:\/\/lovme.pt\/index.php\/wp-json\/wp\/v2\/media?parent=47829"}],"wp:term":[{"taxonomy":"product_brand","embeddable":true,"href":"https:\/\/lovme.pt\/index.php\/wp-json\/wp\/v2\/product_brand?post=47829"},{"taxonomy":"product_cat","embeddable":true,"href":"https:\/\/lovme.pt\/index.php\/wp-json\/wp\/v2\/product_cat?post=47829"},{"taxonomy":"product_tag","embeddable":true,"href":"https:\/\/lovme.pt\/index.php\/wp-json\/wp\/v2\/product_tag?post=47829"}],"curies":[{"name":"wp","href":"https:\/\/api.w.org\/{rel}","templated":true}]}}