{"id":47825,"date":"2025-10-01T00:22:51","date_gmt":"2025-10-01T00:22:51","guid":{"rendered":"https:\/\/lovme.pt\/?post_type=product&#038;p=47825"},"modified":"2026-02-19T20:23:23","modified_gmt":"2026-02-19T20:23:23","slug":"chilirose-luvas-cr-3071-pretas","status":"publish","type":"product","link":"https:\/\/lovme.pt\/index.php\/produto\/chilirose-luvas-cr-3071-pretas\/","title":{"rendered":"CHILIROSE &#8211; CR 3071 GUANTES ROJO"},"content":{"rendered":"<p><strong>CR 3071<\/strong> Mergulhe no mundo do glamour e da sedu\u00e7\u00e3o com nossas luvas deslumbrantes, projetadas para elevar seu estilo e adicionar um toque de provoca\u00e7\u00e3o a qualquer look. Estas luvas s\u00e3o muito mais do que apenas acess\u00f3rios; S\u00e3o uma declara\u00e7\u00e3o ousada de confian\u00e7a e sensualidade que o far\u00e1 desmaiar. sinta-se fortalecido e sedutor em qualquer ocasi\u00e3o.<\/p>\n<p> Fabricadas com os melhores e mais delicados materiais, nossas luvas oferecem uma sensa\u00e7\u00e3o requintada ao deslizar sobre a pele. Cada textura \u00e9 projetada para proporcionar uma experi\u00eancia t\u00e1til \u00fanica que desperta os sentidos e aumenta o prazer de us\u00e1-los.<\/p>\n<p> Quer as use para uma ocasi\u00e3o especial, como um casamento ou uma gala, ou simplesmente para adicionar um toque de eleg\u00e2ncia ao seu traje do dia a dia, estas luvas s\u00e3o o acess\u00f3rio perfeito para real\u00e7ar o seu estilo e personalidade. O seu design intemporal e sofisticado torna-os numa pe\u00e7a vers\u00e1til que ir\u00e1 complementar a sua casa. uma grande variedade de looks, dos mais formais aos mais informais.<\/p>\n<p> <u><strong>CARACTER\u00cdSTICAS:<\/strong><\/u><\/p>\n<ul>\n<li> Lindas luvas de renda que v\u00e3o adicionar eleg\u00e2ncia e charme ao seu look de noite!<\/li>\n<li> Luvas brancas tamb\u00e9m ser\u00e3o um belo complemento para o seu vestido de noiva!<\/li>\n<li> Cores: Vermelho, Branco e Preto <\/li>\n<\/ul>\n<p><span display:=\"id=\" style=\"\">\u00a0<\/span><\/p>\n<p> A marca <strong>CHILROSE<\/strong> foi criada em 2008 e a nossa miss\u00e3o \u00e9 oferecer lingerie sensual e excitante aos nossos clientes a um pre\u00e7o competitivo. Agora em 2022, ap\u00f3s 14 anos, somos uma das principais empresas de lingerie ex\u00f3tica e temos uma grande cole\u00e7\u00e3o de pijamas, vestidos, roup\u00f5es, espartilhos, vestidos, roupas para baladas e muito mais. Nosso rigoroso controle de qualidade garante total satisfa\u00e7\u00e3o aos nossos clientes e torna a venda um prazer. Tomamos especial cuidado na sele\u00e7\u00e3o de nossos materiais e m\u00e3o de obra. Oferecemos regularmente novos estilos fant\u00e1sticos e esperamos surpreend\u00ea-lo positivamente sempre.<\/p>\n","protected":false},"excerpt":{"rendered":"<p>CHILIROSE &#8211; LUVAS CR 3071 PRETAS<\/p>\n","protected":false},"featured_media":87212,"template":"","meta":{"_acf_changed":false},"product_brand":[],"product_cat":[50,47,66],"product_tag":[],"class_list":{"0":"post-47825","1":"product","2":"type-product","3":"status-publish","4":"has-post-thumbnail","6":"product_cat-complementos-e-acessorios","7":"product_cat-lingerie","8":"product_cat-lingerie-feminina","9":"yith_product_brand-chilirose","10":"yith_product_brand-chilirosechilirose-accesories","12":"first","13":"instock","14":"taxable","15":"shipping-taxable","16":"purchasable","17":"product-type-variable","18":"has-default-attributes"},"acf":[],"yoast_head":"<!-- This site is optimized with the Yoast SEO plugin v27.4 - https:\/\/yoast.com\/product\/yoast-seo-wordpress\/ -->\n<title>CHILIROSE - CR 3071 GUANTES ROJO - Lovme<\/title>\n<meta name=\"robots\" content=\"index, follow, max-snippet:-1, max-image-preview:large, max-video-preview:-1\" \/>\n<link rel=\"canonical\" href=\"https:\/\/lovme.pt\/index.php\/produto\/chilirose-luvas-cr-3071-pretas\/\" \/>\n<meta property=\"og:locale\" content=\"pt_PT\" \/>\n<meta property=\"og:type\" content=\"article\" \/>\n<meta property=\"og:title\" content=\"CHILIROSE - CR 3071 GUANTES ROJO - Lovme\" \/>\n<meta property=\"og:description\" content=\"CHILIROSE - LUVAS CR 3071 PRETAS\" \/>\n<meta property=\"og:url\" content=\"https:\/\/lovme.pt\/index.php\/produto\/chilirose-luvas-cr-3071-pretas\/\" \/>\n<meta property=\"og:site_name\" content=\"Lovme\" \/>\n<meta property=\"article:modified_time\" content=\"2026-02-19T20:23:23+00:00\" \/>\n<meta property=\"og:image\" content=\"https:\/\/erki24nd3ub.exactdn.com\/wp-content\/uploads\/dream\/img\/img_172887_11659ce8f5ce1989b3eeb8ed683e2369_1.jpg?strip=all\" \/>\n\t<meta property=\"og:image:width\" content=\"900\" \/>\n\t<meta property=\"og:image:height\" content=\"900\" \/>\n\t<meta property=\"og:image:type\" content=\"image\/jpeg\" \/>\n<meta name=\"twitter:card\" content=\"summary_large_image\" \/>\n<meta name=\"twitter:label1\" content=\"Tempo estimado de leitura\" \/>\n\t<meta name=\"twitter:data1\" content=\"2 minutos\" \/>\n<script type=\"application\/ld+json\" class=\"yoast-schema-graph\">{\"@context\":\"https:\\\/\\\/schema.org\",\"@graph\":[{\"@type\":\"WebPage\",\"@id\":\"https:\\\/\\\/lovme.pt\\\/index.php\\\/produto\\\/chilirose-luvas-cr-3071-pretas\\\/\",\"url\":\"https:\\\/\\\/lovme.pt\\\/index.php\\\/produto\\\/chilirose-luvas-cr-3071-pretas\\\/\",\"name\":\"CHILIROSE - CR 3071 GUANTES ROJO - Lovme\",\"isPartOf\":{\"@id\":\"https:\\\/\\\/lovme.pt\\\/#website\"},\"primaryImageOfPage\":{\"@id\":\"https:\\\/\\\/lovme.pt\\\/index.php\\\/produto\\\/chilirose-luvas-cr-3071-pretas\\\/#primaryimage\"},\"image\":{\"@id\":\"https:\\\/\\\/lovme.pt\\\/index.php\\\/produto\\\/chilirose-luvas-cr-3071-pretas\\\/#primaryimage\"},\"thumbnailUrl\":\"https:\\\/\\\/erki24nd3ub.exactdn.com\\\/wp-content\\\/uploads\\\/dream\\\/img\\\/img_172887_11659ce8f5ce1989b3eeb8ed683e2369_1.jpg?strip=all\",\"datePublished\":\"2025-10-01T00:22:51+00:00\",\"dateModified\":\"2026-02-19T20:23:23+00:00\",\"breadcrumb\":{\"@id\":\"https:\\\/\\\/lovme.pt\\\/index.php\\\/produto\\\/chilirose-luvas-cr-3071-pretas\\\/#breadcrumb\"},\"inLanguage\":\"pt-PT\",\"potentialAction\":[{\"@type\":\"ReadAction\",\"target\":[\"https:\\\/\\\/lovme.pt\\\/index.php\\\/produto\\\/chilirose-luvas-cr-3071-pretas\\\/\"]}]},{\"@type\":\"ImageObject\",\"inLanguage\":\"pt-PT\",\"@id\":\"https:\\\/\\\/lovme.pt\\\/index.php\\\/produto\\\/chilirose-luvas-cr-3071-pretas\\\/#primaryimage\",\"url\":\"https:\\\/\\\/erki24nd3ub.exactdn.com\\\/wp-content\\\/uploads\\\/dream\\\/img\\\/img_172887_11659ce8f5ce1989b3eeb8ed683e2369_1.jpg?strip=all\",\"contentUrl\":\"https:\\\/\\\/erki24nd3ub.exactdn.com\\\/wp-content\\\/uploads\\\/dream\\\/img\\\/img_172887_11659ce8f5ce1989b3eeb8ed683e2369_1.jpg?strip=all\",\"width\":900,\"height\":900},{\"@type\":\"BreadcrumbList\",\"@id\":\"https:\\\/\\\/lovme.pt\\\/index.php\\\/produto\\\/chilirose-luvas-cr-3071-pretas\\\/#breadcrumb\",\"itemListElement\":[{\"@type\":\"ListItem\",\"position\":1,\"name\":\"In\u00edcio\",\"item\":\"https:\\\/\\\/lovme.pt\\\/\"},{\"@type\":\"ListItem\",\"position\":2,\"name\":\"Loja\",\"item\":\"https:\\\/\\\/lovme.pt\\\/index.php\\\/loja\\\/\"},{\"@type\":\"ListItem\",\"position\":3,\"name\":\"CHILIROSE &#8211; CR 3071 GUANTES ROJO\"}]},{\"@type\":\"WebSite\",\"@id\":\"https:\\\/\\\/lovme.pt\\\/#website\",\"url\":\"https:\\\/\\\/lovme.pt\\\/\",\"name\":\"Lovme Loja Er\u00f3tica N\u00ba1 em Portugal\",\"description\":\"A melhor loja er\u00f3tica de Portugal.\",\"alternateName\":\"Loja Er\u00f3tica Lovme\",\"potentialAction\":[{\"@type\":\"SearchAction\",\"target\":{\"@type\":\"EntryPoint\",\"urlTemplate\":\"https:\\\/\\\/lovme.pt\\\/?s={search_term_string}\"},\"query-input\":{\"@type\":\"PropertyValueSpecification\",\"valueRequired\":true,\"valueName\":\"search_term_string\"}}],\"inLanguage\":\"pt-PT\"}]}<\/script>\n<!-- \/ Yoast SEO plugin. -->","yoast_head_json":{"title":"CHILIROSE - CR 3071 GUANTES ROJO - Lovme","robots":{"index":"index","follow":"follow","max-snippet":"max-snippet:-1","max-image-preview":"max-image-preview:large","max-video-preview":"max-video-preview:-1"},"canonical":"https:\/\/lovme.pt\/index.php\/produto\/chilirose-luvas-cr-3071-pretas\/","og_locale":"pt_PT","og_type":"article","og_title":"CHILIROSE - CR 3071 GUANTES ROJO - Lovme","og_description":"CHILIROSE - LUVAS CR 3071 PRETAS","og_url":"https:\/\/lovme.pt\/index.php\/produto\/chilirose-luvas-cr-3071-pretas\/","og_site_name":"Lovme","article_modified_time":"2026-02-19T20:23:23+00:00","og_image":[{"width":900,"height":900,"url":"https:\/\/erki24nd3ub.exactdn.com\/wp-content\/uploads\/dream\/img\/img_172887_11659ce8f5ce1989b3eeb8ed683e2369_1.jpg?strip=all","type":"image\/jpeg"}],"twitter_card":"summary_large_image","twitter_misc":{"Tempo estimado de leitura":"2 minutos"},"schema":{"@context":"https:\/\/schema.org","@graph":[{"@type":"WebPage","@id":"https:\/\/lovme.pt\/index.php\/produto\/chilirose-luvas-cr-3071-pretas\/","url":"https:\/\/lovme.pt\/index.php\/produto\/chilirose-luvas-cr-3071-pretas\/","name":"CHILIROSE - CR 3071 GUANTES ROJO - Lovme","isPartOf":{"@id":"https:\/\/lovme.pt\/#website"},"primaryImageOfPage":{"@id":"https:\/\/lovme.pt\/index.php\/produto\/chilirose-luvas-cr-3071-pretas\/#primaryimage"},"image":{"@id":"https:\/\/lovme.pt\/index.php\/produto\/chilirose-luvas-cr-3071-pretas\/#primaryimage"},"thumbnailUrl":"https:\/\/erki24nd3ub.exactdn.com\/wp-content\/uploads\/dream\/img\/img_172887_11659ce8f5ce1989b3eeb8ed683e2369_1.jpg?strip=all","datePublished":"2025-10-01T00:22:51+00:00","dateModified":"2026-02-19T20:23:23+00:00","breadcrumb":{"@id":"https:\/\/lovme.pt\/index.php\/produto\/chilirose-luvas-cr-3071-pretas\/#breadcrumb"},"inLanguage":"pt-PT","potentialAction":[{"@type":"ReadAction","target":["https:\/\/lovme.pt\/index.php\/produto\/chilirose-luvas-cr-3071-pretas\/"]}]},{"@type":"ImageObject","inLanguage":"pt-PT","@id":"https:\/\/lovme.pt\/index.php\/produto\/chilirose-luvas-cr-3071-pretas\/#primaryimage","url":"https:\/\/erki24nd3ub.exactdn.com\/wp-content\/uploads\/dream\/img\/img_172887_11659ce8f5ce1989b3eeb8ed683e2369_1.jpg?strip=all","contentUrl":"https:\/\/erki24nd3ub.exactdn.com\/wp-content\/uploads\/dream\/img\/img_172887_11659ce8f5ce1989b3eeb8ed683e2369_1.jpg?strip=all","width":900,"height":900},{"@type":"BreadcrumbList","@id":"https:\/\/lovme.pt\/index.php\/produto\/chilirose-luvas-cr-3071-pretas\/#breadcrumb","itemListElement":[{"@type":"ListItem","position":1,"name":"In\u00edcio","item":"https:\/\/lovme.pt\/"},{"@type":"ListItem","position":2,"name":"Loja","item":"https:\/\/lovme.pt\/index.php\/loja\/"},{"@type":"ListItem","position":3,"name":"CHILIROSE &#8211; CR 3071 GUANTES ROJO"}]},{"@type":"WebSite","@id":"https:\/\/lovme.pt\/#website","url":"https:\/\/lovme.pt\/","name":"Lovme Loja Er\u00f3tica N\u00ba1 em Portugal","description":"A melhor loja er\u00f3tica de Portugal.","alternateName":"Loja Er\u00f3tica Lovme","potentialAction":[{"@type":"SearchAction","target":{"@type":"EntryPoint","urlTemplate":"https:\/\/lovme.pt\/?s={search_term_string}"},"query-input":{"@type":"PropertyValueSpecification","valueRequired":true,"valueName":"search_term_string"}}],"inLanguage":"pt-PT"}]}},"_links":{"self":[{"href":"https:\/\/lovme.pt\/index.php\/wp-json\/wp\/v2\/product\/47825","targetHints":{"allow":["GET"]}}],"collection":[{"href":"https:\/\/lovme.pt\/index.php\/wp-json\/wp\/v2\/product"}],"about":[{"href":"https:\/\/lovme.pt\/index.php\/wp-json\/wp\/v2\/types\/product"}],"wp:featuredmedia":[{"embeddable":true,"href":"https:\/\/lovme.pt\/index.php\/wp-json\/wp\/v2\/media\/87212"}],"wp:attachment":[{"href":"https:\/\/lovme.pt\/index.php\/wp-json\/wp\/v2\/media?parent=47825"}],"wp:term":[{"taxonomy":"product_brand","embeddable":true,"href":"https:\/\/lovme.pt\/index.php\/wp-json\/wp\/v2\/product_brand?post=47825"},{"taxonomy":"product_cat","embeddable":true,"href":"https:\/\/lovme.pt\/index.php\/wp-json\/wp\/v2\/product_cat?post=47825"},{"taxonomy":"product_tag","embeddable":true,"href":"https:\/\/lovme.pt\/index.php\/wp-json\/wp\/v2\/product_tag?post=47825"}],"curies":[{"name":"wp","href":"https:\/\/api.w.org\/{rel}","templated":true}]}}