{"id":47809,"date":"2025-09-30T20:48:38","date_gmt":"2025-09-30T20:48:38","guid":{"rendered":"https:\/\/lovme.pt\/?post_type=product&p=47809"},"modified":"2026-02-19T20:09:00","modified_gmt":"2026-02-19T20:09:00","slug":"pretty-love-abner-app-lilac","status":"publish","type":"product","link":"https:\/\/lovme.pt\/index.php\/produto\/pretty-love-abner-app-lilac\/","title":{"rendered":"PRETTY LOVE &#8211; ABNER APP LILAC"},"content":{"rendered":"<p>Abner \u00ae \u00e9 um brinquedo de nova tecnologia para maximizar o prazer humano, ele \u00e9 projetado para aumentar o prazer a dois. A Pretty Love \u00e9 l\u00edder mundial e lan\u00e7a no mercado os cl\u00e1ssicos controles remotos de ovos, mas agora por meio de um aplicativo com maior pot\u00eancia. .<\/p>\n<p> Como novidade, o Abner\u00ae est\u00e1 mais emocionante, com seu APP ele foi aprimorado com a mais avan\u00e7ada tecnologia Bluetooth, basta baixar o APP e ele se conecta automaticamente via Bluetooth ao Abner.<\/p>\n<p> Al\u00e9m do mais;<\/p>\n<ul>\n<li> Controle avan\u00e7ado para smartphone \/ iphone<\/li>\n<li> Possibilidades infinitas em modos de vibra\u00e7\u00e3o e programa de prazer personaliz\u00e1vel<\/li>\n<li> Motores independentes com controle avan\u00e7ado<\/li>\n<li> Modos personaliz\u00e1veis<\/li>\n<li> Conecte-o e assuma o controle!<\/li>\n<\/ul>\n<p> Sobre o aplicativo Aber tem como principais funcionalidades;<\/p>\n<ul>\n<li> Possibilidade de conex\u00e3o via Bluetooth 4.0 \/ (Dist\u00e2ncia m\u00e1xima de sincroniza\u00e7\u00e3o 5 metros)<\/li>\n<li> iPhone 4s \/ iOS 7 ou superior<\/li>\n<li> Android OS 4.3 mais recente<\/li>\n<\/ul>\n<p> Perfeito para uso a dois, pois sua ergonomia permite que voc\u00ea o deixe ligado para estimular simultaneamente o clit\u00f3ris e o ponto G.<\/p>\n<p> Abner oferece a voc\u00ea prazer avan\u00e7ado.<\/p>\n<ul>\n<li> Tecnologia avan\u00e7ada para controle atrav\u00e9s da aplica\u00e7\u00e3o.<\/li>\n<li> Silicone de grau m\u00e9dico super sedoso e confort\u00e1vel<\/li>\n<li> Design ergon\u00f4mico e compacto que se adapta perfeitamente aos contornos do corpo<\/li>\n<li> Ele pode ser usado no modo viva-voz ou voc\u00ea pode deix\u00e1-lo ligado e sair de casa usando-o.<\/li>\n<li> Motor potente e silencioso<\/li>\n<li> 100% submers\u00edvel<\/li>\n<li> Bateria ecol\u00f3gica 1 recarreg\u00e1vel com conex\u00e3o USB<\/li>\n<li> Com 1,5 horas de carga voc\u00ea ter\u00e1 at\u00e9 1 hora de divers\u00e3o<\/li>\n<li> Design discreto para recarga e viagens<\/li>\n<li> Garantia de 1 ano<\/li>\n<li> F\u00e1cil de limpar com \u00e1gua e sab\u00e3o neutro<\/li>\n<li> Ele \u00e9 recarregado conectando-o \u00e0 luz el\u00e9trica ou a qualquer USB<\/li>\n<li> Inclui; Cabo USB.<\/li>\n<\/ul>\n<p> Voc\u00ea come\u00e7a a tocar?<\/p>\n<p> Aplicativo GRATUITO que voc\u00ea pode obter na APP Store \/ Google Play Store, o c\u00f3digo QR \u00e9:<\/p>\n<p><img decoding=\"async\" alt=\"\" src=\"https:\/\/interno.dreamlove.es\/UserFiles\/images\/ABNER.jpg\" style=\"width: 300px; height: 300px;\" \/><\/p>\n","protected":false},"excerpt":{"rendered":"<p>PRETTY LOVE &#8211; ABNER APP ROXO<\/p>\n","protected":false},"featured_media":72972,"template":"","meta":{"_acf_changed":false},"product_brand":[],"product_cat":[17,61,76],"product_tag":[],"class_list":{"0":"post-47809","1":"product","2":"type-product","3":"status-publish","4":"has-post-thumbnail","6":"product_cat-brinquedos-de-bem-estar-sexual","7":"product_cat-para-elas","8":"product_cat-vibradores","9":"yith_product_brand-pretty-love","11":"first","12":"instock","13":"taxable","14":"shipping-taxable","15":"purchasable","16":"product-type-simple"},"acf":[],"yoast_head":"<!-- This site is optimized with the Yoast SEO plugin v27.4 - https:\/\/yoast.com\/product\/yoast-seo-wordpress\/ -->\n<title>PRETTY LOVE - ABNER APP LILAC - Lovme<\/title>\n<meta name=\"robots\" content=\"index, follow, max-snippet:-1, max-image-preview:large, max-video-preview:-1\" \/>\n<link rel=\"canonical\" href=\"https:\/\/lovme.pt\/index.php\/produto\/pretty-love-abner-app-lilac\/\" \/>\n<meta property=\"og:locale\" content=\"pt_PT\" \/>\n<meta property=\"og:type\" content=\"article\" \/>\n<meta property=\"og:title\" content=\"PRETTY LOVE - ABNER APP LILAC - Lovme\" \/>\n<meta property=\"og:description\" content=\"PRETTY LOVE - ABNER APP ROXO\" \/>\n<meta property=\"og:url\" content=\"https:\/\/lovme.pt\/index.php\/produto\/pretty-love-abner-app-lilac\/\" \/>\n<meta property=\"og:site_name\" content=\"Lovme\" \/>\n<meta property=\"article:modified_time\" content=\"2026-02-19T20:09:00+00:00\" \/>\n<meta property=\"og:image\" content=\"https:\/\/erki24nd3ub.exactdn.com\/wp-content\/uploads\/dream\/img\/img_172791_6a9f3bb61f4764dbbba11f0d76b74452_1.jpg?strip=all\" \/>\n\t<meta property=\"og:image:width\" content=\"800\" \/>\n\t<meta property=\"og:image:height\" content=\"800\" \/>\n\t<meta property=\"og:image:type\" content=\"image\/jpeg\" \/>\n<meta name=\"twitter:card\" content=\"summary_large_image\" \/>\n<meta name=\"twitter:label1\" content=\"Tempo estimado de leitura\" \/>\n\t<meta name=\"twitter:data1\" content=\"2 minutos\" \/>\n<script type=\"application\/ld+json\" class=\"yoast-schema-graph\">{\"@context\":\"https:\\\/\\\/schema.org\",\"@graph\":[{\"@type\":\"WebPage\",\"@id\":\"https:\\\/\\\/lovme.pt\\\/index.php\\\/produto\\\/pretty-love-abner-app-lilac\\\/\",\"url\":\"https:\\\/\\\/lovme.pt\\\/index.php\\\/produto\\\/pretty-love-abner-app-lilac\\\/\",\"name\":\"PRETTY LOVE - ABNER APP LILAC - Lovme\",\"isPartOf\":{\"@id\":\"https:\\\/\\\/lovme.pt\\\/#website\"},\"primaryImageOfPage\":{\"@id\":\"https:\\\/\\\/lovme.pt\\\/index.php\\\/produto\\\/pretty-love-abner-app-lilac\\\/#primaryimage\"},\"image\":{\"@id\":\"https:\\\/\\\/lovme.pt\\\/index.php\\\/produto\\\/pretty-love-abner-app-lilac\\\/#primaryimage\"},\"thumbnailUrl\":\"https:\\\/\\\/erki24nd3ub.exactdn.com\\\/wp-content\\\/uploads\\\/dream\\\/img\\\/img_172791_6a9f3bb61f4764dbbba11f0d76b74452_1.jpg?strip=all\",\"datePublished\":\"2025-09-30T20:48:38+00:00\",\"dateModified\":\"2026-02-19T20:09:00+00:00\",\"breadcrumb\":{\"@id\":\"https:\\\/\\\/lovme.pt\\\/index.php\\\/produto\\\/pretty-love-abner-app-lilac\\\/#breadcrumb\"},\"inLanguage\":\"pt-PT\",\"potentialAction\":[{\"@type\":\"ReadAction\",\"target\":[\"https:\\\/\\\/lovme.pt\\\/index.php\\\/produto\\\/pretty-love-abner-app-lilac\\\/\"]}]},{\"@type\":\"ImageObject\",\"inLanguage\":\"pt-PT\",\"@id\":\"https:\\\/\\\/lovme.pt\\\/index.php\\\/produto\\\/pretty-love-abner-app-lilac\\\/#primaryimage\",\"url\":\"https:\\\/\\\/erki24nd3ub.exactdn.com\\\/wp-content\\\/uploads\\\/dream\\\/img\\\/img_172791_6a9f3bb61f4764dbbba11f0d76b74452_1.jpg?strip=all\",\"contentUrl\":\"https:\\\/\\\/erki24nd3ub.exactdn.com\\\/wp-content\\\/uploads\\\/dream\\\/img\\\/img_172791_6a9f3bb61f4764dbbba11f0d76b74452_1.jpg?strip=all\",\"width\":800,\"height\":800},{\"@type\":\"BreadcrumbList\",\"@id\":\"https:\\\/\\\/lovme.pt\\\/index.php\\\/produto\\\/pretty-love-abner-app-lilac\\\/#breadcrumb\",\"itemListElement\":[{\"@type\":\"ListItem\",\"position\":1,\"name\":\"In\u00edcio\",\"item\":\"https:\\\/\\\/lovme.pt\\\/\"},{\"@type\":\"ListItem\",\"position\":2,\"name\":\"Loja\",\"item\":\"https:\\\/\\\/lovme.pt\\\/index.php\\\/loja\\\/\"},{\"@type\":\"ListItem\",\"position\":3,\"name\":\"PRETTY LOVE &#8211; ABNER APP LILAC\"}]},{\"@type\":\"WebSite\",\"@id\":\"https:\\\/\\\/lovme.pt\\\/#website\",\"url\":\"https:\\\/\\\/lovme.pt\\\/\",\"name\":\"Lovme Loja Er\u00f3tica N\u00ba1 em Portugal\",\"description\":\"A melhor loja er\u00f3tica de Portugal.\",\"alternateName\":\"Loja Er\u00f3tica Lovme\",\"potentialAction\":[{\"@type\":\"SearchAction\",\"target\":{\"@type\":\"EntryPoint\",\"urlTemplate\":\"https:\\\/\\\/lovme.pt\\\/?s={search_term_string}\"},\"query-input\":{\"@type\":\"PropertyValueSpecification\",\"valueRequired\":true,\"valueName\":\"search_term_string\"}}],\"inLanguage\":\"pt-PT\"}]}<\/script>\n<!-- \/ Yoast SEO plugin. -->","yoast_head_json":{"title":"PRETTY LOVE - ABNER APP LILAC - Lovme","robots":{"index":"index","follow":"follow","max-snippet":"max-snippet:-1","max-image-preview":"max-image-preview:large","max-video-preview":"max-video-preview:-1"},"canonical":"https:\/\/lovme.pt\/index.php\/produto\/pretty-love-abner-app-lilac\/","og_locale":"pt_PT","og_type":"article","og_title":"PRETTY LOVE - ABNER APP LILAC - Lovme","og_description":"PRETTY LOVE - ABNER APP ROXO","og_url":"https:\/\/lovme.pt\/index.php\/produto\/pretty-love-abner-app-lilac\/","og_site_name":"Lovme","article_modified_time":"2026-02-19T20:09:00+00:00","og_image":[{"width":800,"height":800,"url":"https:\/\/erki24nd3ub.exactdn.com\/wp-content\/uploads\/dream\/img\/img_172791_6a9f3bb61f4764dbbba11f0d76b74452_1.jpg?strip=all","type":"image\/jpeg"}],"twitter_card":"summary_large_image","twitter_misc":{"Tempo estimado de leitura":"2 minutos"},"schema":{"@context":"https:\/\/schema.org","@graph":[{"@type":"WebPage","@id":"https:\/\/lovme.pt\/index.php\/produto\/pretty-love-abner-app-lilac\/","url":"https:\/\/lovme.pt\/index.php\/produto\/pretty-love-abner-app-lilac\/","name":"PRETTY LOVE - ABNER APP LILAC - Lovme","isPartOf":{"@id":"https:\/\/lovme.pt\/#website"},"primaryImageOfPage":{"@id":"https:\/\/lovme.pt\/index.php\/produto\/pretty-love-abner-app-lilac\/#primaryimage"},"image":{"@id":"https:\/\/lovme.pt\/index.php\/produto\/pretty-love-abner-app-lilac\/#primaryimage"},"thumbnailUrl":"https:\/\/erki24nd3ub.exactdn.com\/wp-content\/uploads\/dream\/img\/img_172791_6a9f3bb61f4764dbbba11f0d76b74452_1.jpg?strip=all","datePublished":"2025-09-30T20:48:38+00:00","dateModified":"2026-02-19T20:09:00+00:00","breadcrumb":{"@id":"https:\/\/lovme.pt\/index.php\/produto\/pretty-love-abner-app-lilac\/#breadcrumb"},"inLanguage":"pt-PT","potentialAction":[{"@type":"ReadAction","target":["https:\/\/lovme.pt\/index.php\/produto\/pretty-love-abner-app-lilac\/"]}]},{"@type":"ImageObject","inLanguage":"pt-PT","@id":"https:\/\/lovme.pt\/index.php\/produto\/pretty-love-abner-app-lilac\/#primaryimage","url":"https:\/\/erki24nd3ub.exactdn.com\/wp-content\/uploads\/dream\/img\/img_172791_6a9f3bb61f4764dbbba11f0d76b74452_1.jpg?strip=all","contentUrl":"https:\/\/erki24nd3ub.exactdn.com\/wp-content\/uploads\/dream\/img\/img_172791_6a9f3bb61f4764dbbba11f0d76b74452_1.jpg?strip=all","width":800,"height":800},{"@type":"BreadcrumbList","@id":"https:\/\/lovme.pt\/index.php\/produto\/pretty-love-abner-app-lilac\/#breadcrumb","itemListElement":[{"@type":"ListItem","position":1,"name":"In\u00edcio","item":"https:\/\/lovme.pt\/"},{"@type":"ListItem","position":2,"name":"Loja","item":"https:\/\/lovme.pt\/index.php\/loja\/"},{"@type":"ListItem","position":3,"name":"PRETTY LOVE &#8211; ABNER APP LILAC"}]},{"@type":"WebSite","@id":"https:\/\/lovme.pt\/#website","url":"https:\/\/lovme.pt\/","name":"Lovme Loja Er\u00f3tica N\u00ba1 em Portugal","description":"A melhor loja er\u00f3tica de Portugal.","alternateName":"Loja Er\u00f3tica Lovme","potentialAction":[{"@type":"SearchAction","target":{"@type":"EntryPoint","urlTemplate":"https:\/\/lovme.pt\/?s={search_term_string}"},"query-input":{"@type":"PropertyValueSpecification","valueRequired":true,"valueName":"search_term_string"}}],"inLanguage":"pt-PT"}]}},"_links":{"self":[{"href":"https:\/\/lovme.pt\/index.php\/wp-json\/wp\/v2\/product\/47809","targetHints":{"allow":["GET"]}}],"collection":[{"href":"https:\/\/lovme.pt\/index.php\/wp-json\/wp\/v2\/product"}],"about":[{"href":"https:\/\/lovme.pt\/index.php\/wp-json\/wp\/v2\/types\/product"}],"wp:featuredmedia":[{"embeddable":true,"href":"https:\/\/lovme.pt\/index.php\/wp-json\/wp\/v2\/media\/72972"}],"wp:attachment":[{"href":"https:\/\/lovme.pt\/index.php\/wp-json\/wp\/v2\/media?parent=47809"}],"wp:term":[{"taxonomy":"product_brand","embeddable":true,"href":"https:\/\/lovme.pt\/index.php\/wp-json\/wp\/v2\/product_brand?post=47809"},{"taxonomy":"product_cat","embeddable":true,"href":"https:\/\/lovme.pt\/index.php\/wp-json\/wp\/v2\/product_cat?post=47809"},{"taxonomy":"product_tag","embeddable":true,"href":"https:\/\/lovme.pt\/index.php\/wp-json\/wp\/v2\/product_tag?post=47809"}],"curies":[{"name":"wp","href":"https:\/\/api.w.org\/{rel}","templated":true}]}}