{"id":47737,"date":"2025-10-01T00:52:13","date_gmt":"2025-10-01T00:52:13","guid":{"rendered":"https:\/\/lovme.pt\/?post_type=product&#038;p=47737"},"modified":"2026-02-19T20:23:26","modified_gmt":"2026-02-19T20:23:26","slug":"chilirose-cr-4120-corset-preto-l-xl","status":"publish","type":"product","link":"https:\/\/lovme.pt\/index.php\/produto\/chilirose-cr-4120-corset-preto-l-xl\/","title":{"rendered":"CHILIROSE &#8211; CR 4120 CORSET NEGRO S\/M"},"content":{"rendered":"<p><strong>CR 4120<\/strong> Mergulhe num mundo de eleg\u00e2ncia e sensualidade com este cativante espartilho sexy, uma pe\u00e7a que evoca o charme cl\u00e1ssico e a sedu\u00e7\u00e3o intemporal. Pensado para real\u00e7ar as suas curvas e despertar a paix\u00e3o, este espartilho \u00e9 muito mais do que uma pe\u00e7a de roupa: \u00e9 uma declara\u00e7\u00e3o de feminilidade, confian\u00e7a e estilo.<\/p>\n<p> O encanto do espartilho est\u00e1 na sua capacidade de despertar paix\u00e3o e emo\u00e7\u00e3o. Cada detalhe, desde os delicados bordados at\u00e9 os sensuais recortes e transpar\u00eancias, \u00e9 feito \u00e0 m\u00e3o. Projetado para seduzir e cativar o olhar, convidando-o a explorar cada cent\u00edmetro da sua figura com desejo e admira\u00e7\u00e3o.<\/p>\n<p> Quer voc\u00ea o use como uma pe\u00e7a de lingerie \u00edntima ou como pe\u00e7a central de sua roupa para uma ocasi\u00e3o especial, este espartilho sexy \u00e9 uma escolha certa para adicionar um toque de glamour. e sedu\u00e7\u00e3o em qualquer situa\u00e7\u00e3o. Prepare-se para deslumbrar e cativar com este espartilho deslumbrante que vai te deixar deslumbrada. sinta-se seguro, sensual e simplesmente irresist\u00edvel.<\/p>\n<\/p>\n<p> <u><strong>CARACTER\u00cdSTICAS:<\/strong><\/u><\/p>\n<ul>\n<li> Conjunto espartilho + tanga<\/li>\n<li> Um espartilho Feito com tule delicado e renda macia e palp\u00e1vel em tom safira intenso.<\/li>\n<li> A parte superior do corpete fecha nas costas com ganchos, enquanto a parte inferior \u00e9 ajust\u00e1vel gra\u00e7as \u00e0 qual o corpete se adapta perfeitamente a qualquer figura.<\/li>\n<li> As al\u00e7as s\u00e3o ajust\u00e1veis.<\/li>\n<li> O conjunto inclui uma tanga.<\/li>\n<li> Dispon\u00edvel em S\/M e L\/XL<\/li>\n<\/ul>\n<p> A marca <strong>CHILIROSE<\/strong> foi criada em 2008 e a nossa miss\u00e3o \u00e9 oferecer lingerie sensual e excitante aos nossos clientes a um pre\u00e7o competitivo. Agora em 2022, ap\u00f3s 14 anos, somos uma das principais empresas de lingerie ex\u00f3tica e temos uma grande cole\u00e7\u00e3o de pijamas, vestidos, roup\u00f5es, espartilhos, vestidos, roupas para baladas e muito mais. Nosso rigoroso controle de qualidade garante total satisfa\u00e7\u00e3o aos nossos clientes e torna a venda um prazer. Tomamos especial cuidado na sele\u00e7\u00e3o de nossos materiais e m\u00e3o de obra. Oferecemos regularmente novos estilos fant\u00e1sticos e esperamos surpreend\u00ea-lo positivamente sempre. <\/p>\n<p>\u00a0<\/p>\n<table border=\"1\" cellpadding=\"0\" cellspacing=\"0\" width=\"832\">\n<tbody>\n<tr height=\"23\" style=\"border: 1px solid black;\">\n<td class=\"xl72\" colspan=\"8\" height=\"23\" style=\"text-align: center; border: 1px solid black;\" width=\"832\"><b>TABELA DE TAMANHOS<\/b><\/td>\n<\/tr>\n<tr height=\"23\" style=\"border: 1px solid black;\">\n<td class=\"xl73\" colspan=\"2\" height=\"23\" style=\"text-align: center; border: 1px solid black;\"><strong>TAMANHO<\/strong><\/td>\n<td class=\"xl71\" style=\"text-align: center; border: 1px solid black;\" width=\"104\"><strong>S<\/strong><\/td>\n<td class=\"xl71\" style=\"text-align: center; border: 1px solid black;\" width=\"104\"><strong>M<\/strong><\/td>\n<td class=\"xl71\" style=\"text-align: center; border: 1px solid black;\" width=\"104\"><strong>L<\/strong><\/td>\n<td class=\"xl71\" style=\"text-align: center; border: 1px solid black;\" width=\"104\"><strong>XL<\/strong><\/td>\n<td class=\"xl71\" style=\"text-align: center; border: 1px solid black;\" width=\"104\"><strong>XXL<\/strong><\/td>\n<td class=\"xl71\" style=\"text-align: center; border: 1px solid black;\" width=\"104\"><strong>S\/M\u00a0 \u00a0 L\/XL<\/strong><\/td>\n<\/tr>\n<tr>\n<td class=\"xl74\" colspan=\"2\" height=\"23\" style=\"text-align: center; border: 1px solid black;\" width=\"208\"><strong>Busto (cm)<\/strong><\/td>\n<td class=\"xl72\" style=\"text-align: center; border: 1px solid black;\" width=\"104\">85-89<\/td>\n<td class=\"xl72\" style=\"text-align: center; border: 1px solid black;\" width=\"104\">90-94<\/td>\n<td class=\"xl71\" style=\"text-align: center; border: 1px solid black;\" width=\"104\">95-99<\/td>\n<td class=\"xl71\" style=\"text-align: center; border: 1px solid black;\" width=\"104\">100-104<\/td>\n<td class=\"xl71\" style=\"text-align: center; border: 1px solid black;\" width=\"104\">105-109<\/td>\n<td class=\"xl71\" style=\"text-align: center; border: 1px solid black;\" width=\"104\">85-94  95-104<\/td>\n<\/tr>\n<tr>\n<td class=\"xl74\" colspan=\"2\" height=\"23\" style=\"text-align: center; border: 1px solid black;\" width=\"208\"><strong>Busto baixo (cm)<\/strong><\/td>\n<td class=\"xl72\" style=\"text-align: center; border: 1px solid black;\" width=\"104\"><span style=\"color: rgb(51, 51, 51); font-family: sans-serif, Arial, Verdana, \">69-72<\/span><\/td>\n<td class=\"xl72\" style=\"text-align: center; border: 1px solid black;\" width=\"104\"><span style=\"color: rgb(51, 51, 51); font-family: sans-serif, Arial, Verdana, \">73-77<\/span><\/td>\n<td class=\"xl71\" style=\"text-align: center; border: 1px solid black;\" width=\"104\"><span style=\"color: rgb(51, 51, 51); font-family: sans-serif, Arial, Verdana, \">78-81<\/span><\/td>\n<td class=\"xl71\" style=\"text-align: center; border: 1px solid black;\" width=\"104\"><span style=\"color: rgb(51, 51, 51); font-family: sans-serif, Arial, Verdana, \">82-86<\/span><\/td>\n<td class=\"xl71\" style=\"text-align: center; border: 1px solid black;\" width=\"104\"><span style=\"color: rgb(51, 51, 51); font-family: sans-serif, Arial, Verdana, \">87-90<\/span><\/td>\n<td class=\"xl71\" style=\"text-align: center; border: 1px solid black;\" width=\"104\"><span style=\"color: rgb(51, 51, 51); font-family: sans-serif, Arial, Verdana, \">69-77\u00a0 \u00a0 78-86<\/span><\/td>\n<\/tr>\n<tr height=\"23\" style=\"border: 1px solid black;\">\n<td class=\"xl74\" colspan=\"2\" height=\"23\" style=\"text-align: center; border: 1px solid black;\" width=\"208\"><strong>Cintura (cm)<\/strong><\/td>\n<td class=\"xl72\" style=\"text-align: center; border: 1px solid black;\" width=\"104\">68-72<\/td>\n<td class=\"xl72\" style=\"text-align: center; border: 1px solid black;\" width=\"104\">73-77<\/td>\n<td class=\"xl71\" style=\"text-align: center; border: 1px solid black;\" width=\"104\">78-82<\/td>\n<td class=\"xl71\" style=\"text-align: center; border: 1px solid black;\" width=\"104\">83-87<\/td>\n<td class=\"xl71\" style=\"text-align: center; border: 1px solid black;\" width=\"104\">88-93<\/td>\n<td class=\"xl71\" style=\"text-align: center; border: 1px solid black;\" width=\"104\">68-77\u00a0 \u00a0 78-87<\/td>\n<\/tr>\n<tr height=\"23\" style=\"border: 1px solid black;\">\n<td class=\"xl74\" colspan=\"2\" height=\"23\" style=\"text-align: center; border: 1px solid black;\" width=\"208\"><strong>Quadril (cm)<\/strong><\/td>\n<td class=\"xl72\" style=\"text-align: center; border: 1px solid black;\" width=\"104\">90-94<\/td>\n<td class=\"xl72\" style=\"text-align: center; border: 1px solid black;\" width=\"104\">95-100<\/td>\n<td class=\"xl71\" style=\"text-align: center; border: 1px solid black;\" width=\"104\">101-105<\/td>\n<td class=\"xl71\" style=\"text-align: center; border: 1px solid black;\" width=\"104\">106-111<\/td>\n<td class=\"xl71\" style=\"text-align: center; border: 1px solid black;\" width=\"104\">112-116<\/td>\n<td class=\"xl71\" style=\"text-align: center; border: 1px solid black;\" width=\"104\">90-100  101-111<\/td>\n<\/tr>\n<\/tbody>\n<\/table>\n","protected":false},"excerpt":{"rendered":"<p>CHILIROSE &#8211; CR 4120 CORSET PRETO L\/XL<\/p>\n","protected":false},"featured_media":91693,"template":"","meta":{"_acf_changed":false},"product_brand":[],"product_cat":[47,66],"product_tag":[],"class_list":{"0":"post-47737","1":"product","2":"type-product","3":"status-publish","4":"has-post-thumbnail","6":"product_cat-lingerie","7":"product_cat-lingerie-feminina","8":"yith_product_brand-chilirose","9":"yith_product_brand-chilirosechilirose-corsets","11":"first","12":"instock","13":"taxable","14":"shipping-taxable","15":"purchasable","16":"product-type-variable","17":"has-default-attributes"},"acf":[],"yoast_head":"<!-- This site is optimized with the Yoast SEO plugin v27.4 - https:\/\/yoast.com\/product\/yoast-seo-wordpress\/ -->\n<title>CHILIROSE - CR 4120 CORSET NEGRO S\/M - Lovme<\/title>\n<meta name=\"robots\" content=\"index, follow, max-snippet:-1, max-image-preview:large, max-video-preview:-1\" \/>\n<link rel=\"canonical\" href=\"https:\/\/lovme.pt\/index.php\/produto\/chilirose-cr-4120-corset-preto-l-xl\/\" \/>\n<meta property=\"og:locale\" content=\"pt_PT\" \/>\n<meta property=\"og:type\" content=\"article\" \/>\n<meta property=\"og:title\" content=\"CHILIROSE - CR 4120 CORSET NEGRO S\/M - Lovme\" \/>\n<meta property=\"og:description\" content=\"CHILIROSE - CR 4120 CORSET PRETO L\/XL\" \/>\n<meta property=\"og:url\" content=\"https:\/\/lovme.pt\/index.php\/produto\/chilirose-cr-4120-corset-preto-l-xl\/\" \/>\n<meta property=\"og:site_name\" content=\"Lovme\" \/>\n<meta property=\"article:modified_time\" content=\"2026-02-19T20:23:26+00:00\" \/>\n<meta property=\"og:image\" content=\"https:\/\/erki24nd3ub.exactdn.com\/wp-content\/uploads\/dream\/img\/img_172124_de1233399904096586e58306ee0f3cec_1.jpg?strip=all\" \/>\n\t<meta property=\"og:image:width\" content=\"800\" \/>\n\t<meta property=\"og:image:height\" content=\"800\" \/>\n\t<meta property=\"og:image:type\" content=\"image\/jpeg\" \/>\n<meta name=\"twitter:card\" content=\"summary_large_image\" \/>\n<meta name=\"twitter:label1\" content=\"Tempo estimado de leitura\" \/>\n\t<meta name=\"twitter:data1\" content=\"2 minutos\" \/>\n<script type=\"application\/ld+json\" class=\"yoast-schema-graph\">{\"@context\":\"https:\\\/\\\/schema.org\",\"@graph\":[{\"@type\":\"WebPage\",\"@id\":\"https:\\\/\\\/lovme.pt\\\/index.php\\\/produto\\\/chilirose-cr-4120-corset-preto-l-xl\\\/\",\"url\":\"https:\\\/\\\/lovme.pt\\\/index.php\\\/produto\\\/chilirose-cr-4120-corset-preto-l-xl\\\/\",\"name\":\"CHILIROSE - CR 4120 CORSET NEGRO S\\\/M - Lovme\",\"isPartOf\":{\"@id\":\"https:\\\/\\\/lovme.pt\\\/#website\"},\"primaryImageOfPage\":{\"@id\":\"https:\\\/\\\/lovme.pt\\\/index.php\\\/produto\\\/chilirose-cr-4120-corset-preto-l-xl\\\/#primaryimage\"},\"image\":{\"@id\":\"https:\\\/\\\/lovme.pt\\\/index.php\\\/produto\\\/chilirose-cr-4120-corset-preto-l-xl\\\/#primaryimage\"},\"thumbnailUrl\":\"https:\\\/\\\/erki24nd3ub.exactdn.com\\\/wp-content\\\/uploads\\\/dream\\\/img\\\/img_172124_de1233399904096586e58306ee0f3cec_1.jpg?strip=all\",\"datePublished\":\"2025-10-01T00:52:13+00:00\",\"dateModified\":\"2026-02-19T20:23:26+00:00\",\"breadcrumb\":{\"@id\":\"https:\\\/\\\/lovme.pt\\\/index.php\\\/produto\\\/chilirose-cr-4120-corset-preto-l-xl\\\/#breadcrumb\"},\"inLanguage\":\"pt-PT\",\"potentialAction\":[{\"@type\":\"ReadAction\",\"target\":[\"https:\\\/\\\/lovme.pt\\\/index.php\\\/produto\\\/chilirose-cr-4120-corset-preto-l-xl\\\/\"]}]},{\"@type\":\"ImageObject\",\"inLanguage\":\"pt-PT\",\"@id\":\"https:\\\/\\\/lovme.pt\\\/index.php\\\/produto\\\/chilirose-cr-4120-corset-preto-l-xl\\\/#primaryimage\",\"url\":\"https:\\\/\\\/erki24nd3ub.exactdn.com\\\/wp-content\\\/uploads\\\/dream\\\/img\\\/img_172124_de1233399904096586e58306ee0f3cec_1.jpg?strip=all\",\"contentUrl\":\"https:\\\/\\\/erki24nd3ub.exactdn.com\\\/wp-content\\\/uploads\\\/dream\\\/img\\\/img_172124_de1233399904096586e58306ee0f3cec_1.jpg?strip=all\",\"width\":800,\"height\":800},{\"@type\":\"BreadcrumbList\",\"@id\":\"https:\\\/\\\/lovme.pt\\\/index.php\\\/produto\\\/chilirose-cr-4120-corset-preto-l-xl\\\/#breadcrumb\",\"itemListElement\":[{\"@type\":\"ListItem\",\"position\":1,\"name\":\"In\u00edcio\",\"item\":\"https:\\\/\\\/lovme.pt\\\/\"},{\"@type\":\"ListItem\",\"position\":2,\"name\":\"Loja\",\"item\":\"https:\\\/\\\/lovme.pt\\\/index.php\\\/loja\\\/\"},{\"@type\":\"ListItem\",\"position\":3,\"name\":\"CHILIROSE &#8211; CR 4120 CORSET NEGRO S\\\/M\"}]},{\"@type\":\"WebSite\",\"@id\":\"https:\\\/\\\/lovme.pt\\\/#website\",\"url\":\"https:\\\/\\\/lovme.pt\\\/\",\"name\":\"Lovme Loja Er\u00f3tica N\u00ba1 em Portugal\",\"description\":\"A melhor loja er\u00f3tica de Portugal.\",\"alternateName\":\"Loja Er\u00f3tica Lovme\",\"potentialAction\":[{\"@type\":\"SearchAction\",\"target\":{\"@type\":\"EntryPoint\",\"urlTemplate\":\"https:\\\/\\\/lovme.pt\\\/?s={search_term_string}\"},\"query-input\":{\"@type\":\"PropertyValueSpecification\",\"valueRequired\":true,\"valueName\":\"search_term_string\"}}],\"inLanguage\":\"pt-PT\"}]}<\/script>\n<!-- \/ Yoast SEO plugin. -->","yoast_head_json":{"title":"CHILIROSE - CR 4120 CORSET NEGRO S\/M - Lovme","robots":{"index":"index","follow":"follow","max-snippet":"max-snippet:-1","max-image-preview":"max-image-preview:large","max-video-preview":"max-video-preview:-1"},"canonical":"https:\/\/lovme.pt\/index.php\/produto\/chilirose-cr-4120-corset-preto-l-xl\/","og_locale":"pt_PT","og_type":"article","og_title":"CHILIROSE - CR 4120 CORSET NEGRO S\/M - Lovme","og_description":"CHILIROSE - CR 4120 CORSET PRETO L\/XL","og_url":"https:\/\/lovme.pt\/index.php\/produto\/chilirose-cr-4120-corset-preto-l-xl\/","og_site_name":"Lovme","article_modified_time":"2026-02-19T20:23:26+00:00","og_image":[{"width":800,"height":800,"url":"https:\/\/erki24nd3ub.exactdn.com\/wp-content\/uploads\/dream\/img\/img_172124_de1233399904096586e58306ee0f3cec_1.jpg?strip=all","type":"image\/jpeg"}],"twitter_card":"summary_large_image","twitter_misc":{"Tempo estimado de leitura":"2 minutos"},"schema":{"@context":"https:\/\/schema.org","@graph":[{"@type":"WebPage","@id":"https:\/\/lovme.pt\/index.php\/produto\/chilirose-cr-4120-corset-preto-l-xl\/","url":"https:\/\/lovme.pt\/index.php\/produto\/chilirose-cr-4120-corset-preto-l-xl\/","name":"CHILIROSE - CR 4120 CORSET NEGRO S\/M - Lovme","isPartOf":{"@id":"https:\/\/lovme.pt\/#website"},"primaryImageOfPage":{"@id":"https:\/\/lovme.pt\/index.php\/produto\/chilirose-cr-4120-corset-preto-l-xl\/#primaryimage"},"image":{"@id":"https:\/\/lovme.pt\/index.php\/produto\/chilirose-cr-4120-corset-preto-l-xl\/#primaryimage"},"thumbnailUrl":"https:\/\/erki24nd3ub.exactdn.com\/wp-content\/uploads\/dream\/img\/img_172124_de1233399904096586e58306ee0f3cec_1.jpg?strip=all","datePublished":"2025-10-01T00:52:13+00:00","dateModified":"2026-02-19T20:23:26+00:00","breadcrumb":{"@id":"https:\/\/lovme.pt\/index.php\/produto\/chilirose-cr-4120-corset-preto-l-xl\/#breadcrumb"},"inLanguage":"pt-PT","potentialAction":[{"@type":"ReadAction","target":["https:\/\/lovme.pt\/index.php\/produto\/chilirose-cr-4120-corset-preto-l-xl\/"]}]},{"@type":"ImageObject","inLanguage":"pt-PT","@id":"https:\/\/lovme.pt\/index.php\/produto\/chilirose-cr-4120-corset-preto-l-xl\/#primaryimage","url":"https:\/\/erki24nd3ub.exactdn.com\/wp-content\/uploads\/dream\/img\/img_172124_de1233399904096586e58306ee0f3cec_1.jpg?strip=all","contentUrl":"https:\/\/erki24nd3ub.exactdn.com\/wp-content\/uploads\/dream\/img\/img_172124_de1233399904096586e58306ee0f3cec_1.jpg?strip=all","width":800,"height":800},{"@type":"BreadcrumbList","@id":"https:\/\/lovme.pt\/index.php\/produto\/chilirose-cr-4120-corset-preto-l-xl\/#breadcrumb","itemListElement":[{"@type":"ListItem","position":1,"name":"In\u00edcio","item":"https:\/\/lovme.pt\/"},{"@type":"ListItem","position":2,"name":"Loja","item":"https:\/\/lovme.pt\/index.php\/loja\/"},{"@type":"ListItem","position":3,"name":"CHILIROSE &#8211; CR 4120 CORSET NEGRO S\/M"}]},{"@type":"WebSite","@id":"https:\/\/lovme.pt\/#website","url":"https:\/\/lovme.pt\/","name":"Lovme Loja Er\u00f3tica N\u00ba1 em Portugal","description":"A melhor loja er\u00f3tica de Portugal.","alternateName":"Loja Er\u00f3tica Lovme","potentialAction":[{"@type":"SearchAction","target":{"@type":"EntryPoint","urlTemplate":"https:\/\/lovme.pt\/?s={search_term_string}"},"query-input":{"@type":"PropertyValueSpecification","valueRequired":true,"valueName":"search_term_string"}}],"inLanguage":"pt-PT"}]}},"_links":{"self":[{"href":"https:\/\/lovme.pt\/index.php\/wp-json\/wp\/v2\/product\/47737","targetHints":{"allow":["GET"]}}],"collection":[{"href":"https:\/\/lovme.pt\/index.php\/wp-json\/wp\/v2\/product"}],"about":[{"href":"https:\/\/lovme.pt\/index.php\/wp-json\/wp\/v2\/types\/product"}],"wp:featuredmedia":[{"embeddable":true,"href":"https:\/\/lovme.pt\/index.php\/wp-json\/wp\/v2\/media\/91693"}],"wp:attachment":[{"href":"https:\/\/lovme.pt\/index.php\/wp-json\/wp\/v2\/media?parent=47737"}],"wp:term":[{"taxonomy":"product_brand","embeddable":true,"href":"https:\/\/lovme.pt\/index.php\/wp-json\/wp\/v2\/product_brand?post=47737"},{"taxonomy":"product_cat","embeddable":true,"href":"https:\/\/lovme.pt\/index.php\/wp-json\/wp\/v2\/product_cat?post=47737"},{"taxonomy":"product_tag","embeddable":true,"href":"https:\/\/lovme.pt\/index.php\/wp-json\/wp\/v2\/product_tag?post=47737"}],"curies":[{"name":"wp","href":"https:\/\/api.w.org\/{rel}","templated":true}]}}