{"id":47727,"date":"2025-09-30T10:13:19","date_gmt":"2025-09-30T10:13:19","guid":{"rendered":"https:\/\/lovme.pt\/?post_type=product&p=47727"},"modified":"2026-02-19T20:06:58","modified_gmt":"2026-02-19T20:06:58","slug":"calexotics-alpha-anel-de-bola-dupla-laranja","status":"publish","type":"product","link":"https:\/\/lovme.pt\/index.php\/produto\/calexotics-alpha-anel-de-bola-dupla-laranja\/","title":{"rendered":"CALEXOTICS &#8211; ALPHA ANEL DE BOLA DUPLA LARANJA"},"content":{"rendered":"<p>De iniciantes t\u00edmidos a especialistas em erotismo, o anel de bola dupla de silicone l\u00edquido Alpha ir\u00e1 envolv\u00ea-lo. de prazer com o anel intensificador ultra luxuoso e ultra el\u00e1stico. O divertido anel \u00e9 feito de silicone l\u00edquido ultrael\u00e1stico com um detalhe exclusivo de contas para maior provoca\u00e7\u00e3o. Este anel peniano confort\u00e1vel e el\u00e1stico \u00e9 feito de 100% algod\u00e3o. Feito para aumentar a resist\u00eancia, melhorar a sensibilidade e fornecer suporte superior \u00e0 ere\u00e7\u00e3o. Desfrute de uma experi\u00eancia de prazer explosiva enquanto o anel de pel\u00facia aperta a cada movimento. O silicone l\u00edquido premium \u00e9 mais macio, suave e dur\u00e1vel para melhorar o tempo de jogo.<\/p>\n<\/p>\n<p> <u><strong>CARACTER\u00cdSTICAS:<\/strong><\/u><\/p>\n<ul>\n<li style=\"box-sizing: inherit;\"> <font style=\"box-sizing: inherit; vertical-align: inherit;\">Intensificador de Silicone L\u00edquido Premium<\/font><\/li>\n<li style=\"box-sizing: inherit;\"> <font style=\"box-sizing: inherit; vertical-align: inherit;\">Design el\u00e1stico, confort\u00e1vel, resistente e sem costuras.<!-- font--><\/font><\/li>\n<li style=\"box-sizing: inherit;\"> <font style=\"box-sizing: inherit; vertical-align: inherit;\"><font style=\"box-sizing: inherit; vertical-align: inherit;\">Silicone l\u00edquido: mais macio, mais suave, mais dur\u00e1vel e \u00e0 prova d\u00e1gua<\/font><\/font><\/li>\n<li style=\"box-sizing: inherit;\"> <font style=\"box-sizing: inherit; vertical-align: inherit;\"><font style=\"box-sizing: inherit; vertical-align: inherit;\">Dimens\u00f5es do produto: 3,75 cm (di\u00e2metro  anel)<!-- font--><\/font><\/font><\/li>\n<\/ul>\n<p> <font style=\"box-sizing: inherit; vertical-align: inherit;\"><font style=\"box-sizing: inherit; vertical-align: inherit;\">\u00a0<\/font><\/font><\/p>\n<p> <font style=\"box-sizing: inherit; vertical-align: inherit;\"><font style=\"box-sizing: inherit; vertical-align: inherit;\"><strong>A CalExotics<\/strong> tem transformado constantemente \u201cfantasia em realidade\u201d h\u00e1 mais de uma d\u00e9cada. Com aten\u00e7\u00e3o incompar\u00e1vel aos detalhes, a fundadora e propriet\u00e1ria da CalExotics, Susan Colvin, tornou a marca California Exotic Novelty sin\u00f4nimo de brinquedos para adultos de qualidade. O fato de a CalExotics ser uma empresa pertencente e operada por mulheres desempenha um papel importante em sua ascens\u00e3o mete\u00f3rica ao topo da ind\u00fastria de brinquedos e novidades para adultos.<\/font><\/font><\/p>\n","protected":false},"excerpt":{"rendered":"<p>CALEXOTICS &#8211; ALPHA ANEL DE BOLA DUPLA LARANJA<\/p>\n","protected":false},"featured_media":64255,"template":"","meta":{"_acf_changed":false},"product_brand":[],"product_cat":[17,59,60],"product_tag":[],"class_list":{"0":"post-47727","1":"product","2":"type-product","3":"status-publish","4":"has-post-thumbnail","6":"product_cat-brinquedos-de-bem-estar-sexual","7":"product_cat-para-casais","8":"product_cat-para-eles","9":"yith_product_brand-calexotics","11":"first","12":"instock","13":"taxable","14":"shipping-taxable","15":"purchasable","16":"product-type-simple"},"acf":[],"yoast_head":"<!-- This site is optimized with the Yoast SEO plugin v27.4 - https:\/\/yoast.com\/product\/yoast-seo-wordpress\/ -->\n<title>CALEXOTICS - ALPHA ANEL DE BOLA DUPLA LARANJA - Lovme<\/title>\n<meta name=\"robots\" content=\"index, follow, max-snippet:-1, max-image-preview:large, max-video-preview:-1\" \/>\n<link rel=\"canonical\" href=\"https:\/\/lovme.pt\/index.php\/produto\/calexotics-alpha-anel-de-bola-dupla-laranja\/\" \/>\n<meta property=\"og:locale\" content=\"pt_PT\" \/>\n<meta property=\"og:type\" content=\"article\" \/>\n<meta property=\"og:title\" content=\"CALEXOTICS - ALPHA ANEL DE BOLA DUPLA LARANJA - Lovme\" \/>\n<meta property=\"og:description\" content=\"CALEXOTICS - ALPHA ANEL DE BOLA DUPLA LARANJA\" \/>\n<meta property=\"og:url\" content=\"https:\/\/lovme.pt\/index.php\/produto\/calexotics-alpha-anel-de-bola-dupla-laranja\/\" \/>\n<meta property=\"og:site_name\" content=\"Lovme\" \/>\n<meta property=\"article:modified_time\" content=\"2026-02-19T20:06:58+00:00\" \/>\n<meta property=\"og:image\" content=\"https:\/\/erki24nd3ub.exactdn.com\/wp-content\/uploads\/dream\/img\/img_172026_3f5a2001a7bf9eb5e6eb12ae5b995da2_1.jpg?strip=all\" \/>\n\t<meta property=\"og:image:width\" content=\"800\" \/>\n\t<meta property=\"og:image:height\" content=\"800\" \/>\n\t<meta property=\"og:image:type\" content=\"image\/jpeg\" \/>\n<meta name=\"twitter:card\" content=\"summary_large_image\" \/>\n<meta name=\"twitter:label1\" content=\"Tempo estimado de leitura\" \/>\n\t<meta name=\"twitter:data1\" content=\"1 minuto\" \/>\n<script type=\"application\/ld+json\" class=\"yoast-schema-graph\">{\"@context\":\"https:\\\/\\\/schema.org\",\"@graph\":[{\"@type\":\"WebPage\",\"@id\":\"https:\\\/\\\/lovme.pt\\\/index.php\\\/produto\\\/calexotics-alpha-anel-de-bola-dupla-laranja\\\/\",\"url\":\"https:\\\/\\\/lovme.pt\\\/index.php\\\/produto\\\/calexotics-alpha-anel-de-bola-dupla-laranja\\\/\",\"name\":\"CALEXOTICS - ALPHA ANEL DE BOLA DUPLA LARANJA - Lovme\",\"isPartOf\":{\"@id\":\"https:\\\/\\\/lovme.pt\\\/#website\"},\"primaryImageOfPage\":{\"@id\":\"https:\\\/\\\/lovme.pt\\\/index.php\\\/produto\\\/calexotics-alpha-anel-de-bola-dupla-laranja\\\/#primaryimage\"},\"image\":{\"@id\":\"https:\\\/\\\/lovme.pt\\\/index.php\\\/produto\\\/calexotics-alpha-anel-de-bola-dupla-laranja\\\/#primaryimage\"},\"thumbnailUrl\":\"https:\\\/\\\/erki24nd3ub.exactdn.com\\\/wp-content\\\/uploads\\\/dream\\\/img\\\/img_172026_3f5a2001a7bf9eb5e6eb12ae5b995da2_1.jpg?strip=all\",\"datePublished\":\"2025-09-30T10:13:19+00:00\",\"dateModified\":\"2026-02-19T20:06:58+00:00\",\"breadcrumb\":{\"@id\":\"https:\\\/\\\/lovme.pt\\\/index.php\\\/produto\\\/calexotics-alpha-anel-de-bola-dupla-laranja\\\/#breadcrumb\"},\"inLanguage\":\"pt-PT\",\"potentialAction\":[{\"@type\":\"ReadAction\",\"target\":[\"https:\\\/\\\/lovme.pt\\\/index.php\\\/produto\\\/calexotics-alpha-anel-de-bola-dupla-laranja\\\/\"]}]},{\"@type\":\"ImageObject\",\"inLanguage\":\"pt-PT\",\"@id\":\"https:\\\/\\\/lovme.pt\\\/index.php\\\/produto\\\/calexotics-alpha-anel-de-bola-dupla-laranja\\\/#primaryimage\",\"url\":\"https:\\\/\\\/erki24nd3ub.exactdn.com\\\/wp-content\\\/uploads\\\/dream\\\/img\\\/img_172026_3f5a2001a7bf9eb5e6eb12ae5b995da2_1.jpg?strip=all\",\"contentUrl\":\"https:\\\/\\\/erki24nd3ub.exactdn.com\\\/wp-content\\\/uploads\\\/dream\\\/img\\\/img_172026_3f5a2001a7bf9eb5e6eb12ae5b995da2_1.jpg?strip=all\",\"width\":800,\"height\":800},{\"@type\":\"BreadcrumbList\",\"@id\":\"https:\\\/\\\/lovme.pt\\\/index.php\\\/produto\\\/calexotics-alpha-anel-de-bola-dupla-laranja\\\/#breadcrumb\",\"itemListElement\":[{\"@type\":\"ListItem\",\"position\":1,\"name\":\"In\u00edcio\",\"item\":\"https:\\\/\\\/lovme.pt\\\/\"},{\"@type\":\"ListItem\",\"position\":2,\"name\":\"Loja\",\"item\":\"https:\\\/\\\/lovme.pt\\\/index.php\\\/loja\\\/\"},{\"@type\":\"ListItem\",\"position\":3,\"name\":\"CALEXOTICS &#8211; ALPHA ANEL DE BOLA DUPLA LARANJA\"}]},{\"@type\":\"WebSite\",\"@id\":\"https:\\\/\\\/lovme.pt\\\/#website\",\"url\":\"https:\\\/\\\/lovme.pt\\\/\",\"name\":\"Lovme Loja Er\u00f3tica N\u00ba1 em Portugal\",\"description\":\"A melhor loja er\u00f3tica de Portugal.\",\"alternateName\":\"Loja Er\u00f3tica Lovme\",\"potentialAction\":[{\"@type\":\"SearchAction\",\"target\":{\"@type\":\"EntryPoint\",\"urlTemplate\":\"https:\\\/\\\/lovme.pt\\\/?s={search_term_string}\"},\"query-input\":{\"@type\":\"PropertyValueSpecification\",\"valueRequired\":true,\"valueName\":\"search_term_string\"}}],\"inLanguage\":\"pt-PT\"}]}<\/script>\n<!-- \/ Yoast SEO plugin. -->","yoast_head_json":{"title":"CALEXOTICS - ALPHA ANEL DE BOLA DUPLA LARANJA - Lovme","robots":{"index":"index","follow":"follow","max-snippet":"max-snippet:-1","max-image-preview":"max-image-preview:large","max-video-preview":"max-video-preview:-1"},"canonical":"https:\/\/lovme.pt\/index.php\/produto\/calexotics-alpha-anel-de-bola-dupla-laranja\/","og_locale":"pt_PT","og_type":"article","og_title":"CALEXOTICS - ALPHA ANEL DE BOLA DUPLA LARANJA - Lovme","og_description":"CALEXOTICS - ALPHA ANEL DE BOLA DUPLA LARANJA","og_url":"https:\/\/lovme.pt\/index.php\/produto\/calexotics-alpha-anel-de-bola-dupla-laranja\/","og_site_name":"Lovme","article_modified_time":"2026-02-19T20:06:58+00:00","og_image":[{"width":800,"height":800,"url":"https:\/\/erki24nd3ub.exactdn.com\/wp-content\/uploads\/dream\/img\/img_172026_3f5a2001a7bf9eb5e6eb12ae5b995da2_1.jpg?strip=all","type":"image\/jpeg"}],"twitter_card":"summary_large_image","twitter_misc":{"Tempo estimado de leitura":"1 minuto"},"schema":{"@context":"https:\/\/schema.org","@graph":[{"@type":"WebPage","@id":"https:\/\/lovme.pt\/index.php\/produto\/calexotics-alpha-anel-de-bola-dupla-laranja\/","url":"https:\/\/lovme.pt\/index.php\/produto\/calexotics-alpha-anel-de-bola-dupla-laranja\/","name":"CALEXOTICS - ALPHA ANEL DE BOLA DUPLA LARANJA - Lovme","isPartOf":{"@id":"https:\/\/lovme.pt\/#website"},"primaryImageOfPage":{"@id":"https:\/\/lovme.pt\/index.php\/produto\/calexotics-alpha-anel-de-bola-dupla-laranja\/#primaryimage"},"image":{"@id":"https:\/\/lovme.pt\/index.php\/produto\/calexotics-alpha-anel-de-bola-dupla-laranja\/#primaryimage"},"thumbnailUrl":"https:\/\/erki24nd3ub.exactdn.com\/wp-content\/uploads\/dream\/img\/img_172026_3f5a2001a7bf9eb5e6eb12ae5b995da2_1.jpg?strip=all","datePublished":"2025-09-30T10:13:19+00:00","dateModified":"2026-02-19T20:06:58+00:00","breadcrumb":{"@id":"https:\/\/lovme.pt\/index.php\/produto\/calexotics-alpha-anel-de-bola-dupla-laranja\/#breadcrumb"},"inLanguage":"pt-PT","potentialAction":[{"@type":"ReadAction","target":["https:\/\/lovme.pt\/index.php\/produto\/calexotics-alpha-anel-de-bola-dupla-laranja\/"]}]},{"@type":"ImageObject","inLanguage":"pt-PT","@id":"https:\/\/lovme.pt\/index.php\/produto\/calexotics-alpha-anel-de-bola-dupla-laranja\/#primaryimage","url":"https:\/\/erki24nd3ub.exactdn.com\/wp-content\/uploads\/dream\/img\/img_172026_3f5a2001a7bf9eb5e6eb12ae5b995da2_1.jpg?strip=all","contentUrl":"https:\/\/erki24nd3ub.exactdn.com\/wp-content\/uploads\/dream\/img\/img_172026_3f5a2001a7bf9eb5e6eb12ae5b995da2_1.jpg?strip=all","width":800,"height":800},{"@type":"BreadcrumbList","@id":"https:\/\/lovme.pt\/index.php\/produto\/calexotics-alpha-anel-de-bola-dupla-laranja\/#breadcrumb","itemListElement":[{"@type":"ListItem","position":1,"name":"In\u00edcio","item":"https:\/\/lovme.pt\/"},{"@type":"ListItem","position":2,"name":"Loja","item":"https:\/\/lovme.pt\/index.php\/loja\/"},{"@type":"ListItem","position":3,"name":"CALEXOTICS &#8211; ALPHA ANEL DE BOLA DUPLA LARANJA"}]},{"@type":"WebSite","@id":"https:\/\/lovme.pt\/#website","url":"https:\/\/lovme.pt\/","name":"Lovme Loja Er\u00f3tica N\u00ba1 em Portugal","description":"A melhor loja er\u00f3tica de Portugal.","alternateName":"Loja Er\u00f3tica Lovme","potentialAction":[{"@type":"SearchAction","target":{"@type":"EntryPoint","urlTemplate":"https:\/\/lovme.pt\/?s={search_term_string}"},"query-input":{"@type":"PropertyValueSpecification","valueRequired":true,"valueName":"search_term_string"}}],"inLanguage":"pt-PT"}]}},"_links":{"self":[{"href":"https:\/\/lovme.pt\/index.php\/wp-json\/wp\/v2\/product\/47727","targetHints":{"allow":["GET"]}}],"collection":[{"href":"https:\/\/lovme.pt\/index.php\/wp-json\/wp\/v2\/product"}],"about":[{"href":"https:\/\/lovme.pt\/index.php\/wp-json\/wp\/v2\/types\/product"}],"wp:featuredmedia":[{"embeddable":true,"href":"https:\/\/lovme.pt\/index.php\/wp-json\/wp\/v2\/media\/64255"}],"wp:attachment":[{"href":"https:\/\/lovme.pt\/index.php\/wp-json\/wp\/v2\/media?parent=47727"}],"wp:term":[{"taxonomy":"product_brand","embeddable":true,"href":"https:\/\/lovme.pt\/index.php\/wp-json\/wp\/v2\/product_brand?post=47727"},{"taxonomy":"product_cat","embeddable":true,"href":"https:\/\/lovme.pt\/index.php\/wp-json\/wp\/v2\/product_cat?post=47727"},{"taxonomy":"product_tag","embeddable":true,"href":"https:\/\/lovme.pt\/index.php\/wp-json\/wp\/v2\/product_tag?post=47727"}],"curies":[{"name":"wp","href":"https:\/\/api.w.org\/{rel}","templated":true}]}}