{"id":47610,"date":"2025-09-30T20:48:23","date_gmt":"2025-09-30T20:48:23","guid":{"rendered":"https:\/\/lovme.pt\/?post_type=product&p=47610"},"modified":"2026-02-19T20:08:59","modified_gmt":"2026-02-19T20:08:59","slug":"pretty-love-massager-7-modos-de-vibrao-rosa","status":"publish","type":"product","link":"https:\/\/lovme.pt\/index.php\/produto\/pretty-love-massager-7-modos-de-vibrao-rosa\/","title":{"rendered":"PRETTY LOVE &#8211; MASSAGER 7 MODOS DE VIBRAO ROSA"},"content":{"rendered":"<p>Este ador\u00e1vel massageador possui um motor superpotente para as melhores vibra\u00e7\u00f5es. Com sua cabe\u00e7a grande e redonda, o massageador pode ser usado para qualquer coisa.<\/p>\n<p>Este massageador possui 5 velocidades e 7 configura\u00e7\u00f5es de vibra\u00e7\u00e3o, que s\u00e3o operadas com os bot\u00f5es da al\u00e7a.<\/p>\n<p>Mime-se com vibra\u00e7\u00f5es poderosas!<\/p>\n<ul>\n<li>7 padr\u00f5es de vibra\u00e7\u00e3o<\/li>\n<li>5 velocidades de vibra\u00e7\u00e3o<\/li>\n<li>Medidas: 29cm x 5,8cm<\/li>\n<li>Silicone supermacio<\/li>\n<li>Quieto<\/li>\n<li>USB recarreg\u00e1vel<\/li>\n<li>Cor: Rosa<\/li>\n<\/ul>\n<p>A Pretty Love fabrica produtos com alto padr\u00e3o de qualidade. Todos os produtos s\u00e3o projetados nos Estados Unidos e t\u00eam garantia de 1 ano contra defeitos t\u00e9cnicos. O prazer \u00e9 garantido!<\/p>\n","protected":false},"excerpt":{"rendered":"<p>PRETTY LOVE &#8211; MASSAGER 7 MODOS DE VIBRAO ROSA<\/p>\n","protected":false},"featured_media":72922,"template":"","meta":{"_acf_changed":false},"product_brand":[],"product_cat":[17,61],"product_tag":[],"class_list":{"0":"post-47610","1":"product","2":"type-product","3":"status-publish","4":"has-post-thumbnail","6":"product_cat-brinquedos-de-bem-estar-sexual","7":"product_cat-para-elas","8":"yith_product_brand-pretty-love","9":"yith_product_brand-pretty-lovepretty-love-smart","11":"first","12":"instock","13":"taxable","14":"shipping-taxable","15":"purchasable","16":"product-type-simple"},"acf":[],"yoast_head":"<!-- This site is optimized with the Yoast SEO plugin v27.4 - https:\/\/yoast.com\/product\/yoast-seo-wordpress\/ -->\n<title>PRETTY LOVE - MASSAGER 7 MODOS DE VIBRAO ROSA - Lovme<\/title>\n<meta name=\"robots\" content=\"index, follow, max-snippet:-1, max-image-preview:large, max-video-preview:-1\" \/>\n<link rel=\"canonical\" href=\"https:\/\/lovme.pt\/index.php\/produto\/pretty-love-massager-7-modos-de-vibrao-rosa\/\" \/>\n<meta property=\"og:locale\" content=\"pt_PT\" \/>\n<meta property=\"og:type\" content=\"article\" \/>\n<meta property=\"og:title\" content=\"PRETTY LOVE - MASSAGER 7 MODOS DE VIBRAO ROSA - Lovme\" \/>\n<meta property=\"og:description\" content=\"PRETTY LOVE - MASSAGER 7 MODOS DE VIBRAO ROSA\" \/>\n<meta property=\"og:url\" content=\"https:\/\/lovme.pt\/index.php\/produto\/pretty-love-massager-7-modos-de-vibrao-rosa\/\" \/>\n<meta property=\"og:site_name\" content=\"Lovme\" \/>\n<meta property=\"article:modified_time\" content=\"2026-02-19T20:08:59+00:00\" \/>\n<meta property=\"og:image\" content=\"https:\/\/erki24nd3ub.exactdn.com\/wp-content\/uploads\/dream\/img\/img_170611_fbafc9beb34d6fe1d6f9971b1d323dc3_1.jpg?strip=all\" \/>\n\t<meta property=\"og:image:width\" content=\"800\" \/>\n\t<meta property=\"og:image:height\" content=\"800\" \/>\n\t<meta property=\"og:image:type\" content=\"image\/jpeg\" \/>\n<meta name=\"twitter:card\" content=\"summary_large_image\" \/>\n<meta name=\"twitter:label1\" content=\"Tempo estimado de leitura\" \/>\n\t<meta name=\"twitter:data1\" content=\"1 minuto\" \/>\n<script type=\"application\/ld+json\" class=\"yoast-schema-graph\">{\"@context\":\"https:\\\/\\\/schema.org\",\"@graph\":[{\"@type\":\"WebPage\",\"@id\":\"https:\\\/\\\/lovme.pt\\\/index.php\\\/produto\\\/pretty-love-massager-7-modos-de-vibrao-rosa\\\/\",\"url\":\"https:\\\/\\\/lovme.pt\\\/index.php\\\/produto\\\/pretty-love-massager-7-modos-de-vibrao-rosa\\\/\",\"name\":\"PRETTY LOVE - MASSAGER 7 MODOS DE VIBRAO ROSA - Lovme\",\"isPartOf\":{\"@id\":\"https:\\\/\\\/lovme.pt\\\/#website\"},\"primaryImageOfPage\":{\"@id\":\"https:\\\/\\\/lovme.pt\\\/index.php\\\/produto\\\/pretty-love-massager-7-modos-de-vibrao-rosa\\\/#primaryimage\"},\"image\":{\"@id\":\"https:\\\/\\\/lovme.pt\\\/index.php\\\/produto\\\/pretty-love-massager-7-modos-de-vibrao-rosa\\\/#primaryimage\"},\"thumbnailUrl\":\"https:\\\/\\\/erki24nd3ub.exactdn.com\\\/wp-content\\\/uploads\\\/dream\\\/img\\\/img_170611_fbafc9beb34d6fe1d6f9971b1d323dc3_1.jpg?strip=all\",\"datePublished\":\"2025-09-30T20:48:23+00:00\",\"dateModified\":\"2026-02-19T20:08:59+00:00\",\"breadcrumb\":{\"@id\":\"https:\\\/\\\/lovme.pt\\\/index.php\\\/produto\\\/pretty-love-massager-7-modos-de-vibrao-rosa\\\/#breadcrumb\"},\"inLanguage\":\"pt-PT\",\"potentialAction\":[{\"@type\":\"ReadAction\",\"target\":[\"https:\\\/\\\/lovme.pt\\\/index.php\\\/produto\\\/pretty-love-massager-7-modos-de-vibrao-rosa\\\/\"]}]},{\"@type\":\"ImageObject\",\"inLanguage\":\"pt-PT\",\"@id\":\"https:\\\/\\\/lovme.pt\\\/index.php\\\/produto\\\/pretty-love-massager-7-modos-de-vibrao-rosa\\\/#primaryimage\",\"url\":\"https:\\\/\\\/erki24nd3ub.exactdn.com\\\/wp-content\\\/uploads\\\/dream\\\/img\\\/img_170611_fbafc9beb34d6fe1d6f9971b1d323dc3_1.jpg?strip=all\",\"contentUrl\":\"https:\\\/\\\/erki24nd3ub.exactdn.com\\\/wp-content\\\/uploads\\\/dream\\\/img\\\/img_170611_fbafc9beb34d6fe1d6f9971b1d323dc3_1.jpg?strip=all\",\"width\":800,\"height\":800},{\"@type\":\"BreadcrumbList\",\"@id\":\"https:\\\/\\\/lovme.pt\\\/index.php\\\/produto\\\/pretty-love-massager-7-modos-de-vibrao-rosa\\\/#breadcrumb\",\"itemListElement\":[{\"@type\":\"ListItem\",\"position\":1,\"name\":\"In\u00edcio\",\"item\":\"https:\\\/\\\/lovme.pt\\\/\"},{\"@type\":\"ListItem\",\"position\":2,\"name\":\"Loja\",\"item\":\"https:\\\/\\\/lovme.pt\\\/index.php\\\/loja\\\/\"},{\"@type\":\"ListItem\",\"position\":3,\"name\":\"PRETTY LOVE &#8211; MASSAGER 7 MODOS DE VIBRAO ROSA\"}]},{\"@type\":\"WebSite\",\"@id\":\"https:\\\/\\\/lovme.pt\\\/#website\",\"url\":\"https:\\\/\\\/lovme.pt\\\/\",\"name\":\"Lovme Loja Er\u00f3tica N\u00ba1 em Portugal\",\"description\":\"A melhor loja er\u00f3tica de Portugal.\",\"alternateName\":\"Loja Er\u00f3tica Lovme\",\"potentialAction\":[{\"@type\":\"SearchAction\",\"target\":{\"@type\":\"EntryPoint\",\"urlTemplate\":\"https:\\\/\\\/lovme.pt\\\/?s={search_term_string}\"},\"query-input\":{\"@type\":\"PropertyValueSpecification\",\"valueRequired\":true,\"valueName\":\"search_term_string\"}}],\"inLanguage\":\"pt-PT\"}]}<\/script>\n<!-- \/ Yoast SEO plugin. -->","yoast_head_json":{"title":"PRETTY LOVE - MASSAGER 7 MODOS DE VIBRAO ROSA - Lovme","robots":{"index":"index","follow":"follow","max-snippet":"max-snippet:-1","max-image-preview":"max-image-preview:large","max-video-preview":"max-video-preview:-1"},"canonical":"https:\/\/lovme.pt\/index.php\/produto\/pretty-love-massager-7-modos-de-vibrao-rosa\/","og_locale":"pt_PT","og_type":"article","og_title":"PRETTY LOVE - MASSAGER 7 MODOS DE VIBRAO ROSA - Lovme","og_description":"PRETTY LOVE - MASSAGER 7 MODOS DE VIBRAO ROSA","og_url":"https:\/\/lovme.pt\/index.php\/produto\/pretty-love-massager-7-modos-de-vibrao-rosa\/","og_site_name":"Lovme","article_modified_time":"2026-02-19T20:08:59+00:00","og_image":[{"width":800,"height":800,"url":"https:\/\/erki24nd3ub.exactdn.com\/wp-content\/uploads\/dream\/img\/img_170611_fbafc9beb34d6fe1d6f9971b1d323dc3_1.jpg?strip=all","type":"image\/jpeg"}],"twitter_card":"summary_large_image","twitter_misc":{"Tempo estimado de leitura":"1 minuto"},"schema":{"@context":"https:\/\/schema.org","@graph":[{"@type":"WebPage","@id":"https:\/\/lovme.pt\/index.php\/produto\/pretty-love-massager-7-modos-de-vibrao-rosa\/","url":"https:\/\/lovme.pt\/index.php\/produto\/pretty-love-massager-7-modos-de-vibrao-rosa\/","name":"PRETTY LOVE - MASSAGER 7 MODOS DE VIBRAO ROSA - Lovme","isPartOf":{"@id":"https:\/\/lovme.pt\/#website"},"primaryImageOfPage":{"@id":"https:\/\/lovme.pt\/index.php\/produto\/pretty-love-massager-7-modos-de-vibrao-rosa\/#primaryimage"},"image":{"@id":"https:\/\/lovme.pt\/index.php\/produto\/pretty-love-massager-7-modos-de-vibrao-rosa\/#primaryimage"},"thumbnailUrl":"https:\/\/erki24nd3ub.exactdn.com\/wp-content\/uploads\/dream\/img\/img_170611_fbafc9beb34d6fe1d6f9971b1d323dc3_1.jpg?strip=all","datePublished":"2025-09-30T20:48:23+00:00","dateModified":"2026-02-19T20:08:59+00:00","breadcrumb":{"@id":"https:\/\/lovme.pt\/index.php\/produto\/pretty-love-massager-7-modos-de-vibrao-rosa\/#breadcrumb"},"inLanguage":"pt-PT","potentialAction":[{"@type":"ReadAction","target":["https:\/\/lovme.pt\/index.php\/produto\/pretty-love-massager-7-modos-de-vibrao-rosa\/"]}]},{"@type":"ImageObject","inLanguage":"pt-PT","@id":"https:\/\/lovme.pt\/index.php\/produto\/pretty-love-massager-7-modos-de-vibrao-rosa\/#primaryimage","url":"https:\/\/erki24nd3ub.exactdn.com\/wp-content\/uploads\/dream\/img\/img_170611_fbafc9beb34d6fe1d6f9971b1d323dc3_1.jpg?strip=all","contentUrl":"https:\/\/erki24nd3ub.exactdn.com\/wp-content\/uploads\/dream\/img\/img_170611_fbafc9beb34d6fe1d6f9971b1d323dc3_1.jpg?strip=all","width":800,"height":800},{"@type":"BreadcrumbList","@id":"https:\/\/lovme.pt\/index.php\/produto\/pretty-love-massager-7-modos-de-vibrao-rosa\/#breadcrumb","itemListElement":[{"@type":"ListItem","position":1,"name":"In\u00edcio","item":"https:\/\/lovme.pt\/"},{"@type":"ListItem","position":2,"name":"Loja","item":"https:\/\/lovme.pt\/index.php\/loja\/"},{"@type":"ListItem","position":3,"name":"PRETTY LOVE &#8211; MASSAGER 7 MODOS DE VIBRAO ROSA"}]},{"@type":"WebSite","@id":"https:\/\/lovme.pt\/#website","url":"https:\/\/lovme.pt\/","name":"Lovme Loja Er\u00f3tica N\u00ba1 em Portugal","description":"A melhor loja er\u00f3tica de Portugal.","alternateName":"Loja Er\u00f3tica Lovme","potentialAction":[{"@type":"SearchAction","target":{"@type":"EntryPoint","urlTemplate":"https:\/\/lovme.pt\/?s={search_term_string}"},"query-input":{"@type":"PropertyValueSpecification","valueRequired":true,"valueName":"search_term_string"}}],"inLanguage":"pt-PT"}]}},"_links":{"self":[{"href":"https:\/\/lovme.pt\/index.php\/wp-json\/wp\/v2\/product\/47610","targetHints":{"allow":["GET"]}}],"collection":[{"href":"https:\/\/lovme.pt\/index.php\/wp-json\/wp\/v2\/product"}],"about":[{"href":"https:\/\/lovme.pt\/index.php\/wp-json\/wp\/v2\/types\/product"}],"wp:featuredmedia":[{"embeddable":true,"href":"https:\/\/lovme.pt\/index.php\/wp-json\/wp\/v2\/media\/72922"}],"wp:attachment":[{"href":"https:\/\/lovme.pt\/index.php\/wp-json\/wp\/v2\/media?parent=47610"}],"wp:term":[{"taxonomy":"product_brand","embeddable":true,"href":"https:\/\/lovme.pt\/index.php\/wp-json\/wp\/v2\/product_brand?post=47610"},{"taxonomy":"product_cat","embeddable":true,"href":"https:\/\/lovme.pt\/index.php\/wp-json\/wp\/v2\/product_cat?post=47610"},{"taxonomy":"product_tag","embeddable":true,"href":"https:\/\/lovme.pt\/index.php\/wp-json\/wp\/v2\/product_tag?post=47610"}],"curies":[{"name":"wp","href":"https:\/\/api.w.org\/{rel}","templated":true}]}}