{"id":47566,"date":"2025-10-01T00:24:41","date_gmt":"2025-10-01T00:24:41","guid":{"rendered":"https:\/\/lovme.pt\/?post_type=product&p=47566"},"modified":"2026-02-19T20:15:21","modified_gmt":"2026-02-19T20:15:21","slug":"livco-corsetti-fashion-circulo-nipple-covers-lc11019-modelo-16-tamanho-unico","status":"publish","type":"product","link":"https:\/\/lovme.pt\/index.php\/produto\/livco-corsetti-fashion-circulo-nipple-covers-lc11019-modelo-16-tamanho-unico\/","title":{"rendered":"LIVCO CORSETTI FASHION &#8211; C\u00cdRCULO NIPPLE COVERS LC11019 MODELO 16 TAMANHO \u00daNICO"},"content":{"rendered":"<p>Capas para mamilos circulares LC11019 Modelo 16<\/p>\n<p>\u00a0<\/p>\n<p><u><strong>LIVCO CORSETTI FASHION<\/strong><\/u><\/p>\n<p>Bem-vindo ao mundo da eleg\u00e2ncia e sensualidade perfeita com <strong>Livco Corsetti Fashion,<\/strong> uma marca de lenceria que n\u00e3o s\u00f3 real\u00e7a a beleza da figura feminina, mas tamb\u00e9m define uma nova dimens\u00e3o de luxo. Vemos juntos por que a roupa de interior <strong>Livco Corsetti Fashion<\/strong> \u00e9 sin\u00f4nimo de exclusividade.<\/p>\n<ul>\n<li><em><strong>Precis\u00e3o magistral<\/strong><\/em> : Cada pe\u00e7a da roupa interior <strong>Livco Corsetti Fashion<\/strong> \u00e9 o resultado de uma precis\u00e3o magistral. Cada costura, encaixe e detalhe s\u00e3o cuidadosamente projetados para garantir um ajuste perfeito e confort\u00e1vel.<\/li>\n<li><em><strong>Materiais luxuosos:<\/strong><\/em> a marca \u00e9 famosa por usar materiais luxuosos como delicados encajes e cetim. N\u00e3o \u00e9 apenas uma roupa interior, \u00e9 uma sensa\u00e7\u00e3o de suavidade e coloca\u00e7\u00e3o na pele.<\/li>\n<li><em><strong>Formas e padr\u00f5es inovadores:<\/strong><\/em> <strong>Livco Corsetti Fashion<\/strong> n\u00e3o tem medo de experimentar formas e padr\u00f5es. Aqui voc\u00ea encontra sujetadores, corpos de encaje e conjuntos com cortes inovadores que real\u00e7ar\u00e3o a individualidade de cada mulher.<\/li>\n<li><em><strong>Cole\u00e7\u00f5es sensuais para cada ocasi\u00e3o:<\/strong><\/em> Se voc\u00ea est\u00e1 procurando lencer\u00eda para uma noite rom\u00e2ntica ou um conjunto elegante para uma ocasi\u00e3o especial, <strong>Livco Corsetti Fashion<\/strong> tem cole\u00e7\u00f5es sensuais que se adaptam a diferentes estilos e gostos.<\/li>\n<li><em><strong>Riqueza de cores e cores:<\/strong><\/em> deixe que seu interior da roupa reflita sua personalidade. <strong>Livco Corsetti Fashion<\/strong> oferece uma grande variedade de cores e matizes, permitindo-lhe encontrar o conjunto perfeito para cada situa\u00e7\u00e3o.<\/li>\n<\/ul>\n<p>Junto com a <strong>Livco Corsetti Fashion<\/strong> , ingresa ao mundo da roupa interior feminina exclusiva, onde a beleza se combina com a comodidade e cada detalhe faz com que cada mulher se sinta \u00fanica. V\u00e1 al\u00e9m dos limites da roupa interior comum e descubra a perfei\u00e7\u00e3o em cada detalhe!<\/p>\n<p>Ao entrar no mundo da <strong>Livco Corsetti Fashion<\/strong> , voc\u00ea se juntar\u00e1 ao pa\u00eds da roupa interior feminina \u00fanica e sexy, onde cada detalhe evoca emo\u00e7\u00f5es e convida voc\u00ea a explorar a sensualidade. Descubra a diversidade da oferta, que inclui sujetadores, bralettes, medias, cors\u00e9s, bodis, camisolas e babydolls, abrindo a porta para experi\u00eancias extraordin\u00e1rias.<\/p>\n<ul>\n<li><em><strong>Sujetadores:<\/strong><\/em> Projetados com perfei\u00e7\u00e3o. Dale a suas curvas a defini\u00e7\u00e3o adequada com os sujetadores <strong>Livco Corsetti Fashion.<\/strong> Aqui voc\u00ea encontra uma variedade de formas, desde os cl\u00e1ssicos push-up at\u00e9 modelos mais sensuais e experimentais.<\/li>\n<li><em><strong>Bralettes:<\/strong><\/em> comodidade e sensualidade em um s\u00f3. Los bralettes s\u00e3o a quinta ess\u00eancia da eleg\u00e2ncia informal e oferecem comodidade e um encanto sutil. <strong>Livco Corsetti Fashion<\/strong> apresenta bralettes que combinam essas caracter\u00edsticas \u00e0 perfei\u00e7\u00e3o.<\/li>\n<li><em><strong>M\u00eddias:<\/strong><\/em> Adicione um elemento de extravag\u00e2ncia <strong>Livco Corsetti.<\/strong> As m\u00eddias de moda n\u00e3o s\u00e3o apenas um elemento pr\u00e1tico, mas tamb\u00e9m pura extravag\u00e2ncia. Adicione um encanto e eleg\u00e2ncia ineg\u00e1veis a qualquer conjunto de roupa interior.<\/li>\n<li><em><strong>Cors\u00e9s:<\/strong><\/em> Moldea tu figura Los cors\u00e9s s\u00e3o um cl\u00e1ssico que sempre cria um efeito fenomenal. Descubra a cole\u00e7\u00e3o de cors\u00e9s que moldam sua figura, enfatizando as curvas e voc\u00ea confia em voc\u00ea mesmo.<\/li>\n<li><em><strong>Corpo:<\/strong><\/em> Todo Sensual em Um. Los bodys Sensual s\u00e3o a escolha perfeita para quem deseja combinar eleg\u00e2ncia com praticidade. <strong>Livco Corsetti Fashion<\/strong> oferece uma variedade de estilos, satisfazendo diferentes gostos.<\/li>\n<li><em><strong>Camisolas e Babydolls:<\/strong><\/em> Ropa de dormir rom\u00e2ntica. Para os amantes do romance, a cole\u00e7\u00e3o de camisolas e babydolls est\u00e1 repleta de cria\u00e7\u00f5es leves, arejadas e sensuais que far\u00e3o com que cada noite seja especial.<\/li>\n<\/ul>\n<p><strong>Livco Corsetti Fashion<\/strong> n\u00e3o \u00e9 apenas uma roupa de interior, \u00e9 uma forma de expressar seu lado sensual e descobrir novas dimens\u00f5es de eleg\u00e2ncia feminina. Experimente experi\u00eancias \u00fanicas com cada compra e deixe que cada pe\u00e7a de roupa interior <strong>Livco Corsetti Fashion<\/strong> enfatize sua singularidade.<\/p>\n<p>\u00a0<\/p>\n<table border=\"1\" cellpadding=\"0\" cellspacing=\"0\" width=\"832\">\n<tbody>\n<tr height=\"23\" style=\"border: 1px solid black;\">\n<td class=\"xl72\" colspan=\"9\" height=\"23\" style=\"text-align: center; border: 1px solid black;\" width=\"832\"><b style=\"text-align: center;\">TABELA DE TAMANHOS<\/b><\/td>\n<\/tr>\n<tr height=\"23\" style=\"border: 1px solid black;\">\n<td class=\"xl73\" colspan=\"2\" height=\"23\" style=\"text-align: center; border: 1px solid black;\"><b style=\"text-align: center;\">TAMANHOS<\/b><\/td>\n<td class=\"xl71\" style=\"text-align: center; border: 1px solid black;\" width=\"104\"><strong>S<\/strong><\/td>\n<td class=\"xl71\" style=\"text-align: center; border: 1px solid black;\" width=\"104\"><strong>M<\/strong><\/td>\n<td class=\"xl71\" style=\"text-align: center; border: 1px solid black;\" width=\"104\"><strong>L<\/strong><\/td>\n<td class=\"xl71\" style=\"text-align: center; border: 1px solid black;\" width=\"104\"><strong>XL<\/strong><\/td>\n<td class=\"xl71\" style=\"text-align: center; border: 1px solid black;\" width=\"104\"><strong>XXL<\/strong><\/td>\n<td class=\"xl71\" style=\"text-align: center; border: 1px solid black;\" width=\"104\"><strong>S\/L\u00a0 \u00a0 XL\/XXL<\/strong><\/td>\n<td class=\"xl71\" style=\"text-align: center; border: 1px solid black;\" width=\"104\"><strong>S\/M\u00a0 \u00a0 L\/XL<\/strong><\/td>\n<\/tr>\n<tr>\n<td class=\"xl74\" colspan=\"2\" height=\"23\" style=\"text-align: center; border: 1px solid black;\" width=\"208\"><strong style=\"text-align: center;\">Busto\u00a0<\/strong><strong>(cm)<\/strong><\/td>\n<td class=\"xl72\" style=\"text-align: center; border: 1px solid black;\" width=\"104\">84-88<\/td>\n<td class=\"xl72\" style=\"text-align: center; border: 1px solid black;\" width=\"104\">89-92<\/td>\n<td class=\"xl71\" style=\"text-align: center; border: 1px solid black;\" width=\"104\">93-96<\/td>\n<td class=\"xl71\" style=\"text-align: center; border: 1px solid black;\" width=\"104\">97-100<\/td>\n<td class=\"xl71\" style=\"text-align: center; border: 1px solid black;\" width=\"104\">101-104<\/td>\n<td class=\"xl71\" style=\"text-align: center; border: 1px solid black;\" width=\"104\">84-96  97-104<\/td>\n<td class=\"xl71\" style=\"text-align: center; border: 1px solid black;\" width=\"104\">84-92  93-100<\/td>\n<\/tr>\n<tr height=\"23\" style=\"border: 1px solid black;\">\n<td class=\"xl74\" colspan=\"2\" height=\"23\" style=\"text-align: center; border: 1px solid black;\" width=\"208\"><strong style=\"text-align: center;\">Cintura\u00a0<\/strong><strong>(cm)<\/strong><\/td>\n<td class=\"xl72\" style=\"text-align: center; border: 1px solid black;\" width=\"104\">62-68<\/td>\n<td class=\"xl72\" style=\"text-align: center; border: 1px solid black;\" width=\"104\">69-74<\/td>\n<td class=\"xl71\" style=\"text-align: center; border: 1px solid black;\" width=\"104\">75-78<\/td>\n<td class=\"xl71\" style=\"text-align: center; border: 1px solid black;\" width=\"104\">79-82<\/td>\n<td class=\"xl71\" style=\"text-align: center; border: 1px solid black;\" width=\"104\">83-90<\/td>\n<td class=\"xl71\" style=\"text-align: center; border: 1px solid black;\" width=\"104\">62-78\u00a0 \u00a0 79-88<\/td>\n<td class=\"xl71\" style=\"text-align: center; border: 1px solid black;\" width=\"104\">62-74\u00a0 \u00a0 75-82<\/td>\n<\/tr>\n<tr height=\"23\" style=\"border: 1px solid black;\">\n<td class=\"xl74\" colspan=\"2\" height=\"23\" style=\"text-align: center; border: 1px solid black;\" width=\"208\"><strong style=\"text-align: center;\">Quadril\u00a0<\/strong><strong>(cm)<\/strong><\/td>\n<td class=\"xl72\" style=\"text-align: center; border: 1px solid black;\" width=\"104\">88-93<\/td>\n<td class=\"xl72\" style=\"text-align: center; border: 1px solid black;\" width=\"104\">94-98<\/td>\n<td class=\"xl71\" style=\"text-align: center; border: 1px solid black;\" width=\"104\">99-104<\/td>\n<td class=\"xl71\" style=\"text-align: center; border: 1px solid black;\" width=\"104\">105-109<\/td>\n<td class=\"xl71\" style=\"text-align: center; border: 1px solid black;\" width=\"104\">110-117<\/td>\n<td class=\"xl71\" style=\"text-align: center; border: 1px solid black;\" width=\"104\">88-104  105-117<\/td>\n<td class=\"xl71\" style=\"text-align: center; border: 1px solid black;\" width=\"104\">88-98\u00a0 \u00a0 99-109<\/td>\n<\/tr>\n<\/tbody>\n<\/table>\n","protected":false},"excerpt":{"rendered":"<p>LIVCO CORSETTI FASHION &#8211; C\u00cdRCULO NIPPLE COVERS LC11019 MODELO 16 TAMANHO \u00daNICO<\/p>\n","protected":false},"featured_media":87524,"template":"","meta":{"_acf_changed":false},"product_brand":[],"product_cat":[50,47,66,115],"product_tag":[],"class_list":{"0":"post-47566","1":"product","2":"type-product","3":"status-publish","4":"has-post-thumbnail","6":"product_cat-complementos-e-acessorios","7":"product_cat-lingerie","8":"product_cat-lingerie-feminina","9":"product_cat-ofertas","10":"yith_product_brand-livco-corsetti-fashionlivco-corsetti-accesories","11":"yith_product_brand-livco-corsetti-fashion","13":"first","14":"instock","15":"taxable","16":"shipping-taxable","17":"purchasable","18":"product-type-simple"},"acf":[],"yoast_head":"<!-- This site is optimized with the Yoast SEO plugin v27.3 - https:\/\/yoast.com\/product\/yoast-seo-wordpress\/ -->\n<title>LIVCO CORSETTI FASHION - C\u00cdRCULO NIPPLE COVERS LC11019 MODELO 16 TAMANHO \u00daNICO - Lovme<\/title>\n<meta name=\"robots\" content=\"index, follow, max-snippet:-1, max-image-preview:large, max-video-preview:-1\" \/>\n<link rel=\"canonical\" href=\"https:\/\/lovme.pt\/index.php\/produto\/livco-corsetti-fashion-circulo-nipple-covers-lc11019-modelo-16-tamanho-unico\/\" \/>\n<meta property=\"og:locale\" content=\"pt_PT\" \/>\n<meta property=\"og:type\" content=\"article\" \/>\n<meta property=\"og:title\" content=\"LIVCO CORSETTI FASHION - C\u00cdRCULO NIPPLE COVERS LC11019 MODELO 16 TAMANHO \u00daNICO - Lovme\" \/>\n<meta property=\"og:description\" content=\"LIVCO CORSETTI FASHION - C\u00cdRCULO NIPPLE COVERS LC11019 MODELO 16 TAMANHO \u00daNICO\" \/>\n<meta property=\"og:url\" content=\"https:\/\/lovme.pt\/index.php\/produto\/livco-corsetti-fashion-circulo-nipple-covers-lc11019-modelo-16-tamanho-unico\/\" \/>\n<meta property=\"og:site_name\" content=\"Lovme\" \/>\n<meta property=\"article:modified_time\" content=\"2026-02-19T20:15:21+00:00\" \/>\n<meta property=\"og:image\" content=\"https:\/\/erki24nd3ub.exactdn.com\/wp-content\/uploads\/dream\/img\/img_171624_731920130e5a43a62f66c5c58d347213_1.jpg?strip=all\" \/>\n\t<meta property=\"og:image:width\" content=\"800\" \/>\n\t<meta property=\"og:image:height\" content=\"800\" \/>\n\t<meta property=\"og:image:type\" content=\"image\/jpeg\" \/>\n<meta name=\"twitter:card\" content=\"summary_large_image\" \/>\n<meta name=\"twitter:label1\" content=\"Tempo estimado de leitura\" \/>\n\t<meta name=\"twitter:data1\" content=\"3 minutos\" \/>\n<script type=\"application\/ld+json\" class=\"yoast-schema-graph\">{\"@context\":\"https:\\\/\\\/schema.org\",\"@graph\":[{\"@type\":\"WebPage\",\"@id\":\"https:\\\/\\\/lovme.pt\\\/index.php\\\/produto\\\/livco-corsetti-fashion-circulo-nipple-covers-lc11019-modelo-16-tamanho-unico\\\/\",\"url\":\"https:\\\/\\\/lovme.pt\\\/index.php\\\/produto\\\/livco-corsetti-fashion-circulo-nipple-covers-lc11019-modelo-16-tamanho-unico\\\/\",\"name\":\"LIVCO CORSETTI FASHION - C\u00cdRCULO NIPPLE COVERS LC11019 MODELO 16 TAMANHO \u00daNICO - Lovme\",\"isPartOf\":{\"@id\":\"https:\\\/\\\/lovme.pt\\\/#website\"},\"primaryImageOfPage\":{\"@id\":\"https:\\\/\\\/lovme.pt\\\/index.php\\\/produto\\\/livco-corsetti-fashion-circulo-nipple-covers-lc11019-modelo-16-tamanho-unico\\\/#primaryimage\"},\"image\":{\"@id\":\"https:\\\/\\\/lovme.pt\\\/index.php\\\/produto\\\/livco-corsetti-fashion-circulo-nipple-covers-lc11019-modelo-16-tamanho-unico\\\/#primaryimage\"},\"thumbnailUrl\":\"https:\\\/\\\/erki24nd3ub.exactdn.com\\\/wp-content\\\/uploads\\\/dream\\\/img\\\/img_171624_731920130e5a43a62f66c5c58d347213_1.jpg?strip=all\",\"datePublished\":\"2025-10-01T00:24:41+00:00\",\"dateModified\":\"2026-02-19T20:15:21+00:00\",\"breadcrumb\":{\"@id\":\"https:\\\/\\\/lovme.pt\\\/index.php\\\/produto\\\/livco-corsetti-fashion-circulo-nipple-covers-lc11019-modelo-16-tamanho-unico\\\/#breadcrumb\"},\"inLanguage\":\"pt-PT\",\"potentialAction\":[{\"@type\":\"ReadAction\",\"target\":[\"https:\\\/\\\/lovme.pt\\\/index.php\\\/produto\\\/livco-corsetti-fashion-circulo-nipple-covers-lc11019-modelo-16-tamanho-unico\\\/\"]}]},{\"@type\":\"ImageObject\",\"inLanguage\":\"pt-PT\",\"@id\":\"https:\\\/\\\/lovme.pt\\\/index.php\\\/produto\\\/livco-corsetti-fashion-circulo-nipple-covers-lc11019-modelo-16-tamanho-unico\\\/#primaryimage\",\"url\":\"https:\\\/\\\/erki24nd3ub.exactdn.com\\\/wp-content\\\/uploads\\\/dream\\\/img\\\/img_171624_731920130e5a43a62f66c5c58d347213_1.jpg?strip=all\",\"contentUrl\":\"https:\\\/\\\/erki24nd3ub.exactdn.com\\\/wp-content\\\/uploads\\\/dream\\\/img\\\/img_171624_731920130e5a43a62f66c5c58d347213_1.jpg?strip=all\",\"width\":800,\"height\":800},{\"@type\":\"BreadcrumbList\",\"@id\":\"https:\\\/\\\/lovme.pt\\\/index.php\\\/produto\\\/livco-corsetti-fashion-circulo-nipple-covers-lc11019-modelo-16-tamanho-unico\\\/#breadcrumb\",\"itemListElement\":[{\"@type\":\"ListItem\",\"position\":1,\"name\":\"In\u00edcio\",\"item\":\"https:\\\/\\\/lovme.pt\\\/\"},{\"@type\":\"ListItem\",\"position\":2,\"name\":\"Loja\",\"item\":\"https:\\\/\\\/lovme.pt\\\/index.php\\\/loja\\\/\"},{\"@type\":\"ListItem\",\"position\":3,\"name\":\"LIVCO CORSETTI FASHION &#8211; C\u00cdRCULO NIPPLE COVERS LC11019 MODELO 16 TAMANHO \u00daNICO\"}]},{\"@type\":\"WebSite\",\"@id\":\"https:\\\/\\\/lovme.pt\\\/#website\",\"url\":\"https:\\\/\\\/lovme.pt\\\/\",\"name\":\"Lovme Loja Er\u00f3tica N\u00ba1 em Portugal\",\"description\":\"A melhor loja er\u00f3tica de Portugal.\",\"alternateName\":\"Loja Er\u00f3tica Lovme\",\"potentialAction\":[{\"@type\":\"SearchAction\",\"target\":{\"@type\":\"EntryPoint\",\"urlTemplate\":\"https:\\\/\\\/lovme.pt\\\/?s={search_term_string}\"},\"query-input\":{\"@type\":\"PropertyValueSpecification\",\"valueRequired\":true,\"valueName\":\"search_term_string\"}}],\"inLanguage\":\"pt-PT\"}]}<\/script>\n<!-- \/ Yoast SEO plugin. -->","yoast_head_json":{"title":"LIVCO CORSETTI FASHION - C\u00cdRCULO NIPPLE COVERS LC11019 MODELO 16 TAMANHO \u00daNICO - Lovme","robots":{"index":"index","follow":"follow","max-snippet":"max-snippet:-1","max-image-preview":"max-image-preview:large","max-video-preview":"max-video-preview:-1"},"canonical":"https:\/\/lovme.pt\/index.php\/produto\/livco-corsetti-fashion-circulo-nipple-covers-lc11019-modelo-16-tamanho-unico\/","og_locale":"pt_PT","og_type":"article","og_title":"LIVCO CORSETTI FASHION - C\u00cdRCULO NIPPLE COVERS LC11019 MODELO 16 TAMANHO \u00daNICO - Lovme","og_description":"LIVCO CORSETTI FASHION - C\u00cdRCULO NIPPLE COVERS LC11019 MODELO 16 TAMANHO \u00daNICO","og_url":"https:\/\/lovme.pt\/index.php\/produto\/livco-corsetti-fashion-circulo-nipple-covers-lc11019-modelo-16-tamanho-unico\/","og_site_name":"Lovme","article_modified_time":"2026-02-19T20:15:21+00:00","og_image":[{"width":800,"height":800,"url":"https:\/\/erki24nd3ub.exactdn.com\/wp-content\/uploads\/dream\/img\/img_171624_731920130e5a43a62f66c5c58d347213_1.jpg?strip=all","type":"image\/jpeg"}],"twitter_card":"summary_large_image","twitter_misc":{"Tempo estimado de leitura":"3 minutos"},"schema":{"@context":"https:\/\/schema.org","@graph":[{"@type":"WebPage","@id":"https:\/\/lovme.pt\/index.php\/produto\/livco-corsetti-fashion-circulo-nipple-covers-lc11019-modelo-16-tamanho-unico\/","url":"https:\/\/lovme.pt\/index.php\/produto\/livco-corsetti-fashion-circulo-nipple-covers-lc11019-modelo-16-tamanho-unico\/","name":"LIVCO CORSETTI FASHION - C\u00cdRCULO NIPPLE COVERS LC11019 MODELO 16 TAMANHO \u00daNICO - Lovme","isPartOf":{"@id":"https:\/\/lovme.pt\/#website"},"primaryImageOfPage":{"@id":"https:\/\/lovme.pt\/index.php\/produto\/livco-corsetti-fashion-circulo-nipple-covers-lc11019-modelo-16-tamanho-unico\/#primaryimage"},"image":{"@id":"https:\/\/lovme.pt\/index.php\/produto\/livco-corsetti-fashion-circulo-nipple-covers-lc11019-modelo-16-tamanho-unico\/#primaryimage"},"thumbnailUrl":"https:\/\/erki24nd3ub.exactdn.com\/wp-content\/uploads\/dream\/img\/img_171624_731920130e5a43a62f66c5c58d347213_1.jpg?strip=all","datePublished":"2025-10-01T00:24:41+00:00","dateModified":"2026-02-19T20:15:21+00:00","breadcrumb":{"@id":"https:\/\/lovme.pt\/index.php\/produto\/livco-corsetti-fashion-circulo-nipple-covers-lc11019-modelo-16-tamanho-unico\/#breadcrumb"},"inLanguage":"pt-PT","potentialAction":[{"@type":"ReadAction","target":["https:\/\/lovme.pt\/index.php\/produto\/livco-corsetti-fashion-circulo-nipple-covers-lc11019-modelo-16-tamanho-unico\/"]}]},{"@type":"ImageObject","inLanguage":"pt-PT","@id":"https:\/\/lovme.pt\/index.php\/produto\/livco-corsetti-fashion-circulo-nipple-covers-lc11019-modelo-16-tamanho-unico\/#primaryimage","url":"https:\/\/erki24nd3ub.exactdn.com\/wp-content\/uploads\/dream\/img\/img_171624_731920130e5a43a62f66c5c58d347213_1.jpg?strip=all","contentUrl":"https:\/\/erki24nd3ub.exactdn.com\/wp-content\/uploads\/dream\/img\/img_171624_731920130e5a43a62f66c5c58d347213_1.jpg?strip=all","width":800,"height":800},{"@type":"BreadcrumbList","@id":"https:\/\/lovme.pt\/index.php\/produto\/livco-corsetti-fashion-circulo-nipple-covers-lc11019-modelo-16-tamanho-unico\/#breadcrumb","itemListElement":[{"@type":"ListItem","position":1,"name":"In\u00edcio","item":"https:\/\/lovme.pt\/"},{"@type":"ListItem","position":2,"name":"Loja","item":"https:\/\/lovme.pt\/index.php\/loja\/"},{"@type":"ListItem","position":3,"name":"LIVCO CORSETTI FASHION &#8211; C\u00cdRCULO NIPPLE COVERS LC11019 MODELO 16 TAMANHO \u00daNICO"}]},{"@type":"WebSite","@id":"https:\/\/lovme.pt\/#website","url":"https:\/\/lovme.pt\/","name":"Lovme Loja Er\u00f3tica N\u00ba1 em Portugal","description":"A melhor loja er\u00f3tica de Portugal.","alternateName":"Loja Er\u00f3tica Lovme","potentialAction":[{"@type":"SearchAction","target":{"@type":"EntryPoint","urlTemplate":"https:\/\/lovme.pt\/?s={search_term_string}"},"query-input":{"@type":"PropertyValueSpecification","valueRequired":true,"valueName":"search_term_string"}}],"inLanguage":"pt-PT"}]}},"_links":{"self":[{"href":"https:\/\/lovme.pt\/index.php\/wp-json\/wp\/v2\/product\/47566","targetHints":{"allow":["GET"]}}],"collection":[{"href":"https:\/\/lovme.pt\/index.php\/wp-json\/wp\/v2\/product"}],"about":[{"href":"https:\/\/lovme.pt\/index.php\/wp-json\/wp\/v2\/types\/product"}],"wp:featuredmedia":[{"embeddable":true,"href":"https:\/\/lovme.pt\/index.php\/wp-json\/wp\/v2\/media\/87524"}],"wp:attachment":[{"href":"https:\/\/lovme.pt\/index.php\/wp-json\/wp\/v2\/media?parent=47566"}],"wp:term":[{"taxonomy":"product_brand","embeddable":true,"href":"https:\/\/lovme.pt\/index.php\/wp-json\/wp\/v2\/product_brand?post=47566"},{"taxonomy":"product_cat","embeddable":true,"href":"https:\/\/lovme.pt\/index.php\/wp-json\/wp\/v2\/product_cat?post=47566"},{"taxonomy":"product_tag","embeddable":true,"href":"https:\/\/lovme.pt\/index.php\/wp-json\/wp\/v2\/product_tag?post=47566"}],"curies":[{"name":"wp","href":"https:\/\/api.w.org\/{rel}","templated":true}]}}