{"id":47560,"date":"2025-10-01T00:24:37","date_gmt":"2025-10-01T00:24:37","guid":{"rendered":"https:\/\/lovme.pt\/?post_type=product&#038;p=47560"},"modified":"2026-02-19T20:23:23","modified_gmt":"2026-02-19T20:23:23","slug":"livco-corsetti-fashion-patischia-lc90743-corpo-bege","status":"publish","type":"product","link":"https:\/\/lovme.pt\/index.php\/produto\/livco-corsetti-fashion-patischia-lc90743-corpo-bege\/","title":{"rendered":"LIVCO CORSETTI FASHION &#8211; PATISCHIA LC90743 BODY BEIGE"},"content":{"rendered":"<p>O body <strong>LivCo Corsetti Fashion<\/strong> \u00e9 uma pe\u00e7a bege e sensual que ir\u00e1 encantar qualquer homem. Eles tamb\u00e9m s\u00e3o decorados com um padr\u00e3o preto interessante e atraente. A combina\u00e7\u00e3o de cores fortemente contrastantes parece extremamente sensual e enfatiza a dignidade da figura. A estampa foi composta para destacar todos os pontos fortes da figura feminina, ou seja, cintura estreita, quadris largos e, claro, seios firmes. O body termina com gola alta, para n\u00e3o parecer vulgar. Voc\u00ea pode usar qualquer suti\u00e3 por baixo, sem se preocupar que alguma das al\u00e7as fique saliente acima do decote. \u00c9 fortemente cortado ao redor da virilha, revelando um pouco os ossos do quadril e emagrecendo e alongando opticamente as pernas. Por tr\u00e1s, revela as laterais das n\u00e1degas, mas n\u00e3o excessivamente. Gra\u00e7as a isso, n\u00e3o s\u00f3 parece atraente, mas tamb\u00e9m \u00e9 confort\u00e1vel de usar. Al\u00e9m disso, revela os ombros, podendo ser usado com um su\u00e9ter, jaqueta ou um roup\u00e3o sexy.<\/p>\n<\/p>\n<p> <u><strong>LIVCO CORSETTI FASHION<\/strong><\/u><\/p>\n<p> Bem-vindo ao mundo da eleg\u00e2ncia e sensualidade perfeita com <strong>Livco Corsetti Fashion,<\/strong> uma marca de lingerie que n\u00e3o s\u00f3 real\u00e7a a beleza da figura feminina, mas tamb\u00e9m define uma nova dimens\u00e3o de luxo. Vamos ver juntos porque a roupa \u00edntima <strong>Livco Corsetti Fashion<\/strong> \u00e9 sin\u00f4nimo de exclusividade.<\/p>\n<ul>\n<li> <em><strong>Precis\u00e3o magistral<\/strong><\/em> : Cada pe\u00e7a da roupa \u00edntima <strong>Livco Corsetti Fashion<\/strong> \u00e9 o resultado de uma precis\u00e3o magistral. Cada costura, renda e detalhe s\u00e3o feitos. Cuidadosamente projetado para garantir um ajuste perfeito e conforto.<\/li>\n<li> <em><strong>Materiais luxuosos:<\/strong><\/em> a marca \u00e9 famosa por utilizar materiais luxuosos como rendas delicadas e cetim. N\u00e3o \u00e9 s\u00f3 roupa \u00edntima, \u00e9 uma sensa\u00e7\u00e3o de maciez e prazer na pele.<\/li>\n<li> <em><strong>Formas e padr\u00f5es inovadores:<\/strong><\/em> <strong>Livco Corsetti Fashion<\/strong> n\u00e3o tem medo de experimentar formas e padr\u00f5es. aqui voc\u00ea encontra suti\u00e3s, bodys de renda e conjuntos com cortes inovadores que v\u00e3o real\u00e7ar a individualidade de cada mulher.<\/li>\n<li> <em><strong>Cole\u00e7\u00f5es sensuais para todas as ocasi\u00f5es:<\/strong><\/em> Quer voc\u00ea esteja procurando uma lingerie para uma noite rom\u00e2ntica ou um conjunto elegante para uma ocasi\u00e3o especial, a Livco Corsetti Fashion possui cole\u00e7\u00f5es sensuais que se adaptam a diferentes estilos e gostos.<\/li>\n<li> <em><strong>Riqueza de cores e tonalidades:<\/strong><\/em> deixe que a sua roupa interior reflita a sua personalidade. <strong>Livco Corsetti Fashion<\/strong> oferece uma grande variedade de cores e tonalidades , permitindo encontrar o conjunto perfeito para cada situa\u00e7\u00e3o.<\/li>\n<\/ul>\n<p> Juntamente com <strong>a Livco Corsetti Fashion<\/strong> , entre no mundo da roupa \u00edntima feminina exclusiva, onde a beleza se alia ao conforto e cada detalhe faz com que cada mulher se sinta \u00fanica. V\u00e1 al\u00e9m Saia dos limites da roupa \u00edntima comum e descubra a perfei\u00e7\u00e3o em cada detalhe!<\/p>\n<p> Ao entrar no mundo da <strong>Livco Corsetti Fashion<\/strong> , voc\u00ea entrar\u00e1 na terra da roupa \u00edntima feminina \u00fanica e sexy, onde cada detalhe evoca emo\u00e7\u00f5es e convida a explorar a sensualidade. Descubra a diversidade da oferta, que inclui suti\u00e3s, bralettes, meias, espartilhos, bodys, camisolas e babydolls, abrindo portas a experi\u00eancias extraordin\u00e1rias.<\/p>\n<ul>\n<li> <em><strong>Suti\u00e3s:<\/strong><\/em> Projetados com perfei\u00e7\u00e3o. D\u00ea \u00e0s suas curvas a defini\u00e7\u00e3o certa com <strong>os suti\u00e3s Livco Corsetti Fashion.<\/strong> Aqui voc\u00ea encontrar\u00e1 uma variedade de formas, desde o cl\u00e1ssico push-up at\u00e9 modelos mais sensuais e experimentais.<\/li>\n<li> <em><strong>Bralettes:<\/strong><\/em> conforto e sensualidade em um s\u00f3. Bralettes s\u00e3o a quintess\u00eancia da eleg\u00e2ncia casual, oferecendo conforto e charme sutil. <strong>A Livco Corsetti Fashion<\/strong> apresenta bralettes que combinam perfeitamente estas duas caracter\u00edsticas.<\/li>\n<li> <em><strong>Meias:<\/strong><\/em> Adicione um elemento de extravag\u00e2ncia <strong>Livco Corsetti.<\/strong> As meias da moda n\u00e3o s\u00e3o apenas um item pr\u00e1tico. \u00f3ptica, mas tamb\u00e9m pura extravag\u00e2ncia. Eles adicionam charme e eleg\u00e2ncia ineg\u00e1veis a qualquer conjunto de roupas \u00edntimas.<\/li>\n<li> <em><strong>Espartilhos:<\/strong><\/em> D\u00ea forma \u00e0 sua figura Os espartilhos s\u00e3o um cl\u00e1ssico que sempre cria um efeito fenomenal. Descubra a cole\u00e7\u00e3o de espartilhos que moldam a sua figura, real\u00e7am as suas curvas e lhe d\u00e3o autoconfian\u00e7a.<\/li>\n<li> <em><strong>Corpo:<\/strong><\/em> Todo Sensual em Um. Os body sensuais s\u00e3o a escolha perfeita para quem quer aliar eleg\u00e2ncia \u00e0 praticidade. A Livco Corsetti Fashion oferece uma variedade de estilos, satisfazendo diferentes gostos.<\/li>\n<li> <em><strong>Camisolas e Babydolls:<\/strong><\/em> Pijamas rom\u00e2nticos. Para os amantes do romance, est\u00e1 dispon\u00edvel a cole\u00e7\u00e3o de camisolas e babydolls. cheio de cria\u00e7\u00f5es leves, arejadas e sensuais que tornar\u00e3o cada noite especial.<\/li>\n<\/ul>\n<p> <strong>Livco Corsetti Fashion<\/strong> n\u00e3o \u00e9 apenas roupa \u00edntima, \u00e9 uma forma de expressar o seu lado sensual e descobrir novas dimens\u00f5es de eleg\u00e2ncia feminina. Experimente experi\u00eancias \u00fanicas a cada compra e deixe que cada pe\u00e7a de roupa \u00edntima Livco Corsetti Fashion enfatize sua singularidade.<\/p>\n<p>\u00a0<\/p>\n<table border=\"1\" cellpadding=\"0\" cellspacing=\"0\" width=\"832\">\n<tbody>\n<tr height=\"23\" style=\"border: 1px solid black;\">\n<td class=\"xl72\" colspan=\"9\" height=\"23\" style=\"text-align: center; border: 1px solid black;\" width=\"832\"><b style=\"text-align: center;\">TABELA DE TAMANHOS<\/b><\/td>\n<\/tr>\n<tr height=\"23\" style=\"border: 1px solid black;\">\n<td class=\"xl73\" colspan=\"2\" height=\"23\" style=\"text-align: center; border: 1px solid black;\"><b style=\"text-align: center;\">TAMANHOS<\/b><\/td>\n<td class=\"xl71\" style=\"text-align: center; border: 1px solid black;\" width=\"104\"><strong>S<\/strong><\/td>\n<td class=\"xl71\" style=\"text-align: center; border: 1px solid black;\" width=\"104\"><strong>M<\/strong><\/td>\n<td class=\"xl71\" style=\"text-align: center; border: 1px solid black;\" width=\"104\"><strong>L<\/strong><\/td>\n<td class=\"xl71\" style=\"text-align: center; border: 1px solid black;\" width=\"104\"><strong>XL<\/strong><\/td>\n<td class=\"xl71\" style=\"text-align: center; border: 1px solid black;\" width=\"104\"><strong>XXL<\/strong><\/td>\n<td class=\"xl71\" style=\"text-align: center; border: 1px solid black;\" width=\"104\"><strong>S\/L\u00a0 \u00a0 XL\/XXL<\/strong><\/td>\n<td class=\"xl71\" style=\"text-align: center; border: 1px solid black;\" width=\"104\"><strong>S\/M\u00a0 \u00a0 L\/XL<\/strong><\/td>\n<\/tr>\n<tr>\n<td class=\"xl74\" colspan=\"2\" height=\"23\" style=\"text-align: center; border: 1px solid black;\" width=\"208\"><strong style=\"text-align: center;\">Busto\u00a0<\/strong><strong>(cm)<\/strong><\/td>\n<td class=\"xl72\" style=\"text-align: center; border: 1px solid black;\" width=\"104\">84-88<\/td>\n<td class=\"xl72\" style=\"text-align: center; border: 1px solid black;\" width=\"104\">89-92<\/td>\n<td class=\"xl71\" style=\"text-align: center; border: 1px solid black;\" width=\"104\">93-96<\/td>\n<td class=\"xl71\" style=\"text-align: center; border: 1px solid black;\" width=\"104\">97-100<\/td>\n<td class=\"xl71\" style=\"text-align: center; border: 1px solid black;\" width=\"104\">101-104<\/td>\n<td class=\"xl71\" style=\"text-align: center; border: 1px solid black;\" width=\"104\">84-96  97-104<\/td>\n<td class=\"xl71\" style=\"text-align: center; border: 1px solid black;\" width=\"104\">84-92  93-100<\/td>\n<\/tr>\n<tr height=\"23\" style=\"border: 1px solid black;\">\n<td class=\"xl74\" colspan=\"2\" height=\"23\" style=\"text-align: center; border: 1px solid black;\" width=\"208\"><strong style=\"text-align: center;\">Cintura\u00a0<\/strong><strong>(cm)<\/strong><\/td>\n<td class=\"xl72\" style=\"text-align: center; border: 1px solid black;\" width=\"104\">62-68<\/td>\n<td class=\"xl72\" style=\"text-align: center; border: 1px solid black;\" width=\"104\">69-74<\/td>\n<td class=\"xl71\" style=\"text-align: center; border: 1px solid black;\" width=\"104\">75-78<\/td>\n<td class=\"xl71\" style=\"text-align: center; border: 1px solid black;\" width=\"104\">79-82<\/td>\n<td class=\"xl71\" style=\"text-align: center; border: 1px solid black;\" width=\"104\">83-90<\/td>\n<td class=\"xl71\" style=\"text-align: center; border: 1px solid black;\" width=\"104\">62-78\u00a0 \u00a0 79-88<\/td>\n<td class=\"xl71\" style=\"text-align: center; border: 1px solid black;\" width=\"104\">62-74\u00a0 \u00a0 75-82<\/td>\n<\/tr>\n<tr height=\"23\" style=\"border: 1px solid black;\">\n<td class=\"xl74\" colspan=\"2\" height=\"23\" style=\"text-align: center; border: 1px solid black;\" width=\"208\"><strong style=\"text-align: center;\">Quadril\u00a0<\/strong><strong>(cm)<\/strong><\/td>\n<td class=\"xl72\" style=\"text-align: center; border: 1px solid black;\" width=\"104\">88-93<\/td>\n<td class=\"xl72\" style=\"text-align: center; border: 1px solid black;\" width=\"104\">94-98<\/td>\n<td class=\"xl71\" style=\"text-align: center; border: 1px solid black;\" width=\"104\">99-104<\/td>\n<td class=\"xl71\" style=\"text-align: center; border: 1px solid black;\" width=\"104\">105-109<\/td>\n<td class=\"xl71\" style=\"text-align: center; border: 1px solid black;\" width=\"104\">110-117<\/td>\n<td class=\"xl71\" style=\"text-align: center; border: 1px solid black;\" width=\"104\">88-104  105-117<\/td>\n<td class=\"xl71\" style=\"text-align: center; border: 1px solid black;\" width=\"104\">88-98\u00a0 \u00a0 99-109<\/td>\n<\/tr>\n<\/tbody>\n<\/table>\n","protected":false},"excerpt":{"rendered":"<p>LIVCO CORSETTI FASHION &#8211; PATISCHIA LC90743 CORPO BEGE<\/p>\n","protected":false},"featured_media":87515,"template":"","meta":{"_acf_changed":false},"product_brand":[],"product_cat":[47,66],"product_tag":[],"class_list":{"0":"post-47560","1":"product","2":"type-product","3":"status-publish","4":"has-post-thumbnail","6":"product_cat-lingerie","7":"product_cat-lingerie-feminina","8":"yith_product_brand-livco-corsetti-fashionlivco-corsetti-bodies","9":"yith_product_brand-livco-corsetti-fashion","11":"first","12":"instock","13":"taxable","14":"shipping-taxable","15":"purchasable","16":"product-type-variable","17":"has-default-attributes"},"acf":[],"yoast_head":"<!-- This site is optimized with the Yoast SEO plugin v27.3 - https:\/\/yoast.com\/product\/yoast-seo-wordpress\/ -->\n<title>LIVCO CORSETTI FASHION - PATISCHIA LC90743 BODY BEIGE - Lovme<\/title>\n<meta name=\"robots\" content=\"index, follow, max-snippet:-1, max-image-preview:large, max-video-preview:-1\" \/>\n<link rel=\"canonical\" href=\"https:\/\/lovme.pt\/index.php\/produto\/livco-corsetti-fashion-patischia-lc90743-corpo-bege\/\" \/>\n<meta property=\"og:locale\" content=\"pt_PT\" \/>\n<meta property=\"og:type\" content=\"article\" \/>\n<meta property=\"og:title\" content=\"LIVCO CORSETTI FASHION - PATISCHIA LC90743 BODY BEIGE - Lovme\" \/>\n<meta property=\"og:description\" content=\"LIVCO CORSETTI FASHION - PATISCHIA LC90743 CORPO BEGE\" \/>\n<meta property=\"og:url\" content=\"https:\/\/lovme.pt\/index.php\/produto\/livco-corsetti-fashion-patischia-lc90743-corpo-bege\/\" \/>\n<meta property=\"og:site_name\" content=\"Lovme\" \/>\n<meta property=\"article:modified_time\" content=\"2026-02-19T20:23:23+00:00\" \/>\n<meta property=\"og:image\" content=\"https:\/\/erki24nd3ub.exactdn.com\/wp-content\/uploads\/dream\/img\/img_171612_0be7ef4859364f19599e612960aa7058_1.jpg?strip=all\" \/>\n\t<meta property=\"og:image:width\" content=\"800\" \/>\n\t<meta property=\"og:image:height\" content=\"800\" \/>\n\t<meta property=\"og:image:type\" content=\"image\/jpeg\" \/>\n<meta name=\"twitter:card\" content=\"summary_large_image\" \/>\n<meta name=\"twitter:label1\" content=\"Tempo estimado de leitura\" \/>\n\t<meta name=\"twitter:data1\" content=\"4 minutos\" \/>\n<script type=\"application\/ld+json\" class=\"yoast-schema-graph\">{\"@context\":\"https:\\\/\\\/schema.org\",\"@graph\":[{\"@type\":\"WebPage\",\"@id\":\"https:\\\/\\\/lovme.pt\\\/index.php\\\/produto\\\/livco-corsetti-fashion-patischia-lc90743-corpo-bege\\\/\",\"url\":\"https:\\\/\\\/lovme.pt\\\/index.php\\\/produto\\\/livco-corsetti-fashion-patischia-lc90743-corpo-bege\\\/\",\"name\":\"LIVCO CORSETTI FASHION - PATISCHIA LC90743 BODY BEIGE - Lovme\",\"isPartOf\":{\"@id\":\"https:\\\/\\\/lovme.pt\\\/#website\"},\"primaryImageOfPage\":{\"@id\":\"https:\\\/\\\/lovme.pt\\\/index.php\\\/produto\\\/livco-corsetti-fashion-patischia-lc90743-corpo-bege\\\/#primaryimage\"},\"image\":{\"@id\":\"https:\\\/\\\/lovme.pt\\\/index.php\\\/produto\\\/livco-corsetti-fashion-patischia-lc90743-corpo-bege\\\/#primaryimage\"},\"thumbnailUrl\":\"https:\\\/\\\/erki24nd3ub.exactdn.com\\\/wp-content\\\/uploads\\\/dream\\\/img\\\/img_171612_0be7ef4859364f19599e612960aa7058_1.jpg?strip=all\",\"datePublished\":\"2025-10-01T00:24:37+00:00\",\"dateModified\":\"2026-02-19T20:23:23+00:00\",\"breadcrumb\":{\"@id\":\"https:\\\/\\\/lovme.pt\\\/index.php\\\/produto\\\/livco-corsetti-fashion-patischia-lc90743-corpo-bege\\\/#breadcrumb\"},\"inLanguage\":\"pt-PT\",\"potentialAction\":[{\"@type\":\"ReadAction\",\"target\":[\"https:\\\/\\\/lovme.pt\\\/index.php\\\/produto\\\/livco-corsetti-fashion-patischia-lc90743-corpo-bege\\\/\"]}]},{\"@type\":\"ImageObject\",\"inLanguage\":\"pt-PT\",\"@id\":\"https:\\\/\\\/lovme.pt\\\/index.php\\\/produto\\\/livco-corsetti-fashion-patischia-lc90743-corpo-bege\\\/#primaryimage\",\"url\":\"https:\\\/\\\/erki24nd3ub.exactdn.com\\\/wp-content\\\/uploads\\\/dream\\\/img\\\/img_171612_0be7ef4859364f19599e612960aa7058_1.jpg?strip=all\",\"contentUrl\":\"https:\\\/\\\/erki24nd3ub.exactdn.com\\\/wp-content\\\/uploads\\\/dream\\\/img\\\/img_171612_0be7ef4859364f19599e612960aa7058_1.jpg?strip=all\",\"width\":800,\"height\":800},{\"@type\":\"BreadcrumbList\",\"@id\":\"https:\\\/\\\/lovme.pt\\\/index.php\\\/produto\\\/livco-corsetti-fashion-patischia-lc90743-corpo-bege\\\/#breadcrumb\",\"itemListElement\":[{\"@type\":\"ListItem\",\"position\":1,\"name\":\"In\u00edcio\",\"item\":\"https:\\\/\\\/lovme.pt\\\/\"},{\"@type\":\"ListItem\",\"position\":2,\"name\":\"Loja\",\"item\":\"https:\\\/\\\/lovme.pt\\\/index.php\\\/loja\\\/\"},{\"@type\":\"ListItem\",\"position\":3,\"name\":\"LIVCO CORSETTI FASHION &#8211; PATISCHIA LC90743 BODY BEIGE\"}]},{\"@type\":\"WebSite\",\"@id\":\"https:\\\/\\\/lovme.pt\\\/#website\",\"url\":\"https:\\\/\\\/lovme.pt\\\/\",\"name\":\"Lovme Loja Er\u00f3tica N\u00ba1 em Portugal\",\"description\":\"A melhor loja er\u00f3tica de Portugal.\",\"alternateName\":\"Loja Er\u00f3tica Lovme\",\"potentialAction\":[{\"@type\":\"SearchAction\",\"target\":{\"@type\":\"EntryPoint\",\"urlTemplate\":\"https:\\\/\\\/lovme.pt\\\/?s={search_term_string}\"},\"query-input\":{\"@type\":\"PropertyValueSpecification\",\"valueRequired\":true,\"valueName\":\"search_term_string\"}}],\"inLanguage\":\"pt-PT\"}]}<\/script>\n<!-- \/ Yoast SEO plugin. -->","yoast_head_json":{"title":"LIVCO CORSETTI FASHION - PATISCHIA LC90743 BODY BEIGE - Lovme","robots":{"index":"index","follow":"follow","max-snippet":"max-snippet:-1","max-image-preview":"max-image-preview:large","max-video-preview":"max-video-preview:-1"},"canonical":"https:\/\/lovme.pt\/index.php\/produto\/livco-corsetti-fashion-patischia-lc90743-corpo-bege\/","og_locale":"pt_PT","og_type":"article","og_title":"LIVCO CORSETTI FASHION - PATISCHIA LC90743 BODY BEIGE - Lovme","og_description":"LIVCO CORSETTI FASHION - PATISCHIA LC90743 CORPO BEGE","og_url":"https:\/\/lovme.pt\/index.php\/produto\/livco-corsetti-fashion-patischia-lc90743-corpo-bege\/","og_site_name":"Lovme","article_modified_time":"2026-02-19T20:23:23+00:00","og_image":[{"width":800,"height":800,"url":"https:\/\/erki24nd3ub.exactdn.com\/wp-content\/uploads\/dream\/img\/img_171612_0be7ef4859364f19599e612960aa7058_1.jpg?strip=all","type":"image\/jpeg"}],"twitter_card":"summary_large_image","twitter_misc":{"Tempo estimado de leitura":"4 minutos"},"schema":{"@context":"https:\/\/schema.org","@graph":[{"@type":"WebPage","@id":"https:\/\/lovme.pt\/index.php\/produto\/livco-corsetti-fashion-patischia-lc90743-corpo-bege\/","url":"https:\/\/lovme.pt\/index.php\/produto\/livco-corsetti-fashion-patischia-lc90743-corpo-bege\/","name":"LIVCO CORSETTI FASHION - PATISCHIA LC90743 BODY BEIGE - Lovme","isPartOf":{"@id":"https:\/\/lovme.pt\/#website"},"primaryImageOfPage":{"@id":"https:\/\/lovme.pt\/index.php\/produto\/livco-corsetti-fashion-patischia-lc90743-corpo-bege\/#primaryimage"},"image":{"@id":"https:\/\/lovme.pt\/index.php\/produto\/livco-corsetti-fashion-patischia-lc90743-corpo-bege\/#primaryimage"},"thumbnailUrl":"https:\/\/erki24nd3ub.exactdn.com\/wp-content\/uploads\/dream\/img\/img_171612_0be7ef4859364f19599e612960aa7058_1.jpg?strip=all","datePublished":"2025-10-01T00:24:37+00:00","dateModified":"2026-02-19T20:23:23+00:00","breadcrumb":{"@id":"https:\/\/lovme.pt\/index.php\/produto\/livco-corsetti-fashion-patischia-lc90743-corpo-bege\/#breadcrumb"},"inLanguage":"pt-PT","potentialAction":[{"@type":"ReadAction","target":["https:\/\/lovme.pt\/index.php\/produto\/livco-corsetti-fashion-patischia-lc90743-corpo-bege\/"]}]},{"@type":"ImageObject","inLanguage":"pt-PT","@id":"https:\/\/lovme.pt\/index.php\/produto\/livco-corsetti-fashion-patischia-lc90743-corpo-bege\/#primaryimage","url":"https:\/\/erki24nd3ub.exactdn.com\/wp-content\/uploads\/dream\/img\/img_171612_0be7ef4859364f19599e612960aa7058_1.jpg?strip=all","contentUrl":"https:\/\/erki24nd3ub.exactdn.com\/wp-content\/uploads\/dream\/img\/img_171612_0be7ef4859364f19599e612960aa7058_1.jpg?strip=all","width":800,"height":800},{"@type":"BreadcrumbList","@id":"https:\/\/lovme.pt\/index.php\/produto\/livco-corsetti-fashion-patischia-lc90743-corpo-bege\/#breadcrumb","itemListElement":[{"@type":"ListItem","position":1,"name":"In\u00edcio","item":"https:\/\/lovme.pt\/"},{"@type":"ListItem","position":2,"name":"Loja","item":"https:\/\/lovme.pt\/index.php\/loja\/"},{"@type":"ListItem","position":3,"name":"LIVCO CORSETTI FASHION &#8211; PATISCHIA LC90743 BODY BEIGE"}]},{"@type":"WebSite","@id":"https:\/\/lovme.pt\/#website","url":"https:\/\/lovme.pt\/","name":"Lovme Loja Er\u00f3tica N\u00ba1 em Portugal","description":"A melhor loja er\u00f3tica de Portugal.","alternateName":"Loja Er\u00f3tica Lovme","potentialAction":[{"@type":"SearchAction","target":{"@type":"EntryPoint","urlTemplate":"https:\/\/lovme.pt\/?s={search_term_string}"},"query-input":{"@type":"PropertyValueSpecification","valueRequired":true,"valueName":"search_term_string"}}],"inLanguage":"pt-PT"}]}},"_links":{"self":[{"href":"https:\/\/lovme.pt\/index.php\/wp-json\/wp\/v2\/product\/47560","targetHints":{"allow":["GET"]}}],"collection":[{"href":"https:\/\/lovme.pt\/index.php\/wp-json\/wp\/v2\/product"}],"about":[{"href":"https:\/\/lovme.pt\/index.php\/wp-json\/wp\/v2\/types\/product"}],"wp:featuredmedia":[{"embeddable":true,"href":"https:\/\/lovme.pt\/index.php\/wp-json\/wp\/v2\/media\/87515"}],"wp:attachment":[{"href":"https:\/\/lovme.pt\/index.php\/wp-json\/wp\/v2\/media?parent=47560"}],"wp:term":[{"taxonomy":"product_brand","embeddable":true,"href":"https:\/\/lovme.pt\/index.php\/wp-json\/wp\/v2\/product_brand?post=47560"},{"taxonomy":"product_cat","embeddable":true,"href":"https:\/\/lovme.pt\/index.php\/wp-json\/wp\/v2\/product_cat?post=47560"},{"taxonomy":"product_tag","embeddable":true,"href":"https:\/\/lovme.pt\/index.php\/wp-json\/wp\/v2\/product_tag?post=47560"}],"curies":[{"name":"wp","href":"https:\/\/api.w.org\/{rel}","templated":true}]}}