{"id":47452,"date":"2025-10-01T00:23:15","date_gmt":"2025-10-01T00:23:15","guid":{"rendered":"https:\/\/lovme.pt\/?post_type=product&p=47452"},"modified":"2026-02-19T20:15:15","modified_gmt":"2026-02-19T20:15:15","slug":"chilirose-cr-3332-tapa-mamilo-foda-me","status":"publish","type":"product","link":"https:\/\/lovme.pt\/index.php\/produto\/chilirose-cr-3332-tapa-mamilo-foda-me\/","title":{"rendered":"CHILIROSE &#8211; CR 3332 TAPA MAMILO FODA-ME"},"content":{"rendered":"<p><strong>CR 3332<\/strong> surge no mundo da sensualidade e do estilo com nossa requintada cole\u00e7\u00e3o de cubrepezones de diferentes formas, projetadas para adicionar um toque de provoca\u00e7\u00e3o e eleg\u00e2ncia a seus momentos mais \u00edntimos. Esses acess\u00f3rios s\u00e3o muito mais do que simples adornos; \u00e9 uma express\u00e3o audaciosa de sua personalidade e estilo, destinada a despertar paix\u00f5es e desatar seu lado mais sedutor.<\/p>\n<p> Al\u00e9m de seu visual atraente, esses acess\u00f3rios tamb\u00e9m s\u00e3o pr\u00e1ticos e vers\u00e1teis. S\u00e3o ideais para usar roupas baixas transparentes ou escotadas, agregando um toque de sofistica\u00e7\u00e3o e glamour ao seu look. Tamb\u00e9m s\u00e3o perfeitos para ocasi\u00f5es especiais, como noites rom\u00e2nticas ou eventos sensuais, onde voc\u00ea deseja surpreender sua namorada e despertar sua imagina\u00e7\u00e3o.<\/p>\n<p> \u00c9 o complemento perfeito para qualquer mulher que deseja adicionar um toque de sensualidade e estilo \u00e0 sua vida. Com seu design sedutor, materiais de alta qualidade e variedade de formas e estilos, voc\u00ea garante uma experi\u00eancia \u00edntima inolvid\u00e1vel e faz com que voc\u00ea se sinta seguro e poderoso em todos os momentos. \u00c9 a chave para desatar sua feminilidade e deixar uma impress\u00e3o duradoura em aqueles que t\u00eam o privil\u00e9gio de conhecimento.<\/p>\n<p> <u><strong>CARACTER\u00cdSTICAS:<\/strong><\/u><\/p>\n<ul>\n<li> Cubre pezones sexy para a dama atrevida.<\/li>\n<li> \u00c9 fabricado em pl\u00e1stico leve.<\/li>\n<li> Na cor negra com letras brancas.<\/li>\n<li> Autoadesivo, reutiliz\u00e1vel.<\/li>\n<li> O jogo inclui duas pe\u00e7as.<\/li>\n<\/ul>\n<p> A marca <strong>CHILROSE<\/strong> foi criada em 2008 e nossa miss\u00e3o \u00e9 oferecer algo sensual e excitante para nossos clientes a um pre\u00e7o competitivo. Agora, em 2022, depois de 14 anos, somos uma das principais empresas de lenceria ex\u00f3tica e temos uma grande cole\u00e7\u00e3o de roupas de dormir, vestidos, batas, cors\u00e9s, vestidos, roupas de discoteca e muito mais. Nosso estrito controle de qualidade garante a nossos clientes a plena satisfa\u00e7\u00e3o e fazemos com que eles sejam vendidos em um local. Cuidamos especialmente da sele\u00e7\u00e3o de nossos materiais e da m\u00e3o de obra. Oferecemos muitos estilos novos e fant\u00e1sticos com regularidade e esperamos sorprender-lo com certeza cada vez.<\/p>\n","protected":false},"excerpt":{"rendered":"<p>CHILIROSE &#8211; CR 3332 TAPA MAMILO FODA-ME<\/p>\n","protected":false},"featured_media":87270,"template":"","meta":{"_acf_changed":false},"product_brand":[],"product_cat":[50,47,66],"product_tag":[],"class_list":{"0":"post-47452","1":"product","2":"type-product","3":"status-publish","4":"has-post-thumbnail","6":"product_cat-complementos-e-acessorios","7":"product_cat-lingerie","8":"product_cat-lingerie-feminina","9":"yith_product_brand-chilirose","10":"yith_product_brand-chilirosechilirose-accesories","12":"first","13":"instock","14":"taxable","15":"shipping-taxable","16":"purchasable","17":"product-type-simple"},"acf":[],"yoast_head":"<!-- This site is optimized with the Yoast SEO plugin v27.4 - https:\/\/yoast.com\/product\/yoast-seo-wordpress\/ -->\n<title>CHILIROSE - CR 3332 TAPA MAMILO FODA-ME - Lovme<\/title>\n<meta name=\"robots\" content=\"index, follow, max-snippet:-1, max-image-preview:large, max-video-preview:-1\" \/>\n<link rel=\"canonical\" href=\"https:\/\/lovme.pt\/index.php\/produto\/chilirose-cr-3332-tapa-mamilo-foda-me\/\" \/>\n<meta property=\"og:locale\" content=\"pt_PT\" \/>\n<meta property=\"og:type\" content=\"article\" \/>\n<meta property=\"og:title\" content=\"CHILIROSE - CR 3332 TAPA MAMILO FODA-ME - Lovme\" \/>\n<meta property=\"og:description\" content=\"CHILIROSE - CR 3332 TAPA MAMILO FODA-ME\" \/>\n<meta property=\"og:url\" content=\"https:\/\/lovme.pt\/index.php\/produto\/chilirose-cr-3332-tapa-mamilo-foda-me\/\" \/>\n<meta property=\"og:site_name\" content=\"Lovme\" \/>\n<meta property=\"article:modified_time\" content=\"2026-02-19T20:15:15+00:00\" \/>\n<meta property=\"og:image\" content=\"https:\/\/erki24nd3ub.exactdn.com\/wp-content\/uploads\/dream\/img\/img_170996_1470310a718ac45ee8829d4bb1d6c627_1.jpg?strip=all\" \/>\n\t<meta property=\"og:image:width\" content=\"800\" \/>\n\t<meta property=\"og:image:height\" content=\"800\" \/>\n\t<meta property=\"og:image:type\" content=\"image\/jpeg\" \/>\n<meta name=\"twitter:card\" content=\"summary_large_image\" \/>\n<meta name=\"twitter:label1\" content=\"Tempo estimado de leitura\" \/>\n\t<meta name=\"twitter:data1\" content=\"2 minutos\" \/>\n<script type=\"application\/ld+json\" class=\"yoast-schema-graph\">{\"@context\":\"https:\\\/\\\/schema.org\",\"@graph\":[{\"@type\":\"WebPage\",\"@id\":\"https:\\\/\\\/lovme.pt\\\/index.php\\\/produto\\\/chilirose-cr-3332-tapa-mamilo-foda-me\\\/\",\"url\":\"https:\\\/\\\/lovme.pt\\\/index.php\\\/produto\\\/chilirose-cr-3332-tapa-mamilo-foda-me\\\/\",\"name\":\"CHILIROSE - CR 3332 TAPA MAMILO FODA-ME - Lovme\",\"isPartOf\":{\"@id\":\"https:\\\/\\\/lovme.pt\\\/#website\"},\"primaryImageOfPage\":{\"@id\":\"https:\\\/\\\/lovme.pt\\\/index.php\\\/produto\\\/chilirose-cr-3332-tapa-mamilo-foda-me\\\/#primaryimage\"},\"image\":{\"@id\":\"https:\\\/\\\/lovme.pt\\\/index.php\\\/produto\\\/chilirose-cr-3332-tapa-mamilo-foda-me\\\/#primaryimage\"},\"thumbnailUrl\":\"https:\\\/\\\/erki24nd3ub.exactdn.com\\\/wp-content\\\/uploads\\\/dream\\\/img\\\/img_170996_1470310a718ac45ee8829d4bb1d6c627_1.jpg?strip=all\",\"datePublished\":\"2025-10-01T00:23:15+00:00\",\"dateModified\":\"2026-02-19T20:15:15+00:00\",\"breadcrumb\":{\"@id\":\"https:\\\/\\\/lovme.pt\\\/index.php\\\/produto\\\/chilirose-cr-3332-tapa-mamilo-foda-me\\\/#breadcrumb\"},\"inLanguage\":\"pt-PT\",\"potentialAction\":[{\"@type\":\"ReadAction\",\"target\":[\"https:\\\/\\\/lovme.pt\\\/index.php\\\/produto\\\/chilirose-cr-3332-tapa-mamilo-foda-me\\\/\"]}]},{\"@type\":\"ImageObject\",\"inLanguage\":\"pt-PT\",\"@id\":\"https:\\\/\\\/lovme.pt\\\/index.php\\\/produto\\\/chilirose-cr-3332-tapa-mamilo-foda-me\\\/#primaryimage\",\"url\":\"https:\\\/\\\/erki24nd3ub.exactdn.com\\\/wp-content\\\/uploads\\\/dream\\\/img\\\/img_170996_1470310a718ac45ee8829d4bb1d6c627_1.jpg?strip=all\",\"contentUrl\":\"https:\\\/\\\/erki24nd3ub.exactdn.com\\\/wp-content\\\/uploads\\\/dream\\\/img\\\/img_170996_1470310a718ac45ee8829d4bb1d6c627_1.jpg?strip=all\",\"width\":800,\"height\":800},{\"@type\":\"BreadcrumbList\",\"@id\":\"https:\\\/\\\/lovme.pt\\\/index.php\\\/produto\\\/chilirose-cr-3332-tapa-mamilo-foda-me\\\/#breadcrumb\",\"itemListElement\":[{\"@type\":\"ListItem\",\"position\":1,\"name\":\"In\u00edcio\",\"item\":\"https:\\\/\\\/lovme.pt\\\/\"},{\"@type\":\"ListItem\",\"position\":2,\"name\":\"Loja\",\"item\":\"https:\\\/\\\/lovme.pt\\\/index.php\\\/loja\\\/\"},{\"@type\":\"ListItem\",\"position\":3,\"name\":\"CHILIROSE &#8211; CR 3332 TAPA MAMILO FODA-ME\"}]},{\"@type\":\"WebSite\",\"@id\":\"https:\\\/\\\/lovme.pt\\\/#website\",\"url\":\"https:\\\/\\\/lovme.pt\\\/\",\"name\":\"Lovme Loja Er\u00f3tica N\u00ba1 em Portugal\",\"description\":\"A melhor loja er\u00f3tica de Portugal.\",\"alternateName\":\"Loja Er\u00f3tica Lovme\",\"potentialAction\":[{\"@type\":\"SearchAction\",\"target\":{\"@type\":\"EntryPoint\",\"urlTemplate\":\"https:\\\/\\\/lovme.pt\\\/?s={search_term_string}\"},\"query-input\":{\"@type\":\"PropertyValueSpecification\",\"valueRequired\":true,\"valueName\":\"search_term_string\"}}],\"inLanguage\":\"pt-PT\"}]}<\/script>\n<!-- \/ Yoast SEO plugin. -->","yoast_head_json":{"title":"CHILIROSE - CR 3332 TAPA MAMILO FODA-ME - Lovme","robots":{"index":"index","follow":"follow","max-snippet":"max-snippet:-1","max-image-preview":"max-image-preview:large","max-video-preview":"max-video-preview:-1"},"canonical":"https:\/\/lovme.pt\/index.php\/produto\/chilirose-cr-3332-tapa-mamilo-foda-me\/","og_locale":"pt_PT","og_type":"article","og_title":"CHILIROSE - CR 3332 TAPA MAMILO FODA-ME - Lovme","og_description":"CHILIROSE - CR 3332 TAPA MAMILO FODA-ME","og_url":"https:\/\/lovme.pt\/index.php\/produto\/chilirose-cr-3332-tapa-mamilo-foda-me\/","og_site_name":"Lovme","article_modified_time":"2026-02-19T20:15:15+00:00","og_image":[{"width":800,"height":800,"url":"https:\/\/erki24nd3ub.exactdn.com\/wp-content\/uploads\/dream\/img\/img_170996_1470310a718ac45ee8829d4bb1d6c627_1.jpg?strip=all","type":"image\/jpeg"}],"twitter_card":"summary_large_image","twitter_misc":{"Tempo estimado de leitura":"2 minutos"},"schema":{"@context":"https:\/\/schema.org","@graph":[{"@type":"WebPage","@id":"https:\/\/lovme.pt\/index.php\/produto\/chilirose-cr-3332-tapa-mamilo-foda-me\/","url":"https:\/\/lovme.pt\/index.php\/produto\/chilirose-cr-3332-tapa-mamilo-foda-me\/","name":"CHILIROSE - CR 3332 TAPA MAMILO FODA-ME - Lovme","isPartOf":{"@id":"https:\/\/lovme.pt\/#website"},"primaryImageOfPage":{"@id":"https:\/\/lovme.pt\/index.php\/produto\/chilirose-cr-3332-tapa-mamilo-foda-me\/#primaryimage"},"image":{"@id":"https:\/\/lovme.pt\/index.php\/produto\/chilirose-cr-3332-tapa-mamilo-foda-me\/#primaryimage"},"thumbnailUrl":"https:\/\/erki24nd3ub.exactdn.com\/wp-content\/uploads\/dream\/img\/img_170996_1470310a718ac45ee8829d4bb1d6c627_1.jpg?strip=all","datePublished":"2025-10-01T00:23:15+00:00","dateModified":"2026-02-19T20:15:15+00:00","breadcrumb":{"@id":"https:\/\/lovme.pt\/index.php\/produto\/chilirose-cr-3332-tapa-mamilo-foda-me\/#breadcrumb"},"inLanguage":"pt-PT","potentialAction":[{"@type":"ReadAction","target":["https:\/\/lovme.pt\/index.php\/produto\/chilirose-cr-3332-tapa-mamilo-foda-me\/"]}]},{"@type":"ImageObject","inLanguage":"pt-PT","@id":"https:\/\/lovme.pt\/index.php\/produto\/chilirose-cr-3332-tapa-mamilo-foda-me\/#primaryimage","url":"https:\/\/erki24nd3ub.exactdn.com\/wp-content\/uploads\/dream\/img\/img_170996_1470310a718ac45ee8829d4bb1d6c627_1.jpg?strip=all","contentUrl":"https:\/\/erki24nd3ub.exactdn.com\/wp-content\/uploads\/dream\/img\/img_170996_1470310a718ac45ee8829d4bb1d6c627_1.jpg?strip=all","width":800,"height":800},{"@type":"BreadcrumbList","@id":"https:\/\/lovme.pt\/index.php\/produto\/chilirose-cr-3332-tapa-mamilo-foda-me\/#breadcrumb","itemListElement":[{"@type":"ListItem","position":1,"name":"In\u00edcio","item":"https:\/\/lovme.pt\/"},{"@type":"ListItem","position":2,"name":"Loja","item":"https:\/\/lovme.pt\/index.php\/loja\/"},{"@type":"ListItem","position":3,"name":"CHILIROSE &#8211; CR 3332 TAPA MAMILO FODA-ME"}]},{"@type":"WebSite","@id":"https:\/\/lovme.pt\/#website","url":"https:\/\/lovme.pt\/","name":"Lovme Loja Er\u00f3tica N\u00ba1 em Portugal","description":"A melhor loja er\u00f3tica de Portugal.","alternateName":"Loja Er\u00f3tica Lovme","potentialAction":[{"@type":"SearchAction","target":{"@type":"EntryPoint","urlTemplate":"https:\/\/lovme.pt\/?s={search_term_string}"},"query-input":{"@type":"PropertyValueSpecification","valueRequired":true,"valueName":"search_term_string"}}],"inLanguage":"pt-PT"}]}},"_links":{"self":[{"href":"https:\/\/lovme.pt\/index.php\/wp-json\/wp\/v2\/product\/47452","targetHints":{"allow":["GET"]}}],"collection":[{"href":"https:\/\/lovme.pt\/index.php\/wp-json\/wp\/v2\/product"}],"about":[{"href":"https:\/\/lovme.pt\/index.php\/wp-json\/wp\/v2\/types\/product"}],"wp:featuredmedia":[{"embeddable":true,"href":"https:\/\/lovme.pt\/index.php\/wp-json\/wp\/v2\/media\/87270"}],"wp:attachment":[{"href":"https:\/\/lovme.pt\/index.php\/wp-json\/wp\/v2\/media?parent=47452"}],"wp:term":[{"taxonomy":"product_brand","embeddable":true,"href":"https:\/\/lovme.pt\/index.php\/wp-json\/wp\/v2\/product_brand?post=47452"},{"taxonomy":"product_cat","embeddable":true,"href":"https:\/\/lovme.pt\/index.php\/wp-json\/wp\/v2\/product_cat?post=47452"},{"taxonomy":"product_tag","embeddable":true,"href":"https:\/\/lovme.pt\/index.php\/wp-json\/wp\/v2\/product_tag?post=47452"}],"curies":[{"name":"wp","href":"https:\/\/api.w.org\/{rel}","templated":true}]}}