{"id":47448,"date":"2025-10-01T00:23:10","date_gmt":"2025-10-01T00:23:10","guid":{"rendered":"https:\/\/lovme.pt\/?post_type=product&p=47448"},"modified":"2026-02-19T20:15:15","modified_gmt":"2026-02-19T20:15:15","slug":"chilirose-tapa-mamilo-cr-4662-prata-e-preta","status":"publish","type":"product","link":"https:\/\/lovme.pt\/index.php\/produto\/chilirose-tapa-mamilo-cr-4662-prata-e-preta\/","title":{"rendered":"CHILIROSE &#8211; TAPA MAMILO CR 4662 PRATA E PRETA"},"content":{"rendered":"<p><strong>CR 4662<\/strong> Mergulhe no mundo da sensualidade e do estilo com a nossa requintada cole\u00e7\u00e3o de protetores de mamilos de diferentes formatos, concebidos para adicionar um toque de provoca\u00e7\u00e3o e eleg\u00e2ncia aos seus momentos mais \u00edntimos. Esses acess\u00f3rios s\u00e3o muito mais do que simples decora\u00e7\u00f5es; S\u00e3o uma express\u00e3o ousada da sua personalidade e estilo, destinados a despertar paix\u00f5es e libertar o seu lado mais sedutor.<\/p>\n<p> Al\u00e9m do apelo visual, esses acess\u00f3rios tamb\u00e9m s\u00e3o pr\u00e1ticos e vers\u00e1teis. S\u00e3o ideais para usar sob pe\u00e7as transparentes ou decotadas, acrescentando um toque de sofistica\u00e7\u00e3o e glamour ao seu look. S\u00e3o tamb\u00e9m perfeitos para ocasi\u00f5es especiais, como noites rom\u00e2nticas ou eventos sensuais, onde pretende surpreender o seu parceiro e despertar a sua imagina\u00e7\u00e3o.<\/p>\n<p> S\u00e3o o complemento perfeito para qualquer mulher que queira adicionar um toque de sensualidade e estilo \u00e0 sua vida. Com seu design sedutor, materiais de alta qualidade e variedade de formas e estilos, garantem uma experi\u00eancia \u00edntima inesquec\u00edvel e fazem voc\u00ea se sentir seguro e poderoso em todos os momentos. \u00c9 a chave para libertar a sua feminilidade e deixar uma impress\u00e3o duradoura em quem tem o privil\u00e9gio de conhec\u00ea-la.<\/p>\n<p> <u><strong>CARACTER\u00cdSTICAS:<\/strong><\/u><\/p>\n<ul>\n<li> Almofadas para mamilos CR-4662 com strass e corrente de prata<\/li>\n<li> Almofadas de mamilo autoadesivas e reutiliz\u00e1veis<\/li>\n<li> Ambas as almofadas est\u00e3o conectadas com uma corrente<\/li>\n<li> Cor preto\/prata<\/li>\n<li> Material: 50% poli\u00e9ster, 20% acr\u00edlico, 20% poliuretano, 10% metal<\/li>\n<\/ul>\n<p> A marca <strong>CHILROSE<\/strong> foi criada em 2008 e a nossa miss\u00e3o \u00e9 oferecer lingerie sensual e excitante aos nossos clientes a um pre\u00e7o competitivo. Agora em 2022, ap\u00f3s 14 anos, somos uma das principais empresas de lingerie ex\u00f3tica e temos uma grande cole\u00e7\u00e3o de pijamas, vestidos, roup\u00f5es, espartilhos, vestidos, roupas para baladas e muito mais. Nosso rigoroso controle de qualidade garante total satisfa\u00e7\u00e3o aos nossos clientes e torna a venda um prazer. Tomamos especial cuidado na sele\u00e7\u00e3o de nossos materiais e m\u00e3o de obra. Oferecemos regularmente novos estilos fant\u00e1sticos e esperamos surpreend\u00ea-lo positivamente sempre.<\/p>\n","protected":false},"excerpt":{"rendered":"<p>CHILIROSE &#8211; TAPA MAMILO CR 4662 PRATA E PRETA<\/p>\n","protected":false},"featured_media":87263,"template":"","meta":{"_acf_changed":false},"product_brand":[],"product_cat":[50,47,66],"product_tag":[],"class_list":{"0":"post-47448","1":"product","2":"type-product","3":"status-publish","4":"has-post-thumbnail","6":"product_cat-complementos-e-acessorios","7":"product_cat-lingerie","8":"product_cat-lingerie-feminina","9":"yith_product_brand-chilirose","10":"yith_product_brand-chilirosechilirose-accesories","12":"first","13":"instock","14":"taxable","15":"shipping-taxable","16":"purchasable","17":"product-type-simple"},"acf":[],"yoast_head":"<!-- This site is optimized with the Yoast SEO plugin v27.4 - https:\/\/yoast.com\/product\/yoast-seo-wordpress\/ -->\n<title>CHILIROSE - TAPA MAMILO CR 4662 PRATA E PRETA - Lovme<\/title>\n<meta name=\"robots\" content=\"index, follow, max-snippet:-1, max-image-preview:large, max-video-preview:-1\" \/>\n<link rel=\"canonical\" href=\"https:\/\/lovme.pt\/index.php\/produto\/chilirose-tapa-mamilo-cr-4662-prata-e-preta\/\" \/>\n<meta property=\"og:locale\" content=\"pt_PT\" \/>\n<meta property=\"og:type\" content=\"article\" \/>\n<meta property=\"og:title\" content=\"CHILIROSE - TAPA MAMILO CR 4662 PRATA E PRETA - Lovme\" \/>\n<meta property=\"og:description\" content=\"CHILIROSE - TAPA MAMILO CR 4662 PRATA E PRETA\" \/>\n<meta property=\"og:url\" content=\"https:\/\/lovme.pt\/index.php\/produto\/chilirose-tapa-mamilo-cr-4662-prata-e-preta\/\" \/>\n<meta property=\"og:site_name\" content=\"Lovme\" \/>\n<meta property=\"article:modified_time\" content=\"2026-02-19T20:15:15+00:00\" \/>\n<meta property=\"og:image\" content=\"https:\/\/erki24nd3ub.exactdn.com\/wp-content\/uploads\/dream\/img\/img_170985_645b02d7d67f2f82e0aa9f637ed406e3_1.png?strip=all\" \/>\n\t<meta property=\"og:image:width\" content=\"750\" \/>\n\t<meta property=\"og:image:height\" content=\"750\" \/>\n\t<meta property=\"og:image:type\" content=\"image\/png\" \/>\n<meta name=\"twitter:card\" content=\"summary_large_image\" \/>\n<meta name=\"twitter:label1\" content=\"Tempo estimado de leitura\" \/>\n\t<meta name=\"twitter:data1\" content=\"2 minutos\" \/>\n<script type=\"application\/ld+json\" class=\"yoast-schema-graph\">{\"@context\":\"https:\\\/\\\/schema.org\",\"@graph\":[{\"@type\":\"WebPage\",\"@id\":\"https:\\\/\\\/lovme.pt\\\/index.php\\\/produto\\\/chilirose-tapa-mamilo-cr-4662-prata-e-preta\\\/\",\"url\":\"https:\\\/\\\/lovme.pt\\\/index.php\\\/produto\\\/chilirose-tapa-mamilo-cr-4662-prata-e-preta\\\/\",\"name\":\"CHILIROSE - TAPA MAMILO CR 4662 PRATA E PRETA - Lovme\",\"isPartOf\":{\"@id\":\"https:\\\/\\\/lovme.pt\\\/#website\"},\"primaryImageOfPage\":{\"@id\":\"https:\\\/\\\/lovme.pt\\\/index.php\\\/produto\\\/chilirose-tapa-mamilo-cr-4662-prata-e-preta\\\/#primaryimage\"},\"image\":{\"@id\":\"https:\\\/\\\/lovme.pt\\\/index.php\\\/produto\\\/chilirose-tapa-mamilo-cr-4662-prata-e-preta\\\/#primaryimage\"},\"thumbnailUrl\":\"https:\\\/\\\/erki24nd3ub.exactdn.com\\\/wp-content\\\/uploads\\\/dream\\\/img\\\/img_170985_645b02d7d67f2f82e0aa9f637ed406e3_1.png?strip=all\",\"datePublished\":\"2025-10-01T00:23:10+00:00\",\"dateModified\":\"2026-02-19T20:15:15+00:00\",\"breadcrumb\":{\"@id\":\"https:\\\/\\\/lovme.pt\\\/index.php\\\/produto\\\/chilirose-tapa-mamilo-cr-4662-prata-e-preta\\\/#breadcrumb\"},\"inLanguage\":\"pt-PT\",\"potentialAction\":[{\"@type\":\"ReadAction\",\"target\":[\"https:\\\/\\\/lovme.pt\\\/index.php\\\/produto\\\/chilirose-tapa-mamilo-cr-4662-prata-e-preta\\\/\"]}]},{\"@type\":\"ImageObject\",\"inLanguage\":\"pt-PT\",\"@id\":\"https:\\\/\\\/lovme.pt\\\/index.php\\\/produto\\\/chilirose-tapa-mamilo-cr-4662-prata-e-preta\\\/#primaryimage\",\"url\":\"https:\\\/\\\/erki24nd3ub.exactdn.com\\\/wp-content\\\/uploads\\\/dream\\\/img\\\/img_170985_645b02d7d67f2f82e0aa9f637ed406e3_1.png?strip=all\",\"contentUrl\":\"https:\\\/\\\/erki24nd3ub.exactdn.com\\\/wp-content\\\/uploads\\\/dream\\\/img\\\/img_170985_645b02d7d67f2f82e0aa9f637ed406e3_1.png?strip=all\",\"width\":750,\"height\":750},{\"@type\":\"BreadcrumbList\",\"@id\":\"https:\\\/\\\/lovme.pt\\\/index.php\\\/produto\\\/chilirose-tapa-mamilo-cr-4662-prata-e-preta\\\/#breadcrumb\",\"itemListElement\":[{\"@type\":\"ListItem\",\"position\":1,\"name\":\"In\u00edcio\",\"item\":\"https:\\\/\\\/lovme.pt\\\/\"},{\"@type\":\"ListItem\",\"position\":2,\"name\":\"Loja\",\"item\":\"https:\\\/\\\/lovme.pt\\\/index.php\\\/loja\\\/\"},{\"@type\":\"ListItem\",\"position\":3,\"name\":\"CHILIROSE &#8211; TAPA MAMILO CR 4662 PRATA E PRETA\"}]},{\"@type\":\"WebSite\",\"@id\":\"https:\\\/\\\/lovme.pt\\\/#website\",\"url\":\"https:\\\/\\\/lovme.pt\\\/\",\"name\":\"Lovme Loja Er\u00f3tica N\u00ba1 em Portugal\",\"description\":\"A melhor loja er\u00f3tica de Portugal.\",\"alternateName\":\"Loja Er\u00f3tica Lovme\",\"potentialAction\":[{\"@type\":\"SearchAction\",\"target\":{\"@type\":\"EntryPoint\",\"urlTemplate\":\"https:\\\/\\\/lovme.pt\\\/?s={search_term_string}\"},\"query-input\":{\"@type\":\"PropertyValueSpecification\",\"valueRequired\":true,\"valueName\":\"search_term_string\"}}],\"inLanguage\":\"pt-PT\"}]}<\/script>\n<!-- \/ Yoast SEO plugin. -->","yoast_head_json":{"title":"CHILIROSE - TAPA MAMILO CR 4662 PRATA E PRETA - Lovme","robots":{"index":"index","follow":"follow","max-snippet":"max-snippet:-1","max-image-preview":"max-image-preview:large","max-video-preview":"max-video-preview:-1"},"canonical":"https:\/\/lovme.pt\/index.php\/produto\/chilirose-tapa-mamilo-cr-4662-prata-e-preta\/","og_locale":"pt_PT","og_type":"article","og_title":"CHILIROSE - TAPA MAMILO CR 4662 PRATA E PRETA - Lovme","og_description":"CHILIROSE - TAPA MAMILO CR 4662 PRATA E PRETA","og_url":"https:\/\/lovme.pt\/index.php\/produto\/chilirose-tapa-mamilo-cr-4662-prata-e-preta\/","og_site_name":"Lovme","article_modified_time":"2026-02-19T20:15:15+00:00","og_image":[{"width":750,"height":750,"url":"https:\/\/erki24nd3ub.exactdn.com\/wp-content\/uploads\/dream\/img\/img_170985_645b02d7d67f2f82e0aa9f637ed406e3_1.png?strip=all","type":"image\/png"}],"twitter_card":"summary_large_image","twitter_misc":{"Tempo estimado de leitura":"2 minutos"},"schema":{"@context":"https:\/\/schema.org","@graph":[{"@type":"WebPage","@id":"https:\/\/lovme.pt\/index.php\/produto\/chilirose-tapa-mamilo-cr-4662-prata-e-preta\/","url":"https:\/\/lovme.pt\/index.php\/produto\/chilirose-tapa-mamilo-cr-4662-prata-e-preta\/","name":"CHILIROSE - TAPA MAMILO CR 4662 PRATA E PRETA - Lovme","isPartOf":{"@id":"https:\/\/lovme.pt\/#website"},"primaryImageOfPage":{"@id":"https:\/\/lovme.pt\/index.php\/produto\/chilirose-tapa-mamilo-cr-4662-prata-e-preta\/#primaryimage"},"image":{"@id":"https:\/\/lovme.pt\/index.php\/produto\/chilirose-tapa-mamilo-cr-4662-prata-e-preta\/#primaryimage"},"thumbnailUrl":"https:\/\/erki24nd3ub.exactdn.com\/wp-content\/uploads\/dream\/img\/img_170985_645b02d7d67f2f82e0aa9f637ed406e3_1.png?strip=all","datePublished":"2025-10-01T00:23:10+00:00","dateModified":"2026-02-19T20:15:15+00:00","breadcrumb":{"@id":"https:\/\/lovme.pt\/index.php\/produto\/chilirose-tapa-mamilo-cr-4662-prata-e-preta\/#breadcrumb"},"inLanguage":"pt-PT","potentialAction":[{"@type":"ReadAction","target":["https:\/\/lovme.pt\/index.php\/produto\/chilirose-tapa-mamilo-cr-4662-prata-e-preta\/"]}]},{"@type":"ImageObject","inLanguage":"pt-PT","@id":"https:\/\/lovme.pt\/index.php\/produto\/chilirose-tapa-mamilo-cr-4662-prata-e-preta\/#primaryimage","url":"https:\/\/erki24nd3ub.exactdn.com\/wp-content\/uploads\/dream\/img\/img_170985_645b02d7d67f2f82e0aa9f637ed406e3_1.png?strip=all","contentUrl":"https:\/\/erki24nd3ub.exactdn.com\/wp-content\/uploads\/dream\/img\/img_170985_645b02d7d67f2f82e0aa9f637ed406e3_1.png?strip=all","width":750,"height":750},{"@type":"BreadcrumbList","@id":"https:\/\/lovme.pt\/index.php\/produto\/chilirose-tapa-mamilo-cr-4662-prata-e-preta\/#breadcrumb","itemListElement":[{"@type":"ListItem","position":1,"name":"In\u00edcio","item":"https:\/\/lovme.pt\/"},{"@type":"ListItem","position":2,"name":"Loja","item":"https:\/\/lovme.pt\/index.php\/loja\/"},{"@type":"ListItem","position":3,"name":"CHILIROSE &#8211; TAPA MAMILO CR 4662 PRATA E PRETA"}]},{"@type":"WebSite","@id":"https:\/\/lovme.pt\/#website","url":"https:\/\/lovme.pt\/","name":"Lovme Loja Er\u00f3tica N\u00ba1 em Portugal","description":"A melhor loja er\u00f3tica de Portugal.","alternateName":"Loja Er\u00f3tica Lovme","potentialAction":[{"@type":"SearchAction","target":{"@type":"EntryPoint","urlTemplate":"https:\/\/lovme.pt\/?s={search_term_string}"},"query-input":{"@type":"PropertyValueSpecification","valueRequired":true,"valueName":"search_term_string"}}],"inLanguage":"pt-PT"}]}},"_links":{"self":[{"href":"https:\/\/lovme.pt\/index.php\/wp-json\/wp\/v2\/product\/47448","targetHints":{"allow":["GET"]}}],"collection":[{"href":"https:\/\/lovme.pt\/index.php\/wp-json\/wp\/v2\/product"}],"about":[{"href":"https:\/\/lovme.pt\/index.php\/wp-json\/wp\/v2\/types\/product"}],"wp:featuredmedia":[{"embeddable":true,"href":"https:\/\/lovme.pt\/index.php\/wp-json\/wp\/v2\/media\/87263"}],"wp:attachment":[{"href":"https:\/\/lovme.pt\/index.php\/wp-json\/wp\/v2\/media?parent=47448"}],"wp:term":[{"taxonomy":"product_brand","embeddable":true,"href":"https:\/\/lovme.pt\/index.php\/wp-json\/wp\/v2\/product_brand?post=47448"},{"taxonomy":"product_cat","embeddable":true,"href":"https:\/\/lovme.pt\/index.php\/wp-json\/wp\/v2\/product_cat?post=47448"},{"taxonomy":"product_tag","embeddable":true,"href":"https:\/\/lovme.pt\/index.php\/wp-json\/wp\/v2\/product_tag?post=47448"}],"curies":[{"name":"wp","href":"https:\/\/api.w.org\/{rel}","templated":true}]}}