{"id":47435,"date":"2025-10-01T00:22:47","date_gmt":"2025-10-01T00:22:47","guid":{"rendered":"https:\/\/lovme.pt\/?post_type=product&#038;p=47435"},"modified":"2026-02-19T20:23:23","modified_gmt":"2026-02-19T20:23:23","slug":"chilirose-luvas-cr-4677-vermelhas","status":"publish","type":"product","link":"https:\/\/lovme.pt\/index.php\/produto\/chilirose-luvas-cr-4677-vermelhas\/","title":{"rendered":"CHILIROSE &#8211; CR 4677 GUANTES ROJO"},"content":{"rendered":"<p><strong>CR 4677<\/strong> imagine deslizar as m\u00e3os na suavidade do cetim enquanto mergulha em um mundo de eleg\u00e2ncia e sofistica\u00e7\u00e3o com nossas requintadas luvas de cetim com babados, bordados e p\u00e9rolas. cristal brilhante. Estas luvas s\u00e3o muito mais que um acess\u00f3rio; Eles s\u00e3o uma declara\u00e7\u00e3o de estilo que elevar\u00e1 o seu estilo. Levar\u00e1 qualquer roupa a novos patamares de glamour e distin\u00e7\u00e3o.<\/p>\n<p>Feitas com o cetim mais fino e delicado, essas luvas envolvem suas m\u00e3os com um toque luxuoso e sedoso que vai fazer voc\u00ea desmaiar. sinta-se como o protagonista de um conto de fadas. O tecido macio desliza graciosamente sobre a pele, oferecendo uma sensa\u00e7\u00e3o de conforto e eleg\u00e2ncia que far\u00e1 voc\u00ea se sentir confort\u00e1vel. se destaque em qualquer ocasi\u00e3o.<\/p>\n<p>Quer as use para uma ocasi\u00e3o especial, como um casamento ou uma gala, ou simplesmente para adicionar um toque de eleg\u00e2ncia ao seu traje do dia a dia, estas luvas s\u00e3o o acess\u00f3rio perfeito para real\u00e7ar o seu estilo e personalidade. O seu design intemporal e sofisticado torna-os numa pe\u00e7a vers\u00e1til que ir\u00e1 complementar a sua casa. uma grande variedade de looks, dos mais formais aos mais informais.<\/p>\n<p><u><strong>CARACTER\u00cdSTICAS:<\/strong><\/u><\/p>\n<ul>\n<li>Luvas de cetim com babados, bordados e p\u00e9rolas de cristal brilhantes<\/li>\n<li>90% Poli\u00e9ster, 10% Elastano<\/li>\n<li>Cores: Vermelho e Preto<\/li>\n<\/ul>\n<p><span display:=\"id=\" style=\"\">\u00a0<\/span><\/p>\n<p>A marca <strong>CHILROSE<\/strong> foi criada em 2008 e a nossa miss\u00e3o \u00e9 oferecer lingerie sensual e excitante aos nossos clientes a um pre\u00e7o competitivo. Agora em 2022, ap\u00f3s 14 anos, somos uma das principais empresas de lingerie ex\u00f3tica e temos uma grande cole\u00e7\u00e3o de pijamas, vestidos, roup\u00f5es, espartilhos, vestidos, roupas para baladas e muito mais. Nosso rigoroso controle de qualidade garante total satisfa\u00e7\u00e3o aos nossos clientes e torna a venda um prazer. Tomamos especial cuidado na sele\u00e7\u00e3o de nossos materiais e m\u00e3o de obra. Oferecemos regularmente novos estilos fant\u00e1sticos e esperamos surpreend\u00ea-lo positivamente sempre.<\/p>\n","protected":false},"excerpt":{"rendered":"<p>CHILIROSE &#8211; LUVAS CR 4677 VERMELHAS<\/p>\n","protected":false},"featured_media":87203,"template":"","meta":{"_acf_changed":false},"product_brand":[],"product_cat":[50,47,66,115],"product_tag":[],"class_list":{"0":"post-47435","1":"product","2":"type-product","3":"status-publish","4":"has-post-thumbnail","6":"product_cat-complementos-e-acessorios","7":"product_cat-lingerie","8":"product_cat-lingerie-feminina","9":"product_cat-ofertas","10":"yith_product_brand-chilirose","11":"yith_product_brand-chilirosechilirose-accesories","13":"first","14":"instock","15":"taxable","16":"shipping-taxable","17":"purchasable","18":"product-type-variable","19":"has-default-attributes"},"acf":[],"yoast_head":"<!-- This site is optimized with the Yoast SEO plugin v27.4 - https:\/\/yoast.com\/product\/yoast-seo-wordpress\/ -->\n<title>CHILIROSE - CR 4677 GUANTES ROJO - Lovme<\/title>\n<meta name=\"robots\" content=\"index, follow, max-snippet:-1, max-image-preview:large, max-video-preview:-1\" \/>\n<link rel=\"canonical\" href=\"https:\/\/lovme.pt\/index.php\/produto\/chilirose-luvas-cr-4677-vermelhas\/\" \/>\n<meta property=\"og:locale\" content=\"pt_PT\" \/>\n<meta property=\"og:type\" content=\"article\" \/>\n<meta property=\"og:title\" content=\"CHILIROSE - CR 4677 GUANTES ROJO - Lovme\" \/>\n<meta property=\"og:description\" content=\"CHILIROSE - LUVAS CR 4677 VERMELHAS\" \/>\n<meta property=\"og:url\" content=\"https:\/\/lovme.pt\/index.php\/produto\/chilirose-luvas-cr-4677-vermelhas\/\" \/>\n<meta property=\"og:site_name\" content=\"Lovme\" \/>\n<meta property=\"article:modified_time\" content=\"2026-02-19T20:23:23+00:00\" \/>\n<meta property=\"og:image\" content=\"https:\/\/erki24nd3ub.exactdn.com\/wp-content\/uploads\/dream\/img\/img_172879_6af5b1dfa53157458c8e598c29436207_1.jpg?strip=all\" \/>\n\t<meta property=\"og:image:width\" content=\"900\" \/>\n\t<meta property=\"og:image:height\" content=\"900\" \/>\n\t<meta property=\"og:image:type\" content=\"image\/jpeg\" \/>\n<meta name=\"twitter:card\" content=\"summary_large_image\" \/>\n<meta name=\"twitter:label1\" content=\"Tempo estimado de leitura\" \/>\n\t<meta name=\"twitter:data1\" content=\"2 minutos\" \/>\n<script type=\"application\/ld+json\" class=\"yoast-schema-graph\">{\"@context\":\"https:\\\/\\\/schema.org\",\"@graph\":[{\"@type\":\"WebPage\",\"@id\":\"https:\\\/\\\/lovme.pt\\\/index.php\\\/produto\\\/chilirose-luvas-cr-4677-vermelhas\\\/\",\"url\":\"https:\\\/\\\/lovme.pt\\\/index.php\\\/produto\\\/chilirose-luvas-cr-4677-vermelhas\\\/\",\"name\":\"CHILIROSE - CR 4677 GUANTES ROJO - Lovme\",\"isPartOf\":{\"@id\":\"https:\\\/\\\/lovme.pt\\\/#website\"},\"primaryImageOfPage\":{\"@id\":\"https:\\\/\\\/lovme.pt\\\/index.php\\\/produto\\\/chilirose-luvas-cr-4677-vermelhas\\\/#primaryimage\"},\"image\":{\"@id\":\"https:\\\/\\\/lovme.pt\\\/index.php\\\/produto\\\/chilirose-luvas-cr-4677-vermelhas\\\/#primaryimage\"},\"thumbnailUrl\":\"https:\\\/\\\/erki24nd3ub.exactdn.com\\\/wp-content\\\/uploads\\\/dream\\\/img\\\/img_172879_6af5b1dfa53157458c8e598c29436207_1.jpg?strip=all\",\"datePublished\":\"2025-10-01T00:22:47+00:00\",\"dateModified\":\"2026-02-19T20:23:23+00:00\",\"breadcrumb\":{\"@id\":\"https:\\\/\\\/lovme.pt\\\/index.php\\\/produto\\\/chilirose-luvas-cr-4677-vermelhas\\\/#breadcrumb\"},\"inLanguage\":\"pt-PT\",\"potentialAction\":[{\"@type\":\"ReadAction\",\"target\":[\"https:\\\/\\\/lovme.pt\\\/index.php\\\/produto\\\/chilirose-luvas-cr-4677-vermelhas\\\/\"]}]},{\"@type\":\"ImageObject\",\"inLanguage\":\"pt-PT\",\"@id\":\"https:\\\/\\\/lovme.pt\\\/index.php\\\/produto\\\/chilirose-luvas-cr-4677-vermelhas\\\/#primaryimage\",\"url\":\"https:\\\/\\\/erki24nd3ub.exactdn.com\\\/wp-content\\\/uploads\\\/dream\\\/img\\\/img_172879_6af5b1dfa53157458c8e598c29436207_1.jpg?strip=all\",\"contentUrl\":\"https:\\\/\\\/erki24nd3ub.exactdn.com\\\/wp-content\\\/uploads\\\/dream\\\/img\\\/img_172879_6af5b1dfa53157458c8e598c29436207_1.jpg?strip=all\",\"width\":900,\"height\":900},{\"@type\":\"BreadcrumbList\",\"@id\":\"https:\\\/\\\/lovme.pt\\\/index.php\\\/produto\\\/chilirose-luvas-cr-4677-vermelhas\\\/#breadcrumb\",\"itemListElement\":[{\"@type\":\"ListItem\",\"position\":1,\"name\":\"In\u00edcio\",\"item\":\"https:\\\/\\\/lovme.pt\\\/\"},{\"@type\":\"ListItem\",\"position\":2,\"name\":\"Loja\",\"item\":\"https:\\\/\\\/lovme.pt\\\/index.php\\\/loja\\\/\"},{\"@type\":\"ListItem\",\"position\":3,\"name\":\"CHILIROSE &#8211; CR 4677 GUANTES ROJO\"}]},{\"@type\":\"WebSite\",\"@id\":\"https:\\\/\\\/lovme.pt\\\/#website\",\"url\":\"https:\\\/\\\/lovme.pt\\\/\",\"name\":\"Lovme Loja Er\u00f3tica N\u00ba1 em Portugal\",\"description\":\"A melhor loja er\u00f3tica de Portugal.\",\"alternateName\":\"Loja Er\u00f3tica Lovme\",\"potentialAction\":[{\"@type\":\"SearchAction\",\"target\":{\"@type\":\"EntryPoint\",\"urlTemplate\":\"https:\\\/\\\/lovme.pt\\\/?s={search_term_string}\"},\"query-input\":{\"@type\":\"PropertyValueSpecification\",\"valueRequired\":true,\"valueName\":\"search_term_string\"}}],\"inLanguage\":\"pt-PT\"}]}<\/script>\n<!-- \/ Yoast SEO plugin. -->","yoast_head_json":{"title":"CHILIROSE - CR 4677 GUANTES ROJO - Lovme","robots":{"index":"index","follow":"follow","max-snippet":"max-snippet:-1","max-image-preview":"max-image-preview:large","max-video-preview":"max-video-preview:-1"},"canonical":"https:\/\/lovme.pt\/index.php\/produto\/chilirose-luvas-cr-4677-vermelhas\/","og_locale":"pt_PT","og_type":"article","og_title":"CHILIROSE - CR 4677 GUANTES ROJO - Lovme","og_description":"CHILIROSE - LUVAS CR 4677 VERMELHAS","og_url":"https:\/\/lovme.pt\/index.php\/produto\/chilirose-luvas-cr-4677-vermelhas\/","og_site_name":"Lovme","article_modified_time":"2026-02-19T20:23:23+00:00","og_image":[{"width":900,"height":900,"url":"https:\/\/erki24nd3ub.exactdn.com\/wp-content\/uploads\/dream\/img\/img_172879_6af5b1dfa53157458c8e598c29436207_1.jpg?strip=all","type":"image\/jpeg"}],"twitter_card":"summary_large_image","twitter_misc":{"Tempo estimado de leitura":"2 minutos"},"schema":{"@context":"https:\/\/schema.org","@graph":[{"@type":"WebPage","@id":"https:\/\/lovme.pt\/index.php\/produto\/chilirose-luvas-cr-4677-vermelhas\/","url":"https:\/\/lovme.pt\/index.php\/produto\/chilirose-luvas-cr-4677-vermelhas\/","name":"CHILIROSE - CR 4677 GUANTES ROJO - Lovme","isPartOf":{"@id":"https:\/\/lovme.pt\/#website"},"primaryImageOfPage":{"@id":"https:\/\/lovme.pt\/index.php\/produto\/chilirose-luvas-cr-4677-vermelhas\/#primaryimage"},"image":{"@id":"https:\/\/lovme.pt\/index.php\/produto\/chilirose-luvas-cr-4677-vermelhas\/#primaryimage"},"thumbnailUrl":"https:\/\/erki24nd3ub.exactdn.com\/wp-content\/uploads\/dream\/img\/img_172879_6af5b1dfa53157458c8e598c29436207_1.jpg?strip=all","datePublished":"2025-10-01T00:22:47+00:00","dateModified":"2026-02-19T20:23:23+00:00","breadcrumb":{"@id":"https:\/\/lovme.pt\/index.php\/produto\/chilirose-luvas-cr-4677-vermelhas\/#breadcrumb"},"inLanguage":"pt-PT","potentialAction":[{"@type":"ReadAction","target":["https:\/\/lovme.pt\/index.php\/produto\/chilirose-luvas-cr-4677-vermelhas\/"]}]},{"@type":"ImageObject","inLanguage":"pt-PT","@id":"https:\/\/lovme.pt\/index.php\/produto\/chilirose-luvas-cr-4677-vermelhas\/#primaryimage","url":"https:\/\/erki24nd3ub.exactdn.com\/wp-content\/uploads\/dream\/img\/img_172879_6af5b1dfa53157458c8e598c29436207_1.jpg?strip=all","contentUrl":"https:\/\/erki24nd3ub.exactdn.com\/wp-content\/uploads\/dream\/img\/img_172879_6af5b1dfa53157458c8e598c29436207_1.jpg?strip=all","width":900,"height":900},{"@type":"BreadcrumbList","@id":"https:\/\/lovme.pt\/index.php\/produto\/chilirose-luvas-cr-4677-vermelhas\/#breadcrumb","itemListElement":[{"@type":"ListItem","position":1,"name":"In\u00edcio","item":"https:\/\/lovme.pt\/"},{"@type":"ListItem","position":2,"name":"Loja","item":"https:\/\/lovme.pt\/index.php\/loja\/"},{"@type":"ListItem","position":3,"name":"CHILIROSE &#8211; CR 4677 GUANTES ROJO"}]},{"@type":"WebSite","@id":"https:\/\/lovme.pt\/#website","url":"https:\/\/lovme.pt\/","name":"Lovme Loja Er\u00f3tica N\u00ba1 em Portugal","description":"A melhor loja er\u00f3tica de Portugal.","alternateName":"Loja Er\u00f3tica Lovme","potentialAction":[{"@type":"SearchAction","target":{"@type":"EntryPoint","urlTemplate":"https:\/\/lovme.pt\/?s={search_term_string}"},"query-input":{"@type":"PropertyValueSpecification","valueRequired":true,"valueName":"search_term_string"}}],"inLanguage":"pt-PT"}]}},"_links":{"self":[{"href":"https:\/\/lovme.pt\/index.php\/wp-json\/wp\/v2\/product\/47435","targetHints":{"allow":["GET"]}}],"collection":[{"href":"https:\/\/lovme.pt\/index.php\/wp-json\/wp\/v2\/product"}],"about":[{"href":"https:\/\/lovme.pt\/index.php\/wp-json\/wp\/v2\/types\/product"}],"wp:featuredmedia":[{"embeddable":true,"href":"https:\/\/lovme.pt\/index.php\/wp-json\/wp\/v2\/media\/87203"}],"wp:attachment":[{"href":"https:\/\/lovme.pt\/index.php\/wp-json\/wp\/v2\/media?parent=47435"}],"wp:term":[{"taxonomy":"product_brand","embeddable":true,"href":"https:\/\/lovme.pt\/index.php\/wp-json\/wp\/v2\/product_brand?post=47435"},{"taxonomy":"product_cat","embeddable":true,"href":"https:\/\/lovme.pt\/index.php\/wp-json\/wp\/v2\/product_cat?post=47435"},{"taxonomy":"product_tag","embeddable":true,"href":"https:\/\/lovme.pt\/index.php\/wp-json\/wp\/v2\/product_tag?post=47435"}],"curies":[{"name":"wp","href":"https:\/\/api.w.org\/{rel}","templated":true}]}}