{"id":47426,"date":"2025-10-01T00:52:37","date_gmt":"2025-10-01T00:52:37","guid":{"rendered":"https:\/\/lovme.pt\/?post_type=product&#038;p=47426"},"modified":"2026-02-19T20:23:27","modified_gmt":"2026-02-19T20:23:27","slug":"chilirose-cr-4353-conjunto-quatro-peas-vermelho-e-preto-s-m","status":"publish","type":"product","link":"https:\/\/lovme.pt\/index.php\/produto\/chilirose-cr-4353-conjunto-quatro-peas-vermelho-e-preto-s-m\/","title":{"rendered":"CHILIROSE &#8211; CR 4353 SET CUATRO PIEZAS ROJO  NEGRO S\/M"},"content":{"rendered":"<p><strong>CR 4353<\/strong> Mergulhe em um mundo de sensualidade e provoca\u00e7\u00e3o com nosso conjunto, uma cria\u00e7\u00e3o cativante pensada para despertar paix\u00e3o e sedu\u00e7\u00e3o a cada momento. ;\u00edntimo. Cuidadosamente elaborado para oferecer conforto e estilo, este conjunto ir\u00e1 transport\u00e1-lo para o momento. para um mundo de sensualidade e autoconfian\u00e7a.<\/p>\n<p> \u00c9 a escolha perfeita para quem busca vivenciar a sensualidade e o erotismo em sua express\u00e3o m\u00e1xima. Com a sua combina\u00e7\u00e3o de materiais de alta qualidade, design provocante e detalhes sedutores, este conjunto promete levar os seus encontros \u00edntimos a novos patamares de paix\u00e3o e desejo. \u00c9 a chave para libertar as suas fantasias mais ousadas e descobrir um mundo de prazer ilimitado.<\/p>\n<p> <u><strong>CARACTER\u00cdSTICAS:<\/strong><\/u><\/p>\n<ul>\n<li> Conjunto &#8211; 4 pe\u00e7as<\/li>\n<li> Feito de renda delicada e el\u00e1stica com motivo floral<\/li>\n<li> O conjunto inclui:\n<ul>\n<li> Suti\u00e3 amarrado no pesco\u00e7o e nas costas<\/li>\n<li> Tanga com el\u00e1sticos ajust\u00e1veis e cord\u00e3o no pesco\u00e7o<\/li>\n<li> De olhos vendados<\/li>\n<li> Luvas com dedos abertos<\/li>\n<\/ul>\n<\/li>\n<li> Dispon\u00edvel em S\/M e L\/XL <\/li>\n<\/ul>\n<p><span display:=\"id=\" style=\"\">\u00a0<\/span><\/p>\n<p> A marca <strong>CHILROSE<\/strong> foi criada em 2008 e a nossa miss\u00e3o \u00e9 oferecer lingerie sensual e excitante aos nossos clientes a um pre\u00e7o competitivo. Agora em 2022, ap\u00f3s 14 anos, somos uma das principais empresas de lingerie ex\u00f3tica e temos uma grande cole\u00e7\u00e3o de pijamas, vestidos, roup\u00f5es, espartilhos, vestidos, roupas para baladas e muito mais. Nosso rigoroso controle de qualidade garante total satisfa\u00e7\u00e3o aos nossos clientes e torna a venda um prazer. Tomamos especial cuidado na sele\u00e7\u00e3o de nossos materiais e m\u00e3o de obra. Oferecemos regularmente novos estilos fant\u00e1sticos e esperamos surpreend\u00ea-lo positivamente sempre.<\/p>\n","protected":false},"excerpt":{"rendered":"<p>CHILIROSE &#8211; CR 4353 CONJUNTO QUATRO PEAS VERMELHO E PRETO S\/M<\/p>\n","protected":false},"featured_media":91756,"template":"","meta":{"_acf_changed":false},"product_brand":[],"product_cat":[47,66],"product_tag":[],"class_list":{"0":"post-47426","1":"product","2":"type-product","3":"status-publish","4":"has-post-thumbnail","6":"product_cat-lingerie","7":"product_cat-lingerie-feminina","8":"yith_product_brand-chilirose","9":"yith_product_brand-chilirosechilirose-sets","11":"first","12":"instock","13":"taxable","14":"shipping-taxable","15":"purchasable","16":"product-type-variable","17":"has-default-attributes"},"acf":[],"yoast_head":"<!-- This site is optimized with the Yoast SEO plugin v27.4 - https:\/\/yoast.com\/product\/yoast-seo-wordpress\/ -->\n<title>CHILIROSE - CR 4353 SET CUATRO PIEZAS ROJO NEGRO S\/M - Lovme<\/title>\n<meta name=\"robots\" content=\"index, follow, max-snippet:-1, max-image-preview:large, max-video-preview:-1\" \/>\n<link rel=\"canonical\" href=\"https:\/\/lovme.pt\/index.php\/produto\/chilirose-cr-4353-conjunto-quatro-peas-vermelho-e-preto-s-m\/\" \/>\n<meta property=\"og:locale\" content=\"pt_PT\" \/>\n<meta property=\"og:type\" content=\"article\" \/>\n<meta property=\"og:title\" content=\"CHILIROSE - CR 4353 SET CUATRO PIEZAS ROJO NEGRO S\/M - Lovme\" \/>\n<meta property=\"og:description\" content=\"CHILIROSE - CR 4353 CONJUNTO QUATRO PEAS VERMELHO E PRETO S\/M\" \/>\n<meta property=\"og:url\" content=\"https:\/\/lovme.pt\/index.php\/produto\/chilirose-cr-4353-conjunto-quatro-peas-vermelho-e-preto-s-m\/\" \/>\n<meta property=\"og:site_name\" content=\"Lovme\" \/>\n<meta property=\"article:modified_time\" content=\"2026-02-19T20:23:27+00:00\" \/>\n<meta property=\"og:image\" content=\"https:\/\/erki24nd3ub.exactdn.com\/wp-content\/uploads\/dream\/img\/img_172686_c7fe80a965219a085f69a671d58a0327_1.jpg?strip=all\" \/>\n\t<meta property=\"og:image:width\" content=\"800\" \/>\n\t<meta property=\"og:image:height\" content=\"800\" \/>\n\t<meta property=\"og:image:type\" content=\"image\/jpeg\" \/>\n<meta name=\"twitter:card\" content=\"summary_large_image\" \/>\n<meta name=\"twitter:label1\" content=\"Tempo estimado de leitura\" \/>\n\t<meta name=\"twitter:data1\" content=\"1 minuto\" \/>\n<script type=\"application\/ld+json\" class=\"yoast-schema-graph\">{\"@context\":\"https:\\\/\\\/schema.org\",\"@graph\":[{\"@type\":\"WebPage\",\"@id\":\"https:\\\/\\\/lovme.pt\\\/index.php\\\/produto\\\/chilirose-cr-4353-conjunto-quatro-peas-vermelho-e-preto-s-m\\\/\",\"url\":\"https:\\\/\\\/lovme.pt\\\/index.php\\\/produto\\\/chilirose-cr-4353-conjunto-quatro-peas-vermelho-e-preto-s-m\\\/\",\"name\":\"CHILIROSE - CR 4353 SET CUATRO PIEZAS ROJO NEGRO S\\\/M - Lovme\",\"isPartOf\":{\"@id\":\"https:\\\/\\\/lovme.pt\\\/#website\"},\"primaryImageOfPage\":{\"@id\":\"https:\\\/\\\/lovme.pt\\\/index.php\\\/produto\\\/chilirose-cr-4353-conjunto-quatro-peas-vermelho-e-preto-s-m\\\/#primaryimage\"},\"image\":{\"@id\":\"https:\\\/\\\/lovme.pt\\\/index.php\\\/produto\\\/chilirose-cr-4353-conjunto-quatro-peas-vermelho-e-preto-s-m\\\/#primaryimage\"},\"thumbnailUrl\":\"https:\\\/\\\/erki24nd3ub.exactdn.com\\\/wp-content\\\/uploads\\\/dream\\\/img\\\/img_172686_c7fe80a965219a085f69a671d58a0327_1.jpg?strip=all\",\"datePublished\":\"2025-10-01T00:52:37+00:00\",\"dateModified\":\"2026-02-19T20:23:27+00:00\",\"breadcrumb\":{\"@id\":\"https:\\\/\\\/lovme.pt\\\/index.php\\\/produto\\\/chilirose-cr-4353-conjunto-quatro-peas-vermelho-e-preto-s-m\\\/#breadcrumb\"},\"inLanguage\":\"pt-PT\",\"potentialAction\":[{\"@type\":\"ReadAction\",\"target\":[\"https:\\\/\\\/lovme.pt\\\/index.php\\\/produto\\\/chilirose-cr-4353-conjunto-quatro-peas-vermelho-e-preto-s-m\\\/\"]}]},{\"@type\":\"ImageObject\",\"inLanguage\":\"pt-PT\",\"@id\":\"https:\\\/\\\/lovme.pt\\\/index.php\\\/produto\\\/chilirose-cr-4353-conjunto-quatro-peas-vermelho-e-preto-s-m\\\/#primaryimage\",\"url\":\"https:\\\/\\\/erki24nd3ub.exactdn.com\\\/wp-content\\\/uploads\\\/dream\\\/img\\\/img_172686_c7fe80a965219a085f69a671d58a0327_1.jpg?strip=all\",\"contentUrl\":\"https:\\\/\\\/erki24nd3ub.exactdn.com\\\/wp-content\\\/uploads\\\/dream\\\/img\\\/img_172686_c7fe80a965219a085f69a671d58a0327_1.jpg?strip=all\",\"width\":800,\"height\":800},{\"@type\":\"BreadcrumbList\",\"@id\":\"https:\\\/\\\/lovme.pt\\\/index.php\\\/produto\\\/chilirose-cr-4353-conjunto-quatro-peas-vermelho-e-preto-s-m\\\/#breadcrumb\",\"itemListElement\":[{\"@type\":\"ListItem\",\"position\":1,\"name\":\"In\u00edcio\",\"item\":\"https:\\\/\\\/lovme.pt\\\/\"},{\"@type\":\"ListItem\",\"position\":2,\"name\":\"Loja\",\"item\":\"https:\\\/\\\/lovme.pt\\\/index.php\\\/loja\\\/\"},{\"@type\":\"ListItem\",\"position\":3,\"name\":\"CHILIROSE &#8211; CR 4353 SET CUATRO PIEZAS ROJO NEGRO S\\\/M\"}]},{\"@type\":\"WebSite\",\"@id\":\"https:\\\/\\\/lovme.pt\\\/#website\",\"url\":\"https:\\\/\\\/lovme.pt\\\/\",\"name\":\"Lovme Loja Er\u00f3tica N\u00ba1 em Portugal\",\"description\":\"A melhor loja er\u00f3tica de Portugal.\",\"alternateName\":\"Loja Er\u00f3tica Lovme\",\"potentialAction\":[{\"@type\":\"SearchAction\",\"target\":{\"@type\":\"EntryPoint\",\"urlTemplate\":\"https:\\\/\\\/lovme.pt\\\/?s={search_term_string}\"},\"query-input\":{\"@type\":\"PropertyValueSpecification\",\"valueRequired\":true,\"valueName\":\"search_term_string\"}}],\"inLanguage\":\"pt-PT\"}]}<\/script>\n<!-- \/ Yoast SEO plugin. -->","yoast_head_json":{"title":"CHILIROSE - CR 4353 SET CUATRO PIEZAS ROJO NEGRO S\/M - Lovme","robots":{"index":"index","follow":"follow","max-snippet":"max-snippet:-1","max-image-preview":"max-image-preview:large","max-video-preview":"max-video-preview:-1"},"canonical":"https:\/\/lovme.pt\/index.php\/produto\/chilirose-cr-4353-conjunto-quatro-peas-vermelho-e-preto-s-m\/","og_locale":"pt_PT","og_type":"article","og_title":"CHILIROSE - CR 4353 SET CUATRO PIEZAS ROJO NEGRO S\/M - Lovme","og_description":"CHILIROSE - CR 4353 CONJUNTO QUATRO PEAS VERMELHO E PRETO S\/M","og_url":"https:\/\/lovme.pt\/index.php\/produto\/chilirose-cr-4353-conjunto-quatro-peas-vermelho-e-preto-s-m\/","og_site_name":"Lovme","article_modified_time":"2026-02-19T20:23:27+00:00","og_image":[{"width":800,"height":800,"url":"https:\/\/erki24nd3ub.exactdn.com\/wp-content\/uploads\/dream\/img\/img_172686_c7fe80a965219a085f69a671d58a0327_1.jpg?strip=all","type":"image\/jpeg"}],"twitter_card":"summary_large_image","twitter_misc":{"Tempo estimado de leitura":"1 minuto"},"schema":{"@context":"https:\/\/schema.org","@graph":[{"@type":"WebPage","@id":"https:\/\/lovme.pt\/index.php\/produto\/chilirose-cr-4353-conjunto-quatro-peas-vermelho-e-preto-s-m\/","url":"https:\/\/lovme.pt\/index.php\/produto\/chilirose-cr-4353-conjunto-quatro-peas-vermelho-e-preto-s-m\/","name":"CHILIROSE - CR 4353 SET CUATRO PIEZAS ROJO NEGRO S\/M - Lovme","isPartOf":{"@id":"https:\/\/lovme.pt\/#website"},"primaryImageOfPage":{"@id":"https:\/\/lovme.pt\/index.php\/produto\/chilirose-cr-4353-conjunto-quatro-peas-vermelho-e-preto-s-m\/#primaryimage"},"image":{"@id":"https:\/\/lovme.pt\/index.php\/produto\/chilirose-cr-4353-conjunto-quatro-peas-vermelho-e-preto-s-m\/#primaryimage"},"thumbnailUrl":"https:\/\/erki24nd3ub.exactdn.com\/wp-content\/uploads\/dream\/img\/img_172686_c7fe80a965219a085f69a671d58a0327_1.jpg?strip=all","datePublished":"2025-10-01T00:52:37+00:00","dateModified":"2026-02-19T20:23:27+00:00","breadcrumb":{"@id":"https:\/\/lovme.pt\/index.php\/produto\/chilirose-cr-4353-conjunto-quatro-peas-vermelho-e-preto-s-m\/#breadcrumb"},"inLanguage":"pt-PT","potentialAction":[{"@type":"ReadAction","target":["https:\/\/lovme.pt\/index.php\/produto\/chilirose-cr-4353-conjunto-quatro-peas-vermelho-e-preto-s-m\/"]}]},{"@type":"ImageObject","inLanguage":"pt-PT","@id":"https:\/\/lovme.pt\/index.php\/produto\/chilirose-cr-4353-conjunto-quatro-peas-vermelho-e-preto-s-m\/#primaryimage","url":"https:\/\/erki24nd3ub.exactdn.com\/wp-content\/uploads\/dream\/img\/img_172686_c7fe80a965219a085f69a671d58a0327_1.jpg?strip=all","contentUrl":"https:\/\/erki24nd3ub.exactdn.com\/wp-content\/uploads\/dream\/img\/img_172686_c7fe80a965219a085f69a671d58a0327_1.jpg?strip=all","width":800,"height":800},{"@type":"BreadcrumbList","@id":"https:\/\/lovme.pt\/index.php\/produto\/chilirose-cr-4353-conjunto-quatro-peas-vermelho-e-preto-s-m\/#breadcrumb","itemListElement":[{"@type":"ListItem","position":1,"name":"In\u00edcio","item":"https:\/\/lovme.pt\/"},{"@type":"ListItem","position":2,"name":"Loja","item":"https:\/\/lovme.pt\/index.php\/loja\/"},{"@type":"ListItem","position":3,"name":"CHILIROSE &#8211; CR 4353 SET CUATRO PIEZAS ROJO NEGRO S\/M"}]},{"@type":"WebSite","@id":"https:\/\/lovme.pt\/#website","url":"https:\/\/lovme.pt\/","name":"Lovme Loja Er\u00f3tica N\u00ba1 em Portugal","description":"A melhor loja er\u00f3tica de Portugal.","alternateName":"Loja Er\u00f3tica Lovme","potentialAction":[{"@type":"SearchAction","target":{"@type":"EntryPoint","urlTemplate":"https:\/\/lovme.pt\/?s={search_term_string}"},"query-input":{"@type":"PropertyValueSpecification","valueRequired":true,"valueName":"search_term_string"}}],"inLanguage":"pt-PT"}]}},"_links":{"self":[{"href":"https:\/\/lovme.pt\/index.php\/wp-json\/wp\/v2\/product\/47426","targetHints":{"allow":["GET"]}}],"collection":[{"href":"https:\/\/lovme.pt\/index.php\/wp-json\/wp\/v2\/product"}],"about":[{"href":"https:\/\/lovme.pt\/index.php\/wp-json\/wp\/v2\/types\/product"}],"wp:featuredmedia":[{"embeddable":true,"href":"https:\/\/lovme.pt\/index.php\/wp-json\/wp\/v2\/media\/91756"}],"wp:attachment":[{"href":"https:\/\/lovme.pt\/index.php\/wp-json\/wp\/v2\/media?parent=47426"}],"wp:term":[{"taxonomy":"product_brand","embeddable":true,"href":"https:\/\/lovme.pt\/index.php\/wp-json\/wp\/v2\/product_brand?post=47426"},{"taxonomy":"product_cat","embeddable":true,"href":"https:\/\/lovme.pt\/index.php\/wp-json\/wp\/v2\/product_cat?post=47426"},{"taxonomy":"product_tag","embeddable":true,"href":"https:\/\/lovme.pt\/index.php\/wp-json\/wp\/v2\/product_tag?post=47426"}],"curies":[{"name":"wp","href":"https:\/\/api.w.org\/{rel}","templated":true}]}}