{"id":47371,"date":"2025-10-01T00:21:28","date_gmt":"2025-10-01T00:21:28","guid":{"rendered":"https:\/\/lovme.pt\/?post_type=product&#038;p=47371"},"modified":"2026-02-19T20:23:22","modified_gmt":"2026-02-19T20:23:22","slug":"chilirose-cr-4425-traje-escola-preta-s-m","status":"publish","type":"product","link":"https:\/\/lovme.pt\/index.php\/produto\/chilirose-cr-4425-traje-escola-preta-s-m\/","title":{"rendered":"CHILIROSE &#8211; CR 4425 DISFRAZ COLEGIALA NEGRO"},"content":{"rendered":"<p><strong>CR 4425<\/strong> o conjunto completo oferece uma representa\u00e7\u00e3o tem\u00e1tica e sensual com essas sete pe\u00e7as, o traje de colegial \u00e9 confeccionado em 100% algod\u00e3o. Completo e pronto para ser usado em festas tem\u00e1ticas, eventos \u00e0 fantasia ou qualquer ocasi\u00e3o que exija um toque de divers\u00e3o e nostalgia escolar.<\/p>\n<p> O top preto de manga curta \u00e9 uma parte essencial do traje de colegial. Muitas vezes, esse tipo de top \u00e9 justo para destacar a figura e costuma ser b\u00e1sico para contrastar com a saia e outros acess\u00f3rios.<\/p>\n<p> A minissaia xadrez \u00e9 um cl\u00e1ssico nas fantasias de colegial. Geralmente \u00e9 curto e plissado, evocando o uniforme t\u00edpico das alunas. Os xadrez s\u00e3o um diferencial desse tipo de saia. O cinto saia pode ser um acess\u00f3rio opcional para adicionar um toque extra de detalhe \u00e0 saia e ajust\u00e1-la de acordo com a prefer\u00eancia do usu\u00e1rio.<\/p>\n<p> Os \u00f3culos s\u00e3o um acess\u00f3rio ic\u00f4nico que completa o visual intelectual de uma colegial. Podem ter aros grossos e dar um toque de inoc\u00eancia e seriedade ao traje. A gravata \u00e9 outro elemento caracter\u00edstico do uniforme escolar. Neste caso, provavelmente \u00e9 uma pequena gravata ou gravata borboleta que combina com o estilo da colegial.<\/p>\n<p> <u><strong>CARACTER\u00cdSTICAS:<\/strong><\/u><\/p>\n<ul>\n<li> Fato de colegial 7 pe\u00e7as<\/li>\n<li> O conjunto consiste em:\n<ul>\n<li> Top preto de manga curta<\/li>\n<li> Minissaia xadrez<\/li>\n<li> Copos<\/li>\n<li> Gravata<\/li>\n<li> Cinto de saia<\/li>\n<li> Correia<\/li>\n<li> Meias<\/li>\n<\/ul>\n<\/li>\n<li> A fantasia perfeita para o carnaval ou para presentear!<\/li>\n<li> 90% Poliamida, 10% Elastano<\/li>\n<li> Dispon\u00edvel em S\/M e L\/XL<\/li>\n<\/ul>\n<p> A marca <strong>CHILIROSE<\/strong> foi criada em 2008 e a nossa miss\u00e3o \u00e9 oferecer lingerie sensual e excitante aos nossos clientes a um pre\u00e7o competitivo. Agora em 2022, ap\u00f3s 14 anos, somos uma das principais empresas de lingerie ex\u00f3tica e temos uma grande cole\u00e7\u00e3o de pijamas, vestidos, roup\u00f5es, espartilhos, vestidos, roupas para baladas e muito mais. Nosso rigoroso controle de qualidade garante total satisfa\u00e7\u00e3o aos nossos clientes e torna a venda um prazer. Tomamos especial cuidado na sele\u00e7\u00e3o de nossos materiais e m\u00e3o de obra. Oferecemos regularmente novos estilos fant\u00e1sticos e esperamos surpreend\u00ea-lo positivamente sempre. <\/p>\n<p>\u00a0<\/p>\n<table border=\"1\" cellpadding=\"0\" cellspacing=\"0\" width=\"832\">\n<tbody>\n<tr height=\"23\" style=\"border: 1px solid black;\">\n<td class=\"xl72\" colspan=\"8\" height=\"23\" style=\"text-align: center; border: 1px solid black;\" width=\"832\"><b>TABELA DE TAMANHOS<\/b><\/td>\n<\/tr>\n<tr height=\"23\" style=\"border: 1px solid black;\">\n<td class=\"xl73\" colspan=\"2\" height=\"23\" style=\"text-align: center; border: 1px solid black;\"><strong>TAMANHO<\/strong><\/td>\n<td class=\"xl71\" style=\"text-align: center; border: 1px solid black;\" width=\"104\"><strong>S<\/strong><\/td>\n<td class=\"xl71\" style=\"text-align: center; border: 1px solid black;\" width=\"104\"><strong>M<\/strong><\/td>\n<td class=\"xl71\" style=\"text-align: center; border: 1px solid black;\" width=\"104\"><strong>L<\/strong><\/td>\n<td class=\"xl71\" style=\"text-align: center; border: 1px solid black;\" width=\"104\"><strong>XL<\/strong><\/td>\n<td class=\"xl71\" style=\"text-align: center; border: 1px solid black;\" width=\"104\"><strong>XXL<\/strong><\/td>\n<td class=\"xl71\" style=\"text-align: center; border: 1px solid black;\" width=\"104\"><strong>S\/M\u00a0 \u00a0 L\/XL<\/strong><\/td>\n<\/tr>\n<tr>\n<td class=\"xl74\" colspan=\"2\" height=\"23\" style=\"text-align: center; border: 1px solid black;\" width=\"208\"><strong>Busto (cm)<\/strong><\/td>\n<td class=\"xl72\" style=\"text-align: center; border: 1px solid black;\" width=\"104\">85-89<\/td>\n<td class=\"xl72\" style=\"text-align: center; border: 1px solid black;\" width=\"104\">90-94<\/td>\n<td class=\"xl71\" style=\"text-align: center; border: 1px solid black;\" width=\"104\">95-99<\/td>\n<td class=\"xl71\" style=\"text-align: center; border: 1px solid black;\" width=\"104\">100-104<\/td>\n<td class=\"xl71\" style=\"text-align: center; border: 1px solid black;\" width=\"104\">105-109<\/td>\n<td class=\"xl71\" style=\"text-align: center; border: 1px solid black;\" width=\"104\">85-94  95-104<\/td>\n<\/tr>\n<tr>\n<td class=\"xl74\" colspan=\"2\" height=\"23\" style=\"text-align: center; border: 1px solid black;\" width=\"208\"><strong>Busto baixo (cm)<\/strong><\/td>\n<td class=\"xl72\" style=\"text-align: center; border: 1px solid black;\" width=\"104\"><span style=\"color: rgb(51, 51, 51); font-family: sans-serif, Arial, Verdana, \">69-72<\/span><\/td>\n<td class=\"xl72\" style=\"text-align: center; border: 1px solid black;\" width=\"104\"><span style=\"color: rgb(51, 51, 51); font-family: sans-serif, Arial, Verdana, \">73-77<\/span><\/td>\n<td class=\"xl71\" style=\"text-align: center; border: 1px solid black;\" width=\"104\"><span style=\"color: rgb(51, 51, 51); font-family: sans-serif, Arial, Verdana, \">78-81<\/span><\/td>\n<td class=\"xl71\" style=\"text-align: center; border: 1px solid black;\" width=\"104\"><span style=\"color: rgb(51, 51, 51); font-family: sans-serif, Arial, Verdana, \">82-86<\/span><\/td>\n<td class=\"xl71\" style=\"text-align: center; border: 1px solid black;\" width=\"104\"><span style=\"color: rgb(51, 51, 51); font-family: sans-serif, Arial, Verdana, \">87-90<\/span><\/td>\n<td class=\"xl71\" style=\"text-align: center; border: 1px solid black;\" width=\"104\"><span style=\"color: rgb(51, 51, 51); font-family: sans-serif, Arial, Verdana, \">69-77\u00a0 \u00a0 78-86<\/span><\/td>\n<\/tr>\n<tr height=\"23\" style=\"border: 1px solid black;\">\n<td class=\"xl74\" colspan=\"2\" height=\"23\" style=\"text-align: center; border: 1px solid black;\" width=\"208\"><strong>Cintura (cm)<\/strong><\/td>\n<td class=\"xl72\" style=\"text-align: center; border: 1px solid black;\" width=\"104\">68-72<\/td>\n<td class=\"xl72\" style=\"text-align: center; border: 1px solid black;\" width=\"104\">73-77<\/td>\n<td class=\"xl71\" style=\"text-align: center; border: 1px solid black;\" width=\"104\">78-82<\/td>\n<td class=\"xl71\" style=\"text-align: center; border: 1px solid black;\" width=\"104\">83-87<\/td>\n<td class=\"xl71\" style=\"text-align: center; border: 1px solid black;\" width=\"104\">88-93<\/td>\n<td class=\"xl71\" style=\"text-align: center; border: 1px solid black;\" width=\"104\">68-77\u00a0 \u00a0 78-87<\/td>\n<\/tr>\n<tr height=\"23\" style=\"border: 1px solid black;\">\n<td class=\"xl74\" colspan=\"2\" height=\"23\" style=\"text-align: center; border: 1px solid black;\" width=\"208\"><strong>Quadril (cm)<\/strong><\/td>\n<td class=\"xl72\" style=\"text-align: center; border: 1px solid black;\" width=\"104\">90-94<\/td>\n<td class=\"xl72\" style=\"text-align: center; border: 1px solid black;\" width=\"104\">95-100<\/td>\n<td class=\"xl71\" style=\"text-align: center; border: 1px solid black;\" width=\"104\">101-105<\/td>\n<td class=\"xl71\" style=\"text-align: center; border: 1px solid black;\" width=\"104\">106-111<\/td>\n<td class=\"xl71\" style=\"text-align: center; border: 1px solid black;\" width=\"104\">112-116<\/td>\n<td class=\"xl71\" style=\"text-align: center; border: 1px solid black;\" width=\"104\">90-100  101-111<\/td>\n<\/tr>\n<\/tbody>\n<\/table>\n","protected":false},"excerpt":{"rendered":"<p>CHILIROSE &#8211; CR 4425 TRAJE ESCOLA PRETA S\/M<\/p>\n","protected":false},"featured_media":86971,"template":"","meta":{"_acf_changed":false},"product_brand":[],"product_cat":[69,47,66,15],"product_tag":[],"class_list":{"0":"post-47371","1":"product","2":"type-product","3":"status-publish","4":"has-post-thumbnail","6":"product_cat-jogos-eroticos","7":"product_cat-lingerie","8":"product_cat-lingerie-feminina","9":"product_cat-loja","10":"yith_product_brand-chilirose","11":"yith_product_brand-chilirosechilirose-costumes","13":"first","14":"instock","15":"taxable","16":"shipping-taxable","17":"purchasable","18":"product-type-variable","19":"has-default-attributes"},"acf":[],"yoast_head":"<!-- This site is optimized with the Yoast SEO plugin v27.3 - https:\/\/yoast.com\/product\/yoast-seo-wordpress\/ -->\n<title>CHILIROSE - CR 4425 DISFRAZ COLEGIALA NEGRO - Lovme<\/title>\n<meta name=\"robots\" content=\"index, follow, max-snippet:-1, max-image-preview:large, max-video-preview:-1\" \/>\n<link rel=\"canonical\" href=\"https:\/\/lovme.pt\/index.php\/produto\/chilirose-cr-4425-traje-escola-preta-s-m\/\" \/>\n<meta property=\"og:locale\" content=\"pt_PT\" \/>\n<meta property=\"og:type\" content=\"article\" \/>\n<meta property=\"og:title\" content=\"CHILIROSE - CR 4425 DISFRAZ COLEGIALA NEGRO - Lovme\" \/>\n<meta property=\"og:description\" content=\"CHILIROSE - CR 4425 TRAJE ESCOLA PRETA S\/M\" \/>\n<meta property=\"og:url\" content=\"https:\/\/lovme.pt\/index.php\/produto\/chilirose-cr-4425-traje-escola-preta-s-m\/\" \/>\n<meta property=\"og:site_name\" content=\"Lovme\" \/>\n<meta property=\"article:modified_time\" content=\"2026-02-19T20:23:22+00:00\" \/>\n<meta property=\"og:image\" content=\"https:\/\/erki24nd3ub.exactdn.com\/wp-content\/uploads\/dream\/img\/img_171534_e82c12b5962ab2c48ab10e68caec4173_1.jpg?strip=all\" \/>\n\t<meta property=\"og:image:width\" content=\"800\" \/>\n\t<meta property=\"og:image:height\" content=\"800\" \/>\n\t<meta property=\"og:image:type\" content=\"image\/jpeg\" \/>\n<meta name=\"twitter:card\" content=\"summary_large_image\" \/>\n<meta name=\"twitter:label1\" content=\"Tempo estimado de leitura\" \/>\n\t<meta name=\"twitter:data1\" content=\"2 minutos\" \/>\n<script type=\"application\/ld+json\" class=\"yoast-schema-graph\">{\"@context\":\"https:\\\/\\\/schema.org\",\"@graph\":[{\"@type\":\"WebPage\",\"@id\":\"https:\\\/\\\/lovme.pt\\\/index.php\\\/produto\\\/chilirose-cr-4425-traje-escola-preta-s-m\\\/\",\"url\":\"https:\\\/\\\/lovme.pt\\\/index.php\\\/produto\\\/chilirose-cr-4425-traje-escola-preta-s-m\\\/\",\"name\":\"CHILIROSE - CR 4425 DISFRAZ COLEGIALA NEGRO - Lovme\",\"isPartOf\":{\"@id\":\"https:\\\/\\\/lovme.pt\\\/#website\"},\"primaryImageOfPage\":{\"@id\":\"https:\\\/\\\/lovme.pt\\\/index.php\\\/produto\\\/chilirose-cr-4425-traje-escola-preta-s-m\\\/#primaryimage\"},\"image\":{\"@id\":\"https:\\\/\\\/lovme.pt\\\/index.php\\\/produto\\\/chilirose-cr-4425-traje-escola-preta-s-m\\\/#primaryimage\"},\"thumbnailUrl\":\"https:\\\/\\\/erki24nd3ub.exactdn.com\\\/wp-content\\\/uploads\\\/dream\\\/img\\\/img_171534_e82c12b5962ab2c48ab10e68caec4173_1.jpg?strip=all\",\"datePublished\":\"2025-10-01T00:21:28+00:00\",\"dateModified\":\"2026-02-19T20:23:22+00:00\",\"breadcrumb\":{\"@id\":\"https:\\\/\\\/lovme.pt\\\/index.php\\\/produto\\\/chilirose-cr-4425-traje-escola-preta-s-m\\\/#breadcrumb\"},\"inLanguage\":\"pt-PT\",\"potentialAction\":[{\"@type\":\"ReadAction\",\"target\":[\"https:\\\/\\\/lovme.pt\\\/index.php\\\/produto\\\/chilirose-cr-4425-traje-escola-preta-s-m\\\/\"]}]},{\"@type\":\"ImageObject\",\"inLanguage\":\"pt-PT\",\"@id\":\"https:\\\/\\\/lovme.pt\\\/index.php\\\/produto\\\/chilirose-cr-4425-traje-escola-preta-s-m\\\/#primaryimage\",\"url\":\"https:\\\/\\\/erki24nd3ub.exactdn.com\\\/wp-content\\\/uploads\\\/dream\\\/img\\\/img_171534_e82c12b5962ab2c48ab10e68caec4173_1.jpg?strip=all\",\"contentUrl\":\"https:\\\/\\\/erki24nd3ub.exactdn.com\\\/wp-content\\\/uploads\\\/dream\\\/img\\\/img_171534_e82c12b5962ab2c48ab10e68caec4173_1.jpg?strip=all\",\"width\":800,\"height\":800},{\"@type\":\"BreadcrumbList\",\"@id\":\"https:\\\/\\\/lovme.pt\\\/index.php\\\/produto\\\/chilirose-cr-4425-traje-escola-preta-s-m\\\/#breadcrumb\",\"itemListElement\":[{\"@type\":\"ListItem\",\"position\":1,\"name\":\"In\u00edcio\",\"item\":\"https:\\\/\\\/lovme.pt\\\/\"},{\"@type\":\"ListItem\",\"position\":2,\"name\":\"Loja\",\"item\":\"https:\\\/\\\/lovme.pt\\\/index.php\\\/loja\\\/\"},{\"@type\":\"ListItem\",\"position\":3,\"name\":\"CHILIROSE &#8211; CR 4425 DISFRAZ COLEGIALA NEGRO\"}]},{\"@type\":\"WebSite\",\"@id\":\"https:\\\/\\\/lovme.pt\\\/#website\",\"url\":\"https:\\\/\\\/lovme.pt\\\/\",\"name\":\"Lovme Loja Er\u00f3tica N\u00ba1 em Portugal\",\"description\":\"A melhor loja er\u00f3tica de Portugal.\",\"alternateName\":\"Loja Er\u00f3tica Lovme\",\"potentialAction\":[{\"@type\":\"SearchAction\",\"target\":{\"@type\":\"EntryPoint\",\"urlTemplate\":\"https:\\\/\\\/lovme.pt\\\/?s={search_term_string}\"},\"query-input\":{\"@type\":\"PropertyValueSpecification\",\"valueRequired\":true,\"valueName\":\"search_term_string\"}}],\"inLanguage\":\"pt-PT\"}]}<\/script>\n<!-- \/ Yoast SEO plugin. -->","yoast_head_json":{"title":"CHILIROSE - CR 4425 DISFRAZ COLEGIALA NEGRO - Lovme","robots":{"index":"index","follow":"follow","max-snippet":"max-snippet:-1","max-image-preview":"max-image-preview:large","max-video-preview":"max-video-preview:-1"},"canonical":"https:\/\/lovme.pt\/index.php\/produto\/chilirose-cr-4425-traje-escola-preta-s-m\/","og_locale":"pt_PT","og_type":"article","og_title":"CHILIROSE - CR 4425 DISFRAZ COLEGIALA NEGRO - Lovme","og_description":"CHILIROSE - CR 4425 TRAJE ESCOLA PRETA S\/M","og_url":"https:\/\/lovme.pt\/index.php\/produto\/chilirose-cr-4425-traje-escola-preta-s-m\/","og_site_name":"Lovme","article_modified_time":"2026-02-19T20:23:22+00:00","og_image":[{"width":800,"height":800,"url":"https:\/\/erki24nd3ub.exactdn.com\/wp-content\/uploads\/dream\/img\/img_171534_e82c12b5962ab2c48ab10e68caec4173_1.jpg?strip=all","type":"image\/jpeg"}],"twitter_card":"summary_large_image","twitter_misc":{"Tempo estimado de leitura":"2 minutos"},"schema":{"@context":"https:\/\/schema.org","@graph":[{"@type":"WebPage","@id":"https:\/\/lovme.pt\/index.php\/produto\/chilirose-cr-4425-traje-escola-preta-s-m\/","url":"https:\/\/lovme.pt\/index.php\/produto\/chilirose-cr-4425-traje-escola-preta-s-m\/","name":"CHILIROSE - CR 4425 DISFRAZ COLEGIALA NEGRO - Lovme","isPartOf":{"@id":"https:\/\/lovme.pt\/#website"},"primaryImageOfPage":{"@id":"https:\/\/lovme.pt\/index.php\/produto\/chilirose-cr-4425-traje-escola-preta-s-m\/#primaryimage"},"image":{"@id":"https:\/\/lovme.pt\/index.php\/produto\/chilirose-cr-4425-traje-escola-preta-s-m\/#primaryimage"},"thumbnailUrl":"https:\/\/erki24nd3ub.exactdn.com\/wp-content\/uploads\/dream\/img\/img_171534_e82c12b5962ab2c48ab10e68caec4173_1.jpg?strip=all","datePublished":"2025-10-01T00:21:28+00:00","dateModified":"2026-02-19T20:23:22+00:00","breadcrumb":{"@id":"https:\/\/lovme.pt\/index.php\/produto\/chilirose-cr-4425-traje-escola-preta-s-m\/#breadcrumb"},"inLanguage":"pt-PT","potentialAction":[{"@type":"ReadAction","target":["https:\/\/lovme.pt\/index.php\/produto\/chilirose-cr-4425-traje-escola-preta-s-m\/"]}]},{"@type":"ImageObject","inLanguage":"pt-PT","@id":"https:\/\/lovme.pt\/index.php\/produto\/chilirose-cr-4425-traje-escola-preta-s-m\/#primaryimage","url":"https:\/\/erki24nd3ub.exactdn.com\/wp-content\/uploads\/dream\/img\/img_171534_e82c12b5962ab2c48ab10e68caec4173_1.jpg?strip=all","contentUrl":"https:\/\/erki24nd3ub.exactdn.com\/wp-content\/uploads\/dream\/img\/img_171534_e82c12b5962ab2c48ab10e68caec4173_1.jpg?strip=all","width":800,"height":800},{"@type":"BreadcrumbList","@id":"https:\/\/lovme.pt\/index.php\/produto\/chilirose-cr-4425-traje-escola-preta-s-m\/#breadcrumb","itemListElement":[{"@type":"ListItem","position":1,"name":"In\u00edcio","item":"https:\/\/lovme.pt\/"},{"@type":"ListItem","position":2,"name":"Loja","item":"https:\/\/lovme.pt\/index.php\/loja\/"},{"@type":"ListItem","position":3,"name":"CHILIROSE &#8211; CR 4425 DISFRAZ COLEGIALA NEGRO"}]},{"@type":"WebSite","@id":"https:\/\/lovme.pt\/#website","url":"https:\/\/lovme.pt\/","name":"Lovme Loja Er\u00f3tica N\u00ba1 em Portugal","description":"A melhor loja er\u00f3tica de Portugal.","alternateName":"Loja Er\u00f3tica Lovme","potentialAction":[{"@type":"SearchAction","target":{"@type":"EntryPoint","urlTemplate":"https:\/\/lovme.pt\/?s={search_term_string}"},"query-input":{"@type":"PropertyValueSpecification","valueRequired":true,"valueName":"search_term_string"}}],"inLanguage":"pt-PT"}]}},"_links":{"self":[{"href":"https:\/\/lovme.pt\/index.php\/wp-json\/wp\/v2\/product\/47371","targetHints":{"allow":["GET"]}}],"collection":[{"href":"https:\/\/lovme.pt\/index.php\/wp-json\/wp\/v2\/product"}],"about":[{"href":"https:\/\/lovme.pt\/index.php\/wp-json\/wp\/v2\/types\/product"}],"wp:featuredmedia":[{"embeddable":true,"href":"https:\/\/lovme.pt\/index.php\/wp-json\/wp\/v2\/media\/86971"}],"wp:attachment":[{"href":"https:\/\/lovme.pt\/index.php\/wp-json\/wp\/v2\/media?parent=47371"}],"wp:term":[{"taxonomy":"product_brand","embeddable":true,"href":"https:\/\/lovme.pt\/index.php\/wp-json\/wp\/v2\/product_brand?post=47371"},{"taxonomy":"product_cat","embeddable":true,"href":"https:\/\/lovme.pt\/index.php\/wp-json\/wp\/v2\/product_cat?post=47371"},{"taxonomy":"product_tag","embeddable":true,"href":"https:\/\/lovme.pt\/index.php\/wp-json\/wp\/v2\/product_tag?post=47371"}],"curies":[{"name":"wp","href":"https:\/\/api.w.org\/{rel}","templated":true}]}}