{"id":47309,"date":"2025-09-30T20:48:03","date_gmt":"2025-09-30T20:48:03","guid":{"rendered":"https:\/\/lovme.pt\/?post_type=product&p=47309"},"modified":"2026-02-19T20:08:58","modified_gmt":"2026-02-19T20:08:58","slug":"pretty-love-ovo-vibrante-recarregvel-impermevel-julius-roxo-2","status":"publish","type":"product","link":"https:\/\/lovme.pt\/index.php\/produto\/pretty-love-ovo-vibrante-recarregvel-impermevel-julius-roxo-2\/","title":{"rendered":"PRETTY LOVE &#8211; OVO VIBRANTE RECARREGVEL IMPERMEVEL JULIUS ROXO"},"content":{"rendered":"<p>Desfrute do prazer em qualquer lugar com este pequeno ovo vibrat\u00f3rio incrivelmente discreto.<\/p>\n<p>Esta bala de ovo \u00e9 lisa e arredondada com uma ponta c\u00f4nica para uma estimula\u00e7\u00e3o perfeita e precisa e \u00e9 ideal para preliminares e estimula\u00e7\u00e3o diurna.<\/p>\n<p>Leve sua vida amorosa para o pr\u00f3ximo n\u00edvel e entregue o controle ao seu parceiro e coloque essa beleza er\u00f3tica em sua roupa \u00edntima, para que voc\u00ea possa receber um prazer espont\u00e2neo incr\u00edvel nas m\u00e3os de seu parceiro, independentemente de sua localiza\u00e7\u00e3o. 12 fun\u00e7\u00f5es de vibra\u00e7\u00e3o diferentes e fun\u00e7\u00e3o comemorativa. \u00c9 algo que voc\u00ea definitivamente n\u00e3o quer perder.<\/p>\n<p><u><strong>Caracter\u00edsticas<\/strong><\/u><\/p>\n<ul>\n<li>Fun\u00e7\u00e3o: 12 fun\u00e7\u00f5es de vibra\u00e7\u00e3o<\/li>\n<li>Alimenta\u00e7\u00e3o: USB recarreg\u00e1vel<\/li>\n<li>Material: silicone ABS<\/li>\n<li>Cor roxa<\/li>\n<\/ul>\n<p>A Pretty Love fabrica produtos de alta qualidade. T\u00eam garantia de 1 ano para defeitos t\u00e9cnicos.<\/p>\n","protected":false},"excerpt":{"rendered":"<p>PRETTY LOVE &#8211; OVO VIBRANTE RECARREGVEL IMPERMEVEL JULIUS ROXO<\/p>\n","protected":false},"featured_media":72852,"template":"","meta":{"_acf_changed":false},"product_brand":[],"product_cat":[17,115,61,76],"product_tag":[],"class_list":{"0":"post-47309","1":"product","2":"type-product","3":"status-publish","4":"has-post-thumbnail","6":"product_cat-brinquedos-de-bem-estar-sexual","7":"product_cat-ofertas","8":"product_cat-para-elas","9":"product_cat-vibradores","10":"yith_product_brand-pretty-love","11":"yith_product_brand-pretty-lovepretty-love-smart","13":"first","14":"instock","15":"taxable","16":"shipping-taxable","17":"purchasable","18":"product-type-simple"},"acf":[],"yoast_head":"<!-- This site is optimized with the Yoast SEO plugin v27.4 - https:\/\/yoast.com\/product\/yoast-seo-wordpress\/ -->\n<title>PRETTY LOVE - OVO VIBRANTE RECARREGVEL IMPERMEVEL JULIUS ROXO - Lovme<\/title>\n<meta name=\"robots\" content=\"index, follow, max-snippet:-1, max-image-preview:large, max-video-preview:-1\" \/>\n<link rel=\"canonical\" href=\"https:\/\/lovme.pt\/index.php\/produto\/pretty-love-ovo-vibrante-recarregvel-impermevel-julius-roxo-2\/\" \/>\n<meta property=\"og:locale\" content=\"pt_PT\" \/>\n<meta property=\"og:type\" content=\"article\" \/>\n<meta property=\"og:title\" content=\"PRETTY LOVE - OVO VIBRANTE RECARREGVEL IMPERMEVEL JULIUS ROXO - Lovme\" \/>\n<meta property=\"og:description\" content=\"PRETTY LOVE - OVO VIBRANTE RECARREGVEL IMPERMEVEL JULIUS ROXO\" \/>\n<meta property=\"og:url\" content=\"https:\/\/lovme.pt\/index.php\/produto\/pretty-love-ovo-vibrante-recarregvel-impermevel-julius-roxo-2\/\" \/>\n<meta property=\"og:site_name\" content=\"Lovme\" \/>\n<meta property=\"article:modified_time\" content=\"2026-02-19T20:08:58+00:00\" \/>\n<meta property=\"og:image\" content=\"https:\/\/erki24nd3ub.exactdn.com\/wp-content\/uploads\/dream\/img\/img_169924_3dfb70276cd2e498efbc10d3c59876d7_1.jpg?strip=all\" \/>\n\t<meta property=\"og:image:width\" content=\"800\" \/>\n\t<meta property=\"og:image:height\" content=\"800\" \/>\n\t<meta property=\"og:image:type\" content=\"image\/jpeg\" \/>\n<meta name=\"twitter:card\" content=\"summary_large_image\" \/>\n<meta name=\"twitter:label1\" content=\"Tempo estimado de leitura\" \/>\n\t<meta name=\"twitter:data1\" content=\"1 minuto\" \/>\n<script type=\"application\/ld+json\" class=\"yoast-schema-graph\">{\"@context\":\"https:\\\/\\\/schema.org\",\"@graph\":[{\"@type\":\"WebPage\",\"@id\":\"https:\\\/\\\/lovme.pt\\\/index.php\\\/produto\\\/pretty-love-ovo-vibrante-recarregvel-impermevel-julius-roxo-2\\\/\",\"url\":\"https:\\\/\\\/lovme.pt\\\/index.php\\\/produto\\\/pretty-love-ovo-vibrante-recarregvel-impermevel-julius-roxo-2\\\/\",\"name\":\"PRETTY LOVE - OVO VIBRANTE RECARREGVEL IMPERMEVEL JULIUS ROXO - Lovme\",\"isPartOf\":{\"@id\":\"https:\\\/\\\/lovme.pt\\\/#website\"},\"primaryImageOfPage\":{\"@id\":\"https:\\\/\\\/lovme.pt\\\/index.php\\\/produto\\\/pretty-love-ovo-vibrante-recarregvel-impermevel-julius-roxo-2\\\/#primaryimage\"},\"image\":{\"@id\":\"https:\\\/\\\/lovme.pt\\\/index.php\\\/produto\\\/pretty-love-ovo-vibrante-recarregvel-impermevel-julius-roxo-2\\\/#primaryimage\"},\"thumbnailUrl\":\"https:\\\/\\\/erki24nd3ub.exactdn.com\\\/wp-content\\\/uploads\\\/dream\\\/img\\\/img_169924_3dfb70276cd2e498efbc10d3c59876d7_1.jpg?strip=all\",\"datePublished\":\"2025-09-30T20:48:03+00:00\",\"dateModified\":\"2026-02-19T20:08:58+00:00\",\"breadcrumb\":{\"@id\":\"https:\\\/\\\/lovme.pt\\\/index.php\\\/produto\\\/pretty-love-ovo-vibrante-recarregvel-impermevel-julius-roxo-2\\\/#breadcrumb\"},\"inLanguage\":\"pt-PT\",\"potentialAction\":[{\"@type\":\"ReadAction\",\"target\":[\"https:\\\/\\\/lovme.pt\\\/index.php\\\/produto\\\/pretty-love-ovo-vibrante-recarregvel-impermevel-julius-roxo-2\\\/\"]}]},{\"@type\":\"ImageObject\",\"inLanguage\":\"pt-PT\",\"@id\":\"https:\\\/\\\/lovme.pt\\\/index.php\\\/produto\\\/pretty-love-ovo-vibrante-recarregvel-impermevel-julius-roxo-2\\\/#primaryimage\",\"url\":\"https:\\\/\\\/erki24nd3ub.exactdn.com\\\/wp-content\\\/uploads\\\/dream\\\/img\\\/img_169924_3dfb70276cd2e498efbc10d3c59876d7_1.jpg?strip=all\",\"contentUrl\":\"https:\\\/\\\/erki24nd3ub.exactdn.com\\\/wp-content\\\/uploads\\\/dream\\\/img\\\/img_169924_3dfb70276cd2e498efbc10d3c59876d7_1.jpg?strip=all\",\"width\":800,\"height\":800},{\"@type\":\"BreadcrumbList\",\"@id\":\"https:\\\/\\\/lovme.pt\\\/index.php\\\/produto\\\/pretty-love-ovo-vibrante-recarregvel-impermevel-julius-roxo-2\\\/#breadcrumb\",\"itemListElement\":[{\"@type\":\"ListItem\",\"position\":1,\"name\":\"In\u00edcio\",\"item\":\"https:\\\/\\\/lovme.pt\\\/\"},{\"@type\":\"ListItem\",\"position\":2,\"name\":\"Loja\",\"item\":\"https:\\\/\\\/lovme.pt\\\/index.php\\\/loja\\\/\"},{\"@type\":\"ListItem\",\"position\":3,\"name\":\"PRETTY LOVE &#8211; OVO VIBRANTE RECARREGVEL IMPERMEVEL JULIUS ROXO\"}]},{\"@type\":\"WebSite\",\"@id\":\"https:\\\/\\\/lovme.pt\\\/#website\",\"url\":\"https:\\\/\\\/lovme.pt\\\/\",\"name\":\"Lovme Loja Er\u00f3tica N\u00ba1 em Portugal\",\"description\":\"A melhor loja er\u00f3tica de Portugal.\",\"alternateName\":\"Loja Er\u00f3tica Lovme\",\"potentialAction\":[{\"@type\":\"SearchAction\",\"target\":{\"@type\":\"EntryPoint\",\"urlTemplate\":\"https:\\\/\\\/lovme.pt\\\/?s={search_term_string}\"},\"query-input\":{\"@type\":\"PropertyValueSpecification\",\"valueRequired\":true,\"valueName\":\"search_term_string\"}}],\"inLanguage\":\"pt-PT\"}]}<\/script>\n<!-- \/ Yoast SEO plugin. -->","yoast_head_json":{"title":"PRETTY LOVE - OVO VIBRANTE RECARREGVEL IMPERMEVEL JULIUS ROXO - Lovme","robots":{"index":"index","follow":"follow","max-snippet":"max-snippet:-1","max-image-preview":"max-image-preview:large","max-video-preview":"max-video-preview:-1"},"canonical":"https:\/\/lovme.pt\/index.php\/produto\/pretty-love-ovo-vibrante-recarregvel-impermevel-julius-roxo-2\/","og_locale":"pt_PT","og_type":"article","og_title":"PRETTY LOVE - OVO VIBRANTE RECARREGVEL IMPERMEVEL JULIUS ROXO - Lovme","og_description":"PRETTY LOVE - OVO VIBRANTE RECARREGVEL IMPERMEVEL JULIUS ROXO","og_url":"https:\/\/lovme.pt\/index.php\/produto\/pretty-love-ovo-vibrante-recarregvel-impermevel-julius-roxo-2\/","og_site_name":"Lovme","article_modified_time":"2026-02-19T20:08:58+00:00","og_image":[{"width":800,"height":800,"url":"https:\/\/erki24nd3ub.exactdn.com\/wp-content\/uploads\/dream\/img\/img_169924_3dfb70276cd2e498efbc10d3c59876d7_1.jpg?strip=all","type":"image\/jpeg"}],"twitter_card":"summary_large_image","twitter_misc":{"Tempo estimado de leitura":"1 minuto"},"schema":{"@context":"https:\/\/schema.org","@graph":[{"@type":"WebPage","@id":"https:\/\/lovme.pt\/index.php\/produto\/pretty-love-ovo-vibrante-recarregvel-impermevel-julius-roxo-2\/","url":"https:\/\/lovme.pt\/index.php\/produto\/pretty-love-ovo-vibrante-recarregvel-impermevel-julius-roxo-2\/","name":"PRETTY LOVE - OVO VIBRANTE RECARREGVEL IMPERMEVEL JULIUS ROXO - Lovme","isPartOf":{"@id":"https:\/\/lovme.pt\/#website"},"primaryImageOfPage":{"@id":"https:\/\/lovme.pt\/index.php\/produto\/pretty-love-ovo-vibrante-recarregvel-impermevel-julius-roxo-2\/#primaryimage"},"image":{"@id":"https:\/\/lovme.pt\/index.php\/produto\/pretty-love-ovo-vibrante-recarregvel-impermevel-julius-roxo-2\/#primaryimage"},"thumbnailUrl":"https:\/\/erki24nd3ub.exactdn.com\/wp-content\/uploads\/dream\/img\/img_169924_3dfb70276cd2e498efbc10d3c59876d7_1.jpg?strip=all","datePublished":"2025-09-30T20:48:03+00:00","dateModified":"2026-02-19T20:08:58+00:00","breadcrumb":{"@id":"https:\/\/lovme.pt\/index.php\/produto\/pretty-love-ovo-vibrante-recarregvel-impermevel-julius-roxo-2\/#breadcrumb"},"inLanguage":"pt-PT","potentialAction":[{"@type":"ReadAction","target":["https:\/\/lovme.pt\/index.php\/produto\/pretty-love-ovo-vibrante-recarregvel-impermevel-julius-roxo-2\/"]}]},{"@type":"ImageObject","inLanguage":"pt-PT","@id":"https:\/\/lovme.pt\/index.php\/produto\/pretty-love-ovo-vibrante-recarregvel-impermevel-julius-roxo-2\/#primaryimage","url":"https:\/\/erki24nd3ub.exactdn.com\/wp-content\/uploads\/dream\/img\/img_169924_3dfb70276cd2e498efbc10d3c59876d7_1.jpg?strip=all","contentUrl":"https:\/\/erki24nd3ub.exactdn.com\/wp-content\/uploads\/dream\/img\/img_169924_3dfb70276cd2e498efbc10d3c59876d7_1.jpg?strip=all","width":800,"height":800},{"@type":"BreadcrumbList","@id":"https:\/\/lovme.pt\/index.php\/produto\/pretty-love-ovo-vibrante-recarregvel-impermevel-julius-roxo-2\/#breadcrumb","itemListElement":[{"@type":"ListItem","position":1,"name":"In\u00edcio","item":"https:\/\/lovme.pt\/"},{"@type":"ListItem","position":2,"name":"Loja","item":"https:\/\/lovme.pt\/index.php\/loja\/"},{"@type":"ListItem","position":3,"name":"PRETTY LOVE &#8211; OVO VIBRANTE RECARREGVEL IMPERMEVEL JULIUS ROXO"}]},{"@type":"WebSite","@id":"https:\/\/lovme.pt\/#website","url":"https:\/\/lovme.pt\/","name":"Lovme Loja Er\u00f3tica N\u00ba1 em Portugal","description":"A melhor loja er\u00f3tica de Portugal.","alternateName":"Loja Er\u00f3tica Lovme","potentialAction":[{"@type":"SearchAction","target":{"@type":"EntryPoint","urlTemplate":"https:\/\/lovme.pt\/?s={search_term_string}"},"query-input":{"@type":"PropertyValueSpecification","valueRequired":true,"valueName":"search_term_string"}}],"inLanguage":"pt-PT"}]}},"_links":{"self":[{"href":"https:\/\/lovme.pt\/index.php\/wp-json\/wp\/v2\/product\/47309","targetHints":{"allow":["GET"]}}],"collection":[{"href":"https:\/\/lovme.pt\/index.php\/wp-json\/wp\/v2\/product"}],"about":[{"href":"https:\/\/lovme.pt\/index.php\/wp-json\/wp\/v2\/types\/product"}],"wp:featuredmedia":[{"embeddable":true,"href":"https:\/\/lovme.pt\/index.php\/wp-json\/wp\/v2\/media\/72852"}],"wp:attachment":[{"href":"https:\/\/lovme.pt\/index.php\/wp-json\/wp\/v2\/media?parent=47309"}],"wp:term":[{"taxonomy":"product_brand","embeddable":true,"href":"https:\/\/lovme.pt\/index.php\/wp-json\/wp\/v2\/product_brand?post=47309"},{"taxonomy":"product_cat","embeddable":true,"href":"https:\/\/lovme.pt\/index.php\/wp-json\/wp\/v2\/product_cat?post=47309"},{"taxonomy":"product_tag","embeddable":true,"href":"https:\/\/lovme.pt\/index.php\/wp-json\/wp\/v2\/product_tag?post=47309"}],"curies":[{"name":"wp","href":"https:\/\/api.w.org\/{rel}","templated":true}]}}